{"id":1154,"date":"2022-04-15T13:54:21","date_gmt":"2022-04-15T05:54:21","guid":{"rendered":"https:\/\/www.tosunlux.eu\/?post_type=product&#038;p=1154"},"modified":"2022-04-19T13:34:57","modified_gmt":"2022-04-19T05:34:57","slug":"dual-function-time-relay-trt8-ec","status":"publish","type":"product","link":"https:\/\/www.tosunlux.eu\/fr\/products\/dual-function-time-relay-trt8-ec\/","title":{"rendered":"Relais temporis\u00e9 \u00e0 double fonction TRT8-EC"},"content":{"rendered":"<pre class=\"wp-block-verse\"><strong>Applications<\/strong>\n\nLe relais temporis\u00e9 \u00e0 double fonction peut \u00eatre utilis\u00e9 pour les \u00e9quipements industriels, le contr\u00f4le de l&#039;\u00e9clairage, le contr\u00f4le des \u00e9l\u00e9ments chauffants, le contr\u00f4le du moteur et du ventilateur, avec deux modes de retard, et la plage de retard couvre 0,1 seconde \u00e0 10 jours.\n\n<\/pre>\n\n\n\n<pre class=\"wp-block-verse\"><strong>Fonctionnalit\u00e9<\/strong>\n\nDeux modes de retard peuvent \u00eatre d\u00e9finis. Prend en charge AC230V, AC\/DC24V deux types de tension de fonctionnement. Plage de retard ultra large, 0,1 seconde \u00e0 10 jours peut \u00eatre r\u00e9gl\u00e9e. L&#039;\u00e9tat de fonctionnement du relais est indiqu\u00e9 par l&#039;indicateur LED. Ultra petite taille, seulement 18 mm de largeur, installation sur rail de 35 mm.\n\n<strong>Param\u00e8tres techniques<\/strong>\n\n<\/pre>\n\n\n\n<figure class=\"wp-block-table\"><table><tbody><tr><td>Mod\u00e8le<\/td><td>TRT8-CE<\/td><\/tr><tr><td>Fonction<\/td><td>D\u00e9lai de marche, d\u00e9lai d&#039;arr\u00eat<\/td><\/tr><tr><td>Bornes d&#039;alimentation<\/td><td>A1-A2(AC230V),A1-A3(AC\/DC24V)<\/td><\/tr><tr><td>Plage de tension<\/td><td>CA 230V(50-60Hz),CA\/DC24V<\/td><\/tr><tr><td>Entr\u00e9e de puissance<\/td><td>AC max.6VA\/1.3W<\/td><\/tr><tr><td>Tol\u00e9rance de tension d&#039;alimentation<\/td><td>-15%;+10%<\/td><\/tr><tr><td>Indicateur d&#039;alimentation<\/td><td>DEL verte<\/td><\/tr><tr><td>Plages horaires<\/td><td>0.1s-10day<\/td><\/tr><tr><td>R\u00e9glage de l&#039;heure<\/td><td>potentiom\u00e8tre<\/td><\/tr><tr><td>\u00c9cart de temps<\/td><td>\u226410%<\/td><\/tr><tr><td>Pr\u00e9cision de r\u00e9p\u00e9tition<\/td><td>Stabilit\u00e9 de la valeur de consigne 0.2%<\/td><\/tr><tr><td>Co\u00e9fficent de temp\u00e9rature<\/td><td>0.05%\/C, \u00e0=20\u2103(0.05%\u00b0F, \u00e0=68\u00b0F)<\/td><\/tr><tr><td>Sortir<\/td><td>1xSPDT<\/td><\/tr><tr><td>Note actuelle<\/td><td>1x10A(AC1)<\/td><\/tr><tr><td>Tension de commutation<\/td><td>250 VCA\/24 VCC<\/td><\/tr><tr><td>Pouvoir de coupure mini DC<\/td><td>500mW<\/td><\/tr><tr><td>Indicateur de sortie<\/td><td>DEL rouge<\/td><\/tr><tr><td>Dur\u00e9e de vie m\u00e9canique<\/td><td>1\u00d710000000<\/td><\/tr><tr><td>Dur\u00e9e de vie \u00e9lectrique (AC1)<\/td><td>1\u00d7100000<\/td><\/tr><tr><td>Heure de remise \u00e0 z\u00e9ro<\/td><td>max.200ms<\/td><\/tr><tr><td>Temp\u00e9rature de fonctionnement<\/td><td>&nbsp;-20\u2103 \u00e0 +55\u2103(-4\u2109 \u00e0 131\u2109)<\/td><\/tr><tr><td>Temp\u00e9rature de stockage<\/td><td>&nbsp;-35\u00b0\u2103 \u00e0 +75\u00b0C(-22\u2109 \u00e0 158\u2109)<\/td><\/tr><\/tbody><\/table><\/figure>\n\n\n\n<p><\/p>\n\n\n<p><strong>Dimension<\/strong><\/p>\n\n\n<figure class=\"wp-block-image size-large is-resized\"><img fetchpriority=\"high\" decoding=\"async\" src=\"https:\/\/www.tosunlux.eu\/wp-content\/uploads\/2022\/04\/DIMENSION-S2-2-1024x513.jpg\" alt=\"\" class=\"wp-image-1158\" width=\"554\" height=\"276\" srcset=\"https:\/\/www.tosunlux.eu\/wp-content\/uploads\/2022\/04\/DIMENSION-S2-2-300x150.jpg 300w, https:\/\/www.tosunlux.eu\/wp-content\/uploads\/2022\/04\/DIMENSION-S2-2-1536x769.jpg 1536w\" sizes=\"(max-width: 554px) 100vw, 554px\" \/><\/figure>\n\n\n\n<p><\/p>","protected":false},"parent":0,"template":"","product_category":[35,92],"class_list":["post-1154","product","type-product","status-publish","hentry","product_category-industrial-control-devices","product_category-timer-relay"],"yoast_head":"<!-- This site is optimized with the Yoast SEO plugin v27.5 - https:\/\/yoast.com\/product\/yoast-seo-wordpress\/ -->\n<title>WholesaleDual Function Time Relay TRT8-EC - TOSUNlux Official Site - Electrical Circuit Breaker Manufacturer in China Low Voltage Electrical Supplier | TOSUNlux<\/title>\n<meta name=\"description\" content=\"Dual Function Time Relay TRT8-EC Supplier - Wholesale direct from TOSUNlux, a trusted manufacturer since 1994. Get your B2B factory quote on our certified Low Voltage electrical products.\" \/>\n<meta name=\"robots\" content=\"index, follow, max-snippet:-1, max-image-preview:large, max-video-preview:-1\" \/>\n<link rel=\"canonical\" href=\"https:\/\/www.tosunlux.eu\/fr\/products\/dual-function-time-relay-trt8-ec\/\" \/>\n<meta property=\"og:locale\" content=\"fr_FR\" \/>\n<meta property=\"og:type\" content=\"article\" \/>\n<meta property=\"og:title\" content=\"WholesaleDual Function Time Relay TRT8-EC - TOSUNlux Official Site - Electrical Circuit Breaker Manufacturer in China Low Voltage Electrical Supplier | TOSUNlux\" \/>\n<meta property=\"og:description\" content=\"Dual Function Time Relay TRT8-EC Supplier - Wholesale direct from TOSUNlux, a trusted manufacturer since 1994. Get your B2B factory quote on our certified Low Voltage electrical products.\" \/>\n<meta property=\"og:url\" content=\"https:\/\/www.tosunlux.eu\/fr\/products\/dual-function-time-relay-trt8-ec\/\" \/>\n<meta property=\"og:site_name\" content=\"TOSUNlux Official Site - Electrical Circuit Breaker Manufacturer in China\" \/>\n<meta property=\"article:publisher\" content=\"https:\/\/www.facebook.com\/TOSUNelectric\/\" \/>\n<meta property=\"article:modified_time\" content=\"2022-04-19T05:34:57+00:00\" \/>\n<meta property=\"og:image\" content=\"https:\/\/www.tosunlux.eu\/wp-content\/uploads\/2022\/04\/DIMENSION-S2-2-1024x513.jpg\" \/>\n<meta name=\"twitter:card\" content=\"summary_large_image\" \/>\n<meta name=\"twitter:label1\" content=\"Dur\u00e9e de lecture estim\u00e9e\" \/>\n\t<meta name=\"twitter:data1\" content=\"1 minute\" \/>\n<script type=\"application\/ld+json\" class=\"yoast-schema-graph\">{\"@context\":\"https:\\\/\\\/schema.org\",\"@graph\":[{\"@type\":\"WebPage\",\"@id\":\"https:\\\/\\\/www.tosunlux.eu\\\/ar\\\/products\\\/dual-function-time-relay-trt8-ec\\\/\",\"url\":\"https:\\\/\\\/www.tosunlux.eu\\\/ar\\\/products\\\/dual-function-time-relay-trt8-ec\\\/\",\"name\":\"WholesaleDual Function Time Relay TRT8-EC - TOSUNlux Official Site - Electrical Circuit Breaker Manufacturer in China Low Voltage Electrical Supplier | TOSUNlux\",\"isPartOf\":{\"@id\":\"https:\\\/\\\/www.tosunlux.eu\\\/ru\\\/#website\"},\"primaryImageOfPage\":{\"@id\":\"https:\\\/\\\/www.tosunlux.eu\\\/ar\\\/products\\\/dual-function-time-relay-trt8-ec\\\/#primaryimage\"},\"image\":{\"@id\":\"https:\\\/\\\/www.tosunlux.eu\\\/ar\\\/products\\\/dual-function-time-relay-trt8-ec\\\/#primaryimage\"},\"thumbnailUrl\":\"https:\\\/\\\/www.tosunlux.eu\\\/wp-content\\\/uploads\\\/2022\\\/04\\\/DIMENSION-S2-2-1024x513.jpg\",\"datePublished\":\"2022-04-15T05:54:21+00:00\",\"dateModified\":\"2022-04-19T05:34:57+00:00\",\"description\":\"Dual Function Time Relay TRT8-EC Supplier - Wholesale direct from TOSUNlux, a trusted manufacturer since 1994. Get your B2B factory quote on our certified Low Voltage electrical products.\",\"breadcrumb\":{\"@id\":\"https:\\\/\\\/www.tosunlux.eu\\\/ar\\\/products\\\/dual-function-time-relay-trt8-ec\\\/#breadcrumb\"},\"inLanguage\":\"fr-FR\",\"potentialAction\":[{\"@type\":\"ReadAction\",\"target\":[\"https:\\\/\\\/www.tosunlux.eu\\\/ar\\\/products\\\/dual-function-time-relay-trt8-ec\\\/\"]}]},{\"@type\":\"ImageObject\",\"inLanguage\":\"fr-FR\",\"@id\":\"https:\\\/\\\/www.tosunlux.eu\\\/ar\\\/products\\\/dual-function-time-relay-trt8-ec\\\/#primaryimage\",\"url\":\"https:\\\/\\\/www.tosunlux.eu\\\/wp-content\\\/uploads\\\/2022\\\/04\\\/DIMENSION-S2-2-1024x513.jpg\",\"contentUrl\":\"https:\\\/\\\/www.tosunlux.eu\\\/wp-content\\\/uploads\\\/2022\\\/04\\\/DIMENSION-S2-2-1024x513.jpg\"},{\"@type\":\"BreadcrumbList\",\"@id\":\"https:\\\/\\\/www.tosunlux.eu\\\/ar\\\/products\\\/dual-function-time-relay-trt8-ec\\\/#breadcrumb\",\"itemListElement\":[{\"@type\":\"ListItem\",\"position\":1,\"name\":\"Home\",\"item\":\"https:\\\/\\\/www.tosunlux.eu\\\/ru\\\/\"},{\"@type\":\"ListItem\",\"position\":2,\"name\":\"Products\",\"item\":\"https:\\\/\\\/www.tosunlux.eu\\\/products\\\/\"},{\"@type\":\"ListItem\",\"position\":3,\"name\":\"Dual Function Time Relay TRT8-EC\"}]},{\"@type\":\"WebSite\",\"@id\":\"https:\\\/\\\/www.tosunlux.eu\\\/ru\\\/#website\",\"url\":\"https:\\\/\\\/www.tosunlux.eu\\\/ru\\\/\",\"name\":\"TOSUNlux Official Site - Electrical Circuit Breaker Manufacturer in China\",\"description\":\"Power Distribution System Supplier\",\"publisher\":{\"@id\":\"https:\\\/\\\/www.tosunlux.eu\\\/ru\\\/#organization\"},\"alternateName\":\"TOSUNlux\",\"potentialAction\":[{\"@type\":\"SearchAction\",\"target\":{\"@type\":\"EntryPoint\",\"urlTemplate\":\"https:\\\/\\\/www.tosunlux.eu\\\/ru\\\/?s={search_term_string}\"},\"query-input\":{\"@type\":\"PropertyValueSpecification\",\"valueRequired\":true,\"valueName\":\"search_term_string\"}}],\"inLanguage\":\"fr-FR\"},{\"@type\":\"Organization\",\"@id\":\"https:\\\/\\\/www.tosunlux.eu\\\/ru\\\/#organization\",\"name\":\"TOSUNlux\",\"url\":\"https:\\\/\\\/www.tosunlux.eu\\\/ru\\\/\",\"logo\":{\"@type\":\"ImageObject\",\"inLanguage\":\"fr-FR\",\"@id\":\"https:\\\/\\\/www.tosunlux.eu\\\/ru\\\/#\\\/schema\\\/logo\\\/image\\\/\",\"url\":\"https:\\\/\\\/www.tosunlux.eu\\\/wp-content\\\/uploads\\\/2022\\\/01\\\/LOGOSYSM.71762f1.png\",\"contentUrl\":\"https:\\\/\\\/www.tosunlux.eu\\\/wp-content\\\/uploads\\\/2022\\\/01\\\/LOGOSYSM.71762f1.png\",\"width\":153,\"height\":55,\"caption\":\"TOSUNlux\"},\"image\":{\"@id\":\"https:\\\/\\\/www.tosunlux.eu\\\/ru\\\/#\\\/schema\\\/logo\\\/image\\\/\"},\"sameAs\":[\"https:\\\/\\\/www.facebook.com\\\/TOSUNelectric\\\/\",\"https:\\\/\\\/www.linkedin.com\\\/company\\\/wenzhou-tosun-electric-co.-ltd\\\/\"]}]}<\/script>\n<!-- \/ Yoast SEO plugin. -->","yoast_head_json":{"title":"Relais temporis\u00e9 double fonction TRT8-EC en gros - Site officiel TOSUNlux - Fabricant de disjoncteurs \u00e9lectriques en Chine Fournisseur d&#039;\u00e9quipements \u00e9lectriques basse tension | TOSUNlux","description":"Fournisseur de relais temporis\u00e9s \u00e0 double fonction TRT8-EC - Vente en gros directement aupr\u00e8s de TOSUNlux, un fabricant de confiance depuis 1994. Obtenez votre devis d&#039;usine B2B sur nos produits \u00e9lectriques basse tension certifi\u00e9s.","robots":{"index":"index","follow":"follow","max-snippet":"max-snippet:-1","max-image-preview":"max-image-preview:large","max-video-preview":"max-video-preview:-1"},"canonical":"https:\/\/www.tosunlux.eu\/fr\/products\/dual-function-time-relay-trt8-ec\/","og_locale":"fr_FR","og_type":"article","og_title":"WholesaleDual Function Time Relay TRT8-EC - TOSUNlux Official Site - Electrical Circuit Breaker Manufacturer in China Low Voltage Electrical Supplier | TOSUNlux","og_description":"Dual Function Time Relay TRT8-EC Supplier - Wholesale direct from TOSUNlux, a trusted manufacturer since 1994. Get your B2B factory quote on our certified Low Voltage electrical products.","og_url":"https:\/\/www.tosunlux.eu\/fr\/products\/dual-function-time-relay-trt8-ec\/","og_site_name":"TOSUNlux Official Site - Electrical Circuit Breaker Manufacturer in China","article_publisher":"https:\/\/www.facebook.com\/TOSUNelectric\/","article_modified_time":"2022-04-19T05:34:57+00:00","og_image":[{"url":"https:\/\/www.tosunlux.eu\/wp-content\/uploads\/2022\/04\/DIMENSION-S2-2-1024x513.jpg","type":"","width":"","height":""}],"twitter_card":"summary_large_image","twitter_misc":{"Dur\u00e9e de lecture estim\u00e9e":"1 minute"},"schema":{"@context":"https:\/\/schema.org","@graph":[{"@type":"WebPage","@id":"https:\/\/www.tosunlux.eu\/ar\/products\/dual-function-time-relay-trt8-ec\/","url":"https:\/\/www.tosunlux.eu\/ar\/products\/dual-function-time-relay-trt8-ec\/","name":"Relais temporis\u00e9 double fonction TRT8-EC en gros - Site officiel TOSUNlux - Fabricant de disjoncteurs \u00e9lectriques en Chine Fournisseur d&#039;\u00e9quipements \u00e9lectriques basse tension | TOSUNlux","isPartOf":{"@id":"https:\/\/www.tosunlux.eu\/ru\/#website"},"primaryImageOfPage":{"@id":"https:\/\/www.tosunlux.eu\/ar\/products\/dual-function-time-relay-trt8-ec\/#primaryimage"},"image":{"@id":"https:\/\/www.tosunlux.eu\/ar\/products\/dual-function-time-relay-trt8-ec\/#primaryimage"},"thumbnailUrl":"https:\/\/www.tosunlux.eu\/wp-content\/uploads\/2022\/04\/DIMENSION-S2-2-1024x513.jpg","datePublished":"2022-04-15T05:54:21+00:00","dateModified":"2022-04-19T05:34:57+00:00","description":"Fournisseur de relais temporis\u00e9s \u00e0 double fonction TRT8-EC - Vente en gros directement aupr\u00e8s de TOSUNlux, un fabricant de confiance depuis 1994. Obtenez votre devis d&#039;usine B2B sur nos produits \u00e9lectriques basse tension certifi\u00e9s.","breadcrumb":{"@id":"https:\/\/www.tosunlux.eu\/ar\/products\/dual-function-time-relay-trt8-ec\/#breadcrumb"},"inLanguage":"fr-FR","potentialAction":[{"@type":"ReadAction","target":["https:\/\/www.tosunlux.eu\/ar\/products\/dual-function-time-relay-trt8-ec\/"]}]},{"@type":"ImageObject","inLanguage":"fr-FR","@id":"https:\/\/www.tosunlux.eu\/ar\/products\/dual-function-time-relay-trt8-ec\/#primaryimage","url":"https:\/\/www.tosunlux.eu\/wp-content\/uploads\/2022\/04\/DIMENSION-S2-2-1024x513.jpg","contentUrl":"https:\/\/www.tosunlux.eu\/wp-content\/uploads\/2022\/04\/DIMENSION-S2-2-1024x513.jpg"},{"@type":"BreadcrumbList","@id":"https:\/\/www.tosunlux.eu\/ar\/products\/dual-function-time-relay-trt8-ec\/#breadcrumb","itemListElement":[{"@type":"ListItem","position":1,"name":"Home","item":"https:\/\/www.tosunlux.eu\/ru\/"},{"@type":"ListItem","position":2,"name":"Products","item":"https:\/\/www.tosunlux.eu\/products\/"},{"@type":"ListItem","position":3,"name":"Dual Function Time Relay TRT8-EC"}]},{"@type":"WebSite","@id":"https:\/\/www.tosunlux.eu\/ru\/#website","url":"https:\/\/www.tosunlux.eu\/ru\/","name":"Site officiel TOSUNlux - Fabricant de disjoncteurs \u00e9lectriques en Chine","description":"Fournisseur de syst\u00e8me de distribution d&#039;\u00e9nergie","publisher":{"@id":"https:\/\/www.tosunlux.eu\/ru\/#organization"},"alternateName":"TOSUNlux","potentialAction":[{"@type":"SearchAction","target":{"@type":"EntryPoint","urlTemplate":"https:\/\/www.tosunlux.eu\/ru\/?s={search_term_string}"},"query-input":{"@type":"PropertyValueSpecification","valueRequired":true,"valueName":"search_term_string"}}],"inLanguage":"fr-FR"},{"@type":"Organization","@id":"https:\/\/www.tosunlux.eu\/ru\/#organization","name":"TOSUNlux","url":"https:\/\/www.tosunlux.eu\/ru\/","logo":{"@type":"ImageObject","inLanguage":"fr-FR","@id":"https:\/\/www.tosunlux.eu\/ru\/#\/schema\/logo\/image\/","url":"https:\/\/www.tosunlux.eu\/wp-content\/uploads\/2022\/01\/LOGOSYSM.71762f1.png","contentUrl":"https:\/\/www.tosunlux.eu\/wp-content\/uploads\/2022\/01\/LOGOSYSM.71762f1.png","width":153,"height":55,"caption":"TOSUNlux"},"image":{"@id":"https:\/\/www.tosunlux.eu\/ru\/#\/schema\/logo\/image\/"},"sameAs":["https:\/\/www.facebook.com\/TOSUNelectric\/","https:\/\/www.linkedin.com\/company\/wenzhou-tosun-electric-co.-ltd\/"]}]}},"_links":{"self":[{"href":"https:\/\/www.tosunlux.eu\/fr\/wp-json\/wp\/v2\/product\/1154","targetHints":{"allow":["GET"]}}],"collection":[{"href":"https:\/\/www.tosunlux.eu\/fr\/wp-json\/wp\/v2\/product"}],"about":[{"href":"https:\/\/www.tosunlux.eu\/fr\/wp-json\/wp\/v2\/types\/product"}],"version-history":[{"count":1,"href":"https:\/\/www.tosunlux.eu\/fr\/wp-json\/wp\/v2\/product\/1154\/revisions"}],"predecessor-version":[{"id":8044,"href":"https:\/\/www.tosunlux.eu\/fr\/wp-json\/wp\/v2\/product\/1154\/revisions\/8044"}],"wp:attachment":[{"href":"https:\/\/www.tosunlux.eu\/fr\/wp-json\/wp\/v2\/media?parent=1154"}],"wp:term":[{"taxonomy":"product_category","embeddable":true,"href":"https:\/\/www.tosunlux.eu\/fr\/wp-json\/wp\/v2\/product_category?post=1154"}],"curies":[{"name":"wp","href":"https:\/\/api.w.org\/{rel}","templated":true}]}}