{"id":12519,"date":"2025-02-10T14:29:45","date_gmt":"2025-02-10T06:29:45","guid":{"rendered":"https:\/\/www.tosunlux.eu\/?post_type=product&#038;p=12519"},"modified":"2025-02-10T14:29:48","modified_gmt":"2025-02-10T06:29:48","slug":"tsmq3-dual-power-automatic-changeover-switch","status":"publish","type":"product","link":"https:\/\/www.tosunlux.eu\/fr\/products\/tsmq3-dual-power-automatic-changeover-switch\/","title":{"rendered":"Commutateur de commutation automatique \u00e0 double alimentation TSMQ3"},"content":{"rendered":"<p><strong>sp\u00e9cification<\/strong><\/p>\n\n\n<table style=\"height: 740px;\" width=\"989\">\n<tbody>\n<tr>\n<td width=\"228\">Cat\u00e9gorie de produit<\/td>\n<td style=\"text-align: center;\" colspan=\"5\" width=\"588\">Commutateur de commutation automatique de classe PC<\/td>\n<\/tr>\n<tr>\n<td width=\"228\">Mod\u00e8le<\/td>\n<td style=\"text-align: center;\" width=\"154\">TSMQ3-63<\/td>\n<td style=\"text-align: center;\" width=\"142\">TSMQ3-125<\/td>\n<td style=\"text-align: center;\" colspan=\"2\" width=\"142\">TSMQ3-250<\/td>\n<td style=\"text-align: center;\" width=\"149\">TSMQ3-630<\/td>\n<\/tr>\n<tr>\n<td width=\"228\">Nombre de p\u00f4les<\/td>\n<td style=\"text-align: center;\" colspan=\"5\" width=\"588\">2P, 3P, 4P<\/td>\n<\/tr>\n<tr>\n<td width=\"228\">Courant nominal<\/td>\n<td style=\"text-align: center;\" width=\"154\">\u00a0\u00a0\u00a0 16A, 20A, 25A, 32A,<br \/>\u00a0\u00a0\u00a0\u00a0\u00a0\u00a0\u00a0 40A, 50A, 63A<\/td>\n<td style=\"text-align: center;\" width=\"142\">20A, 25A, 32A, 40A,<br \/>50A, 63A, 80A,<br \/>100A, 125A<\/td>\n<td style=\"text-align: center;\" colspan=\"2\" width=\"142\">160A, 200A,<br \/>225A, 250A<\/td>\n<td style=\"text-align: center;\" width=\"149\">\u00a0\u00a0\u00a0\u00a0 315A, 350A, 400A,<br \/>\u00a0\u00a0\u00a0\u00a0 450A, 500A, 550A,<br \/>\u00a0\u00a0\u00a0\u00a0\u00a0\u00a0\u00a0\u00a0\u00a0 600A, 630A<\/td>\n<\/tr>\n<tr>\n<td width=\"228\">Fonctionnalit\u00e9 de travail<\/td>\n<td style=\"text-align: center;\" colspan=\"5\" width=\"588\">3 postes 1-0-2<\/td>\n<\/tr>\n<tr>\n<td width=\"228\">Tension d&#039;isolation nominale<\/td>\n<td style=\"text-align: center;\" colspan=\"5\" width=\"588\">CA 690 V<\/td>\n<\/tr>\n<tr>\n<td width=\"228\">Tension nominale<\/td>\n<td style=\"text-align: center;\" colspan=\"5\" width=\"588\">AC400V<\/td>\n<\/tr>\n<tr>\n<td width=\"228\">La tension nominale de tenue aux impulsions<\/td>\n<td style=\"text-align: center;\" colspan=\"5\" width=\"588\">8kV<\/td>\n<\/tr>\n<tr>\n<td width=\"228\">Cat\u00e9gorie d&#039;utilisation<\/td>\n<td style=\"text-align: center;\" colspan=\"5\" width=\"588\">AC-33iB<\/td>\n<\/tr>\n<tr>\n<td width=\"228\">Num\u00e9ro de position<\/td>\n<td style=\"text-align: center;\" colspan=\"5\" width=\"588\">Lancer double<\/td>\n<\/tr>\n<tr>\n<td width=\"228\">Mani\u00e8re de c\u00e2blage<\/td>\n<td style=\"text-align: center;\" colspan=\"5\" width=\"588\">Montage sur panneau<\/td>\n<\/tr>\n<tr>\n<td width=\"228\">Courant de tenue de courte dur\u00e9e<\/td>\n<td style=\"text-align: center;\" width=\"154\">5kA<\/td>\n<td style=\"text-align: center;\" colspan=\"3\" width=\"284\">10kA<\/td>\n<td style=\"text-align: center;\" width=\"149\">12,6 kA<\/td>\n<\/tr>\n<tr>\n<td width=\"228\">Connecter la sous-capacit\u00e9<\/td>\n<td style=\"text-align: center;\" width=\"154\">10le<\/td>\n<td style=\"text-align: center;\" colspan=\"3\" width=\"284\">6le<\/td>\n<td style=\"text-align: center;\" width=\"149\">6le<\/td>\n<\/tr>\n<tr>\n<td width=\"228\">Dur\u00e9e de vie m\u00e9canique<\/td>\n<td style=\"text-align: center;\" colspan=\"4\" width=\"439\">20000 fois<\/td>\n<td style=\"text-align: center;\" width=\"149\">4000 fois<\/td>\n<\/tr>\n<tr>\n<td width=\"228\">Dur\u00e9e de vie \u00e9lectrique<\/td>\n<td style=\"text-align: center;\" colspan=\"4\" width=\"439\">6000 fois<\/td>\n<td style=\"text-align: center;\" width=\"149\">1000 fois<\/td>\n<\/tr>\n<tr>\n<td width=\"228\">Cycle de fonctionnement<\/td>\n<td style=\"text-align: center;\" colspan=\"5\" width=\"588\">60 fois\/h<\/td>\n<\/tr>\n<tr>\n<td width=\"228\">Accessoire<\/td>\n<td style=\"text-align: center;\" colspan=\"5\" width=\"588\">Poign\u00e9e de commande manuelle, plaque de s\u00e9paration<\/td>\n<\/tr>\n<tr>\n<td rowspan=\"2\" width=\"228\">Mode de fonctionnement<\/td>\n<td style=\"text-align: center;\" colspan=\"3\" width=\"327\">R\u00a0: Priorit\u00e9 \u00e0 l&#039;alimentation secteur (par d\u00e9faut)<\/td>\n<td style=\"text-align: center;\" colspan=\"2\" width=\"261\">B : Priorit\u00e9 pour l&#039;alimentation en veille II (en option)<\/td>\n<\/tr>\n<tr>\n<td colspan=\"3\" width=\"327\">F : Priorit\u00e9 pour l&#039;alimentation \u00e9lectrique \u00e0 partir du g\u00e9n\u00e9rateur (en option)<\/td>\n<td style=\"text-align: center;\" colspan=\"2\" width=\"261\">T : Avec fonction de communication (en option)<\/td>\n<\/tr>\n<\/tbody>\n<\/table>","protected":false},"parent":0,"template":"","product_category":[24,86],"class_list":["post-12519","product","type-product","status-publish","hentry","product_category-power-distribution-system","product_category-automatic-changeover-switch"],"yoast_head":"<!-- This site is optimized with the Yoast SEO plugin v27.3 - https:\/\/yoast.com\/product\/yoast-seo-wordpress\/ -->\n<title>WholesaleTSMQ3 Dual Power Automatic Changeover Switch - TOSUNlux Official Site - Electrical Circuit Breaker Manufacturer in China Low Voltage Electrical Supplier | TOSUNlux<\/title>\n<meta name=\"description\" content=\"TSMQ3 Dual Power Automatic Changeover Switch Supplier - Wholesale direct from TOSUNlux, a trusted manufacturer since 1994. Get your B2B factory quote on our certified Low Voltage electrical products.\" \/>\n<meta name=\"robots\" content=\"index, follow, max-snippet:-1, max-image-preview:large, max-video-preview:-1\" \/>\n<link rel=\"canonical\" href=\"https:\/\/www.tosunlux.eu\/fr\/products\/tsmq3-dual-power-automatic-changeover-switch\/\" \/>\n<meta property=\"og:locale\" content=\"fr_FR\" \/>\n<meta property=\"og:type\" content=\"article\" \/>\n<meta property=\"og:title\" content=\"WholesaleTSMQ3 Dual Power Automatic Changeover Switch - TOSUNlux Official Site - Electrical Circuit Breaker Manufacturer in China Low Voltage Electrical Supplier | TOSUNlux\" \/>\n<meta property=\"og:description\" content=\"TSMQ3 Dual Power Automatic Changeover Switch Supplier - Wholesale direct from TOSUNlux, a trusted manufacturer since 1994. Get your B2B factory quote on our certified Low Voltage electrical products.\" \/>\n<meta property=\"og:url\" content=\"https:\/\/www.tosunlux.eu\/fr\/products\/tsmq3-dual-power-automatic-changeover-switch\/\" \/>\n<meta property=\"og:site_name\" content=\"TOSUNlux Official Site - Electrical Circuit Breaker Manufacturer in China\" \/>\n<meta property=\"article:publisher\" content=\"https:\/\/www.facebook.com\/TOSUNelectric\/\" \/>\n<meta property=\"article:modified_time\" content=\"2025-02-10T06:29:48+00:00\" \/>\n<meta property=\"og:image\" content=\"https:\/\/www.tosunlux.eu\/wp-content\/uploads\/2023\/04\/DSC08160_\u526f\u672c.jpg\" \/>\n\t<meta property=\"og:image:width\" content=\"1500\" \/>\n\t<meta property=\"og:image:height\" content=\"940\" \/>\n\t<meta property=\"og:image:type\" content=\"image\/jpeg\" \/>\n<meta name=\"twitter:card\" content=\"summary_large_image\" \/>\n<meta name=\"twitter:label1\" content=\"Dur\u00e9e de lecture estim\u00e9e\" \/>\n\t<meta name=\"twitter:data1\" content=\"1 minute\" \/>\n<script type=\"application\/ld+json\" class=\"yoast-schema-graph\">{\"@context\":\"https:\\\/\\\/schema.org\",\"@graph\":[{\"@type\":\"WebPage\",\"@id\":\"https:\\\/\\\/www.tosunlux.eu\\\/products\\\/tsmq3-dual-power-automatic-changeover-switch\\\/\",\"url\":\"https:\\\/\\\/www.tosunlux.eu\\\/products\\\/tsmq3-dual-power-automatic-changeover-switch\\\/\",\"name\":\"WholesaleTSMQ3 Dual Power Automatic Changeover Switch - TOSUNlux Official Site - Electrical Circuit Breaker Manufacturer in China Low Voltage Electrical Supplier | TOSUNlux\",\"isPartOf\":{\"@id\":\"https:\\\/\\\/www.tosunlux.eu\\\/ru\\\/#website\"},\"datePublished\":\"2025-02-10T06:29:45+00:00\",\"dateModified\":\"2025-02-10T06:29:48+00:00\",\"description\":\"TSMQ3 Dual Power Automatic Changeover Switch Supplier - Wholesale direct from TOSUNlux, a trusted manufacturer since 1994. Get your B2B factory quote on our certified Low Voltage electrical products.\",\"breadcrumb\":{\"@id\":\"https:\\\/\\\/www.tosunlux.eu\\\/products\\\/tsmq3-dual-power-automatic-changeover-switch\\\/#breadcrumb\"},\"inLanguage\":\"fr-FR\",\"potentialAction\":[{\"@type\":\"ReadAction\",\"target\":[\"https:\\\/\\\/www.tosunlux.eu\\\/products\\\/tsmq3-dual-power-automatic-changeover-switch\\\/\"]}]},{\"@type\":\"BreadcrumbList\",\"@id\":\"https:\\\/\\\/www.tosunlux.eu\\\/products\\\/tsmq3-dual-power-automatic-changeover-switch\\\/#breadcrumb\",\"itemListElement\":[{\"@type\":\"ListItem\",\"position\":1,\"name\":\"Home\",\"item\":\"https:\\\/\\\/www.tosunlux.eu\\\/ru\\\/\"},{\"@type\":\"ListItem\",\"position\":2,\"name\":\"Products\",\"item\":\"https:\\\/\\\/www.tosunlux.eu\\\/products\\\/\"},{\"@type\":\"ListItem\",\"position\":3,\"name\":\"TSMQ3 Dual Power Automatic Changeover Switch\"}]},{\"@type\":\"WebSite\",\"@id\":\"https:\\\/\\\/www.tosunlux.eu\\\/ru\\\/#website\",\"url\":\"https:\\\/\\\/www.tosunlux.eu\\\/ru\\\/\",\"name\":\"TOSUNlux Official Site - Electrical Circuit Breaker Manufacturer in China\",\"description\":\"Power Distribution System Supplier\",\"publisher\":{\"@id\":\"https:\\\/\\\/www.tosunlux.eu\\\/ru\\\/#organization\"},\"alternateName\":\"TOSUNlux\",\"potentialAction\":[{\"@type\":\"SearchAction\",\"target\":{\"@type\":\"EntryPoint\",\"urlTemplate\":\"https:\\\/\\\/www.tosunlux.eu\\\/ru\\\/?s={search_term_string}\"},\"query-input\":{\"@type\":\"PropertyValueSpecification\",\"valueRequired\":true,\"valueName\":\"search_term_string\"}}],\"inLanguage\":\"fr-FR\"},{\"@type\":\"Organization\",\"@id\":\"https:\\\/\\\/www.tosunlux.eu\\\/ru\\\/#organization\",\"name\":\"TOSUNlux\",\"url\":\"https:\\\/\\\/www.tosunlux.eu\\\/ru\\\/\",\"logo\":{\"@type\":\"ImageObject\",\"inLanguage\":\"fr-FR\",\"@id\":\"https:\\\/\\\/www.tosunlux.eu\\\/ru\\\/#\\\/schema\\\/logo\\\/image\\\/\",\"url\":\"https:\\\/\\\/www.tosunlux.eu\\\/wp-content\\\/uploads\\\/2022\\\/01\\\/LOGOSYSM.71762f1.png\",\"contentUrl\":\"https:\\\/\\\/www.tosunlux.eu\\\/wp-content\\\/uploads\\\/2022\\\/01\\\/LOGOSYSM.71762f1.png\",\"width\":153,\"height\":55,\"caption\":\"TOSUNlux\"},\"image\":{\"@id\":\"https:\\\/\\\/www.tosunlux.eu\\\/ru\\\/#\\\/schema\\\/logo\\\/image\\\/\"},\"sameAs\":[\"https:\\\/\\\/www.facebook.com\\\/TOSUNelectric\\\/\",\"https:\\\/\\\/www.linkedin.com\\\/company\\\/wenzhou-tosun-electric-co.-ltd\\\/\"]}]}<\/script>\n<!-- \/ Yoast SEO plugin. -->","yoast_head_json":{"title":"WholesaleTSMQ3 Dual Power Automatic Changeover Switch - TOSUNlux Official Site - Electrical Circuit Breaker Manufacturer in China Low Voltage Electrical Supplier | TOSUNlux","description":"TSMQ3 Dual Power Automatic Changeover Switch Supplier - Wholesale direct from TOSUNlux, a trusted manufacturer since 1994. Get your B2B factory quote on our certified Low Voltage electrical products.","robots":{"index":"index","follow":"follow","max-snippet":"max-snippet:-1","max-image-preview":"max-image-preview:large","max-video-preview":"max-video-preview:-1"},"canonical":"https:\/\/www.tosunlux.eu\/fr\/products\/tsmq3-dual-power-automatic-changeover-switch\/","og_locale":"fr_FR","og_type":"article","og_title":"WholesaleTSMQ3 Dual Power Automatic Changeover Switch - TOSUNlux Official Site - Electrical Circuit Breaker Manufacturer in China Low Voltage Electrical Supplier | TOSUNlux","og_description":"TSMQ3 Dual Power Automatic Changeover Switch Supplier - Wholesale direct from TOSUNlux, a trusted manufacturer since 1994. Get your B2B factory quote on our certified Low Voltage electrical products.","og_url":"https:\/\/www.tosunlux.eu\/fr\/products\/tsmq3-dual-power-automatic-changeover-switch\/","og_site_name":"TOSUNlux Official Site - Electrical Circuit Breaker Manufacturer in China","article_publisher":"https:\/\/www.facebook.com\/TOSUNelectric\/","article_modified_time":"2025-02-10T06:29:48+00:00","og_image":[{"width":1500,"height":940,"url":"https:\/\/www.tosunlux.eu\/wp-content\/uploads\/2023\/04\/DSC08160_\u526f\u672c.jpg","type":"image\/jpeg"}],"twitter_card":"summary_large_image","twitter_misc":{"Dur\u00e9e de lecture estim\u00e9e":"1 minute"},"schema":{"@context":"https:\/\/schema.org","@graph":[{"@type":"WebPage","@id":"https:\/\/www.tosunlux.eu\/products\/tsmq3-dual-power-automatic-changeover-switch\/","url":"https:\/\/www.tosunlux.eu\/products\/tsmq3-dual-power-automatic-changeover-switch\/","name":"WholesaleTSMQ3 Dual Power Automatic Changeover Switch - TOSUNlux Official Site - Electrical Circuit Breaker Manufacturer in China Low Voltage Electrical Supplier | TOSUNlux","isPartOf":{"@id":"https:\/\/www.tosunlux.eu\/ru\/#website"},"datePublished":"2025-02-10T06:29:45+00:00","dateModified":"2025-02-10T06:29:48+00:00","description":"TSMQ3 Dual Power Automatic Changeover Switch Supplier - Wholesale direct from TOSUNlux, a trusted manufacturer since 1994. Get your B2B factory quote on our certified Low Voltage electrical products.","breadcrumb":{"@id":"https:\/\/www.tosunlux.eu\/products\/tsmq3-dual-power-automatic-changeover-switch\/#breadcrumb"},"inLanguage":"fr-FR","potentialAction":[{"@type":"ReadAction","target":["https:\/\/www.tosunlux.eu\/products\/tsmq3-dual-power-automatic-changeover-switch\/"]}]},{"@type":"BreadcrumbList","@id":"https:\/\/www.tosunlux.eu\/products\/tsmq3-dual-power-automatic-changeover-switch\/#breadcrumb","itemListElement":[{"@type":"ListItem","position":1,"name":"Home","item":"https:\/\/www.tosunlux.eu\/ru\/"},{"@type":"ListItem","position":2,"name":"Products","item":"https:\/\/www.tosunlux.eu\/products\/"},{"@type":"ListItem","position":3,"name":"TSMQ3 Dual Power Automatic Changeover Switch"}]},{"@type":"WebSite","@id":"https:\/\/www.tosunlux.eu\/ru\/#website","url":"https:\/\/www.tosunlux.eu\/ru\/","name":"Site officiel TOSUNlux - Fabricant de disjoncteurs \u00e9lectriques en Chine","description":"Fournisseur de syst\u00e8me de distribution d&#039;\u00e9nergie","publisher":{"@id":"https:\/\/www.tosunlux.eu\/ru\/#organization"},"alternateName":"TOSUNlux","potentialAction":[{"@type":"SearchAction","target":{"@type":"EntryPoint","urlTemplate":"https:\/\/www.tosunlux.eu\/ru\/?s={search_term_string}"},"query-input":{"@type":"PropertyValueSpecification","valueRequired":true,"valueName":"search_term_string"}}],"inLanguage":"fr-FR"},{"@type":"Organization","@id":"https:\/\/www.tosunlux.eu\/ru\/#organization","name":"TOSUNlux","url":"https:\/\/www.tosunlux.eu\/ru\/","logo":{"@type":"ImageObject","inLanguage":"fr-FR","@id":"https:\/\/www.tosunlux.eu\/ru\/#\/schema\/logo\/image\/","url":"https:\/\/www.tosunlux.eu\/wp-content\/uploads\/2022\/01\/LOGOSYSM.71762f1.png","contentUrl":"https:\/\/www.tosunlux.eu\/wp-content\/uploads\/2022\/01\/LOGOSYSM.71762f1.png","width":153,"height":55,"caption":"TOSUNlux"},"image":{"@id":"https:\/\/www.tosunlux.eu\/ru\/#\/schema\/logo\/image\/"},"sameAs":["https:\/\/www.facebook.com\/TOSUNelectric\/","https:\/\/www.linkedin.com\/company\/wenzhou-tosun-electric-co.-ltd\/"]}]}},"_links":{"self":[{"href":"https:\/\/www.tosunlux.eu\/fr\/wp-json\/wp\/v2\/product\/12519","targetHints":{"allow":["GET"]}}],"collection":[{"href":"https:\/\/www.tosunlux.eu\/fr\/wp-json\/wp\/v2\/product"}],"about":[{"href":"https:\/\/www.tosunlux.eu\/fr\/wp-json\/wp\/v2\/types\/product"}],"version-history":[{"count":1,"href":"https:\/\/www.tosunlux.eu\/fr\/wp-json\/wp\/v2\/product\/12519\/revisions"}],"predecessor-version":[{"id":12521,"href":"https:\/\/www.tosunlux.eu\/fr\/wp-json\/wp\/v2\/product\/12519\/revisions\/12521"}],"wp:attachment":[{"href":"https:\/\/www.tosunlux.eu\/fr\/wp-json\/wp\/v2\/media?parent=12519"}],"wp:term":[{"taxonomy":"product_category","embeddable":true,"href":"https:\/\/www.tosunlux.eu\/fr\/wp-json\/wp\/v2\/product_category?post=12519"}],"curies":[{"name":"wp","href":"https:\/\/api.w.org\/{rel}","templated":true}]}}