{"id":1350,"date":"2022-04-19T13:51:25","date_gmt":"2022-04-19T05:51:25","guid":{"rendered":"https:\/\/www.tosunlux.eu\/?post_type=product&#038;p=1350"},"modified":"2022-04-19T13:51:26","modified_gmt":"2022-04-19T05:51:26","slug":"recessed-mount-led-panel-light-trm-rp-trm-sp","status":"publish","type":"product","link":"https:\/\/www.tosunlux.eu\/fr\/products\/recessed-mount-led-panel-light-trm-rp-trm-sp\/","title":{"rendered":"Panneau lumineux LED encastr\u00e9 TRM-RP\/TRM-SP"},"content":{"rendered":"<table style=\"border-collapse: collapse; width: 694.52pt;\" border=\"0\" width=\"926\" cellspacing=\"0\" cellpadding=\"0\">\n<tbody>\n<tr style=\"height: 28.50pt;\">\n<td class=\"et2\" style=\"height: 28.50pt; width: 81.00pt;\" width=\"108\" height=\"38\">Mod\u00e8le<\/td>\n<td class=\"et2\" style=\"width: 54.00pt;\" width=\"72\">Pouvoir<\/td>\n<td class=\"et2\" style=\"width: 75.00pt;\" width=\"100\">Tension<\/td>\n<td class=\"et2\" style=\"width: 73.50pt;\" width=\"98\">Taille<\/td>\n<td class=\"et2\" style=\"width: 73.50pt;\" width=\"98\">Taille ouverte<\/td>\n<td class=\"et2\" style=\"width: 67.50pt;\" width=\"90\">Type de DEL<\/td>\n<td class=\"et2\" style=\"width: 54.00pt;\" width=\"72\">Quantit\u00e9 de DEL<\/td>\n<td class=\"et3\" style=\"width: 75.00pt;\" width=\"100\">Temp\u00e9rature de couleur<\/td>\n<td class=\"et2\" style=\"width: 75.00pt;\" width=\"100\">IRC<\/td>\n<td class=\"et2\" style=\"width: 66.00pt;\" width=\"88\">Type de pilote<\/td>\n<\/tr>\n<tr style=\"height: 16.50pt;\">\n<td class=\"et2\" style=\"height: 16.50pt;\" height=\"22\">TRM-RP-3W<\/td>\n<td class=\"et2\">3W<\/td>\n<td class=\"et3\" style=\"width: 75.00pt;\" rowspan=\"8\" width=\"100\">AC85-265V\/ AC165-265V<\/td>\n<td class=\"et2\">\u00d880mm<\/td>\n<td class=\"et2\">\u00d865mm<\/td>\n<td class=\"et2\" rowspan=\"8\">CMS2835<\/td>\n<td class=\"et2\">15 pi\u00e8ces<\/td>\n<td class=\"et2\" rowspan=\"8\">2700-6500K<\/td>\n<td class=\"et2\" rowspan=\"8\">70Ra\/80Ra<\/td>\n<td class=\"et3\" style=\"width: 66.00pt;\" rowspan=\"8\" width=\"88\">Conducteur isol\u00e9\/ non isol\u00e9<\/td>\n<\/tr>\n<tr style=\"height: 14.25pt;\">\n<td class=\"et2\" style=\"height: 14.25pt;\" height=\"19\">TRM-RP-6W<\/td>\n<td class=\"et2\">6W<\/td>\n<td class=\"et2\">\u00d8120mm<\/td>\n<td class=\"et2\">\u00d8105mm<\/td>\n<td class=\"et2\">30 pi\u00e8ces<\/td>\n<\/tr>\n<tr style=\"height: 14.25pt;\">\n<td class=\"et2\" style=\"height: 14.25pt;\" height=\"19\">TRM-RP-9W<\/td>\n<td class=\"et2\">9W<\/td>\n<td class=\"et2\">\u00d8145mm<\/td>\n<td class=\"et2\">\u00d8120mm<\/td>\n<td class=\"et2\">45 pi\u00e8ces<\/td>\n<\/tr>\n<tr style=\"height: 14.25pt;\">\n<td class=\"et2\" style=\"height: 14.25pt;\" height=\"19\">TRM-RP-12W<\/td>\n<td class=\"et2\">12W<\/td>\n<td class=\"et2\">\u00d8170mm<\/td>\n<td class=\"et2\">\u00d8150mm<\/td>\n<td class=\"et2\">60 pi\u00e8ces<\/td>\n<\/tr>\n<tr style=\"height: 14.25pt;\">\n<td class=\"et2\" style=\"height: 14.25pt;\" height=\"19\">TRM-RP-15W<\/td>\n<td class=\"et2\">15W<\/td>\n<td class=\"et2\">\u00d8190mm<\/td>\n<td class=\"et2\">\u00d8175mm<\/td>\n<td class=\"et2\">75 pi\u00e8ces<\/td>\n<\/tr>\n<tr style=\"height: 14.25pt;\">\n<td class=\"et2\" style=\"height: 14.25pt;\" height=\"19\">TRM-RP-18W<\/td>\n<td class=\"et2\">18W<\/td>\n<td class=\"et2\">\u00d8225mm<\/td>\n<td class=\"et2\">\u00d8200mm<\/td>\n<td class=\"et2\">90 pi\u00e8ces<\/td>\n<\/tr>\n<tr style=\"height: 14.25pt;\">\n<td class=\"et2\" style=\"height: 14.25pt;\" height=\"19\">TRM-RP-24W<\/td>\n<td class=\"et2\">24W<\/td>\n<td class=\"et2\">\u00d8300mm<\/td>\n<td class=\"et2\">\u00d8275mm<\/td>\n<td class=\"et2\">120 pi\u00e8ces<\/td>\n<\/tr>\n<tr style=\"height: 14.25pt;\">\n<td class=\"et2\" style=\"height: 14.25pt;\" height=\"19\">TRM-RP-30W<\/td>\n<td class=\"et2\">30W<\/td>\n<td class=\"et2\">\u00d8300mm<\/td>\n<td class=\"et2\">\u00d8275mm<\/td>\n<td class=\"et2\">150 pi\u00e8ces<\/td>\n<\/tr>\n<\/tbody>\n<\/table>\n<p>\u00a0<\/p>\n<table style=\"border-collapse: collapse; width: 694.52pt;\" border=\"0\" width=\"926\" cellspacing=\"0\" cellpadding=\"0\">\n<tbody>\n<tr style=\"height: 28.50pt;\">\n<td class=\"et2\" style=\"height: 28.50pt; width: 81.00pt;\" width=\"108\" height=\"38\">Mod\u00e8le<\/td>\n<td class=\"et2\" style=\"width: 54.00pt;\" width=\"72\">Pouvoir<\/td>\n<td class=\"et2\" style=\"width: 75.00pt;\" width=\"100\">Tension<\/td>\n<td class=\"et2\" style=\"width: 73.50pt;\" width=\"98\">Taille<\/td>\n<td class=\"et2\" style=\"width: 73.50pt;\" width=\"98\">Taille ouverte<\/td>\n<td class=\"et2\" style=\"width: 67.50pt;\" width=\"90\">Type de DEL<\/td>\n<td class=\"et2\" style=\"width: 54.00pt;\" width=\"72\">Quantit\u00e9 de DEL<\/td>\n<td class=\"et3\" style=\"width: 75.00pt;\" width=\"100\">Temp\u00e9rature de couleur<\/td>\n<td class=\"et2\" style=\"width: 75.00pt;\" width=\"100\">IRC<\/td>\n<td class=\"et2\" style=\"width: 66.00pt;\" width=\"88\">Type de pilote<\/td>\n<\/tr>\n<tr style=\"height: 14.25pt;\">\n<td class=\"et2\" style=\"height: 14.25pt;\" height=\"19\">TRM-SP-3W<\/td>\n<td class=\"et2\">3W<\/td>\n<td class=\"et3\" style=\"width: 75.00pt;\" rowspan=\"8\" width=\"100\">AC85-265V\/ AC165-265V<\/td>\n<td class=\"et2\">80x80mm<\/td>\n<td class=\"et2\">70x70mm<\/td>\n<td class=\"et2\" rowspan=\"8\">CMS2835<\/td>\n<td class=\"et2\">15 pi\u00e8ces<\/td>\n<td class=\"et2\" rowspan=\"8\">2700-6500K<\/td>\n<td class=\"et2\" rowspan=\"8\">70Ra\/80Ra<\/td>\n<td class=\"et3\" style=\"width: 66.00pt;\" rowspan=\"8\" width=\"88\">Conducteur isol\u00e9\/ non isol\u00e9<\/td>\n<\/tr>\n<tr style=\"height: 14.25pt;\">\n<td class=\"et2\" style=\"height: 14.25pt;\" height=\"19\">TRM-SP-6W<\/td>\n<td class=\"et2\">6W<\/td>\n<td class=\"et2\">120x120mm<\/td>\n<td class=\"et2\">105x105mm<\/td>\n<td class=\"et2\">30 pi\u00e8ces<\/td>\n<\/tr>\n<tr style=\"height: 14.25pt;\">\n<td class=\"et2\" style=\"height: 14.25pt;\" height=\"19\">TRM-SP-9W<\/td>\n<td class=\"et2\">9W<\/td>\n<td class=\"et2\">145x145mm<\/td>\n<td class=\"et2\">130x130mm<\/td>\n<td class=\"et2\">45 pi\u00e8ces<\/td>\n<\/tr>\n<tr style=\"height: 14.25pt;\">\n<td class=\"et2\" style=\"height: 14.25pt;\" height=\"19\">TRM-SP-12W<\/td>\n<td class=\"et2\">12W<\/td>\n<td class=\"et2\">170x170mm<\/td>\n<td class=\"et2\">150x150mm<\/td>\n<td class=\"et2\">60 pi\u00e8ces<\/td>\n<\/tr>\n<tr style=\"height: 14.25pt;\">\n<td class=\"et2\" style=\"height: 14.25pt;\" height=\"19\">TRM-SP-15W<\/td>\n<td class=\"et2\">15W<\/td>\n<td class=\"et2\">190x190mm<\/td>\n<td class=\"et2\">170x170mm<\/td>\n<td class=\"et2\">75 pi\u00e8ces<\/td>\n<\/tr>\n<tr style=\"height: 14.25pt;\">\n<td class=\"et2\" style=\"height: 14.25pt;\" height=\"19\">TRM-SP-18W<\/td>\n<td class=\"et2\">18W<\/td>\n<td class=\"et2\">225x225mm<\/td>\n<td class=\"et2\">205x205mm<\/td>\n<td class=\"et2\">90 pi\u00e8ces<\/td>\n<\/tr>\n<tr style=\"height: 14.25pt;\">\n<td class=\"et2\" style=\"height: 14.25pt;\" height=\"19\">TRM-SP-24W<\/td>\n<td class=\"et2\">24W<\/td>\n<td class=\"et2\">300x300mm<\/td>\n<td class=\"et2\">275x275mm<\/td>\n<td class=\"et2\">120 pi\u00e8ces<\/td>\n<\/tr>\n<tr style=\"height: 14.25pt;\">\n<td class=\"et2\" style=\"height: 14.25pt;\" height=\"19\">TRM-SP-30W<\/td>\n<td class=\"et2\">30W<\/td>\n<td class=\"et2\">300x300mm<\/td>\n<td class=\"et2\">275x275mm<\/td>\n<td class=\"et2\">150 pi\u00e8ces<\/td>\n<\/tr>\n<\/tbody>\n<\/table>","protected":false},"parent":0,"template":"","product_category":[38,130],"class_list":["post-1350","product","type-product","status-publish","hentry","product_category-lighting","product_category-led-panel-light"],"yoast_head":"<!-- This site is optimized with the Yoast SEO plugin v27.4 - https:\/\/yoast.com\/product\/yoast-seo-wordpress\/ -->\n<title>WholesaleRecessed Mount LED Panel Light TRM-RP\/TRM-SP - TOSUNlux Official Site - Electrical Circuit Breaker Manufacturer in China Low Voltage Electrical Supplier | TOSUNlux<\/title>\n<meta name=\"description\" content=\"Recessed Mount LED Panel Light TRM-RP\/TRM-SP Supplier - Wholesale direct from TOSUNlux, a trusted manufacturer since 1994. Get your B2B factory quote on our certified Low Voltage electrical products.\" \/>\n<meta name=\"robots\" content=\"index, follow, max-snippet:-1, max-image-preview:large, max-video-preview:-1\" \/>\n<link rel=\"canonical\" href=\"https:\/\/www.tosunlux.eu\/fr\/products\/recessed-mount-led-panel-light-trm-rp-trm-sp\/\" \/>\n<meta property=\"og:locale\" content=\"fr_FR\" \/>\n<meta property=\"og:type\" content=\"article\" \/>\n<meta property=\"og:title\" content=\"WholesaleRecessed Mount LED Panel Light TRM-RP\/TRM-SP - TOSUNlux Official Site - Electrical Circuit Breaker Manufacturer in China Low Voltage Electrical Supplier | TOSUNlux\" \/>\n<meta property=\"og:description\" content=\"Recessed Mount LED Panel Light TRM-RP\/TRM-SP Supplier - Wholesale direct from TOSUNlux, a trusted manufacturer since 1994. Get your B2B factory quote on our certified Low Voltage electrical products.\" \/>\n<meta property=\"og:url\" content=\"https:\/\/www.tosunlux.eu\/fr\/products\/recessed-mount-led-panel-light-trm-rp-trm-sp\/\" \/>\n<meta property=\"og:site_name\" content=\"TOSUNlux Official Site - Electrical Circuit Breaker Manufacturer in China\" \/>\n<meta property=\"article:publisher\" content=\"https:\/\/www.facebook.com\/TOSUNelectric\/\" \/>\n<meta property=\"article:modified_time\" content=\"2022-04-19T05:51:26+00:00\" \/>\n<meta property=\"og:image\" content=\"https:\/\/www.tosunlux.eu\/wp-content\/uploads\/2023\/04\/DSC08160_\u526f\u672c.jpg\" \/>\n\t<meta property=\"og:image:width\" content=\"1500\" \/>\n\t<meta property=\"og:image:height\" content=\"940\" \/>\n\t<meta property=\"og:image:type\" content=\"image\/jpeg\" \/>\n<meta name=\"twitter:card\" content=\"summary_large_image\" \/>\n<meta name=\"twitter:label1\" content=\"Dur\u00e9e de lecture estim\u00e9e\" \/>\n\t<meta name=\"twitter:data1\" content=\"1 minute\" \/>\n<script type=\"application\/ld+json\" class=\"yoast-schema-graph\">{\"@context\":\"https:\\\/\\\/schema.org\",\"@graph\":[{\"@type\":\"WebPage\",\"@id\":\"https:\\\/\\\/www.tosunlux.eu\\\/ar\\\/products\\\/recessed-mount-led-panel-light-trm-rp-trm-sp\\\/\",\"url\":\"https:\\\/\\\/www.tosunlux.eu\\\/ar\\\/products\\\/recessed-mount-led-panel-light-trm-rp-trm-sp\\\/\",\"name\":\"WholesaleRecessed Mount LED Panel Light TRM-RP\\\/TRM-SP - TOSUNlux Official Site - Electrical Circuit Breaker Manufacturer in China Low Voltage Electrical Supplier | TOSUNlux\",\"isPartOf\":{\"@id\":\"https:\\\/\\\/www.tosunlux.eu\\\/ru\\\/#website\"},\"datePublished\":\"2022-04-19T05:51:25+00:00\",\"dateModified\":\"2022-04-19T05:51:26+00:00\",\"description\":\"Recessed Mount LED Panel Light TRM-RP\\\/TRM-SP Supplier - Wholesale direct from TOSUNlux, a trusted manufacturer since 1994. Get your B2B factory quote on our certified Low Voltage electrical products.\",\"breadcrumb\":{\"@id\":\"https:\\\/\\\/www.tosunlux.eu\\\/ar\\\/products\\\/recessed-mount-led-panel-light-trm-rp-trm-sp\\\/#breadcrumb\"},\"inLanguage\":\"fr-FR\",\"potentialAction\":[{\"@type\":\"ReadAction\",\"target\":[\"https:\\\/\\\/www.tosunlux.eu\\\/ar\\\/products\\\/recessed-mount-led-panel-light-trm-rp-trm-sp\\\/\"]}]},{\"@type\":\"BreadcrumbList\",\"@id\":\"https:\\\/\\\/www.tosunlux.eu\\\/ar\\\/products\\\/recessed-mount-led-panel-light-trm-rp-trm-sp\\\/#breadcrumb\",\"itemListElement\":[{\"@type\":\"ListItem\",\"position\":1,\"name\":\"Home\",\"item\":\"https:\\\/\\\/www.tosunlux.eu\\\/ru\\\/\"},{\"@type\":\"ListItem\",\"position\":2,\"name\":\"Products\",\"item\":\"https:\\\/\\\/www.tosunlux.eu\\\/products\\\/\"},{\"@type\":\"ListItem\",\"position\":3,\"name\":\"Recessed Mount LED Panel Light TRM-RP\\\/TRM-SP\"}]},{\"@type\":\"WebSite\",\"@id\":\"https:\\\/\\\/www.tosunlux.eu\\\/ru\\\/#website\",\"url\":\"https:\\\/\\\/www.tosunlux.eu\\\/ru\\\/\",\"name\":\"TOSUNlux Official Site - Electrical Circuit Breaker Manufacturer in China\",\"description\":\"Power Distribution System Supplier\",\"publisher\":{\"@id\":\"https:\\\/\\\/www.tosunlux.eu\\\/ru\\\/#organization\"},\"alternateName\":\"TOSUNlux\",\"potentialAction\":[{\"@type\":\"SearchAction\",\"target\":{\"@type\":\"EntryPoint\",\"urlTemplate\":\"https:\\\/\\\/www.tosunlux.eu\\\/ru\\\/?s={search_term_string}\"},\"query-input\":{\"@type\":\"PropertyValueSpecification\",\"valueRequired\":true,\"valueName\":\"search_term_string\"}}],\"inLanguage\":\"fr-FR\"},{\"@type\":\"Organization\",\"@id\":\"https:\\\/\\\/www.tosunlux.eu\\\/ru\\\/#organization\",\"name\":\"TOSUNlux\",\"url\":\"https:\\\/\\\/www.tosunlux.eu\\\/ru\\\/\",\"logo\":{\"@type\":\"ImageObject\",\"inLanguage\":\"fr-FR\",\"@id\":\"https:\\\/\\\/www.tosunlux.eu\\\/ru\\\/#\\\/schema\\\/logo\\\/image\\\/\",\"url\":\"https:\\\/\\\/www.tosunlux.eu\\\/wp-content\\\/uploads\\\/2022\\\/01\\\/LOGOSYSM.71762f1.png\",\"contentUrl\":\"https:\\\/\\\/www.tosunlux.eu\\\/wp-content\\\/uploads\\\/2022\\\/01\\\/LOGOSYSM.71762f1.png\",\"width\":153,\"height\":55,\"caption\":\"TOSUNlux\"},\"image\":{\"@id\":\"https:\\\/\\\/www.tosunlux.eu\\\/ru\\\/#\\\/schema\\\/logo\\\/image\\\/\"},\"sameAs\":[\"https:\\\/\\\/www.facebook.com\\\/TOSUNelectric\\\/\",\"https:\\\/\\\/www.linkedin.com\\\/company\\\/wenzhou-tosun-electric-co.-ltd\\\/\"]}]}<\/script>\n<!-- \/ Yoast SEO plugin. -->","yoast_head_json":{"title":"Panneau lumineux LED encastr\u00e9 TRM-RP\/TRM-SP en gros - Site officiel TOSUNlux - Fabricant de disjoncteurs \u00e9lectriques en Chine Fournisseur d&#039;\u00e9quipements \u00e9lectriques basse tension | TOSUNlux","description":"Fournisseur de panneau lumineux LED encastr\u00e9 TRM-RP\/TRM-SP - Vente en gros directement aupr\u00e8s de TOSUNlux, un fabricant de confiance depuis 1994. Obtenez votre devis d&#039;usine B2B sur nos produits \u00e9lectriques basse tension certifi\u00e9s.","robots":{"index":"index","follow":"follow","max-snippet":"max-snippet:-1","max-image-preview":"max-image-preview:large","max-video-preview":"max-video-preview:-1"},"canonical":"https:\/\/www.tosunlux.eu\/fr\/products\/recessed-mount-led-panel-light-trm-rp-trm-sp\/","og_locale":"fr_FR","og_type":"article","og_title":"WholesaleRecessed Mount LED Panel Light TRM-RP\/TRM-SP - TOSUNlux Official Site - Electrical Circuit Breaker Manufacturer in China Low Voltage Electrical Supplier | TOSUNlux","og_description":"Recessed Mount LED Panel Light TRM-RP\/TRM-SP Supplier - Wholesale direct from TOSUNlux, a trusted manufacturer since 1994. Get your B2B factory quote on our certified Low Voltage electrical products.","og_url":"https:\/\/www.tosunlux.eu\/fr\/products\/recessed-mount-led-panel-light-trm-rp-trm-sp\/","og_site_name":"TOSUNlux Official Site - Electrical Circuit Breaker Manufacturer in China","article_publisher":"https:\/\/www.facebook.com\/TOSUNelectric\/","article_modified_time":"2022-04-19T05:51:26+00:00","og_image":[{"width":1500,"height":940,"url":"https:\/\/www.tosunlux.eu\/wp-content\/uploads\/2023\/04\/DSC08160_\u526f\u672c.jpg","type":"image\/jpeg"}],"twitter_card":"summary_large_image","twitter_misc":{"Dur\u00e9e de lecture estim\u00e9e":"1 minute"},"schema":{"@context":"https:\/\/schema.org","@graph":[{"@type":"WebPage","@id":"https:\/\/www.tosunlux.eu\/ar\/products\/recessed-mount-led-panel-light-trm-rp-trm-sp\/","url":"https:\/\/www.tosunlux.eu\/ar\/products\/recessed-mount-led-panel-light-trm-rp-trm-sp\/","name":"Panneau lumineux LED encastr\u00e9 TRM-RP\/TRM-SP en gros - Site officiel TOSUNlux - Fabricant de disjoncteurs \u00e9lectriques en Chine Fournisseur d&#039;\u00e9quipements \u00e9lectriques basse tension | TOSUNlux","isPartOf":{"@id":"https:\/\/www.tosunlux.eu\/ru\/#website"},"datePublished":"2022-04-19T05:51:25+00:00","dateModified":"2022-04-19T05:51:26+00:00","description":"Fournisseur de panneau lumineux LED encastr\u00e9 TRM-RP\/TRM-SP - Vente en gros directement aupr\u00e8s de TOSUNlux, un fabricant de confiance depuis 1994. Obtenez votre devis d&#039;usine B2B sur nos produits \u00e9lectriques basse tension certifi\u00e9s.","breadcrumb":{"@id":"https:\/\/www.tosunlux.eu\/ar\/products\/recessed-mount-led-panel-light-trm-rp-trm-sp\/#breadcrumb"},"inLanguage":"fr-FR","potentialAction":[{"@type":"ReadAction","target":["https:\/\/www.tosunlux.eu\/ar\/products\/recessed-mount-led-panel-light-trm-rp-trm-sp\/"]}]},{"@type":"BreadcrumbList","@id":"https:\/\/www.tosunlux.eu\/ar\/products\/recessed-mount-led-panel-light-trm-rp-trm-sp\/#breadcrumb","itemListElement":[{"@type":"ListItem","position":1,"name":"Home","item":"https:\/\/www.tosunlux.eu\/ru\/"},{"@type":"ListItem","position":2,"name":"Products","item":"https:\/\/www.tosunlux.eu\/products\/"},{"@type":"ListItem","position":3,"name":"Recessed Mount LED Panel Light TRM-RP\/TRM-SP"}]},{"@type":"WebSite","@id":"https:\/\/www.tosunlux.eu\/ru\/#website","url":"https:\/\/www.tosunlux.eu\/ru\/","name":"Site officiel TOSUNlux - Fabricant de disjoncteurs \u00e9lectriques en Chine","description":"Fournisseur de syst\u00e8me de distribution d&#039;\u00e9nergie","publisher":{"@id":"https:\/\/www.tosunlux.eu\/ru\/#organization"},"alternateName":"TOSUNlux","potentialAction":[{"@type":"SearchAction","target":{"@type":"EntryPoint","urlTemplate":"https:\/\/www.tosunlux.eu\/ru\/?s={search_term_string}"},"query-input":{"@type":"PropertyValueSpecification","valueRequired":true,"valueName":"search_term_string"}}],"inLanguage":"fr-FR"},{"@type":"Organization","@id":"https:\/\/www.tosunlux.eu\/ru\/#organization","name":"TOSUNlux","url":"https:\/\/www.tosunlux.eu\/ru\/","logo":{"@type":"ImageObject","inLanguage":"fr-FR","@id":"https:\/\/www.tosunlux.eu\/ru\/#\/schema\/logo\/image\/","url":"https:\/\/www.tosunlux.eu\/wp-content\/uploads\/2022\/01\/LOGOSYSM.71762f1.png","contentUrl":"https:\/\/www.tosunlux.eu\/wp-content\/uploads\/2022\/01\/LOGOSYSM.71762f1.png","width":153,"height":55,"caption":"TOSUNlux"},"image":{"@id":"https:\/\/www.tosunlux.eu\/ru\/#\/schema\/logo\/image\/"},"sameAs":["https:\/\/www.facebook.com\/TOSUNelectric\/","https:\/\/www.linkedin.com\/company\/wenzhou-tosun-electric-co.-ltd\/"]}]}},"_links":{"self":[{"href":"https:\/\/www.tosunlux.eu\/fr\/wp-json\/wp\/v2\/product\/1350","targetHints":{"allow":["GET"]}}],"collection":[{"href":"https:\/\/www.tosunlux.eu\/fr\/wp-json\/wp\/v2\/product"}],"about":[{"href":"https:\/\/www.tosunlux.eu\/fr\/wp-json\/wp\/v2\/types\/product"}],"version-history":[{"count":1,"href":"https:\/\/www.tosunlux.eu\/fr\/wp-json\/wp\/v2\/product\/1350\/revisions"}],"predecessor-version":[{"id":1402,"href":"https:\/\/www.tosunlux.eu\/fr\/wp-json\/wp\/v2\/product\/1350\/revisions\/1402"}],"wp:attachment":[{"href":"https:\/\/www.tosunlux.eu\/fr\/wp-json\/wp\/v2\/media?parent=1350"}],"wp:term":[{"taxonomy":"product_category","embeddable":true,"href":"https:\/\/www.tosunlux.eu\/fr\/wp-json\/wp\/v2\/product_category?post=1350"}],"curies":[{"name":"wp","href":"https:\/\/api.w.org\/{rel}","templated":true}]}}