{"id":1478,"date":"2022-04-19T17:52:05","date_gmt":"2022-04-19T09:52:05","guid":{"rendered":"https:\/\/www.tosunlux.eu\/?post_type=product&#038;p=1478"},"modified":"2022-04-20T09:08:14","modified_gmt":"2022-04-20T01:08:14","slug":"cd60-ac-motor-start-capacitor","status":"publish","type":"product","link":"https:\/\/www.tosunlux.eu\/fr\/products\/cd60-ac-motor-start-capacitor\/","title":{"rendered":"Condensateur de d\u00e9marrage de moteur AC CD60"},"content":{"rendered":"<p><strong>Application<\/strong><\/p>\n\n\n\n<p>Le condensateur de d\u00e9marrage du moteur se situe dans la plage des condensateurs \u00e9lectrolytiques CA.<\/p>\n\n\n\n<p>Ces condensateurs sont souvent utilis\u00e9s pour fournir le couple n\u00e9cessaire au d\u00e9marrage des moteurs \u00e0 courant alternatif et d&#039;autres applications \u00e0 courant alternatif intermittent.<\/p>\n\n\n\n<p><strong>sp\u00e9cification<\/strong><\/p>\n\n\n<table style=\"height: 181px;\" width=\"907\">\n<tbody>\n<tr>\n<td width=\"346\">Mod\u00e8le<\/td>\n<td width=\"605\">CD60-A 21-1200uf CD60-F 50-1000uf<\/td>\n<\/tr>\n<tr>\n<td>Tension nominale<\/td>\n<td>220-250 VCA<\/td>\n<\/tr>\n<tr>\n<td>Tol\u00e9rance de capacit\u00e9<\/td>\n<td>-10% &#8211; +20%<\/td>\n<\/tr>\n<tr>\n<td>Facteur de dissipation (\u00e0 100Hz et 20\u2103)<\/td>\n<td>Tan \u2264 0,001(50Hz)<\/td>\n<\/tr>\n<tr>\n<td rowspan=\"2\">Tension de tenue<\/td>\n<td width=\"605\">Entre Borne : 1.25UR 2S sans panne ni explosion.<\/td>\n<\/tr>\n<tr>\n<td width=\"605\">Entre borne et bo\u00eetier : 2000VAC pendant 10S sans panne ni explosion.<\/td>\n<\/tr>\n<tr>\n<td>Temp\u00e9rature de fonctionnement<\/td>\n<td>-10\u2103\uff5e+60\u2103<\/td>\n<\/tr>\n<\/tbody>\n<\/table>\n\n\n<p><\/p>\n\n\n\n<p><strong>Dimension<\/strong><\/p>\n\n\n\n<p><strong>CD60-A<\/strong><\/p>\n\n\n<table style=\"border-collapse: collapse; width: 558.02pt;\" border=\"0\" width=\"744\" cellspacing=\"0\" cellpadding=\"0\">\n<tbody>\n<tr style=\"height: 15.00pt;\">\n<td class=\"et3\" style=\"height: 15pt; width: 93pt; text-align: center;\" width=\"124\" height=\"20\">Capacit\u00e9 (uf)<\/td>\n<td class=\"et3\" style=\"width: 93pt; text-align: center;\" width=\"124\">PxH<\/td>\n<td class=\"et3\" style=\"width: 93pt; text-align: center;\" width=\"124\">Capacit\u00e9 (uf)<\/td>\n<td class=\"et3\" style=\"width: 93pt; text-align: center;\" width=\"124\">PxH<\/td>\n<td class=\"et3\" style=\"width: 93pt; text-align: center;\" width=\"124\">Capacit\u00e9 (uf)<\/td>\n<td class=\"et3\" style=\"width: 93pt; text-align: center;\" width=\"124\">PxH<\/td>\n<\/tr>\n<tr style=\"height: 14.25pt;\">\n<td class=\"et4\" style=\"height: 14.25pt; text-align: center;\" height=\"19\">21-25<\/td>\n<td class=\"et4\" style=\"text-align: center;\">36&#215;70<\/td>\n<td class=\"et4\" style=\"text-align: center;\">145-175<\/td>\n<td class=\"et4\" style=\"text-align: center;\">36&#215;70<\/td>\n<td class=\"et4\" style=\"text-align: center;\">430-516<\/td>\n<td class=\"et4\" style=\"text-align: center;\">46&#215;85<\/td>\n<\/tr>\n<tr style=\"height: 14.25pt;\">\n<td class=\"et4\" style=\"height: 14.25pt; text-align: center;\" height=\"19\">36-43<\/td>\n<td class=\"et4\" style=\"text-align: center;\">36&#215;70<\/td>\n<td class=\"et4\" style=\"text-align: center;\">161-193<\/td>\n<td class=\"et4\" style=\"text-align: center;\">46&#215;85<\/td>\n<td class=\"et4\" style=\"text-align: center;\">460-552<\/td>\n<td class=\"et4\" style=\"text-align: center;\">46&#215;85<\/td>\n<\/tr>\n<tr style=\"height: 14.25pt;\">\n<td class=\"et4\" style=\"height: 14.25pt; text-align: center;\" height=\"19\">43-52<\/td>\n<td class=\"et4\" style=\"text-align: center;\">36&#215;70<\/td>\n<td class=\"et4\" style=\"text-align: center;\">189-227<\/td>\n<td class=\"et4\" style=\"text-align: center;\">46&#215;85<\/td>\n<td class=\"et4\" style=\"text-align: center;\">540-648<\/td>\n<td class=\"et4\" style=\"text-align: center;\">46&#215;85<\/td>\n<\/tr>\n<tr style=\"height: 14.25pt;\">\n<td class=\"et4\" style=\"height: 14.25pt; text-align: center;\" height=\"19\">47-56<\/td>\n<td class=\"et4\" style=\"text-align: center;\">36&#215;70<\/td>\n<td class=\"et4\" style=\"text-align: center;\">216-259<\/td>\n<td class=\"et4\" style=\"text-align: center;\">46&#215;85<\/td>\n<td class=\"et4\" style=\"text-align: center;\">590-708<\/td>\n<td class=\"et4\" style=\"text-align: center;\">46&#215;111<\/td>\n<\/tr>\n<tr style=\"height: 14.25pt;\">\n<td class=\"et4\" style=\"height: 14.25pt; text-align: center;\" height=\"19\">53-64<\/td>\n<td class=\"et4\" style=\"text-align: center;\">36&#215;70<\/td>\n<td class=\"et4\" style=\"text-align: center;\">233-280<\/td>\n<td class=\"et4\" style=\"text-align: center;\">46&#215;85<\/td>\n<td class=\"et4\" style=\"text-align: center;\">645-774<\/td>\n<td class=\"et4\" style=\"text-align: center;\">46&#215;111<\/td>\n<\/tr>\n<tr style=\"height: 14.25pt;\">\n<td class=\"et4\" style=\"height: 14.25pt; text-align: center;\" height=\"19\">64-77<\/td>\n<td class=\"et4\" style=\"text-align: center;\">36&#215;70<\/td>\n<td class=\"et4\" style=\"text-align: center;\">243-292<\/td>\n<td class=\"et4\" style=\"text-align: center;\">46&#215;85<\/td>\n<td class=\"et4\" style=\"text-align: center;\">708-850<\/td>\n<td class=\"et4\" style=\"text-align: center;\">46&#215;111<\/td>\n<\/tr>\n<tr style=\"height: 14.25pt;\">\n<td class=\"et4\" style=\"height: 14.25pt; text-align: center;\" height=\"19\">72-86<\/td>\n<td class=\"et4\" style=\"text-align: center;\">36&#215;70<\/td>\n<td class=\"et4\" style=\"text-align: center;\">270-324<\/td>\n<td class=\"et4\" style=\"text-align: center;\">46&#215;85<\/td>\n<td class=\"et4\" style=\"text-align: center;\">720-864<\/td>\n<td class=\"et4\" style=\"text-align: center;\">46&#215;111<\/td>\n<\/tr>\n<tr style=\"height: 14.25pt;\">\n<td class=\"et4\" style=\"height: 14.25pt; text-align: center;\" height=\"19\">88-108<\/td>\n<td class=\"et4\" style=\"text-align: center;\">36&#215;70<\/td>\n<td class=\"et4\" style=\"text-align: center;\">324-389<\/td>\n<td class=\"et4\" style=\"text-align: center;\">46&#215;85<\/td>\n<td class=\"et4\" style=\"text-align: center;\">829-995<\/td>\n<td class=\"et4\" style=\"text-align: center;\">46&#215;111<\/td>\n<\/tr>\n<tr style=\"height: 14.25pt;\">\n<td class=\"et4\" style=\"height: 14.25pt; text-align: center;\" height=\"19\">108-130<\/td>\n<td class=\"et4\" style=\"text-align: center;\">36&#215;70<\/td>\n<td class=\"et4\" style=\"text-align: center;\">340-408<\/td>\n<td class=\"et4\" style=\"text-align: center;\">46&#215;85<\/td>\n<td class=\"et4\" style=\"text-align: center;\">850-1020<\/td>\n<td class=\"et4\" style=\"text-align: center;\">46&#215;111<\/td>\n<\/tr>\n<tr style=\"height: 14.25pt;\">\n<td class=\"et4\" style=\"height: 14.25pt; text-align: center;\" height=\"19\">124-149<\/td>\n<td class=\"et4\" style=\"text-align: center;\">36&#215;70<\/td>\n<td class=\"et4\" style=\"text-align: center;\">378-454<\/td>\n<td class=\"et4\" style=\"text-align: center;\">46&#215;85<\/td>\n<td class=\"et4\" style=\"text-align: center;\">1000-1200<\/td>\n<td class=\"et4\" style=\"text-align: center;\">46&#215;111<\/td>\n<\/tr>\n<tr style=\"height: 14.25pt;\">\n<td class=\"et4\" style=\"height: 14.25pt; text-align: center;\" height=\"19\">130-156<\/td>\n<td class=\"et4\" style=\"text-align: center;\">36&#215;70<\/td>\n<td class=\"et4\" style=\"text-align: center;\">400-480<\/td>\n<td class=\"et4\" style=\"text-align: center;\">46&#215;85<\/td>\n<td class=\"et4\" style=\"text-align: center;\">\u00a0<\/td>\n<td class=\"et4\" style=\"text-align: center;\">\u00a0<\/td>\n<\/tr>\n<\/tbody>\n<\/table>\n\n\n<p> <\/p>\n\n\n\n<p><strong>CD60-F<\/strong><\/p>\n\n\n<table style=\"border-collapse: collapse; width: 558.02pt;\" border=\"0\" width=\"744\" cellspacing=\"0\" cellpadding=\"0\">\n<tbody>\n<tr style=\"height: 15.00pt;\">\n<td class=\"et3\" style=\"height: 15pt; width: 93pt; text-align: center;\" width=\"124\" height=\"20\">Capacit\u00e9 (uf)<\/td>\n<td class=\"et3\" style=\"width: 93pt; text-align: center;\" width=\"124\">PxH<\/td>\n<td class=\"et3\" style=\"width: 93pt; text-align: center;\" width=\"124\">Capacit\u00e9 (uf)<\/td>\n<td class=\"et3\" style=\"width: 93pt; text-align: center;\" width=\"124\">PxH<\/td>\n<td class=\"et3\" style=\"width: 93pt; text-align: center;\" width=\"124\">Capacit\u00e9 (uf)<\/td>\n<td class=\"et3\" style=\"width: 93pt; text-align: center;\" width=\"124\">PxH<\/td>\n<\/tr>\n<tr style=\"height: 14.25pt;\">\n<td class=\"et4\" style=\"height: 14.25pt; text-align: center;\" height=\"19\">50<\/td>\n<td class=\"et4\" style=\"text-align: center;\">42X80<\/td>\n<td class=\"et4\" style=\"text-align: center;\">200<\/td>\n<td class=\"et4\" style=\"text-align: center;\">42X80<\/td>\n<td class=\"et4\" style=\"text-align: center;\">500<\/td>\n<td class=\"et4\" style=\"text-align: center;\">50&#215;100<\/td>\n<\/tr>\n<tr style=\"height: 14.25pt;\">\n<td class=\"et4\" style=\"height: 14.25pt; text-align: center;\" height=\"19\">75<\/td>\n<td class=\"et4\" style=\"text-align: center;\">42&#215;70<\/td>\n<td class=\"et4\" style=\"text-align: center;\">250<\/td>\n<td class=\"et4\" style=\"text-align: center;\">50&#215;100<\/td>\n<td class=\"et4\" style=\"text-align: center;\">550<\/td>\n<td class=\"et4\" style=\"text-align: center;\">50&#215;100<\/td>\n<\/tr>\n<tr style=\"height: 14.25pt;\">\n<td class=\"et4\" style=\"height: 14.25pt; text-align: center;\" height=\"19\">100<\/td>\n<td class=\"et4\" style=\"text-align: center;\">42&#215;70<\/td>\n<td class=\"et4\" style=\"text-align: center;\">300<\/td>\n<td class=\"et4\" style=\"text-align: center;\">50&#215;100<\/td>\n<td class=\"et4\" style=\"text-align: center;\">600<\/td>\n<td class=\"et4\" style=\"text-align: center;\">50&#215;100<\/td>\n<\/tr>\n<tr style=\"height: 14.25pt;\">\n<td class=\"et4\" style=\"height: 14.25pt; text-align: center;\" height=\"19\">120<\/td>\n<td class=\"et4\" style=\"text-align: center;\">42&#215;70<\/td>\n<td class=\"et4\" style=\"text-align: center;\">350<\/td>\n<td class=\"et4\" style=\"text-align: center;\">50&#215;100<\/td>\n<td class=\"et4\" style=\"text-align: center;\">700<\/td>\n<td class=\"et4\" style=\"text-align: center;\">50&#215;100<\/td>\n<\/tr>\n<tr style=\"height: 14.25pt;\">\n<td class=\"et4\" style=\"height: 14.25pt; text-align: center;\" height=\"19\">150<\/td>\n<td class=\"et4\" style=\"text-align: center;\">42X80<\/td>\n<td class=\"et4\" style=\"text-align: center;\">400<\/td>\n<td class=\"et4\" style=\"text-align: center;\">50&#215;100<\/td>\n<td class=\"et4\" style=\"text-align: center;\">800<\/td>\n<td class=\"et4\" style=\"text-align: center;\">50&#215;100<\/td>\n<\/tr>\n<tr style=\"height: 14.25pt;\">\n<td class=\"et4\" style=\"height: 14.25pt; text-align: center;\" height=\"19\">180<\/td>\n<td class=\"et4\" style=\"text-align: center;\">42X80<\/td>\n<td class=\"et4\" style=\"text-align: center;\">450<\/td>\n<td class=\"et4\" style=\"text-align: center;\">50&#215;100<\/td>\n<td class=\"et4\" style=\"text-align: center;\">1000<\/td>\n<td class=\"et4\" style=\"text-align: center;\">50&#215;100<\/td>\n<\/tr>\n<\/tbody>\n<\/table>","protected":false},"parent":0,"template":"","product_category":[36,114],"class_list":["post-1478","product","type-product","status-publish","hentry","product_category-electrical-accessories","product_category-capacitor"],"yoast_head":"<!-- This site is optimized with the Yoast SEO plugin v27.3 - https:\/\/yoast.com\/product\/yoast-seo-wordpress\/ -->\n<title>WholesaleCD60 AC Motor Start Capacitor - TOSUNlux Official Site - Electrical Circuit Breaker Manufacturer in China Low Voltage Electrical Supplier | TOSUNlux<\/title>\n<meta name=\"description\" content=\"CD60 AC Motor Start Capacitor Supplier - Wholesale direct from TOSUNlux, a trusted manufacturer since 1994. Get your B2B factory quote on our certified Low Voltage electrical products.\" \/>\n<meta name=\"robots\" content=\"index, follow, max-snippet:-1, max-image-preview:large, max-video-preview:-1\" \/>\n<link rel=\"canonical\" href=\"https:\/\/www.tosunlux.eu\/fr\/products\/cd60-ac-motor-start-capacitor\/\" \/>\n<meta property=\"og:locale\" content=\"fr_FR\" \/>\n<meta property=\"og:type\" content=\"article\" \/>\n<meta property=\"og:title\" content=\"WholesaleCD60 AC Motor Start Capacitor - TOSUNlux Official Site - Electrical Circuit Breaker Manufacturer in China Low Voltage Electrical Supplier | TOSUNlux\" \/>\n<meta property=\"og:description\" content=\"CD60 AC Motor Start Capacitor Supplier - Wholesale direct from TOSUNlux, a trusted manufacturer since 1994. Get your B2B factory quote on our certified Low Voltage electrical products.\" \/>\n<meta property=\"og:url\" content=\"https:\/\/www.tosunlux.eu\/fr\/products\/cd60-ac-motor-start-capacitor\/\" \/>\n<meta property=\"og:site_name\" content=\"TOSUNlux Official Site - Electrical Circuit Breaker Manufacturer in China\" \/>\n<meta property=\"article:publisher\" content=\"https:\/\/www.facebook.com\/TOSUNelectric\/\" \/>\n<meta property=\"article:modified_time\" content=\"2022-04-20T01:08:14+00:00\" \/>\n<meta property=\"og:image\" content=\"https:\/\/www.tosunlux.eu\/wp-content\/uploads\/2023\/04\/DSC08160_\u526f\u672c.jpg\" \/>\n\t<meta property=\"og:image:width\" content=\"1500\" \/>\n\t<meta property=\"og:image:height\" content=\"940\" \/>\n\t<meta property=\"og:image:type\" content=\"image\/jpeg\" \/>\n<meta name=\"twitter:card\" content=\"summary_large_image\" \/>\n<meta name=\"twitter:label1\" content=\"Dur\u00e9e de lecture estim\u00e9e\" \/>\n\t<meta name=\"twitter:data1\" content=\"1 minute\" \/>\n<script type=\"application\/ld+json\" class=\"yoast-schema-graph\">{\"@context\":\"https:\\\/\\\/schema.org\",\"@graph\":[{\"@type\":\"WebPage\",\"@id\":\"https:\\\/\\\/www.tosunlux.eu\\\/ru\\\/products\\\/cd60-ac-motor-start-capacitor\\\/\",\"url\":\"https:\\\/\\\/www.tosunlux.eu\\\/ru\\\/products\\\/cd60-ac-motor-start-capacitor\\\/\",\"name\":\"WholesaleCD60 AC Motor Start Capacitor - TOSUNlux Official Site - Electrical Circuit Breaker Manufacturer in China Low Voltage Electrical Supplier | TOSUNlux\",\"isPartOf\":{\"@id\":\"https:\\\/\\\/www.tosunlux.eu\\\/ru\\\/#website\"},\"datePublished\":\"2022-04-19T09:52:05+00:00\",\"dateModified\":\"2022-04-20T01:08:14+00:00\",\"description\":\"CD60 AC Motor Start Capacitor Supplier - Wholesale direct from TOSUNlux, a trusted manufacturer since 1994. Get your B2B factory quote on our certified Low Voltage electrical products.\",\"breadcrumb\":{\"@id\":\"https:\\\/\\\/www.tosunlux.eu\\\/ru\\\/products\\\/cd60-ac-motor-start-capacitor\\\/#breadcrumb\"},\"inLanguage\":\"fr-FR\",\"potentialAction\":[{\"@type\":\"ReadAction\",\"target\":[\"https:\\\/\\\/www.tosunlux.eu\\\/ru\\\/products\\\/cd60-ac-motor-start-capacitor\\\/\"]}]},{\"@type\":\"BreadcrumbList\",\"@id\":\"https:\\\/\\\/www.tosunlux.eu\\\/ru\\\/products\\\/cd60-ac-motor-start-capacitor\\\/#breadcrumb\",\"itemListElement\":[{\"@type\":\"ListItem\",\"position\":1,\"name\":\"Home\",\"item\":\"https:\\\/\\\/www.tosunlux.eu\\\/ru\\\/\"},{\"@type\":\"ListItem\",\"position\":2,\"name\":\"Products\",\"item\":\"https:\\\/\\\/www.tosunlux.eu\\\/products\\\/\"},{\"@type\":\"ListItem\",\"position\":3,\"name\":\"CD60 AC Motor Start Capacitor\"}]},{\"@type\":\"WebSite\",\"@id\":\"https:\\\/\\\/www.tosunlux.eu\\\/ru\\\/#website\",\"url\":\"https:\\\/\\\/www.tosunlux.eu\\\/ru\\\/\",\"name\":\"TOSUNlux Official Site - Electrical Circuit Breaker Manufacturer in China\",\"description\":\"Power Distribution System Supplier\",\"publisher\":{\"@id\":\"https:\\\/\\\/www.tosunlux.eu\\\/ru\\\/#organization\"},\"alternateName\":\"TOSUNlux\",\"potentialAction\":[{\"@type\":\"SearchAction\",\"target\":{\"@type\":\"EntryPoint\",\"urlTemplate\":\"https:\\\/\\\/www.tosunlux.eu\\\/ru\\\/?s={search_term_string}\"},\"query-input\":{\"@type\":\"PropertyValueSpecification\",\"valueRequired\":true,\"valueName\":\"search_term_string\"}}],\"inLanguage\":\"fr-FR\"},{\"@type\":\"Organization\",\"@id\":\"https:\\\/\\\/www.tosunlux.eu\\\/ru\\\/#organization\",\"name\":\"TOSUNlux\",\"url\":\"https:\\\/\\\/www.tosunlux.eu\\\/ru\\\/\",\"logo\":{\"@type\":\"ImageObject\",\"inLanguage\":\"fr-FR\",\"@id\":\"https:\\\/\\\/www.tosunlux.eu\\\/ru\\\/#\\\/schema\\\/logo\\\/image\\\/\",\"url\":\"https:\\\/\\\/www.tosunlux.eu\\\/wp-content\\\/uploads\\\/2022\\\/01\\\/LOGOSYSM.71762f1.png\",\"contentUrl\":\"https:\\\/\\\/www.tosunlux.eu\\\/wp-content\\\/uploads\\\/2022\\\/01\\\/LOGOSYSM.71762f1.png\",\"width\":153,\"height\":55,\"caption\":\"TOSUNlux\"},\"image\":{\"@id\":\"https:\\\/\\\/www.tosunlux.eu\\\/ru\\\/#\\\/schema\\\/logo\\\/image\\\/\"},\"sameAs\":[\"https:\\\/\\\/www.facebook.com\\\/TOSUNelectric\\\/\",\"https:\\\/\\\/www.linkedin.com\\\/company\\\/wenzhou-tosun-electric-co.-ltd\\\/\"]}]}<\/script>\n<!-- \/ Yoast SEO plugin. -->","yoast_head_json":{"title":"Condensateur de d\u00e9marrage de moteur \u00e0 courant alternatif CD60 en gros - Site officiel TOSUNlux - Fabricant de disjoncteurs \u00e9lectriques en Chine Fournisseur d&#039;\u00e9quipements \u00e9lectriques basse tension | TOSUNlux","description":"Fournisseur de condensateurs de d\u00e9marrage de moteur \u00e0 courant alternatif CD60 - Vente en gros directement aupr\u00e8s de TOSUNlux, un fabricant de confiance depuis 1994. Obtenez votre devis d&#039;usine B2B sur nos produits \u00e9lectriques basse tension certifi\u00e9s.","robots":{"index":"index","follow":"follow","max-snippet":"max-snippet:-1","max-image-preview":"max-image-preview:large","max-video-preview":"max-video-preview:-1"},"canonical":"https:\/\/www.tosunlux.eu\/fr\/products\/cd60-ac-motor-start-capacitor\/","og_locale":"fr_FR","og_type":"article","og_title":"WholesaleCD60 AC Motor Start Capacitor - TOSUNlux Official Site - Electrical Circuit Breaker Manufacturer in China Low Voltage Electrical Supplier | TOSUNlux","og_description":"CD60 AC Motor Start Capacitor Supplier - Wholesale direct from TOSUNlux, a trusted manufacturer since 1994. Get your B2B factory quote on our certified Low Voltage electrical products.","og_url":"https:\/\/www.tosunlux.eu\/fr\/products\/cd60-ac-motor-start-capacitor\/","og_site_name":"TOSUNlux Official Site - Electrical Circuit Breaker Manufacturer in China","article_publisher":"https:\/\/www.facebook.com\/TOSUNelectric\/","article_modified_time":"2022-04-20T01:08:14+00:00","og_image":[{"width":1500,"height":940,"url":"https:\/\/www.tosunlux.eu\/wp-content\/uploads\/2023\/04\/DSC08160_\u526f\u672c.jpg","type":"image\/jpeg"}],"twitter_card":"summary_large_image","twitter_misc":{"Dur\u00e9e de lecture estim\u00e9e":"1 minute"},"schema":{"@context":"https:\/\/schema.org","@graph":[{"@type":"WebPage","@id":"https:\/\/www.tosunlux.eu\/ru\/products\/cd60-ac-motor-start-capacitor\/","url":"https:\/\/www.tosunlux.eu\/ru\/products\/cd60-ac-motor-start-capacitor\/","name":"Condensateur de d\u00e9marrage de moteur \u00e0 courant alternatif CD60 en gros - Site officiel TOSUNlux - Fabricant de disjoncteurs \u00e9lectriques en Chine Fournisseur d&#039;\u00e9quipements \u00e9lectriques basse tension | TOSUNlux","isPartOf":{"@id":"https:\/\/www.tosunlux.eu\/ru\/#website"},"datePublished":"2022-04-19T09:52:05+00:00","dateModified":"2022-04-20T01:08:14+00:00","description":"Fournisseur de condensateurs de d\u00e9marrage de moteur \u00e0 courant alternatif CD60 - Vente en gros directement aupr\u00e8s de TOSUNlux, un fabricant de confiance depuis 1994. Obtenez votre devis d&#039;usine B2B sur nos produits \u00e9lectriques basse tension certifi\u00e9s.","breadcrumb":{"@id":"https:\/\/www.tosunlux.eu\/ru\/products\/cd60-ac-motor-start-capacitor\/#breadcrumb"},"inLanguage":"fr-FR","potentialAction":[{"@type":"ReadAction","target":["https:\/\/www.tosunlux.eu\/ru\/products\/cd60-ac-motor-start-capacitor\/"]}]},{"@type":"BreadcrumbList","@id":"https:\/\/www.tosunlux.eu\/ru\/products\/cd60-ac-motor-start-capacitor\/#breadcrumb","itemListElement":[{"@type":"ListItem","position":1,"name":"Home","item":"https:\/\/www.tosunlux.eu\/ru\/"},{"@type":"ListItem","position":2,"name":"Products","item":"https:\/\/www.tosunlux.eu\/products\/"},{"@type":"ListItem","position":3,"name":"CD60 AC Motor Start Capacitor"}]},{"@type":"WebSite","@id":"https:\/\/www.tosunlux.eu\/ru\/#website","url":"https:\/\/www.tosunlux.eu\/ru\/","name":"Site officiel TOSUNlux - Fabricant de disjoncteurs \u00e9lectriques en Chine","description":"Fournisseur de syst\u00e8me de distribution d&#039;\u00e9nergie","publisher":{"@id":"https:\/\/www.tosunlux.eu\/ru\/#organization"},"alternateName":"TOSUNlux","potentialAction":[{"@type":"SearchAction","target":{"@type":"EntryPoint","urlTemplate":"https:\/\/www.tosunlux.eu\/ru\/?s={search_term_string}"},"query-input":{"@type":"PropertyValueSpecification","valueRequired":true,"valueName":"search_term_string"}}],"inLanguage":"fr-FR"},{"@type":"Organization","@id":"https:\/\/www.tosunlux.eu\/ru\/#organization","name":"TOSUNlux","url":"https:\/\/www.tosunlux.eu\/ru\/","logo":{"@type":"ImageObject","inLanguage":"fr-FR","@id":"https:\/\/www.tosunlux.eu\/ru\/#\/schema\/logo\/image\/","url":"https:\/\/www.tosunlux.eu\/wp-content\/uploads\/2022\/01\/LOGOSYSM.71762f1.png","contentUrl":"https:\/\/www.tosunlux.eu\/wp-content\/uploads\/2022\/01\/LOGOSYSM.71762f1.png","width":153,"height":55,"caption":"TOSUNlux"},"image":{"@id":"https:\/\/www.tosunlux.eu\/ru\/#\/schema\/logo\/image\/"},"sameAs":["https:\/\/www.facebook.com\/TOSUNelectric\/","https:\/\/www.linkedin.com\/company\/wenzhou-tosun-electric-co.-ltd\/"]}]}},"_links":{"self":[{"href":"https:\/\/www.tosunlux.eu\/fr\/wp-json\/wp\/v2\/product\/1478","targetHints":{"allow":["GET"]}}],"collection":[{"href":"https:\/\/www.tosunlux.eu\/fr\/wp-json\/wp\/v2\/product"}],"about":[{"href":"https:\/\/www.tosunlux.eu\/fr\/wp-json\/wp\/v2\/types\/product"}],"version-history":[{"count":0,"href":"https:\/\/www.tosunlux.eu\/fr\/wp-json\/wp\/v2\/product\/1478\/revisions"}],"wp:attachment":[{"href":"https:\/\/www.tosunlux.eu\/fr\/wp-json\/wp\/v2\/media?parent=1478"}],"wp:term":[{"taxonomy":"product_category","embeddable":true,"href":"https:\/\/www.tosunlux.eu\/fr\/wp-json\/wp\/v2\/product_category?post=1478"}],"curies":[{"name":"wp","href":"https:\/\/api.w.org\/{rel}","templated":true}]}}