{"id":1614,"date":"2022-04-21T17:38:44","date_gmt":"2022-04-21T09:38:44","guid":{"rendered":"https:\/\/www.tosunlux.eu\/?post_type=product&#038;p=1614"},"modified":"2022-04-21T17:38:45","modified_gmt":"2022-04-21T09:38:45","slug":"three-phase-servo-voltage-stabilizer-svc","status":"publish","type":"product","link":"https:\/\/www.tosunlux.eu\/fr\/products\/three-phase-servo-voltage-stabilizer-svc\/","title":{"rendered":"Stabilisateur de tension servo triphas\u00e9 SVC"},"content":{"rendered":"<table style=\"border-collapse: collapse; width: 548.27pt;\" border=\"0\" width=\"731\" cellspacing=\"0\" cellpadding=\"0\">\n<tbody>\n<tr style=\"height: 14.25pt;\">\n<td class=\"et2\" style=\"height: 14.25pt; width: 128.25pt;\" width=\"171\" height=\"19\">Mod\u00e8le (KVA)<\/td>\n<td class=\"et3\" style=\"width: 420.00pt;\" width=\"560\">1.5, 3, 4.5, 6, 9, 15, 20, 30, 50, 60,75,90,100<\/td>\n<\/tr>\n<tr style=\"height: 14.25pt;\">\n<td class=\"et2\" style=\"height: 14.25pt;\" height=\"19\">Tension d&#039;entr\u00e9e<\/td>\n<td class=\"et3\">Triphas\u00e9 280-430V<\/td>\n<\/tr>\n<tr style=\"height: 14.25pt;\">\n<td class=\"et2\" style=\"height: 14.25pt;\" height=\"19\">Tension de sortie<\/td>\n<td class=\"et3\">Triphas\u00e9 380V\u00b13%<\/td>\n<\/tr>\n<tr style=\"height: 14.25pt;\">\n<td class=\"et2\" style=\"height: 14.25pt;\" height=\"19\">Phase<\/td>\n<td class=\"et3\">Trois phases<\/td>\n<\/tr>\n<tr style=\"height: 14.25pt;\">\n<td class=\"et2\" style=\"height: 14.25pt;\" height=\"19\">Fr\u00e9quence<\/td>\n<td class=\"et3\">50\/60Hz<\/td>\n<\/tr>\n<tr style=\"height: 14.25pt;\">\n<td class=\"et2\" style=\"height: 14.25pt;\" height=\"19\">Temps de r\u00e9ponse<\/td>\n<td class=\"et3\">En 1 s. contre l&#039;\u00e9cart de tension d&#039;entr\u00e9e 10%<\/td>\n<\/tr>\n<tr style=\"height: 14.25pt;\">\n<td class=\"et2\" style=\"height: 14.25pt;\" height=\"19\">Efficacit\u00e9<\/td>\n<td class=\"et3\">Mieux que 90%<\/td>\n<\/tr>\n<tr style=\"height: 14.25pt;\">\n<td class=\"et2\" style=\"height: 14.25pt;\" height=\"19\">Temp\u00e9rature ambiante<\/td>\n<td class=\"et3\">-5\u2103~+40\u2103<\/td>\n<\/tr>\n<tr style=\"height: 14.25pt;\">\n<td class=\"et2\" style=\"height: 14.25pt;\" height=\"19\">Humidit\u00e9 relative<\/td>\n<td class=\"et3\">Moins de 95%<\/td>\n<\/tr>\n<tr style=\"height: 14.25pt;\">\n<td class=\"et2\" style=\"height: 14.25pt;\" height=\"19\">Distorsion de la forme d&#039;onde<\/td>\n<td class=\"et3\">Non-Lack Fidelity dans la forme d&#039;onde<\/td>\n<\/tr>\n<tr style=\"height: 14.25pt;\">\n<td class=\"et2\" style=\"height: 14.25pt;\" height=\"19\">La resistance d&#039;isolement<\/td>\n<td class=\"et3\">&gt; 5M\u03a9<\/td>\n<\/tr>\n<\/tbody>\n<\/table>\n\n\n<p><\/p>\n\n\n<table style=\"border-collapse: collapse; width: 372.02pt;\" border=\"0\" width=\"496\" cellspacing=\"0\" cellpadding=\"0\">\n<tbody>\n<tr style=\"height: 14.25pt;\">\n<td class=\"et3\" style=\"height: 14.25pt; width: 93.00pt;\" width=\"124\" height=\"19\">Mod\u00e8le<\/td>\n<td class=\"et3\" style=\"width: 93.00pt;\" width=\"124\">L(mm)<\/td>\n<td class=\"et3\" style=\"width: 93.00pt;\" width=\"124\">W(mm)<\/td>\n<td class=\"et3\" style=\"width: 93.00pt;\" width=\"124\">Hmm)<\/td>\n<\/tr>\n<tr style=\"height: 14.25pt;\">\n<td class=\"et3\" style=\"height: 14.25pt;\" height=\"19\">SVC-3\/4.5KVA<\/td>\n<td class=\"et3\">489<\/td>\n<td class=\"et3\">364<\/td>\n<td class=\"et3\">173<\/td>\n<\/tr>\n<tr style=\"height: 14.25pt;\">\n<td class=\"et3\" style=\"height: 14.25pt;\" height=\"19\">SVC-6KVA<\/td>\n<td class=\"et3\">290<\/td>\n<td class=\"et3\">358<\/td>\n<td class=\"et3\">692<\/td>\n<\/tr>\n<tr style=\"height: 14.25pt;\">\n<td class=\"et3\" style=\"height: 14.25pt;\" height=\"19\">SVC-9KVA<\/td>\n<td class=\"et3\">324<\/td>\n<td class=\"et3\">360<\/td>\n<td class=\"et3\">780<\/td>\n<\/tr>\n<tr style=\"height: 14.25pt;\">\n<td class=\"et3\" style=\"height: 14.25pt;\" height=\"19\">SVC-15KVA<\/td>\n<td class=\"et3\">358<\/td>\n<td class=\"et3\">392<\/td>\n<td class=\"et3\">863<\/td>\n<\/tr>\n<tr style=\"height: 14.25pt;\">\n<td class=\"et3\" style=\"height: 14.25pt;\" height=\"19\">SVC-20KVA<\/td>\n<td class=\"et3\">492<\/td>\n<td class=\"et3\">501<\/td>\n<td class=\"et3\">810<\/td>\n<\/tr>\n<tr style=\"height: 14.25pt;\">\n<td class=\"et3\" style=\"height: 14.25pt;\" height=\"19\">SVC-30KVA<\/td>\n<td class=\"et3\">492<\/td>\n<td class=\"et3\">501<\/td>\n<td class=\"et3\">810<\/td>\n<\/tr>\n<tr style=\"height: 14.25pt;\">\n<td class=\"et3\" style=\"height: 14.25pt;\" height=\"19\">SVC-50KVA<\/td>\n<td class=\"et3\">560<\/td>\n<td class=\"et3\">783<\/td>\n<td class=\"et3\">1185<\/td>\n<\/tr>\n<tr style=\"height: 14.25pt;\">\n<td class=\"et3\" style=\"height: 14.25pt;\" height=\"19\">SVC-60KVA<\/td>\n<td class=\"et3\">560<\/td>\n<td class=\"et3\">783<\/td>\n<td class=\"et3\">1185<\/td>\n<\/tr>\n<tr style=\"height: 14.25pt;\">\n<td class=\"et3\" style=\"height: 14.25pt;\" height=\"19\">SVC-100KVA<\/td>\n<td class=\"et3\">560<\/td>\n<td class=\"et3\">783<\/td>\n<td class=\"et3\">1285<\/td>\n<\/tr>\n<\/tbody>\n<\/table>\n\n\n<figure class=\"wp-block-image size-large is-resized\"><img fetchpriority=\"high\" decoding=\"async\" src=\"https:\/\/www.tosunlux.eu\/wp-content\/uploads\/2022\/04\/SVC-3P-dimensions-740x1024.jpg\" alt=\"\" class=\"wp-image-1617\" width=\"370\" height=\"512\" srcset=\"https:\/\/www.tosunlux.eu\/wp-content\/uploads\/2022\/04\/SVC-3P-dimensions-740x1024.jpg 740w, https:\/\/www.tosunlux.eu\/wp-content\/uploads\/2022\/04\/SVC-3P-dimensions-217x300.jpg 217w, https:\/\/www.tosunlux.eu\/wp-content\/uploads\/2022\/04\/SVC-3P-dimensions-768x1062.jpg 768w, https:\/\/www.tosunlux.eu\/wp-content\/uploads\/2022\/04\/SVC-3P-dimensions-1111x1536.jpg 1111w, https:\/\/www.tosunlux.eu\/wp-content\/uploads\/2022\/04\/SVC-3P-dimensions.jpg 1157w\" sizes=\"(max-width: 370px) 100vw, 370px\" \/><\/figure>","protected":false},"parent":0,"template":"","product_category":[75,122],"class_list":["post-1614","product","type-product","status-publish","hentry","product_category-instruments","product_category-voltage-stabilizer-regulator"],"yoast_head":"<!-- This site is optimized with the Yoast SEO plugin v27.5 - https:\/\/yoast.com\/product\/yoast-seo-wordpress\/ -->\n<title>WholesaleThree Phase Servo Voltage Stabilizer SVC - TOSUNlux Official Site - Electrical Circuit Breaker Manufacturer in China Low Voltage Electrical Supplier | TOSUNlux<\/title>\n<meta name=\"description\" content=\"Three Phase Servo Voltage Stabilizer SVC Supplier - Wholesale direct from TOSUNlux, a trusted manufacturer since 1994. Get your B2B factory quote on our certified Low Voltage electrical products.\" \/>\n<meta name=\"robots\" content=\"index, follow, max-snippet:-1, max-image-preview:large, max-video-preview:-1\" \/>\n<link rel=\"canonical\" href=\"https:\/\/www.tosunlux.eu\/fr\/products\/three-phase-servo-voltage-stabilizer-svc\/\" \/>\n<meta property=\"og:locale\" content=\"fr_FR\" \/>\n<meta property=\"og:type\" content=\"article\" \/>\n<meta property=\"og:title\" content=\"WholesaleThree Phase Servo Voltage Stabilizer SVC - TOSUNlux Official Site - Electrical Circuit Breaker Manufacturer in China Low Voltage Electrical Supplier | TOSUNlux\" \/>\n<meta property=\"og:description\" content=\"Three Phase Servo Voltage Stabilizer SVC Supplier - Wholesale direct from TOSUNlux, a trusted manufacturer since 1994. Get your B2B factory quote on our certified Low Voltage electrical products.\" \/>\n<meta property=\"og:url\" content=\"https:\/\/www.tosunlux.eu\/fr\/products\/three-phase-servo-voltage-stabilizer-svc\/\" \/>\n<meta property=\"og:site_name\" content=\"TOSUNlux Official Site - Electrical Circuit Breaker Manufacturer in China\" \/>\n<meta property=\"article:publisher\" content=\"https:\/\/www.facebook.com\/TOSUNelectric\/\" \/>\n<meta property=\"article:modified_time\" content=\"2022-04-21T09:38:45+00:00\" \/>\n<meta property=\"og:image\" content=\"https:\/\/www.tosunlux.eu\/wp-content\/uploads\/2022\/04\/SVC-3P-dimensions-740x1024.jpg\" \/>\n<meta name=\"twitter:card\" content=\"summary_large_image\" \/>\n<script type=\"application\/ld+json\" class=\"yoast-schema-graph\">{\"@context\":\"https:\\\/\\\/schema.org\",\"@graph\":[{\"@type\":\"WebPage\",\"@id\":\"https:\\\/\\\/www.tosunlux.eu\\\/products\\\/three-phase-servo-voltage-stabilizer-svc\\\/\",\"url\":\"https:\\\/\\\/www.tosunlux.eu\\\/products\\\/three-phase-servo-voltage-stabilizer-svc\\\/\",\"name\":\"WholesaleThree Phase Servo Voltage Stabilizer SVC - TOSUNlux Official Site - Electrical Circuit Breaker Manufacturer in China Low Voltage Electrical Supplier | TOSUNlux\",\"isPartOf\":{\"@id\":\"https:\\\/\\\/www.tosunlux.eu\\\/ru\\\/#website\"},\"primaryImageOfPage\":{\"@id\":\"https:\\\/\\\/www.tosunlux.eu\\\/products\\\/three-phase-servo-voltage-stabilizer-svc\\\/#primaryimage\"},\"image\":{\"@id\":\"https:\\\/\\\/www.tosunlux.eu\\\/products\\\/three-phase-servo-voltage-stabilizer-svc\\\/#primaryimage\"},\"thumbnailUrl\":\"https:\\\/\\\/www.tosunlux.eu\\\/wp-content\\\/uploads\\\/2022\\\/04\\\/SVC-3P-dimensions-740x1024.jpg\",\"datePublished\":\"2022-04-21T09:38:44+00:00\",\"dateModified\":\"2022-04-21T09:38:45+00:00\",\"description\":\"Three Phase Servo Voltage Stabilizer SVC Supplier - Wholesale direct from TOSUNlux, a trusted manufacturer since 1994. Get your B2B factory quote on our certified Low Voltage electrical products.\",\"breadcrumb\":{\"@id\":\"https:\\\/\\\/www.tosunlux.eu\\\/products\\\/three-phase-servo-voltage-stabilizer-svc\\\/#breadcrumb\"},\"inLanguage\":\"fr-FR\",\"potentialAction\":[{\"@type\":\"ReadAction\",\"target\":[\"https:\\\/\\\/www.tosunlux.eu\\\/products\\\/three-phase-servo-voltage-stabilizer-svc\\\/\"]}]},{\"@type\":\"ImageObject\",\"inLanguage\":\"fr-FR\",\"@id\":\"https:\\\/\\\/www.tosunlux.eu\\\/products\\\/three-phase-servo-voltage-stabilizer-svc\\\/#primaryimage\",\"url\":\"https:\\\/\\\/www.tosunlux.eu\\\/wp-content\\\/uploads\\\/2022\\\/04\\\/SVC-3P-dimensions-740x1024.jpg\",\"contentUrl\":\"https:\\\/\\\/www.tosunlux.eu\\\/wp-content\\\/uploads\\\/2022\\\/04\\\/SVC-3P-dimensions-740x1024.jpg\"},{\"@type\":\"BreadcrumbList\",\"@id\":\"https:\\\/\\\/www.tosunlux.eu\\\/products\\\/three-phase-servo-voltage-stabilizer-svc\\\/#breadcrumb\",\"itemListElement\":[{\"@type\":\"ListItem\",\"position\":1,\"name\":\"Home\",\"item\":\"https:\\\/\\\/www.tosunlux.eu\\\/ru\\\/\"},{\"@type\":\"ListItem\",\"position\":2,\"name\":\"Products\",\"item\":\"https:\\\/\\\/www.tosunlux.eu\\\/products\\\/\"},{\"@type\":\"ListItem\",\"position\":3,\"name\":\"Three Phase Servo Voltage Stabilizer SVC\"}]},{\"@type\":\"WebSite\",\"@id\":\"https:\\\/\\\/www.tosunlux.eu\\\/ru\\\/#website\",\"url\":\"https:\\\/\\\/www.tosunlux.eu\\\/ru\\\/\",\"name\":\"TOSUNlux Official Site - Electrical Circuit Breaker Manufacturer in China\",\"description\":\"Power Distribution System Supplier\",\"publisher\":{\"@id\":\"https:\\\/\\\/www.tosunlux.eu\\\/ru\\\/#organization\"},\"alternateName\":\"TOSUNlux\",\"potentialAction\":[{\"@type\":\"SearchAction\",\"target\":{\"@type\":\"EntryPoint\",\"urlTemplate\":\"https:\\\/\\\/www.tosunlux.eu\\\/ru\\\/?s={search_term_string}\"},\"query-input\":{\"@type\":\"PropertyValueSpecification\",\"valueRequired\":true,\"valueName\":\"search_term_string\"}}],\"inLanguage\":\"fr-FR\"},{\"@type\":\"Organization\",\"@id\":\"https:\\\/\\\/www.tosunlux.eu\\\/ru\\\/#organization\",\"name\":\"TOSUNlux\",\"url\":\"https:\\\/\\\/www.tosunlux.eu\\\/ru\\\/\",\"logo\":{\"@type\":\"ImageObject\",\"inLanguage\":\"fr-FR\",\"@id\":\"https:\\\/\\\/www.tosunlux.eu\\\/ru\\\/#\\\/schema\\\/logo\\\/image\\\/\",\"url\":\"https:\\\/\\\/www.tosunlux.eu\\\/wp-content\\\/uploads\\\/2022\\\/01\\\/LOGOSYSM.71762f1.png\",\"contentUrl\":\"https:\\\/\\\/www.tosunlux.eu\\\/wp-content\\\/uploads\\\/2022\\\/01\\\/LOGOSYSM.71762f1.png\",\"width\":153,\"height\":55,\"caption\":\"TOSUNlux\"},\"image\":{\"@id\":\"https:\\\/\\\/www.tosunlux.eu\\\/ru\\\/#\\\/schema\\\/logo\\\/image\\\/\"},\"sameAs\":[\"https:\\\/\\\/www.facebook.com\\\/TOSUNelectric\\\/\",\"https:\\\/\\\/www.linkedin.com\\\/company\\\/wenzhou-tosun-electric-co.-ltd\\\/\"]}]}<\/script>\n<!-- \/ Yoast SEO plugin. -->","yoast_head_json":{"title":"Stabilisateur de tension triphas\u00e9 SVC en gros - Site officiel de TOSUNlux - Fabricant de disjoncteurs \u00e9lectriques en Chine Fournisseur d&#039;\u00e9quipements \u00e9lectriques basse tension | TOSUNlux","description":"Fournisseur de stabilisateur de tension servo triphas\u00e9 SVC - Vente en gros directement aupr\u00e8s de TOSUNlux, un fabricant de confiance depuis 1994. Obtenez votre devis d&#039;usine B2B sur nos produits \u00e9lectriques basse tension certifi\u00e9s.","robots":{"index":"index","follow":"follow","max-snippet":"max-snippet:-1","max-image-preview":"max-image-preview:large","max-video-preview":"max-video-preview:-1"},"canonical":"https:\/\/www.tosunlux.eu\/fr\/products\/three-phase-servo-voltage-stabilizer-svc\/","og_locale":"fr_FR","og_type":"article","og_title":"WholesaleThree Phase Servo Voltage Stabilizer SVC - TOSUNlux Official Site - Electrical Circuit Breaker Manufacturer in China Low Voltage Electrical Supplier | TOSUNlux","og_description":"Three Phase Servo Voltage Stabilizer SVC Supplier - Wholesale direct from TOSUNlux, a trusted manufacturer since 1994. Get your B2B factory quote on our certified Low Voltage electrical products.","og_url":"https:\/\/www.tosunlux.eu\/fr\/products\/three-phase-servo-voltage-stabilizer-svc\/","og_site_name":"TOSUNlux Official Site - Electrical Circuit Breaker Manufacturer in China","article_publisher":"https:\/\/www.facebook.com\/TOSUNelectric\/","article_modified_time":"2022-04-21T09:38:45+00:00","og_image":[{"url":"https:\/\/www.tosunlux.eu\/wp-content\/uploads\/2022\/04\/SVC-3P-dimensions-740x1024.jpg","type":"","width":"","height":""}],"twitter_card":"summary_large_image","schema":{"@context":"https:\/\/schema.org","@graph":[{"@type":"WebPage","@id":"https:\/\/www.tosunlux.eu\/products\/three-phase-servo-voltage-stabilizer-svc\/","url":"https:\/\/www.tosunlux.eu\/products\/three-phase-servo-voltage-stabilizer-svc\/","name":"Stabilisateur de tension triphas\u00e9 SVC en gros - Site officiel de TOSUNlux - Fabricant de disjoncteurs \u00e9lectriques en Chine Fournisseur d&#039;\u00e9quipements \u00e9lectriques basse tension | TOSUNlux","isPartOf":{"@id":"https:\/\/www.tosunlux.eu\/ru\/#website"},"primaryImageOfPage":{"@id":"https:\/\/www.tosunlux.eu\/products\/three-phase-servo-voltage-stabilizer-svc\/#primaryimage"},"image":{"@id":"https:\/\/www.tosunlux.eu\/products\/three-phase-servo-voltage-stabilizer-svc\/#primaryimage"},"thumbnailUrl":"https:\/\/www.tosunlux.eu\/wp-content\/uploads\/2022\/04\/SVC-3P-dimensions-740x1024.jpg","datePublished":"2022-04-21T09:38:44+00:00","dateModified":"2022-04-21T09:38:45+00:00","description":"Fournisseur de stabilisateur de tension servo triphas\u00e9 SVC - Vente en gros directement aupr\u00e8s de TOSUNlux, un fabricant de confiance depuis 1994. Obtenez votre devis d&#039;usine B2B sur nos produits \u00e9lectriques basse tension certifi\u00e9s.","breadcrumb":{"@id":"https:\/\/www.tosunlux.eu\/products\/three-phase-servo-voltage-stabilizer-svc\/#breadcrumb"},"inLanguage":"fr-FR","potentialAction":[{"@type":"ReadAction","target":["https:\/\/www.tosunlux.eu\/products\/three-phase-servo-voltage-stabilizer-svc\/"]}]},{"@type":"ImageObject","inLanguage":"fr-FR","@id":"https:\/\/www.tosunlux.eu\/products\/three-phase-servo-voltage-stabilizer-svc\/#primaryimage","url":"https:\/\/www.tosunlux.eu\/wp-content\/uploads\/2022\/04\/SVC-3P-dimensions-740x1024.jpg","contentUrl":"https:\/\/www.tosunlux.eu\/wp-content\/uploads\/2022\/04\/SVC-3P-dimensions-740x1024.jpg"},{"@type":"BreadcrumbList","@id":"https:\/\/www.tosunlux.eu\/products\/three-phase-servo-voltage-stabilizer-svc\/#breadcrumb","itemListElement":[{"@type":"ListItem","position":1,"name":"Home","item":"https:\/\/www.tosunlux.eu\/ru\/"},{"@type":"ListItem","position":2,"name":"Products","item":"https:\/\/www.tosunlux.eu\/products\/"},{"@type":"ListItem","position":3,"name":"Three Phase Servo Voltage Stabilizer SVC"}]},{"@type":"WebSite","@id":"https:\/\/www.tosunlux.eu\/ru\/#website","url":"https:\/\/www.tosunlux.eu\/ru\/","name":"Site officiel TOSUNlux - Fabricant de disjoncteurs \u00e9lectriques en Chine","description":"Fournisseur de syst\u00e8me de distribution d&#039;\u00e9nergie","publisher":{"@id":"https:\/\/www.tosunlux.eu\/ru\/#organization"},"alternateName":"TOSUNlux","potentialAction":[{"@type":"SearchAction","target":{"@type":"EntryPoint","urlTemplate":"https:\/\/www.tosunlux.eu\/ru\/?s={search_term_string}"},"query-input":{"@type":"PropertyValueSpecification","valueRequired":true,"valueName":"search_term_string"}}],"inLanguage":"fr-FR"},{"@type":"Organization","@id":"https:\/\/www.tosunlux.eu\/ru\/#organization","name":"TOSUNlux","url":"https:\/\/www.tosunlux.eu\/ru\/","logo":{"@type":"ImageObject","inLanguage":"fr-FR","@id":"https:\/\/www.tosunlux.eu\/ru\/#\/schema\/logo\/image\/","url":"https:\/\/www.tosunlux.eu\/wp-content\/uploads\/2022\/01\/LOGOSYSM.71762f1.png","contentUrl":"https:\/\/www.tosunlux.eu\/wp-content\/uploads\/2022\/01\/LOGOSYSM.71762f1.png","width":153,"height":55,"caption":"TOSUNlux"},"image":{"@id":"https:\/\/www.tosunlux.eu\/ru\/#\/schema\/logo\/image\/"},"sameAs":["https:\/\/www.facebook.com\/TOSUNelectric\/","https:\/\/www.linkedin.com\/company\/wenzhou-tosun-electric-co.-ltd\/"]}]}},"_links":{"self":[{"href":"https:\/\/www.tosunlux.eu\/fr\/wp-json\/wp\/v2\/product\/1614","targetHints":{"allow":["GET"]}}],"collection":[{"href":"https:\/\/www.tosunlux.eu\/fr\/wp-json\/wp\/v2\/product"}],"about":[{"href":"https:\/\/www.tosunlux.eu\/fr\/wp-json\/wp\/v2\/types\/product"}],"version-history":[{"count":0,"href":"https:\/\/www.tosunlux.eu\/fr\/wp-json\/wp\/v2\/product\/1614\/revisions"}],"wp:attachment":[{"href":"https:\/\/www.tosunlux.eu\/fr\/wp-json\/wp\/v2\/media?parent=1614"}],"wp:term":[{"taxonomy":"product_category","embeddable":true,"href":"https:\/\/www.tosunlux.eu\/fr\/wp-json\/wp\/v2\/product_category?post=1614"}],"curies":[{"name":"wp","href":"https:\/\/api.w.org\/{rel}","templated":true}]}}