{"id":1671,"date":"2022-04-22T17:37:56","date_gmt":"2022-04-22T09:37:56","guid":{"rendered":"https:\/\/www.tosunlux.eu\/?post_type=product&#038;p=1671"},"modified":"2022-04-22T18:07:33","modified_gmt":"2022-04-22T10:07:33","slug":"insulated-screw-driver","status":"publish","type":"product","link":"https:\/\/www.tosunlux.eu\/fr\/products\/insulated-screw-driver\/","title":{"rendered":"Tournevis isol\u00e9"},"content":{"rendered":"<p><\/p>\n\n\n\n<figure class=\"wp-block-image size-large is-resized\"><img fetchpriority=\"high\" decoding=\"async\" src=\"https:\/\/www.tosunlux.eu\/wp-content\/uploads\/2022\/04\/1-1-1024x645.jpg\" alt=\"\" class=\"wp-image-1675\" width=\"841\" height=\"530\" srcset=\"https:\/\/www.tosunlux.eu\/wp-content\/uploads\/2022\/04\/1-1-1024x645.jpg 1024w, https:\/\/www.tosunlux.eu\/wp-content\/uploads\/2022\/04\/1-1-300x189.jpg 300w, https:\/\/www.tosunlux.eu\/wp-content\/uploads\/2022\/04\/1-1-768x484.jpg 768w, https:\/\/www.tosunlux.eu\/wp-content\/uploads\/2022\/04\/1-1.jpg 1333w\" sizes=\"(max-width: 841px) 100vw, 841px\" \/><\/figure>\n\n\n\n<p><strong>8000-7A<\/strong><\/p>\n\n\n\n<p>Nomination\u00a0: 7 pi\u00e8ces de jeu de tournevis isol\u00e9s. Composants\u00a0:<br>4 pi\u00e8ces fendues : 0,5 \u00d7 3,0 x 75 mm 0,8 \u00d7 4,0 x 100 mm 1,0 \u00d7 5,5 x 125 mm 1,2 \u00d7 6,5 x 150 mm<br>3PCS Philips: PH0x3.0x75mm PH1x4.5x75mm PH2x6.0x100mm<br>Paquet: Bo\u00eete en plastique avec trou de suspension + plastique ondul\u00e9 blanc + bo\u00eete de fen\u00eatre de couleur + manchon avec r\u00e9tractable<\/p>\n\n\n\n<p><strong>8000-8A<\/strong><\/p>\n\n\n\n<p>Nomination\u00a0: 8 pi\u00e8ces de jeu de tournevis isol\u00e9s. Composants\u00a0:<br>4 pi\u00e8ces fendues : 0,5 \u00d7 3,0 x 75 mm 0,8 \u00d7 4,0 x 100 mm 1,0 \u00d7 5,5 x 125 mm 1,2 \u00d7 6,5 x 150 mm<br>3PCS Philips: PH0x3.0x75mm PH1x4.5x75mm PH2x6.0x100mm<br>1PC Testeur \u00e9lectrique : \u00d83x140mm<br>Paquet: \u00e9tui de moulage par soufflage de fen\u00eatre + autocollant de couleur + manchon avec r\u00e9tractable<\/p>\n\n\n\n<p><strong>8000-11A<\/strong><\/p>\n\n\n\n<p>Nomination\u00a0: 11 pi\u00e8ces de jeu de tournevis isol\u00e9s. Composants\u00a0:<br>2 pi\u00e8ces fendues : 0,8 \u00d7 4,0 x 100 mm 1,0 \u00d7 5,5 x 125 mm<br>3PCS Philips: PH0x3.0x75mm PH1x4.5x75mm PH2x6.0x100mm<br>Testeur \u00e9lectrique 1PC<br>2PCS fil ruban<br>1 pince \u00e0 bec long<br>1 pince coupante diagonale<br>1 d\u00e9nudeur de fil<br>Paquet:Bo\u00eete en plastique + autocollant en papier + manchon avec r\u00e9tractable<\/p>","protected":false},"parent":0,"template":"","product_category":[36,115],"class_list":["post-1671","product","type-product","status-publish","hentry","product_category-electrical-accessories","product_category-voltage-tester-tool"],"yoast_head":"<!-- This site is optimized with the Yoast SEO plugin v27.3 - https:\/\/yoast.com\/product\/yoast-seo-wordpress\/ -->\n<title>WholesaleInsulated Screw Driver - TOSUNlux Official Site - Electrical Circuit Breaker Manufacturer in China Low Voltage Electrical Supplier | TOSUNlux<\/title>\n<meta name=\"description\" content=\"Insulated Screw Driver Supplier - Wholesale direct from TOSUNlux, a trusted manufacturer since 1994. Get your B2B factory quote on our certified Low Voltage electrical products.\" \/>\n<meta name=\"robots\" content=\"index, follow, max-snippet:-1, max-image-preview:large, max-video-preview:-1\" \/>\n<link rel=\"canonical\" href=\"https:\/\/www.tosunlux.eu\/fr\/products\/insulated-screw-driver\/\" \/>\n<meta property=\"og:locale\" content=\"fr_FR\" \/>\n<meta property=\"og:type\" content=\"article\" \/>\n<meta property=\"og:title\" content=\"WholesaleInsulated Screw Driver - TOSUNlux Official Site - Electrical Circuit Breaker Manufacturer in China Low Voltage Electrical Supplier | TOSUNlux\" \/>\n<meta property=\"og:description\" content=\"Insulated Screw Driver Supplier - Wholesale direct from TOSUNlux, a trusted manufacturer since 1994. Get your B2B factory quote on our certified Low Voltage electrical products.\" \/>\n<meta property=\"og:url\" content=\"https:\/\/www.tosunlux.eu\/fr\/products\/insulated-screw-driver\/\" \/>\n<meta property=\"og:site_name\" content=\"TOSUNlux Official Site - Electrical Circuit Breaker Manufacturer in China\" \/>\n<meta property=\"article:publisher\" content=\"https:\/\/www.facebook.com\/TOSUNelectric\/\" \/>\n<meta property=\"article:modified_time\" content=\"2022-04-22T10:07:33+00:00\" \/>\n<meta property=\"og:image\" content=\"https:\/\/www.tosunlux.eu\/wp-content\/uploads\/2022\/04\/1-1-1024x645.jpg\" \/>\n<meta name=\"twitter:card\" content=\"summary_large_image\" \/>\n<meta name=\"twitter:label1\" content=\"Dur\u00e9e de lecture estim\u00e9e\" \/>\n\t<meta name=\"twitter:data1\" content=\"1 minute\" \/>\n<script type=\"application\/ld+json\" class=\"yoast-schema-graph\">{\"@context\":\"https:\\\/\\\/schema.org\",\"@graph\":[{\"@type\":\"WebPage\",\"@id\":\"https:\\\/\\\/www.tosunlux.eu\\\/ar\\\/products\\\/insulated-screw-driver\\\/\",\"url\":\"https:\\\/\\\/www.tosunlux.eu\\\/ar\\\/products\\\/insulated-screw-driver\\\/\",\"name\":\"WholesaleInsulated Screw Driver - TOSUNlux Official Site - Electrical Circuit Breaker Manufacturer in China Low Voltage Electrical Supplier | TOSUNlux\",\"isPartOf\":{\"@id\":\"https:\\\/\\\/www.tosunlux.eu\\\/ru\\\/#website\"},\"primaryImageOfPage\":{\"@id\":\"https:\\\/\\\/www.tosunlux.eu\\\/ar\\\/products\\\/insulated-screw-driver\\\/#primaryimage\"},\"image\":{\"@id\":\"https:\\\/\\\/www.tosunlux.eu\\\/ar\\\/products\\\/insulated-screw-driver\\\/#primaryimage\"},\"thumbnailUrl\":\"https:\\\/\\\/www.tosunlux.eu\\\/wp-content\\\/uploads\\\/2022\\\/04\\\/1-1-1024x645.jpg\",\"datePublished\":\"2022-04-22T09:37:56+00:00\",\"dateModified\":\"2022-04-22T10:07:33+00:00\",\"description\":\"Insulated Screw Driver Supplier - Wholesale direct from TOSUNlux, a trusted manufacturer since 1994. Get your B2B factory quote on our certified Low Voltage electrical products.\",\"breadcrumb\":{\"@id\":\"https:\\\/\\\/www.tosunlux.eu\\\/ar\\\/products\\\/insulated-screw-driver\\\/#breadcrumb\"},\"inLanguage\":\"fr-FR\",\"potentialAction\":[{\"@type\":\"ReadAction\",\"target\":[\"https:\\\/\\\/www.tosunlux.eu\\\/ar\\\/products\\\/insulated-screw-driver\\\/\"]}]},{\"@type\":\"ImageObject\",\"inLanguage\":\"fr-FR\",\"@id\":\"https:\\\/\\\/www.tosunlux.eu\\\/ar\\\/products\\\/insulated-screw-driver\\\/#primaryimage\",\"url\":\"https:\\\/\\\/www.tosunlux.eu\\\/wp-content\\\/uploads\\\/2022\\\/04\\\/1-1-1024x645.jpg\",\"contentUrl\":\"https:\\\/\\\/www.tosunlux.eu\\\/wp-content\\\/uploads\\\/2022\\\/04\\\/1-1-1024x645.jpg\"},{\"@type\":\"BreadcrumbList\",\"@id\":\"https:\\\/\\\/www.tosunlux.eu\\\/ar\\\/products\\\/insulated-screw-driver\\\/#breadcrumb\",\"itemListElement\":[{\"@type\":\"ListItem\",\"position\":1,\"name\":\"Home\",\"item\":\"https:\\\/\\\/www.tosunlux.eu\\\/ru\\\/\"},{\"@type\":\"ListItem\",\"position\":2,\"name\":\"Products\",\"item\":\"https:\\\/\\\/www.tosunlux.eu\\\/products\\\/\"},{\"@type\":\"ListItem\",\"position\":3,\"name\":\"Insulated Screw Driver\"}]},{\"@type\":\"WebSite\",\"@id\":\"https:\\\/\\\/www.tosunlux.eu\\\/ru\\\/#website\",\"url\":\"https:\\\/\\\/www.tosunlux.eu\\\/ru\\\/\",\"name\":\"TOSUNlux Official Site - Electrical Circuit Breaker Manufacturer in China\",\"description\":\"Power Distribution System Supplier\",\"publisher\":{\"@id\":\"https:\\\/\\\/www.tosunlux.eu\\\/ru\\\/#organization\"},\"alternateName\":\"TOSUNlux\",\"potentialAction\":[{\"@type\":\"SearchAction\",\"target\":{\"@type\":\"EntryPoint\",\"urlTemplate\":\"https:\\\/\\\/www.tosunlux.eu\\\/ru\\\/?s={search_term_string}\"},\"query-input\":{\"@type\":\"PropertyValueSpecification\",\"valueRequired\":true,\"valueName\":\"search_term_string\"}}],\"inLanguage\":\"fr-FR\"},{\"@type\":\"Organization\",\"@id\":\"https:\\\/\\\/www.tosunlux.eu\\\/ru\\\/#organization\",\"name\":\"TOSUNlux\",\"url\":\"https:\\\/\\\/www.tosunlux.eu\\\/ru\\\/\",\"logo\":{\"@type\":\"ImageObject\",\"inLanguage\":\"fr-FR\",\"@id\":\"https:\\\/\\\/www.tosunlux.eu\\\/ru\\\/#\\\/schema\\\/logo\\\/image\\\/\",\"url\":\"https:\\\/\\\/www.tosunlux.eu\\\/wp-content\\\/uploads\\\/2022\\\/01\\\/LOGOSYSM.71762f1.png\",\"contentUrl\":\"https:\\\/\\\/www.tosunlux.eu\\\/wp-content\\\/uploads\\\/2022\\\/01\\\/LOGOSYSM.71762f1.png\",\"width\":153,\"height\":55,\"caption\":\"TOSUNlux\"},\"image\":{\"@id\":\"https:\\\/\\\/www.tosunlux.eu\\\/ru\\\/#\\\/schema\\\/logo\\\/image\\\/\"},\"sameAs\":[\"https:\\\/\\\/www.facebook.com\\\/TOSUNelectric\\\/\",\"https:\\\/\\\/www.linkedin.com\\\/company\\\/wenzhou-tosun-electric-co.-ltd\\\/\"]}]}<\/script>\n<!-- \/ Yoast SEO plugin. -->","yoast_head_json":{"title":"Tournevis isol\u00e9 en gros - Site officiel TOSUNlux - Fabricant de disjoncteurs \u00e9lectriques en Chine Fournisseur d&#039;\u00e9quipements \u00e9lectriques basse tension | TOSUNlux","description":"Fournisseur de tournevis isol\u00e9s - Vente en gros directement de TOSUNlux, un fabricant de confiance depuis 1994. Obtenez votre devis d&#039;usine B2B sur nos produits \u00e9lectriques basse tension certifi\u00e9s.","robots":{"index":"index","follow":"follow","max-snippet":"max-snippet:-1","max-image-preview":"max-image-preview:large","max-video-preview":"max-video-preview:-1"},"canonical":"https:\/\/www.tosunlux.eu\/fr\/products\/insulated-screw-driver\/","og_locale":"fr_FR","og_type":"article","og_title":"WholesaleInsulated Screw Driver - TOSUNlux Official Site - Electrical Circuit Breaker Manufacturer in China Low Voltage Electrical Supplier | TOSUNlux","og_description":"Insulated Screw Driver Supplier - Wholesale direct from TOSUNlux, a trusted manufacturer since 1994. Get your B2B factory quote on our certified Low Voltage electrical products.","og_url":"https:\/\/www.tosunlux.eu\/fr\/products\/insulated-screw-driver\/","og_site_name":"TOSUNlux Official Site - Electrical Circuit Breaker Manufacturer in China","article_publisher":"https:\/\/www.facebook.com\/TOSUNelectric\/","article_modified_time":"2022-04-22T10:07:33+00:00","og_image":[{"url":"https:\/\/www.tosunlux.eu\/wp-content\/uploads\/2022\/04\/1-1-1024x645.jpg","type":"","width":"","height":""}],"twitter_card":"summary_large_image","twitter_misc":{"Dur\u00e9e de lecture estim\u00e9e":"1 minute"},"schema":{"@context":"https:\/\/schema.org","@graph":[{"@type":"WebPage","@id":"https:\/\/www.tosunlux.eu\/ar\/products\/insulated-screw-driver\/","url":"https:\/\/www.tosunlux.eu\/ar\/products\/insulated-screw-driver\/","name":"Tournevis isol\u00e9 en gros - Site officiel TOSUNlux - Fabricant de disjoncteurs \u00e9lectriques en Chine Fournisseur d&#039;\u00e9quipements \u00e9lectriques basse tension | TOSUNlux","isPartOf":{"@id":"https:\/\/www.tosunlux.eu\/ru\/#website"},"primaryImageOfPage":{"@id":"https:\/\/www.tosunlux.eu\/ar\/products\/insulated-screw-driver\/#primaryimage"},"image":{"@id":"https:\/\/www.tosunlux.eu\/ar\/products\/insulated-screw-driver\/#primaryimage"},"thumbnailUrl":"https:\/\/www.tosunlux.eu\/wp-content\/uploads\/2022\/04\/1-1-1024x645.jpg","datePublished":"2022-04-22T09:37:56+00:00","dateModified":"2022-04-22T10:07:33+00:00","description":"Fournisseur de tournevis isol\u00e9s - Vente en gros directement de TOSUNlux, un fabricant de confiance depuis 1994. Obtenez votre devis d&#039;usine B2B sur nos produits \u00e9lectriques basse tension certifi\u00e9s.","breadcrumb":{"@id":"https:\/\/www.tosunlux.eu\/ar\/products\/insulated-screw-driver\/#breadcrumb"},"inLanguage":"fr-FR","potentialAction":[{"@type":"ReadAction","target":["https:\/\/www.tosunlux.eu\/ar\/products\/insulated-screw-driver\/"]}]},{"@type":"ImageObject","inLanguage":"fr-FR","@id":"https:\/\/www.tosunlux.eu\/ar\/products\/insulated-screw-driver\/#primaryimage","url":"https:\/\/www.tosunlux.eu\/wp-content\/uploads\/2022\/04\/1-1-1024x645.jpg","contentUrl":"https:\/\/www.tosunlux.eu\/wp-content\/uploads\/2022\/04\/1-1-1024x645.jpg"},{"@type":"BreadcrumbList","@id":"https:\/\/www.tosunlux.eu\/ar\/products\/insulated-screw-driver\/#breadcrumb","itemListElement":[{"@type":"ListItem","position":1,"name":"Home","item":"https:\/\/www.tosunlux.eu\/ru\/"},{"@type":"ListItem","position":2,"name":"Products","item":"https:\/\/www.tosunlux.eu\/products\/"},{"@type":"ListItem","position":3,"name":"Insulated Screw Driver"}]},{"@type":"WebSite","@id":"https:\/\/www.tosunlux.eu\/ru\/#website","url":"https:\/\/www.tosunlux.eu\/ru\/","name":"Site officiel TOSUNlux - Fabricant de disjoncteurs \u00e9lectriques en Chine","description":"Fournisseur de syst\u00e8me de distribution d&#039;\u00e9nergie","publisher":{"@id":"https:\/\/www.tosunlux.eu\/ru\/#organization"},"alternateName":"TOSUNlux","potentialAction":[{"@type":"SearchAction","target":{"@type":"EntryPoint","urlTemplate":"https:\/\/www.tosunlux.eu\/ru\/?s={search_term_string}"},"query-input":{"@type":"PropertyValueSpecification","valueRequired":true,"valueName":"search_term_string"}}],"inLanguage":"fr-FR"},{"@type":"Organization","@id":"https:\/\/www.tosunlux.eu\/ru\/#organization","name":"TOSUNlux","url":"https:\/\/www.tosunlux.eu\/ru\/","logo":{"@type":"ImageObject","inLanguage":"fr-FR","@id":"https:\/\/www.tosunlux.eu\/ru\/#\/schema\/logo\/image\/","url":"https:\/\/www.tosunlux.eu\/wp-content\/uploads\/2022\/01\/LOGOSYSM.71762f1.png","contentUrl":"https:\/\/www.tosunlux.eu\/wp-content\/uploads\/2022\/01\/LOGOSYSM.71762f1.png","width":153,"height":55,"caption":"TOSUNlux"},"image":{"@id":"https:\/\/www.tosunlux.eu\/ru\/#\/schema\/logo\/image\/"},"sameAs":["https:\/\/www.facebook.com\/TOSUNelectric\/","https:\/\/www.linkedin.com\/company\/wenzhou-tosun-electric-co.-ltd\/"]}]}},"_links":{"self":[{"href":"https:\/\/www.tosunlux.eu\/fr\/wp-json\/wp\/v2\/product\/1671","targetHints":{"allow":["GET"]}}],"collection":[{"href":"https:\/\/www.tosunlux.eu\/fr\/wp-json\/wp\/v2\/product"}],"about":[{"href":"https:\/\/www.tosunlux.eu\/fr\/wp-json\/wp\/v2\/types\/product"}],"version-history":[{"count":0,"href":"https:\/\/www.tosunlux.eu\/fr\/wp-json\/wp\/v2\/product\/1671\/revisions"}],"wp:attachment":[{"href":"https:\/\/www.tosunlux.eu\/fr\/wp-json\/wp\/v2\/media?parent=1671"}],"wp:term":[{"taxonomy":"product_category","embeddable":true,"href":"https:\/\/www.tosunlux.eu\/fr\/wp-json\/wp\/v2\/product_category?post=1671"}],"curies":[{"name":"wp","href":"https:\/\/api.w.org\/{rel}","templated":true}]}}