{"id":1854,"date":"2022-04-25T13:48:58","date_gmt":"2022-04-25T05:48:58","guid":{"rendered":"https:\/\/www.tosunlux.eu\/?post_type=product&#038;p=1854"},"modified":"2022-04-25T13:48:59","modified_gmt":"2022-04-25T05:48:59","slug":"voltage-regulator-tdgc2-tsgc2","status":"publish","type":"product","link":"https:\/\/www.tosunlux.eu\/fr\/products\/voltage-regulator-tdgc2-tsgc2\/","title":{"rendered":"R\u00e9gulateur de tension TDGC2\/TSGC2"},"content":{"rendered":"<p>Application<\/p>\n\n\n\n<p>Le produit est un autotransformateur sp\u00e9cial qui est connect\u00e9 sous diff\u00e9rentes formes. Sa tension de sortie peut \u00eatre r\u00e9gul\u00e9e en douceur et en continu de z\u00e9ro \u00e0 la valeur maximale. Tous les mod\u00e8les trouvent des applications populaires dans les industries, l&#039;agriculture et les recherches scientifiques, et sont particuli\u00e8rement adapt\u00e9s pour servir d&#039;installations auxiliaires pour des \u00e9quipements tels que diverses machines-outils, traceurs de courbes \u00e0 transistors, t\u00e9l\u00e9viseurs \u00e0 projection et instruments analytiques dans l&#039;industrie p\u00e9troli\u00e8re, etc.<\/p>\n\n\n\n<p><\/p>\n\n\n\n<p>sp\u00e9cification<\/p>\n\n\n<table style=\"border-collapse: collapse; width: 522.77pt;\" border=\"0\" width=\"697\" cellspacing=\"0\" cellpadding=\"0\">\n<tbody>\n<tr style=\"height: 28.50pt;\">\n<td class=\"et3\" style=\"height: 28.50pt; width: 101.25pt;\" width=\"135\" height=\"38\">Mod\u00e8le<\/td>\n<td class=\"et3\" style=\"width: 48.75pt;\" width=\"65\">Phase<\/td>\n<td class=\"et3\" style=\"width: 87.00pt;\" width=\"116\">Fr\u00e9quence(Hz)<\/td>\n<td class=\"et4\" style=\"width: 77.25pt;\" width=\"103\">Tension d&#039;entr\u00e9e(V)<\/td>\n<td class=\"et4\" style=\"width: 77.25pt;\" width=\"103\">Tension de sortie(V)<\/td>\n<td class=\"et4\" style=\"width: 77.25pt;\" width=\"103\">Courant de sortie max. (A)<\/td>\n<td class=\"et3\" style=\"width: 54.00pt;\" width=\"72\">Forme<\/td>\n<\/tr>\n<tr style=\"height: 16.50pt;\">\n<td class=\"et3\" style=\"height: 16.50pt;\" height=\"22\">TDGC<span class=\"font2\">2<\/span><span class=\"font1\">-0.2KVA<\/span><\/td>\n<td class=\"et3\" rowspan=\"11\">1<\/td>\n<td class=\"et3\" rowspan=\"11\">50\/60<\/td>\n<td class=\"et3\" rowspan=\"11\">110\/220<\/td>\n<td class=\"et3\" rowspan=\"11\">0-250<\/td>\n<td class=\"et3\">0.8<\/td>\n<td class=\"et3\" rowspan=\"5\">Rond<\/td>\n<\/tr>\n<tr style=\"height: 18.75pt;\">\n<td class=\"et3\" style=\"height: 18.75pt;\" height=\"25\">TDGC<span class=\"font2\">2<\/span><span class=\"font1\">-0.25KVA<\/span><\/td>\n<td class=\"et3\">1<\/td>\n<\/tr>\n<tr style=\"height: 14.25pt;\">\n<td class=\"et3\" style=\"height: 14.25pt;\" height=\"19\">TDGC2-0.5KVA<\/td>\n<td class=\"et3\">2<\/td>\n<\/tr>\n<tr style=\"height: 14.25pt;\">\n<td class=\"et3\" style=\"height: 14.25pt;\" height=\"19\">TDGC2-1KVA<\/td>\n<td class=\"et3\">4<\/td>\n<\/tr>\n<tr style=\"height: 14.25pt;\">\n<td class=\"et3\" style=\"height: 14.25pt;\" height=\"19\">TDGC2-2KVA<\/td>\n<td class=\"et3\">8<\/td>\n<\/tr>\n<tr style=\"height: 14.25pt;\">\n<td class=\"et3\" style=\"height: 14.25pt;\" height=\"19\">TDGC2-3KVA<\/td>\n<td class=\"et3\">12<\/td>\n<td class=\"et3\">Hexagone<\/td>\n<\/tr>\n<tr style=\"height: 14.25pt;\">\n<td class=\"et3\" style=\"height: 14.25pt;\" height=\"19\">TDGC2-5KVA<\/td>\n<td class=\"et3\">20<\/td>\n<td class=\"et3\">Rond<\/td>\n<\/tr>\n<tr style=\"height: 16.50pt;\">\n<td class=\"et3\" style=\"height: 16.50pt;\" height=\"22\">TDGC2-10KVA<\/td>\n<td class=\"et3\">40<\/td>\n<td class=\"et3\" rowspan=\"4\">Octogone<\/td>\n<\/tr>\n<tr style=\"height: 14.25pt;\">\n<td class=\"et3\" style=\"height: 14.25pt;\" height=\"19\">TDGC2-15KVA<\/td>\n<td class=\"et3\">60<\/td>\n<\/tr>\n<tr style=\"height: 14.25pt;\">\n<td class=\"et3\" style=\"height: 14.25pt;\" height=\"19\">TDGC2-20KVA<\/td>\n<td class=\"et3\">80<\/td>\n<\/tr>\n<tr style=\"height: 14.25pt;\">\n<td class=\"et3\" style=\"height: 14.25pt;\" height=\"19\">TDGC2-30KVA<\/td>\n<td class=\"et3\">120<\/td>\n<\/tr>\n<tr style=\"height: 16.50pt;\">\n<td class=\"et3\" style=\"height: 16.50pt;\" height=\"22\">TSGC2-3KVA<\/td>\n<td class=\"et3\" rowspan=\"6\">3<\/td>\n<td class=\"et3\" rowspan=\"6\">50-60<\/td>\n<td class=\"et3\" rowspan=\"6\">220\/380<\/td>\n<td class=\"et3\" rowspan=\"6\">0-430<\/td>\n<td class=\"et3\">4<\/td>\n<td class=\"et3\" rowspan=\"3\">Hexagone<\/td>\n<\/tr>\n<tr style=\"height: 14.25pt;\">\n<td class=\"et3\" style=\"height: 14.25pt;\" height=\"19\">TSGC2-6KVA<\/td>\n<td class=\"et3\">8<\/td>\n<\/tr>\n<tr style=\"height: 14.25pt;\">\n<td class=\"et3\" style=\"height: 14.25pt;\" height=\"19\">TSGC2-9KVA<\/td>\n<td class=\"et3\">12<\/td>\n<\/tr>\n<tr style=\"height: 16.50pt;\">\n<td class=\"et3\" style=\"height: 16.50pt;\" height=\"22\">TSGC2-15KVA<\/td>\n<td class=\"et3\">20<\/td>\n<td class=\"et3\" rowspan=\"3\">Octogone<\/td>\n<\/tr>\n<tr style=\"height: 14.25pt;\">\n<td class=\"et3\" style=\"height: 14.25pt;\" height=\"19\">TSGC2-20KVA<\/td>\n<td class=\"et3\">26<\/td>\n<\/tr>\n<tr style=\"height: 14.25pt;\">\n<td class=\"et3\" style=\"height: 14.25pt;\" height=\"19\">TSGC2-30KVA<\/td>\n<td class=\"et3\">40<\/td>\n<\/tr>\n<\/tbody>\n<\/table>","protected":false},"parent":0,"template":"","product_category":[75,122],"class_list":["post-1854","product","type-product","status-publish","hentry","product_category-instruments","product_category-voltage-stabilizer-regulator"],"yoast_head":"<!-- This site is optimized with the Yoast SEO plugin v27.5 - https:\/\/yoast.com\/product\/yoast-seo-wordpress\/ -->\n<title>WholesaleVoltage Regulator TDGC2\/TSGC2 - TOSUNlux Official Site - Electrical Circuit Breaker Manufacturer in China Low Voltage Electrical Supplier | TOSUNlux<\/title>\n<meta name=\"description\" content=\"Voltage Regulator TDGC2\/TSGC2 Supplier - Wholesale direct from TOSUNlux, a trusted manufacturer since 1994. Get your B2B factory quote on our certified Low Voltage electrical products.\" \/>\n<meta name=\"robots\" content=\"index, follow, max-snippet:-1, max-image-preview:large, max-video-preview:-1\" \/>\n<link rel=\"canonical\" href=\"https:\/\/www.tosunlux.eu\/fr\/products\/voltage-regulator-tdgc2-tsgc2\/\" \/>\n<meta property=\"og:locale\" content=\"fr_FR\" \/>\n<meta property=\"og:type\" content=\"article\" \/>\n<meta property=\"og:title\" content=\"WholesaleVoltage Regulator TDGC2\/TSGC2 - TOSUNlux Official Site - Electrical Circuit Breaker Manufacturer in China Low Voltage Electrical Supplier | TOSUNlux\" \/>\n<meta property=\"og:description\" content=\"Voltage Regulator TDGC2\/TSGC2 Supplier - Wholesale direct from TOSUNlux, a trusted manufacturer since 1994. Get your B2B factory quote on our certified Low Voltage electrical products.\" \/>\n<meta property=\"og:url\" content=\"https:\/\/www.tosunlux.eu\/fr\/products\/voltage-regulator-tdgc2-tsgc2\/\" \/>\n<meta property=\"og:site_name\" content=\"TOSUNlux Official Site - Electrical Circuit Breaker Manufacturer in China\" \/>\n<meta property=\"article:publisher\" content=\"https:\/\/www.facebook.com\/TOSUNelectric\/\" \/>\n<meta property=\"article:modified_time\" content=\"2022-04-25T05:48:59+00:00\" \/>\n<meta property=\"og:image\" content=\"https:\/\/www.tosunlux.eu\/wp-content\/uploads\/2023\/04\/DSC08160_\u526f\u672c.jpg\" \/>\n\t<meta property=\"og:image:width\" content=\"1500\" \/>\n\t<meta property=\"og:image:height\" content=\"940\" \/>\n\t<meta property=\"og:image:type\" content=\"image\/jpeg\" \/>\n<meta name=\"twitter:card\" content=\"summary_large_image\" \/>\n<meta name=\"twitter:label1\" content=\"Dur\u00e9e de lecture estim\u00e9e\" \/>\n\t<meta name=\"twitter:data1\" content=\"1 minute\" \/>\n<script type=\"application\/ld+json\" class=\"yoast-schema-graph\">{\"@context\":\"https:\\\/\\\/schema.org\",\"@graph\":[{\"@type\":\"WebPage\",\"@id\":\"https:\\\/\\\/www.tosunlux.eu\\\/am\\\/products\\\/voltage-regulator-tdgc2-tsgc2\\\/\",\"url\":\"https:\\\/\\\/www.tosunlux.eu\\\/am\\\/products\\\/voltage-regulator-tdgc2-tsgc2\\\/\",\"name\":\"WholesaleVoltage Regulator TDGC2\\\/TSGC2 - TOSUNlux Official Site - Electrical Circuit Breaker Manufacturer in China Low Voltage Electrical Supplier | TOSUNlux\",\"isPartOf\":{\"@id\":\"https:\\\/\\\/www.tosunlux.eu\\\/ru\\\/#website\"},\"datePublished\":\"2022-04-25T05:48:58+00:00\",\"dateModified\":\"2022-04-25T05:48:59+00:00\",\"description\":\"Voltage Regulator TDGC2\\\/TSGC2 Supplier - Wholesale direct from TOSUNlux, a trusted manufacturer since 1994. Get your B2B factory quote on our certified Low Voltage electrical products.\",\"breadcrumb\":{\"@id\":\"https:\\\/\\\/www.tosunlux.eu\\\/am\\\/products\\\/voltage-regulator-tdgc2-tsgc2\\\/#breadcrumb\"},\"inLanguage\":\"fr-FR\",\"potentialAction\":[{\"@type\":\"ReadAction\",\"target\":[\"https:\\\/\\\/www.tosunlux.eu\\\/am\\\/products\\\/voltage-regulator-tdgc2-tsgc2\\\/\"]}]},{\"@type\":\"BreadcrumbList\",\"@id\":\"https:\\\/\\\/www.tosunlux.eu\\\/am\\\/products\\\/voltage-regulator-tdgc2-tsgc2\\\/#breadcrumb\",\"itemListElement\":[{\"@type\":\"ListItem\",\"position\":1,\"name\":\"Home\",\"item\":\"https:\\\/\\\/www.tosunlux.eu\\\/ru\\\/\"},{\"@type\":\"ListItem\",\"position\":2,\"name\":\"Products\",\"item\":\"https:\\\/\\\/www.tosunlux.eu\\\/products\\\/\"},{\"@type\":\"ListItem\",\"position\":3,\"name\":\"Voltage Regulator TDGC2\\\/TSGC2\"}]},{\"@type\":\"WebSite\",\"@id\":\"https:\\\/\\\/www.tosunlux.eu\\\/ru\\\/#website\",\"url\":\"https:\\\/\\\/www.tosunlux.eu\\\/ru\\\/\",\"name\":\"TOSUNlux Official Site - Electrical Circuit Breaker Manufacturer in China\",\"description\":\"Power Distribution System Supplier\",\"publisher\":{\"@id\":\"https:\\\/\\\/www.tosunlux.eu\\\/ru\\\/#organization\"},\"alternateName\":\"TOSUNlux\",\"potentialAction\":[{\"@type\":\"SearchAction\",\"target\":{\"@type\":\"EntryPoint\",\"urlTemplate\":\"https:\\\/\\\/www.tosunlux.eu\\\/ru\\\/?s={search_term_string}\"},\"query-input\":{\"@type\":\"PropertyValueSpecification\",\"valueRequired\":true,\"valueName\":\"search_term_string\"}}],\"inLanguage\":\"fr-FR\"},{\"@type\":\"Organization\",\"@id\":\"https:\\\/\\\/www.tosunlux.eu\\\/ru\\\/#organization\",\"name\":\"TOSUNlux\",\"url\":\"https:\\\/\\\/www.tosunlux.eu\\\/ru\\\/\",\"logo\":{\"@type\":\"ImageObject\",\"inLanguage\":\"fr-FR\",\"@id\":\"https:\\\/\\\/www.tosunlux.eu\\\/ru\\\/#\\\/schema\\\/logo\\\/image\\\/\",\"url\":\"https:\\\/\\\/www.tosunlux.eu\\\/wp-content\\\/uploads\\\/2022\\\/01\\\/LOGOSYSM.71762f1.png\",\"contentUrl\":\"https:\\\/\\\/www.tosunlux.eu\\\/wp-content\\\/uploads\\\/2022\\\/01\\\/LOGOSYSM.71762f1.png\",\"width\":153,\"height\":55,\"caption\":\"TOSUNlux\"},\"image\":{\"@id\":\"https:\\\/\\\/www.tosunlux.eu\\\/ru\\\/#\\\/schema\\\/logo\\\/image\\\/\"},\"sameAs\":[\"https:\\\/\\\/www.facebook.com\\\/TOSUNelectric\\\/\",\"https:\\\/\\\/www.linkedin.com\\\/company\\\/wenzhou-tosun-electric-co.-ltd\\\/\"]}]}<\/script>\n<!-- \/ Yoast SEO plugin. -->","yoast_head_json":{"title":"WholesaleVoltage Regulator TDGC2\/TSGC2 - TOSUNlux Official Site - Electrical Circuit Breaker Manufacturer in China Low Voltage Electrical Supplier | TOSUNlux","description":"Voltage Regulator TDGC2\/TSGC2 Supplier - Wholesale direct from TOSUNlux, a trusted manufacturer since 1994. Get your B2B factory quote on our certified Low Voltage electrical products.","robots":{"index":"index","follow":"follow","max-snippet":"max-snippet:-1","max-image-preview":"max-image-preview:large","max-video-preview":"max-video-preview:-1"},"canonical":"https:\/\/www.tosunlux.eu\/fr\/products\/voltage-regulator-tdgc2-tsgc2\/","og_locale":"fr_FR","og_type":"article","og_title":"WholesaleVoltage Regulator TDGC2\/TSGC2 - TOSUNlux Official Site - Electrical Circuit Breaker Manufacturer in China Low Voltage Electrical Supplier | TOSUNlux","og_description":"Voltage Regulator TDGC2\/TSGC2 Supplier - Wholesale direct from TOSUNlux, a trusted manufacturer since 1994. Get your B2B factory quote on our certified Low Voltage electrical products.","og_url":"https:\/\/www.tosunlux.eu\/fr\/products\/voltage-regulator-tdgc2-tsgc2\/","og_site_name":"TOSUNlux Official Site - Electrical Circuit Breaker Manufacturer in China","article_publisher":"https:\/\/www.facebook.com\/TOSUNelectric\/","article_modified_time":"2022-04-25T05:48:59+00:00","og_image":[{"width":1500,"height":940,"url":"https:\/\/www.tosunlux.eu\/wp-content\/uploads\/2023\/04\/DSC08160_\u526f\u672c.jpg","type":"image\/jpeg"}],"twitter_card":"summary_large_image","twitter_misc":{"Dur\u00e9e de lecture estim\u00e9e":"1 minute"},"schema":{"@context":"https:\/\/schema.org","@graph":[{"@type":"WebPage","@id":"https:\/\/www.tosunlux.eu\/am\/products\/voltage-regulator-tdgc2-tsgc2\/","url":"https:\/\/www.tosunlux.eu\/am\/products\/voltage-regulator-tdgc2-tsgc2\/","name":"WholesaleVoltage Regulator TDGC2\/TSGC2 - TOSUNlux Official Site - Electrical Circuit Breaker Manufacturer in China Low Voltage Electrical Supplier | TOSUNlux","isPartOf":{"@id":"https:\/\/www.tosunlux.eu\/ru\/#website"},"datePublished":"2022-04-25T05:48:58+00:00","dateModified":"2022-04-25T05:48:59+00:00","description":"Voltage Regulator TDGC2\/TSGC2 Supplier - Wholesale direct from TOSUNlux, a trusted manufacturer since 1994. Get your B2B factory quote on our certified Low Voltage electrical products.","breadcrumb":{"@id":"https:\/\/www.tosunlux.eu\/am\/products\/voltage-regulator-tdgc2-tsgc2\/#breadcrumb"},"inLanguage":"fr-FR","potentialAction":[{"@type":"ReadAction","target":["https:\/\/www.tosunlux.eu\/am\/products\/voltage-regulator-tdgc2-tsgc2\/"]}]},{"@type":"BreadcrumbList","@id":"https:\/\/www.tosunlux.eu\/am\/products\/voltage-regulator-tdgc2-tsgc2\/#breadcrumb","itemListElement":[{"@type":"ListItem","position":1,"name":"Home","item":"https:\/\/www.tosunlux.eu\/ru\/"},{"@type":"ListItem","position":2,"name":"Products","item":"https:\/\/www.tosunlux.eu\/products\/"},{"@type":"ListItem","position":3,"name":"Voltage Regulator TDGC2\/TSGC2"}]},{"@type":"WebSite","@id":"https:\/\/www.tosunlux.eu\/ru\/#website","url":"https:\/\/www.tosunlux.eu\/ru\/","name":"Site officiel TOSUNlux - Fabricant de disjoncteurs \u00e9lectriques en Chine","description":"Fournisseur de syst\u00e8me de distribution d&#039;\u00e9nergie","publisher":{"@id":"https:\/\/www.tosunlux.eu\/ru\/#organization"},"alternateName":"TOSUNlux","potentialAction":[{"@type":"SearchAction","target":{"@type":"EntryPoint","urlTemplate":"https:\/\/www.tosunlux.eu\/ru\/?s={search_term_string}"},"query-input":{"@type":"PropertyValueSpecification","valueRequired":true,"valueName":"search_term_string"}}],"inLanguage":"fr-FR"},{"@type":"Organization","@id":"https:\/\/www.tosunlux.eu\/ru\/#organization","name":"TOSUNlux","url":"https:\/\/www.tosunlux.eu\/ru\/","logo":{"@type":"ImageObject","inLanguage":"fr-FR","@id":"https:\/\/www.tosunlux.eu\/ru\/#\/schema\/logo\/image\/","url":"https:\/\/www.tosunlux.eu\/wp-content\/uploads\/2022\/01\/LOGOSYSM.71762f1.png","contentUrl":"https:\/\/www.tosunlux.eu\/wp-content\/uploads\/2022\/01\/LOGOSYSM.71762f1.png","width":153,"height":55,"caption":"TOSUNlux"},"image":{"@id":"https:\/\/www.tosunlux.eu\/ru\/#\/schema\/logo\/image\/"},"sameAs":["https:\/\/www.facebook.com\/TOSUNelectric\/","https:\/\/www.linkedin.com\/company\/wenzhou-tosun-electric-co.-ltd\/"]}]}},"_links":{"self":[{"href":"https:\/\/www.tosunlux.eu\/fr\/wp-json\/wp\/v2\/product\/1854","targetHints":{"allow":["GET"]}}],"collection":[{"href":"https:\/\/www.tosunlux.eu\/fr\/wp-json\/wp\/v2\/product"}],"about":[{"href":"https:\/\/www.tosunlux.eu\/fr\/wp-json\/wp\/v2\/types\/product"}],"version-history":[{"count":0,"href":"https:\/\/www.tosunlux.eu\/fr\/wp-json\/wp\/v2\/product\/1854\/revisions"}],"wp:attachment":[{"href":"https:\/\/www.tosunlux.eu\/fr\/wp-json\/wp\/v2\/media?parent=1854"}],"wp:term":[{"taxonomy":"product_category","embeddable":true,"href":"https:\/\/www.tosunlux.eu\/fr\/wp-json\/wp\/v2\/product_category?post=1854"}],"curies":[{"name":"wp","href":"https:\/\/api.w.org\/{rel}","templated":true}]}}