{"id":2307,"date":"2022-05-06T13:57:58","date_gmt":"2022-05-06T05:57:58","guid":{"rendered":"https:\/\/www.tosunlux.eu\/?post_type=product&#038;p=2307"},"modified":"2025-01-02T10:17:00","modified_gmt":"2025-01-02T02:17:00","slug":"tsn3-32-miniature-circuit-breaker","status":"publish","type":"product","link":"https:\/\/www.tosunlux.eu\/fr\/products\/tsn3-32-miniature-circuit-breaker\/","title":{"rendered":"Disjoncteur miniature TSN3-32"},"content":{"rendered":"\n<p><strong>Application<\/strong><\/p>\n\n\n\n<p>TSN3-40 series MCB is an extensive range of DIN rail mounted, phase-neutral miniature circuit breaker. Boasting exclusive features, they provide absolute protection to circuits against short-circuit currents and overload currents in both residential and small building applications.<\/p>\n\n\n\n<p><strong>Specification<\/strong><\/p>\n\n\n<table width=\"761\">\n<tbody>\n<tr>\n<td width=\"306\">Number of Poles<\/td>\n<td width=\"455\">1P+N<\/td>\n<\/tr>\n<tr>\n<td>Rated Current (A)<\/td>\n<td>1, 2,\u00a0 3, 4, 5, 6, 10, 16, 20, 25, 32<\/td>\n<\/tr>\n<tr>\n<td>Rated Operational Voltage<\/td>\n<td>230V\/240V<\/td>\n<\/tr>\n<tr>\n<td>Trip Unit Technology<\/td>\n<td>Thermal-magnetic<\/td>\n<\/tr>\n<tr>\n<td>Curve Code<\/td>\n<td>B, C, D<\/td>\n<\/tr>\n<tr>\n<td>Standards<\/td>\n<td>IEC\/EN 60898-1<\/td>\n<\/tr>\n<tr>\n<td>Network Frequency<\/td>\n<td>50\/60Hz<\/td>\n<\/tr>\n<tr>\n<td width=\"306\">Breaking Capacity<\/td>\n<td width=\"455\">Icn=Ics=3000A<\/td>\n<\/tr>\n<tr>\n<td>[Ui] Rated Insulation Voltage<\/td>\n<td>415V AC<\/td>\n<\/tr>\n<tr>\n<td width=\"306\">[Uimp] Rated Impulse <br \/>Withstand Voltage<\/td>\n<td>4000V<\/td>\n<\/tr>\n<tr>\n<td>Mechanical Durability<\/td>\n<td>10000 cycles<\/td>\n<\/tr>\n<tr>\n<td>Electrical Durability<\/td>\n<td>4000 cycles<\/td>\n<\/tr>\n<tr>\n<td>Tightening Torque<\/td>\n<td>M4 2N.m \u2161<\/td>\n<\/tr>\n<tr>\n<td>IP Degree of Protection<\/td>\n<td width=\"455\">IP20 comforming to IEC 60529<br \/>IP40(modular enclosure) comforming to IEC 60529<\/td>\n<\/tr>\n<tr>\n<td width=\"306\">Ambient Air Temperature for Operation<\/td>\n<td>-5~40\u00b0C<\/td>\n<\/tr>\n<tr>\n<td>EU RoHS Directive<\/td>\n<td>Compliant EU RoHS Declaration<\/td>\n<\/tr>\n<tr>\n<td>Pollution Degree<\/td>\n<td>2 comforming to IEC\/EN 60898-1<\/td>\n<\/tr>\n<tr>\n<td width=\"306\">\n<p>Upper Wiring\u00a0 Lower Wiring<\/p>\n<\/td>\n<td><img decoding=\"async\" class=\"alignnone  wp-image-2315\" src=\"https:\/\/www.tosunlux.eu\/wp-content\/uploads\/2022\/05\/1-9.jpg\" alt=\"\" width=\"48\" height=\"49\" \/>1-16mm\u00b2<img decoding=\"async\" class=\"alignnone  wp-image-2316\" src=\"https:\/\/www.tosunlux.eu\/wp-content\/uploads\/2022\/05\/2-3.jpg\" alt=\"\" width=\"43\" height=\"46\" \/><\/td>\n<\/tr>\n<\/tbody>\n<\/table>\n<p><strong>Dimensions<\/strong><\/p>\n<p>\u00a0<\/p>\n\n\n<figure class=\"wp-block-image size-full\"><img fetchpriority=\"high\" decoding=\"async\" width=\"721\" height=\"543\" src=\"https:\/\/www.tosunlux.eu\/wp-content\/uploads\/2022\/05\/TSN3-32\u5c3a\u5bf8\u56fe.jpg\" alt=\"\" class=\"wp-image-2309\" srcset=\"https:\/\/www.tosunlux.eu\/wp-content\/uploads\/2022\/05\/TSN3-32\u5c3a\u5bf8\u56fe.jpg 721w, https:\/\/www.tosunlux.eu\/wp-content\/uploads\/2022\/05\/TSN3-32\u5c3a\u5bf8\u56fe-300x226.jpg 300w\" sizes=\"(max-width: 721px) 100vw, 721px\" \/><\/figure>\n","protected":false},"parent":0,"template":"","product_category":[76],"class_list":["post-2307","product","type-product","status-publish","hentry","product_category-mcb"],"yoast_head":"<!-- This site is optimized with the Yoast SEO plugin v27.4 - https:\/\/yoast.com\/product\/yoast-seo-wordpress\/ -->\n<title>WholesaleTSN3-32 Miniature Circuit Breaker - TOSUNlux Official Site - Electrical Circuit Breaker Manufacturer in China Low Voltage Electrical Supplier | TOSUNlux<\/title>\n<meta name=\"description\" content=\"TSN3-32 Miniature Circuit Breaker Supplier - Wholesale direct from TOSUNlux, a trusted manufacturer since 1994. Get your B2B factory quote on our certified Low Voltage electrical products.\" \/>\n<meta name=\"robots\" content=\"index, follow, max-snippet:-1, max-image-preview:large, max-video-preview:-1\" \/>\n<link rel=\"canonical\" href=\"https:\/\/www.tosunlux.eu\/fr\/products\/tsn3-32-miniature-circuit-breaker\/\" \/>\n<meta property=\"og:locale\" content=\"fr_FR\" \/>\n<meta property=\"og:type\" content=\"article\" \/>\n<meta property=\"og:title\" content=\"WholesaleTSN3-32 Miniature Circuit Breaker - TOSUNlux Official Site - Electrical Circuit Breaker Manufacturer in China Low Voltage Electrical Supplier | TOSUNlux\" \/>\n<meta property=\"og:description\" content=\"TSN3-32 Miniature Circuit Breaker Supplier - Wholesale direct from TOSUNlux, a trusted manufacturer since 1994. Get your B2B factory quote on our certified Low Voltage electrical products.\" \/>\n<meta property=\"og:url\" content=\"https:\/\/www.tosunlux.eu\/fr\/products\/tsn3-32-miniature-circuit-breaker\/\" \/>\n<meta property=\"og:site_name\" content=\"TOSUNlux Official Site - Electrical Circuit Breaker Manufacturer in China\" \/>\n<meta property=\"article:publisher\" content=\"https:\/\/www.facebook.com\/TOSUNelectric\/\" \/>\n<meta property=\"article:modified_time\" content=\"2025-01-02T02:17:00+00:00\" \/>\n<meta property=\"og:image\" content=\"https:\/\/www.tosunlux.eu\/wp-content\/uploads\/2022\/05\/1-9.jpg\" \/>\n<meta name=\"twitter:card\" content=\"summary_large_image\" \/>\n<meta name=\"twitter:label1\" content=\"Dur\u00e9e de lecture estim\u00e9e\" \/>\n\t<meta name=\"twitter:data1\" content=\"2 minutes\" \/>\n<script type=\"application\/ld+json\" class=\"yoast-schema-graph\">{\"@context\":\"https:\\\/\\\/schema.org\",\"@graph\":[{\"@type\":\"WebPage\",\"@id\":\"https:\\\/\\\/www.tosunlux.eu\\\/ur\\\/products\\\/tsn3-32-miniature-circuit-breaker\\\/\",\"url\":\"https:\\\/\\\/www.tosunlux.eu\\\/ur\\\/products\\\/tsn3-32-miniature-circuit-breaker\\\/\",\"name\":\"WholesaleTSN3-32 Miniature Circuit Breaker - TOSUNlux Official Site - Electrical Circuit Breaker Manufacturer in China Low Voltage Electrical Supplier | TOSUNlux\",\"isPartOf\":{\"@id\":\"https:\\\/\\\/www.tosunlux.eu\\\/ru\\\/#website\"},\"primaryImageOfPage\":{\"@id\":\"https:\\\/\\\/www.tosunlux.eu\\\/ur\\\/products\\\/tsn3-32-miniature-circuit-breaker\\\/#primaryimage\"},\"image\":{\"@id\":\"https:\\\/\\\/www.tosunlux.eu\\\/ur\\\/products\\\/tsn3-32-miniature-circuit-breaker\\\/#primaryimage\"},\"thumbnailUrl\":\"https:\\\/\\\/www.tosunlux.eu\\\/wp-content\\\/uploads\\\/2022\\\/05\\\/1-9.jpg\",\"datePublished\":\"2022-05-06T05:57:58+00:00\",\"dateModified\":\"2025-01-02T02:17:00+00:00\",\"description\":\"TSN3-32 Miniature Circuit Breaker Supplier - Wholesale direct from TOSUNlux, a trusted manufacturer since 1994. Get your B2B factory quote on our certified Low Voltage electrical products.\",\"breadcrumb\":{\"@id\":\"https:\\\/\\\/www.tosunlux.eu\\\/ur\\\/products\\\/tsn3-32-miniature-circuit-breaker\\\/#breadcrumb\"},\"inLanguage\":\"fr-FR\",\"potentialAction\":[{\"@type\":\"ReadAction\",\"target\":[\"https:\\\/\\\/www.tosunlux.eu\\\/ur\\\/products\\\/tsn3-32-miniature-circuit-breaker\\\/\"]}]},{\"@type\":\"ImageObject\",\"inLanguage\":\"fr-FR\",\"@id\":\"https:\\\/\\\/www.tosunlux.eu\\\/ur\\\/products\\\/tsn3-32-miniature-circuit-breaker\\\/#primaryimage\",\"url\":\"https:\\\/\\\/www.tosunlux.eu\\\/wp-content\\\/uploads\\\/2022\\\/05\\\/1-9.jpg\",\"contentUrl\":\"https:\\\/\\\/www.tosunlux.eu\\\/wp-content\\\/uploads\\\/2022\\\/05\\\/1-9.jpg\"},{\"@type\":\"BreadcrumbList\",\"@id\":\"https:\\\/\\\/www.tosunlux.eu\\\/ur\\\/products\\\/tsn3-32-miniature-circuit-breaker\\\/#breadcrumb\",\"itemListElement\":[{\"@type\":\"ListItem\",\"position\":1,\"name\":\"Home\",\"item\":\"https:\\\/\\\/www.tosunlux.eu\\\/ru\\\/\"},{\"@type\":\"ListItem\",\"position\":2,\"name\":\"Products\",\"item\":\"https:\\\/\\\/www.tosunlux.eu\\\/products\\\/\"},{\"@type\":\"ListItem\",\"position\":3,\"name\":\"TSN3-32 Miniature Circuit Breaker\"}]},{\"@type\":\"WebSite\",\"@id\":\"https:\\\/\\\/www.tosunlux.eu\\\/ru\\\/#website\",\"url\":\"https:\\\/\\\/www.tosunlux.eu\\\/ru\\\/\",\"name\":\"TOSUNlux Official Site - Electrical Circuit Breaker Manufacturer in China\",\"description\":\"Power Distribution System Supplier\",\"publisher\":{\"@id\":\"https:\\\/\\\/www.tosunlux.eu\\\/ru\\\/#organization\"},\"alternateName\":\"TOSUNlux\",\"potentialAction\":[{\"@type\":\"SearchAction\",\"target\":{\"@type\":\"EntryPoint\",\"urlTemplate\":\"https:\\\/\\\/www.tosunlux.eu\\\/ru\\\/?s={search_term_string}\"},\"query-input\":{\"@type\":\"PropertyValueSpecification\",\"valueRequired\":true,\"valueName\":\"search_term_string\"}}],\"inLanguage\":\"fr-FR\"},{\"@type\":\"Organization\",\"@id\":\"https:\\\/\\\/www.tosunlux.eu\\\/ru\\\/#organization\",\"name\":\"TOSUNlux\",\"url\":\"https:\\\/\\\/www.tosunlux.eu\\\/ru\\\/\",\"logo\":{\"@type\":\"ImageObject\",\"inLanguage\":\"fr-FR\",\"@id\":\"https:\\\/\\\/www.tosunlux.eu\\\/ru\\\/#\\\/schema\\\/logo\\\/image\\\/\",\"url\":\"https:\\\/\\\/www.tosunlux.eu\\\/wp-content\\\/uploads\\\/2022\\\/01\\\/LOGOSYSM.71762f1.png\",\"contentUrl\":\"https:\\\/\\\/www.tosunlux.eu\\\/wp-content\\\/uploads\\\/2022\\\/01\\\/LOGOSYSM.71762f1.png\",\"width\":153,\"height\":55,\"caption\":\"TOSUNlux\"},\"image\":{\"@id\":\"https:\\\/\\\/www.tosunlux.eu\\\/ru\\\/#\\\/schema\\\/logo\\\/image\\\/\"},\"sameAs\":[\"https:\\\/\\\/www.facebook.com\\\/TOSUNelectric\\\/\",\"https:\\\/\\\/www.linkedin.com\\\/company\\\/wenzhou-tosun-electric-co.-ltd\\\/\"]}]}<\/script>\n<!-- \/ Yoast SEO plugin. -->","yoast_head_json":{"title":"Disjoncteur miniature TSN3-32 en gros - Site officiel TOSUNlux - Fabricant de disjoncteurs \u00e9lectriques en Chine Fournisseur d&#039;\u00e9quipements \u00e9lectriques basse tension | TOSUNlux","description":"Fournisseur de disjoncteurs miniatures TSN3-32 - Vente en gros directement aupr\u00e8s de TOSUNlux, un fabricant de confiance depuis 1994. Obtenez votre devis d&#039;usine B2B sur nos produits \u00e9lectriques basse tension certifi\u00e9s.","robots":{"index":"index","follow":"follow","max-snippet":"max-snippet:-1","max-image-preview":"max-image-preview:large","max-video-preview":"max-video-preview:-1"},"canonical":"https:\/\/www.tosunlux.eu\/fr\/products\/tsn3-32-miniature-circuit-breaker\/","og_locale":"fr_FR","og_type":"article","og_title":"WholesaleTSN3-32 Miniature Circuit Breaker - TOSUNlux Official Site - Electrical Circuit Breaker Manufacturer in China Low Voltage Electrical Supplier | TOSUNlux","og_description":"TSN3-32 Miniature Circuit Breaker Supplier - Wholesale direct from TOSUNlux, a trusted manufacturer since 1994. Get your B2B factory quote on our certified Low Voltage electrical products.","og_url":"https:\/\/www.tosunlux.eu\/fr\/products\/tsn3-32-miniature-circuit-breaker\/","og_site_name":"TOSUNlux Official Site - Electrical Circuit Breaker Manufacturer in China","article_publisher":"https:\/\/www.facebook.com\/TOSUNelectric\/","article_modified_time":"2025-01-02T02:17:00+00:00","og_image":[{"url":"https:\/\/www.tosunlux.eu\/wp-content\/uploads\/2022\/05\/1-9.jpg","type":"","width":"","height":""}],"twitter_card":"summary_large_image","twitter_misc":{"Dur\u00e9e de lecture estim\u00e9e":"2 minutes"},"schema":{"@context":"https:\/\/schema.org","@graph":[{"@type":"WebPage","@id":"https:\/\/www.tosunlux.eu\/ur\/products\/tsn3-32-miniature-circuit-breaker\/","url":"https:\/\/www.tosunlux.eu\/ur\/products\/tsn3-32-miniature-circuit-breaker\/","name":"Disjoncteur miniature TSN3-32 en gros - Site officiel TOSUNlux - Fabricant de disjoncteurs \u00e9lectriques en Chine Fournisseur d&#039;\u00e9quipements \u00e9lectriques basse tension | TOSUNlux","isPartOf":{"@id":"https:\/\/www.tosunlux.eu\/ru\/#website"},"primaryImageOfPage":{"@id":"https:\/\/www.tosunlux.eu\/ur\/products\/tsn3-32-miniature-circuit-breaker\/#primaryimage"},"image":{"@id":"https:\/\/www.tosunlux.eu\/ur\/products\/tsn3-32-miniature-circuit-breaker\/#primaryimage"},"thumbnailUrl":"https:\/\/www.tosunlux.eu\/wp-content\/uploads\/2022\/05\/1-9.jpg","datePublished":"2022-05-06T05:57:58+00:00","dateModified":"2025-01-02T02:17:00+00:00","description":"Fournisseur de disjoncteurs miniatures TSN3-32 - Vente en gros directement aupr\u00e8s de TOSUNlux, un fabricant de confiance depuis 1994. Obtenez votre devis d&#039;usine B2B sur nos produits \u00e9lectriques basse tension certifi\u00e9s.","breadcrumb":{"@id":"https:\/\/www.tosunlux.eu\/ur\/products\/tsn3-32-miniature-circuit-breaker\/#breadcrumb"},"inLanguage":"fr-FR","potentialAction":[{"@type":"ReadAction","target":["https:\/\/www.tosunlux.eu\/ur\/products\/tsn3-32-miniature-circuit-breaker\/"]}]},{"@type":"ImageObject","inLanguage":"fr-FR","@id":"https:\/\/www.tosunlux.eu\/ur\/products\/tsn3-32-miniature-circuit-breaker\/#primaryimage","url":"https:\/\/www.tosunlux.eu\/wp-content\/uploads\/2022\/05\/1-9.jpg","contentUrl":"https:\/\/www.tosunlux.eu\/wp-content\/uploads\/2022\/05\/1-9.jpg"},{"@type":"BreadcrumbList","@id":"https:\/\/www.tosunlux.eu\/ur\/products\/tsn3-32-miniature-circuit-breaker\/#breadcrumb","itemListElement":[{"@type":"ListItem","position":1,"name":"Home","item":"https:\/\/www.tosunlux.eu\/ru\/"},{"@type":"ListItem","position":2,"name":"Products","item":"https:\/\/www.tosunlux.eu\/products\/"},{"@type":"ListItem","position":3,"name":"TSN3-32 Miniature Circuit Breaker"}]},{"@type":"WebSite","@id":"https:\/\/www.tosunlux.eu\/ru\/#website","url":"https:\/\/www.tosunlux.eu\/ru\/","name":"Site officiel TOSUNlux - Fabricant de disjoncteurs \u00e9lectriques en Chine","description":"Fournisseur de syst\u00e8me de distribution d&#039;\u00e9nergie","publisher":{"@id":"https:\/\/www.tosunlux.eu\/ru\/#organization"},"alternateName":"TOSUNlux","potentialAction":[{"@type":"SearchAction","target":{"@type":"EntryPoint","urlTemplate":"https:\/\/www.tosunlux.eu\/ru\/?s={search_term_string}"},"query-input":{"@type":"PropertyValueSpecification","valueRequired":true,"valueName":"search_term_string"}}],"inLanguage":"fr-FR"},{"@type":"Organization","@id":"https:\/\/www.tosunlux.eu\/ru\/#organization","name":"TOSUNlux","url":"https:\/\/www.tosunlux.eu\/ru\/","logo":{"@type":"ImageObject","inLanguage":"fr-FR","@id":"https:\/\/www.tosunlux.eu\/ru\/#\/schema\/logo\/image\/","url":"https:\/\/www.tosunlux.eu\/wp-content\/uploads\/2022\/01\/LOGOSYSM.71762f1.png","contentUrl":"https:\/\/www.tosunlux.eu\/wp-content\/uploads\/2022\/01\/LOGOSYSM.71762f1.png","width":153,"height":55,"caption":"TOSUNlux"},"image":{"@id":"https:\/\/www.tosunlux.eu\/ru\/#\/schema\/logo\/image\/"},"sameAs":["https:\/\/www.facebook.com\/TOSUNelectric\/","https:\/\/www.linkedin.com\/company\/wenzhou-tosun-electric-co.-ltd\/"]}]}},"_links":{"self":[{"href":"https:\/\/www.tosunlux.eu\/fr\/wp-json\/wp\/v2\/product\/2307","targetHints":{"allow":["GET"]}}],"collection":[{"href":"https:\/\/www.tosunlux.eu\/fr\/wp-json\/wp\/v2\/product"}],"about":[{"href":"https:\/\/www.tosunlux.eu\/fr\/wp-json\/wp\/v2\/types\/product"}],"version-history":[{"count":3,"href":"https:\/\/www.tosunlux.eu\/fr\/wp-json\/wp\/v2\/product\/2307\/revisions"}],"predecessor-version":[{"id":12152,"href":"https:\/\/www.tosunlux.eu\/fr\/wp-json\/wp\/v2\/product\/2307\/revisions\/12152"}],"wp:attachment":[{"href":"https:\/\/www.tosunlux.eu\/fr\/wp-json\/wp\/v2\/media?parent=2307"}],"wp:term":[{"taxonomy":"product_category","embeddable":true,"href":"https:\/\/www.tosunlux.eu\/fr\/wp-json\/wp\/v2\/product_category?post=2307"}],"curies":[{"name":"wp","href":"https:\/\/api.w.org\/{rel}","templated":true}]}}