{"id":2311,"date":"2022-05-06T14:16:10","date_gmt":"2022-05-06T06:16:10","guid":{"rendered":"https:\/\/www.tosunlux.eu\/?post_type=product&#038;p=2311"},"modified":"2022-05-06T14:16:11","modified_gmt":"2022-05-06T06:16:11","slug":"stainless-steel-panel-board","status":"publish","type":"product","link":"https:\/\/www.tosunlux.eu\/fr\/products\/stainless-steel-panel-board\/","title":{"rendered":"Panneau de panneau en acier inoxydable"},"content":{"rendered":"<p><strong>Application<\/strong><\/p>\n\n\n\n<p>Le coffret en acier inoxydable est un tableau de distribution \u00e0 montage mural. Selon le mod\u00e8le, les sp\u00e9cifications et la quantit\u00e9 des composants, il est con\u00e7u et assembl\u00e9 pour r\u00e9aliser plusieurs fonctions de contr\u00f4le.<\/p>\n\n\n\n<p>Le bo\u00eetier est en acier inoxydable 201, 304 ou 316. Son degr\u00e9 de protection peut atteindre IP55 ou IP66.\u00a0<\/p>\n\n\n\n<p>La taille et la couleur de finition du bo\u00eetier en acier inoxydable peuvent \u00eatre personnalis\u00e9es.\u00a0<\/p>\n\n\n\n<p><strong>Sp\u00e9cification(MM)<\/strong><\/p>\n\n\n<table class=\"table\" style=\"height: 690px;\" border=\"0\" width=\"488\" cellspacing=\"0\" cellpadding=\"0\">\n<tbody>\n<tr class=\"firstRow\">\n<td colspan=\"3\" rowspan=\"1\">\n<p style=\"text-align: center;\">Dimension externe\u00a0<\/p>\n<\/td>\n<td colspan=\"3\" rowspan=\"1\">\n<p style=\"text-align: center;\">\u00c9paisseur<\/p>\n<\/td>\n<\/tr>\n<tr>\n<td style=\"text-align: center;\" colspan=\"1\" rowspan=\"1\">Hauteur<\/td>\n<td style=\"text-align: center;\" colspan=\"1\" rowspan=\"1\">Largeur<\/td>\n<td style=\"text-align: center;\" colspan=\"1\" rowspan=\"1\">Profondeur<\/td>\n<td style=\"text-align: center;\" colspan=\"1\" rowspan=\"1\">Porte<\/td>\n<td style=\"text-align: center;\" colspan=\"1\" rowspan=\"1\">Corps<\/td>\n<td style=\"text-align: center;\" colspan=\"1\" rowspan=\"1\">Plaque de montage<\/td>\n<\/tr>\n<tr>\n<td style=\"text-align: center;\" colspan=\"1\" rowspan=\"1\">250<\/td>\n<td style=\"text-align: center;\" colspan=\"1\" rowspan=\"1\">200<\/td>\n<td style=\"text-align: center;\" colspan=\"1\" rowspan=\"1\">150<\/td>\n<td style=\"text-align: center;\" colspan=\"1\" rowspan=\"1\">1.2<\/td>\n<td style=\"text-align: center;\" colspan=\"1\" rowspan=\"1\">1.2<\/td>\n<td style=\"text-align: center;\" colspan=\"1\" rowspan=\"1\">2<\/td>\n<\/tr>\n<tr>\n<td style=\"text-align: center;\" colspan=\"1\" rowspan=\"1\">300<\/td>\n<td style=\"text-align: center;\" colspan=\"1\" rowspan=\"1\">200<\/td>\n<td style=\"text-align: center;\" colspan=\"1\" rowspan=\"1\">150<\/td>\n<td style=\"text-align: center;\" colspan=\"1\" rowspan=\"1\">1.2<\/td>\n<td style=\"text-align: center;\" colspan=\"1\" rowspan=\"1\">1.2<\/td>\n<td style=\"text-align: center;\" colspan=\"1\" rowspan=\"1\">2<\/td>\n<\/tr>\n<tr>\n<td style=\"text-align: center;\" colspan=\"1\" rowspan=\"1\">300<\/td>\n<td style=\"text-align: center;\" colspan=\"1\" rowspan=\"1\">200<\/td>\n<td style=\"text-align: center;\" colspan=\"1\" rowspan=\"1\">200<\/td>\n<td style=\"text-align: center;\" colspan=\"1\" rowspan=\"1\">1.2<\/td>\n<td style=\"text-align: center;\" colspan=\"1\" rowspan=\"1\">1.2<\/td>\n<td style=\"text-align: center;\" colspan=\"1\" rowspan=\"1\">2<\/td>\n<\/tr>\n<tr>\n<td style=\"text-align: center;\">300<\/td>\n<td style=\"text-align: center;\">250<\/td>\n<td style=\"text-align: center;\">150<\/td>\n<td style=\"text-align: center;\">1.2<\/td>\n<td style=\"text-align: center;\">1.2<\/td>\n<td style=\"text-align: center;\">2<\/td>\n<\/tr>\n<tr>\n<td style=\"text-align: center;\">300<\/td>\n<td style=\"text-align: center;\">250<\/td>\n<td style=\"text-align: center;\">200<\/td>\n<td style=\"text-align: center;\">1.2<\/td>\n<td style=\"text-align: center;\">1.2<\/td>\n<td style=\"text-align: center;\">2<\/td>\n<\/tr>\n<tr>\n<td style=\"text-align: center;\">300<\/td>\n<td style=\"text-align: center;\">300<\/td>\n<td style=\"text-align: center;\">150<\/td>\n<td style=\"text-align: center;\">1.2<\/td>\n<td style=\"text-align: center;\">1.2<\/td>\n<td style=\"text-align: center;\">2<\/td>\n<\/tr>\n<tr>\n<td style=\"text-align: center;\">400<\/td>\n<td style=\"text-align: center;\">300<\/td>\n<td style=\"text-align: center;\">150<\/td>\n<td style=\"text-align: center;\">1.2<\/td>\n<td style=\"text-align: center;\">1.2<\/td>\n<td style=\"text-align: center;\">2<\/td>\n<\/tr>\n<tr>\n<td style=\"text-align: center;\">400<\/td>\n<td style=\"text-align: center;\">300<\/td>\n<td style=\"text-align: center;\">200<\/td>\n<td style=\"text-align: center;\">1.2<\/td>\n<td style=\"text-align: center;\">1.2<\/td>\n<td style=\"text-align: center;\">2<\/td>\n<\/tr>\n<tr>\n<td style=\"text-align: center;\">400<\/td>\n<td style=\"text-align: center;\">400<\/td>\n<td style=\"text-align: center;\">150<\/td>\n<td style=\"text-align: center;\">1.2<\/td>\n<td style=\"text-align: center;\">1.2<\/td>\n<td style=\"text-align: center;\">2<\/td>\n<\/tr>\n<tr>\n<td style=\"text-align: center;\">400<\/td>\n<td style=\"text-align: center;\">400<\/td>\n<td style=\"text-align: center;\">200<\/td>\n<td style=\"text-align: center;\">1.2<\/td>\n<td style=\"text-align: center;\">1.2<\/td>\n<td style=\"text-align: center;\">2<\/td>\n<\/tr>\n<tr>\n<td style=\"text-align: center;\">500<\/td>\n<td style=\"text-align: center;\">400<\/td>\n<td style=\"text-align: center;\">200<\/td>\n<td style=\"text-align: center;\">1.2<\/td>\n<td style=\"text-align: center;\">1.2<\/td>\n<td style=\"text-align: center;\">2<\/td>\n<\/tr>\n<tr>\n<td style=\"text-align: center;\">500<\/td>\n<td style=\"text-align: center;\">400<\/td>\n<td style=\"text-align: center;\">250<\/td>\n<td style=\"text-align: center;\">1.2<\/td>\n<td style=\"text-align: center;\">1.2<\/td>\n<td style=\"text-align: center;\">2<\/td>\n<\/tr>\n<tr>\n<td style=\"text-align: center;\">500<\/td>\n<td style=\"text-align: center;\">500<\/td>\n<td style=\"text-align: center;\">200<\/td>\n<td style=\"text-align: center;\">1.2<\/td>\n<td style=\"text-align: center;\">1.2<\/td>\n<td style=\"text-align: center;\">2<\/td>\n<\/tr>\n<tr>\n<td style=\"text-align: center;\">500<\/td>\n<td style=\"text-align: center;\">500<\/td>\n<td style=\"text-align: center;\">250<\/td>\n<td style=\"text-align: center;\">1.2<\/td>\n<td style=\"text-align: center;\">1.2<\/td>\n<td style=\"text-align: center;\">2<\/td>\n<\/tr>\n<tr>\n<td style=\"text-align: center;\">600<\/td>\n<td style=\"text-align: center;\">400<\/td>\n<td style=\"text-align: center;\">200<\/td>\n<td style=\"text-align: center;\">1.2<\/td>\n<td style=\"text-align: center;\">1.2<\/td>\n<td style=\"text-align: center;\">2<\/td>\n<\/tr>\n<tr>\n<td style=\"text-align: center;\">600<\/td>\n<td style=\"text-align: center;\">500<\/td>\n<td style=\"text-align: center;\">200<\/td>\n<td style=\"text-align: center;\">1.2<\/td>\n<td style=\"text-align: center;\">1.2<\/td>\n<td style=\"text-align: center;\">2<\/td>\n<\/tr>\n<tr>\n<td style=\"text-align: center;\">600<\/td>\n<td style=\"text-align: center;\">500<\/td>\n<td style=\"text-align: center;\">250<\/td>\n<td style=\"text-align: center;\">1.2<\/td>\n<td style=\"text-align: center;\">1.2<\/td>\n<td style=\"text-align: center;\">2<\/td>\n<\/tr>\n<tr>\n<td style=\"text-align: center;\">600<\/td>\n<td style=\"text-align: center;\">600<\/td>\n<td style=\"text-align: center;\">250<\/td>\n<td style=\"text-align: center;\">1.2<\/td>\n<td style=\"text-align: center;\">1.2<\/td>\n<td style=\"text-align: center;\">2<\/td>\n<\/tr>\n<tr>\n<td style=\"text-align: center;\">700<\/td>\n<td style=\"text-align: center;\">500<\/td>\n<td style=\"text-align: center;\">200<\/td>\n<td style=\"text-align: center;\">1.2<\/td>\n<td style=\"text-align: center;\">1.2<\/td>\n<td style=\"text-align: center;\">2<\/td>\n<\/tr>\n<tr>\n<td style=\"text-align: center;\">700<\/td>\n<td style=\"text-align: center;\">600<\/td>\n<td style=\"text-align: center;\">250<\/td>\n<td style=\"text-align: center;\">1.2<\/td>\n<td style=\"text-align: center;\">1.2<\/td>\n<td style=\"text-align: center;\">2<\/td>\n<\/tr>\n<tr>\n<td style=\"text-align: center;\">800<\/td>\n<td style=\"text-align: center;\">600<\/td>\n<td style=\"text-align: center;\">200<\/td>\n<td style=\"text-align: center;\">1.5<\/td>\n<td style=\"text-align: center;\">1.5<\/td>\n<td style=\"text-align: center;\">2<\/td>\n<\/tr>\n<tr>\n<td style=\"text-align: center;\">800<\/td>\n<td style=\"text-align: center;\">600<\/td>\n<td style=\"text-align: center;\">250<\/td>\n<td style=\"text-align: center;\">1.5<\/td>\n<td style=\"text-align: center;\">1.5<\/td>\n<td style=\"text-align: center;\">2<\/td>\n<\/tr>\n<tr>\n<td style=\"text-align: center;\">1000<\/td>\n<td style=\"text-align: center;\">800<\/td>\n<td style=\"text-align: center;\">200<\/td>\n<td style=\"text-align: center;\">1.5<\/td>\n<td style=\"text-align: center;\">1.5<\/td>\n<td style=\"text-align: center;\">2<\/td>\n<\/tr>\n<tr>\n<td style=\"text-align: center;\">1000<\/td>\n<td style=\"text-align: center;\">800<\/td>\n<td style=\"text-align: center;\">250<\/td>\n<td style=\"text-align: center;\">1.5<\/td>\n<td style=\"text-align: center;\">1.5<\/td>\n<td style=\"text-align: center;\">2<\/td>\n<\/tr>\n<tr>\n<td style=\"text-align: center;\">1000<\/td>\n<td style=\"text-align: center;\">800<\/td>\n<td style=\"text-align: center;\">300<\/td>\n<td style=\"text-align: center;\">1.5<\/td>\n<td style=\"text-align: center;\">1.5<\/td>\n<td style=\"text-align: center;\">2<\/td>\n<\/tr>\n<tr>\n<td style=\"text-align: center;\">1200<\/td>\n<td style=\"text-align: center;\">800<\/td>\n<td style=\"text-align: center;\">200<\/td>\n<td style=\"text-align: center;\">1.5<\/td>\n<td style=\"text-align: center;\">1.5<\/td>\n<td style=\"text-align: center;\">2<\/td>\n<\/tr>\n<tr>\n<td style=\"text-align: center;\">1200<\/td>\n<td style=\"text-align: center;\">800<\/td>\n<td style=\"text-align: center;\">250<\/td>\n<td style=\"text-align: center;\">1.5<\/td>\n<td style=\"text-align: center;\">1.5<\/td>\n<td style=\"text-align: center;\">2<\/td>\n<\/tr>\n<tr>\n<td style=\"text-align: center;\">1200<\/td>\n<td style=\"text-align: center;\">800<\/td>\n<td style=\"text-align: center;\">300<\/td>\n<td style=\"text-align: center;\">1.5<\/td>\n<td style=\"text-align: center;\">1.5<\/td>\n<td style=\"text-align: center;\">2<\/td>\n<\/tr>\n<\/tbody>\n<\/table>","protected":false},"parent":0,"template":"","product_category":[36,102],"class_list":["post-2311","product","type-product","status-publish","hentry","product_category-electrical-accessories","product_category-panel-board-junction-box"],"yoast_head":"<!-- This site is optimized with the Yoast SEO plugin v27.4 - https:\/\/yoast.com\/product\/yoast-seo-wordpress\/ -->\n<title>WholesaleStainless Steel Panel Board - TOSUNlux Official Site - Electrical Circuit Breaker Manufacturer in China Low Voltage Electrical Supplier | TOSUNlux<\/title>\n<meta name=\"description\" content=\"Stainless Steel Panel Board Supplier - Wholesale direct from TOSUNlux, a trusted manufacturer since 1994. Get your B2B factory quote on our certified Low Voltage electrical products.\" \/>\n<meta name=\"robots\" content=\"index, follow, max-snippet:-1, max-image-preview:large, max-video-preview:-1\" \/>\n<link rel=\"canonical\" href=\"https:\/\/www.tosunlux.eu\/fr\/products\/stainless-steel-panel-board\/\" \/>\n<meta property=\"og:locale\" content=\"fr_FR\" \/>\n<meta property=\"og:type\" content=\"article\" \/>\n<meta property=\"og:title\" content=\"WholesaleStainless Steel Panel Board - TOSUNlux Official Site - Electrical Circuit Breaker Manufacturer in China Low Voltage Electrical Supplier | TOSUNlux\" \/>\n<meta property=\"og:description\" content=\"Stainless Steel Panel Board Supplier - Wholesale direct from TOSUNlux, a trusted manufacturer since 1994. Get your B2B factory quote on our certified Low Voltage electrical products.\" \/>\n<meta property=\"og:url\" content=\"https:\/\/www.tosunlux.eu\/fr\/products\/stainless-steel-panel-board\/\" \/>\n<meta property=\"og:site_name\" content=\"TOSUNlux Official Site - Electrical Circuit Breaker Manufacturer in China\" \/>\n<meta property=\"article:publisher\" content=\"https:\/\/www.facebook.com\/TOSUNelectric\/\" \/>\n<meta property=\"article:modified_time\" content=\"2022-05-06T06:16:11+00:00\" \/>\n<meta property=\"og:image\" content=\"https:\/\/www.tosunlux.eu\/wp-content\/uploads\/2023\/04\/DSC08160_\u526f\u672c.jpg\" \/>\n\t<meta property=\"og:image:width\" content=\"1500\" \/>\n\t<meta property=\"og:image:height\" content=\"940\" \/>\n\t<meta property=\"og:image:type\" content=\"image\/jpeg\" \/>\n<meta name=\"twitter:card\" content=\"summary_large_image\" \/>\n<meta name=\"twitter:label1\" content=\"Dur\u00e9e de lecture estim\u00e9e\" \/>\n\t<meta name=\"twitter:data1\" content=\"2 minutes\" \/>\n<script type=\"application\/ld+json\" class=\"yoast-schema-graph\">{\"@context\":\"https:\\\/\\\/schema.org\",\"@graph\":[{\"@type\":\"WebPage\",\"@id\":\"https:\\\/\\\/www.tosunlux.eu\\\/mn\\\/products\\\/stainless-steel-panel-board\\\/\",\"url\":\"https:\\\/\\\/www.tosunlux.eu\\\/mn\\\/products\\\/stainless-steel-panel-board\\\/\",\"name\":\"WholesaleStainless Steel Panel Board - TOSUNlux Official Site - Electrical Circuit Breaker Manufacturer in China Low Voltage Electrical Supplier | TOSUNlux\",\"isPartOf\":{\"@id\":\"https:\\\/\\\/www.tosunlux.eu\\\/ru\\\/#website\"},\"datePublished\":\"2022-05-06T06:16:10+00:00\",\"dateModified\":\"2022-05-06T06:16:11+00:00\",\"description\":\"Stainless Steel Panel Board Supplier - Wholesale direct from TOSUNlux, a trusted manufacturer since 1994. Get your B2B factory quote on our certified Low Voltage electrical products.\",\"breadcrumb\":{\"@id\":\"https:\\\/\\\/www.tosunlux.eu\\\/mn\\\/products\\\/stainless-steel-panel-board\\\/#breadcrumb\"},\"inLanguage\":\"fr-FR\",\"potentialAction\":[{\"@type\":\"ReadAction\",\"target\":[\"https:\\\/\\\/www.tosunlux.eu\\\/mn\\\/products\\\/stainless-steel-panel-board\\\/\"]}]},{\"@type\":\"BreadcrumbList\",\"@id\":\"https:\\\/\\\/www.tosunlux.eu\\\/mn\\\/products\\\/stainless-steel-panel-board\\\/#breadcrumb\",\"itemListElement\":[{\"@type\":\"ListItem\",\"position\":1,\"name\":\"Home\",\"item\":\"https:\\\/\\\/www.tosunlux.eu\\\/ru\\\/\"},{\"@type\":\"ListItem\",\"position\":2,\"name\":\"Products\",\"item\":\"https:\\\/\\\/www.tosunlux.eu\\\/products\\\/\"},{\"@type\":\"ListItem\",\"position\":3,\"name\":\"Stainless Steel Panel Board\"}]},{\"@type\":\"WebSite\",\"@id\":\"https:\\\/\\\/www.tosunlux.eu\\\/ru\\\/#website\",\"url\":\"https:\\\/\\\/www.tosunlux.eu\\\/ru\\\/\",\"name\":\"TOSUNlux Official Site - Electrical Circuit Breaker Manufacturer in China\",\"description\":\"Power Distribution System Supplier\",\"publisher\":{\"@id\":\"https:\\\/\\\/www.tosunlux.eu\\\/ru\\\/#organization\"},\"alternateName\":\"TOSUNlux\",\"potentialAction\":[{\"@type\":\"SearchAction\",\"target\":{\"@type\":\"EntryPoint\",\"urlTemplate\":\"https:\\\/\\\/www.tosunlux.eu\\\/ru\\\/?s={search_term_string}\"},\"query-input\":{\"@type\":\"PropertyValueSpecification\",\"valueRequired\":true,\"valueName\":\"search_term_string\"}}],\"inLanguage\":\"fr-FR\"},{\"@type\":\"Organization\",\"@id\":\"https:\\\/\\\/www.tosunlux.eu\\\/ru\\\/#organization\",\"name\":\"TOSUNlux\",\"url\":\"https:\\\/\\\/www.tosunlux.eu\\\/ru\\\/\",\"logo\":{\"@type\":\"ImageObject\",\"inLanguage\":\"fr-FR\",\"@id\":\"https:\\\/\\\/www.tosunlux.eu\\\/ru\\\/#\\\/schema\\\/logo\\\/image\\\/\",\"url\":\"https:\\\/\\\/www.tosunlux.eu\\\/wp-content\\\/uploads\\\/2022\\\/01\\\/LOGOSYSM.71762f1.png\",\"contentUrl\":\"https:\\\/\\\/www.tosunlux.eu\\\/wp-content\\\/uploads\\\/2022\\\/01\\\/LOGOSYSM.71762f1.png\",\"width\":153,\"height\":55,\"caption\":\"TOSUNlux\"},\"image\":{\"@id\":\"https:\\\/\\\/www.tosunlux.eu\\\/ru\\\/#\\\/schema\\\/logo\\\/image\\\/\"},\"sameAs\":[\"https:\\\/\\\/www.facebook.com\\\/TOSUNelectric\\\/\",\"https:\\\/\\\/www.linkedin.com\\\/company\\\/wenzhou-tosun-electric-co.-ltd\\\/\"]}]}<\/script>\n<!-- \/ Yoast SEO plugin. -->","yoast_head_json":{"title":"Panneaux de distribution en acier inoxydable en gros - Site officiel de TOSUNlux - Fabricant de disjoncteurs \u00e9lectriques en Chine Fournisseur d&#039;\u00e9quipements \u00e9lectriques basse tension | TOSUNlux","description":"Fournisseur de panneaux en acier inoxydable - Vente en gros directement aupr\u00e8s de TOSUNlux, un fabricant de confiance depuis 1994. Obtenez votre devis d&#039;usine B2B sur nos produits \u00e9lectriques basse tension certifi\u00e9s.","robots":{"index":"index","follow":"follow","max-snippet":"max-snippet:-1","max-image-preview":"max-image-preview:large","max-video-preview":"max-video-preview:-1"},"canonical":"https:\/\/www.tosunlux.eu\/fr\/products\/stainless-steel-panel-board\/","og_locale":"fr_FR","og_type":"article","og_title":"WholesaleStainless Steel Panel Board - TOSUNlux Official Site - Electrical Circuit Breaker Manufacturer in China Low Voltage Electrical Supplier | TOSUNlux","og_description":"Stainless Steel Panel Board Supplier - Wholesale direct from TOSUNlux, a trusted manufacturer since 1994. Get your B2B factory quote on our certified Low Voltage electrical products.","og_url":"https:\/\/www.tosunlux.eu\/fr\/products\/stainless-steel-panel-board\/","og_site_name":"TOSUNlux Official Site - Electrical Circuit Breaker Manufacturer in China","article_publisher":"https:\/\/www.facebook.com\/TOSUNelectric\/","article_modified_time":"2022-05-06T06:16:11+00:00","og_image":[{"width":1500,"height":940,"url":"https:\/\/www.tosunlux.eu\/wp-content\/uploads\/2023\/04\/DSC08160_\u526f\u672c.jpg","type":"image\/jpeg"}],"twitter_card":"summary_large_image","twitter_misc":{"Dur\u00e9e de lecture estim\u00e9e":"2 minutes"},"schema":{"@context":"https:\/\/schema.org","@graph":[{"@type":"WebPage","@id":"https:\/\/www.tosunlux.eu\/mn\/products\/stainless-steel-panel-board\/","url":"https:\/\/www.tosunlux.eu\/mn\/products\/stainless-steel-panel-board\/","name":"Panneaux de distribution en acier inoxydable en gros - Site officiel de TOSUNlux - Fabricant de disjoncteurs \u00e9lectriques en Chine Fournisseur d&#039;\u00e9quipements \u00e9lectriques basse tension | TOSUNlux","isPartOf":{"@id":"https:\/\/www.tosunlux.eu\/ru\/#website"},"datePublished":"2022-05-06T06:16:10+00:00","dateModified":"2022-05-06T06:16:11+00:00","description":"Fournisseur de panneaux en acier inoxydable - Vente en gros directement aupr\u00e8s de TOSUNlux, un fabricant de confiance depuis 1994. Obtenez votre devis d&#039;usine B2B sur nos produits \u00e9lectriques basse tension certifi\u00e9s.","breadcrumb":{"@id":"https:\/\/www.tosunlux.eu\/mn\/products\/stainless-steel-panel-board\/#breadcrumb"},"inLanguage":"fr-FR","potentialAction":[{"@type":"ReadAction","target":["https:\/\/www.tosunlux.eu\/mn\/products\/stainless-steel-panel-board\/"]}]},{"@type":"BreadcrumbList","@id":"https:\/\/www.tosunlux.eu\/mn\/products\/stainless-steel-panel-board\/#breadcrumb","itemListElement":[{"@type":"ListItem","position":1,"name":"Home","item":"https:\/\/www.tosunlux.eu\/ru\/"},{"@type":"ListItem","position":2,"name":"Products","item":"https:\/\/www.tosunlux.eu\/products\/"},{"@type":"ListItem","position":3,"name":"Stainless Steel Panel Board"}]},{"@type":"WebSite","@id":"https:\/\/www.tosunlux.eu\/ru\/#website","url":"https:\/\/www.tosunlux.eu\/ru\/","name":"Site officiel TOSUNlux - Fabricant de disjoncteurs \u00e9lectriques en Chine","description":"Fournisseur de syst\u00e8me de distribution d&#039;\u00e9nergie","publisher":{"@id":"https:\/\/www.tosunlux.eu\/ru\/#organization"},"alternateName":"TOSUNlux","potentialAction":[{"@type":"SearchAction","target":{"@type":"EntryPoint","urlTemplate":"https:\/\/www.tosunlux.eu\/ru\/?s={search_term_string}"},"query-input":{"@type":"PropertyValueSpecification","valueRequired":true,"valueName":"search_term_string"}}],"inLanguage":"fr-FR"},{"@type":"Organization","@id":"https:\/\/www.tosunlux.eu\/ru\/#organization","name":"TOSUNlux","url":"https:\/\/www.tosunlux.eu\/ru\/","logo":{"@type":"ImageObject","inLanguage":"fr-FR","@id":"https:\/\/www.tosunlux.eu\/ru\/#\/schema\/logo\/image\/","url":"https:\/\/www.tosunlux.eu\/wp-content\/uploads\/2022\/01\/LOGOSYSM.71762f1.png","contentUrl":"https:\/\/www.tosunlux.eu\/wp-content\/uploads\/2022\/01\/LOGOSYSM.71762f1.png","width":153,"height":55,"caption":"TOSUNlux"},"image":{"@id":"https:\/\/www.tosunlux.eu\/ru\/#\/schema\/logo\/image\/"},"sameAs":["https:\/\/www.facebook.com\/TOSUNelectric\/","https:\/\/www.linkedin.com\/company\/wenzhou-tosun-electric-co.-ltd\/"]}]}},"_links":{"self":[{"href":"https:\/\/www.tosunlux.eu\/fr\/wp-json\/wp\/v2\/product\/2311","targetHints":{"allow":["GET"]}}],"collection":[{"href":"https:\/\/www.tosunlux.eu\/fr\/wp-json\/wp\/v2\/product"}],"about":[{"href":"https:\/\/www.tosunlux.eu\/fr\/wp-json\/wp\/v2\/types\/product"}],"version-history":[{"count":0,"href":"https:\/\/www.tosunlux.eu\/fr\/wp-json\/wp\/v2\/product\/2311\/revisions"}],"wp:attachment":[{"href":"https:\/\/www.tosunlux.eu\/fr\/wp-json\/wp\/v2\/media?parent=2311"}],"wp:term":[{"taxonomy":"product_category","embeddable":true,"href":"https:\/\/www.tosunlux.eu\/fr\/wp-json\/wp\/v2\/product_category?post=2311"}],"curies":[{"name":"wp","href":"https:\/\/api.w.org\/{rel}","templated":true}]}}