{"id":2402,"date":"2022-05-09T15:37:14","date_gmt":"2022-05-09T07:37:14","guid":{"rendered":"https:\/\/www.tosunlux.eu\/?post_type=product&#038;p=2402"},"modified":"2022-05-09T15:54:23","modified_gmt":"2022-05-09T07:54:23","slug":"pushbutton-switch-pb2-bg2","status":"publish","type":"product","link":"https:\/\/www.tosunlux.eu\/fr\/products\/pushbutton-switch-pb2-bg2\/","title":{"rendered":"Commutateur \u00e0 bouton-poussoir PB2-BG21"},"content":{"rendered":"<p>T\u00eate circulaire, avec lunette en m\u00e9tal chrom\u00e9<br>Unit\u00e9s compl\u00e8tes avec raccordements \u00e0 vis et serre-c\u00e2bles imperdables<\/p>\n\n\n<table style=\"border-collapse: collapse; width: 292.52pt;\" border=\"0\" width=\"390\" cellspacing=\"0\" cellpadding=\"0\">\n<tbody>\n<tr style=\"height: 13.50pt;\">\n<td class=\"et2\" style=\"height: 13.50pt; width: 293.00pt; border-right: .5pt solid #000000;\" colspan=\"5\" width=\"390\" height=\"18\">S\u00e9lecteur<\/td>\n<\/tr>\n<tr style=\"height: 25.50pt;\">\n<td class=\"et5\" style=\"height: 25.50pt; width: 44.40pt;\" width=\"59\" height=\"34\">Description<\/td>\n<td class=\"et5\" style=\"width: 54.00pt;\" width=\"72\">Contact<\/td>\n<td class=\"et5\" style=\"width: 58.75pt;\" width=\"78\">Circuit<\/td>\n<td class=\"et5\" style=\"width: 54.00pt;\" width=\"72\">Localit\u00e9<\/td>\n<td class=\"et5\" style=\"width: 81.85pt;\" width=\"109\">Mod\u00e8le<\/td>\n<\/tr>\n<tr style=\"height: 13.50pt;\">\n<td class=\"et6\" style=\"height: 81.00pt; width: 44.40pt;\" rowspan=\"6\" width=\"59\" height=\"108\">Interrupteur \u00e0 cl\u00e9<br \/>Ronis 455<br \/>2 positions<\/td>\n<td class=\"et6\" style=\"width: 54.00pt;\" rowspan=\"3\" width=\"72\">NON<\/td>\n<td class=\"et6\" style=\"width: 58.75pt;\" rowspan=\"3\" width=\"78\"><img decoding=\"async\" class=\"alignnone  wp-image-2403\" src=\"https:\/\/www.tosunlux.eu\/wp-content\/uploads\/2022\/05\/377-300x168.jpg\" alt=\"\" width=\"54\" height=\"30\" srcset=\"https:\/\/www.tosunlux.eu\/wp-content\/uploads\/2022\/05\/377-300x168.jpg 300w, https:\/\/www.tosunlux.eu\/wp-content\/uploads\/2022\/05\/377-1024x575.jpg 1024w, https:\/\/www.tosunlux.eu\/wp-content\/uploads\/2022\/05\/377-768x431.jpg 768w, https:\/\/www.tosunlux.eu\/wp-content\/uploads\/2022\/05\/377-1536x862.jpg 1536w, https:\/\/www.tosunlux.eu\/wp-content\/uploads\/2022\/05\/377.jpg 1600w\" sizes=\"(max-width: 54px) 100vw, 54px\" \/><\/td>\n<td class=\"et6\" style=\"width: 54.00pt;\" rowspan=\"6\" width=\"72\"><img decoding=\"async\" class=\"alignnone  wp-image-2407\" src=\"https:\/\/www.tosunlux.eu\/wp-content\/uploads\/2022\/05\/37-6-35x300.jpg\" alt=\"\" width=\"22\" height=\"189\" \/><\/td>\n<td class=\"et5\" style=\"width: 81.85pt;\" width=\"109\">PB2-BG21<\/td>\n<\/tr>\n<tr style=\"height: 13.50pt;\">\n<td class=\"et5\" style=\"width: 81.85pt;\" width=\"109\">PB2-BG41<\/td>\n<\/tr>\n<tr style=\"height: 13.50pt;\">\n<td class=\"et5\" style=\"width: 81.85pt;\" width=\"109\">PB2-BG25<\/td>\n<\/tr>\n<tr style=\"height: 13.50pt;\">\n<td class=\"et6\" style=\"width: 54.00pt;\" rowspan=\"3\" width=\"72\"><br \/>N\/O+N\/F<\/td>\n<td class=\"et6\" style=\"width: 58.75pt;\" rowspan=\"3\" width=\"78\"><img decoding=\"async\" class=\"alignnone  wp-image-2404\" src=\"https:\/\/www.tosunlux.eu\/wp-content\/uploads\/2022\/05\/377777-300x133.jpg\" alt=\"\" width=\"52\" height=\"23\" srcset=\"https:\/\/www.tosunlux.eu\/wp-content\/uploads\/2022\/05\/377777-300x133.jpg 300w, https:\/\/www.tosunlux.eu\/wp-content\/uploads\/2022\/05\/377777-1024x452.jpg 1024w, https:\/\/www.tosunlux.eu\/wp-content\/uploads\/2022\/05\/377777-768x339.jpg 768w, https:\/\/www.tosunlux.eu\/wp-content\/uploads\/2022\/05\/377777-1536x679.jpg 1536w, https:\/\/www.tosunlux.eu\/wp-content\/uploads\/2022\/05\/377777.jpg 1600w\" sizes=\"(max-width: 52px) 100vw, 52px\" \/><\/td>\n<td class=\"et5\" style=\"width: 81.85pt;\" width=\"109\">PB2-BG61<\/td>\n<\/tr>\n<tr style=\"height: 13.50pt;\">\n<td class=\"et5\" style=\"width: 81.85pt;\" width=\"109\">PB2-BG45<\/td>\n<\/tr>\n<tr style=\"height: 13.50pt;\">\n<td class=\"et5\" style=\"width: 81.85pt;\" width=\"109\">PB2-BG65<\/td>\n<\/tr>\n<tr style=\"height: 13.50pt;\">\n<td class=\"et6\" style=\"height: 54.00pt; width: 44.40pt;\" rowspan=\"4\" width=\"59\" height=\"72\">Interrupteur \u00e0 cl\u00e9<br \/>Ronis 455<br \/>3 positions<\/td>\n<td class=\"et6\" style=\"width: 54.00pt;\" rowspan=\"4\" width=\"72\"><br \/>N\/O+N\/O<\/td>\n<td class=\"et6\" style=\"width: 58.75pt;\" rowspan=\"4\" width=\"78\"><img loading=\"lazy\" decoding=\"async\" class=\"alignnone  wp-image-2406\" src=\"https:\/\/www.tosunlux.eu\/wp-content\/uploads\/2022\/05\/37777-300x147.jpg\" alt=\"\" width=\"60\" height=\"29\" srcset=\"https:\/\/www.tosunlux.eu\/wp-content\/uploads\/2022\/05\/37777-300x147.jpg 300w, https:\/\/www.tosunlux.eu\/wp-content\/uploads\/2022\/05\/37777-1024x502.jpg 1024w, https:\/\/www.tosunlux.eu\/wp-content\/uploads\/2022\/05\/37777-768x377.jpg 768w, https:\/\/www.tosunlux.eu\/wp-content\/uploads\/2022\/05\/37777-1536x754.jpg 1536w, https:\/\/www.tosunlux.eu\/wp-content\/uploads\/2022\/05\/37777.jpg 1600w\" sizes=\"(max-width: 60px) 100vw, 60px\" \/><\/td>\n<td class=\"et6\" style=\"width: 54.00pt;\" rowspan=\"4\" width=\"72\"><img loading=\"lazy\" decoding=\"async\" class=\"alignnone  wp-image-2408\" src=\"https:\/\/www.tosunlux.eu\/wp-content\/uploads\/2022\/05\/37-66-54x300.jpg\" alt=\"\" width=\"22\" height=\"122\" srcset=\"https:\/\/www.tosunlux.eu\/wp-content\/uploads\/2022\/05\/37-66-54x300.jpg 54w, https:\/\/www.tosunlux.eu\/wp-content\/uploads\/2022\/05\/37-66-186x1024.jpg 186w, https:\/\/www.tosunlux.eu\/wp-content\/uploads\/2022\/05\/37-66-768x4233.jpg 768w, https:\/\/www.tosunlux.eu\/wp-content\/uploads\/2022\/05\/37-66-279x1536.jpg 279w, https:\/\/www.tosunlux.eu\/wp-content\/uploads\/2022\/05\/37-66-372x2048.jpg 372w, https:\/\/www.tosunlux.eu\/wp-content\/uploads\/2022\/05\/37-66-scaled.jpg 464w\" sizes=\"(max-width: 22px) 100vw, 22px\" \/><\/td>\n<td class=\"et5\" style=\"width: 81.85pt;\" width=\"109\">PB2-BG33<\/td>\n<\/tr>\n<tr style=\"height: 13.50pt;\">\n<td class=\"et5\" style=\"width: 81.85pt;\" width=\"109\">PB2-BG53<\/td>\n<\/tr>\n<tr style=\"height: 13.50pt;\">\n<td class=\"et5\" style=\"width: 81.85pt;\" width=\"109\">PB2-BG03<\/td>\n<\/tr>\n<tr style=\"height: 13.50pt;\">\n<td class=\"et5\" style=\"width: 81.85pt;\" width=\"109\">PB2-BG73<\/td>\n<\/tr>\n<\/tbody>\n<\/table>","protected":false},"parent":0,"template":"","product_category":[35,94],"class_list":["post-2402","product","type-product","status-publish","hentry","product_category-industrial-control-devices","product_category-pushbutton-switch"],"yoast_head":"<!-- This site is optimized with the Yoast SEO plugin v27.3 - https:\/\/yoast.com\/product\/yoast-seo-wordpress\/ -->\n<title>WholesalePushbutton Switch PB2-BG21 - TOSUNlux Official Site - Electrical Circuit Breaker Manufacturer in China Low Voltage Electrical Supplier | TOSUNlux<\/title>\n<meta name=\"description\" content=\"Pushbutton Switch PB2-BG21 Supplier - Wholesale direct from TOSUNlux, a trusted manufacturer since 1994. Get your B2B factory quote on our certified Low Voltage electrical products.\" \/>\n<meta name=\"robots\" content=\"index, follow, max-snippet:-1, max-image-preview:large, max-video-preview:-1\" \/>\n<link rel=\"canonical\" href=\"https:\/\/www.tosunlux.eu\/fr\/products\/pushbutton-switch-pb2-bg2\/\" \/>\n<meta property=\"og:locale\" content=\"fr_FR\" \/>\n<meta property=\"og:type\" content=\"article\" \/>\n<meta property=\"og:title\" content=\"WholesalePushbutton Switch PB2-BG21 - TOSUNlux Official Site - Electrical Circuit Breaker Manufacturer in China Low Voltage Electrical Supplier | TOSUNlux\" \/>\n<meta property=\"og:description\" content=\"Pushbutton Switch PB2-BG21 Supplier - Wholesale direct from TOSUNlux, a trusted manufacturer since 1994. Get your B2B factory quote on our certified Low Voltage electrical products.\" \/>\n<meta property=\"og:url\" content=\"https:\/\/www.tosunlux.eu\/fr\/products\/pushbutton-switch-pb2-bg2\/\" \/>\n<meta property=\"og:site_name\" content=\"TOSUNlux Official Site - Electrical Circuit Breaker Manufacturer in China\" \/>\n<meta property=\"article:publisher\" content=\"https:\/\/www.facebook.com\/TOSUNelectric\/\" \/>\n<meta property=\"article:modified_time\" content=\"2022-05-09T07:54:23+00:00\" \/>\n<meta property=\"og:image\" content=\"https:\/\/www.tosunlux.eu\/wp-content\/uploads\/2022\/05\/377-300x168.jpg\" \/>\n<meta name=\"twitter:card\" content=\"summary_large_image\" \/>\n<meta name=\"twitter:label1\" content=\"Dur\u00e9e de lecture estim\u00e9e\" \/>\n\t<meta name=\"twitter:data1\" content=\"2 minutes\" \/>\n<script type=\"application\/ld+json\" class=\"yoast-schema-graph\">{\"@context\":\"https:\\\/\\\/schema.org\",\"@graph\":[{\"@type\":\"WebPage\",\"@id\":\"https:\\\/\\\/www.tosunlux.eu\\\/products\\\/pushbutton-switch-pb2-bg2\\\/\",\"url\":\"https:\\\/\\\/www.tosunlux.eu\\\/products\\\/pushbutton-switch-pb2-bg2\\\/\",\"name\":\"WholesalePushbutton Switch PB2-BG21 - TOSUNlux Official Site - Electrical Circuit Breaker Manufacturer in China Low Voltage Electrical Supplier | TOSUNlux\",\"isPartOf\":{\"@id\":\"https:\\\/\\\/www.tosunlux.eu\\\/ru\\\/#website\"},\"primaryImageOfPage\":{\"@id\":\"https:\\\/\\\/www.tosunlux.eu\\\/products\\\/pushbutton-switch-pb2-bg2\\\/#primaryimage\"},\"image\":{\"@id\":\"https:\\\/\\\/www.tosunlux.eu\\\/products\\\/pushbutton-switch-pb2-bg2\\\/#primaryimage\"},\"thumbnailUrl\":\"https:\\\/\\\/www.tosunlux.eu\\\/wp-content\\\/uploads\\\/2022\\\/05\\\/377-300x168.jpg\",\"datePublished\":\"2022-05-09T07:37:14+00:00\",\"dateModified\":\"2022-05-09T07:54:23+00:00\",\"description\":\"Pushbutton Switch PB2-BG21 Supplier - Wholesale direct from TOSUNlux, a trusted manufacturer since 1994. Get your B2B factory quote on our certified Low Voltage electrical products.\",\"breadcrumb\":{\"@id\":\"https:\\\/\\\/www.tosunlux.eu\\\/products\\\/pushbutton-switch-pb2-bg2\\\/#breadcrumb\"},\"inLanguage\":\"fr-FR\",\"potentialAction\":[{\"@type\":\"ReadAction\",\"target\":[\"https:\\\/\\\/www.tosunlux.eu\\\/products\\\/pushbutton-switch-pb2-bg2\\\/\"]}]},{\"@type\":\"ImageObject\",\"inLanguage\":\"fr-FR\",\"@id\":\"https:\\\/\\\/www.tosunlux.eu\\\/products\\\/pushbutton-switch-pb2-bg2\\\/#primaryimage\",\"url\":\"https:\\\/\\\/www.tosunlux.eu\\\/wp-content\\\/uploads\\\/2022\\\/05\\\/377-300x168.jpg\",\"contentUrl\":\"https:\\\/\\\/www.tosunlux.eu\\\/wp-content\\\/uploads\\\/2022\\\/05\\\/377-300x168.jpg\"},{\"@type\":\"BreadcrumbList\",\"@id\":\"https:\\\/\\\/www.tosunlux.eu\\\/products\\\/pushbutton-switch-pb2-bg2\\\/#breadcrumb\",\"itemListElement\":[{\"@type\":\"ListItem\",\"position\":1,\"name\":\"Home\",\"item\":\"https:\\\/\\\/www.tosunlux.eu\\\/ru\\\/\"},{\"@type\":\"ListItem\",\"position\":2,\"name\":\"Products\",\"item\":\"https:\\\/\\\/www.tosunlux.eu\\\/products\\\/\"},{\"@type\":\"ListItem\",\"position\":3,\"name\":\"Pushbutton Switch PB2-BG21\"}]},{\"@type\":\"WebSite\",\"@id\":\"https:\\\/\\\/www.tosunlux.eu\\\/ru\\\/#website\",\"url\":\"https:\\\/\\\/www.tosunlux.eu\\\/ru\\\/\",\"name\":\"TOSUNlux Official Site - Electrical Circuit Breaker Manufacturer in China\",\"description\":\"Power Distribution System Supplier\",\"publisher\":{\"@id\":\"https:\\\/\\\/www.tosunlux.eu\\\/ru\\\/#organization\"},\"alternateName\":\"TOSUNlux\",\"potentialAction\":[{\"@type\":\"SearchAction\",\"target\":{\"@type\":\"EntryPoint\",\"urlTemplate\":\"https:\\\/\\\/www.tosunlux.eu\\\/ru\\\/?s={search_term_string}\"},\"query-input\":{\"@type\":\"PropertyValueSpecification\",\"valueRequired\":true,\"valueName\":\"search_term_string\"}}],\"inLanguage\":\"fr-FR\"},{\"@type\":\"Organization\",\"@id\":\"https:\\\/\\\/www.tosunlux.eu\\\/ru\\\/#organization\",\"name\":\"TOSUNlux\",\"url\":\"https:\\\/\\\/www.tosunlux.eu\\\/ru\\\/\",\"logo\":{\"@type\":\"ImageObject\",\"inLanguage\":\"fr-FR\",\"@id\":\"https:\\\/\\\/www.tosunlux.eu\\\/ru\\\/#\\\/schema\\\/logo\\\/image\\\/\",\"url\":\"https:\\\/\\\/www.tosunlux.eu\\\/wp-content\\\/uploads\\\/2022\\\/01\\\/LOGOSYSM.71762f1.png\",\"contentUrl\":\"https:\\\/\\\/www.tosunlux.eu\\\/wp-content\\\/uploads\\\/2022\\\/01\\\/LOGOSYSM.71762f1.png\",\"width\":153,\"height\":55,\"caption\":\"TOSUNlux\"},\"image\":{\"@id\":\"https:\\\/\\\/www.tosunlux.eu\\\/ru\\\/#\\\/schema\\\/logo\\\/image\\\/\"},\"sameAs\":[\"https:\\\/\\\/www.facebook.com\\\/TOSUNelectric\\\/\",\"https:\\\/\\\/www.linkedin.com\\\/company\\\/wenzhou-tosun-electric-co.-ltd\\\/\"]}]}<\/script>\n<!-- \/ Yoast SEO plugin. -->","yoast_head_json":{"title":"Interrupteur \u00e0 bouton-poussoir PB2-BG21 en gros - Site officiel TOSUNlux - Fabricant de disjoncteurs \u00e9lectriques en Chine, Fournisseur de mat\u00e9riel \u00e9lectrique basse tension | TOSUNlux","description":"Fournisseur d&#039;interrupteurs \u00e0 bouton-poussoir PB2-BG21 - Vente en gros directement aupr\u00e8s de TOSUNlux, un fabricant de confiance depuis 1994. Obtenez votre devis d&#039;usine B2B sur nos produits \u00e9lectriques basse tension certifi\u00e9s.","robots":{"index":"index","follow":"follow","max-snippet":"max-snippet:-1","max-image-preview":"max-image-preview:large","max-video-preview":"max-video-preview:-1"},"canonical":"https:\/\/www.tosunlux.eu\/fr\/products\/pushbutton-switch-pb2-bg2\/","og_locale":"fr_FR","og_type":"article","og_title":"WholesalePushbutton Switch PB2-BG21 - TOSUNlux Official Site - Electrical Circuit Breaker Manufacturer in China Low Voltage Electrical Supplier | TOSUNlux","og_description":"Pushbutton Switch PB2-BG21 Supplier - Wholesale direct from TOSUNlux, a trusted manufacturer since 1994. Get your B2B factory quote on our certified Low Voltage electrical products.","og_url":"https:\/\/www.tosunlux.eu\/fr\/products\/pushbutton-switch-pb2-bg2\/","og_site_name":"TOSUNlux Official Site - Electrical Circuit Breaker Manufacturer in China","article_publisher":"https:\/\/www.facebook.com\/TOSUNelectric\/","article_modified_time":"2022-05-09T07:54:23+00:00","og_image":[{"url":"https:\/\/www.tosunlux.eu\/wp-content\/uploads\/2022\/05\/377-300x168.jpg","type":"","width":"","height":""}],"twitter_card":"summary_large_image","twitter_misc":{"Dur\u00e9e de lecture estim\u00e9e":"2 minutes"},"schema":{"@context":"https:\/\/schema.org","@graph":[{"@type":"WebPage","@id":"https:\/\/www.tosunlux.eu\/products\/pushbutton-switch-pb2-bg2\/","url":"https:\/\/www.tosunlux.eu\/products\/pushbutton-switch-pb2-bg2\/","name":"Interrupteur \u00e0 bouton-poussoir PB2-BG21 en gros - Site officiel TOSUNlux - Fabricant de disjoncteurs \u00e9lectriques en Chine, Fournisseur de mat\u00e9riel \u00e9lectrique basse tension | TOSUNlux","isPartOf":{"@id":"https:\/\/www.tosunlux.eu\/ru\/#website"},"primaryImageOfPage":{"@id":"https:\/\/www.tosunlux.eu\/products\/pushbutton-switch-pb2-bg2\/#primaryimage"},"image":{"@id":"https:\/\/www.tosunlux.eu\/products\/pushbutton-switch-pb2-bg2\/#primaryimage"},"thumbnailUrl":"https:\/\/www.tosunlux.eu\/wp-content\/uploads\/2022\/05\/377-300x168.jpg","datePublished":"2022-05-09T07:37:14+00:00","dateModified":"2022-05-09T07:54:23+00:00","description":"Fournisseur d&#039;interrupteurs \u00e0 bouton-poussoir PB2-BG21 - Vente en gros directement aupr\u00e8s de TOSUNlux, un fabricant de confiance depuis 1994. Obtenez votre devis d&#039;usine B2B sur nos produits \u00e9lectriques basse tension certifi\u00e9s.","breadcrumb":{"@id":"https:\/\/www.tosunlux.eu\/products\/pushbutton-switch-pb2-bg2\/#breadcrumb"},"inLanguage":"fr-FR","potentialAction":[{"@type":"ReadAction","target":["https:\/\/www.tosunlux.eu\/products\/pushbutton-switch-pb2-bg2\/"]}]},{"@type":"ImageObject","inLanguage":"fr-FR","@id":"https:\/\/www.tosunlux.eu\/products\/pushbutton-switch-pb2-bg2\/#primaryimage","url":"https:\/\/www.tosunlux.eu\/wp-content\/uploads\/2022\/05\/377-300x168.jpg","contentUrl":"https:\/\/www.tosunlux.eu\/wp-content\/uploads\/2022\/05\/377-300x168.jpg"},{"@type":"BreadcrumbList","@id":"https:\/\/www.tosunlux.eu\/products\/pushbutton-switch-pb2-bg2\/#breadcrumb","itemListElement":[{"@type":"ListItem","position":1,"name":"Home","item":"https:\/\/www.tosunlux.eu\/ru\/"},{"@type":"ListItem","position":2,"name":"Products","item":"https:\/\/www.tosunlux.eu\/products\/"},{"@type":"ListItem","position":3,"name":"Pushbutton Switch PB2-BG21"}]},{"@type":"WebSite","@id":"https:\/\/www.tosunlux.eu\/ru\/#website","url":"https:\/\/www.tosunlux.eu\/ru\/","name":"Site officiel TOSUNlux - Fabricant de disjoncteurs \u00e9lectriques en Chine","description":"Fournisseur de syst\u00e8me de distribution d&#039;\u00e9nergie","publisher":{"@id":"https:\/\/www.tosunlux.eu\/ru\/#organization"},"alternateName":"TOSUNlux","potentialAction":[{"@type":"SearchAction","target":{"@type":"EntryPoint","urlTemplate":"https:\/\/www.tosunlux.eu\/ru\/?s={search_term_string}"},"query-input":{"@type":"PropertyValueSpecification","valueRequired":true,"valueName":"search_term_string"}}],"inLanguage":"fr-FR"},{"@type":"Organization","@id":"https:\/\/www.tosunlux.eu\/ru\/#organization","name":"TOSUNlux","url":"https:\/\/www.tosunlux.eu\/ru\/","logo":{"@type":"ImageObject","inLanguage":"fr-FR","@id":"https:\/\/www.tosunlux.eu\/ru\/#\/schema\/logo\/image\/","url":"https:\/\/www.tosunlux.eu\/wp-content\/uploads\/2022\/01\/LOGOSYSM.71762f1.png","contentUrl":"https:\/\/www.tosunlux.eu\/wp-content\/uploads\/2022\/01\/LOGOSYSM.71762f1.png","width":153,"height":55,"caption":"TOSUNlux"},"image":{"@id":"https:\/\/www.tosunlux.eu\/ru\/#\/schema\/logo\/image\/"},"sameAs":["https:\/\/www.facebook.com\/TOSUNelectric\/","https:\/\/www.linkedin.com\/company\/wenzhou-tosun-electric-co.-ltd\/"]}]}},"_links":{"self":[{"href":"https:\/\/www.tosunlux.eu\/fr\/wp-json\/wp\/v2\/product\/2402","targetHints":{"allow":["GET"]}}],"collection":[{"href":"https:\/\/www.tosunlux.eu\/fr\/wp-json\/wp\/v2\/product"}],"about":[{"href":"https:\/\/www.tosunlux.eu\/fr\/wp-json\/wp\/v2\/types\/product"}],"version-history":[{"count":0,"href":"https:\/\/www.tosunlux.eu\/fr\/wp-json\/wp\/v2\/product\/2402\/revisions"}],"wp:attachment":[{"href":"https:\/\/www.tosunlux.eu\/fr\/wp-json\/wp\/v2\/media?parent=2402"}],"wp:term":[{"taxonomy":"product_category","embeddable":true,"href":"https:\/\/www.tosunlux.eu\/fr\/wp-json\/wp\/v2\/product_category?post=2402"}],"curies":[{"name":"wp","href":"https:\/\/api.w.org\/{rel}","templated":true}]}}