{"id":2428,"date":"2022-05-10T13:35:33","date_gmt":"2022-05-10T05:35:33","guid":{"rendered":"https:\/\/www.tosunlux.eu\/?post_type=product&#038;p=2428"},"modified":"2022-05-10T13:35:34","modified_gmt":"2022-05-10T05:35:34","slug":"pushbutton-switch-pb2-bl8325","status":"publish","type":"product","link":"https:\/\/www.tosunlux.eu\/fr\/products\/pushbutton-switch-pb2-bl8325\/","title":{"rendered":"Commutateur \u00e0 bouton-poussoir PB2-BL8325"},"content":{"rendered":"<p>T\u00eate avec lunette en m\u00e9tal chrom\u00e9<br>Unit\u00e9s compl\u00e8tes avec raccordements \u00e0 vis et serre-c\u00e2bles imperdables<\/p>\n\n\n\n<p>Bouton poussoir \u00e0 double t\u00eate<\/p>\n\n\n\n<figure class=\"wp-block-table\"><table><tbody><tr><td>Description<\/td><td>Contact<\/td><td>Circuit<\/td><td>Couleur<\/td><td>Mod\u00e8le<\/td><\/tr><tr><td>Double t\u00eate<br>Retour du printemps<br>1 bouton vert affleurant<br>1 bouton rouge affleurant<br>Non marqu\u00e9<\/td><td>N\/O+N\/F<\/td><td><img decoding=\"async\" width=\"150\" height=\"99\" class=\"wp-image-2430\" style=\"width: 150px;\" src=\"https:\/\/www.tosunlux.eu\/wp-content\/uploads\/2022\/05\/QQ\u622a\u56fe20220510133214.png\" alt=\"\"><\/td><td>vert<br>rouge<\/td><td>PB2-BL8325<\/td><\/tr><tr><\/tr><\/tbody><\/table><\/figure>","protected":false},"parent":0,"template":"","product_category":[35,94],"class_list":["post-2428","product","type-product","status-publish","hentry","product_category-industrial-control-devices","product_category-pushbutton-switch"],"yoast_head":"<!-- This site is optimized with the Yoast SEO plugin v27.5 - https:\/\/yoast.com\/product\/yoast-seo-wordpress\/ -->\n<title>WholesalePushbutton Switch PB2-BL8325 - TOSUNlux Official Site - Electrical Circuit Breaker Manufacturer in China Low Voltage Electrical Supplier | TOSUNlux<\/title>\n<meta name=\"description\" content=\"Pushbutton Switch PB2-BL8325 Supplier - Wholesale direct from TOSUNlux, a trusted manufacturer since 1994. Get your B2B factory quote on our certified Low Voltage electrical products.\" \/>\n<meta name=\"robots\" content=\"index, follow, max-snippet:-1, max-image-preview:large, max-video-preview:-1\" \/>\n<link rel=\"canonical\" href=\"https:\/\/www.tosunlux.eu\/fr\/products\/pushbutton-switch-pb2-bl8325\/\" \/>\n<meta property=\"og:locale\" content=\"fr_FR\" \/>\n<meta property=\"og:type\" content=\"article\" \/>\n<meta property=\"og:title\" content=\"WholesalePushbutton Switch PB2-BL8325 - TOSUNlux Official Site - Electrical Circuit Breaker Manufacturer in China Low Voltage Electrical Supplier | TOSUNlux\" \/>\n<meta property=\"og:description\" content=\"Pushbutton Switch PB2-BL8325 Supplier - Wholesale direct from TOSUNlux, a trusted manufacturer since 1994. Get your B2B factory quote on our certified Low Voltage electrical products.\" \/>\n<meta property=\"og:url\" content=\"https:\/\/www.tosunlux.eu\/fr\/products\/pushbutton-switch-pb2-bl8325\/\" \/>\n<meta property=\"og:site_name\" content=\"TOSUNlux Official Site - Electrical Circuit Breaker Manufacturer in China\" \/>\n<meta property=\"article:publisher\" content=\"https:\/\/www.facebook.com\/TOSUNelectric\/\" \/>\n<meta property=\"article:modified_time\" content=\"2022-05-10T05:35:34+00:00\" \/>\n<meta property=\"og:image\" content=\"https:\/\/www.tosunlux.eu\/wp-content\/uploads\/2023\/04\/DSC08160_\u526f\u672c.jpg\" \/>\n\t<meta property=\"og:image:width\" content=\"1500\" \/>\n\t<meta property=\"og:image:height\" content=\"940\" \/>\n\t<meta property=\"og:image:type\" content=\"image\/jpeg\" \/>\n<meta name=\"twitter:card\" content=\"summary_large_image\" \/>\n<meta name=\"twitter:label1\" content=\"Dur\u00e9e de lecture estim\u00e9e\" \/>\n\t<meta name=\"twitter:data1\" content=\"1 minute\" \/>\n<script type=\"application\/ld+json\" class=\"yoast-schema-graph\">{\"@context\":\"https:\\\/\\\/schema.org\",\"@graph\":[{\"@type\":\"WebPage\",\"@id\":\"https:\\\/\\\/www.tosunlux.eu\\\/fr\\\/products\\\/pushbutton-switch-pb2-bl8325\\\/\",\"url\":\"https:\\\/\\\/www.tosunlux.eu\\\/fr\\\/products\\\/pushbutton-switch-pb2-bl8325\\\/\",\"name\":\"WholesalePushbutton Switch PB2-BL8325 - TOSUNlux Official Site - Electrical Circuit Breaker Manufacturer in China Low Voltage Electrical Supplier | TOSUNlux\",\"isPartOf\":{\"@id\":\"https:\\\/\\\/www.tosunlux.eu\\\/ru\\\/#website\"},\"datePublished\":\"2022-05-10T05:35:33+00:00\",\"dateModified\":\"2022-05-10T05:35:34+00:00\",\"description\":\"Pushbutton Switch PB2-BL8325 Supplier - Wholesale direct from TOSUNlux, a trusted manufacturer since 1994. Get your B2B factory quote on our certified Low Voltage electrical products.\",\"breadcrumb\":{\"@id\":\"https:\\\/\\\/www.tosunlux.eu\\\/fr\\\/products\\\/pushbutton-switch-pb2-bl8325\\\/#breadcrumb\"},\"inLanguage\":\"fr-FR\",\"potentialAction\":[{\"@type\":\"ReadAction\",\"target\":[\"https:\\\/\\\/www.tosunlux.eu\\\/fr\\\/products\\\/pushbutton-switch-pb2-bl8325\\\/\"]}]},{\"@type\":\"BreadcrumbList\",\"@id\":\"https:\\\/\\\/www.tosunlux.eu\\\/fr\\\/products\\\/pushbutton-switch-pb2-bl8325\\\/#breadcrumb\",\"itemListElement\":[{\"@type\":\"ListItem\",\"position\":1,\"name\":\"Home\",\"item\":\"https:\\\/\\\/www.tosunlux.eu\\\/ru\\\/\"},{\"@type\":\"ListItem\",\"position\":2,\"name\":\"Products\",\"item\":\"https:\\\/\\\/www.tosunlux.eu\\\/products\\\/\"},{\"@type\":\"ListItem\",\"position\":3,\"name\":\"Pushbutton Switch PB2-BL8325\"}]},{\"@type\":\"WebSite\",\"@id\":\"https:\\\/\\\/www.tosunlux.eu\\\/ru\\\/#website\",\"url\":\"https:\\\/\\\/www.tosunlux.eu\\\/ru\\\/\",\"name\":\"TOSUNlux Official Site - Electrical Circuit Breaker Manufacturer in China\",\"description\":\"Power Distribution System Supplier\",\"publisher\":{\"@id\":\"https:\\\/\\\/www.tosunlux.eu\\\/ru\\\/#organization\"},\"alternateName\":\"TOSUNlux\",\"potentialAction\":[{\"@type\":\"SearchAction\",\"target\":{\"@type\":\"EntryPoint\",\"urlTemplate\":\"https:\\\/\\\/www.tosunlux.eu\\\/ru\\\/?s={search_term_string}\"},\"query-input\":{\"@type\":\"PropertyValueSpecification\",\"valueRequired\":true,\"valueName\":\"search_term_string\"}}],\"inLanguage\":\"fr-FR\"},{\"@type\":\"Organization\",\"@id\":\"https:\\\/\\\/www.tosunlux.eu\\\/ru\\\/#organization\",\"name\":\"TOSUNlux\",\"url\":\"https:\\\/\\\/www.tosunlux.eu\\\/ru\\\/\",\"logo\":{\"@type\":\"ImageObject\",\"inLanguage\":\"fr-FR\",\"@id\":\"https:\\\/\\\/www.tosunlux.eu\\\/ru\\\/#\\\/schema\\\/logo\\\/image\\\/\",\"url\":\"https:\\\/\\\/www.tosunlux.eu\\\/wp-content\\\/uploads\\\/2022\\\/01\\\/LOGOSYSM.71762f1.png\",\"contentUrl\":\"https:\\\/\\\/www.tosunlux.eu\\\/wp-content\\\/uploads\\\/2022\\\/01\\\/LOGOSYSM.71762f1.png\",\"width\":153,\"height\":55,\"caption\":\"TOSUNlux\"},\"image\":{\"@id\":\"https:\\\/\\\/www.tosunlux.eu\\\/ru\\\/#\\\/schema\\\/logo\\\/image\\\/\"},\"sameAs\":[\"https:\\\/\\\/www.facebook.com\\\/TOSUNelectric\\\/\",\"https:\\\/\\\/www.linkedin.com\\\/company\\\/wenzhou-tosun-electric-co.-ltd\\\/\"]}]}<\/script>\n<!-- \/ Yoast SEO plugin. -->","yoast_head_json":{"title":"Interrupteur \u00e0 bouton-poussoir PB2-BL8325 en gros - Site officiel TOSUNlux - Fabricant de disjoncteurs \u00e9lectriques en Chine, Fournisseur d&#039;\u00e9quipements \u00e9lectriques basse tension | TOSUNlux","description":"Fournisseur d&#039;interrupteurs \u00e0 bouton-poussoir PB2-BL8325 - Vente en gros directement aupr\u00e8s de TOSUNlux, un fabricant de confiance depuis 1994. Obtenez votre devis d&#039;usine B2B sur nos produits \u00e9lectriques basse tension certifi\u00e9s.","robots":{"index":"index","follow":"follow","max-snippet":"max-snippet:-1","max-image-preview":"max-image-preview:large","max-video-preview":"max-video-preview:-1"},"canonical":"https:\/\/www.tosunlux.eu\/fr\/products\/pushbutton-switch-pb2-bl8325\/","og_locale":"fr_FR","og_type":"article","og_title":"WholesalePushbutton Switch PB2-BL8325 - TOSUNlux Official Site - Electrical Circuit Breaker Manufacturer in China Low Voltage Electrical Supplier | TOSUNlux","og_description":"Pushbutton Switch PB2-BL8325 Supplier - Wholesale direct from TOSUNlux, a trusted manufacturer since 1994. Get your B2B factory quote on our certified Low Voltage electrical products.","og_url":"https:\/\/www.tosunlux.eu\/fr\/products\/pushbutton-switch-pb2-bl8325\/","og_site_name":"TOSUNlux Official Site - Electrical Circuit Breaker Manufacturer in China","article_publisher":"https:\/\/www.facebook.com\/TOSUNelectric\/","article_modified_time":"2022-05-10T05:35:34+00:00","og_image":[{"width":1500,"height":940,"url":"https:\/\/www.tosunlux.eu\/wp-content\/uploads\/2023\/04\/DSC08160_\u526f\u672c.jpg","type":"image\/jpeg"}],"twitter_card":"summary_large_image","twitter_misc":{"Dur\u00e9e de lecture estim\u00e9e":"1 minute"},"schema":{"@context":"https:\/\/schema.org","@graph":[{"@type":"WebPage","@id":"https:\/\/www.tosunlux.eu\/fr\/products\/pushbutton-switch-pb2-bl8325\/","url":"https:\/\/www.tosunlux.eu\/fr\/products\/pushbutton-switch-pb2-bl8325\/","name":"Interrupteur \u00e0 bouton-poussoir PB2-BL8325 en gros - Site officiel TOSUNlux - Fabricant de disjoncteurs \u00e9lectriques en Chine, Fournisseur d&#039;\u00e9quipements \u00e9lectriques basse tension | TOSUNlux","isPartOf":{"@id":"https:\/\/www.tosunlux.eu\/ru\/#website"},"datePublished":"2022-05-10T05:35:33+00:00","dateModified":"2022-05-10T05:35:34+00:00","description":"Fournisseur d&#039;interrupteurs \u00e0 bouton-poussoir PB2-BL8325 - Vente en gros directement aupr\u00e8s de TOSUNlux, un fabricant de confiance depuis 1994. Obtenez votre devis d&#039;usine B2B sur nos produits \u00e9lectriques basse tension certifi\u00e9s.","breadcrumb":{"@id":"https:\/\/www.tosunlux.eu\/fr\/products\/pushbutton-switch-pb2-bl8325\/#breadcrumb"},"inLanguage":"fr-FR","potentialAction":[{"@type":"ReadAction","target":["https:\/\/www.tosunlux.eu\/fr\/products\/pushbutton-switch-pb2-bl8325\/"]}]},{"@type":"BreadcrumbList","@id":"https:\/\/www.tosunlux.eu\/fr\/products\/pushbutton-switch-pb2-bl8325\/#breadcrumb","itemListElement":[{"@type":"ListItem","position":1,"name":"Home","item":"https:\/\/www.tosunlux.eu\/ru\/"},{"@type":"ListItem","position":2,"name":"Products","item":"https:\/\/www.tosunlux.eu\/products\/"},{"@type":"ListItem","position":3,"name":"Pushbutton Switch PB2-BL8325"}]},{"@type":"WebSite","@id":"https:\/\/www.tosunlux.eu\/ru\/#website","url":"https:\/\/www.tosunlux.eu\/ru\/","name":"Site officiel TOSUNlux - Fabricant de disjoncteurs \u00e9lectriques en Chine","description":"Fournisseur de syst\u00e8me de distribution d&#039;\u00e9nergie","publisher":{"@id":"https:\/\/www.tosunlux.eu\/ru\/#organization"},"alternateName":"TOSUNlux","potentialAction":[{"@type":"SearchAction","target":{"@type":"EntryPoint","urlTemplate":"https:\/\/www.tosunlux.eu\/ru\/?s={search_term_string}"},"query-input":{"@type":"PropertyValueSpecification","valueRequired":true,"valueName":"search_term_string"}}],"inLanguage":"fr-FR"},{"@type":"Organization","@id":"https:\/\/www.tosunlux.eu\/ru\/#organization","name":"TOSUNlux","url":"https:\/\/www.tosunlux.eu\/ru\/","logo":{"@type":"ImageObject","inLanguage":"fr-FR","@id":"https:\/\/www.tosunlux.eu\/ru\/#\/schema\/logo\/image\/","url":"https:\/\/www.tosunlux.eu\/wp-content\/uploads\/2022\/01\/LOGOSYSM.71762f1.png","contentUrl":"https:\/\/www.tosunlux.eu\/wp-content\/uploads\/2022\/01\/LOGOSYSM.71762f1.png","width":153,"height":55,"caption":"TOSUNlux"},"image":{"@id":"https:\/\/www.tosunlux.eu\/ru\/#\/schema\/logo\/image\/"},"sameAs":["https:\/\/www.facebook.com\/TOSUNelectric\/","https:\/\/www.linkedin.com\/company\/wenzhou-tosun-electric-co.-ltd\/"]}]}},"_links":{"self":[{"href":"https:\/\/www.tosunlux.eu\/fr\/wp-json\/wp\/v2\/product\/2428","targetHints":{"allow":["GET"]}}],"collection":[{"href":"https:\/\/www.tosunlux.eu\/fr\/wp-json\/wp\/v2\/product"}],"about":[{"href":"https:\/\/www.tosunlux.eu\/fr\/wp-json\/wp\/v2\/types\/product"}],"version-history":[{"count":0,"href":"https:\/\/www.tosunlux.eu\/fr\/wp-json\/wp\/v2\/product\/2428\/revisions"}],"wp:attachment":[{"href":"https:\/\/www.tosunlux.eu\/fr\/wp-json\/wp\/v2\/media?parent=2428"}],"wp:term":[{"taxonomy":"product_category","embeddable":true,"href":"https:\/\/www.tosunlux.eu\/fr\/wp-json\/wp\/v2\/product_category?post=2428"}],"curies":[{"name":"wp","href":"https:\/\/api.w.org\/{rel}","templated":true}]}}