{"id":2541,"date":"2022-05-12T10:17:47","date_gmt":"2022-05-12T02:17:47","guid":{"rendered":"https:\/\/www.tosunlux.eu\/?post_type=product&#038;p=2541"},"modified":"2022-05-14T18:16:37","modified_gmt":"2022-05-14T10:16:37","slug":"programmable-digital-combined-panel-meter-ted3","status":"publish","type":"product","link":"https:\/\/www.tosunlux.eu\/fr\/products\/programmable-digital-combined-panel-meter-ted3\/","title":{"rendered":"Afficheur combin\u00e9 num\u00e9rique programmable TED3"},"content":{"rendered":"<p>Application<\/p>\n\n\n\n<p>Les panneaux combin\u00e9s num\u00e9riques programmables de la s\u00e9rie TED3 peuvent mesurer plus de 50 param\u00e8tres \u00e9lectriques dans les syst\u00e8mes \u00e9lectriques. Il dispose de sorties d&#039;impulsions d&#039;\u00e9nergie \u00e9lectrique \u00e0 2 canaux, d&#039;entr\u00e9es de valeur de commutation \u00e0 4 canaux et d&#039;une sortie de communication RS485. Il peut \u00eatre ajout\u00e9 des sorties de valeur de commutation \u00e0 4 canaux ou des sorties de transmission \u00e0 4 canaux.<\/p>\n\n\n\n<p><\/p>\n\n\n\n<p>Param\u00e8tre de mesure\u00a0:<\/p>\n\n\n\n<p>Tension de phase nulle (VL_N)<br>Tension de phase nulle moyenne (VL_N)<br>Tension phase-phase(VL_L)<br>Tension phase-phase moyenne(VL_L)<br>Courant de phase(A)<br>Fr\u00e9quence(Hz)<br>Courant total(\u2211A)<br>Puissance active totale(\u2211W)<br>Puissance active(W)<br>Puissance r\u00e9active totale(\u2211var)<br>Puissance r\u00e9active(var)<br>Puissance apparente totale(\u2211VA)<br>Puissance apparente (VA)<br>Max. valeur(H)<br>Facteur de puissance (COS\u03a6)<br>Min. valeur(L)<br>\u00c9nergie \u00e9lectrique active (Wh)<br>Valeur de la demande(M)<br>\u00c9nergie \u00e9lectrique r\u00e9active (varh)<\/p>\n\n\n<table style=\"border-collapse: collapse; width: 695.27pt;\" border=\"0\" width=\"927\" cellspacing=\"0\" cellpadding=\"0\">\n<tbody>\n<tr style=\"height: 42.00pt;\">\n<td class=\"et2\" style=\"height: 42.00pt; width: 91.50pt;\" width=\"122\" height=\"56\">Mod\u00e8le<\/td>\n<td class=\"et2\" style=\"width: 120.75pt;\" width=\"161\">Communication RS485<\/td>\n<td class=\"et2\" style=\"width: 120.75pt;\" width=\"161\">Sortie d&#039;impulsion d&#039;\u00e9nergie \u00e9lectrique \u00e0 2 canaux<\/td>\n<td class=\"et2\" style=\"width: 120.75pt;\" width=\"161\">Entr\u00e9e de valeur de commutation \u00e0 4 canaux<\/td>\n<td class=\"et2\" style=\"width: 120.75pt;\" width=\"161\">Sortie de valeur de commutation \u00e0 4 canaux<\/td>\n<td class=\"et2\" style=\"width: 120.75pt;\" width=\"161\">Sortie de transmission \u00e0 4 canaux<\/td>\n<\/tr>\n<tr style=\"height: 33.00pt;\">\n<td class=\"et2\" style=\"height: 33.00pt; width: 91.50pt;\" width=\"122\" height=\"44\">TED3-96X5<\/td>\n<td class=\"et2\" style=\"width: 120.75pt;\" width=\"161\">\u2013<\/td>\n<td class=\"et2\" style=\"width: 120.75pt;\" width=\"161\">\u2013<\/td>\n<td class=\"et2\" style=\"width: 120.75pt;\" width=\"161\">\u2013<\/td>\n<td class=\"et2\" style=\"width: 120.75pt;\" width=\"161\">\u2013<\/td>\n<td class=\"et2\" style=\"width: 120.75pt;\" width=\"161\">\u2013<\/td>\n<\/tr>\n<tr style=\"height: 33.00pt;\">\n<td class=\"et2\" style=\"height: 33.00pt; width: 91.50pt;\" width=\"122\" height=\"44\">TED3-96T5<\/td>\n<td class=\"et2\" style=\"width: 120.75pt;\" width=\"161\">\u25cf<\/td>\n<td class=\"et2\" style=\"width: 120.75pt;\" width=\"161\">\u25cf<\/td>\n<td class=\"et2\" style=\"width: 120.75pt;\" width=\"161\">\u25cf<\/td>\n<td class=\"et2\" style=\"width: 120.75pt;\" width=\"161\">\u2013<\/td>\n<td class=\"et2\" style=\"width: 120.75pt;\" width=\"161\">\u2013<\/td>\n<\/tr>\n<tr style=\"height: 33.00pt;\">\n<td class=\"et2\" style=\"height: 33.00pt; width: 91.50pt;\" width=\"122\" height=\"44\">TED3-96S5<\/td>\n<td class=\"et2\" style=\"width: 120.75pt;\" width=\"161\">\u25cf<\/td>\n<td class=\"et2\" style=\"width: 120.75pt;\" width=\"161\">\u25cf<\/td>\n<td class=\"et2\" style=\"width: 120.75pt;\" width=\"161\">\u25cf<\/td>\n<td class=\"et2\" style=\"width: 120.75pt;\" width=\"161\">\u25cf<\/td>\n<td class=\"et2\" style=\"width: 120.75pt;\" width=\"161\">\u2013<\/td>\n<\/tr>\n<tr style=\"height: 33.00pt;\">\n<td class=\"et2\" style=\"height: 33.00pt; width: 91.50pt;\" width=\"122\" height=\"44\">TED3-96D5<\/td>\n<td class=\"et2\" style=\"width: 120.75pt;\" width=\"161\">\u25cf<\/td>\n<td class=\"et2\" style=\"width: 120.75pt;\" width=\"161\">\u25cf<\/td>\n<td class=\"et2\" style=\"width: 120.75pt;\" width=\"161\">\u25cf<\/td>\n<td class=\"et2\" style=\"width: 120.75pt;\" width=\"161\">\u2013<\/td>\n<td class=\"et2\" style=\"width: 120.75pt;\" width=\"161\">\u25cf<\/td>\n<\/tr>\n<\/tbody>\n<\/table>\n\n\n<p><\/p>","protected":false},"parent":0,"template":"","product_category":[75,124],"class_list":["post-2541","product","type-product","status-publish","hentry","product_category-instruments","product_category-panel-meter"],"yoast_head":"<!-- This site is optimized with the Yoast SEO plugin v27.3 - https:\/\/yoast.com\/product\/yoast-seo-wordpress\/ -->\n<title>WholesaleProgrammable Digital Combined Panel Meter TED3 - TOSUNlux Official Site - Electrical Circuit Breaker Manufacturer in China Low Voltage Electrical Supplier | TOSUNlux<\/title>\n<meta name=\"description\" content=\"Programmable Digital Combined Panel Meter TED3 Supplier - Wholesale direct from TOSUNlux, a trusted manufacturer since 1994. Get your B2B factory quote on our certified Low Voltage electrical products.\" \/>\n<meta name=\"robots\" content=\"index, follow, max-snippet:-1, max-image-preview:large, max-video-preview:-1\" \/>\n<link rel=\"canonical\" href=\"https:\/\/www.tosunlux.eu\/fr\/products\/programmable-digital-combined-panel-meter-ted3\/\" \/>\n<meta property=\"og:locale\" content=\"fr_FR\" \/>\n<meta property=\"og:type\" content=\"article\" \/>\n<meta property=\"og:title\" content=\"WholesaleProgrammable Digital Combined Panel Meter TED3 - TOSUNlux Official Site - Electrical Circuit Breaker Manufacturer in China Low Voltage Electrical Supplier | TOSUNlux\" \/>\n<meta property=\"og:description\" content=\"Programmable Digital Combined Panel Meter TED3 Supplier - Wholesale direct from TOSUNlux, a trusted manufacturer since 1994. Get your B2B factory quote on our certified Low Voltage electrical products.\" \/>\n<meta property=\"og:url\" content=\"https:\/\/www.tosunlux.eu\/fr\/products\/programmable-digital-combined-panel-meter-ted3\/\" \/>\n<meta property=\"og:site_name\" content=\"TOSUNlux Official Site - Electrical Circuit Breaker Manufacturer in China\" \/>\n<meta property=\"article:publisher\" content=\"https:\/\/www.facebook.com\/TOSUNelectric\/\" \/>\n<meta property=\"article:modified_time\" content=\"2022-05-14T10:16:37+00:00\" \/>\n<meta property=\"og:image\" content=\"https:\/\/www.tosunlux.eu\/wp-content\/uploads\/2023\/04\/DSC08160_\u526f\u672c.jpg\" \/>\n\t<meta property=\"og:image:width\" content=\"1500\" \/>\n\t<meta property=\"og:image:height\" content=\"940\" \/>\n\t<meta property=\"og:image:type\" content=\"image\/jpeg\" \/>\n<meta name=\"twitter:card\" content=\"summary_large_image\" \/>\n<meta name=\"twitter:label1\" content=\"Dur\u00e9e de lecture estim\u00e9e\" \/>\n\t<meta name=\"twitter:data1\" content=\"1 minute\" \/>\n<script type=\"application\/ld+json\" class=\"yoast-schema-graph\">{\"@context\":\"https:\\\/\\\/schema.org\",\"@graph\":[{\"@type\":\"WebPage\",\"@id\":\"https:\\\/\\\/www.tosunlux.eu\\\/fr\\\/products\\\/programmable-digital-combined-panel-meter-ted3\\\/\",\"url\":\"https:\\\/\\\/www.tosunlux.eu\\\/fr\\\/products\\\/programmable-digital-combined-panel-meter-ted3\\\/\",\"name\":\"WholesaleProgrammable Digital Combined Panel Meter TED3 - TOSUNlux Official Site - Electrical Circuit Breaker Manufacturer in China Low Voltage Electrical Supplier | TOSUNlux\",\"isPartOf\":{\"@id\":\"https:\\\/\\\/www.tosunlux.eu\\\/ru\\\/#website\"},\"datePublished\":\"2022-05-12T02:17:47+00:00\",\"dateModified\":\"2022-05-14T10:16:37+00:00\",\"description\":\"Programmable Digital Combined Panel Meter TED3 Supplier - Wholesale direct from TOSUNlux, a trusted manufacturer since 1994. Get your B2B factory quote on our certified Low Voltage electrical products.\",\"breadcrumb\":{\"@id\":\"https:\\\/\\\/www.tosunlux.eu\\\/fr\\\/products\\\/programmable-digital-combined-panel-meter-ted3\\\/#breadcrumb\"},\"inLanguage\":\"fr-FR\",\"potentialAction\":[{\"@type\":\"ReadAction\",\"target\":[\"https:\\\/\\\/www.tosunlux.eu\\\/fr\\\/products\\\/programmable-digital-combined-panel-meter-ted3\\\/\"]}]},{\"@type\":\"BreadcrumbList\",\"@id\":\"https:\\\/\\\/www.tosunlux.eu\\\/fr\\\/products\\\/programmable-digital-combined-panel-meter-ted3\\\/#breadcrumb\",\"itemListElement\":[{\"@type\":\"ListItem\",\"position\":1,\"name\":\"Home\",\"item\":\"https:\\\/\\\/www.tosunlux.eu\\\/ru\\\/\"},{\"@type\":\"ListItem\",\"position\":2,\"name\":\"Products\",\"item\":\"https:\\\/\\\/www.tosunlux.eu\\\/products\\\/\"},{\"@type\":\"ListItem\",\"position\":3,\"name\":\"Programmable Digital Combined Panel Meter TED3\"}]},{\"@type\":\"WebSite\",\"@id\":\"https:\\\/\\\/www.tosunlux.eu\\\/ru\\\/#website\",\"url\":\"https:\\\/\\\/www.tosunlux.eu\\\/ru\\\/\",\"name\":\"TOSUNlux Official Site - Electrical Circuit Breaker Manufacturer in China\",\"description\":\"Power Distribution System Supplier\",\"publisher\":{\"@id\":\"https:\\\/\\\/www.tosunlux.eu\\\/ru\\\/#organization\"},\"alternateName\":\"TOSUNlux\",\"potentialAction\":[{\"@type\":\"SearchAction\",\"target\":{\"@type\":\"EntryPoint\",\"urlTemplate\":\"https:\\\/\\\/www.tosunlux.eu\\\/ru\\\/?s={search_term_string}\"},\"query-input\":{\"@type\":\"PropertyValueSpecification\",\"valueRequired\":true,\"valueName\":\"search_term_string\"}}],\"inLanguage\":\"fr-FR\"},{\"@type\":\"Organization\",\"@id\":\"https:\\\/\\\/www.tosunlux.eu\\\/ru\\\/#organization\",\"name\":\"TOSUNlux\",\"url\":\"https:\\\/\\\/www.tosunlux.eu\\\/ru\\\/\",\"logo\":{\"@type\":\"ImageObject\",\"inLanguage\":\"fr-FR\",\"@id\":\"https:\\\/\\\/www.tosunlux.eu\\\/ru\\\/#\\\/schema\\\/logo\\\/image\\\/\",\"url\":\"https:\\\/\\\/www.tosunlux.eu\\\/wp-content\\\/uploads\\\/2022\\\/01\\\/LOGOSYSM.71762f1.png\",\"contentUrl\":\"https:\\\/\\\/www.tosunlux.eu\\\/wp-content\\\/uploads\\\/2022\\\/01\\\/LOGOSYSM.71762f1.png\",\"width\":153,\"height\":55,\"caption\":\"TOSUNlux\"},\"image\":{\"@id\":\"https:\\\/\\\/www.tosunlux.eu\\\/ru\\\/#\\\/schema\\\/logo\\\/image\\\/\"},\"sameAs\":[\"https:\\\/\\\/www.facebook.com\\\/TOSUNelectric\\\/\",\"https:\\\/\\\/www.linkedin.com\\\/company\\\/wenzhou-tosun-electric-co.-ltd\\\/\"]}]}<\/script>\n<!-- \/ Yoast SEO plugin. -->","yoast_head_json":{"title":"Compteur num\u00e9rique programmable combin\u00e9 TED3 - Site officiel TOSUNlux - Fabricant de disjoncteurs \u00e9lectriques en Chine | Fournisseur de mat\u00e9riel \u00e9lectrique basse tension","description":"Fournisseur de compteurs num\u00e9riques combin\u00e9s programmables TED3 - Vente en gros directe de TOSUNlux, fabricant de confiance depuis 1994. Obtenez votre devis B2B d&#039;usine pour nos produits \u00e9lectriques basse tension certifi\u00e9s.","robots":{"index":"index","follow":"follow","max-snippet":"max-snippet:-1","max-image-preview":"max-image-preview:large","max-video-preview":"max-video-preview:-1"},"canonical":"https:\/\/www.tosunlux.eu\/fr\/products\/programmable-digital-combined-panel-meter-ted3\/","og_locale":"fr_FR","og_type":"article","og_title":"WholesaleProgrammable Digital Combined Panel Meter TED3 - TOSUNlux Official Site - Electrical Circuit Breaker Manufacturer in China Low Voltage Electrical Supplier | TOSUNlux","og_description":"Programmable Digital Combined Panel Meter TED3 Supplier - Wholesale direct from TOSUNlux, a trusted manufacturer since 1994. Get your B2B factory quote on our certified Low Voltage electrical products.","og_url":"https:\/\/www.tosunlux.eu\/fr\/products\/programmable-digital-combined-panel-meter-ted3\/","og_site_name":"TOSUNlux Official Site - Electrical Circuit Breaker Manufacturer in China","article_publisher":"https:\/\/www.facebook.com\/TOSUNelectric\/","article_modified_time":"2022-05-14T10:16:37+00:00","og_image":[{"width":1500,"height":940,"url":"https:\/\/www.tosunlux.eu\/wp-content\/uploads\/2023\/04\/DSC08160_\u526f\u672c.jpg","type":"image\/jpeg"}],"twitter_card":"summary_large_image","twitter_misc":{"Dur\u00e9e de lecture estim\u00e9e":"1 minute"},"schema":{"@context":"https:\/\/schema.org","@graph":[{"@type":"WebPage","@id":"https:\/\/www.tosunlux.eu\/fr\/products\/programmable-digital-combined-panel-meter-ted3\/","url":"https:\/\/www.tosunlux.eu\/fr\/products\/programmable-digital-combined-panel-meter-ted3\/","name":"Compteur num\u00e9rique programmable combin\u00e9 TED3 - Site officiel TOSUNlux - Fabricant de disjoncteurs \u00e9lectriques en Chine | Fournisseur de mat\u00e9riel \u00e9lectrique basse tension","isPartOf":{"@id":"https:\/\/www.tosunlux.eu\/ru\/#website"},"datePublished":"2022-05-12T02:17:47+00:00","dateModified":"2022-05-14T10:16:37+00:00","description":"Fournisseur de compteurs num\u00e9riques combin\u00e9s programmables TED3 - Vente en gros directe de TOSUNlux, fabricant de confiance depuis 1994. Obtenez votre devis B2B d&#039;usine pour nos produits \u00e9lectriques basse tension certifi\u00e9s.","breadcrumb":{"@id":"https:\/\/www.tosunlux.eu\/fr\/products\/programmable-digital-combined-panel-meter-ted3\/#breadcrumb"},"inLanguage":"fr-FR","potentialAction":[{"@type":"ReadAction","target":["https:\/\/www.tosunlux.eu\/fr\/products\/programmable-digital-combined-panel-meter-ted3\/"]}]},{"@type":"BreadcrumbList","@id":"https:\/\/www.tosunlux.eu\/fr\/products\/programmable-digital-combined-panel-meter-ted3\/#breadcrumb","itemListElement":[{"@type":"ListItem","position":1,"name":"Home","item":"https:\/\/www.tosunlux.eu\/ru\/"},{"@type":"ListItem","position":2,"name":"Products","item":"https:\/\/www.tosunlux.eu\/products\/"},{"@type":"ListItem","position":3,"name":"Programmable Digital Combined Panel Meter TED3"}]},{"@type":"WebSite","@id":"https:\/\/www.tosunlux.eu\/ru\/#website","url":"https:\/\/www.tosunlux.eu\/ru\/","name":"Site officiel TOSUNlux - Fabricant de disjoncteurs \u00e9lectriques en Chine","description":"Fournisseur de syst\u00e8me de distribution d&#039;\u00e9nergie","publisher":{"@id":"https:\/\/www.tosunlux.eu\/ru\/#organization"},"alternateName":"TOSUNlux","potentialAction":[{"@type":"SearchAction","target":{"@type":"EntryPoint","urlTemplate":"https:\/\/www.tosunlux.eu\/ru\/?s={search_term_string}"},"query-input":{"@type":"PropertyValueSpecification","valueRequired":true,"valueName":"search_term_string"}}],"inLanguage":"fr-FR"},{"@type":"Organization","@id":"https:\/\/www.tosunlux.eu\/ru\/#organization","name":"TOSUNlux","url":"https:\/\/www.tosunlux.eu\/ru\/","logo":{"@type":"ImageObject","inLanguage":"fr-FR","@id":"https:\/\/www.tosunlux.eu\/ru\/#\/schema\/logo\/image\/","url":"https:\/\/www.tosunlux.eu\/wp-content\/uploads\/2022\/01\/LOGOSYSM.71762f1.png","contentUrl":"https:\/\/www.tosunlux.eu\/wp-content\/uploads\/2022\/01\/LOGOSYSM.71762f1.png","width":153,"height":55,"caption":"TOSUNlux"},"image":{"@id":"https:\/\/www.tosunlux.eu\/ru\/#\/schema\/logo\/image\/"},"sameAs":["https:\/\/www.facebook.com\/TOSUNelectric\/","https:\/\/www.linkedin.com\/company\/wenzhou-tosun-electric-co.-ltd\/"]}]}},"_links":{"self":[{"href":"https:\/\/www.tosunlux.eu\/fr\/wp-json\/wp\/v2\/product\/2541","targetHints":{"allow":["GET"]}}],"collection":[{"href":"https:\/\/www.tosunlux.eu\/fr\/wp-json\/wp\/v2\/product"}],"about":[{"href":"https:\/\/www.tosunlux.eu\/fr\/wp-json\/wp\/v2\/types\/product"}],"version-history":[{"count":0,"href":"https:\/\/www.tosunlux.eu\/fr\/wp-json\/wp\/v2\/product\/2541\/revisions"}],"wp:attachment":[{"href":"https:\/\/www.tosunlux.eu\/fr\/wp-json\/wp\/v2\/media?parent=2541"}],"wp:term":[{"taxonomy":"product_category","embeddable":true,"href":"https:\/\/www.tosunlux.eu\/fr\/wp-json\/wp\/v2\/product_category?post=2541"}],"curies":[{"name":"wp","href":"https:\/\/api.w.org\/{rel}","templated":true}]}}