{"id":2567,"date":"2022-05-12T14:16:12","date_gmt":"2022-05-12T06:16:12","guid":{"rendered":"https:\/\/www.tosunlux.eu\/?post_type=product&#038;p=2567"},"modified":"2023-09-13T09:18:21","modified_gmt":"2023-09-13T01:18:21","slug":"tsc-d40-ac-contactor","status":"publish","type":"product","link":"https:\/\/www.tosunlux.eu\/fr\/products\/tsc-d40-ac-contactor\/","title":{"rendered":"Contacteur CA TSC-D40"},"content":{"rendered":"<pre class=\"wp-block-verse\"><strong>Application<\/strong>\n\n\nLe contacteur CA de la s\u00e9rie TSC-D convient \u00e0 une utilisation dans les circuits jusqu&#039;\u00e0 la tension nominale de 660 V CA 50 Hz ou 60 Hz, courant nominal jusqu&#039;\u00e0 95 A, pour la fabrication, la coupure, le d\u00e9marrage et le contr\u00f4le fr\u00e9quents du moteur \u00e0 courant alternatif. Combin\u00e9 avec le bloc de contacts auxiliaires, le temporisateur et le dispositif de verrouillage de la machine, etc., il devient le contacteur de retard, le contacteur de verrouillage m\u00e9canique, le d\u00e9marreur \u00e9toile-triangle. Avec le relais thermique, il est combin\u00e9 dans le d\u00e9marreur \u00e9lectromagn\u00e9tique. Les produits sont conformes \u00e0 la norme IEC60947-4.\n\n<strong>sp\u00e9cification<\/strong>\n\n\n<\/pre>\n\n\n<table style=\"border-collapse: collapse; width: 565.52pt;\" border=\"0\" width=\"754\" cellspacing=\"0\" cellpadding=\"0\">\n<tbody>\n<tr style=\"height: 25.00pt;\">\n<td class=\"et2\" style=\"height: 25pt; width: 217.1pt; text-align: center;\" colspan=\"2\" width=\"289\" height=\"33\">Mod\u00e8le<\/td>\n<td class=\"et2\" style=\"width: 69.7pt; text-align: center;\" width=\"92\">TSC-D40<\/td>\n<td class=\"et2\" style=\"width: 68.75pt; text-align: center;\" width=\"91\">TSC-D50<\/td>\n<td class=\"et2\" style=\"width: 70.65pt; text-align: center;\" width=\"94\">TSC-D65<\/td>\n<td class=\"et2\" style=\"width: 67.8pt; text-align: center;\" width=\"90\">TSC-D80<\/td>\n<td class=\"et2\" style=\"width: 71.6pt; text-align: center;\" width=\"95\">TSC-D95<\/td>\n<\/tr>\n<tr style=\"height: 24.00pt;\">\n<td class=\"et2\" style=\"height: 49pt; width: 144.55pt; text-align: center;\" rowspan=\"2\" width=\"192\" height=\"65\">Courant de travail nominal(A)<\/td>\n<td class=\"et2\" style=\"width: 72.55pt; text-align: center;\" width=\"96\">AC3<\/td>\n<td class=\"et2\" style=\"width: 69.7pt; text-align: center;\" width=\"92\">40<\/td>\n<td class=\"et2\" style=\"width: 68.75pt; text-align: center;\" width=\"91\">50<\/td>\n<td class=\"et2\" style=\"width: 70.65pt; text-align: center;\" width=\"94\">65<\/td>\n<td class=\"et2\" style=\"width: 67.8pt; text-align: center;\" width=\"90\">80<\/td>\n<td class=\"et2\" style=\"width: 71.6pt; text-align: center;\" width=\"95\">95<\/td>\n<\/tr>\n<tr style=\"height: 25.00pt;\">\n<td class=\"et2\" style=\"width: 72.55pt; text-align: center;\" width=\"96\">AC4<\/td>\n<td class=\"et2\" style=\"width: 69.7pt; text-align: center;\" width=\"92\">16<\/td>\n<td class=\"et2\" style=\"width: 68.75pt; text-align: center;\" width=\"91\">20<\/td>\n<td class=\"et2\" style=\"width: 70.65pt; text-align: center;\" width=\"94\">25<\/td>\n<td class=\"et2\" style=\"width: 67.8pt; text-align: center;\" width=\"90\">32<\/td>\n<td class=\"et2\" style=\"width: 71.6pt; text-align: center;\" width=\"95\">38<\/td>\n<\/tr>\n<tr style=\"height: 24.00pt;\">\n<td class=\"et2\" style=\"height: 123pt; width: 144.55pt; text-align: center;\" rowspan=\"5\" width=\"192\" height=\"164\">Capacit\u00e9 AC3 du moteur \u00e0 cage d&#039;\u00e9cureuil phase 3 AC3(KW)<\/td>\n<td class=\"et2\" style=\"width: 72.55pt; text-align: center;\" width=\"96\">220\/230V<\/td>\n<td class=\"et2\" style=\"width: 69.7pt; text-align: center;\" width=\"92\">11<\/td>\n<td class=\"et2\" style=\"width: 68.75pt; text-align: center;\" width=\"91\">15<\/td>\n<td class=\"et2\" style=\"width: 70.65pt; text-align: center;\" width=\"94\">18.5<\/td>\n<td class=\"et2\" style=\"width: 67.8pt; text-align: center;\" width=\"90\">22<\/td>\n<td class=\"et2\" style=\"width: 71.6pt; text-align: center;\" width=\"95\">25<\/td>\n<\/tr>\n<tr style=\"height: 25.00pt;\">\n<td class=\"et2\" style=\"width: 72.55pt; text-align: center;\" width=\"96\">380\/400V<\/td>\n<td class=\"et2\" style=\"width: 69.7pt; text-align: center;\" width=\"92\">18.5<\/td>\n<td class=\"et2\" style=\"width: 68.75pt; text-align: center;\" width=\"91\">22<\/td>\n<td class=\"et2\" style=\"width: 70.65pt; text-align: center;\" width=\"94\">30<\/td>\n<td class=\"et2\" style=\"width: 67.8pt; text-align: center;\" width=\"90\">37<\/td>\n<td class=\"et2\" style=\"width: 71.6pt; text-align: center;\" width=\"95\">45<\/td>\n<\/tr>\n<tr style=\"height: 24.00pt;\">\n<td class=\"et2\" style=\"width: 72.55pt; text-align: center;\" width=\"96\">415V<\/td>\n<td class=\"et2\" style=\"width: 69.7pt; text-align: center;\" width=\"92\">22<\/td>\n<td class=\"et2\" style=\"width: 68.75pt; text-align: center;\" width=\"91\">25<\/td>\n<td class=\"et2\" style=\"width: 70.65pt; text-align: center;\" width=\"94\">37<\/td>\n<td class=\"et2\" style=\"width: 67.8pt; text-align: center;\" width=\"90\">45<\/td>\n<td class=\"et2\" style=\"width: 71.6pt; text-align: center;\" width=\"95\">45<\/td>\n<\/tr>\n<tr style=\"height: 26.00pt;\">\n<td class=\"et2\" style=\"width: 72.55pt; text-align: center;\" width=\"96\">500V<\/td>\n<td class=\"et2\" style=\"width: 69.7pt; text-align: center;\" width=\"92\">22<\/td>\n<td class=\"et2\" style=\"width: 68.75pt; text-align: center;\" width=\"91\">30<\/td>\n<td class=\"et2\" style=\"width: 70.65pt; text-align: center;\" width=\"94\">37<\/td>\n<td class=\"et2\" style=\"width: 67.8pt; text-align: center;\" width=\"90\">55<\/td>\n<td class=\"et2\" style=\"width: 71.6pt; text-align: center;\" width=\"95\">55<\/td>\n<\/tr>\n<tr style=\"height: 24.00pt;\">\n<td class=\"et2\" style=\"width: 72.55pt; text-align: center;\" width=\"96\">660\/690V<\/td>\n<td class=\"et2\" style=\"width: 69.7pt; text-align: center;\" width=\"92\">30<\/td>\n<td class=\"et2\" style=\"width: 68.75pt; text-align: center;\" width=\"91\">33<\/td>\n<td class=\"et2\" style=\"width: 70.65pt; text-align: center;\" width=\"94\">37<\/td>\n<td class=\"et2\" style=\"width: 67.8pt; text-align: center;\" width=\"90\">45<\/td>\n<td class=\"et2\" style=\"width: 71.6pt; text-align: center;\" width=\"95\">55<\/td>\n<\/tr>\n<tr style=\"height: 24.00pt;\">\n<td class=\"et2\" style=\"height: 24pt; width: 217.1pt; text-align: center;\" colspan=\"2\" width=\"289\" height=\"32\">Courant thermique nominal (A)<\/td>\n<td class=\"et2\" style=\"width: 69.7pt; text-align: center;\" width=\"92\">60<\/td>\n<td class=\"et2\" style=\"width: 68.75pt; text-align: center;\" width=\"91\">80<\/td>\n<td class=\"et2\" style=\"width: 70.65pt; text-align: center;\" width=\"94\">80<\/td>\n<td class=\"et2\" style=\"width: 67.8pt; text-align: center;\" width=\"90\">95<\/td>\n<td class=\"et2\" style=\"width: 71.6pt; text-align: center;\" width=\"95\">110<\/td>\n<\/tr>\n<tr style=\"height: 26.00pt;\">\n<td class=\"et2\" style=\"height: 50pt; width: 144.55pt; text-align: center;\" rowspan=\"2\" width=\"192\" height=\"66\">Dur\u00e9e de vie \u00e9lectrique<\/td>\n<td class=\"et2\" style=\"width: 72.55pt; text-align: center;\" width=\"96\">AC3x 100000<\/td>\n<td class=\"et2\" style=\"width: 69.7pt; text-align: center;\" width=\"92\">80<\/td>\n<td class=\"et2\" style=\"width: 68.75pt; text-align: center;\" width=\"91\">60<\/td>\n<td class=\"et2\" style=\"width: 70.65pt; text-align: center;\" width=\"94\">60<\/td>\n<td class=\"et2\" style=\"width: 67.8pt; text-align: center;\" width=\"90\">60<\/td>\n<td class=\"et2\" style=\"width: 71.6pt; text-align: center;\" width=\"95\">60<\/td>\n<\/tr>\n<tr style=\"height: 24.00pt;\">\n<td class=\"et2\" style=\"width: 72.55pt; text-align: center;\" width=\"96\">AC4x100000<\/td>\n<td class=\"et2\" style=\"width: 69.7pt; text-align: center;\" width=\"92\">15<\/td>\n<td class=\"et2\" style=\"width: 68.75pt; text-align: center;\" width=\"91\">15<\/td>\n<td class=\"et2\" style=\"width: 70.65pt; text-align: center;\" width=\"94\">15<\/td>\n<td class=\"et2\" style=\"width: 67.8pt; text-align: center;\" width=\"90\">10<\/td>\n<td class=\"et2\" style=\"width: 71.6pt; text-align: center;\" width=\"95\">10<\/td>\n<\/tr>\n<tr style=\"height: 25.00pt;\">\n<td class=\"et2\" style=\"height: 25pt; width: 217.1pt; text-align: center;\" colspan=\"2\" width=\"289\" height=\"33\">Dur\u00e9e de vie m\u00e9canique x 10<\/td>\n<td class=\"et2\" style=\"width: 69.7pt; text-align: center;\" width=\"92\">800<\/td>\n<td class=\"et2\" style=\"width: 68.75pt; text-align: center;\" width=\"91\">800<\/td>\n<td class=\"et2\" style=\"width: 70.65pt; text-align: center;\" width=\"94\">800<\/td>\n<td class=\"et2\" style=\"width: 67.8pt; text-align: center;\" width=\"90\">600<\/td>\n<td class=\"et2\" style=\"width: 71.6pt; text-align: center;\" width=\"95\">600<\/td>\n<\/tr>\n<tr style=\"height: 23.00pt;\">\n<td class=\"et2\" style=\"height: 23pt; width: 217.1pt; text-align: center;\" colspan=\"2\" width=\"289\" height=\"30\">Nombre de contacts<\/td>\n<td class=\"et2\" style=\"width: 348.5pt; text-align: center;\" colspan=\"5\" width=\"464\">3P+NO+NF<\/td>\n<\/tr>\n<\/tbody>\n<\/table>","protected":false},"parent":0,"template":"","product_category":[35,89],"class_list":["post-2567","product","type-product","status-publish","hentry","product_category-industrial-control-devices","product_category-ac-contactor-accessory"],"yoast_head":"<!-- This site is optimized with the Yoast SEO plugin v27.5 - https:\/\/yoast.com\/product\/yoast-seo-wordpress\/ -->\n<title>WholesaleTSC-D40 AC Contactor - TOSUNlux Official Site - Electrical Circuit Breaker Manufacturer in China Low Voltage Electrical Supplier | TOSUNlux<\/title>\n<meta name=\"description\" content=\"TSC-D40 AC Contactor Supplier - Wholesale direct from TOSUNlux, a trusted manufacturer since 1994. Get your B2B factory quote on our certified Low Voltage electrical products.\" \/>\n<meta name=\"robots\" content=\"index, follow, max-snippet:-1, max-image-preview:large, max-video-preview:-1\" \/>\n<link rel=\"canonical\" href=\"https:\/\/www.tosunlux.eu\/fr\/products\/tsc-d40-ac-contactor\/\" \/>\n<meta property=\"og:locale\" content=\"fr_FR\" \/>\n<meta property=\"og:type\" content=\"article\" \/>\n<meta property=\"og:title\" content=\"WholesaleTSC-D40 AC Contactor - TOSUNlux Official Site - Electrical Circuit Breaker Manufacturer in China Low Voltage Electrical Supplier | TOSUNlux\" \/>\n<meta property=\"og:description\" content=\"TSC-D40 AC Contactor Supplier - Wholesale direct from TOSUNlux, a trusted manufacturer since 1994. Get your B2B factory quote on our certified Low Voltage electrical products.\" \/>\n<meta property=\"og:url\" content=\"https:\/\/www.tosunlux.eu\/fr\/products\/tsc-d40-ac-contactor\/\" \/>\n<meta property=\"og:site_name\" content=\"TOSUNlux Official Site - Electrical Circuit Breaker Manufacturer in China\" \/>\n<meta property=\"article:publisher\" content=\"https:\/\/www.facebook.com\/TOSUNelectric\/\" \/>\n<meta property=\"article:modified_time\" content=\"2023-09-13T01:18:21+00:00\" \/>\n<meta property=\"og:image\" content=\"https:\/\/www.tosunlux.eu\/wp-content\/uploads\/2023\/04\/DSC08160_\u526f\u672c.jpg\" \/>\n\t<meta property=\"og:image:width\" content=\"1500\" \/>\n\t<meta property=\"og:image:height\" content=\"940\" \/>\n\t<meta property=\"og:image:type\" content=\"image\/jpeg\" \/>\n<meta name=\"twitter:card\" content=\"summary_large_image\" \/>\n<meta name=\"twitter:label1\" content=\"Dur\u00e9e de lecture estim\u00e9e\" \/>\n\t<meta name=\"twitter:data1\" content=\"1 minute\" \/>\n<script type=\"application\/ld+json\" class=\"yoast-schema-graph\">{\"@context\":\"https:\\\/\\\/schema.org\",\"@graph\":[{\"@type\":\"WebPage\",\"@id\":\"https:\\\/\\\/www.tosunlux.eu\\\/pl\\\/products\\\/tsc-d40-ac-contactor\\\/\",\"url\":\"https:\\\/\\\/www.tosunlux.eu\\\/pl\\\/products\\\/tsc-d40-ac-contactor\\\/\",\"name\":\"WholesaleTSC-D40 AC Contactor - TOSUNlux Official Site - Electrical Circuit Breaker Manufacturer in China Low Voltage Electrical Supplier | TOSUNlux\",\"isPartOf\":{\"@id\":\"https:\\\/\\\/www.tosunlux.eu\\\/ru\\\/#website\"},\"datePublished\":\"2022-05-12T06:16:12+00:00\",\"dateModified\":\"2023-09-13T01:18:21+00:00\",\"description\":\"TSC-D40 AC Contactor Supplier - Wholesale direct from TOSUNlux, a trusted manufacturer since 1994. Get your B2B factory quote on our certified Low Voltage electrical products.\",\"breadcrumb\":{\"@id\":\"https:\\\/\\\/www.tosunlux.eu\\\/pl\\\/products\\\/tsc-d40-ac-contactor\\\/#breadcrumb\"},\"inLanguage\":\"fr-FR\",\"potentialAction\":[{\"@type\":\"ReadAction\",\"target\":[\"https:\\\/\\\/www.tosunlux.eu\\\/pl\\\/products\\\/tsc-d40-ac-contactor\\\/\"]}]},{\"@type\":\"BreadcrumbList\",\"@id\":\"https:\\\/\\\/www.tosunlux.eu\\\/pl\\\/products\\\/tsc-d40-ac-contactor\\\/#breadcrumb\",\"itemListElement\":[{\"@type\":\"ListItem\",\"position\":1,\"name\":\"Home\",\"item\":\"https:\\\/\\\/www.tosunlux.eu\\\/ru\\\/\"},{\"@type\":\"ListItem\",\"position\":2,\"name\":\"Products\",\"item\":\"https:\\\/\\\/www.tosunlux.eu\\\/products\\\/\"},{\"@type\":\"ListItem\",\"position\":3,\"name\":\"TSC-D40 AC Contactor\"}]},{\"@type\":\"WebSite\",\"@id\":\"https:\\\/\\\/www.tosunlux.eu\\\/ru\\\/#website\",\"url\":\"https:\\\/\\\/www.tosunlux.eu\\\/ru\\\/\",\"name\":\"TOSUNlux Official Site - Electrical Circuit Breaker Manufacturer in China\",\"description\":\"Power Distribution System Supplier\",\"publisher\":{\"@id\":\"https:\\\/\\\/www.tosunlux.eu\\\/ru\\\/#organization\"},\"alternateName\":\"TOSUNlux\",\"potentialAction\":[{\"@type\":\"SearchAction\",\"target\":{\"@type\":\"EntryPoint\",\"urlTemplate\":\"https:\\\/\\\/www.tosunlux.eu\\\/ru\\\/?s={search_term_string}\"},\"query-input\":{\"@type\":\"PropertyValueSpecification\",\"valueRequired\":true,\"valueName\":\"search_term_string\"}}],\"inLanguage\":\"fr-FR\"},{\"@type\":\"Organization\",\"@id\":\"https:\\\/\\\/www.tosunlux.eu\\\/ru\\\/#organization\",\"name\":\"TOSUNlux\",\"url\":\"https:\\\/\\\/www.tosunlux.eu\\\/ru\\\/\",\"logo\":{\"@type\":\"ImageObject\",\"inLanguage\":\"fr-FR\",\"@id\":\"https:\\\/\\\/www.tosunlux.eu\\\/ru\\\/#\\\/schema\\\/logo\\\/image\\\/\",\"url\":\"https:\\\/\\\/www.tosunlux.eu\\\/wp-content\\\/uploads\\\/2022\\\/01\\\/LOGOSYSM.71762f1.png\",\"contentUrl\":\"https:\\\/\\\/www.tosunlux.eu\\\/wp-content\\\/uploads\\\/2022\\\/01\\\/LOGOSYSM.71762f1.png\",\"width\":153,\"height\":55,\"caption\":\"TOSUNlux\"},\"image\":{\"@id\":\"https:\\\/\\\/www.tosunlux.eu\\\/ru\\\/#\\\/schema\\\/logo\\\/image\\\/\"},\"sameAs\":[\"https:\\\/\\\/www.facebook.com\\\/TOSUNelectric\\\/\",\"https:\\\/\\\/www.linkedin.com\\\/company\\\/wenzhou-tosun-electric-co.-ltd\\\/\"]}]}<\/script>\n<!-- \/ Yoast SEO plugin. -->","yoast_head_json":{"title":"Contacteur CA TSC-D40 en gros - Site officiel TOSUNlux - Fabricant de disjoncteurs \u00e9lectriques en Chine Fournisseur d&#039;\u00e9quipements \u00e9lectriques basse tension | TOSUNlux","description":"Fournisseur de contacteurs CA TSC-D40 - Vente en gros directement aupr\u00e8s de TOSUNlux, un fabricant de confiance depuis 1994. Obtenez votre devis d&#039;usine B2B sur nos produits \u00e9lectriques basse tension certifi\u00e9s.","robots":{"index":"index","follow":"follow","max-snippet":"max-snippet:-1","max-image-preview":"max-image-preview:large","max-video-preview":"max-video-preview:-1"},"canonical":"https:\/\/www.tosunlux.eu\/fr\/products\/tsc-d40-ac-contactor\/","og_locale":"fr_FR","og_type":"article","og_title":"WholesaleTSC-D40 AC Contactor - TOSUNlux Official Site - Electrical Circuit Breaker Manufacturer in China Low Voltage Electrical Supplier | TOSUNlux","og_description":"TSC-D40 AC Contactor Supplier - Wholesale direct from TOSUNlux, a trusted manufacturer since 1994. Get your B2B factory quote on our certified Low Voltage electrical products.","og_url":"https:\/\/www.tosunlux.eu\/fr\/products\/tsc-d40-ac-contactor\/","og_site_name":"TOSUNlux Official Site - Electrical Circuit Breaker Manufacturer in China","article_publisher":"https:\/\/www.facebook.com\/TOSUNelectric\/","article_modified_time":"2023-09-13T01:18:21+00:00","og_image":[{"width":1500,"height":940,"url":"https:\/\/www.tosunlux.eu\/wp-content\/uploads\/2023\/04\/DSC08160_\u526f\u672c.jpg","type":"image\/jpeg"}],"twitter_card":"summary_large_image","twitter_misc":{"Dur\u00e9e de lecture estim\u00e9e":"1 minute"},"schema":{"@context":"https:\/\/schema.org","@graph":[{"@type":"WebPage","@id":"https:\/\/www.tosunlux.eu\/pl\/products\/tsc-d40-ac-contactor\/","url":"https:\/\/www.tosunlux.eu\/pl\/products\/tsc-d40-ac-contactor\/","name":"Contacteur CA TSC-D40 en gros - Site officiel TOSUNlux - Fabricant de disjoncteurs \u00e9lectriques en Chine Fournisseur d&#039;\u00e9quipements \u00e9lectriques basse tension | TOSUNlux","isPartOf":{"@id":"https:\/\/www.tosunlux.eu\/ru\/#website"},"datePublished":"2022-05-12T06:16:12+00:00","dateModified":"2023-09-13T01:18:21+00:00","description":"Fournisseur de contacteurs CA TSC-D40 - Vente en gros directement aupr\u00e8s de TOSUNlux, un fabricant de confiance depuis 1994. Obtenez votre devis d&#039;usine B2B sur nos produits \u00e9lectriques basse tension certifi\u00e9s.","breadcrumb":{"@id":"https:\/\/www.tosunlux.eu\/pl\/products\/tsc-d40-ac-contactor\/#breadcrumb"},"inLanguage":"fr-FR","potentialAction":[{"@type":"ReadAction","target":["https:\/\/www.tosunlux.eu\/pl\/products\/tsc-d40-ac-contactor\/"]}]},{"@type":"BreadcrumbList","@id":"https:\/\/www.tosunlux.eu\/pl\/products\/tsc-d40-ac-contactor\/#breadcrumb","itemListElement":[{"@type":"ListItem","position":1,"name":"Home","item":"https:\/\/www.tosunlux.eu\/ru\/"},{"@type":"ListItem","position":2,"name":"Products","item":"https:\/\/www.tosunlux.eu\/products\/"},{"@type":"ListItem","position":3,"name":"TSC-D40 AC Contactor"}]},{"@type":"WebSite","@id":"https:\/\/www.tosunlux.eu\/ru\/#website","url":"https:\/\/www.tosunlux.eu\/ru\/","name":"Site officiel TOSUNlux - Fabricant de disjoncteurs \u00e9lectriques en Chine","description":"Fournisseur de syst\u00e8me de distribution d&#039;\u00e9nergie","publisher":{"@id":"https:\/\/www.tosunlux.eu\/ru\/#organization"},"alternateName":"TOSUNlux","potentialAction":[{"@type":"SearchAction","target":{"@type":"EntryPoint","urlTemplate":"https:\/\/www.tosunlux.eu\/ru\/?s={search_term_string}"},"query-input":{"@type":"PropertyValueSpecification","valueRequired":true,"valueName":"search_term_string"}}],"inLanguage":"fr-FR"},{"@type":"Organization","@id":"https:\/\/www.tosunlux.eu\/ru\/#organization","name":"TOSUNlux","url":"https:\/\/www.tosunlux.eu\/ru\/","logo":{"@type":"ImageObject","inLanguage":"fr-FR","@id":"https:\/\/www.tosunlux.eu\/ru\/#\/schema\/logo\/image\/","url":"https:\/\/www.tosunlux.eu\/wp-content\/uploads\/2022\/01\/LOGOSYSM.71762f1.png","contentUrl":"https:\/\/www.tosunlux.eu\/wp-content\/uploads\/2022\/01\/LOGOSYSM.71762f1.png","width":153,"height":55,"caption":"TOSUNlux"},"image":{"@id":"https:\/\/www.tosunlux.eu\/ru\/#\/schema\/logo\/image\/"},"sameAs":["https:\/\/www.facebook.com\/TOSUNelectric\/","https:\/\/www.linkedin.com\/company\/wenzhou-tosun-electric-co.-ltd\/"]}]}},"_links":{"self":[{"href":"https:\/\/www.tosunlux.eu\/fr\/wp-json\/wp\/v2\/product\/2567","targetHints":{"allow":["GET"]}}],"collection":[{"href":"https:\/\/www.tosunlux.eu\/fr\/wp-json\/wp\/v2\/product"}],"about":[{"href":"https:\/\/www.tosunlux.eu\/fr\/wp-json\/wp\/v2\/types\/product"}],"version-history":[{"count":2,"href":"https:\/\/www.tosunlux.eu\/fr\/wp-json\/wp\/v2\/product\/2567\/revisions"}],"predecessor-version":[{"id":7986,"href":"https:\/\/www.tosunlux.eu\/fr\/wp-json\/wp\/v2\/product\/2567\/revisions\/7986"}],"wp:attachment":[{"href":"https:\/\/www.tosunlux.eu\/fr\/wp-json\/wp\/v2\/media?parent=2567"}],"wp:term":[{"taxonomy":"product_category","embeddable":true,"href":"https:\/\/www.tosunlux.eu\/fr\/wp-json\/wp\/v2\/product_category?post=2567"}],"curies":[{"name":"wp","href":"https:\/\/api.w.org\/{rel}","templated":true}]}}