{"id":2577,"date":"2022-05-12T14:45:26","date_gmt":"2022-05-12T06:45:26","guid":{"rendered":"https:\/\/www.tosunlux.eu\/?post_type=product&#038;p=2577"},"modified":"2023-09-13T09:25:04","modified_gmt":"2023-09-13T01:25:04","slug":"tsc7-d-ac-contactor","status":"publish","type":"product","link":"https:\/\/www.tosunlux.eu\/fr\/products\/tsc7-d-ac-contactor\/","title":{"rendered":"Contacteur CA TSC7-D"},"content":{"rendered":"<pre class=\"wp-block-verse\"><strong>Application<\/strong>\n\n\nLe contacteur AC de la s\u00e9rie TSC7 est adapt\u00e9 pour une utilisation dans les circuits jusqu&#039;\u00e0 la tension nominale 660V AC 50Hz ou 60Hz, courant nominal jusqu&#039;\u00e0 38A, pour \u00e9tablir, couper, d\u00e9marrer et contr\u00f4ler fr\u00e9quemment le moteur AC. Combin\u00e9 avec le bloc de contacts auxiliaires, le temporisateur et le dispositif de verrouillage de la machine, etc., il devient le contacteur de retard, le contacteur de verrouillage m\u00e9canique, le d\u00e9marreur \u00e9toile-triangle. Avec le relais thermique, il est combin\u00e9 dans le d\u00e9marreur \u00e9lectromagn\u00e9tique. Les produits sont conformes \u00e0 la norme IEC60947-4.\n\n\n<strong>sp\u00e9cification<\/strong>\n\n\n<\/pre>\n\n\n<table style=\"border-collapse: collapse; width: 722px; height: 411px;\" border=\"0\" width=\"756\" cellspacing=\"0\" cellpadding=\"0\">\n<tbody>\n<tr style=\"height: 12.75pt;\">\n<td style=\"height: 12.75pt; width: 189pt; text-align: center;\" colspan=\"4\" width=\"252\" height=\"17\">Mod\u00e8le<\/td>\n<td style=\"width: 47.25pt; text-align: center;\" width=\"63\">09<\/td>\n<td style=\"width: 47.25pt; text-align: center;\" width=\"63\">12<\/td>\n<td style=\"width: 47.25pt; text-align: center;\" width=\"63\">16<\/td>\n<td style=\"width: 47.25pt; text-align: center;\" width=\"63\">18<\/td>\n<td style=\"width: 47.25pt; text-align: center;\" width=\"63\">22<\/td>\n<td style=\"width: 47.25pt; text-align: center;\" width=\"63\">25<\/td>\n<td style=\"width: 47.25pt; text-align: center;\" width=\"63\">32<\/td>\n<td style=\"width: 47.25pt; text-align: center;\" width=\"63\">38<\/td>\n<\/tr>\n<tr style=\"height: 12.75pt;\">\n<td style=\"height: 51pt; text-align: center;\" rowspan=\"4\" height=\"68\">Courant de travail nominal(A)<\/td>\n<td style=\"text-align: center;\" colspan=\"2\" rowspan=\"2\">400(380)V<\/td>\n<td style=\"text-align: center;\">AC-3<\/td>\n<td style=\"text-align: center;\">9<\/td>\n<td style=\"text-align: center;\">12<\/td>\n<td style=\"text-align: center;\">16<\/td>\n<td style=\"text-align: center;\">16<\/td>\n<td style=\"text-align: center;\">22<\/td>\n<td style=\"text-align: center;\">25<\/td>\n<td style=\"text-align: center;\">32<\/td>\n<td style=\"text-align: center;\">38<\/td>\n<\/tr>\n<tr style=\"height: 12.75pt;\">\n<td style=\"text-align: center;\">AC-4<\/td>\n<td style=\"text-align: center;\">3.5<\/td>\n<td style=\"text-align: center;\">5<\/td>\n<td style=\"text-align: center;\">6.5<\/td>\n<td style=\"text-align: center;\">7.7<\/td>\n<td style=\"text-align: center;\">8<\/td>\n<td style=\"text-align: center;\">8.5<\/td>\n<td style=\"text-align: center;\">12<\/td>\n<td style=\"text-align: center;\">12<\/td>\n<\/tr>\n<tr style=\"height: 12.75pt;\">\n<td style=\"text-align: center;\" colspan=\"2\" rowspan=\"2\">690(660)V<\/td>\n<td style=\"text-align: center;\">AC-3<\/td>\n<td style=\"text-align: center;\">6.6<\/td>\n<td style=\"text-align: center;\">8.9<\/td>\n<td style=\"text-align: center;\">11<\/td>\n<td style=\"text-align: center;\">18<\/td>\n<td style=\"text-align: center;\">16<\/td>\n<td style=\"text-align: center;\">34<\/td>\n<td style=\"text-align: center;\">39<\/td>\n<td style=\"text-align: center;\">39<\/td>\n<\/tr>\n<tr style=\"height: 12.75pt;\">\n<td style=\"text-align: center;\">AC-4<\/td>\n<td style=\"text-align: center;\">1.5<\/td>\n<td style=\"text-align: center;\">2<\/td>\n<td style=\"text-align: center;\">3<\/td>\n<td style=\"text-align: center;\">4.4<\/td>\n<td style=\"text-align: center;\">4<\/td>\n<td style=\"text-align: center;\">9<\/td>\n<td style=\"text-align: center;\">12<\/td>\n<td style=\"text-align: center;\">12<\/td>\n<\/tr>\n<tr style=\"height: 12.75pt;\">\n<td style=\"height: 12.75pt; text-align: center;\" height=\"17\">\u00c9valu\u00e9<\/td>\n<td style=\"text-align: center;\" colspan=\"2\">courant(A)<\/td>\n<td style=\"text-align: center;\">\u00a0<\/td>\n<td style=\"text-align: center;\">20<\/td>\n<td style=\"text-align: center;\">20<\/td>\n<td style=\"text-align: center;\">25<\/td>\n<td style=\"text-align: center;\">40<\/td>\n<td style=\"text-align: center;\">40<\/td>\n<td style=\"text-align: center;\">60<\/td>\n<td style=\"text-align: center;\">80<\/td>\n<td style=\"text-align: center;\">80<\/td>\n<\/tr>\n<tr style=\"height: 12.75pt;\">\n<td style=\"height: 38.25pt; text-align: center;\" colspan=\"2\" rowspan=\"3\" height=\"51\">Capacit\u00e9 AC3 du moteur \u00e0 cage d&#039;\u00e9cureuil phase3 AC3 (KW)<\/td>\n<td style=\"text-align: center;\" colspan=\"2\">230(220)V<\/td>\n<td style=\"text-align: center;\">2.2<\/td>\n<td style=\"text-align: center;\">3<\/td>\n<td style=\"text-align: center;\">4<\/td>\n<td style=\"text-align: center;\">5<\/td>\n<td style=\"text-align: center;\">5.5<\/td>\n<td style=\"text-align: center;\">11<\/td>\n<td style=\"text-align: center;\">15<\/td>\n<td style=\"text-align: center;\">15<\/td>\n<\/tr>\n<tr style=\"height: 12.75pt;\">\n<td style=\"text-align: center;\" colspan=\"2\">400(380)V<\/td>\n<td style=\"text-align: center;\">4<\/td>\n<td style=\"text-align: center;\">5.5<\/td>\n<td style=\"text-align: center;\">6.5<\/td>\n<td style=\"text-align: center;\">11<\/td>\n<td style=\"text-align: center;\">10<\/td>\n<td style=\"text-align: center;\">18.5<\/td>\n<td style=\"text-align: center;\">22<\/td>\n<td style=\"text-align: center;\">22<\/td>\n<\/tr>\n<tr style=\"height: 12.75pt;\">\n<td style=\"text-align: center;\" colspan=\"2\">690(660)V<\/td>\n<td style=\"text-align: center;\">5.5<\/td>\n<td style=\"text-align: center;\">7.5<\/td>\n<td style=\"text-align: center;\">10<\/td>\n<td style=\"text-align: center;\">15<\/td>\n<td style=\"text-align: center;\">18.5<\/td>\n<td style=\"text-align: center;\">30<\/td>\n<td style=\"text-align: center;\">37<\/td>\n<td style=\"text-align: center;\">37<\/td>\n<\/tr>\n<tr style=\"height: 12.75pt;\">\n<td class=\"et3\" style=\"height: 12.75pt; width: 94.5pt; text-align: center;\" colspan=\"2\" width=\"126\" height=\"17\">Dur\u00e9e de vie m\u00e9caniquex100000<\/td>\n<td style=\"text-align: center;\" colspan=\"2\">\u00a0<\/td>\n<td style=\"text-align: center;\">1200<\/td>\n<td style=\"text-align: center;\">1200<\/td>\n<td style=\"text-align: center;\">1200<\/td>\n<td style=\"text-align: center;\">1200<\/td>\n<td style=\"text-align: center;\">1200<\/td>\n<td style=\"text-align: center;\">600<\/td>\n<td style=\"text-align: center;\">600<\/td>\n<td style=\"text-align: center;\">600<\/td>\n<\/tr>\n<tr style=\"height: 12.75pt;\">\n<td style=\"height: 25.5pt; text-align: center;\" colspan=\"2\" rowspan=\"2\" height=\"34\">Dur\u00e9e de vie \u00e9lectrique x100000<\/td>\n<td style=\"text-align: center;\" colspan=\"2\">AC-3<\/td>\n<td style=\"text-align: center;\">100<\/td>\n<td style=\"text-align: center;\">100<\/td>\n<td style=\"text-align: center;\">100<\/td>\n<td style=\"text-align: center;\">100<\/td>\n<td style=\"text-align: center;\">80<\/td>\n<td style=\"text-align: center;\">80<\/td>\n<td style=\"text-align: center;\">60<\/td>\n<td style=\"text-align: center;\">60<\/td>\n<\/tr>\n<tr style=\"height: 12.75pt;\">\n<td style=\"text-align: center;\" colspan=\"2\">AC-4<\/td>\n<td style=\"text-align: center;\">20<\/td>\n<td style=\"text-align: center;\">20<\/td>\n<td style=\"text-align: center;\">20<\/td>\n<td style=\"text-align: center;\">20<\/td>\n<td style=\"text-align: center;\">20<\/td>\n<td style=\"text-align: center;\">15<\/td>\n<td style=\"text-align: center;\">15<\/td>\n<td style=\"text-align: center;\">15<\/td>\n<\/tr>\n<tr style=\"height: 12.75pt;\">\n<td style=\"height: 12.75pt; text-align: center;\" colspan=\"4\" height=\"17\">Nombre de contacts<\/td>\n<td class=\"et4\" style=\"text-align: center;\" colspan=\"8\">3P+NO+NF<\/td>\n<\/tr>\n<\/tbody>\n<\/table>\n<p>\u00a0<\/p>\n<p><strong>Dimension<\/strong><\/p>\n<p>\u00a0<\/p>\n\n\n<figure class=\"wp-block-image size-full is-resized\"><img fetchpriority=\"high\" decoding=\"async\" src=\"https:\/\/www.tosunlux.eu\/wp-content\/uploads\/2022\/05\/QQ\u622a\u56fe20220512144254.png\" alt=\"\" class=\"wp-image-2584\" width=\"577\" height=\"274\" srcset=\"https:\/\/www.tosunlux.eu\/wp-content\/uploads\/2022\/05\/QQ\u622a\u56fe20220512144254.png 733w, https:\/\/www.tosunlux.eu\/wp-content\/uploads\/2022\/05\/QQ\u622a\u56fe20220512144254-300x142.png 300w\" sizes=\"(max-width: 577px) 100vw, 577px\" \/><\/figure>\n\n\n\n<p><\/p>\n\n\n\n<p><\/p>\n\n\n\n<figure class=\"wp-block-image size-full\"><img decoding=\"async\" width=\"609\" height=\"75\" src=\"https:\/\/www.tosunlux.eu\/wp-content\/uploads\/2022\/05\/QQ\u622a\u56fe20220512144332.png\" alt=\"\" class=\"wp-image-2586\" srcset=\"https:\/\/www.tosunlux.eu\/wp-content\/uploads\/2022\/05\/QQ\u622a\u56fe20220512144332.png 609w, https:\/\/www.tosunlux.eu\/wp-content\/uploads\/2022\/05\/QQ\u622a\u56fe20220512144332-300x37.png 300w\" sizes=\"(max-width: 609px) 100vw, 609px\" \/><\/figure>","protected":false},"parent":0,"template":"","product_category":[35,89],"class_list":["post-2577","product","type-product","status-publish","hentry","product_category-industrial-control-devices","product_category-ac-contactor-accessory"],"yoast_head":"<!-- This site is optimized with the Yoast SEO plugin v27.5 - https:\/\/yoast.com\/product\/yoast-seo-wordpress\/ -->\n<title>WholesaleTSC7-D AC Contactor - TOSUNlux Official Site - Electrical Circuit Breaker Manufacturer in China Low Voltage Electrical Supplier | TOSUNlux<\/title>\n<meta name=\"description\" content=\"TSC7-D AC Contactor Supplier - Wholesale direct from TOSUNlux, a trusted manufacturer since 1994. Get your B2B factory quote on our certified Low Voltage electrical products.\" \/>\n<meta name=\"robots\" content=\"index, follow, max-snippet:-1, max-image-preview:large, max-video-preview:-1\" \/>\n<link rel=\"canonical\" href=\"https:\/\/www.tosunlux.eu\/fr\/products\/tsc7-d-ac-contactor\/\" \/>\n<meta property=\"og:locale\" content=\"fr_FR\" \/>\n<meta property=\"og:type\" content=\"article\" \/>\n<meta property=\"og:title\" content=\"WholesaleTSC7-D AC Contactor - TOSUNlux Official Site - Electrical Circuit Breaker Manufacturer in China Low Voltage Electrical Supplier | TOSUNlux\" \/>\n<meta property=\"og:description\" content=\"TSC7-D AC Contactor Supplier - Wholesale direct from TOSUNlux, a trusted manufacturer since 1994. Get your B2B factory quote on our certified Low Voltage electrical products.\" \/>\n<meta property=\"og:url\" content=\"https:\/\/www.tosunlux.eu\/fr\/products\/tsc7-d-ac-contactor\/\" \/>\n<meta property=\"og:site_name\" content=\"TOSUNlux Official Site - Electrical Circuit Breaker Manufacturer in China\" \/>\n<meta property=\"article:publisher\" content=\"https:\/\/www.facebook.com\/TOSUNelectric\/\" \/>\n<meta property=\"article:modified_time\" content=\"2023-09-13T01:25:04+00:00\" \/>\n<meta property=\"og:image\" content=\"https:\/\/www.tosunlux.eu\/wp-content\/uploads\/2023\/04\/DSC08160_\u526f\u672c.jpg\" \/>\n\t<meta property=\"og:image:width\" content=\"1500\" \/>\n\t<meta property=\"og:image:height\" content=\"940\" \/>\n\t<meta property=\"og:image:type\" content=\"image\/jpeg\" \/>\n<meta name=\"twitter:card\" content=\"summary_large_image\" \/>\n<meta name=\"twitter:label1\" content=\"Dur\u00e9e de lecture estim\u00e9e\" \/>\n\t<meta name=\"twitter:data1\" content=\"2 minutes\" \/>\n<script type=\"application\/ld+json\" class=\"yoast-schema-graph\">{\"@context\":\"https:\\\/\\\/schema.org\",\"@graph\":[{\"@type\":\"WebPage\",\"@id\":\"https:\\\/\\\/www.tosunlux.eu\\\/tr\\\/products\\\/tsc7-d-ac-contactor\\\/\",\"url\":\"https:\\\/\\\/www.tosunlux.eu\\\/tr\\\/products\\\/tsc7-d-ac-contactor\\\/\",\"name\":\"WholesaleTSC7-D AC Contactor - TOSUNlux Official Site - Electrical Circuit Breaker Manufacturer in China Low Voltage Electrical Supplier | TOSUNlux\",\"isPartOf\":{\"@id\":\"https:\\\/\\\/www.tosunlux.eu\\\/ru\\\/#website\"},\"datePublished\":\"2022-05-12T06:45:26+00:00\",\"dateModified\":\"2023-09-13T01:25:04+00:00\",\"description\":\"TSC7-D AC Contactor Supplier - Wholesale direct from TOSUNlux, a trusted manufacturer since 1994. Get your B2B factory quote on our certified Low Voltage electrical products.\",\"breadcrumb\":{\"@id\":\"https:\\\/\\\/www.tosunlux.eu\\\/tr\\\/products\\\/tsc7-d-ac-contactor\\\/#breadcrumb\"},\"inLanguage\":\"fr-FR\",\"potentialAction\":[{\"@type\":\"ReadAction\",\"target\":[\"https:\\\/\\\/www.tosunlux.eu\\\/tr\\\/products\\\/tsc7-d-ac-contactor\\\/\"]}]},{\"@type\":\"BreadcrumbList\",\"@id\":\"https:\\\/\\\/www.tosunlux.eu\\\/tr\\\/products\\\/tsc7-d-ac-contactor\\\/#breadcrumb\",\"itemListElement\":[{\"@type\":\"ListItem\",\"position\":1,\"name\":\"Home\",\"item\":\"https:\\\/\\\/www.tosunlux.eu\\\/ru\\\/\"},{\"@type\":\"ListItem\",\"position\":2,\"name\":\"Products\",\"item\":\"https:\\\/\\\/www.tosunlux.eu\\\/products\\\/\"},{\"@type\":\"ListItem\",\"position\":3,\"name\":\"TSC7-D AC Contactor\"}]},{\"@type\":\"WebSite\",\"@id\":\"https:\\\/\\\/www.tosunlux.eu\\\/ru\\\/#website\",\"url\":\"https:\\\/\\\/www.tosunlux.eu\\\/ru\\\/\",\"name\":\"TOSUNlux Official Site - Electrical Circuit Breaker Manufacturer in China\",\"description\":\"Power Distribution System Supplier\",\"publisher\":{\"@id\":\"https:\\\/\\\/www.tosunlux.eu\\\/ru\\\/#organization\"},\"alternateName\":\"TOSUNlux\",\"potentialAction\":[{\"@type\":\"SearchAction\",\"target\":{\"@type\":\"EntryPoint\",\"urlTemplate\":\"https:\\\/\\\/www.tosunlux.eu\\\/ru\\\/?s={search_term_string}\"},\"query-input\":{\"@type\":\"PropertyValueSpecification\",\"valueRequired\":true,\"valueName\":\"search_term_string\"}}],\"inLanguage\":\"fr-FR\"},{\"@type\":\"Organization\",\"@id\":\"https:\\\/\\\/www.tosunlux.eu\\\/ru\\\/#organization\",\"name\":\"TOSUNlux\",\"url\":\"https:\\\/\\\/www.tosunlux.eu\\\/ru\\\/\",\"logo\":{\"@type\":\"ImageObject\",\"inLanguage\":\"fr-FR\",\"@id\":\"https:\\\/\\\/www.tosunlux.eu\\\/ru\\\/#\\\/schema\\\/logo\\\/image\\\/\",\"url\":\"https:\\\/\\\/www.tosunlux.eu\\\/wp-content\\\/uploads\\\/2022\\\/01\\\/LOGOSYSM.71762f1.png\",\"contentUrl\":\"https:\\\/\\\/www.tosunlux.eu\\\/wp-content\\\/uploads\\\/2022\\\/01\\\/LOGOSYSM.71762f1.png\",\"width\":153,\"height\":55,\"caption\":\"TOSUNlux\"},\"image\":{\"@id\":\"https:\\\/\\\/www.tosunlux.eu\\\/ru\\\/#\\\/schema\\\/logo\\\/image\\\/\"},\"sameAs\":[\"https:\\\/\\\/www.facebook.com\\\/TOSUNelectric\\\/\",\"https:\\\/\\\/www.linkedin.com\\\/company\\\/wenzhou-tosun-electric-co.-ltd\\\/\"]}]}<\/script>\n<!-- \/ Yoast SEO plugin. -->","yoast_head_json":{"title":"WholesaleTSC7-D AC Contactor - TOSUNlux Official Site - Electrical Circuit Breaker Manufacturer in China Low Voltage Electrical Supplier | TOSUNlux","description":"TSC7-D AC Contactor Supplier - Wholesale direct from TOSUNlux, a trusted manufacturer since 1994. Get your B2B factory quote on our certified Low Voltage electrical products.","robots":{"index":"index","follow":"follow","max-snippet":"max-snippet:-1","max-image-preview":"max-image-preview:large","max-video-preview":"max-video-preview:-1"},"canonical":"https:\/\/www.tosunlux.eu\/fr\/products\/tsc7-d-ac-contactor\/","og_locale":"fr_FR","og_type":"article","og_title":"WholesaleTSC7-D AC Contactor - TOSUNlux Official Site - Electrical Circuit Breaker Manufacturer in China Low Voltage Electrical Supplier | TOSUNlux","og_description":"TSC7-D AC Contactor Supplier - Wholesale direct from TOSUNlux, a trusted manufacturer since 1994. Get your B2B factory quote on our certified Low Voltage electrical products.","og_url":"https:\/\/www.tosunlux.eu\/fr\/products\/tsc7-d-ac-contactor\/","og_site_name":"TOSUNlux Official Site - Electrical Circuit Breaker Manufacturer in China","article_publisher":"https:\/\/www.facebook.com\/TOSUNelectric\/","article_modified_time":"2023-09-13T01:25:04+00:00","og_image":[{"width":1500,"height":940,"url":"https:\/\/www.tosunlux.eu\/wp-content\/uploads\/2023\/04\/DSC08160_\u526f\u672c.jpg","type":"image\/jpeg"}],"twitter_card":"summary_large_image","twitter_misc":{"Dur\u00e9e de lecture estim\u00e9e":"2 minutes"},"schema":{"@context":"https:\/\/schema.org","@graph":[{"@type":"WebPage","@id":"https:\/\/www.tosunlux.eu\/tr\/products\/tsc7-d-ac-contactor\/","url":"https:\/\/www.tosunlux.eu\/tr\/products\/tsc7-d-ac-contactor\/","name":"WholesaleTSC7-D AC Contactor - TOSUNlux Official Site - Electrical Circuit Breaker Manufacturer in China Low Voltage Electrical Supplier | TOSUNlux","isPartOf":{"@id":"https:\/\/www.tosunlux.eu\/ru\/#website"},"datePublished":"2022-05-12T06:45:26+00:00","dateModified":"2023-09-13T01:25:04+00:00","description":"TSC7-D AC Contactor Supplier - Wholesale direct from TOSUNlux, a trusted manufacturer since 1994. Get your B2B factory quote on our certified Low Voltage electrical products.","breadcrumb":{"@id":"https:\/\/www.tosunlux.eu\/tr\/products\/tsc7-d-ac-contactor\/#breadcrumb"},"inLanguage":"fr-FR","potentialAction":[{"@type":"ReadAction","target":["https:\/\/www.tosunlux.eu\/tr\/products\/tsc7-d-ac-contactor\/"]}]},{"@type":"BreadcrumbList","@id":"https:\/\/www.tosunlux.eu\/tr\/products\/tsc7-d-ac-contactor\/#breadcrumb","itemListElement":[{"@type":"ListItem","position":1,"name":"Home","item":"https:\/\/www.tosunlux.eu\/ru\/"},{"@type":"ListItem","position":2,"name":"Products","item":"https:\/\/www.tosunlux.eu\/products\/"},{"@type":"ListItem","position":3,"name":"TSC7-D AC Contactor"}]},{"@type":"WebSite","@id":"https:\/\/www.tosunlux.eu\/ru\/#website","url":"https:\/\/www.tosunlux.eu\/ru\/","name":"Site officiel TOSUNlux - Fabricant de disjoncteurs \u00e9lectriques en Chine","description":"Fournisseur de syst\u00e8me de distribution d&#039;\u00e9nergie","publisher":{"@id":"https:\/\/www.tosunlux.eu\/ru\/#organization"},"alternateName":"TOSUNlux","potentialAction":[{"@type":"SearchAction","target":{"@type":"EntryPoint","urlTemplate":"https:\/\/www.tosunlux.eu\/ru\/?s={search_term_string}"},"query-input":{"@type":"PropertyValueSpecification","valueRequired":true,"valueName":"search_term_string"}}],"inLanguage":"fr-FR"},{"@type":"Organization","@id":"https:\/\/www.tosunlux.eu\/ru\/#organization","name":"TOSUNlux","url":"https:\/\/www.tosunlux.eu\/ru\/","logo":{"@type":"ImageObject","inLanguage":"fr-FR","@id":"https:\/\/www.tosunlux.eu\/ru\/#\/schema\/logo\/image\/","url":"https:\/\/www.tosunlux.eu\/wp-content\/uploads\/2022\/01\/LOGOSYSM.71762f1.png","contentUrl":"https:\/\/www.tosunlux.eu\/wp-content\/uploads\/2022\/01\/LOGOSYSM.71762f1.png","width":153,"height":55,"caption":"TOSUNlux"},"image":{"@id":"https:\/\/www.tosunlux.eu\/ru\/#\/schema\/logo\/image\/"},"sameAs":["https:\/\/www.facebook.com\/TOSUNelectric\/","https:\/\/www.linkedin.com\/company\/wenzhou-tosun-electric-co.-ltd\/"]}]}},"_links":{"self":[{"href":"https:\/\/www.tosunlux.eu\/fr\/wp-json\/wp\/v2\/product\/2577","targetHints":{"allow":["GET"]}}],"collection":[{"href":"https:\/\/www.tosunlux.eu\/fr\/wp-json\/wp\/v2\/product"}],"about":[{"href":"https:\/\/www.tosunlux.eu\/fr\/wp-json\/wp\/v2\/types\/product"}],"version-history":[{"count":2,"href":"https:\/\/www.tosunlux.eu\/fr\/wp-json\/wp\/v2\/product\/2577\/revisions"}],"predecessor-version":[{"id":8081,"href":"https:\/\/www.tosunlux.eu\/fr\/wp-json\/wp\/v2\/product\/2577\/revisions\/8081"}],"wp:attachment":[{"href":"https:\/\/www.tosunlux.eu\/fr\/wp-json\/wp\/v2\/media?parent=2577"}],"wp:term":[{"taxonomy":"product_category","embeddable":true,"href":"https:\/\/www.tosunlux.eu\/fr\/wp-json\/wp\/v2\/product_category?post=2577"}],"curies":[{"name":"wp","href":"https:\/\/api.w.org\/{rel}","templated":true}]}}