{"id":2595,"date":"2022-05-12T15:03:17","date_gmt":"2022-05-12T07:03:17","guid":{"rendered":"https:\/\/www.tosunlux.eu\/?post_type=product&#038;p=2595"},"modified":"2023-09-13T09:36:51","modified_gmt":"2023-09-13T01:36:51","slug":"tsc1-f115-ac-contactor","status":"publish","type":"product","link":"https:\/\/www.tosunlux.eu\/fr\/products\/tsc1-f115-ac-contactor\/","title":{"rendered":"Contacteur CA TSC1-F115"},"content":{"rendered":"<pre class=\"wp-block-verse\"><strong>Application<\/strong>\n\n\nLe contacteur AC de la s\u00e9rie TSC1-F est applicable aux circuits jusqu&#039;\u00e0 la tension nominale 1000V AC 50Hz ou 60Hz, courant nominal de 115A \u00e0 800A, pour le circuit de coupure longue distance et le d\u00e9marrage ou le contr\u00f4le fr\u00e9quent du moteur. Il peut \u00e9galement \u00eatre utilis\u00e9 pour le contr\u00f4le des circuits de distribution de courant nominal de 200A \u00e0 1600A.\n\n<\/pre>\n\n\n<table style=\"border-collapse: collapse; width: 734px; height: 248px;\" border=\"0\" width=\"504\" cellspacing=\"0\" cellpadding=\"0\">\n<tbody>\n<tr style=\"height: 12.75pt;\">\n<td style=\"height: 12.75pt; width: 94.50pt;\" colspan=\"2\" width=\"126\" height=\"17\">Mod\u00e8le<\/td>\n<td style=\"width: 47.25pt; text-align: center;\" width=\"63\">TSC1-F115<\/td>\n<td style=\"width: 47.25pt;\" width=\"63\">TSC1-F150<\/td>\n<td style=\"width: 47.25pt;\" width=\"63\">TSC1-F185<\/td>\n<td style=\"width: 47.25pt;\" width=\"63\">TSC1-F225<\/td>\n<td style=\"width: 47.25pt;\" width=\"63\">TSC1-F265<\/td>\n<td style=\"width: 47.25pt;\" width=\"63\">TSC1-F330<\/td>\n<\/tr>\n<tr style=\"height: 12.75pt;\">\n<td style=\"height: 25.5pt; text-align: center;\" rowspan=\"2\" height=\"34\">Courant de fonctionnement nominal(A)<\/td>\n<td style=\"text-align: center;\">AC-3<\/td>\n<td style=\"text-align: center;\">115<\/td>\n<td style=\"text-align: center;\">150<\/td>\n<td style=\"text-align: center;\">185<\/td>\n<td style=\"text-align: center;\">225<\/td>\n<td style=\"text-align: center;\">265<\/td>\n<td style=\"text-align: center;\">330<\/td>\n<\/tr>\n<tr style=\"height: 12.75pt;\">\n<td style=\"text-align: center;\">AC-1<\/td>\n<td style=\"text-align: center;\">200<\/td>\n<td style=\"text-align: center;\">250<\/td>\n<td style=\"text-align: center;\">275<\/td>\n<td style=\"text-align: center;\">315<\/td>\n<td style=\"text-align: center;\">350<\/td>\n<td style=\"text-align: center;\">400<\/td>\n<\/tr>\n<tr style=\"height: 12.75pt;\">\n<td style=\"height: 12.75pt; text-align: center;\" height=\"17\">\u00a0<\/td>\n<td style=\"text-align: center;\">220\/230V<\/td>\n<td style=\"text-align: center;\">30<\/td>\n<td style=\"text-align: center;\">40<\/td>\n<td style=\"text-align: center;\">55<\/td>\n<td style=\"text-align: center;\">63<\/td>\n<td style=\"text-align: center;\">75<\/td>\n<td style=\"text-align: center;\">100<\/td>\n<\/tr>\n<tr style=\"height: 12.75pt;\">\n<td class=\"et3\" style=\"height: 63.75pt; width: 47.25pt; text-align: center;\" rowspan=\"5\" width=\"63\" height=\"85\">Puissances nominales standard des moteurs triphas\u00e9sAC-3(KW)<\/td>\n<td style=\"text-align: center;\">380\/400V<\/td>\n<td style=\"text-align: center;\">55<\/td>\n<td style=\"text-align: center;\">75<\/td>\n<td style=\"text-align: center;\">90<\/td>\n<td style=\"text-align: center;\">110<\/td>\n<td style=\"text-align: center;\">132<\/td>\n<td style=\"text-align: center;\">160<\/td>\n<\/tr>\n<tr style=\"height: 12.75pt;\">\n<td style=\"text-align: center;\">415V<\/td>\n<td style=\"text-align: center;\">59<\/td>\n<td style=\"text-align: center;\">80<\/td>\n<td style=\"text-align: center;\">100<\/td>\n<td style=\"text-align: center;\">110<\/td>\n<td style=\"text-align: center;\">140<\/td>\n<td style=\"text-align: center;\">180<\/td>\n<\/tr>\n<tr style=\"height: 12.75pt;\">\n<td style=\"text-align: center;\">440V<\/td>\n<td style=\"text-align: center;\">59<\/td>\n<td style=\"text-align: center;\">80<\/td>\n<td style=\"text-align: center;\">100<\/td>\n<td style=\"text-align: center;\">110<\/td>\n<td style=\"text-align: center;\">140<\/td>\n<td style=\"text-align: center;\">200<\/td>\n<\/tr>\n<tr style=\"height: 12.75pt;\">\n<td style=\"text-align: center;\">500V<\/td>\n<td style=\"text-align: center;\">80<\/td>\n<td style=\"text-align: center;\">90<\/td>\n<td style=\"text-align: center;\">110<\/td>\n<td style=\"text-align: center;\">129<\/td>\n<td style=\"text-align: center;\">160<\/td>\n<td style=\"text-align: center;\">200<\/td>\n<\/tr>\n<tr style=\"height: 12.75pt;\">\n<td style=\"text-align: center;\">660\/690V1000V<\/td>\n<td style=\"text-align: center;\">65<\/td>\n<td style=\"text-align: center;\">65<\/td>\n<td style=\"text-align: center;\">11100<\/td>\n<td style=\"text-align: center;\">129100<\/td>\n<td style=\"text-align: center;\">147<\/td>\n<td style=\"text-align: center;\">160<\/td>\n<\/tr>\n<\/tbody>\n<\/table>\n\n\n<p><\/p>","protected":false},"parent":0,"template":"","product_category":[35,89],"class_list":["post-2595","product","type-product","status-publish","hentry","product_category-industrial-control-devices","product_category-ac-contactor-accessory"],"yoast_head":"<!-- This site is optimized with the Yoast SEO plugin v27.5 - https:\/\/yoast.com\/product\/yoast-seo-wordpress\/ -->\n<title>WholesaleTSC1-F115 AC Contactor - TOSUNlux Official Site - Electrical Circuit Breaker Manufacturer in China Low Voltage Electrical Supplier | TOSUNlux<\/title>\n<meta name=\"description\" content=\"TSC1-F115 AC Contactor Supplier - Wholesale direct from TOSUNlux, a trusted manufacturer since 1994. Get your B2B factory quote on our certified Low Voltage electrical products.\" \/>\n<meta name=\"robots\" content=\"index, follow, max-snippet:-1, max-image-preview:large, max-video-preview:-1\" \/>\n<link rel=\"canonical\" href=\"https:\/\/www.tosunlux.eu\/fr\/products\/tsc1-f115-ac-contactor\/\" \/>\n<meta property=\"og:locale\" content=\"fr_FR\" \/>\n<meta property=\"og:type\" content=\"article\" \/>\n<meta property=\"og:title\" content=\"WholesaleTSC1-F115 AC Contactor - TOSUNlux Official Site - Electrical Circuit Breaker Manufacturer in China Low Voltage Electrical Supplier | TOSUNlux\" \/>\n<meta property=\"og:description\" content=\"TSC1-F115 AC Contactor Supplier - Wholesale direct from TOSUNlux, a trusted manufacturer since 1994. Get your B2B factory quote on our certified Low Voltage electrical products.\" \/>\n<meta property=\"og:url\" content=\"https:\/\/www.tosunlux.eu\/fr\/products\/tsc1-f115-ac-contactor\/\" \/>\n<meta property=\"og:site_name\" content=\"TOSUNlux Official Site - Electrical Circuit Breaker Manufacturer in China\" \/>\n<meta property=\"article:publisher\" content=\"https:\/\/www.facebook.com\/TOSUNelectric\/\" \/>\n<meta property=\"article:modified_time\" content=\"2023-09-13T01:36:51+00:00\" \/>\n<meta property=\"og:image\" content=\"https:\/\/www.tosunlux.eu\/wp-content\/uploads\/2023\/04\/DSC08160_\u526f\u672c.jpg\" \/>\n\t<meta property=\"og:image:width\" content=\"1500\" \/>\n\t<meta property=\"og:image:height\" content=\"940\" \/>\n\t<meta property=\"og:image:type\" content=\"image\/jpeg\" \/>\n<meta name=\"twitter:card\" content=\"summary_large_image\" \/>\n<meta name=\"twitter:label1\" content=\"Dur\u00e9e de lecture estim\u00e9e\" \/>\n\t<meta name=\"twitter:data1\" content=\"1 minute\" \/>\n<script type=\"application\/ld+json\" class=\"yoast-schema-graph\">{\"@context\":\"https:\\\/\\\/schema.org\",\"@graph\":[{\"@type\":\"WebPage\",\"@id\":\"https:\\\/\\\/www.tosunlux.eu\\\/pt\\\/products\\\/tsc1-f115-ac-contactor\\\/\",\"url\":\"https:\\\/\\\/www.tosunlux.eu\\\/pt\\\/products\\\/tsc1-f115-ac-contactor\\\/\",\"name\":\"WholesaleTSC1-F115 AC Contactor - TOSUNlux Official Site - Electrical Circuit Breaker Manufacturer in China Low Voltage Electrical Supplier | TOSUNlux\",\"isPartOf\":{\"@id\":\"https:\\\/\\\/www.tosunlux.eu\\\/ru\\\/#website\"},\"datePublished\":\"2022-05-12T07:03:17+00:00\",\"dateModified\":\"2023-09-13T01:36:51+00:00\",\"description\":\"TSC1-F115 AC Contactor Supplier - Wholesale direct from TOSUNlux, a trusted manufacturer since 1994. Get your B2B factory quote on our certified Low Voltage electrical products.\",\"breadcrumb\":{\"@id\":\"https:\\\/\\\/www.tosunlux.eu\\\/pt\\\/products\\\/tsc1-f115-ac-contactor\\\/#breadcrumb\"},\"inLanguage\":\"fr-FR\",\"potentialAction\":[{\"@type\":\"ReadAction\",\"target\":[\"https:\\\/\\\/www.tosunlux.eu\\\/pt\\\/products\\\/tsc1-f115-ac-contactor\\\/\"]}]},{\"@type\":\"BreadcrumbList\",\"@id\":\"https:\\\/\\\/www.tosunlux.eu\\\/pt\\\/products\\\/tsc1-f115-ac-contactor\\\/#breadcrumb\",\"itemListElement\":[{\"@type\":\"ListItem\",\"position\":1,\"name\":\"Home\",\"item\":\"https:\\\/\\\/www.tosunlux.eu\\\/ru\\\/\"},{\"@type\":\"ListItem\",\"position\":2,\"name\":\"Products\",\"item\":\"https:\\\/\\\/www.tosunlux.eu\\\/products\\\/\"},{\"@type\":\"ListItem\",\"position\":3,\"name\":\"TSC1-F115 AC Contactor\"}]},{\"@type\":\"WebSite\",\"@id\":\"https:\\\/\\\/www.tosunlux.eu\\\/ru\\\/#website\",\"url\":\"https:\\\/\\\/www.tosunlux.eu\\\/ru\\\/\",\"name\":\"TOSUNlux Official Site - Electrical Circuit Breaker Manufacturer in China\",\"description\":\"Power Distribution System Supplier\",\"publisher\":{\"@id\":\"https:\\\/\\\/www.tosunlux.eu\\\/ru\\\/#organization\"},\"alternateName\":\"TOSUNlux\",\"potentialAction\":[{\"@type\":\"SearchAction\",\"target\":{\"@type\":\"EntryPoint\",\"urlTemplate\":\"https:\\\/\\\/www.tosunlux.eu\\\/ru\\\/?s={search_term_string}\"},\"query-input\":{\"@type\":\"PropertyValueSpecification\",\"valueRequired\":true,\"valueName\":\"search_term_string\"}}],\"inLanguage\":\"fr-FR\"},{\"@type\":\"Organization\",\"@id\":\"https:\\\/\\\/www.tosunlux.eu\\\/ru\\\/#organization\",\"name\":\"TOSUNlux\",\"url\":\"https:\\\/\\\/www.tosunlux.eu\\\/ru\\\/\",\"logo\":{\"@type\":\"ImageObject\",\"inLanguage\":\"fr-FR\",\"@id\":\"https:\\\/\\\/www.tosunlux.eu\\\/ru\\\/#\\\/schema\\\/logo\\\/image\\\/\",\"url\":\"https:\\\/\\\/www.tosunlux.eu\\\/wp-content\\\/uploads\\\/2022\\\/01\\\/LOGOSYSM.71762f1.png\",\"contentUrl\":\"https:\\\/\\\/www.tosunlux.eu\\\/wp-content\\\/uploads\\\/2022\\\/01\\\/LOGOSYSM.71762f1.png\",\"width\":153,\"height\":55,\"caption\":\"TOSUNlux\"},\"image\":{\"@id\":\"https:\\\/\\\/www.tosunlux.eu\\\/ru\\\/#\\\/schema\\\/logo\\\/image\\\/\"},\"sameAs\":[\"https:\\\/\\\/www.facebook.com\\\/TOSUNelectric\\\/\",\"https:\\\/\\\/www.linkedin.com\\\/company\\\/wenzhou-tosun-electric-co.-ltd\\\/\"]}]}<\/script>\n<!-- \/ Yoast SEO plugin. -->","yoast_head_json":{"title":"Contacteur CA TSC1-F115 en gros - Site officiel TOSUNlux - Fabricant de disjoncteurs \u00e9lectriques en Chine Fournisseur d&#039;\u00e9quipements \u00e9lectriques basse tension | TOSUNlux","description":"Fournisseur de contacteurs CA TSC1-F115 - Vente en gros directement aupr\u00e8s de TOSUNlux, un fabricant de confiance depuis 1994. Obtenez votre devis d&#039;usine B2B sur nos produits \u00e9lectriques basse tension certifi\u00e9s.","robots":{"index":"index","follow":"follow","max-snippet":"max-snippet:-1","max-image-preview":"max-image-preview:large","max-video-preview":"max-video-preview:-1"},"canonical":"https:\/\/www.tosunlux.eu\/fr\/products\/tsc1-f115-ac-contactor\/","og_locale":"fr_FR","og_type":"article","og_title":"WholesaleTSC1-F115 AC Contactor - TOSUNlux Official Site - Electrical Circuit Breaker Manufacturer in China Low Voltage Electrical Supplier | TOSUNlux","og_description":"TSC1-F115 AC Contactor Supplier - Wholesale direct from TOSUNlux, a trusted manufacturer since 1994. Get your B2B factory quote on our certified Low Voltage electrical products.","og_url":"https:\/\/www.tosunlux.eu\/fr\/products\/tsc1-f115-ac-contactor\/","og_site_name":"TOSUNlux Official Site - Electrical Circuit Breaker Manufacturer in China","article_publisher":"https:\/\/www.facebook.com\/TOSUNelectric\/","article_modified_time":"2023-09-13T01:36:51+00:00","og_image":[{"width":1500,"height":940,"url":"https:\/\/www.tosunlux.eu\/wp-content\/uploads\/2023\/04\/DSC08160_\u526f\u672c.jpg","type":"image\/jpeg"}],"twitter_card":"summary_large_image","twitter_misc":{"Dur\u00e9e de lecture estim\u00e9e":"1 minute"},"schema":{"@context":"https:\/\/schema.org","@graph":[{"@type":"WebPage","@id":"https:\/\/www.tosunlux.eu\/pt\/products\/tsc1-f115-ac-contactor\/","url":"https:\/\/www.tosunlux.eu\/pt\/products\/tsc1-f115-ac-contactor\/","name":"Contacteur CA TSC1-F115 en gros - Site officiel TOSUNlux - Fabricant de disjoncteurs \u00e9lectriques en Chine Fournisseur d&#039;\u00e9quipements \u00e9lectriques basse tension | TOSUNlux","isPartOf":{"@id":"https:\/\/www.tosunlux.eu\/ru\/#website"},"datePublished":"2022-05-12T07:03:17+00:00","dateModified":"2023-09-13T01:36:51+00:00","description":"Fournisseur de contacteurs CA TSC1-F115 - Vente en gros directement aupr\u00e8s de TOSUNlux, un fabricant de confiance depuis 1994. Obtenez votre devis d&#039;usine B2B sur nos produits \u00e9lectriques basse tension certifi\u00e9s.","breadcrumb":{"@id":"https:\/\/www.tosunlux.eu\/pt\/products\/tsc1-f115-ac-contactor\/#breadcrumb"},"inLanguage":"fr-FR","potentialAction":[{"@type":"ReadAction","target":["https:\/\/www.tosunlux.eu\/pt\/products\/tsc1-f115-ac-contactor\/"]}]},{"@type":"BreadcrumbList","@id":"https:\/\/www.tosunlux.eu\/pt\/products\/tsc1-f115-ac-contactor\/#breadcrumb","itemListElement":[{"@type":"ListItem","position":1,"name":"Home","item":"https:\/\/www.tosunlux.eu\/ru\/"},{"@type":"ListItem","position":2,"name":"Products","item":"https:\/\/www.tosunlux.eu\/products\/"},{"@type":"ListItem","position":3,"name":"TSC1-F115 AC Contactor"}]},{"@type":"WebSite","@id":"https:\/\/www.tosunlux.eu\/ru\/#website","url":"https:\/\/www.tosunlux.eu\/ru\/","name":"Site officiel TOSUNlux - Fabricant de disjoncteurs \u00e9lectriques en Chine","description":"Fournisseur de syst\u00e8me de distribution d&#039;\u00e9nergie","publisher":{"@id":"https:\/\/www.tosunlux.eu\/ru\/#organization"},"alternateName":"TOSUNlux","potentialAction":[{"@type":"SearchAction","target":{"@type":"EntryPoint","urlTemplate":"https:\/\/www.tosunlux.eu\/ru\/?s={search_term_string}"},"query-input":{"@type":"PropertyValueSpecification","valueRequired":true,"valueName":"search_term_string"}}],"inLanguage":"fr-FR"},{"@type":"Organization","@id":"https:\/\/www.tosunlux.eu\/ru\/#organization","name":"TOSUNlux","url":"https:\/\/www.tosunlux.eu\/ru\/","logo":{"@type":"ImageObject","inLanguage":"fr-FR","@id":"https:\/\/www.tosunlux.eu\/ru\/#\/schema\/logo\/image\/","url":"https:\/\/www.tosunlux.eu\/wp-content\/uploads\/2022\/01\/LOGOSYSM.71762f1.png","contentUrl":"https:\/\/www.tosunlux.eu\/wp-content\/uploads\/2022\/01\/LOGOSYSM.71762f1.png","width":153,"height":55,"caption":"TOSUNlux"},"image":{"@id":"https:\/\/www.tosunlux.eu\/ru\/#\/schema\/logo\/image\/"},"sameAs":["https:\/\/www.facebook.com\/TOSUNelectric\/","https:\/\/www.linkedin.com\/company\/wenzhou-tosun-electric-co.-ltd\/"]}]}},"_links":{"self":[{"href":"https:\/\/www.tosunlux.eu\/fr\/wp-json\/wp\/v2\/product\/2595","targetHints":{"allow":["GET"]}}],"collection":[{"href":"https:\/\/www.tosunlux.eu\/fr\/wp-json\/wp\/v2\/product"}],"about":[{"href":"https:\/\/www.tosunlux.eu\/fr\/wp-json\/wp\/v2\/types\/product"}],"version-history":[{"count":1,"href":"https:\/\/www.tosunlux.eu\/fr\/wp-json\/wp\/v2\/product\/2595\/revisions"}],"predecessor-version":[{"id":7999,"href":"https:\/\/www.tosunlux.eu\/fr\/wp-json\/wp\/v2\/product\/2595\/revisions\/7999"}],"wp:attachment":[{"href":"https:\/\/www.tosunlux.eu\/fr\/wp-json\/wp\/v2\/media?parent=2595"}],"wp:term":[{"taxonomy":"product_category","embeddable":true,"href":"https:\/\/www.tosunlux.eu\/fr\/wp-json\/wp\/v2\/product_category?post=2595"}],"curies":[{"name":"wp","href":"https:\/\/api.w.org\/{rel}","templated":true}]}}