{"id":2635,"date":"2022-05-12T16:51:11","date_gmt":"2022-05-12T08:51:11","guid":{"rendered":"https:\/\/www.tosunlux.eu\/?post_type=product&#038;p=2635"},"modified":"2024-03-27T15:39:49","modified_gmt":"2024-03-27T07:39:49","slug":"tsr2-d-thermal-overload-relay","status":"publish","type":"product","link":"https:\/\/www.tosunlux.eu\/fr\/products\/tsr2-d-thermal-overload-relay\/","title":{"rendered":"Relais de surcharge thermique TSR2-D"},"content":{"rendered":"<p><strong>Application<\/strong><\/p>\n\n\n\n<p><\/p>\n\n\n\n<p>Cette s\u00e9rie de relais de surcharge thermique peut \u00eatre utilis\u00e9e dans le circuit de 50Hz ou 60Hz, \u00e9valu\u00e9<br>tension d&#039;isolation 660V, courant nominal 0.1-93A pour prot\u00e9ger la coupure de phase lorsque le<br>le moteur \u00e9lectrique est en surcharge.<br>Le relais a un m\u00e9canisme et une compensation de temp\u00e9rature diff\u00e9rents et peut \u00eatre branch\u00e9 sur un contacteur AC s\u00e9rie TSC-D ou TSC1-D. C&#039;est le relais thermique le plus avanc\u00e9 des ann\u00e9es 90 au monde. Les produits sont conformes \u00e0 la norme CEI 60947-5.<\/p>\n\n\n\n<p><\/p>\n\n\n\n<p><strong>Caract\u00e9ristiques<\/strong><\/p>\n\n\n\n<p><\/p>\n\n\n\n<p>un. Param\u00e8tre fondamental du circuit principal<br>(un). Tension d&#039;isolation nominale 660V.<br>(b). Courant de travail nominal 25,36,93A s\u00e9par\u00e9ment.<br>(c). Le sceau du r\u00e9gulateur du courant de r\u00e9glage nominal.<br>(d). Courant des composants Thermique (voir liste 1)<br>b. Circuit auxiliaire<br>(un). Il y a une paire de contacts N\/O et N\/C avec isolation \u00e9lectrique.<br>(b). Tension d&#039;isolation nominale 500V.<br>(c). Fr\u00e9quence nominale 50-60Hz.<br>(d). Utilisez le groupe, la tension de fonctionnement nominale, nommez le courant thermique et le courant nominal.<\/p>\n\n\n\n<p><\/p>\n\n\n\n<p><strong>sp\u00e9cification<\/strong><\/p>\n\n\n\n<p><\/p>\n\n\n\n<p><\/p>\n\n\n<table style=\"border-collapse: collapse; width: 770px; height: 1189px;\" border=\"0\" width=\"256\" cellspacing=\"0\" cellpadding=\"0\">\n<tbody>\n<tr style=\"height: 38.25pt;\">\n<td class=\"et1\" style=\"height: 114.75pt; width: 48.00pt;\" rowspan=\"2\" width=\"64\" height=\"153\">Mod\u00e8le<\/td>\n<td class=\"et1\" style=\"width: 96.00pt;\" colspan=\"2\" rowspan=\"2\" width=\"128\">Courant de travail nominal<\/td>\n<td class=\"et1\" style=\"width: 48.00pt;\" width=\"64\">Composant thermique<\/td>\n<\/tr>\n<tr style=\"height: 76.50pt;\">\n<td class=\"et1\" style=\"width: 48.00pt;\" width=\"64\">Courant nominal R\u00e9gulier ou \u00e9chelle de<br>(A) courant nominal(A)<\/td>\n<\/tr>\n<tr style=\"height: 25.50pt;\">\n<td class=\"et1\" style=\"height: 357pt; width: 48pt; text-align: center;\" rowspan=\"14\" width=\"64\" height=\"476\">TSR2-D13<\/td>\n<td class=\"et1\" style=\"width: 48pt; text-align: center;\" rowspan=\"14\" width=\"64\">25A<\/td>\n<td class=\"et1\" style=\"width: 48pt; text-align: center;\" width=\"64\">1301<\/td>\n<td class=\"et1\" style=\"width: 48pt; text-align: center;\" width=\"64\">0.16 0.10-0.16<\/td>\n<\/tr>\n<tr style=\"height: 25.50pt;\">\n<td class=\"et1\" style=\"width: 48pt; text-align: center;\" width=\"64\">1302<\/td>\n<td class=\"et1\" style=\"width: 48pt; text-align: center;\" width=\"64\">0.25 0.16-0.25<\/td>\n<\/tr>\n<tr style=\"height: 25.50pt;\">\n<td class=\"et1\" style=\"width: 48pt; text-align: center;\" width=\"64\">1303<\/td>\n<td class=\"et1\" style=\"width: 48pt; text-align: center;\" width=\"64\">0.40 0.25-0.40<\/td>\n<\/tr>\n<tr style=\"height: 25.50pt;\">\n<td class=\"et1\" style=\"width: 48pt; text-align: center;\" width=\"64\">1304<\/td>\n<td class=\"et1\" style=\"width: 48pt; text-align: center;\" width=\"64\">0.63 0.40-0.63<\/td>\n<\/tr>\n<tr style=\"height: 25.50pt;\">\n<td class=\"et1\" style=\"width: 48pt; text-align: center;\" width=\"64\">1305<\/td>\n<td class=\"et1\" style=\"width: 48pt; text-align: center;\" width=\"64\">1.0 0.63-1.0<\/td>\n<\/tr>\n<tr style=\"height: 25.50pt;\">\n<td class=\"et1\" style=\"width: 48pt; text-align: center;\" width=\"64\">1306<\/td>\n<td class=\"et1\" style=\"width: 48pt; text-align: center;\" width=\"64\">1.6 1.0-1.6<\/td>\n<\/tr>\n<tr style=\"height: 25.50pt;\">\n<td class=\"et1\" style=\"width: 48pt; text-align: center;\" width=\"64\">1307<\/td>\n<td class=\"et1\" style=\"width: 48pt; text-align: center;\" width=\"64\">2.5 1.6-2.5<\/td>\n<\/tr>\n<tr style=\"height: 25.50pt;\">\n<td class=\"et1\" style=\"width: 48pt; text-align: center;\" width=\"64\">1308<\/td>\n<td class=\"et1\" style=\"width: 48pt; text-align: center;\" width=\"64\">4.0 2.5-4.0<\/td>\n<\/tr>\n<tr style=\"height: 25.50pt;\">\n<td class=\"et1\" style=\"width: 48pt; text-align: center;\" width=\"64\">1310<\/td>\n<td class=\"et1\" style=\"width: 48pt; text-align: center;\" width=\"64\">6.0 4.0-6.0<\/td>\n<\/tr>\n<tr style=\"height: 25.50pt;\">\n<td class=\"et1\" style=\"width: 48pt; text-align: center;\" width=\"64\">1312<\/td>\n<td class=\"et1\" style=\"width: 48pt; text-align: center;\" width=\"64\">8.0 5.5-8.0<\/td>\n<\/tr>\n<tr style=\"height: 25.50pt;\">\n<td class=\"et1\" style=\"width: 48pt; text-align: center;\" width=\"64\">1314<\/td>\n<td class=\"et1\" style=\"width: 48pt; text-align: center;\" width=\"64\">10.0 7.0-10.0<\/td>\n<\/tr>\n<tr style=\"height: 25.50pt;\">\n<td class=\"et1\" style=\"width: 48pt; text-align: center;\" width=\"64\">1316<\/td>\n<td class=\"et1\" style=\"width: 48pt; text-align: center;\" width=\"64\">13.0 9.0-13.0<\/td>\n<\/tr>\n<tr style=\"height: 25.50pt;\">\n<td class=\"et1\" style=\"width: 48pt; text-align: center;\" width=\"64\">1321<\/td>\n<td class=\"et1\" style=\"width: 48pt; text-align: center;\" width=\"64\">18.0 12.0-18.0<\/td>\n<\/tr>\n<tr style=\"height: 25.50pt;\">\n<td class=\"et1\" style=\"width: 48pt; text-align: center;\" width=\"64\">1322<\/td>\n<td class=\"et1\" style=\"width: 48pt; text-align: center;\" width=\"64\">25.0 17.0-25.0<\/td>\n<\/tr>\n<tr style=\"height: 25.50pt;\">\n<td class=\"et1\" style=\"height: 51pt; width: 48pt; text-align: center;\" rowspan=\"2\" width=\"64\" height=\"68\">TSR2-D23<\/td>\n<td class=\"et1\" style=\"width: 48pt; text-align: center;\" rowspan=\"2\" width=\"64\">36A<\/td>\n<td class=\"et1\" style=\"width: 48pt; text-align: center;\" width=\"64\">TSR2-D 2353<\/td>\n<td class=\"et1\" style=\"width: 48pt; text-align: center;\" width=\"64\">32 23.0-32.0<\/td>\n<\/tr>\n<tr style=\"height: 25.50pt;\">\n<td class=\"et1\" style=\"width: 48pt; text-align: center;\" width=\"64\">2355<\/td>\n<td class=\"et1\" style=\"width: 48pt; text-align: center;\" width=\"64\">36 28.0-36.0<\/td>\n<\/tr>\n<tr style=\"height: 25.50pt;\">\n<td class=\"et1\" style=\"height: 178.5pt; width: 48pt; text-align: center;\" rowspan=\"7\" width=\"64\" height=\"238\">TSR2-D33<\/td>\n<td class=\"et1\" style=\"width: 48pt; text-align: center;\" rowspan=\"7\" width=\"64\">93A<\/td>\n<td class=\"et1\" style=\"width: 48pt; text-align: center;\" width=\"64\">TSR2-D 3353<\/td>\n<td class=\"et1\" style=\"width: 48pt; text-align: center;\" width=\"64\">32 23.0-32.0<\/td>\n<\/tr>\n<tr style=\"height: 25.50pt;\">\n<td class=\"et1\" style=\"width: 48pt; text-align: center;\" width=\"64\">3355<\/td>\n<td class=\"et1\" style=\"width: 48pt; text-align: center;\" width=\"64\">40 30.0-40.0<\/td>\n<\/tr>\n<tr style=\"height: 25.50pt;\">\n<td class=\"et1\" style=\"width: 48pt; text-align: center;\" width=\"64\">3357<\/td>\n<td class=\"et1\" style=\"width: 48pt; text-align: center;\" width=\"64\">50 37.0-50.0<\/td>\n<\/tr>\n<tr style=\"height: 25.50pt;\">\n<td class=\"et1\" style=\"width: 48pt; text-align: center;\" width=\"64\">3359<\/td>\n<td class=\"et1\" style=\"width: 48pt; text-align: center;\" width=\"64\">65 48.0-65.0<\/td>\n<\/tr>\n<tr style=\"height: 25.50pt;\">\n<td class=\"et1\" style=\"width: 48pt; text-align: center;\" width=\"64\">3361<\/td>\n<td class=\"et1\" style=\"width: 48pt; text-align: center;\" width=\"64\">70 55.0-70.0<\/td>\n<\/tr>\n<tr style=\"height: 25.50pt;\">\n<td class=\"et1\" style=\"width: 48pt; text-align: center;\" width=\"64\">3363<\/td>\n<td class=\"et1\" style=\"width: 48pt; text-align: center;\" width=\"64\">80 63.0-80.0<\/td>\n<\/tr>\n<tr style=\"height: 25.50pt;\">\n<td class=\"et1\" style=\"width: 48pt; text-align: center;\" width=\"64\">3365<\/td>\n<td class=\"et1\" style=\"width: 48pt; text-align: center;\" width=\"64\">93 80.0-93.0<\/td>\n<\/tr>\n<\/tbody>\n<\/table>\n<p><strong>Dimension<\/strong><\/p>\n<p><\/p>\n\n\n<figure class=\"wp-block-image size-full is-resized\"><img fetchpriority=\"high\" decoding=\"async\" src=\"https:\/\/www.tosunlux.eu\/wp-content\/uploads\/2022\/05\/QQ\u622a\u56fe20220512165054.png\" alt=\"\" class=\"wp-image-2638\" width=\"492\" height=\"502\" srcset=\"https:\/\/www.tosunlux.eu\/wp-content\/uploads\/2022\/05\/QQ\u622a\u56fe20220512165054.png 474w, https:\/\/www.tosunlux.eu\/wp-content\/uploads\/2022\/05\/QQ\u622a\u56fe20220512165054-294x300.png 294w\" sizes=\"(max-width: 492px) 100vw, 492px\" \/><\/figure>\n\n\n\n<figure class=\"wp-block-image size-large is-resized\"><img decoding=\"async\" src=\"https:\/\/www.tosunlux.eu\/wp-content\/uploads\/2023\/09\/intertek-1024x348.jpg\" alt=\"\" class=\"wp-image-8091\" width=\"256\" height=\"87\" srcset=\"https:\/\/www.tosunlux.eu\/wp-content\/uploads\/2023\/09\/intertek-1024x348.jpg 1024w, https:\/\/www.tosunlux.eu\/wp-content\/uploads\/2023\/09\/intertek-300x102.jpg 300w, https:\/\/www.tosunlux.eu\/wp-content\/uploads\/2023\/09\/intertek-768x261.jpg 768w, https:\/\/www.tosunlux.eu\/wp-content\/uploads\/2023\/09\/intertek-1536x521.jpg 1536w, https:\/\/www.tosunlux.eu\/wp-content\/uploads\/2023\/09\/intertek-18x6.jpg 18w, https:\/\/www.tosunlux.eu\/wp-content\/uploads\/2023\/09\/intertek.jpg 1600w\" sizes=\"(max-width: 256px) 100vw, 256px\" \/><\/figure>","protected":false},"parent":0,"template":"","product_category":[35,90],"class_list":["post-2635","product","type-product","status-publish","hentry","product_category-industrial-control-devices","product_category-thermal-overload-relay"],"yoast_head":"<!-- This site is optimized with the Yoast SEO plugin v27.5 - https:\/\/yoast.com\/product\/yoast-seo-wordpress\/ -->\n<title>WholesaleTSR2-D Thermal Overload Relay - TOSUNlux Official Site - Electrical Circuit Breaker Manufacturer in China Low Voltage Electrical Supplier | TOSUNlux<\/title>\n<meta name=\"description\" content=\"TSR2-D Thermal Overload Relay Supplier - Wholesale direct from TOSUNlux, a trusted manufacturer since 1994. Get your B2B factory quote on our certified Low Voltage electrical products.\" \/>\n<meta name=\"robots\" content=\"index, follow, max-snippet:-1, max-image-preview:large, max-video-preview:-1\" \/>\n<link rel=\"canonical\" href=\"https:\/\/www.tosunlux.eu\/fr\/products\/tsr2-d-thermal-overload-relay\/\" \/>\n<meta property=\"og:locale\" content=\"fr_FR\" \/>\n<meta property=\"og:type\" content=\"article\" \/>\n<meta property=\"og:title\" content=\"WholesaleTSR2-D Thermal Overload Relay - TOSUNlux Official Site - Electrical Circuit Breaker Manufacturer in China Low Voltage Electrical Supplier | TOSUNlux\" \/>\n<meta property=\"og:description\" content=\"TSR2-D Thermal Overload Relay Supplier - Wholesale direct from TOSUNlux, a trusted manufacturer since 1994. Get your B2B factory quote on our certified Low Voltage electrical products.\" \/>\n<meta property=\"og:url\" content=\"https:\/\/www.tosunlux.eu\/fr\/products\/tsr2-d-thermal-overload-relay\/\" \/>\n<meta property=\"og:site_name\" content=\"TOSUNlux Official Site - Electrical Circuit Breaker Manufacturer in China\" \/>\n<meta property=\"article:publisher\" content=\"https:\/\/www.facebook.com\/TOSUNelectric\/\" \/>\n<meta property=\"article:modified_time\" content=\"2024-03-27T07:39:49+00:00\" \/>\n<meta property=\"og:image\" content=\"https:\/\/www.tosunlux.eu\/wp-content\/uploads\/2023\/09\/intertek-1024x348.jpg\" \/>\n<meta name=\"twitter:card\" content=\"summary_large_image\" \/>\n<meta name=\"twitter:label1\" content=\"Dur\u00e9e de lecture estim\u00e9e\" \/>\n\t<meta name=\"twitter:data1\" content=\"2 minutes\" \/>\n<script type=\"application\/ld+json\" class=\"yoast-schema-graph\">{\"@context\":\"https:\\\/\\\/schema.org\",\"@graph\":[{\"@type\":\"WebPage\",\"@id\":\"https:\\\/\\\/www.tosunlux.eu\\\/ar\\\/products\\\/tsr2-d-thermal-overload-relay\\\/\",\"url\":\"https:\\\/\\\/www.tosunlux.eu\\\/ar\\\/products\\\/tsr2-d-thermal-overload-relay\\\/\",\"name\":\"WholesaleTSR2-D Thermal Overload Relay - TOSUNlux Official Site - Electrical Circuit Breaker Manufacturer in China Low Voltage Electrical Supplier | TOSUNlux\",\"isPartOf\":{\"@id\":\"https:\\\/\\\/www.tosunlux.eu\\\/ru\\\/#website\"},\"primaryImageOfPage\":{\"@id\":\"https:\\\/\\\/www.tosunlux.eu\\\/ar\\\/products\\\/tsr2-d-thermal-overload-relay\\\/#primaryimage\"},\"image\":{\"@id\":\"https:\\\/\\\/www.tosunlux.eu\\\/ar\\\/products\\\/tsr2-d-thermal-overload-relay\\\/#primaryimage\"},\"thumbnailUrl\":\"https:\\\/\\\/www.tosunlux.eu\\\/wp-content\\\/uploads\\\/2023\\\/09\\\/intertek-1024x348.jpg\",\"datePublished\":\"2022-05-12T08:51:11+00:00\",\"dateModified\":\"2024-03-27T07:39:49+00:00\",\"description\":\"TSR2-D Thermal Overload Relay Supplier - Wholesale direct from TOSUNlux, a trusted manufacturer since 1994. Get your B2B factory quote on our certified Low Voltage electrical products.\",\"breadcrumb\":{\"@id\":\"https:\\\/\\\/www.tosunlux.eu\\\/ar\\\/products\\\/tsr2-d-thermal-overload-relay\\\/#breadcrumb\"},\"inLanguage\":\"fr-FR\",\"potentialAction\":[{\"@type\":\"ReadAction\",\"target\":[\"https:\\\/\\\/www.tosunlux.eu\\\/ar\\\/products\\\/tsr2-d-thermal-overload-relay\\\/\"]}]},{\"@type\":\"ImageObject\",\"inLanguage\":\"fr-FR\",\"@id\":\"https:\\\/\\\/www.tosunlux.eu\\\/ar\\\/products\\\/tsr2-d-thermal-overload-relay\\\/#primaryimage\",\"url\":\"https:\\\/\\\/www.tosunlux.eu\\\/wp-content\\\/uploads\\\/2023\\\/09\\\/intertek-1024x348.jpg\",\"contentUrl\":\"https:\\\/\\\/www.tosunlux.eu\\\/wp-content\\\/uploads\\\/2023\\\/09\\\/intertek-1024x348.jpg\"},{\"@type\":\"BreadcrumbList\",\"@id\":\"https:\\\/\\\/www.tosunlux.eu\\\/ar\\\/products\\\/tsr2-d-thermal-overload-relay\\\/#breadcrumb\",\"itemListElement\":[{\"@type\":\"ListItem\",\"position\":1,\"name\":\"Home\",\"item\":\"https:\\\/\\\/www.tosunlux.eu\\\/ru\\\/\"},{\"@type\":\"ListItem\",\"position\":2,\"name\":\"Products\",\"item\":\"https:\\\/\\\/www.tosunlux.eu\\\/products\\\/\"},{\"@type\":\"ListItem\",\"position\":3,\"name\":\"TSR2-D Thermal Overload Relay\"}]},{\"@type\":\"WebSite\",\"@id\":\"https:\\\/\\\/www.tosunlux.eu\\\/ru\\\/#website\",\"url\":\"https:\\\/\\\/www.tosunlux.eu\\\/ru\\\/\",\"name\":\"TOSUNlux Official Site - Electrical Circuit Breaker Manufacturer in China\",\"description\":\"Power Distribution System Supplier\",\"publisher\":{\"@id\":\"https:\\\/\\\/www.tosunlux.eu\\\/ru\\\/#organization\"},\"alternateName\":\"TOSUNlux\",\"potentialAction\":[{\"@type\":\"SearchAction\",\"target\":{\"@type\":\"EntryPoint\",\"urlTemplate\":\"https:\\\/\\\/www.tosunlux.eu\\\/ru\\\/?s={search_term_string}\"},\"query-input\":{\"@type\":\"PropertyValueSpecification\",\"valueRequired\":true,\"valueName\":\"search_term_string\"}}],\"inLanguage\":\"fr-FR\"},{\"@type\":\"Organization\",\"@id\":\"https:\\\/\\\/www.tosunlux.eu\\\/ru\\\/#organization\",\"name\":\"TOSUNlux\",\"url\":\"https:\\\/\\\/www.tosunlux.eu\\\/ru\\\/\",\"logo\":{\"@type\":\"ImageObject\",\"inLanguage\":\"fr-FR\",\"@id\":\"https:\\\/\\\/www.tosunlux.eu\\\/ru\\\/#\\\/schema\\\/logo\\\/image\\\/\",\"url\":\"https:\\\/\\\/www.tosunlux.eu\\\/wp-content\\\/uploads\\\/2022\\\/01\\\/LOGOSYSM.71762f1.png\",\"contentUrl\":\"https:\\\/\\\/www.tosunlux.eu\\\/wp-content\\\/uploads\\\/2022\\\/01\\\/LOGOSYSM.71762f1.png\",\"width\":153,\"height\":55,\"caption\":\"TOSUNlux\"},\"image\":{\"@id\":\"https:\\\/\\\/www.tosunlux.eu\\\/ru\\\/#\\\/schema\\\/logo\\\/image\\\/\"},\"sameAs\":[\"https:\\\/\\\/www.facebook.com\\\/TOSUNelectric\\\/\",\"https:\\\/\\\/www.linkedin.com\\\/company\\\/wenzhou-tosun-electric-co.-ltd\\\/\"]}]}<\/script>\n<!-- \/ Yoast SEO plugin. -->","yoast_head_json":{"title":"Relais de surcharge thermique TSR2-D en gros - Site officiel TOSUNlux - Fabricant de disjoncteurs \u00e9lectriques en Chine Fournisseur d&#039;\u00e9quipements \u00e9lectriques basse tension | TOSUNlux","description":"Fournisseur de relais de surcharge thermique TSR2-D - Vente en gros directement aupr\u00e8s de TOSUNlux, un fabricant de confiance depuis 1994. Obtenez votre devis d&#039;usine B2B sur nos produits \u00e9lectriques basse tension certifi\u00e9s.","robots":{"index":"index","follow":"follow","max-snippet":"max-snippet:-1","max-image-preview":"max-image-preview:large","max-video-preview":"max-video-preview:-1"},"canonical":"https:\/\/www.tosunlux.eu\/fr\/products\/tsr2-d-thermal-overload-relay\/","og_locale":"fr_FR","og_type":"article","og_title":"WholesaleTSR2-D Thermal Overload Relay - TOSUNlux Official Site - Electrical Circuit Breaker Manufacturer in China Low Voltage Electrical Supplier | TOSUNlux","og_description":"TSR2-D Thermal Overload Relay Supplier - Wholesale direct from TOSUNlux, a trusted manufacturer since 1994. Get your B2B factory quote on our certified Low Voltage electrical products.","og_url":"https:\/\/www.tosunlux.eu\/fr\/products\/tsr2-d-thermal-overload-relay\/","og_site_name":"TOSUNlux Official Site - Electrical Circuit Breaker Manufacturer in China","article_publisher":"https:\/\/www.facebook.com\/TOSUNelectric\/","article_modified_time":"2024-03-27T07:39:49+00:00","og_image":[{"url":"https:\/\/www.tosunlux.eu\/wp-content\/uploads\/2023\/09\/intertek-1024x348.jpg","type":"","width":"","height":""}],"twitter_card":"summary_large_image","twitter_misc":{"Dur\u00e9e de lecture estim\u00e9e":"2 minutes"},"schema":{"@context":"https:\/\/schema.org","@graph":[{"@type":"WebPage","@id":"https:\/\/www.tosunlux.eu\/ar\/products\/tsr2-d-thermal-overload-relay\/","url":"https:\/\/www.tosunlux.eu\/ar\/products\/tsr2-d-thermal-overload-relay\/","name":"Relais de surcharge thermique TSR2-D en gros - Site officiel TOSUNlux - Fabricant de disjoncteurs \u00e9lectriques en Chine Fournisseur d&#039;\u00e9quipements \u00e9lectriques basse tension | TOSUNlux","isPartOf":{"@id":"https:\/\/www.tosunlux.eu\/ru\/#website"},"primaryImageOfPage":{"@id":"https:\/\/www.tosunlux.eu\/ar\/products\/tsr2-d-thermal-overload-relay\/#primaryimage"},"image":{"@id":"https:\/\/www.tosunlux.eu\/ar\/products\/tsr2-d-thermal-overload-relay\/#primaryimage"},"thumbnailUrl":"https:\/\/www.tosunlux.eu\/wp-content\/uploads\/2023\/09\/intertek-1024x348.jpg","datePublished":"2022-05-12T08:51:11+00:00","dateModified":"2024-03-27T07:39:49+00:00","description":"Fournisseur de relais de surcharge thermique TSR2-D - Vente en gros directement aupr\u00e8s de TOSUNlux, un fabricant de confiance depuis 1994. Obtenez votre devis d&#039;usine B2B sur nos produits \u00e9lectriques basse tension certifi\u00e9s.","breadcrumb":{"@id":"https:\/\/www.tosunlux.eu\/ar\/products\/tsr2-d-thermal-overload-relay\/#breadcrumb"},"inLanguage":"fr-FR","potentialAction":[{"@type":"ReadAction","target":["https:\/\/www.tosunlux.eu\/ar\/products\/tsr2-d-thermal-overload-relay\/"]}]},{"@type":"ImageObject","inLanguage":"fr-FR","@id":"https:\/\/www.tosunlux.eu\/ar\/products\/tsr2-d-thermal-overload-relay\/#primaryimage","url":"https:\/\/www.tosunlux.eu\/wp-content\/uploads\/2023\/09\/intertek-1024x348.jpg","contentUrl":"https:\/\/www.tosunlux.eu\/wp-content\/uploads\/2023\/09\/intertek-1024x348.jpg"},{"@type":"BreadcrumbList","@id":"https:\/\/www.tosunlux.eu\/ar\/products\/tsr2-d-thermal-overload-relay\/#breadcrumb","itemListElement":[{"@type":"ListItem","position":1,"name":"Home","item":"https:\/\/www.tosunlux.eu\/ru\/"},{"@type":"ListItem","position":2,"name":"Products","item":"https:\/\/www.tosunlux.eu\/products\/"},{"@type":"ListItem","position":3,"name":"TSR2-D Thermal Overload Relay"}]},{"@type":"WebSite","@id":"https:\/\/www.tosunlux.eu\/ru\/#website","url":"https:\/\/www.tosunlux.eu\/ru\/","name":"Site officiel TOSUNlux - Fabricant de disjoncteurs \u00e9lectriques en Chine","description":"Fournisseur de syst\u00e8me de distribution d&#039;\u00e9nergie","publisher":{"@id":"https:\/\/www.tosunlux.eu\/ru\/#organization"},"alternateName":"TOSUNlux","potentialAction":[{"@type":"SearchAction","target":{"@type":"EntryPoint","urlTemplate":"https:\/\/www.tosunlux.eu\/ru\/?s={search_term_string}"},"query-input":{"@type":"PropertyValueSpecification","valueRequired":true,"valueName":"search_term_string"}}],"inLanguage":"fr-FR"},{"@type":"Organization","@id":"https:\/\/www.tosunlux.eu\/ru\/#organization","name":"TOSUNlux","url":"https:\/\/www.tosunlux.eu\/ru\/","logo":{"@type":"ImageObject","inLanguage":"fr-FR","@id":"https:\/\/www.tosunlux.eu\/ru\/#\/schema\/logo\/image\/","url":"https:\/\/www.tosunlux.eu\/wp-content\/uploads\/2022\/01\/LOGOSYSM.71762f1.png","contentUrl":"https:\/\/www.tosunlux.eu\/wp-content\/uploads\/2022\/01\/LOGOSYSM.71762f1.png","width":153,"height":55,"caption":"TOSUNlux"},"image":{"@id":"https:\/\/www.tosunlux.eu\/ru\/#\/schema\/logo\/image\/"},"sameAs":["https:\/\/www.facebook.com\/TOSUNelectric\/","https:\/\/www.linkedin.com\/company\/wenzhou-tosun-electric-co.-ltd\/"]}]}},"_links":{"self":[{"href":"https:\/\/www.tosunlux.eu\/fr\/wp-json\/wp\/v2\/product\/2635","targetHints":{"allow":["GET"]}}],"collection":[{"href":"https:\/\/www.tosunlux.eu\/fr\/wp-json\/wp\/v2\/product"}],"about":[{"href":"https:\/\/www.tosunlux.eu\/fr\/wp-json\/wp\/v2\/types\/product"}],"version-history":[{"count":2,"href":"https:\/\/www.tosunlux.eu\/fr\/wp-json\/wp\/v2\/product\/2635\/revisions"}],"predecessor-version":[{"id":8092,"href":"https:\/\/www.tosunlux.eu\/fr\/wp-json\/wp\/v2\/product\/2635\/revisions\/8092"}],"wp:attachment":[{"href":"https:\/\/www.tosunlux.eu\/fr\/wp-json\/wp\/v2\/media?parent=2635"}],"wp:term":[{"taxonomy":"product_category","embeddable":true,"href":"https:\/\/www.tosunlux.eu\/fr\/wp-json\/wp\/v2\/product_category?post=2635"}],"curies":[{"name":"wp","href":"https:\/\/api.w.org\/{rel}","templated":true}]}}