{"id":2732,"date":"2022-05-13T17:23:39","date_gmt":"2022-05-13T09:23:39","guid":{"rendered":"https:\/\/www.tosunlux.eu\/?post_type=product&#038;p=2732"},"modified":"2022-05-13T18:01:49","modified_gmt":"2022-05-13T10:01:49","slug":"tsn2-63l-residual-current-operated-circuit-breaker-rcbo","status":"publish","type":"product","link":"https:\/\/www.tosunlux.eu\/fr\/products\/tsn2-63l-residual-current-operated-circuit-breaker-rcbo\/","title":{"rendered":"Disjoncteur \u00e0 courant r\u00e9siduel TSN2-63L (RCBO)"},"content":{"rendered":"<p><strong>Application<\/strong><\/p>\n\n\n\n<p>TSN2-63L RCBO est utilis\u00e9 dans le circuit monophas\u00e9 AC 50\/60Hz, tension nominale 240V, comme protection contre les chocs \u00e9lectroniques. Il peut prot\u00e9ger le circuit contre les surcharges et les courts-circuits. Ce produit pr\u00e9sente les avantages d&#039;un petit volume, d&#039;une capacit\u00e9 de coupure \u00e9lev\u00e9e, il coupe les fils sous tension et z\u00e9ro en m\u00eame temps. Il prot\u00e8ge \u00e9galement la personne contre les chocs \u00e9lectriques lorsque le fil sous tension est connect\u00e9 en face. Les produits sont conformes aux normes IEC61009.<\/p>\n\n\n\n<p>Les RCCB et les RCBO sont divis\u00e9s en types en fonction des fonctions de fonctionnement\u00a0:<br>Type AC : Pour lequel le d\u00e9clenchement est assur\u00e9 pour les courants alternatifs r\u00e9siduels sinuso\u00efdaux. Que ce soit soudainement appliqu\u00e9 ou lentement en hausse est arriv\u00e9.<br>Type A : Pour lequel le d\u00e9clenchement est assur\u00e9 pour les courants alternatifs r\u00e9siduels sinuso\u00efdaux et les courants continus puls\u00e9s r\u00e9siduels. Que ce soit soudainement appliqu\u00e9 ou lentement en hausse est arriv\u00e9.<\/p>\n\n\n\n<p><strong>sp\u00e9cification<\/strong><\/p>\n\n\n<table style=\"border-collapse: collapse; width: 546.02pt;\" border=\"0\" width=\"728\" cellspacing=\"0\" cellpadding=\"0\">\n<tbody>\n<tr style=\"height: 34.00pt;\">\n<td class=\"et2\" style=\"height: 34.00pt; width: 279.75pt;\" width=\"373\" height=\"45\">Mod\u00e8le<\/td>\n<td class=\"et3\" style=\"width: 266.85pt;\" width=\"355\">TSN2-63L<\/td>\n<\/tr>\n<tr style=\"height: 34.00pt;\">\n<td class=\"et2\" style=\"height: 34.00pt; width: 279.75pt;\" width=\"373\" height=\"45\">Nombre de p\u00f4les<\/td>\n<td class=\"et3\" style=\"width: 266.85pt;\" width=\"355\">1 P+N<\/td>\n<\/tr>\n<tr style=\"height: 33.00pt;\">\n<td class=\"et2\" style=\"height: 33.00pt; width: 279.75pt;\" width=\"373\" height=\"44\">Courant nominal (A)<\/td>\n<td class=\"et3\" style=\"width: 266.85pt;\" width=\"355\">6,10,16,20,25,32,40, 50,63<\/td>\n<\/tr>\n<tr style=\"height: 33.00pt;\">\n<td class=\"et2\" style=\"height: 33.00pt; width: 279.75pt;\" width=\"373\" height=\"44\">Courant de fonctionnement r\u00e9siduel nominal (I\u25b3n)(mA)<\/td>\n<td class=\"et3\" style=\"width: 266.85pt;\" width=\"355\">30<\/td>\n<\/tr>\n<tr style=\"height: 34.00pt;\">\n<td class=\"et2\" style=\"height: 34.00pt; width: 279.75pt;\" width=\"373\" height=\"45\">Courant r\u00e9siduel nominal de non-fonctionnement (l\u25b3no)(mA)<\/td>\n<td class=\"et3\" style=\"width: 266.85pt;\" width=\"355\">15<\/td>\n<\/tr>\n<tr style=\"height: 33.00pt;\">\n<td class=\"et2\" style=\"height: 33.00pt; width: 279.75pt;\" width=\"373\" height=\"44\">Taper<\/td>\n<td class=\"et3\" style=\"width: 266.85pt;\" width=\"355\">CA <img decoding=\"async\" class=\"alignnone size-full wp-image-2733\" src=\"https:\/\/www.tosunlux.eu\/wp-content\/uploads\/2022\/05\/AC.jpg\" alt=\"\" width=\"48\" height=\"21\" \/>, UN <img decoding=\"async\" class=\"alignnone size-full wp-image-2734\" src=\"https:\/\/www.tosunlux.eu\/wp-content\/uploads\/2022\/05\/A.jpg\" alt=\"\" width=\"48\" height=\"21\" \/><\/td>\n<\/tr>\n<tr style=\"height: 34.00pt;\">\n<td class=\"et2\" style=\"height: 34.00pt; width: 279.75pt;\" width=\"373\" height=\"45\">Tension nominale (V)<\/td>\n<td class=\"et3\" style=\"width: 266.85pt;\" width=\"355\">240<\/td>\n<\/tr>\n<tr style=\"height: 32.00pt;\">\n<td class=\"et2\" style=\"height: 32.00pt; width: 279.75pt;\" width=\"373\" height=\"42\">Temps d&#039;arr\u00eat du courant r\u00e9siduel (S)<\/td>\n<td class=\"et3\" style=\"width: 266.85pt;\" width=\"355\">\u22640.1<\/td>\n<\/tr>\n<tr style=\"height: 34.00pt;\">\n<td class=\"et2\" style=\"height: 34.00pt; width: 279.75pt;\" width=\"373\" height=\"45\">Capacit\u00e9 de court-circuit (Icu) (A)<\/td>\n<td class=\"et3\" style=\"width: 266.85pt;\" width=\"355\">6000<\/td>\n<\/tr>\n<tr style=\"height: 33.00pt;\">\n<td class=\"et2\" style=\"height: 33.00pt; width: 279.75pt;\" width=\"373\" height=\"44\">Caract\u00e9ristique<\/td>\n<td class=\"et3\" style=\"width: 266.85pt;\" width=\"355\">AVANT JC<\/td>\n<\/tr>\n<tr style=\"height: 34.00pt;\">\n<td class=\"et2\" style=\"height: 34.00pt; width: 279.75pt;\" width=\"373\" height=\"45\">Degr\u00e9 de protection<\/td>\n<td class=\"et3\" style=\"width: 266.85pt;\" width=\"355\">IP20<\/td>\n<\/tr>\n<tr style=\"height: 26.00pt;\">\n<td class=\"et2\" style=\"height: 26.00pt; width: 279.75pt;\" width=\"373\" height=\"34\">C\u00e2blage sup\u00e9rieur<\/td>\n<td class=\"et3\" style=\"width: 266.85pt;\" width=\"355\"><img decoding=\"async\" class=\"alignnone  wp-image-2735\" src=\"https:\/\/www.tosunlux.eu\/wp-content\/uploads\/2022\/05\/1-16.jpg\" alt=\"\" width=\"55\" height=\"57\" \/> 1-25mm\u00b2\u00a0 <img loading=\"lazy\" decoding=\"async\" class=\"alignnone  wp-image-2747\" src=\"https:\/\/www.tosunlux.eu\/wp-content\/uploads\/2022\/05\/\u6c47\u6d41\u6392-3.jpg\" alt=\"\" width=\"175\" height=\"22\" \/><\/td>\n<\/tr>\n<\/tbody>\n<\/table>\n\n\n<p><strong>Dimensions<\/strong><\/p>\n\n\n\n<figure class=\"wp-block-image size-full\"><img loading=\"lazy\" decoding=\"async\" width=\"936\" height=\"500\" src=\"https:\/\/www.tosunlux.eu\/wp-content\/uploads\/2022\/05\/\u5c3a\u5bf8-1.jpg\" alt=\"\" class=\"wp-image-2737\" srcset=\"https:\/\/www.tosunlux.eu\/wp-content\/uploads\/2022\/05\/\u5c3a\u5bf8-1.jpg 936w, https:\/\/www.tosunlux.eu\/wp-content\/uploads\/2022\/05\/\u5c3a\u5bf8-1-300x160.jpg 300w, https:\/\/www.tosunlux.eu\/wp-content\/uploads\/2022\/05\/\u5c3a\u5bf8-1-768x410.jpg 768w\" sizes=\"(max-width: 936px) 100vw, 936px\" \/><\/figure>","protected":false},"parent":0,"template":"","product_category":[78],"class_list":["post-2732","product","type-product","status-publish","hentry","product_category-rcbo"],"yoast_head":"<!-- This site is optimized with the Yoast SEO plugin v27.5 - https:\/\/yoast.com\/product\/yoast-seo-wordpress\/ -->\n<title>WholesaleTSN2-63L Residual Current Operated Circuit Breaker (RCBO) - TOSUNlux Official Site - Electrical Circuit Breaker Manufacturer in China Low Voltage Electrical Supplier | TOSUNlux<\/title>\n<meta name=\"description\" content=\"TSN2-63L Residual Current Operated Circuit Breaker (RCBO) Supplier - Wholesale direct from TOSUNlux, a trusted manufacturer since 1994. Get your B2B factory quote on our certified Low Voltage electrical products.\" \/>\n<meta name=\"robots\" content=\"index, follow, max-snippet:-1, max-image-preview:large, max-video-preview:-1\" \/>\n<link rel=\"canonical\" href=\"https:\/\/www.tosunlux.eu\/fr\/products\/tsn2-63l-residual-current-operated-circuit-breaker-rcbo\/\" \/>\n<meta property=\"og:locale\" content=\"fr_FR\" \/>\n<meta property=\"og:type\" content=\"article\" \/>\n<meta property=\"og:title\" content=\"WholesaleTSN2-63L Residual Current Operated Circuit Breaker (RCBO) - TOSUNlux Official Site - Electrical Circuit Breaker Manufacturer in China Low Voltage Electrical Supplier | TOSUNlux\" \/>\n<meta property=\"og:description\" content=\"TSN2-63L Residual Current Operated Circuit Breaker (RCBO) Supplier - Wholesale direct from TOSUNlux, a trusted manufacturer since 1994. Get your B2B factory quote on our certified Low Voltage electrical products.\" \/>\n<meta property=\"og:url\" content=\"https:\/\/www.tosunlux.eu\/fr\/products\/tsn2-63l-residual-current-operated-circuit-breaker-rcbo\/\" \/>\n<meta property=\"og:site_name\" content=\"TOSUNlux Official Site - Electrical Circuit Breaker Manufacturer in China\" \/>\n<meta property=\"article:publisher\" content=\"https:\/\/www.facebook.com\/TOSUNelectric\/\" \/>\n<meta property=\"article:modified_time\" content=\"2022-05-13T10:01:49+00:00\" \/>\n<meta property=\"og:image\" content=\"https:\/\/www.tosunlux.eu\/wp-content\/uploads\/2022\/05\/AC.jpg\" \/>\n<meta name=\"twitter:card\" content=\"summary_large_image\" \/>\n<meta name=\"twitter:label1\" content=\"Dur\u00e9e de lecture estim\u00e9e\" \/>\n\t<meta name=\"twitter:data1\" content=\"2 minutes\" \/>\n<script type=\"application\/ld+json\" class=\"yoast-schema-graph\">{\"@context\":\"https:\\\/\\\/schema.org\",\"@graph\":[{\"@type\":\"WebPage\",\"@id\":\"https:\\\/\\\/www.tosunlux.eu\\\/products\\\/tsn2-63l-residual-current-operated-circuit-breaker-rcbo\\\/\",\"url\":\"https:\\\/\\\/www.tosunlux.eu\\\/products\\\/tsn2-63l-residual-current-operated-circuit-breaker-rcbo\\\/\",\"name\":\"WholesaleTSN2-63L Residual Current Operated Circuit Breaker (RCBO) - TOSUNlux Official Site - Electrical Circuit Breaker Manufacturer in China Low Voltage Electrical Supplier | TOSUNlux\",\"isPartOf\":{\"@id\":\"https:\\\/\\\/www.tosunlux.eu\\\/ru\\\/#website\"},\"primaryImageOfPage\":{\"@id\":\"https:\\\/\\\/www.tosunlux.eu\\\/products\\\/tsn2-63l-residual-current-operated-circuit-breaker-rcbo\\\/#primaryimage\"},\"image\":{\"@id\":\"https:\\\/\\\/www.tosunlux.eu\\\/products\\\/tsn2-63l-residual-current-operated-circuit-breaker-rcbo\\\/#primaryimage\"},\"thumbnailUrl\":\"https:\\\/\\\/www.tosunlux.eu\\\/wp-content\\\/uploads\\\/2022\\\/05\\\/AC.jpg\",\"datePublished\":\"2022-05-13T09:23:39+00:00\",\"dateModified\":\"2022-05-13T10:01:49+00:00\",\"description\":\"TSN2-63L Residual Current Operated Circuit Breaker (RCBO) Supplier - Wholesale direct from TOSUNlux, a trusted manufacturer since 1994. Get your B2B factory quote on our certified Low Voltage electrical products.\",\"breadcrumb\":{\"@id\":\"https:\\\/\\\/www.tosunlux.eu\\\/products\\\/tsn2-63l-residual-current-operated-circuit-breaker-rcbo\\\/#breadcrumb\"},\"inLanguage\":\"fr-FR\",\"potentialAction\":[{\"@type\":\"ReadAction\",\"target\":[\"https:\\\/\\\/www.tosunlux.eu\\\/products\\\/tsn2-63l-residual-current-operated-circuit-breaker-rcbo\\\/\"]}]},{\"@type\":\"ImageObject\",\"inLanguage\":\"fr-FR\",\"@id\":\"https:\\\/\\\/www.tosunlux.eu\\\/products\\\/tsn2-63l-residual-current-operated-circuit-breaker-rcbo\\\/#primaryimage\",\"url\":\"https:\\\/\\\/www.tosunlux.eu\\\/wp-content\\\/uploads\\\/2022\\\/05\\\/AC.jpg\",\"contentUrl\":\"https:\\\/\\\/www.tosunlux.eu\\\/wp-content\\\/uploads\\\/2022\\\/05\\\/AC.jpg\"},{\"@type\":\"BreadcrumbList\",\"@id\":\"https:\\\/\\\/www.tosunlux.eu\\\/products\\\/tsn2-63l-residual-current-operated-circuit-breaker-rcbo\\\/#breadcrumb\",\"itemListElement\":[{\"@type\":\"ListItem\",\"position\":1,\"name\":\"Home\",\"item\":\"https:\\\/\\\/www.tosunlux.eu\\\/ru\\\/\"},{\"@type\":\"ListItem\",\"position\":2,\"name\":\"Products\",\"item\":\"https:\\\/\\\/www.tosunlux.eu\\\/products\\\/\"},{\"@type\":\"ListItem\",\"position\":3,\"name\":\"TSN2-63L Residual Current Operated Circuit Breaker (RCBO)\"}]},{\"@type\":\"WebSite\",\"@id\":\"https:\\\/\\\/www.tosunlux.eu\\\/ru\\\/#website\",\"url\":\"https:\\\/\\\/www.tosunlux.eu\\\/ru\\\/\",\"name\":\"TOSUNlux Official Site - Electrical Circuit Breaker Manufacturer in China\",\"description\":\"Power Distribution System Supplier\",\"publisher\":{\"@id\":\"https:\\\/\\\/www.tosunlux.eu\\\/ru\\\/#organization\"},\"alternateName\":\"TOSUNlux\",\"potentialAction\":[{\"@type\":\"SearchAction\",\"target\":{\"@type\":\"EntryPoint\",\"urlTemplate\":\"https:\\\/\\\/www.tosunlux.eu\\\/ru\\\/?s={search_term_string}\"},\"query-input\":{\"@type\":\"PropertyValueSpecification\",\"valueRequired\":true,\"valueName\":\"search_term_string\"}}],\"inLanguage\":\"fr-FR\"},{\"@type\":\"Organization\",\"@id\":\"https:\\\/\\\/www.tosunlux.eu\\\/ru\\\/#organization\",\"name\":\"TOSUNlux\",\"url\":\"https:\\\/\\\/www.tosunlux.eu\\\/ru\\\/\",\"logo\":{\"@type\":\"ImageObject\",\"inLanguage\":\"fr-FR\",\"@id\":\"https:\\\/\\\/www.tosunlux.eu\\\/ru\\\/#\\\/schema\\\/logo\\\/image\\\/\",\"url\":\"https:\\\/\\\/www.tosunlux.eu\\\/wp-content\\\/uploads\\\/2022\\\/01\\\/LOGOSYSM.71762f1.png\",\"contentUrl\":\"https:\\\/\\\/www.tosunlux.eu\\\/wp-content\\\/uploads\\\/2022\\\/01\\\/LOGOSYSM.71762f1.png\",\"width\":153,\"height\":55,\"caption\":\"TOSUNlux\"},\"image\":{\"@id\":\"https:\\\/\\\/www.tosunlux.eu\\\/ru\\\/#\\\/schema\\\/logo\\\/image\\\/\"},\"sameAs\":[\"https:\\\/\\\/www.facebook.com\\\/TOSUNelectric\\\/\",\"https:\\\/\\\/www.linkedin.com\\\/company\\\/wenzhou-tosun-electric-co.-ltd\\\/\"]}]}<\/script>\n<!-- \/ Yoast SEO plugin. -->","yoast_head_json":{"title":"Disjoncteur diff\u00e9rentiel TSN2-63L en gros - Site officiel TOSUNlux - Fabricant de disjoncteurs \u00e9lectriques en Chine Fournisseur de produits \u00e9lectriques basse tension | TOSUNlux","description":"Fournisseur de disjoncteurs \u00e0 courant r\u00e9siduel (RCBO) TSN2-63L - Vente en gros directement aupr\u00e8s de TOSUNlux, un fabricant de confiance depuis 1994. Obtenez votre devis d&#039;usine B2B sur nos produits \u00e9lectriques basse tension certifi\u00e9s.","robots":{"index":"index","follow":"follow","max-snippet":"max-snippet:-1","max-image-preview":"max-image-preview:large","max-video-preview":"max-video-preview:-1"},"canonical":"https:\/\/www.tosunlux.eu\/fr\/products\/tsn2-63l-residual-current-operated-circuit-breaker-rcbo\/","og_locale":"fr_FR","og_type":"article","og_title":"WholesaleTSN2-63L Residual Current Operated Circuit Breaker (RCBO) - TOSUNlux Official Site - Electrical Circuit Breaker Manufacturer in China Low Voltage Electrical Supplier | TOSUNlux","og_description":"TSN2-63L Residual Current Operated Circuit Breaker (RCBO) Supplier - Wholesale direct from TOSUNlux, a trusted manufacturer since 1994. Get your B2B factory quote on our certified Low Voltage electrical products.","og_url":"https:\/\/www.tosunlux.eu\/fr\/products\/tsn2-63l-residual-current-operated-circuit-breaker-rcbo\/","og_site_name":"TOSUNlux Official Site - Electrical Circuit Breaker Manufacturer in China","article_publisher":"https:\/\/www.facebook.com\/TOSUNelectric\/","article_modified_time":"2022-05-13T10:01:49+00:00","og_image":[{"url":"https:\/\/www.tosunlux.eu\/wp-content\/uploads\/2022\/05\/AC.jpg","type":"","width":"","height":""}],"twitter_card":"summary_large_image","twitter_misc":{"Dur\u00e9e de lecture estim\u00e9e":"2 minutes"},"schema":{"@context":"https:\/\/schema.org","@graph":[{"@type":"WebPage","@id":"https:\/\/www.tosunlux.eu\/products\/tsn2-63l-residual-current-operated-circuit-breaker-rcbo\/","url":"https:\/\/www.tosunlux.eu\/products\/tsn2-63l-residual-current-operated-circuit-breaker-rcbo\/","name":"Disjoncteur diff\u00e9rentiel TSN2-63L en gros - Site officiel TOSUNlux - Fabricant de disjoncteurs \u00e9lectriques en Chine Fournisseur de produits \u00e9lectriques basse tension | TOSUNlux","isPartOf":{"@id":"https:\/\/www.tosunlux.eu\/ru\/#website"},"primaryImageOfPage":{"@id":"https:\/\/www.tosunlux.eu\/products\/tsn2-63l-residual-current-operated-circuit-breaker-rcbo\/#primaryimage"},"image":{"@id":"https:\/\/www.tosunlux.eu\/products\/tsn2-63l-residual-current-operated-circuit-breaker-rcbo\/#primaryimage"},"thumbnailUrl":"https:\/\/www.tosunlux.eu\/wp-content\/uploads\/2022\/05\/AC.jpg","datePublished":"2022-05-13T09:23:39+00:00","dateModified":"2022-05-13T10:01:49+00:00","description":"Fournisseur de disjoncteurs \u00e0 courant r\u00e9siduel (RCBO) TSN2-63L - Vente en gros directement aupr\u00e8s de TOSUNlux, un fabricant de confiance depuis 1994. Obtenez votre devis d&#039;usine B2B sur nos produits \u00e9lectriques basse tension certifi\u00e9s.","breadcrumb":{"@id":"https:\/\/www.tosunlux.eu\/products\/tsn2-63l-residual-current-operated-circuit-breaker-rcbo\/#breadcrumb"},"inLanguage":"fr-FR","potentialAction":[{"@type":"ReadAction","target":["https:\/\/www.tosunlux.eu\/products\/tsn2-63l-residual-current-operated-circuit-breaker-rcbo\/"]}]},{"@type":"ImageObject","inLanguage":"fr-FR","@id":"https:\/\/www.tosunlux.eu\/products\/tsn2-63l-residual-current-operated-circuit-breaker-rcbo\/#primaryimage","url":"https:\/\/www.tosunlux.eu\/wp-content\/uploads\/2022\/05\/AC.jpg","contentUrl":"https:\/\/www.tosunlux.eu\/wp-content\/uploads\/2022\/05\/AC.jpg"},{"@type":"BreadcrumbList","@id":"https:\/\/www.tosunlux.eu\/products\/tsn2-63l-residual-current-operated-circuit-breaker-rcbo\/#breadcrumb","itemListElement":[{"@type":"ListItem","position":1,"name":"Home","item":"https:\/\/www.tosunlux.eu\/ru\/"},{"@type":"ListItem","position":2,"name":"Products","item":"https:\/\/www.tosunlux.eu\/products\/"},{"@type":"ListItem","position":3,"name":"TSN2-63L Residual Current Operated Circuit Breaker (RCBO)"}]},{"@type":"WebSite","@id":"https:\/\/www.tosunlux.eu\/ru\/#website","url":"https:\/\/www.tosunlux.eu\/ru\/","name":"Site officiel TOSUNlux - Fabricant de disjoncteurs \u00e9lectriques en Chine","description":"Fournisseur de syst\u00e8me de distribution d&#039;\u00e9nergie","publisher":{"@id":"https:\/\/www.tosunlux.eu\/ru\/#organization"},"alternateName":"TOSUNlux","potentialAction":[{"@type":"SearchAction","target":{"@type":"EntryPoint","urlTemplate":"https:\/\/www.tosunlux.eu\/ru\/?s={search_term_string}"},"query-input":{"@type":"PropertyValueSpecification","valueRequired":true,"valueName":"search_term_string"}}],"inLanguage":"fr-FR"},{"@type":"Organization","@id":"https:\/\/www.tosunlux.eu\/ru\/#organization","name":"TOSUNlux","url":"https:\/\/www.tosunlux.eu\/ru\/","logo":{"@type":"ImageObject","inLanguage":"fr-FR","@id":"https:\/\/www.tosunlux.eu\/ru\/#\/schema\/logo\/image\/","url":"https:\/\/www.tosunlux.eu\/wp-content\/uploads\/2022\/01\/LOGOSYSM.71762f1.png","contentUrl":"https:\/\/www.tosunlux.eu\/wp-content\/uploads\/2022\/01\/LOGOSYSM.71762f1.png","width":153,"height":55,"caption":"TOSUNlux"},"image":{"@id":"https:\/\/www.tosunlux.eu\/ru\/#\/schema\/logo\/image\/"},"sameAs":["https:\/\/www.facebook.com\/TOSUNelectric\/","https:\/\/www.linkedin.com\/company\/wenzhou-tosun-electric-co.-ltd\/"]}]}},"_links":{"self":[{"href":"https:\/\/www.tosunlux.eu\/fr\/wp-json\/wp\/v2\/product\/2732","targetHints":{"allow":["GET"]}}],"collection":[{"href":"https:\/\/www.tosunlux.eu\/fr\/wp-json\/wp\/v2\/product"}],"about":[{"href":"https:\/\/www.tosunlux.eu\/fr\/wp-json\/wp\/v2\/types\/product"}],"version-history":[{"count":0,"href":"https:\/\/www.tosunlux.eu\/fr\/wp-json\/wp\/v2\/product\/2732\/revisions"}],"wp:attachment":[{"href":"https:\/\/www.tosunlux.eu\/fr\/wp-json\/wp\/v2\/media?parent=2732"}],"wp:term":[{"taxonomy":"product_category","embeddable":true,"href":"https:\/\/www.tosunlux.eu\/fr\/wp-json\/wp\/v2\/product_category?post=2732"}],"curies":[{"name":"wp","href":"https:\/\/api.w.org\/{rel}","templated":true}]}}