{"id":2802,"date":"2022-05-14T13:48:30","date_gmt":"2022-05-14T05:48:30","guid":{"rendered":"https:\/\/www.tosunlux.eu\/?post_type=product&#038;p=2802"},"modified":"2023-06-12T13:25:06","modified_gmt":"2023-06-12T05:25:06","slug":"modular-digital-voltage-current-protector","status":"publish","type":"product","link":"https:\/\/www.tosunlux.eu\/fr\/products\/modular-digital-voltage-current-protector\/","title":{"rendered":"Protecteur de tension et de courant num\u00e9rique modulaire"},"content":{"rendered":"<p><strong>Application<\/strong><\/p>\n\n\n\n<p>Le protecteur de tension TDP2, une nouvelle g\u00e9n\u00e9ration de protecteurs d&#039;appareils m\u00e9nagers, convient aux maisons, h\u00f4tels, b\u00e2timents, dortoirs scolaires, etc., pour prot\u00e9ger la s\u00e9curit\u00e9 \u00e9lectrique des appareils et autres charges, pour \u00e9viter d&#039;endommager la charge caus\u00e9e par une charge trop \u00e9lev\u00e9e ou trop basse alimentation secteur.<\/p>\n\n\n\n<p><\/p>\n\n\n\n<p><strong>sp\u00e9cification<\/strong><\/p>\n\n\n<table style=\"border-collapse: collapse; width: 790.52pt;\" border=\"0\" width=\"1054\" cellspacing=\"0\" cellpadding=\"0\">\n<tbody>\n<tr style=\"height: 20.45pt;\">\n<td class=\"et2\" style=\"height: 20.45pt; width: 226.05pt; text-align: center;\" width=\"301\" height=\"27\">Mod\u00e8le<\/td>\n<td class=\"et2\" style=\"width: 187.8pt; text-align: center;\" width=\"250\">TDP2-1<\/td>\n<td class=\"et2\" style=\"width: 377.1pt; text-align: center;\" colspan=\"2\" width=\"502\">TDP2-3<\/td>\n<\/tr>\n<tr style=\"height: 22.50pt;\">\n<td class=\"et2\" style=\"height: 22.5pt; width: 226.05pt; text-align: center;\" width=\"301\" height=\"30\">Tension d&#039;alimentation nominale<\/td>\n<td class=\"et2\" style=\"width: 376.6pt; text-align: center;\" colspan=\"2\" width=\"502\">CA 220V<\/td>\n<td class=\"et2\" style=\"width: 188.3pt; text-align: center;\" width=\"251\">CA 380V<\/td>\n<\/tr>\n<tr style=\"height: 20.45pt;\">\n<td class=\"et2\" style=\"height: 20.45pt; width: 226.05pt; text-align: center;\" width=\"301\" height=\"27\">Plage de tension de fonctionnement<\/td>\n<td class=\"et2\" style=\"width: 187.8pt; text-align: center;\" width=\"250\">CA 80V ~ 400V (monophas\u00e9)<\/td>\n<td class=\"et2\" style=\"width: 188.8pt; text-align: center;\" width=\"251\">CA 80 ~ 400 V (triphas\u00e9)<\/td>\n<td class=\"et2\" style=\"width: 188.3pt; text-align: center;\" width=\"251\">AC140~700V (triphas\u00e9)<\/td>\n<\/tr>\n<tr style=\"height: 20.95pt;\">\n<td class=\"et2\" style=\"height: 20.95pt; width: 226.05pt; text-align: center;\" width=\"301\" height=\"27\">Plage de r\u00e9glage du courant \u00e9lectrique (&gt; A)<\/td>\n<td class=\"et2\" style=\"width: 187.8pt; text-align: center;\" width=\"250\">1 ~40\/63A<\/td>\n<td class=\"et2\" style=\"width: 188.8pt; text-align: center;\" width=\"251\">1 ~40A\/63A\/80A\/100A<\/td>\n<td class=\"et2\" style=\"width: 188.3pt; text-align: center;\" width=\"251\">1 ~40A\/63A\/80A\/100A<\/td>\n<\/tr>\n<tr style=\"height: 21.45pt;\">\n<td class=\"et2\" style=\"height: 21.45pt; width: 226.05pt; text-align: center;\" width=\"301\" height=\"28\">Plage de r\u00e9glage de surtension (&gt; U)<\/td>\n<td class=\"et2\" style=\"width: 376.6pt; text-align: center;\" colspan=\"2\" width=\"502\">230~300V<\/td>\n<td class=\"et2\" style=\"width: 188.3pt; text-align: center;\" width=\"251\">390 ~ 500v<\/td>\n<\/tr>\n<tr style=\"height: 20.95pt;\">\n<td class=\"et2\" style=\"height: 20.95pt; width: 226.05pt; text-align: center;\" width=\"301\" height=\"27\">Sous-tension( &lt;U)setting Range<\/td>\n<td class=\"et2\" style=\"width: 376.6pt; text-align: center;\" colspan=\"2\" width=\"502\">210~140V<\/td>\n<td class=\"et2\" style=\"width: 188.3pt; text-align: center;\" width=\"251\">370~260V<\/td>\n<\/tr>\n<tr style=\"height: 21.45pt;\">\n<td class=\"et2\" style=\"height: 21.45pt; width: 226.05pt; text-align: center;\" width=\"301\" height=\"28\">Courant nominal<\/td>\n<td class=\"et2\" style=\"width: 187.8pt; text-align: center;\" width=\"250\">40\/63A<\/td>\n<td class=\"et2\" style=\"width: 188.8pt; text-align: center;\" width=\"251\">40A\/63A\/80A\/100A<\/td>\n<td class=\"et2\" style=\"width: 188.3pt; text-align: center;\" width=\"251\">40A\/63A\/80A\/100A<\/td>\n<\/tr>\n<tr style=\"height: 21.45pt;\">\n<td class=\"et2\" style=\"height: 21.45pt; width: 226.05pt; text-align: center;\" width=\"301\" height=\"28\">&gt;U et<\/td>\n<td class=\"et2\" style=\"width: 564.9pt; text-align: center;\" colspan=\"3\" width=\"753\">0.1~30s<\/td>\n<\/tr>\n<tr style=\"height: 20.95pt;\">\n<td class=\"et2\" style=\"height: 20.95pt; width: 226.05pt; text-align: center;\" width=\"301\" height=\"27\">D\u00e9lai de r\u00e9initialisation\/d\u00e9marrage<\/td>\n<td class=\"et2\" style=\"width: 187.8pt; text-align: center;\" width=\"250\">1 ~ 600s<\/td>\n<td class=\"et2\" style=\"width: 377.1pt; text-align: center;\" colspan=\"2\" width=\"502\">1 ~ 500s<\/td>\n<\/tr>\n<tr style=\"height: 21.45pt;\">\n<td class=\"et2\" style=\"height: 21.45pt; width: 226.05pt; text-align: center;\" width=\"301\" height=\"28\">Pr\u00e9cision de mesure de tension<\/td>\n<td class=\"et2\" style=\"width: 564.9pt; text-align: center;\" colspan=\"3\" width=\"753\">2% (ne d\u00e9passant pas 2% de la gamme globale)<\/td>\n<\/tr>\n<tr style=\"height: 20.95pt;\">\n<td class=\"et2\" style=\"height: 20.95pt; width: 226.05pt; text-align: center;\" width=\"301\" height=\"27\">Tension d&#039;isolation nominale<\/td>\n<td class=\"et2\" style=\"width: 376.6pt; text-align: center;\" colspan=\"2\" width=\"502\">400V<\/td>\n<td class=\"et2\" style=\"width: 188.3pt; text-align: center;\" width=\"251\">700V<\/td>\n<\/tr>\n<tr style=\"height: 20.95pt;\">\n<td class=\"et2\" style=\"height: 20.95pt; width: 226.05pt; text-align: center;\" width=\"301\" height=\"27\">Contact de sortie<\/td>\n<td class=\"et2\" style=\"width: 187.8pt; text-align: center;\" width=\"250\">1NO<\/td>\n<td class=\"et2\" style=\"width: 377.1pt; text-align: center;\" colspan=\"2\" width=\"502\">3NO<\/td>\n<\/tr>\n<tr style=\"height: 21.95pt;\">\n<td class=\"et2\" style=\"height: 21.95pt; width: 226.05pt; text-align: center;\" width=\"301\" height=\"29\">Degr\u00e9 de protection<\/td>\n<td class=\"et2\" style=\"width: 564.9pt; text-align: center;\" colspan=\"3\" width=\"753\">IP 20<\/td>\n<\/tr>\n<tr style=\"height: 20.95pt;\">\n<td class=\"et2\" style=\"height: 20.95pt; width: 226.05pt; text-align: center;\" width=\"301\" height=\"27\">Degr\u00e9 de pollution<\/td>\n<td class=\"et2\" style=\"width: 564.9pt; text-align: center;\" colspan=\"3\" width=\"753\">3<\/td>\n<\/tr>\n<tr style=\"height: 20.45pt;\">\n<td class=\"et2\" style=\"height: 20.45pt; width: 226.05pt; text-align: center;\" width=\"301\" height=\"27\">Altitude<\/td>\n<td class=\"et2\" style=\"width: 564.9pt; text-align: center;\" colspan=\"3\" width=\"753\">\u22642000m<\/td>\n<\/tr>\n<tr style=\"height: 21.95pt;\">\n<td class=\"et2\" style=\"height: 21.95pt; width: 226.05pt; text-align: center;\" width=\"301\" height=\"29\">Temp\u00e9rature de fonctionnement<\/td>\n<td class=\"et2\" style=\"width: 564.9pt; text-align: center;\" colspan=\"3\" width=\"753\">\u2013 50\u00b0C~55\u00b0C<\/td>\n<\/tr>\n<tr style=\"height: 20.45pt;\">\n<td class=\"et2\" style=\"height: 20.45pt; width: 226.05pt; text-align: center;\" width=\"301\" height=\"27\">Humidit\u00e9<\/td>\n<td class=\"et2\" style=\"width: 564.9pt; text-align: center;\" colspan=\"3\" width=\"753\">\u226450% \u00e0 40\u00b0C(sans condensation)<\/td>\n<\/tr>\n<tr style=\"height: 21.95pt;\">\n<td class=\"et2\" style=\"height: 21.95pt; width: 226.05pt; text-align: center;\" width=\"301\" height=\"29\">Temp\u00e9rature de stockage<\/td>\n<td class=\"et2\" style=\"width: 564.9pt; text-align: center;\" colspan=\"3\" width=\"753\">-30\u00b0C~70\u00b0C<\/td>\n<\/tr>\n<\/tbody>\n<\/table>\n\n\n<p><strong>Dimensions<\/strong><\/p>\n\n\n\n<figure class=\"wp-block-image size-large\"><img fetchpriority=\"high\" decoding=\"async\" width=\"1024\" height=\"238\" src=\"https:\/\/www.tosunlux.eu\/wp-content\/uploads\/2023\/06\/TDP2-1024x238.jpg\" alt=\"\" class=\"wp-image-7240\" srcset=\"https:\/\/www.tosunlux.eu\/wp-content\/uploads\/2023\/06\/TDP2-1024x238.jpg 1024w, https:\/\/www.tosunlux.eu\/wp-content\/uploads\/2023\/06\/TDP2-300x70.jpg 300w, https:\/\/www.tosunlux.eu\/wp-content\/uploads\/2023\/06\/TDP2-768x178.jpg 768w, https:\/\/www.tosunlux.eu\/wp-content\/uploads\/2023\/06\/TDP2-1536x356.jpg 1536w, https:\/\/www.tosunlux.eu\/wp-content\/uploads\/2023\/06\/TDP2-18x4.jpg 18w, https:\/\/www.tosunlux.eu\/wp-content\/uploads\/2023\/06\/TDP2.jpg 1599w\" sizes=\"(max-width: 1024px) 100vw, 1024px\" \/><\/figure>","protected":false},"parent":0,"template":"","product_category":[82],"class_list":["post-2802","product","type-product","status-publish","hentry","product_category-voltage-protector"],"yoast_head":"<!-- This site is optimized with the Yoast SEO plugin v27.4 - https:\/\/yoast.com\/product\/yoast-seo-wordpress\/ -->\n<title>WholesaleModular Digital Voltage &amp; Current Protector - TOSUNlux Official Site - Electrical Circuit Breaker Manufacturer in China Low Voltage Electrical Supplier | TOSUNlux<\/title>\n<meta name=\"description\" content=\"Modular Digital Voltage &amp; Current Protector Supplier - Wholesale direct from TOSUNlux, a trusted manufacturer since 1994. Get your B2B factory quote on our certified Low Voltage electrical products.\" \/>\n<meta name=\"robots\" content=\"index, follow, max-snippet:-1, max-image-preview:large, max-video-preview:-1\" \/>\n<link rel=\"canonical\" href=\"https:\/\/www.tosunlux.eu\/fr\/products\/modular-digital-voltage-current-protector\/\" \/>\n<meta property=\"og:locale\" content=\"fr_FR\" \/>\n<meta property=\"og:type\" content=\"article\" \/>\n<meta property=\"og:title\" content=\"WholesaleModular Digital Voltage &amp; Current Protector - TOSUNlux Official Site - Electrical Circuit Breaker Manufacturer in China Low Voltage Electrical Supplier | TOSUNlux\" \/>\n<meta property=\"og:description\" content=\"Modular Digital Voltage &amp; Current Protector Supplier - Wholesale direct from TOSUNlux, a trusted manufacturer since 1994. Get your B2B factory quote on our certified Low Voltage electrical products.\" \/>\n<meta property=\"og:url\" content=\"https:\/\/www.tosunlux.eu\/fr\/products\/modular-digital-voltage-current-protector\/\" \/>\n<meta property=\"og:site_name\" content=\"TOSUNlux Official Site - Electrical Circuit Breaker Manufacturer in China\" \/>\n<meta property=\"article:publisher\" content=\"https:\/\/www.facebook.com\/TOSUNelectric\/\" \/>\n<meta property=\"article:modified_time\" content=\"2023-06-12T05:25:06+00:00\" \/>\n<meta property=\"og:image\" content=\"https:\/\/www.tosunlux.eu\/wp-content\/uploads\/2023\/06\/TDP2-1024x238.jpg\" \/>\n<meta name=\"twitter:card\" content=\"summary_large_image\" \/>\n<meta name=\"twitter:label1\" content=\"Dur\u00e9e de lecture estim\u00e9e\" \/>\n\t<meta name=\"twitter:data1\" content=\"1 minute\" \/>\n<script type=\"application\/ld+json\" class=\"yoast-schema-graph\">{\"@context\":\"https:\\\/\\\/schema.org\",\"@graph\":[{\"@type\":\"WebPage\",\"@id\":\"https:\\\/\\\/www.tosunlux.eu\\\/el\\\/products\\\/modular-digital-voltage-current-protector\\\/\",\"url\":\"https:\\\/\\\/www.tosunlux.eu\\\/el\\\/products\\\/modular-digital-voltage-current-protector\\\/\",\"name\":\"WholesaleModular Digital Voltage & Current Protector - TOSUNlux Official Site - Electrical Circuit Breaker Manufacturer in China Low Voltage Electrical Supplier | TOSUNlux\",\"isPartOf\":{\"@id\":\"https:\\\/\\\/www.tosunlux.eu\\\/ru\\\/#website\"},\"primaryImageOfPage\":{\"@id\":\"https:\\\/\\\/www.tosunlux.eu\\\/el\\\/products\\\/modular-digital-voltage-current-protector\\\/#primaryimage\"},\"image\":{\"@id\":\"https:\\\/\\\/www.tosunlux.eu\\\/el\\\/products\\\/modular-digital-voltage-current-protector\\\/#primaryimage\"},\"thumbnailUrl\":\"https:\\\/\\\/www.tosunlux.eu\\\/wp-content\\\/uploads\\\/2023\\\/06\\\/TDP2-1024x238.jpg\",\"datePublished\":\"2022-05-14T05:48:30+00:00\",\"dateModified\":\"2023-06-12T05:25:06+00:00\",\"description\":\"Modular Digital Voltage & Current Protector Supplier - Wholesale direct from TOSUNlux, a trusted manufacturer since 1994. Get your B2B factory quote on our certified Low Voltage electrical products.\",\"breadcrumb\":{\"@id\":\"https:\\\/\\\/www.tosunlux.eu\\\/el\\\/products\\\/modular-digital-voltage-current-protector\\\/#breadcrumb\"},\"inLanguage\":\"fr-FR\",\"potentialAction\":[{\"@type\":\"ReadAction\",\"target\":[\"https:\\\/\\\/www.tosunlux.eu\\\/el\\\/products\\\/modular-digital-voltage-current-protector\\\/\"]}]},{\"@type\":\"ImageObject\",\"inLanguage\":\"fr-FR\",\"@id\":\"https:\\\/\\\/www.tosunlux.eu\\\/el\\\/products\\\/modular-digital-voltage-current-protector\\\/#primaryimage\",\"url\":\"https:\\\/\\\/www.tosunlux.eu\\\/wp-content\\\/uploads\\\/2023\\\/06\\\/TDP2-1024x238.jpg\",\"contentUrl\":\"https:\\\/\\\/www.tosunlux.eu\\\/wp-content\\\/uploads\\\/2023\\\/06\\\/TDP2-1024x238.jpg\"},{\"@type\":\"BreadcrumbList\",\"@id\":\"https:\\\/\\\/www.tosunlux.eu\\\/el\\\/products\\\/modular-digital-voltage-current-protector\\\/#breadcrumb\",\"itemListElement\":[{\"@type\":\"ListItem\",\"position\":1,\"name\":\"Home\",\"item\":\"https:\\\/\\\/www.tosunlux.eu\\\/ru\\\/\"},{\"@type\":\"ListItem\",\"position\":2,\"name\":\"Products\",\"item\":\"https:\\\/\\\/www.tosunlux.eu\\\/products\\\/\"},{\"@type\":\"ListItem\",\"position\":3,\"name\":\"Modular Digital Voltage &#038; Current Protector\"}]},{\"@type\":\"WebSite\",\"@id\":\"https:\\\/\\\/www.tosunlux.eu\\\/ru\\\/#website\",\"url\":\"https:\\\/\\\/www.tosunlux.eu\\\/ru\\\/\",\"name\":\"TOSUNlux Official Site - Electrical Circuit Breaker Manufacturer in China\",\"description\":\"Power Distribution System Supplier\",\"publisher\":{\"@id\":\"https:\\\/\\\/www.tosunlux.eu\\\/ru\\\/#organization\"},\"alternateName\":\"TOSUNlux\",\"potentialAction\":[{\"@type\":\"SearchAction\",\"target\":{\"@type\":\"EntryPoint\",\"urlTemplate\":\"https:\\\/\\\/www.tosunlux.eu\\\/ru\\\/?s={search_term_string}\"},\"query-input\":{\"@type\":\"PropertyValueSpecification\",\"valueRequired\":true,\"valueName\":\"search_term_string\"}}],\"inLanguage\":\"fr-FR\"},{\"@type\":\"Organization\",\"@id\":\"https:\\\/\\\/www.tosunlux.eu\\\/ru\\\/#organization\",\"name\":\"TOSUNlux\",\"url\":\"https:\\\/\\\/www.tosunlux.eu\\\/ru\\\/\",\"logo\":{\"@type\":\"ImageObject\",\"inLanguage\":\"fr-FR\",\"@id\":\"https:\\\/\\\/www.tosunlux.eu\\\/ru\\\/#\\\/schema\\\/logo\\\/image\\\/\",\"url\":\"https:\\\/\\\/www.tosunlux.eu\\\/wp-content\\\/uploads\\\/2022\\\/01\\\/LOGOSYSM.71762f1.png\",\"contentUrl\":\"https:\\\/\\\/www.tosunlux.eu\\\/wp-content\\\/uploads\\\/2022\\\/01\\\/LOGOSYSM.71762f1.png\",\"width\":153,\"height\":55,\"caption\":\"TOSUNlux\"},\"image\":{\"@id\":\"https:\\\/\\\/www.tosunlux.eu\\\/ru\\\/#\\\/schema\\\/logo\\\/image\\\/\"},\"sameAs\":[\"https:\\\/\\\/www.facebook.com\\\/TOSUNelectric\\\/\",\"https:\\\/\\\/www.linkedin.com\\\/company\\\/wenzhou-tosun-electric-co.-ltd\\\/\"]}]}<\/script>\n<!-- \/ Yoast SEO plugin. -->","yoast_head_json":{"title":"Protecteur de tension et de courant num\u00e9rique modulaire en gros - Site officiel de TOSUNlux - Fabricant de disjoncteurs \u00e9lectriques en Chine Fournisseur d&#039;\u00e9quipements \u00e9lectriques basse tension | TOSUNlux","description":"Fournisseur de protecteurs de tension et de courant num\u00e9riques modulaires - Vente en gros directement aupr\u00e8s de TOSUNlux, un fabricant de confiance depuis 1994. Obtenez votre devis d&#039;usine B2B sur nos produits \u00e9lectriques basse tension certifi\u00e9s.","robots":{"index":"index","follow":"follow","max-snippet":"max-snippet:-1","max-image-preview":"max-image-preview:large","max-video-preview":"max-video-preview:-1"},"canonical":"https:\/\/www.tosunlux.eu\/fr\/products\/modular-digital-voltage-current-protector\/","og_locale":"fr_FR","og_type":"article","og_title":"WholesaleModular Digital Voltage & Current Protector - TOSUNlux Official Site - Electrical Circuit Breaker Manufacturer in China Low Voltage Electrical Supplier | TOSUNlux","og_description":"Modular Digital Voltage & Current Protector Supplier - Wholesale direct from TOSUNlux, a trusted manufacturer since 1994. Get your B2B factory quote on our certified Low Voltage electrical products.","og_url":"https:\/\/www.tosunlux.eu\/fr\/products\/modular-digital-voltage-current-protector\/","og_site_name":"TOSUNlux Official Site - Electrical Circuit Breaker Manufacturer in China","article_publisher":"https:\/\/www.facebook.com\/TOSUNelectric\/","article_modified_time":"2023-06-12T05:25:06+00:00","og_image":[{"url":"https:\/\/www.tosunlux.eu\/wp-content\/uploads\/2023\/06\/TDP2-1024x238.jpg","type":"","width":"","height":""}],"twitter_card":"summary_large_image","twitter_misc":{"Dur\u00e9e de lecture estim\u00e9e":"1 minute"},"schema":{"@context":"https:\/\/schema.org","@graph":[{"@type":"WebPage","@id":"https:\/\/www.tosunlux.eu\/el\/products\/modular-digital-voltage-current-protector\/","url":"https:\/\/www.tosunlux.eu\/el\/products\/modular-digital-voltage-current-protector\/","name":"Protecteur de tension et de courant num\u00e9rique modulaire en gros - Site officiel de TOSUNlux - Fabricant de disjoncteurs \u00e9lectriques en Chine Fournisseur d&#039;\u00e9quipements \u00e9lectriques basse tension | TOSUNlux","isPartOf":{"@id":"https:\/\/www.tosunlux.eu\/ru\/#website"},"primaryImageOfPage":{"@id":"https:\/\/www.tosunlux.eu\/el\/products\/modular-digital-voltage-current-protector\/#primaryimage"},"image":{"@id":"https:\/\/www.tosunlux.eu\/el\/products\/modular-digital-voltage-current-protector\/#primaryimage"},"thumbnailUrl":"https:\/\/www.tosunlux.eu\/wp-content\/uploads\/2023\/06\/TDP2-1024x238.jpg","datePublished":"2022-05-14T05:48:30+00:00","dateModified":"2023-06-12T05:25:06+00:00","description":"Fournisseur de protecteurs de tension et de courant num\u00e9riques modulaires - Vente en gros directement aupr\u00e8s de TOSUNlux, un fabricant de confiance depuis 1994. Obtenez votre devis d&#039;usine B2B sur nos produits \u00e9lectriques basse tension certifi\u00e9s.","breadcrumb":{"@id":"https:\/\/www.tosunlux.eu\/el\/products\/modular-digital-voltage-current-protector\/#breadcrumb"},"inLanguage":"fr-FR","potentialAction":[{"@type":"ReadAction","target":["https:\/\/www.tosunlux.eu\/el\/products\/modular-digital-voltage-current-protector\/"]}]},{"@type":"ImageObject","inLanguage":"fr-FR","@id":"https:\/\/www.tosunlux.eu\/el\/products\/modular-digital-voltage-current-protector\/#primaryimage","url":"https:\/\/www.tosunlux.eu\/wp-content\/uploads\/2023\/06\/TDP2-1024x238.jpg","contentUrl":"https:\/\/www.tosunlux.eu\/wp-content\/uploads\/2023\/06\/TDP2-1024x238.jpg"},{"@type":"BreadcrumbList","@id":"https:\/\/www.tosunlux.eu\/el\/products\/modular-digital-voltage-current-protector\/#breadcrumb","itemListElement":[{"@type":"ListItem","position":1,"name":"Home","item":"https:\/\/www.tosunlux.eu\/ru\/"},{"@type":"ListItem","position":2,"name":"Products","item":"https:\/\/www.tosunlux.eu\/products\/"},{"@type":"ListItem","position":3,"name":"Modular Digital Voltage &#038; Current Protector"}]},{"@type":"WebSite","@id":"https:\/\/www.tosunlux.eu\/ru\/#website","url":"https:\/\/www.tosunlux.eu\/ru\/","name":"Site officiel TOSUNlux - Fabricant de disjoncteurs \u00e9lectriques en Chine","description":"Fournisseur de syst\u00e8me de distribution d&#039;\u00e9nergie","publisher":{"@id":"https:\/\/www.tosunlux.eu\/ru\/#organization"},"alternateName":"TOSUNlux","potentialAction":[{"@type":"SearchAction","target":{"@type":"EntryPoint","urlTemplate":"https:\/\/www.tosunlux.eu\/ru\/?s={search_term_string}"},"query-input":{"@type":"PropertyValueSpecification","valueRequired":true,"valueName":"search_term_string"}}],"inLanguage":"fr-FR"},{"@type":"Organization","@id":"https:\/\/www.tosunlux.eu\/ru\/#organization","name":"TOSUNlux","url":"https:\/\/www.tosunlux.eu\/ru\/","logo":{"@type":"ImageObject","inLanguage":"fr-FR","@id":"https:\/\/www.tosunlux.eu\/ru\/#\/schema\/logo\/image\/","url":"https:\/\/www.tosunlux.eu\/wp-content\/uploads\/2022\/01\/LOGOSYSM.71762f1.png","contentUrl":"https:\/\/www.tosunlux.eu\/wp-content\/uploads\/2022\/01\/LOGOSYSM.71762f1.png","width":153,"height":55,"caption":"TOSUNlux"},"image":{"@id":"https:\/\/www.tosunlux.eu\/ru\/#\/schema\/logo\/image\/"},"sameAs":["https:\/\/www.facebook.com\/TOSUNelectric\/","https:\/\/www.linkedin.com\/company\/wenzhou-tosun-electric-co.-ltd\/"]}]}},"_links":{"self":[{"href":"https:\/\/www.tosunlux.eu\/fr\/wp-json\/wp\/v2\/product\/2802","targetHints":{"allow":["GET"]}}],"collection":[{"href":"https:\/\/www.tosunlux.eu\/fr\/wp-json\/wp\/v2\/product"}],"about":[{"href":"https:\/\/www.tosunlux.eu\/fr\/wp-json\/wp\/v2\/types\/product"}],"version-history":[{"count":2,"href":"https:\/\/www.tosunlux.eu\/fr\/wp-json\/wp\/v2\/product\/2802\/revisions"}],"predecessor-version":[{"id":7923,"href":"https:\/\/www.tosunlux.eu\/fr\/wp-json\/wp\/v2\/product\/2802\/revisions\/7923"}],"wp:attachment":[{"href":"https:\/\/www.tosunlux.eu\/fr\/wp-json\/wp\/v2\/media?parent=2802"}],"wp:term":[{"taxonomy":"product_category","embeddable":true,"href":"https:\/\/www.tosunlux.eu\/fr\/wp-json\/wp\/v2\/product_category?post=2802"}],"curies":[{"name":"wp","href":"https:\/\/api.w.org\/{rel}","templated":true}]}}