{"id":2955,"date":"2022-05-16T14:02:58","date_gmt":"2022-05-16T06:02:58","guid":{"rendered":"https:\/\/www.tosunlux.eu\/?post_type=product&#038;p=2955"},"modified":"2022-05-16T14:02:58","modified_gmt":"2022-05-16T06:02:58","slug":"intelligent-digital-temperature-controller-ts-c","status":"publish","type":"product","link":"https:\/\/www.tosunlux.eu\/fr\/products\/intelligent-digital-temperature-controller-ts-c\/","title":{"rendered":"R\u00e9gulateur de temp\u00e9rature num\u00e9rique intelligent TS-C"},"content":{"rendered":"<p>Application<\/p>\n\n\n\n<p>Le contr\u00f4leur de temp\u00e9rature num\u00e9rique intelligent adopte une technologie de puce ASIC avanc\u00e9e qui est produite en petite taille et puissamment internationale. Le produit est fabriqu\u00e9 selon la norme internationale et utilise une alimentation \u00e0 d\u00e9coupage \u00e0 large plage 85-265VAC, avec plusieurs dimensions d&#039;installation. Il est compatible avec la plupart des instruments de contr\u00f4le\/r\u00e9glage industriels automatiques dans le monde en ce qui concerne les sp\u00e9cifications de performance, les modes d&#039;entr\u00e9e, les fonctions de sortie et les dimensions d&#039;installation, c&#039;est donc le niveau avanc\u00e9 international.<\/p>\n\n\n\n<p>Fonction:<\/p>\n\n\n\n<p>\u00b7Imite les ondes de filtre num\u00e9rique.<br>\u00b7Les tubes num\u00e9riques rouges et verts affichent pv et sv simultan\u00e9ment.<br>\u00b7R\u00e9glage PID num\u00e9rique, entr\u00e9e de toutes les donn\u00e9es \u00e0 partir de la proc\u00e9dure du panneau.<br>\u00b7Fonction de r\u00e9vision du capteur.<br>\u00b7Gamme compl\u00e8te de contr\u00f4le logiciel \u00e0 partir de 0, pas de potentiom\u00e8tre.<br>\u00b7Commande de commutation manuel\/automatique sans interf\u00e9rence.<br>\u00b7Fonction de protection de verrouillage de donn\u00e9es de deuxi\u00e8me classe.<br>\u00b7Auto-adaptation, auto-ajustement.<\/p>\n\n\n<p>sp\u00e9cification<\/p>\n<table style=\"border-collapse: collapse; width: 288.02pt;\" border=\"0\" width=\"384\" cellspacing=\"0\" cellpadding=\"0\">\n<tbody>\n<tr style=\"height: 15.00pt;\">\n<td class=\"et2\" style=\"height: 15.00pt; width: 79.50pt;\" width=\"106\" height=\"20\">Mod\u00e8le<\/td>\n<td class=\"et2\" style=\"width: 104.25pt;\" width=\"139\">Dimension<\/td>\n<td class=\"et2\" style=\"width: 104.25pt;\" width=\"139\">Dimension de d\u00e9coupe<\/td>\n<\/tr>\n<tr style=\"height: 15.00pt;\">\n<td class=\"et2\" style=\"height: 15.00pt;\" height=\"20\">TS-C100<\/td>\n<td class=\"et2\">48x48x108<\/td>\n<td class=\"et2\">45&#215;45<\/td>\n<\/tr>\n<tr style=\"height: 15.00pt;\">\n<td class=\"et2\" style=\"height: 15.00pt;\" height=\"20\">TS-C400<\/td>\n<td class=\"et2\">48x96x113<\/td>\n<td class=\"et2\">45&#215;91<\/td>\n<\/tr>\n<tr style=\"height: 15.00pt;\">\n<td class=\"et2\" style=\"height: 15.00pt;\" height=\"20\">TS-C700<\/td>\n<td class=\"et2\">72x72x113<\/td>\n<td class=\"et2\">68&#215;68<\/td>\n<\/tr>\n<tr style=\"height: 15.00pt;\">\n<td class=\"et2\" style=\"height: 15.00pt;\" height=\"20\">TS-C900<\/td>\n<td class=\"et2\">96x96x113<\/td>\n<td class=\"et2\">91&#215;91<\/td>\n<\/tr>\n<\/tbody>\n<\/table>\n<p>\u00a0<\/p>\n\n<table width=\"245\">\n<tbody>\n<tr>\n<td rowspan=\"7\" width=\"106\">Mode de sortie<\/td>\n<td width=\"139\">0. Sans sortie<\/td>\n<\/tr>\n<tr>\n<td>1. Sortie de contact de relais<\/td>\n<\/tr>\n<tr>\n<td>2. Sortie de tension de commande de relais \u00e0 semi-conducteurs<\/td>\n<\/tr>\n<tr>\n<td>3. Sortie de courant 0 ~ 10ma<\/td>\n<\/tr>\n<tr>\n<td>4. Sortie de courant 4 ~ 20ma<\/td>\n<\/tr>\n<tr>\n<td>5. Sortie de signal de d\u00e9clenchement z\u00e9ro Scr<\/td>\n<\/tr>\n<tr>\n<td>6. Sortie \u00e0 trois positions<\/td>\n<\/tr>\n<tr>\n<td rowspan=\"5\">Mode d&#039;entr\u00e9e<\/td>\n<td>0. Thermocouple : jke s<\/td>\n<\/tr>\n<tr>\n<td>1. R\u00e9sistance thermique : PT100, CU50<\/td>\n<\/tr>\n<tr>\n<td>2. Tension standard : 0~5v<\/td>\n<\/tr>\n<tr>\n<td>3. Courant standard : 0~10ma<\/td>\n<\/tr>\n<tr>\n<td>4. Courant standard : 4~20ma<\/td>\n<\/tr>\n<tr>\n<td rowspan=\"7\">Mode alarme<\/td>\n<td>1. Sans fonction d&#039;alarme<\/td>\n<\/tr>\n<tr>\n<td>2. Alarme de valeur absolue sup\u00e9rieure<\/td>\n<\/tr>\n<tr>\n<td>3. Alarme de valeur absolue inf\u00e9rieure<\/td>\n<\/tr>\n<tr>\n<td>4. Alarme de valeur d&#039;\u00e9cart sup\u00e9rieure<\/td>\n<\/tr>\n<tr>\n<td>5. Alarme de valeur d&#039;\u00e9cart inf\u00e9rieure<\/td>\n<\/tr>\n<tr>\n<td>6. Alarme de valeur d&#039;\u00e9cart sup\u00e9rieure et inf\u00e9rieure<\/td>\n<\/tr>\n<tr>\n<td>7. Alarme de valeur absolue sup\u00e9rieure et inf\u00e9rieure<\/td>\n<\/tr>\n<\/tbody>\n<\/table>\n\n\n<p><\/p>","protected":false},"parent":0,"template":"","product_category":[75,127],"class_list":["post-2955","product","type-product","status-publish","hentry","product_category-instruments","product_category-temperature-controller"],"yoast_head":"<!-- This site is optimized with the Yoast SEO plugin v27.5 - https:\/\/yoast.com\/product\/yoast-seo-wordpress\/ -->\n<title>WholesaleIntelligent Digital Temperature Controller TS-C - TOSUNlux Official Site - Electrical Circuit Breaker Manufacturer in China Low Voltage Electrical Supplier | TOSUNlux<\/title>\n<meta name=\"description\" content=\"Intelligent Digital Temperature Controller TS-C Supplier - Wholesale direct from TOSUNlux, a trusted manufacturer since 1994. Get your B2B factory quote on our certified Low Voltage electrical products.\" \/>\n<meta name=\"robots\" content=\"index, follow, max-snippet:-1, max-image-preview:large, max-video-preview:-1\" \/>\n<link rel=\"canonical\" href=\"https:\/\/www.tosunlux.eu\/fr\/products\/intelligent-digital-temperature-controller-ts-c\/\" \/>\n<meta property=\"og:locale\" content=\"fr_FR\" \/>\n<meta property=\"og:type\" content=\"article\" \/>\n<meta property=\"og:title\" content=\"WholesaleIntelligent Digital Temperature Controller TS-C - TOSUNlux Official Site - Electrical Circuit Breaker Manufacturer in China Low Voltage Electrical Supplier | TOSUNlux\" \/>\n<meta property=\"og:description\" content=\"Intelligent Digital Temperature Controller TS-C Supplier - Wholesale direct from TOSUNlux, a trusted manufacturer since 1994. Get your B2B factory quote on our certified Low Voltage electrical products.\" \/>\n<meta property=\"og:url\" content=\"https:\/\/www.tosunlux.eu\/fr\/products\/intelligent-digital-temperature-controller-ts-c\/\" \/>\n<meta property=\"og:site_name\" content=\"TOSUNlux Official Site - Electrical Circuit Breaker Manufacturer in China\" \/>\n<meta property=\"article:publisher\" content=\"https:\/\/www.facebook.com\/TOSUNelectric\/\" \/>\n<meta property=\"og:image\" content=\"https:\/\/www.tosunlux.eu\/wp-content\/uploads\/2023\/04\/DSC08160_\u526f\u672c.jpg\" \/>\n\t<meta property=\"og:image:width\" content=\"1500\" \/>\n\t<meta property=\"og:image:height\" content=\"940\" \/>\n\t<meta property=\"og:image:type\" content=\"image\/jpeg\" \/>\n<meta name=\"twitter:card\" content=\"summary_large_image\" \/>\n<meta name=\"twitter:label1\" content=\"Dur\u00e9e de lecture estim\u00e9e\" \/>\n\t<meta name=\"twitter:data1\" content=\"2 minutes\" \/>\n<script type=\"application\/ld+json\" class=\"yoast-schema-graph\">{\"@context\":\"https:\\\/\\\/schema.org\",\"@graph\":[{\"@type\":\"WebPage\",\"@id\":\"https:\\\/\\\/www.tosunlux.eu\\\/el\\\/products\\\/intelligent-digital-temperature-controller-ts-c\\\/\",\"url\":\"https:\\\/\\\/www.tosunlux.eu\\\/el\\\/products\\\/intelligent-digital-temperature-controller-ts-c\\\/\",\"name\":\"WholesaleIntelligent Digital Temperature Controller TS-C - TOSUNlux Official Site - Electrical Circuit Breaker Manufacturer in China Low Voltage Electrical Supplier | TOSUNlux\",\"isPartOf\":{\"@id\":\"https:\\\/\\\/www.tosunlux.eu\\\/ru\\\/#website\"},\"datePublished\":\"2022-05-16T06:02:58+00:00\",\"description\":\"Intelligent Digital Temperature Controller TS-C Supplier - Wholesale direct from TOSUNlux, a trusted manufacturer since 1994. Get your B2B factory quote on our certified Low Voltage electrical products.\",\"breadcrumb\":{\"@id\":\"https:\\\/\\\/www.tosunlux.eu\\\/el\\\/products\\\/intelligent-digital-temperature-controller-ts-c\\\/#breadcrumb\"},\"inLanguage\":\"fr-FR\",\"potentialAction\":[{\"@type\":\"ReadAction\",\"target\":[\"https:\\\/\\\/www.tosunlux.eu\\\/el\\\/products\\\/intelligent-digital-temperature-controller-ts-c\\\/\"]}]},{\"@type\":\"BreadcrumbList\",\"@id\":\"https:\\\/\\\/www.tosunlux.eu\\\/el\\\/products\\\/intelligent-digital-temperature-controller-ts-c\\\/#breadcrumb\",\"itemListElement\":[{\"@type\":\"ListItem\",\"position\":1,\"name\":\"Home\",\"item\":\"https:\\\/\\\/www.tosunlux.eu\\\/ru\\\/\"},{\"@type\":\"ListItem\",\"position\":2,\"name\":\"Products\",\"item\":\"https:\\\/\\\/www.tosunlux.eu\\\/products\\\/\"},{\"@type\":\"ListItem\",\"position\":3,\"name\":\"Intelligent Digital Temperature Controller TS-C\"}]},{\"@type\":\"WebSite\",\"@id\":\"https:\\\/\\\/www.tosunlux.eu\\\/ru\\\/#website\",\"url\":\"https:\\\/\\\/www.tosunlux.eu\\\/ru\\\/\",\"name\":\"TOSUNlux Official Site - Electrical Circuit Breaker Manufacturer in China\",\"description\":\"Power Distribution System Supplier\",\"publisher\":{\"@id\":\"https:\\\/\\\/www.tosunlux.eu\\\/ru\\\/#organization\"},\"alternateName\":\"TOSUNlux\",\"potentialAction\":[{\"@type\":\"SearchAction\",\"target\":{\"@type\":\"EntryPoint\",\"urlTemplate\":\"https:\\\/\\\/www.tosunlux.eu\\\/ru\\\/?s={search_term_string}\"},\"query-input\":{\"@type\":\"PropertyValueSpecification\",\"valueRequired\":true,\"valueName\":\"search_term_string\"}}],\"inLanguage\":\"fr-FR\"},{\"@type\":\"Organization\",\"@id\":\"https:\\\/\\\/www.tosunlux.eu\\\/ru\\\/#organization\",\"name\":\"TOSUNlux\",\"url\":\"https:\\\/\\\/www.tosunlux.eu\\\/ru\\\/\",\"logo\":{\"@type\":\"ImageObject\",\"inLanguage\":\"fr-FR\",\"@id\":\"https:\\\/\\\/www.tosunlux.eu\\\/ru\\\/#\\\/schema\\\/logo\\\/image\\\/\",\"url\":\"https:\\\/\\\/www.tosunlux.eu\\\/wp-content\\\/uploads\\\/2022\\\/01\\\/LOGOSYSM.71762f1.png\",\"contentUrl\":\"https:\\\/\\\/www.tosunlux.eu\\\/wp-content\\\/uploads\\\/2022\\\/01\\\/LOGOSYSM.71762f1.png\",\"width\":153,\"height\":55,\"caption\":\"TOSUNlux\"},\"image\":{\"@id\":\"https:\\\/\\\/www.tosunlux.eu\\\/ru\\\/#\\\/schema\\\/logo\\\/image\\\/\"},\"sameAs\":[\"https:\\\/\\\/www.facebook.com\\\/TOSUNelectric\\\/\",\"https:\\\/\\\/www.linkedin.com\\\/company\\\/wenzhou-tosun-electric-co.-ltd\\\/\"]}]}<\/script>\n<!-- \/ Yoast SEO plugin. -->","yoast_head_json":{"title":"Contr\u00f4leur de temp\u00e9rature num\u00e9rique intelligent TS-C en gros - Site officiel de TOSUNlux - Fabricant de disjoncteurs \u00e9lectriques en Chine Fournisseur d&#039;\u00e9quipements \u00e9lectriques basse tension | TOSUNlux","description":"Contr\u00f4leur de temp\u00e9rature num\u00e9rique intelligent TS-C Fournisseur - Vente en gros directement de TOSUNlux, un fabricant de confiance depuis 1994. Obtenez votre devis d&#039;usine B2B sur nos produits \u00e9lectriques basse tension certifi\u00e9s.","robots":{"index":"index","follow":"follow","max-snippet":"max-snippet:-1","max-image-preview":"max-image-preview:large","max-video-preview":"max-video-preview:-1"},"canonical":"https:\/\/www.tosunlux.eu\/fr\/products\/intelligent-digital-temperature-controller-ts-c\/","og_locale":"fr_FR","og_type":"article","og_title":"WholesaleIntelligent Digital Temperature Controller TS-C - TOSUNlux Official Site - Electrical Circuit Breaker Manufacturer in China Low Voltage Electrical Supplier | TOSUNlux","og_description":"Intelligent Digital Temperature Controller TS-C Supplier - Wholesale direct from TOSUNlux, a trusted manufacturer since 1994. Get your B2B factory quote on our certified Low Voltage electrical products.","og_url":"https:\/\/www.tosunlux.eu\/fr\/products\/intelligent-digital-temperature-controller-ts-c\/","og_site_name":"TOSUNlux Official Site - Electrical Circuit Breaker Manufacturer in China","article_publisher":"https:\/\/www.facebook.com\/TOSUNelectric\/","og_image":[{"width":1500,"height":940,"url":"https:\/\/www.tosunlux.eu\/wp-content\/uploads\/2023\/04\/DSC08160_\u526f\u672c.jpg","type":"image\/jpeg"}],"twitter_card":"summary_large_image","twitter_misc":{"Dur\u00e9e de lecture estim\u00e9e":"2 minutes"},"schema":{"@context":"https:\/\/schema.org","@graph":[{"@type":"WebPage","@id":"https:\/\/www.tosunlux.eu\/el\/products\/intelligent-digital-temperature-controller-ts-c\/","url":"https:\/\/www.tosunlux.eu\/el\/products\/intelligent-digital-temperature-controller-ts-c\/","name":"Contr\u00f4leur de temp\u00e9rature num\u00e9rique intelligent TS-C en gros - Site officiel de TOSUNlux - Fabricant de disjoncteurs \u00e9lectriques en Chine Fournisseur d&#039;\u00e9quipements \u00e9lectriques basse tension | TOSUNlux","isPartOf":{"@id":"https:\/\/www.tosunlux.eu\/ru\/#website"},"datePublished":"2022-05-16T06:02:58+00:00","description":"Contr\u00f4leur de temp\u00e9rature num\u00e9rique intelligent TS-C Fournisseur - Vente en gros directement de TOSUNlux, un fabricant de confiance depuis 1994. Obtenez votre devis d&#039;usine B2B sur nos produits \u00e9lectriques basse tension certifi\u00e9s.","breadcrumb":{"@id":"https:\/\/www.tosunlux.eu\/el\/products\/intelligent-digital-temperature-controller-ts-c\/#breadcrumb"},"inLanguage":"fr-FR","potentialAction":[{"@type":"ReadAction","target":["https:\/\/www.tosunlux.eu\/el\/products\/intelligent-digital-temperature-controller-ts-c\/"]}]},{"@type":"BreadcrumbList","@id":"https:\/\/www.tosunlux.eu\/el\/products\/intelligent-digital-temperature-controller-ts-c\/#breadcrumb","itemListElement":[{"@type":"ListItem","position":1,"name":"Home","item":"https:\/\/www.tosunlux.eu\/ru\/"},{"@type":"ListItem","position":2,"name":"Products","item":"https:\/\/www.tosunlux.eu\/products\/"},{"@type":"ListItem","position":3,"name":"Intelligent Digital Temperature Controller TS-C"}]},{"@type":"WebSite","@id":"https:\/\/www.tosunlux.eu\/ru\/#website","url":"https:\/\/www.tosunlux.eu\/ru\/","name":"Site officiel TOSUNlux - Fabricant de disjoncteurs \u00e9lectriques en Chine","description":"Fournisseur de syst\u00e8me de distribution d&#039;\u00e9nergie","publisher":{"@id":"https:\/\/www.tosunlux.eu\/ru\/#organization"},"alternateName":"TOSUNlux","potentialAction":[{"@type":"SearchAction","target":{"@type":"EntryPoint","urlTemplate":"https:\/\/www.tosunlux.eu\/ru\/?s={search_term_string}"},"query-input":{"@type":"PropertyValueSpecification","valueRequired":true,"valueName":"search_term_string"}}],"inLanguage":"fr-FR"},{"@type":"Organization","@id":"https:\/\/www.tosunlux.eu\/ru\/#organization","name":"TOSUNlux","url":"https:\/\/www.tosunlux.eu\/ru\/","logo":{"@type":"ImageObject","inLanguage":"fr-FR","@id":"https:\/\/www.tosunlux.eu\/ru\/#\/schema\/logo\/image\/","url":"https:\/\/www.tosunlux.eu\/wp-content\/uploads\/2022\/01\/LOGOSYSM.71762f1.png","contentUrl":"https:\/\/www.tosunlux.eu\/wp-content\/uploads\/2022\/01\/LOGOSYSM.71762f1.png","width":153,"height":55,"caption":"TOSUNlux"},"image":{"@id":"https:\/\/www.tosunlux.eu\/ru\/#\/schema\/logo\/image\/"},"sameAs":["https:\/\/www.facebook.com\/TOSUNelectric\/","https:\/\/www.linkedin.com\/company\/wenzhou-tosun-electric-co.-ltd\/"]}]}},"_links":{"self":[{"href":"https:\/\/www.tosunlux.eu\/fr\/wp-json\/wp\/v2\/product\/2955","targetHints":{"allow":["GET"]}}],"collection":[{"href":"https:\/\/www.tosunlux.eu\/fr\/wp-json\/wp\/v2\/product"}],"about":[{"href":"https:\/\/www.tosunlux.eu\/fr\/wp-json\/wp\/v2\/types\/product"}],"version-history":[{"count":0,"href":"https:\/\/www.tosunlux.eu\/fr\/wp-json\/wp\/v2\/product\/2955\/revisions"}],"wp:attachment":[{"href":"https:\/\/www.tosunlux.eu\/fr\/wp-json\/wp\/v2\/media?parent=2955"}],"wp:term":[{"taxonomy":"product_category","embeddable":true,"href":"https:\/\/www.tosunlux.eu\/fr\/wp-json\/wp\/v2\/product_category?post=2955"}],"curies":[{"name":"wp","href":"https:\/\/api.w.org\/{rel}","templated":true}]}}