{"id":3068,"date":"2022-05-16T17:28:26","date_gmt":"2022-05-16T09:28:26","guid":{"rendered":"https:\/\/www.tosunlux.eu\/?post_type=product&#038;p=3068"},"modified":"2022-05-16T17:28:41","modified_gmt":"2022-05-16T09:28:41","slug":"thermohygrostat","status":"publish","type":"product","link":"https:\/\/www.tosunlux.eu\/fr\/products\/thermohygrostat\/","title":{"rendered":"Thermohygrostat"},"content":{"rendered":"<p>UN<strong>application<\/strong><\/p>\n\n\n\n<p>KTSMF012\u00a0: contr\u00f4leur d&#039;humidit\u00e9 + contr\u00f4leur de temp\u00e9rature (r\u00e9frig\u00e9ration)<\/p>\n\n\n\n<p>KTOMF012\u00a0: contr\u00f4leur d&#039;humidit\u00e9 + contr\u00f4leur de temp\u00e9rature (chauffage).<\/p>\n\n\n\n<p>Contr\u00f4le de l&#039;humidit\u00e9\u00a0: si l&#039;humidit\u00e9 relative d\u00e9passe la valeur d\u00e9finie sur le cadran d&#039;humidit\u00e9, le circuit \u00e9lectrique est coup\u00e9.<br>La diff\u00e9rence de retour est de 5-10%RH.<\/p>\n\n\n\n<p>Contr\u00f4le de la temp\u00e9rature\u00a0: si la temp\u00e9rature ambiante d\u00e9passe la valeur d\u00e9finie sur le cadran de temp\u00e9rature, le circuit \u00e9lectrique est coup\u00e9, une tol\u00e9rance de 1 \u00e0 3\u00a0\u2103 est autoris\u00e9e.<\/p>\n\n\n\n<p><strong>sp\u00e9cification<\/strong><\/p>\n\n\n<table style=\"border-collapse: collapse; width: 483.77pt;\" border=\"0\" width=\"645\" cellspacing=\"0\" cellpadding=\"0\">\n<tbody>\n<tr style=\"height: 20.00pt;\">\n<td class=\"et2\" style=\"height: 20.00pt; width: 232.70pt;\" width=\"310\" height=\"26\">Pouvoir<\/td>\n<td class=\"et2\" style=\"width: 251.70pt;\" width=\"335\">AC220V<\/td>\n<\/tr>\n<tr style=\"height: 19.00pt;\">\n<td class=\"et2\" style=\"height: 19.00pt; width: 232.70pt;\" width=\"310\" height=\"25\">Actuel<\/td>\n<td class=\"et2\" style=\"width: 251.70pt;\" width=\"335\">46mA maximum<\/td>\n<\/tr>\n<tr style=\"height: 37.00pt;\">\n<td class=\"et2\" style=\"height: 37.00pt; width: 232.70pt;\" width=\"310\" height=\"49\">Des conditions de fonctionnement<\/td>\n<td class=\"et2\" style=\"width: 251.70pt;\" width=\"335\">Temp\u00e9rature : -10 \u00e0 50\u2103 ; Humidit\u00e9 : 40-90% HR<\/td>\n<\/tr>\n<tr style=\"height: 38.00pt;\">\n<td class=\"et2\" style=\"height: 38.00pt; width: 232.70pt;\" width=\"310\" height=\"50\">Conditions de stockage<\/td>\n<td class=\"et2\" style=\"width: 251.70pt;\" width=\"335\">Temp\u00e9rature : -20 \u00e0 60\u2103 ; Humidit\u00e9 : 20-90% HR<\/td>\n<\/tr>\n<tr style=\"height: 22.00pt;\">\n<td class=\"et2\" style=\"height: 22.00pt; width: 232.70pt;\" width=\"310\" height=\"29\">Capteur d&#039;humidit\u00e9<\/td>\n<td class=\"et2\" style=\"width: 251.70pt;\" width=\"335\">r\u00e9sistance \u00e0 l&#039;humidit\u00e9 du polym\u00e8re<\/td>\n<\/tr>\n<tr style=\"height: 24.00pt;\">\n<td class=\"et2\" style=\"height: 24.00pt; width: 232.70pt;\" width=\"310\" height=\"32\">Diff\u00e9rence de commutation d&#039;humidit\u00e9<\/td>\n<td class=\"et2\" style=\"width: 251.70pt;\" width=\"335\">4 % HR (tol\u00e9rance \u00b13%)<\/td>\n<\/tr>\n<tr style=\"height: 21.00pt;\">\n<td class=\"et2\" style=\"height: 21.00pt; width: 232.70pt;\" width=\"310\" height=\"28\">Diff\u00e9rence de commutation de temp\u00e9rature<\/td>\n<td class=\"et2\" style=\"width: 251.70pt;\" width=\"335\">7k (tol\u00e9rance \u00b1 4k)<\/td>\n<\/tr>\n<tr style=\"height: 20.00pt;\">\n<td class=\"et2\" style=\"height: 20.00pt; width: 232.70pt;\" width=\"310\" height=\"26\">\u00c9l\u00e9ment capteur de temp\u00e9rature<\/td>\n<td class=\"et2\" style=\"width: 251.70pt;\" width=\"335\">Capteur bim\u00e9tallique<\/td>\n<\/tr>\n<tr style=\"height: 20.00pt;\">\n<td class=\"et2\" style=\"height: 20.00pt; width: 232.70pt;\" width=\"310\" height=\"26\">Plage d&#039;humidit\u00e9 relative<\/td>\n<td class=\"et2\" style=\"width: 251.70pt;\" width=\"335\">35%-95%RH<\/td>\n<\/tr>\n<tr style=\"height: 21.00pt;\">\n<td class=\"et2\" style=\"height: 21.00pt; width: 232.70pt;\" width=\"310\" height=\"28\">Mode de contact de contr\u00f4le de temp\u00e9rature<\/td>\n<td class=\"et2\" style=\"width: 251.70pt;\" width=\"335\">Point de contact de type \u00e9tape<\/td>\n<\/tr>\n<tr style=\"height: 20.00pt;\">\n<td class=\"et2\" style=\"height: 20.00pt; width: 232.70pt;\" width=\"310\" height=\"26\">Mode de contact de contr\u00f4le de l&#039;humidit\u00e9<\/td>\n<td class=\"et2\" style=\"width: 251.70pt;\" width=\"335\">Inverseur<\/td>\n<\/tr>\n<tr style=\"height: 23.00pt;\">\n<td class=\"et2\" style=\"height: 23.00pt; width: 232.70pt;\" width=\"310\" height=\"30\">Dur\u00e9e de vie<\/td>\n<td class=\"et2\" style=\"width: 251.70pt;\" width=\"335\">750 000 cycles<\/td>\n<\/tr>\n<tr style=\"height: 20.00pt;\">\n<td class=\"et2\" style=\"height: 20.00pt; width: 232.70pt;\" width=\"310\" height=\"26\">Capacit\u00e9 de commutation minimale<\/td>\n<td class=\"et2\" style=\"width: 251.70pt;\" width=\"335\">20 VCA\/CC 100 mA<\/td>\n<\/tr>\n<tr style=\"height: 25.00pt;\">\n<td class=\"et2\" style=\"height: 25.00pt; width: 232.70pt;\" width=\"310\" height=\"33\">Max. Capacit\u00e9 de commutation<\/td>\n<td class=\"et2\" style=\"width: 251.70pt;\" width=\"335\">250 VCA\/CC 5(1)A CC30W<\/td>\n<\/tr>\n<tr style=\"height: 54.00pt;\">\n<td class=\"et2\" style=\"height: 54.00pt; width: 232.70pt;\" width=\"310\" height=\"72\">Connexion<\/td>\n<td class=\"et2\" style=\"width: 251.70pt;\" width=\"335\">Borne \u00e0 5 p\u00f4les, couple de serrage 0,5 Nm Max pour fil solide 2,5 mm\u00b2 et fil toronn\u00e9 (avec fil et virole) 1,5 mm\u00b2<\/td>\n<\/tr>\n<tr style=\"height: 21.00pt;\">\n<td class=\"et2\" style=\"height: 21.00pt; width: 232.70pt;\" width=\"310\" height=\"28\">Installation<\/td>\n<td class=\"et2\" style=\"width: 251.70pt;\" width=\"335\">Rail DIN 35 mm<\/td>\n<\/tr>\n<tr style=\"height: 22.00pt;\">\n<td class=\"et2\" style=\"height: 22.00pt; width: 232.70pt;\" width=\"310\" height=\"29\">Dimension<\/td>\n<td class=\"et2\" style=\"width: 251.70pt;\" width=\"335\">70x63x40mm<\/td>\n<\/tr>\n<tr style=\"height: 22.00pt;\">\n<td class=\"et2\" style=\"height: 22.00pt; width: 232.70pt;\" width=\"310\" height=\"29\">Position de montage<\/td>\n<td class=\"et2\" style=\"width: 251.70pt;\" width=\"335\">Dessus d&#039;armoire<\/td>\n<\/tr>\n<tr style=\"height: 20.00pt;\">\n<td class=\"et2\" style=\"height: 20.00pt; width: 232.70pt;\" width=\"310\" height=\"26\">Classe de protection<\/td>\n<td class=\"et2\" style=\"width: 251.70pt;\" width=\"335\">IP20<\/td>\n<\/tr>\n<\/tbody>\n<\/table>","protected":false},"parent":0,"template":"","product_category":[36,103],"class_list":["post-3068","product","type-product","status-publish","hentry","product_category-electrical-accessories","product_category-ventilation-heating"],"yoast_head":"<!-- This site is optimized with the Yoast SEO plugin v27.6 - https:\/\/yoast.com\/product\/yoast-seo-wordpress\/ -->\n<title>WholesaleThermohygrostat - TOSUNlux Official Site - Electrical Circuit Breaker Manufacturer in China Low Voltage Electrical Supplier | TOSUNlux<\/title>\n<meta name=\"description\" content=\"Thermohygrostat Supplier - Wholesale direct from TOSUNlux, a trusted manufacturer since 1994. Get your B2B factory quote on our certified Low Voltage electrical products.\" \/>\n<meta name=\"robots\" content=\"index, follow, max-snippet:-1, max-image-preview:large, max-video-preview:-1\" \/>\n<link rel=\"canonical\" href=\"https:\/\/www.tosunlux.eu\/fr\/products\/thermohygrostat\/\" \/>\n<meta property=\"og:locale\" content=\"fr_FR\" \/>\n<meta property=\"og:type\" content=\"article\" \/>\n<meta property=\"og:title\" content=\"WholesaleThermohygrostat - TOSUNlux Official Site - Electrical Circuit Breaker Manufacturer in China Low Voltage Electrical Supplier | TOSUNlux\" \/>\n<meta property=\"og:description\" content=\"Thermohygrostat Supplier - Wholesale direct from TOSUNlux, a trusted manufacturer since 1994. Get your B2B factory quote on our certified Low Voltage electrical products.\" \/>\n<meta property=\"og:url\" content=\"https:\/\/www.tosunlux.eu\/fr\/products\/thermohygrostat\/\" \/>\n<meta property=\"og:site_name\" content=\"TOSUNlux Official Site - Electrical Circuit Breaker Manufacturer in China\" \/>\n<meta property=\"article:publisher\" content=\"https:\/\/www.facebook.com\/TOSUNelectric\/\" \/>\n<meta property=\"article:modified_time\" content=\"2022-05-16T09:28:41+00:00\" \/>\n<meta property=\"og:image\" content=\"https:\/\/www.tosunlux.eu\/wp-content\/uploads\/2023\/04\/DSC08160_\u526f\u672c.jpg\" \/>\n\t<meta property=\"og:image:width\" content=\"1500\" \/>\n\t<meta property=\"og:image:height\" content=\"940\" \/>\n\t<meta property=\"og:image:type\" content=\"image\/jpeg\" \/>\n<meta name=\"twitter:card\" content=\"summary_large_image\" \/>\n<meta name=\"twitter:label1\" content=\"Dur\u00e9e de lecture estim\u00e9e\" \/>\n\t<meta name=\"twitter:data1\" content=\"1 minute\" \/>\n<script type=\"application\/ld+json\" class=\"yoast-schema-graph\">{\"@context\":\"https:\\\/\\\/schema.org\",\"@graph\":[{\"@type\":\"WebPage\",\"@id\":\"https:\\\/\\\/www.tosunlux.eu\\\/products\\\/thermohygrostat\\\/\",\"url\":\"https:\\\/\\\/www.tosunlux.eu\\\/products\\\/thermohygrostat\\\/\",\"name\":\"WholesaleThermohygrostat - TOSUNlux Official Site - Electrical Circuit Breaker Manufacturer in China Low Voltage Electrical Supplier | TOSUNlux\",\"isPartOf\":{\"@id\":\"https:\\\/\\\/www.tosunlux.eu\\\/ru\\\/#website\"},\"datePublished\":\"2022-05-16T09:28:26+00:00\",\"dateModified\":\"2022-05-16T09:28:41+00:00\",\"description\":\"Thermohygrostat Supplier - Wholesale direct from TOSUNlux, a trusted manufacturer since 1994. Get your B2B factory quote on our certified Low Voltage electrical products.\",\"breadcrumb\":{\"@id\":\"https:\\\/\\\/www.tosunlux.eu\\\/products\\\/thermohygrostat\\\/#breadcrumb\"},\"inLanguage\":\"fr-FR\",\"potentialAction\":[{\"@type\":\"ReadAction\",\"target\":[\"https:\\\/\\\/www.tosunlux.eu\\\/products\\\/thermohygrostat\\\/\"]}]},{\"@type\":\"BreadcrumbList\",\"@id\":\"https:\\\/\\\/www.tosunlux.eu\\\/products\\\/thermohygrostat\\\/#breadcrumb\",\"itemListElement\":[{\"@type\":\"ListItem\",\"position\":1,\"name\":\"Home\",\"item\":\"https:\\\/\\\/www.tosunlux.eu\\\/ru\\\/\"},{\"@type\":\"ListItem\",\"position\":2,\"name\":\"Products\",\"item\":\"https:\\\/\\\/www.tosunlux.eu\\\/products\\\/\"},{\"@type\":\"ListItem\",\"position\":3,\"name\":\"Thermohygrostat\"}]},{\"@type\":\"WebSite\",\"@id\":\"https:\\\/\\\/www.tosunlux.eu\\\/ru\\\/#website\",\"url\":\"https:\\\/\\\/www.tosunlux.eu\\\/ru\\\/\",\"name\":\"TOSUNlux Official Site - Electrical Circuit Breaker Manufacturer in China\",\"description\":\"Power Distribution System Supplier\",\"publisher\":{\"@id\":\"https:\\\/\\\/www.tosunlux.eu\\\/ru\\\/#organization\"},\"alternateName\":\"TOSUNlux\",\"potentialAction\":[{\"@type\":\"SearchAction\",\"target\":{\"@type\":\"EntryPoint\",\"urlTemplate\":\"https:\\\/\\\/www.tosunlux.eu\\\/ru\\\/?s={search_term_string}\"},\"query-input\":{\"@type\":\"PropertyValueSpecification\",\"valueRequired\":true,\"valueName\":\"search_term_string\"}}],\"inLanguage\":\"fr-FR\"},{\"@type\":\"Organization\",\"@id\":\"https:\\\/\\\/www.tosunlux.eu\\\/ru\\\/#organization\",\"name\":\"TOSUNlux\",\"url\":\"https:\\\/\\\/www.tosunlux.eu\\\/ru\\\/\",\"logo\":{\"@type\":\"ImageObject\",\"inLanguage\":\"fr-FR\",\"@id\":\"https:\\\/\\\/www.tosunlux.eu\\\/ru\\\/#\\\/schema\\\/logo\\\/image\\\/\",\"url\":\"https:\\\/\\\/www.tosunlux.eu\\\/wp-content\\\/uploads\\\/2022\\\/01\\\/LOGOSYSM.71762f1.png\",\"contentUrl\":\"https:\\\/\\\/www.tosunlux.eu\\\/wp-content\\\/uploads\\\/2022\\\/01\\\/LOGOSYSM.71762f1.png\",\"width\":153,\"height\":55,\"caption\":\"TOSUNlux\"},\"image\":{\"@id\":\"https:\\\/\\\/www.tosunlux.eu\\\/ru\\\/#\\\/schema\\\/logo\\\/image\\\/\"},\"sameAs\":[\"https:\\\/\\\/www.facebook.com\\\/TOSUNelectric\\\/\",\"https:\\\/\\\/www.linkedin.com\\\/company\\\/wenzhou-tosun-electric-co.-ltd\\\/\"]}]}<\/script>\n<!-- \/ Yoast SEO plugin. -->","yoast_head_json":{"title":"Thermohygrostat en gros - Site officiel de TOSUNlux - Fabricant de disjoncteurs \u00e9lectriques en Chine Fournisseur d&#039;\u00e9quipements \u00e9lectriques basse tension | TOSUNlux","description":"Fournisseur de thermohygrostat - Vente en gros directement de TOSUNlux, un fabricant de confiance depuis 1994. Obtenez votre devis d&#039;usine B2B sur nos produits \u00e9lectriques basse tension certifi\u00e9s.","robots":{"index":"index","follow":"follow","max-snippet":"max-snippet:-1","max-image-preview":"max-image-preview:large","max-video-preview":"max-video-preview:-1"},"canonical":"https:\/\/www.tosunlux.eu\/fr\/products\/thermohygrostat\/","og_locale":"fr_FR","og_type":"article","og_title":"WholesaleThermohygrostat - TOSUNlux Official Site - Electrical Circuit Breaker Manufacturer in China Low Voltage Electrical Supplier | TOSUNlux","og_description":"Thermohygrostat Supplier - Wholesale direct from TOSUNlux, a trusted manufacturer since 1994. Get your B2B factory quote on our certified Low Voltage electrical products.","og_url":"https:\/\/www.tosunlux.eu\/fr\/products\/thermohygrostat\/","og_site_name":"TOSUNlux Official Site - Electrical Circuit Breaker Manufacturer in China","article_publisher":"https:\/\/www.facebook.com\/TOSUNelectric\/","article_modified_time":"2022-05-16T09:28:41+00:00","og_image":[{"width":1500,"height":940,"url":"https:\/\/www.tosunlux.eu\/wp-content\/uploads\/2023\/04\/DSC08160_\u526f\u672c.jpg","type":"image\/jpeg"}],"twitter_card":"summary_large_image","twitter_misc":{"Dur\u00e9e de lecture estim\u00e9e":"1 minute"},"schema":{"@context":"https:\/\/schema.org","@graph":[{"@type":"WebPage","@id":"https:\/\/www.tosunlux.eu\/products\/thermohygrostat\/","url":"https:\/\/www.tosunlux.eu\/products\/thermohygrostat\/","name":"Thermohygrostat en gros - Site officiel de TOSUNlux - Fabricant de disjoncteurs \u00e9lectriques en Chine Fournisseur d&#039;\u00e9quipements \u00e9lectriques basse tension | TOSUNlux","isPartOf":{"@id":"https:\/\/www.tosunlux.eu\/ru\/#website"},"datePublished":"2022-05-16T09:28:26+00:00","dateModified":"2022-05-16T09:28:41+00:00","description":"Fournisseur de thermohygrostat - Vente en gros directement de TOSUNlux, un fabricant de confiance depuis 1994. Obtenez votre devis d&#039;usine B2B sur nos produits \u00e9lectriques basse tension certifi\u00e9s.","breadcrumb":{"@id":"https:\/\/www.tosunlux.eu\/products\/thermohygrostat\/#breadcrumb"},"inLanguage":"fr-FR","potentialAction":[{"@type":"ReadAction","target":["https:\/\/www.tosunlux.eu\/products\/thermohygrostat\/"]}]},{"@type":"BreadcrumbList","@id":"https:\/\/www.tosunlux.eu\/products\/thermohygrostat\/#breadcrumb","itemListElement":[{"@type":"ListItem","position":1,"name":"Home","item":"https:\/\/www.tosunlux.eu\/ru\/"},{"@type":"ListItem","position":2,"name":"Products","item":"https:\/\/www.tosunlux.eu\/products\/"},{"@type":"ListItem","position":3,"name":"Thermohygrostat"}]},{"@type":"WebSite","@id":"https:\/\/www.tosunlux.eu\/ru\/#website","url":"https:\/\/www.tosunlux.eu\/ru\/","name":"Site officiel TOSUNlux - Fabricant de disjoncteurs \u00e9lectriques en Chine","description":"Fournisseur de syst\u00e8me de distribution d&#039;\u00e9nergie","publisher":{"@id":"https:\/\/www.tosunlux.eu\/ru\/#organization"},"alternateName":"TOSUNlux","potentialAction":[{"@type":"SearchAction","target":{"@type":"EntryPoint","urlTemplate":"https:\/\/www.tosunlux.eu\/ru\/?s={search_term_string}"},"query-input":{"@type":"PropertyValueSpecification","valueRequired":true,"valueName":"search_term_string"}}],"inLanguage":"fr-FR"},{"@type":"Organization","@id":"https:\/\/www.tosunlux.eu\/ru\/#organization","name":"TOSUNlux","url":"https:\/\/www.tosunlux.eu\/ru\/","logo":{"@type":"ImageObject","inLanguage":"fr-FR","@id":"https:\/\/www.tosunlux.eu\/ru\/#\/schema\/logo\/image\/","url":"https:\/\/www.tosunlux.eu\/wp-content\/uploads\/2022\/01\/LOGOSYSM.71762f1.png","contentUrl":"https:\/\/www.tosunlux.eu\/wp-content\/uploads\/2022\/01\/LOGOSYSM.71762f1.png","width":153,"height":55,"caption":"TOSUNlux"},"image":{"@id":"https:\/\/www.tosunlux.eu\/ru\/#\/schema\/logo\/image\/"},"sameAs":["https:\/\/www.facebook.com\/TOSUNelectric\/","https:\/\/www.linkedin.com\/company\/wenzhou-tosun-electric-co.-ltd\/"]}]}},"_links":{"self":[{"href":"https:\/\/www.tosunlux.eu\/fr\/wp-json\/wp\/v2\/product\/3068","targetHints":{"allow":["GET"]}}],"collection":[{"href":"https:\/\/www.tosunlux.eu\/fr\/wp-json\/wp\/v2\/product"}],"about":[{"href":"https:\/\/www.tosunlux.eu\/fr\/wp-json\/wp\/v2\/types\/product"}],"version-history":[{"count":0,"href":"https:\/\/www.tosunlux.eu\/fr\/wp-json\/wp\/v2\/product\/3068\/revisions"}],"wp:attachment":[{"href":"https:\/\/www.tosunlux.eu\/fr\/wp-json\/wp\/v2\/media?parent=3068"}],"wp:term":[{"taxonomy":"product_category","embeddable":true,"href":"https:\/\/www.tosunlux.eu\/fr\/wp-json\/wp\/v2\/product_category?post=3068"}],"curies":[{"name":"wp","href":"https:\/\/api.w.org\/{rel}","templated":true}]}}