{"id":3403,"date":"2022-05-25T18:21:15","date_gmt":"2022-05-25T10:21:15","guid":{"rendered":"https:\/\/www.tosunlux.eu\/?post_type=product&#038;p=3403"},"modified":"2022-06-22T16:57:43","modified_gmt":"2022-06-22T08:57:43","slug":"led-batten-fixture","status":"publish","type":"product","link":"https:\/\/www.tosunlux.eu\/fr\/products\/led-batten-fixture\/","title":{"rendered":"Fixation de latte LED"},"content":{"rendered":"<p><\/p>\n\n\n<table style=\"border-collapse: collapse; width: 633.77pt;\" border=\"0\" width=\"845\" cellspacing=\"0\" cellpadding=\"0\">\n<tbody>\n<tr style=\"height: 30.55pt;\">\n<td class=\"et2\" style=\"height: 30.55pt; width: 110.25pt; text-align: center;\" width=\"147\" height=\"40\">Mod\u00e8le<\/td>\n<td class=\"et2\" style=\"width: 82.5pt; text-align: center;\" width=\"110\">Alimentation (DEL)<\/td>\n<td class=\"et2\" style=\"width: 150.75pt; text-align: center;\" width=\"201\">Mat\u00e9riau du corps<\/td>\n<td class=\"et2\" style=\"width: 174pt; text-align: center;\" width=\"232\">Support<\/td>\n<td class=\"et2\" style=\"width: 116.25pt; text-align: center;\" width=\"155\">Taille<\/td>\n<\/tr>\n<tr style=\"height: 41.00pt;\">\n<td class=\"et2\" style=\"height: 41pt; width: 110.25pt; text-align: center;\" width=\"147\" height=\"54\">TS-CRS-L6<\/td>\n<td class=\"et2\" style=\"width: 82.5pt; text-align: center;\" width=\"110\">9W<\/td>\n<td class=\"et2\" style=\"width: 150.75pt; text-align: center;\" rowspan=\"3\" width=\"201\">fer avec rev\u00eatement en poudre<\/td>\n<td class=\"et2\" style=\"width: 174pt; text-align: center;\" rowspan=\"3\" width=\"232\">Support cristal pliable, ABS<\/td>\n<td class=\"et2\" style=\"width: 116.25pt; text-align: center;\" width=\"155\">609 x 34 x 50 mm<\/td>\n<\/tr>\n<tr style=\"height: 41.00pt;\">\n<td class=\"et2\" style=\"height: 41pt; width: 110.25pt; text-align: center;\" width=\"147\" height=\"54\">TS-CRS-L 9<\/td>\n<td class=\"et2\" style=\"width: 82.5pt; text-align: center;\" width=\"110\">15W<\/td>\n<td class=\"et2\" style=\"width: 116.25pt; text-align: center;\" width=\"155\">912 x 34 x 50 mm<\/td>\n<\/tr>\n<tr style=\"height: 41.00pt;\">\n<td class=\"et2\" style=\"height: 41pt; width: 110.25pt; text-align: center;\" width=\"147\" height=\"54\">TS-CRS-L12<\/td>\n<td class=\"et2\" style=\"width: 82.5pt; text-align: center;\" width=\"110\">18W<\/td>\n<td class=\"et2\" style=\"width: 116.25pt; text-align: center;\" width=\"155\">1230x34x50mm<\/td>\n<\/tr>\n<\/tbody>\n<\/table>\n\n\n<p><\/p>\n\n\n<table style=\"border-collapse: collapse; width: 633.77pt;\" border=\"0\" width=\"845\" cellspacing=\"0\" cellpadding=\"0\">\n<tbody>\n<tr style=\"height: 47.00pt;\">\n<td class=\"et2\" style=\"height: 47pt; width: 110.25pt; text-align: center;\" width=\"147\" height=\"62\">Mod\u00e8le<\/td>\n<td class=\"et2\" style=\"width: 82.5pt; text-align: center;\" width=\"110\">Puissance (L ED)<\/td>\n<td class=\"et2\" style=\"width: 150.75pt; text-align: center;\" width=\"201\">Mat\u00e9riau du corps<\/td>\n<td class=\"et2\" style=\"width: 174pt; text-align: center;\" width=\"232\">Support<\/td>\n<td class=\"et2\" style=\"width: 116.25pt; text-align: center;\" width=\"155\">Taille<\/td>\n<\/tr>\n<tr style=\"height: 47.00pt;\">\n<td class=\"et2\" style=\"height: 47pt; width: 110.25pt; text-align: center;\" width=\"147\" height=\"62\">TS-CRD-L6<\/td>\n<td class=\"et2\" style=\"width: 82.5pt; text-align: center;\" width=\"110\">2x9W<\/td>\n<td class=\"et2\" style=\"width: 150.75pt; text-align: center;\" width=\"201\">Fer avec rev\u00eatement en poudre<\/td>\n<td class=\"et2\" style=\"width: 174pt; text-align: center;\" width=\"232\">Support cristal pliable, ABS<\/td>\n<td class=\"et2\" style=\"width: 116.25pt; text-align: center;\" width=\"155\">609 x 34 x 50 mm<\/td>\n<\/tr>\n<tr style=\"height: 47.00pt;\">\n<td class=\"et2\" style=\"height: 47pt; width: 110.25pt; text-align: center;\" width=\"147\" height=\"62\">TS-CRD-L9<\/td>\n<td class=\"et2\" style=\"width: 82.5pt; text-align: center;\" width=\"110\">2x15W<\/td>\n<td class=\"et2\" style=\"width: 150.75pt; text-align: center;\" width=\"201\">Fer avec rev\u00eatement en poudre<\/td>\n<td class=\"et2\" style=\"width: 174pt; text-align: center;\" width=\"232\">Support cristal pliable, ABS<\/td>\n<td class=\"et2\" style=\"width: 116.25pt; text-align: center;\" width=\"155\">912 x 34 x 50 mm<\/td>\n<\/tr>\n<tr style=\"height: 47.00pt;\">\n<td class=\"et2\" style=\"height: 47pt; width: 110.25pt; text-align: center;\" width=\"147\" height=\"62\">TS-CRD-L12<\/td>\n<td class=\"et2\" style=\"width: 82.5pt; text-align: center;\" width=\"110\">2x18W<\/td>\n<td class=\"et2\" style=\"width: 150.75pt; text-align: center;\" width=\"201\">Fer avec rev\u00eatement en poudre<\/td>\n<td class=\"et2\" style=\"width: 174pt; text-align: center;\" width=\"232\">Support cristal pliable, ABS<\/td>\n<td class=\"et2\" style=\"width: 116.25pt; text-align: center;\" width=\"155\">1230x34x50mm<\/td>\n<\/tr>\n<\/tbody>\n<\/table>\n\n\n<p><\/p>\n\n\n<table style=\"border-collapse: collapse; width: 704.27pt;\" border=\"0\" width=\"939\" cellspacing=\"0\" cellpadding=\"0\">\n<tbody>\n<tr style=\"height: 30.45pt;\">\n<td class=\"et2\" style=\"height: 30.45pt; width: 134.9pt; text-align: center;\" width=\"179\" height=\"40\">Mod\u00e8le<\/td>\n<td class=\"et2\" style=\"width: 128.85pt; text-align: center;\" width=\"171\">Alimentation (DEL)<\/td>\n<td class=\"et2\" style=\"width: 187.5pt; text-align: center;\" width=\"250\">Mat\u00e9riau du corps<\/td>\n<td class=\"et2\" style=\"width: 137.25pt; text-align: center;\" width=\"183\">Support<\/td>\n<td class=\"et2\" style=\"width: 115.9pt; text-align: center;\" width=\"154\">Taille<\/td>\n<\/tr>\n<tr style=\"height: 42.00pt;\">\n<td class=\"et2\" style=\"height: 42pt; width: 134.9pt; text-align: center;\" width=\"179\" height=\"56\">TS-8001S-L6<\/td>\n<td class=\"et2\" style=\"width: 128.85pt; text-align: center;\" width=\"171\">9W<\/td>\n<td class=\"et2\" style=\"width: 187.5pt; text-align: center;\" rowspan=\"3\" width=\"250\">fer avec rev\u00eatement en poudre<\/td>\n<td class=\"et2\" style=\"width: 137.25pt; text-align: center;\" rowspan=\"3\" width=\"183\">ABS\/PP int\u00e9gr\u00e9<\/td>\n<td class=\"et2\" style=\"width: 115.9pt; text-align: center;\" width=\"154\">620x35x43mm<\/td>\n<\/tr>\n<tr style=\"height: 42.00pt;\">\n<td class=\"et2\" style=\"height: 42pt; width: 134.9pt; text-align: center;\" width=\"179\" height=\"56\">TS-8001S-L12<\/td>\n<td class=\"et2\" style=\"width: 128.85pt; text-align: center;\" width=\"171\">18W<\/td>\n<td class=\"et2\" style=\"width: 115.9pt; text-align: center;\" width=\"154\">1220x35x43mm<\/td>\n<\/tr>\n<tr style=\"height: 42.00pt;\">\n<td class=\"et2\" style=\"height: 42pt; width: 134.9pt; text-align: center;\" width=\"179\" height=\"56\">TS-8001S-L15<\/td>\n<td class=\"et2\" style=\"width: 128.85pt; text-align: center;\" width=\"171\">24W<\/td>\n<td class=\"et2\" style=\"width: 115.9pt; text-align: center;\" width=\"154\">1520x35x43mm<\/td>\n<\/tr>\n<\/tbody>\n<\/table>\n\n\n<p><\/p>\n\n\n<table style=\"border-collapse: collapse; width: 704.27pt;\" border=\"0\" width=\"939\" cellspacing=\"0\" cellpadding=\"0\">\n<tbody>\n<tr style=\"height: 70.50pt;\">\n<td class=\"et2\" style=\"height: 70.5pt; width: 134.9pt; text-align: center;\" width=\"179\" height=\"94\">Mod\u00e8le<\/td>\n<td class=\"et2\" style=\"width: 128.85pt; text-align: center;\" width=\"171\">Alimentation (DEL)<\/td>\n<td class=\"et2\" style=\"width: 187.5pt; text-align: center;\" width=\"250\">Mat\u00e9riau du corps<\/td>\n<td class=\"et2\" style=\"width: 137.25pt; text-align: center;\" width=\"183\">Support<\/td>\n<td class=\"et2\" style=\"width: 115.9pt; text-align: center;\" width=\"154\">Taille<\/td>\n<\/tr>\n<tr style=\"height: 43.00pt;\">\n<td class=\"et2\" style=\"height: 43pt; width: 134.9pt; text-align: center;\" width=\"179\" height=\"57\">TS-8001D-L6<\/td>\n<td class=\"et2\" style=\"width: 128.85pt; text-align: center;\" width=\"171\">2x9W<\/td>\n<td class=\"et2\" style=\"width: 187.5pt; text-align: center;\" rowspan=\"3\" width=\"250\">fer avec rev\u00eatement en poudre<\/td>\n<td class=\"et2\" style=\"width: 137.25pt; text-align: center;\" rowspan=\"3\" width=\"183\">ABS int\u00e9gr\u00e9<\/td>\n<td class=\"et2\" style=\"width: 115.9pt; text-align: center;\" width=\"154\">620x35x43mm<\/td>\n<\/tr>\n<tr style=\"height: 43.00pt;\">\n<td class=\"et2\" style=\"height: 43pt; width: 134.9pt; text-align: center;\" width=\"179\" height=\"57\">TS-8001D-L12<\/td>\n<td class=\"et2\" style=\"width: 128.85pt; text-align: center;\" width=\"171\">2x18W<\/td>\n<td class=\"et2\" style=\"width: 115.9pt; text-align: center;\" width=\"154\">1220x35x43mm<\/td>\n<\/tr>\n<tr style=\"height: 43.00pt;\">\n<td class=\"et2\" style=\"height: 43pt; width: 134.9pt; text-align: center;\" width=\"179\" height=\"57\">TS-8001D-L15<\/td>\n<td class=\"et2\" style=\"width: 128.85pt; text-align: center;\" width=\"171\">2x24W<\/td>\n<td class=\"et2\" style=\"width: 115.9pt; text-align: center;\" width=\"154\">1520x35x43mm<\/td>\n<\/tr>\n<\/tbody>\n<\/table>","protected":false},"parent":0,"template":"","product_category":[132],"class_list":["post-3403","product","type-product","status-publish","hentry","product_category-led-tube"],"yoast_head":"<!-- This site is optimized with the Yoast SEO plugin v27.5 - https:\/\/yoast.com\/product\/yoast-seo-wordpress\/ -->\n<title>WholesaleLED Batten Fixture - TOSUNlux Official Site - Electrical Circuit Breaker Manufacturer in China Low Voltage Electrical Supplier | TOSUNlux<\/title>\n<meta name=\"description\" content=\"LED Batten Fixture Supplier - Wholesale direct from TOSUNlux, a trusted manufacturer since 1994. Get your B2B factory quote on our certified Low Voltage electrical products.\" \/>\n<meta name=\"robots\" content=\"index, follow, max-snippet:-1, max-image-preview:large, max-video-preview:-1\" \/>\n<link rel=\"canonical\" href=\"https:\/\/www.tosunlux.eu\/fr\/products\/led-batten-fixture\/\" \/>\n<meta property=\"og:locale\" content=\"fr_FR\" \/>\n<meta property=\"og:type\" content=\"article\" \/>\n<meta property=\"og:title\" content=\"WholesaleLED Batten Fixture - TOSUNlux Official Site - Electrical Circuit Breaker Manufacturer in China Low Voltage Electrical Supplier | TOSUNlux\" \/>\n<meta property=\"og:description\" content=\"LED Batten Fixture Supplier - Wholesale direct from TOSUNlux, a trusted manufacturer since 1994. Get your B2B factory quote on our certified Low Voltage electrical products.\" \/>\n<meta property=\"og:url\" content=\"https:\/\/www.tosunlux.eu\/fr\/products\/led-batten-fixture\/\" \/>\n<meta property=\"og:site_name\" content=\"TOSUNlux Official Site - Electrical Circuit Breaker Manufacturer in China\" \/>\n<meta property=\"article:publisher\" content=\"https:\/\/www.facebook.com\/TOSUNelectric\/\" \/>\n<meta property=\"article:modified_time\" content=\"2022-06-22T08:57:43+00:00\" \/>\n<meta property=\"og:image\" content=\"https:\/\/www.tosunlux.eu\/wp-content\/uploads\/2023\/04\/DSC08160_\u526f\u672c.jpg\" \/>\n\t<meta property=\"og:image:width\" content=\"1500\" \/>\n\t<meta property=\"og:image:height\" content=\"940\" \/>\n\t<meta property=\"og:image:type\" content=\"image\/jpeg\" \/>\n<meta name=\"twitter:card\" content=\"summary_large_image\" \/>\n<meta name=\"twitter:label1\" content=\"Dur\u00e9e de lecture estim\u00e9e\" \/>\n\t<meta name=\"twitter:data1\" content=\"1 minute\" \/>\n<script type=\"application\/ld+json\" class=\"yoast-schema-graph\">{\"@context\":\"https:\\\/\\\/schema.org\",\"@graph\":[{\"@type\":\"WebPage\",\"@id\":\"https:\\\/\\\/www.tosunlux.eu\\\/products\\\/led-batten-fixture\\\/\",\"url\":\"https:\\\/\\\/www.tosunlux.eu\\\/products\\\/led-batten-fixture\\\/\",\"name\":\"WholesaleLED Batten Fixture - TOSUNlux Official Site - Electrical Circuit Breaker Manufacturer in China Low Voltage Electrical Supplier | TOSUNlux\",\"isPartOf\":{\"@id\":\"https:\\\/\\\/www.tosunlux.eu\\\/ru\\\/#website\"},\"datePublished\":\"2022-05-25T10:21:15+00:00\",\"dateModified\":\"2022-06-22T08:57:43+00:00\",\"description\":\"LED Batten Fixture Supplier - Wholesale direct from TOSUNlux, a trusted manufacturer since 1994. Get your B2B factory quote on our certified Low Voltage electrical products.\",\"breadcrumb\":{\"@id\":\"https:\\\/\\\/www.tosunlux.eu\\\/products\\\/led-batten-fixture\\\/#breadcrumb\"},\"inLanguage\":\"fr-FR\",\"potentialAction\":[{\"@type\":\"ReadAction\",\"target\":[\"https:\\\/\\\/www.tosunlux.eu\\\/products\\\/led-batten-fixture\\\/\"]}]},{\"@type\":\"BreadcrumbList\",\"@id\":\"https:\\\/\\\/www.tosunlux.eu\\\/products\\\/led-batten-fixture\\\/#breadcrumb\",\"itemListElement\":[{\"@type\":\"ListItem\",\"position\":1,\"name\":\"Home\",\"item\":\"https:\\\/\\\/www.tosunlux.eu\\\/ru\\\/\"},{\"@type\":\"ListItem\",\"position\":2,\"name\":\"Products\",\"item\":\"https:\\\/\\\/www.tosunlux.eu\\\/products\\\/\"},{\"@type\":\"ListItem\",\"position\":3,\"name\":\"LED Batten Fixture\"}]},{\"@type\":\"WebSite\",\"@id\":\"https:\\\/\\\/www.tosunlux.eu\\\/ru\\\/#website\",\"url\":\"https:\\\/\\\/www.tosunlux.eu\\\/ru\\\/\",\"name\":\"TOSUNlux Official Site - Electrical Circuit Breaker Manufacturer in China\",\"description\":\"Power Distribution System Supplier\",\"publisher\":{\"@id\":\"https:\\\/\\\/www.tosunlux.eu\\\/ru\\\/#organization\"},\"alternateName\":\"TOSUNlux\",\"potentialAction\":[{\"@type\":\"SearchAction\",\"target\":{\"@type\":\"EntryPoint\",\"urlTemplate\":\"https:\\\/\\\/www.tosunlux.eu\\\/ru\\\/?s={search_term_string}\"},\"query-input\":{\"@type\":\"PropertyValueSpecification\",\"valueRequired\":true,\"valueName\":\"search_term_string\"}}],\"inLanguage\":\"fr-FR\"},{\"@type\":\"Organization\",\"@id\":\"https:\\\/\\\/www.tosunlux.eu\\\/ru\\\/#organization\",\"name\":\"TOSUNlux\",\"url\":\"https:\\\/\\\/www.tosunlux.eu\\\/ru\\\/\",\"logo\":{\"@type\":\"ImageObject\",\"inLanguage\":\"fr-FR\",\"@id\":\"https:\\\/\\\/www.tosunlux.eu\\\/ru\\\/#\\\/schema\\\/logo\\\/image\\\/\",\"url\":\"https:\\\/\\\/www.tosunlux.eu\\\/wp-content\\\/uploads\\\/2022\\\/01\\\/LOGOSYSM.71762f1.png\",\"contentUrl\":\"https:\\\/\\\/www.tosunlux.eu\\\/wp-content\\\/uploads\\\/2022\\\/01\\\/LOGOSYSM.71762f1.png\",\"width\":153,\"height\":55,\"caption\":\"TOSUNlux\"},\"image\":{\"@id\":\"https:\\\/\\\/www.tosunlux.eu\\\/ru\\\/#\\\/schema\\\/logo\\\/image\\\/\"},\"sameAs\":[\"https:\\\/\\\/www.facebook.com\\\/TOSUNelectric\\\/\",\"https:\\\/\\\/www.linkedin.com\\\/company\\\/wenzhou-tosun-electric-co.-ltd\\\/\"]}]}<\/script>\n<!-- \/ Yoast SEO plugin. -->","yoast_head_json":{"title":"R\u00e9glettes LED en gros - Site officiel TOSUNlux - Fabricant de disjoncteurs \u00e9lectriques en Chine Fournisseur d&#039;\u00e9quipements \u00e9lectriques basse tension | TOSUNlux","description":"Fournisseur de luminaires \u00e0 r\u00e9glettes LED - Vente en gros directement aupr\u00e8s de TOSUNlux, un fabricant de confiance depuis 1994. Obtenez votre devis d&#039;usine B2B sur nos produits \u00e9lectriques basse tension certifi\u00e9s.","robots":{"index":"index","follow":"follow","max-snippet":"max-snippet:-1","max-image-preview":"max-image-preview:large","max-video-preview":"max-video-preview:-1"},"canonical":"https:\/\/www.tosunlux.eu\/fr\/products\/led-batten-fixture\/","og_locale":"fr_FR","og_type":"article","og_title":"WholesaleLED Batten Fixture - TOSUNlux Official Site - Electrical Circuit Breaker Manufacturer in China Low Voltage Electrical Supplier | TOSUNlux","og_description":"LED Batten Fixture Supplier - Wholesale direct from TOSUNlux, a trusted manufacturer since 1994. Get your B2B factory quote on our certified Low Voltage electrical products.","og_url":"https:\/\/www.tosunlux.eu\/fr\/products\/led-batten-fixture\/","og_site_name":"TOSUNlux Official Site - Electrical Circuit Breaker Manufacturer in China","article_publisher":"https:\/\/www.facebook.com\/TOSUNelectric\/","article_modified_time":"2022-06-22T08:57:43+00:00","og_image":[{"width":1500,"height":940,"url":"https:\/\/www.tosunlux.eu\/wp-content\/uploads\/2023\/04\/DSC08160_\u526f\u672c.jpg","type":"image\/jpeg"}],"twitter_card":"summary_large_image","twitter_misc":{"Dur\u00e9e de lecture estim\u00e9e":"1 minute"},"schema":{"@context":"https:\/\/schema.org","@graph":[{"@type":"WebPage","@id":"https:\/\/www.tosunlux.eu\/products\/led-batten-fixture\/","url":"https:\/\/www.tosunlux.eu\/products\/led-batten-fixture\/","name":"R\u00e9glettes LED en gros - Site officiel TOSUNlux - Fabricant de disjoncteurs \u00e9lectriques en Chine Fournisseur d&#039;\u00e9quipements \u00e9lectriques basse tension | TOSUNlux","isPartOf":{"@id":"https:\/\/www.tosunlux.eu\/ru\/#website"},"datePublished":"2022-05-25T10:21:15+00:00","dateModified":"2022-06-22T08:57:43+00:00","description":"Fournisseur de luminaires \u00e0 r\u00e9glettes LED - Vente en gros directement aupr\u00e8s de TOSUNlux, un fabricant de confiance depuis 1994. Obtenez votre devis d&#039;usine B2B sur nos produits \u00e9lectriques basse tension certifi\u00e9s.","breadcrumb":{"@id":"https:\/\/www.tosunlux.eu\/products\/led-batten-fixture\/#breadcrumb"},"inLanguage":"fr-FR","potentialAction":[{"@type":"ReadAction","target":["https:\/\/www.tosunlux.eu\/products\/led-batten-fixture\/"]}]},{"@type":"BreadcrumbList","@id":"https:\/\/www.tosunlux.eu\/products\/led-batten-fixture\/#breadcrumb","itemListElement":[{"@type":"ListItem","position":1,"name":"Home","item":"https:\/\/www.tosunlux.eu\/ru\/"},{"@type":"ListItem","position":2,"name":"Products","item":"https:\/\/www.tosunlux.eu\/products\/"},{"@type":"ListItem","position":3,"name":"LED Batten Fixture"}]},{"@type":"WebSite","@id":"https:\/\/www.tosunlux.eu\/ru\/#website","url":"https:\/\/www.tosunlux.eu\/ru\/","name":"Site officiel TOSUNlux - Fabricant de disjoncteurs \u00e9lectriques en Chine","description":"Fournisseur de syst\u00e8me de distribution d&#039;\u00e9nergie","publisher":{"@id":"https:\/\/www.tosunlux.eu\/ru\/#organization"},"alternateName":"TOSUNlux","potentialAction":[{"@type":"SearchAction","target":{"@type":"EntryPoint","urlTemplate":"https:\/\/www.tosunlux.eu\/ru\/?s={search_term_string}"},"query-input":{"@type":"PropertyValueSpecification","valueRequired":true,"valueName":"search_term_string"}}],"inLanguage":"fr-FR"},{"@type":"Organization","@id":"https:\/\/www.tosunlux.eu\/ru\/#organization","name":"TOSUNlux","url":"https:\/\/www.tosunlux.eu\/ru\/","logo":{"@type":"ImageObject","inLanguage":"fr-FR","@id":"https:\/\/www.tosunlux.eu\/ru\/#\/schema\/logo\/image\/","url":"https:\/\/www.tosunlux.eu\/wp-content\/uploads\/2022\/01\/LOGOSYSM.71762f1.png","contentUrl":"https:\/\/www.tosunlux.eu\/wp-content\/uploads\/2022\/01\/LOGOSYSM.71762f1.png","width":153,"height":55,"caption":"TOSUNlux"},"image":{"@id":"https:\/\/www.tosunlux.eu\/ru\/#\/schema\/logo\/image\/"},"sameAs":["https:\/\/www.facebook.com\/TOSUNelectric\/","https:\/\/www.linkedin.com\/company\/wenzhou-tosun-electric-co.-ltd\/"]}]}},"_links":{"self":[{"href":"https:\/\/www.tosunlux.eu\/fr\/wp-json\/wp\/v2\/product\/3403","targetHints":{"allow":["GET"]}}],"collection":[{"href":"https:\/\/www.tosunlux.eu\/fr\/wp-json\/wp\/v2\/product"}],"about":[{"href":"https:\/\/www.tosunlux.eu\/fr\/wp-json\/wp\/v2\/types\/product"}],"version-history":[{"count":1,"href":"https:\/\/www.tosunlux.eu\/fr\/wp-json\/wp\/v2\/product\/3403\/revisions"}],"predecessor-version":[{"id":4173,"href":"https:\/\/www.tosunlux.eu\/fr\/wp-json\/wp\/v2\/product\/3403\/revisions\/4173"}],"wp:attachment":[{"href":"https:\/\/www.tosunlux.eu\/fr\/wp-json\/wp\/v2\/media?parent=3403"}],"wp:term":[{"taxonomy":"product_category","embeddable":true,"href":"https:\/\/www.tosunlux.eu\/fr\/wp-json\/wp\/v2\/product_category?post=3403"}],"curies":[{"name":"wp","href":"https:\/\/api.w.org\/{rel}","templated":true}]}}