{"id":3475,"date":"2022-06-07T17:15:57","date_gmt":"2022-06-07T09:15:57","guid":{"rendered":"https:\/\/www.tosunlux.eu\/?post_type=product&#038;p=3475"},"modified":"2022-06-08T10:39:10","modified_gmt":"2022-06-08T02:39:10","slug":"pv-combiner-box","status":"publish","type":"product","link":"https:\/\/www.tosunlux.eu\/fr\/products\/pv-combiner-box\/","title":{"rendered":"Bo\u00eetier de combinaison PV"},"content":{"rendered":"<p><strong>Description<\/strong><\/p>\n\n\n\n<div class=\"wp-block-group\"><div class=\"wp-block-group__inner-container is-layout-flow wp-block-group-is-layout-flow\">\n<ul class=\"wp-block-list\"><li>Haute fiabilit\u00e9<\/li><\/ul>\n\n\n\n<p>  Avec dispositif de protection contre les surtensions DC<\/p>\n\n\n\n<p>Avec fusible CC<\/p>\n\n\n\n<p>  Avec disjoncteur CC ou sectionneur de charge CC.<\/p>\n<\/div><\/div>\n\n\n\n<ul class=\"wp-block-list\"><li>Forte adaptabilit\u00e9<\/li><\/ul>\n\n\n\n<p>            Conception IP65, \u00e9tanche, anti-poussi\u00e8re et anti-ultraviolet.<\/p>\n\n\n\n<p>           Test strict pour haute et basse temp\u00e9rature, largement utilis\u00e9.<\/p>\n\n\n\n<p>           L&#039;installation simple, le c\u00e2blage simplifi\u00e9 du syst\u00e8me, le c\u00e2blage pratique.<\/p>\n\n\n\n<p>           Le corps de la bo\u00eete est en acier lamin\u00e9 \u00e0 froid et autres mat\u00e9riaux m\u00e9talliques.<\/p>\n\n\n\n<p class=\"has-text-align-left\">           Configuration flexible<\/p>\n\n\n\n<ul class=\"wp-block-list\"><li>Utilis\u00e9 pour les modules solaires en silicium monocristallin, les modules solaires en silicium polycristallin, les modules solaires \u00e0 couche mince. Le courant nominal du fusible photovolta\u00efque, du disjoncteur, de l&#039;interrupteur d&#039;isolement de charge est modifi\u00e9<\/li><\/ul>\n\n\n<p><strong>sp\u00e9cification<\/strong><\/p>\n<table width=\"1364\">\n<tbody>\n<tr>\n<td style=\"text-align: center;\" colspan=\"3\" width=\"361\">Mod\u00e8le<\/td>\n<td style=\"text-align: center;\" width=\"125\">\u00a0\u00a0\u00a0\u00a0\u00a0 TS-PV01<\/td>\n<td style=\"text-align: center;\" width=\"124\">\u00a0\u00a0\u00a0\u00a0\u00a0 TS-PV02<\/td>\n<td style=\"text-align: center;\" width=\"125\">\u00a0\u00a0\u00a0\u00a0\u00a0 TS-PV03<\/td>\n<td style=\"text-align: center;\" width=\"128\">TS-PV06<\/td>\n<td style=\"text-align: center;\" width=\"125\">TS-PV08<\/td>\n<td style=\"text-align: center;\" width=\"125\">TS-PV10<\/td>\n<td width=\"124\">TS-PV12<\/td>\n<td width=\"122\">TS-PV16<\/td>\n<\/tr>\n<tr>\n<td style=\"text-align: center;\" colspan=\"11\" width=\"1364\">Param\u00e8tre \u00e9lectrique<\/td>\n<\/tr>\n<tr>\n<td style=\"text-align: center;\" colspan=\"3\" width=\"361\">Tension CC maximale du syst\u00e8me<\/td>\n<td style=\"text-align: center;\" colspan=\"3\" width=\"376\">550\/1000V<\/td>\n<td style=\"text-align: center;\" colspan=\"5\" width=\"626\">1000V<\/td>\n<\/tr>\n<tr>\n<td style=\"text-align: center;\" colspan=\"3\" width=\"361\">Courant d&#039;entr\u00e9e maximal pour chaque cha\u00eene<\/td>\n<td style=\"text-align: center;\" colspan=\"8\" width=\"1003\">15A<\/td>\n<\/tr>\n<tr>\n<td style=\"text-align: center;\" colspan=\"3\" width=\"361\">Cha\u00eenes d&#039;entr\u00e9e maximales<\/td>\n<td style=\"text-align: center;\" width=\"125\">1<\/td>\n<td style=\"text-align: center;\" width=\"124\">2<\/td>\n<td style=\"text-align: center;\" width=\"125\">4<\/td>\n<td style=\"text-align: center;\" width=\"128\">6<\/td>\n<td style=\"text-align: center;\">8<\/td>\n<td style=\"text-align: center;\">10<\/td>\n<td style=\"text-align: center;\">12<\/td>\n<td style=\"text-align: center;\">16<\/td>\n<\/tr>\n<tr>\n<td style=\"text-align: center;\" colspan=\"3\" width=\"361\">Courant de commutation de sortie maximal<\/td>\n<td style=\"text-align: center;\" width=\"125\">16A\/20A<\/td>\n<td style=\"text-align: center;\" width=\"124\">20A\/32A<\/td>\n<td style=\"text-align: center;\" width=\"125\">50A\/63A<\/td>\n<td style=\"text-align: center;\" width=\"128\">100A<\/td>\n<td style=\"text-align: center;\">\u00a0\u00a0\u00a0\u00a0\u00a0\u00a0\u00a0\u00a0\u00a0\u00a0\u00a0\u00a0 125A<\/td>\n<td style=\"text-align: center;\">\u00a0\u00a0\u00a0\u00a0\u00a0\u00a0\u00a0\u00a0\u00a0\u00a0\u00a0\u00a0\u00a0 160A<\/td>\n<td style=\"text-align: center;\">\u00a0\u00a0\u00a0\u00a0\u00a0\u00a0\u00a0\u00a0\u00a0\u00a0\u00a0\u00a0 160A<\/td>\n<td style=\"text-align: center;\">\u00a0\u00a0\u00a0\u00a0\u00a0\u00a0\u00a0\u00a0\u00a0\u00a0\u00a0\u00a0\u00a0 200A<\/td>\n<\/tr>\n<tr>\n<td style=\"text-align: center;\" colspan=\"11\" width=\"1364\">Protection contre la foudre<\/td>\n<\/tr>\n<tr>\n<td style=\"text-align: center;\" colspan=\"3\" width=\"361\">Cat\u00e9gorie d&#039;essai<\/td>\n<td style=\"text-align: center;\" colspan=\"8\" width=\"1003\">Protection de niveau II<\/td>\n<\/tr>\n<tr>\n<td style=\"text-align: center;\" colspan=\"3\" width=\"361\">Courant nominal de d\u00e9charge<\/td>\n<td style=\"text-align: center;\" colspan=\"8\" width=\"1003\">20KA<\/td>\n<\/tr>\n<tr>\n<td style=\"text-align: center;\" colspan=\"3\" width=\"361\">Courant de d\u00e9charge maximal<\/td>\n<td style=\"text-align: center;\" colspan=\"8\" width=\"1003\">40KA<\/td>\n<\/tr>\n<tr>\n<td style=\"text-align: center;\" colspan=\"3\" width=\"361\">Niveau de protection de tension<\/td>\n<td style=\"text-align: center;\" colspan=\"3\" width=\"376\">2.8KV\/3.8KV<\/td>\n<td style=\"text-align: center;\" colspan=\"5\" width=\"626\">3.8KV<\/td>\n<\/tr>\n<tr>\n<td style=\"text-align: center;\" colspan=\"3\" width=\"361\">Tension maximale de fonctionnement continu Uc<\/td>\n<td style=\"text-align: center;\" colspan=\"3\" width=\"376\">630KV\/1050KV<\/td>\n<td style=\"text-align: center;\" colspan=\"5\" width=\"626\">1050KV<\/td>\n<\/tr>\n<tr>\n<td style=\"text-align: center;\" colspan=\"3\" width=\"361\">Poteaux<\/td>\n<td style=\"text-align: center;\" colspan=\"3\" width=\"376\">2P\/3P<\/td>\n<td style=\"text-align: center;\" colspan=\"5\" width=\"626\">3P<\/td>\n<\/tr>\n<tr>\n<td style=\"text-align: center;\" colspan=\"3\" width=\"361\">Caract\u00e9ristique structurelle<\/td>\n<td style=\"text-align: center;\" colspan=\"8\" width=\"1003\">Module plug-push<\/td>\n<\/tr>\n<tr>\n<td style=\"text-align: center;\" colspan=\"11\" width=\"1364\">Syst\u00e8me<\/td>\n<\/tr>\n<tr>\n<td style=\"text-align: center;\" colspan=\"3\" width=\"361\">Degr\u00e9 de protection<\/td>\n<td style=\"text-align: center;\" colspan=\"8\" width=\"1003\">IP65<\/td>\n<\/tr>\n<tr>\n<td style=\"text-align: center;\" colspan=\"3\" width=\"361\">Dispositif de sortie<\/td>\n<td style=\"text-align: center;\" colspan=\"4\" width=\"504\">Disjoncteur CC (standard)\/interrupteur d&#039;isolement CC (facultatif)<\/td>\n<td style=\"text-align: center;\" colspan=\"4\">Disjoncteur CC<\/td>\n<\/tr>\n<tr>\n<td style=\"text-align: center;\" colspan=\"3\" width=\"361\">Connecteurs \u00e9tanches<\/td>\n<td style=\"text-align: center;\" colspan=\"8\" width=\"1003\">Standard<\/td>\n<\/tr>\n<tr>\n<td style=\"text-align: center;\" colspan=\"3\" width=\"361\">Fusible CC PV<\/td>\n<td style=\"text-align: center;\" colspan=\"8\" width=\"1003\">Standard<\/td>\n<\/tr>\n<tr>\n<td style=\"text-align: center;\" colspan=\"3\" width=\"361\">Protecteur de surtension photovolta\u00efque<\/td>\n<td style=\"text-align: center;\" colspan=\"8\" width=\"1003\">Standard<\/td>\n<\/tr>\n<tr>\n<td style=\"text-align: center;\" colspan=\"3\" width=\"361\">Pr\u00e9vention de la diode<\/td>\n<td style=\"text-align: center;\" colspan=\"4\" width=\"504\">\u2014<\/td>\n<td style=\"text-align: center;\" colspan=\"4\">Facultatif<\/td>\n<\/tr>\n<tr>\n<td style=\"text-align: center;\" colspan=\"3\" width=\"361\">Mat\u00e9riau de la bo\u00eete<\/td>\n<td style=\"text-align: center;\" colspan=\"4\" width=\"504\">ABS+PC<\/td>\n<td style=\"text-align: center;\" colspan=\"4\">M\u00e9tal<\/td>\n<\/tr>\n<tr>\n<td style=\"text-align: center;\" colspan=\"3\" width=\"361\">M\u00e9thode d&#039;installation<\/td>\n<td style=\"text-align: center;\" colspan=\"8\" width=\"1003\">Type de montage mural<\/td>\n<\/tr>\n<tr>\n<td style=\"text-align: center;\" colspan=\"3\" width=\"361\">Temp\u00e9rature de fonctionnement<\/td>\n<td style=\"text-align: center;\" colspan=\"8\" width=\"1003\">-25\u00b0C~+55\u00b0C<\/td>\n<\/tr>\n<tr>\n<td style=\"text-align: center;\" colspan=\"3\" width=\"361\">\u00c9l\u00e9vation de la temp\u00e9rature<\/td>\n<td style=\"text-align: center;\" colspan=\"8\" width=\"1003\">2000M<\/td>\n<\/tr>\n<tr>\n<td style=\"text-align: center;\" colspan=\"3\" width=\"361\">Humidit\u00e9 relative admissible<\/td>\n<td style=\"text-align: center;\" colspan=\"8\" width=\"1003\">0-95%, pas de condensation<\/td>\n<\/tr>\n<\/tbody>\n<\/table>","protected":false},"parent":0,"template":"","product_category":[116],"class_list":["post-3475","product","type-product","status-publish","hentry","product_category-solar-combiner-box"],"yoast_head":"<!-- This site is optimized with the Yoast SEO plugin v27.5 - https:\/\/yoast.com\/product\/yoast-seo-wordpress\/ -->\n<title>WholesalePV Combiner Box - TOSUNlux Official Site - Electrical Circuit Breaker Manufacturer in China Low Voltage Electrical Supplier | TOSUNlux<\/title>\n<meta name=\"description\" content=\"PV Combiner Box Supplier - Wholesale direct from TOSUNlux, a trusted manufacturer since 1994. Get your B2B factory quote on our certified Low Voltage electrical products.\" \/>\n<meta name=\"robots\" content=\"index, follow, max-snippet:-1, max-image-preview:large, max-video-preview:-1\" \/>\n<link rel=\"canonical\" href=\"https:\/\/www.tosunlux.eu\/fr\/products\/pv-combiner-box\/\" \/>\n<meta property=\"og:locale\" content=\"fr_FR\" \/>\n<meta property=\"og:type\" content=\"article\" \/>\n<meta property=\"og:title\" content=\"WholesalePV Combiner Box - TOSUNlux Official Site - Electrical Circuit Breaker Manufacturer in China Low Voltage Electrical Supplier | TOSUNlux\" \/>\n<meta property=\"og:description\" content=\"PV Combiner Box Supplier - Wholesale direct from TOSUNlux, a trusted manufacturer since 1994. Get your B2B factory quote on our certified Low Voltage electrical products.\" \/>\n<meta property=\"og:url\" content=\"https:\/\/www.tosunlux.eu\/fr\/products\/pv-combiner-box\/\" \/>\n<meta property=\"og:site_name\" content=\"TOSUNlux Official Site - Electrical Circuit Breaker Manufacturer in China\" \/>\n<meta property=\"article:publisher\" content=\"https:\/\/www.facebook.com\/TOSUNelectric\/\" \/>\n<meta property=\"article:modified_time\" content=\"2022-06-08T02:39:10+00:00\" \/>\n<meta property=\"og:image\" content=\"https:\/\/www.tosunlux.eu\/wp-content\/uploads\/2023\/04\/DSC08160_\u526f\u672c.jpg\" \/>\n\t<meta property=\"og:image:width\" content=\"1500\" \/>\n\t<meta property=\"og:image:height\" content=\"940\" \/>\n\t<meta property=\"og:image:type\" content=\"image\/jpeg\" \/>\n<meta name=\"twitter:card\" content=\"summary_large_image\" \/>\n<meta name=\"twitter:label1\" content=\"Dur\u00e9e de lecture estim\u00e9e\" \/>\n\t<meta name=\"twitter:data1\" content=\"1 minute\" \/>\n<script type=\"application\/ld+json\" class=\"yoast-schema-graph\">{\"@context\":\"https:\\\/\\\/schema.org\",\"@graph\":[{\"@type\":\"WebPage\",\"@id\":\"https:\\\/\\\/www.tosunlux.eu\\\/ur\\\/products\\\/pv-combiner-box\\\/\",\"url\":\"https:\\\/\\\/www.tosunlux.eu\\\/ur\\\/products\\\/pv-combiner-box\\\/\",\"name\":\"WholesalePV Combiner Box - TOSUNlux Official Site - Electrical Circuit Breaker Manufacturer in China Low Voltage Electrical Supplier | TOSUNlux\",\"isPartOf\":{\"@id\":\"https:\\\/\\\/www.tosunlux.eu\\\/ru\\\/#website\"},\"datePublished\":\"2022-06-07T09:15:57+00:00\",\"dateModified\":\"2022-06-08T02:39:10+00:00\",\"description\":\"PV Combiner Box Supplier - Wholesale direct from TOSUNlux, a trusted manufacturer since 1994. Get your B2B factory quote on our certified Low Voltage electrical products.\",\"breadcrumb\":{\"@id\":\"https:\\\/\\\/www.tosunlux.eu\\\/ur\\\/products\\\/pv-combiner-box\\\/#breadcrumb\"},\"inLanguage\":\"fr-FR\",\"potentialAction\":[{\"@type\":\"ReadAction\",\"target\":[\"https:\\\/\\\/www.tosunlux.eu\\\/ur\\\/products\\\/pv-combiner-box\\\/\"]}]},{\"@type\":\"BreadcrumbList\",\"@id\":\"https:\\\/\\\/www.tosunlux.eu\\\/ur\\\/products\\\/pv-combiner-box\\\/#breadcrumb\",\"itemListElement\":[{\"@type\":\"ListItem\",\"position\":1,\"name\":\"Home\",\"item\":\"https:\\\/\\\/www.tosunlux.eu\\\/ru\\\/\"},{\"@type\":\"ListItem\",\"position\":2,\"name\":\"Products\",\"item\":\"https:\\\/\\\/www.tosunlux.eu\\\/products\\\/\"},{\"@type\":\"ListItem\",\"position\":3,\"name\":\"PV Combiner Box\"}]},{\"@type\":\"WebSite\",\"@id\":\"https:\\\/\\\/www.tosunlux.eu\\\/ru\\\/#website\",\"url\":\"https:\\\/\\\/www.tosunlux.eu\\\/ru\\\/\",\"name\":\"TOSUNlux Official Site - Electrical Circuit Breaker Manufacturer in China\",\"description\":\"Power Distribution System Supplier\",\"publisher\":{\"@id\":\"https:\\\/\\\/www.tosunlux.eu\\\/ru\\\/#organization\"},\"alternateName\":\"TOSUNlux\",\"potentialAction\":[{\"@type\":\"SearchAction\",\"target\":{\"@type\":\"EntryPoint\",\"urlTemplate\":\"https:\\\/\\\/www.tosunlux.eu\\\/ru\\\/?s={search_term_string}\"},\"query-input\":{\"@type\":\"PropertyValueSpecification\",\"valueRequired\":true,\"valueName\":\"search_term_string\"}}],\"inLanguage\":\"fr-FR\"},{\"@type\":\"Organization\",\"@id\":\"https:\\\/\\\/www.tosunlux.eu\\\/ru\\\/#organization\",\"name\":\"TOSUNlux\",\"url\":\"https:\\\/\\\/www.tosunlux.eu\\\/ru\\\/\",\"logo\":{\"@type\":\"ImageObject\",\"inLanguage\":\"fr-FR\",\"@id\":\"https:\\\/\\\/www.tosunlux.eu\\\/ru\\\/#\\\/schema\\\/logo\\\/image\\\/\",\"url\":\"https:\\\/\\\/www.tosunlux.eu\\\/wp-content\\\/uploads\\\/2022\\\/01\\\/LOGOSYSM.71762f1.png\",\"contentUrl\":\"https:\\\/\\\/www.tosunlux.eu\\\/wp-content\\\/uploads\\\/2022\\\/01\\\/LOGOSYSM.71762f1.png\",\"width\":153,\"height\":55,\"caption\":\"TOSUNlux\"},\"image\":{\"@id\":\"https:\\\/\\\/www.tosunlux.eu\\\/ru\\\/#\\\/schema\\\/logo\\\/image\\\/\"},\"sameAs\":[\"https:\\\/\\\/www.facebook.com\\\/TOSUNelectric\\\/\",\"https:\\\/\\\/www.linkedin.com\\\/company\\\/wenzhou-tosun-electric-co.-ltd\\\/\"]}]}<\/script>\n<!-- \/ Yoast SEO plugin. -->","yoast_head_json":{"title":"Coffret de combinaison photovolta\u00efque en gros - Site officiel de TOSUNlux - Fabricant de disjoncteurs \u00e9lectriques en Chine | Fournisseur d&#039;\u00e9quipements \u00e9lectriques basse tension | TOSUNlux","description":"Fournisseur de bo\u00eetiers de combinaison PV - Vente en gros directement aupr\u00e8s de TOSUNlux, un fabricant de confiance depuis 1994. Obtenez votre devis d&#039;usine B2B sur nos produits \u00e9lectriques basse tension certifi\u00e9s.","robots":{"index":"index","follow":"follow","max-snippet":"max-snippet:-1","max-image-preview":"max-image-preview:large","max-video-preview":"max-video-preview:-1"},"canonical":"https:\/\/www.tosunlux.eu\/fr\/products\/pv-combiner-box\/","og_locale":"fr_FR","og_type":"article","og_title":"WholesalePV Combiner Box - TOSUNlux Official Site - Electrical Circuit Breaker Manufacturer in China Low Voltage Electrical Supplier | TOSUNlux","og_description":"PV Combiner Box Supplier - Wholesale direct from TOSUNlux, a trusted manufacturer since 1994. Get your B2B factory quote on our certified Low Voltage electrical products.","og_url":"https:\/\/www.tosunlux.eu\/fr\/products\/pv-combiner-box\/","og_site_name":"TOSUNlux Official Site - Electrical Circuit Breaker Manufacturer in China","article_publisher":"https:\/\/www.facebook.com\/TOSUNelectric\/","article_modified_time":"2022-06-08T02:39:10+00:00","og_image":[{"width":1500,"height":940,"url":"https:\/\/www.tosunlux.eu\/wp-content\/uploads\/2023\/04\/DSC08160_\u526f\u672c.jpg","type":"image\/jpeg"}],"twitter_card":"summary_large_image","twitter_misc":{"Dur\u00e9e de lecture estim\u00e9e":"1 minute"},"schema":{"@context":"https:\/\/schema.org","@graph":[{"@type":"WebPage","@id":"https:\/\/www.tosunlux.eu\/ur\/products\/pv-combiner-box\/","url":"https:\/\/www.tosunlux.eu\/ur\/products\/pv-combiner-box\/","name":"Coffret de combinaison photovolta\u00efque en gros - Site officiel de TOSUNlux - Fabricant de disjoncteurs \u00e9lectriques en Chine | Fournisseur d&#039;\u00e9quipements \u00e9lectriques basse tension | TOSUNlux","isPartOf":{"@id":"https:\/\/www.tosunlux.eu\/ru\/#website"},"datePublished":"2022-06-07T09:15:57+00:00","dateModified":"2022-06-08T02:39:10+00:00","description":"Fournisseur de bo\u00eetiers de combinaison PV - Vente en gros directement aupr\u00e8s de TOSUNlux, un fabricant de confiance depuis 1994. Obtenez votre devis d&#039;usine B2B sur nos produits \u00e9lectriques basse tension certifi\u00e9s.","breadcrumb":{"@id":"https:\/\/www.tosunlux.eu\/ur\/products\/pv-combiner-box\/#breadcrumb"},"inLanguage":"fr-FR","potentialAction":[{"@type":"ReadAction","target":["https:\/\/www.tosunlux.eu\/ur\/products\/pv-combiner-box\/"]}]},{"@type":"BreadcrumbList","@id":"https:\/\/www.tosunlux.eu\/ur\/products\/pv-combiner-box\/#breadcrumb","itemListElement":[{"@type":"ListItem","position":1,"name":"Home","item":"https:\/\/www.tosunlux.eu\/ru\/"},{"@type":"ListItem","position":2,"name":"Products","item":"https:\/\/www.tosunlux.eu\/products\/"},{"@type":"ListItem","position":3,"name":"PV Combiner Box"}]},{"@type":"WebSite","@id":"https:\/\/www.tosunlux.eu\/ru\/#website","url":"https:\/\/www.tosunlux.eu\/ru\/","name":"Site officiel TOSUNlux - Fabricant de disjoncteurs \u00e9lectriques en Chine","description":"Fournisseur de syst\u00e8me de distribution d&#039;\u00e9nergie","publisher":{"@id":"https:\/\/www.tosunlux.eu\/ru\/#organization"},"alternateName":"TOSUNlux","potentialAction":[{"@type":"SearchAction","target":{"@type":"EntryPoint","urlTemplate":"https:\/\/www.tosunlux.eu\/ru\/?s={search_term_string}"},"query-input":{"@type":"PropertyValueSpecification","valueRequired":true,"valueName":"search_term_string"}}],"inLanguage":"fr-FR"},{"@type":"Organization","@id":"https:\/\/www.tosunlux.eu\/ru\/#organization","name":"TOSUNlux","url":"https:\/\/www.tosunlux.eu\/ru\/","logo":{"@type":"ImageObject","inLanguage":"fr-FR","@id":"https:\/\/www.tosunlux.eu\/ru\/#\/schema\/logo\/image\/","url":"https:\/\/www.tosunlux.eu\/wp-content\/uploads\/2022\/01\/LOGOSYSM.71762f1.png","contentUrl":"https:\/\/www.tosunlux.eu\/wp-content\/uploads\/2022\/01\/LOGOSYSM.71762f1.png","width":153,"height":55,"caption":"TOSUNlux"},"image":{"@id":"https:\/\/www.tosunlux.eu\/ru\/#\/schema\/logo\/image\/"},"sameAs":["https:\/\/www.facebook.com\/TOSUNelectric\/","https:\/\/www.linkedin.com\/company\/wenzhou-tosun-electric-co.-ltd\/"]}]}},"_links":{"self":[{"href":"https:\/\/www.tosunlux.eu\/fr\/wp-json\/wp\/v2\/product\/3475","targetHints":{"allow":["GET"]}}],"collection":[{"href":"https:\/\/www.tosunlux.eu\/fr\/wp-json\/wp\/v2\/product"}],"about":[{"href":"https:\/\/www.tosunlux.eu\/fr\/wp-json\/wp\/v2\/types\/product"}],"version-history":[{"count":1,"href":"https:\/\/www.tosunlux.eu\/fr\/wp-json\/wp\/v2\/product\/3475\/revisions"}],"predecessor-version":[{"id":10966,"href":"https:\/\/www.tosunlux.eu\/fr\/wp-json\/wp\/v2\/product\/3475\/revisions\/10966"}],"wp:attachment":[{"href":"https:\/\/www.tosunlux.eu\/fr\/wp-json\/wp\/v2\/media?parent=3475"}],"wp:term":[{"taxonomy":"product_category","embeddable":true,"href":"https:\/\/www.tosunlux.eu\/fr\/wp-json\/wp\/v2\/product_category?post=3475"}],"curies":[{"name":"wp","href":"https:\/\/api.w.org\/{rel}","templated":true}]}}