{"id":3485,"date":"2022-06-08T09:46:27","date_gmt":"2022-06-08T01:46:27","guid":{"rendered":"https:\/\/www.tosunlux.eu\/?post_type=product&#038;p=3485"},"modified":"2022-07-11T11:09:54","modified_gmt":"2022-07-11T03:09:54","slug":"tcp-motor-run-capacitor","status":"publish","type":"product","link":"https:\/\/www.tosunlux.eu\/fr\/products\/tcp-motor-run-capacitor\/","title":{"rendered":"Condensateur de fonctionnement du moteur TCP"},"content":{"rendered":"<p><strong>Application<\/strong><\/p>\n\n\n\n<p>\u00b7Convient pour le d\u00e9marrage et le fonctionnement d&#039;un moteur \u00e9lectrique monophas\u00e9 50\/60Hz AC.<\/p>\n\n\n\n<p>\u00b7 Largement utilis\u00e9 comme condensateur de d\u00e9marrage et de fonctionnement pour micro pompe \u00e0 eau, machine de nettoyage, machine \u00e0 laver et autres appareils \u00e9lectrom\u00e9nagers monophas\u00e9s.<\/p>\n\n\n\n<p>\u00b7Utilisez une coque en plastique ronde et un couvercle scell\u00e9 par isolation pour sceller, un couvercle en plastique pour sceller ou de la r\u00e9sine pour sceller.<\/p>\n\n\n\n<p>\u00b7Fond plat ou fond avec boulon M8*12.<\/p>\n\n\n\n<p>\u00b7Cosse, fil ou borne de c\u00e2ble.<\/p>\n\n\n\n<p>\u00b7Plastique, ABS ou PC.<\/p>\n\n\n\n<p><\/p>\n\n\n\n<p><strong>Caract\u00e9ristiques<\/strong><\/p>\n\n\n\n<p>\u00b7Structure non inductive en polypropyl\u00e8ne \u00e0 membrane m\u00e9tallique.<\/p>\n\n\n\n<p>\u00b7Petite taille, poids l\u00e9ger, longue dur\u00e9e de vie et excellentes performances d&#039;auto-gu\u00e9rison.<\/p>\n\n\n\n<p>\u00b7Haute r\u00e9sistance d&#039;isolation, petite \u00e9l\u00e9vation de temp\u00e9rature interne et excellente stabilit\u00e9 de capacit\u00e9.<\/p>\n\n\n\n<p>\u00b7Non toxique et sans fuite, favorable \u00e0 la protection de l&#039;environnement.<\/p>\n\n\n\n\n\n<p><strong>sp\u00e9cification<\/strong><\/p>\n\n\n<table style=\"border-collapse: collapse; width: 399.02pt;\" border=\"0\" width=\"532\" cellspacing=\"0\" cellpadding=\"0\">\n<tbody>\n<tr style=\"height: 69.00pt;\">\n<td class=\"et2\" style=\"height: 69.00pt; width: 172.50pt;\" width=\"230\" height=\"92\">Capacit\u00e9 (uf)<\/td>\n<td class=\"et2\" style=\"width: 226.50pt;\" width=\"302\">2,3,4,5,6,7,8,9,10,12,14,16,18,20,25,<br>30,35,40,45,50,55,60,70,80,90,100<\/td>\n<\/tr>\n<tr style=\"height: 30.00pt;\">\n<td class=\"et2\" style=\"height: 30.00pt; width: 172.50pt;\" width=\"230\" height=\"40\">Tension nominale<\/td>\n<td class=\"et2\" style=\"width: 226.50pt;\" width=\"302\">250 VCA 450 VCA<\/td>\n<\/tr>\n<tr style=\"height: 31.00pt;\">\n<td class=\"et2\" style=\"height: 31.00pt; width: 172.50pt;\" width=\"230\" height=\"41\">Tol\u00e9rance de capacit\u00e9<\/td>\n<td class=\"et2\" style=\"width: 226.50pt;\" width=\"302\">\u00b15%, \u00b110%<\/td>\n<\/tr>\n<tr style=\"height: 35.00pt;\">\n<td class=\"et2\" style=\"height: 35.00pt; width: 172.50pt;\" width=\"230\" height=\"46\">Facteur de dissipation<\/td>\n<td class=\"et2\" style=\"width: 226.50pt;\" width=\"302\">Tan\u22640.002 (\u00e0 100Hz et 20\u2103)<\/td>\n<\/tr>\n<tr style=\"height: 47.00pt;\">\n<td class=\"et2\" style=\"height: 47.00pt; width: 172.50pt;\" width=\"230\" height=\"62\">Tension de tenue<\/td>\n<td class=\"et2\" style=\"width: 226.50pt;\" width=\"302\">Entre les \u00e9lectrodes : 2.0Un 2s Entre l&#039;\u00e9lectrode et la coque : 2000VAC 2S<\/td>\n<\/tr>\n<tr style=\"height: 43.00pt;\">\n<td class=\"et2\" style=\"height: 43.00pt; width: 172.50pt;\" width=\"230\" height=\"57\">La resistance d&#039;isolement<\/td>\n<td class=\"et2\" style=\"width: 226.50pt;\" width=\"302\">TT\u22653000M\u03a9.uf (20&#039;C, 100VDC) <br>TT\u2265 2000M\u03a9.uf(20C,100VDC)<\/td>\n<\/tr>\n<tr style=\"height: 33.00pt;\">\n<td class=\"et2\" style=\"height: 33.00pt; width: 172.50pt;\" width=\"230\" height=\"44\">Temp\u00e9rature de fonctionnement<\/td>\n<td class=\"et2\" style=\"width: 226.50pt;\" width=\"302\">-25\u2103\uff5e+70\u2103<\/td>\n<\/tr>\n<\/tbody>\n<\/table>\n<p><strong>Dimension<\/strong><\/p>\n<p>Type TCP-1 4 broches<\/p>\n<p><\/p>\n<table style=\"border-collapse: collapse; width: 494.27pt;\" border=\"0\" width=\"659\" cellspacing=\"0\" cellpadding=\"0\">\n<tbody>\n<tr style=\"height: 36.00pt;\">\n<td class=\"et2\" style=\"height: 36.00pt; width: 81.05pt;\" width=\"108\" height=\"48\">Capacit\u00e9<\/td>\n<td class=\"et2\" style=\"width: 83.90pt;\" width=\"111\">DxH pour (450V)<\/td>\n<td class=\"et2\" style=\"width: 82.95pt;\" width=\"110\">DxH pour (250V)<\/td>\n<td class=\"et2\" style=\"width: 82.95pt;\" width=\"110\">Capacit\u00e9<\/td>\n<td class=\"et2\" style=\"width: 82.95pt;\" width=\"110\">DxH pour (450V)<\/td>\n<td class=\"et2\" style=\"width: 81.05pt;\" width=\"108\">DxH pour (250V)<\/td>\n<\/tr>\n<tr style=\"height: 19.00pt;\">\n<td class=\"et2\" style=\"height: 19.00pt; width: 81.05pt;\" width=\"108\" height=\"25\">2-6uf<\/td>\n<td class=\"et2\" style=\"width: 83.90pt;\" width=\"111\">30&#215;60<\/td>\n<td class=\"et2\" style=\"width: 82.95pt;\" width=\"110\">30&#215;60<\/td>\n<td class=\"et2\" style=\"width: 82.95pt;\" width=\"110\">35-40uf<\/td>\n<td class=\"et2\" style=\"width: 82.95pt;\" width=\"110\">45&#215;93<\/td>\n<td class=\"et2\" style=\"width: 81.05pt;\" width=\"108\">40&#215;70<\/td>\n<\/tr>\n<tr style=\"height: 19.00pt;\">\n<td class=\"et2\" style=\"height: 19.00pt; width: 81.05pt;\" width=\"108\" height=\"25\">7-10uf<\/td>\n<td class=\"et2\" style=\"width: 83.90pt;\" width=\"111\">35&#215;60<\/td>\n<td class=\"et2\" style=\"width: 82.95pt;\" width=\"110\">30&#215;60<\/td>\n<td class=\"et2\" style=\"width: 82.95pt;\" width=\"110\">45-50uf<\/td>\n<td class=\"et2\" style=\"width: 82.95pt;\" width=\"110\">50&#215;92<\/td>\n<td class=\"et2\" style=\"width: 81.05pt;\" width=\"108\">45&#215;70<\/td>\n<\/tr>\n<tr style=\"height: 20.00pt;\">\n<td class=\"et2\" style=\"height: 20.00pt; width: 81.05pt;\" width=\"108\" height=\"26\">12uf<\/td>\n<td class=\"et2\" style=\"width: 83.90pt;\" width=\"111\">35&#215;70<\/td>\n<td class=\"et2\" style=\"width: 82.95pt;\" width=\"110\">30&#215;60<\/td>\n<td class=\"et2\" style=\"width: 82.95pt;\" width=\"110\">55uf<\/td>\n<td class=\"et2\" style=\"width: 82.95pt;\" width=\"110\">50&#215;92<\/td>\n<td class=\"et2\" style=\"width: 81.05pt;\" width=\"108\">45&#215;93<\/td>\n<\/tr>\n<tr style=\"height: 19.00pt;\">\n<td class=\"et2\" style=\"height: 19.00pt; width: 81.05pt;\" width=\"108\" height=\"25\">14-18uf<\/td>\n<td class=\"et2\" style=\"width: 83.90pt;\" width=\"111\">40&#215;70<\/td>\n<td class=\"et2\" style=\"width: 82.95pt;\" width=\"110\">35&#215;60<\/td>\n<td class=\"et2\" style=\"width: 82.95pt;\" width=\"110\">60uf<\/td>\n<td class=\"et2\" style=\"width: 82.95pt;\" width=\"110\">50&#215;100<\/td>\n<td class=\"et2\" style=\"width: 81.05pt;\" width=\"108\">45&#215;93<\/td>\n<\/tr>\n<tr style=\"height: 19.00pt;\">\n<td class=\"et2\" style=\"height: 19.00pt; width: 81.05pt;\" width=\"108\" height=\"25\">20-25uf<\/td>\n<td class=\"et2\" style=\"width: 83.90pt;\" width=\"111\">45&#215;70<\/td>\n<td class=\"et2\" style=\"width: 82.95pt;\" width=\"110\">35&#215;70<\/td>\n<td class=\"et2\" style=\"width: 82.95pt;\" width=\"110\">70-80uf<\/td>\n<td class=\"et2\" style=\"width: 82.95pt;\" width=\"110\">50&#215;120<\/td>\n<td class=\"et2\" style=\"width: 81.05pt;\" width=\"108\">50&#215;92<\/td>\n<\/tr>\n<tr style=\"height: 22.00pt;\">\n<td class=\"et2\" style=\"height: 22.00pt; width: 81.05pt;\" width=\"108\" height=\"29\">30uf<\/td>\n<td class=\"et2\" style=\"width: 83.90pt;\" width=\"111\">45&#215;70<\/td>\n<td class=\"et2\" style=\"width: 82.95pt;\" width=\"110\">40&#215;70<\/td>\n<td class=\"et2\" style=\"width: 82.95pt;\" width=\"110\">90-100uf<\/td>\n<td class=\"et2\" style=\"width: 82.95pt;\" width=\"110\">50&#215;120<\/td>\n<td class=\"et2\" style=\"width: 81.05pt;\" width=\"108\">50&#215;100<\/td>\n<\/tr>\n<\/tbody>\n<\/table>\n<p>TCP-1 4 broches avec vis<\/p>\n<p><\/p>\n<table style=\"border-collapse: collapse; width: 494.27pt;\" border=\"0\" width=\"659\" cellspacing=\"0\" cellpadding=\"0\">\n<tbody>\n<tr style=\"height: 35.00pt;\">\n<td class=\"et2\" style=\"height: 35.00pt; width: 81.05pt;\" width=\"108\" height=\"46\">Capacit\u00e9<\/td>\n<td class=\"et2\" style=\"width: 83.90pt;\" width=\"111\">DxH pour (450V)<\/td>\n<td class=\"et2\" style=\"width: 82.95pt;\" width=\"110\">DxH pour (250V)<\/td>\n<td class=\"et2\" style=\"width: 82.95pt;\" width=\"110\">Capacit\u00e9<\/td>\n<td class=\"et2\" style=\"width: 82.95pt;\" width=\"110\">DxH pour (450V)<\/td>\n<td class=\"et2\" style=\"width: 81.05pt;\" width=\"108\">DxH pour (250V)<\/td>\n<\/tr>\n<tr style=\"height: 20.00pt;\">\n<td class=\"et2\" style=\"height: 20.00pt; width: 81.05pt;\" width=\"108\" height=\"26\">2-6uf<\/td>\n<td class=\"et2\" style=\"width: 83.90pt;\" width=\"111\">30&#215;57<\/td>\n<td class=\"et2\" style=\"width: 82.95pt;\" width=\"110\">30&#215;57<\/td>\n<td class=\"et2\" style=\"width: 82.95pt;\" width=\"110\">35-40uf<\/td>\n<td class=\"et2\" style=\"width: 82.95pt;\" width=\"110\">45&#215;95<\/td>\n<td class=\"et2\" style=\"width: 81.05pt;\" width=\"108\">40&#215;70<\/td>\n<\/tr>\n<tr style=\"height: 20.00pt;\">\n<td class=\"et2\" style=\"height: 20.00pt; width: 81.05pt;\" width=\"108\" height=\"26\">7-10uf<\/td>\n<td class=\"et2\" style=\"width: 83.90pt;\" width=\"111\">35&#215;65<\/td>\n<td class=\"et2\" style=\"width: 82.95pt;\" width=\"110\">30&#215;57<\/td>\n<td class=\"et2\" style=\"width: 82.95pt;\" width=\"110\">45-60uf<\/td>\n<td class=\"et2\" style=\"width: 82.95pt;\" width=\"110\">50&#215;106<\/td>\n<td class=\"et2\" style=\"width: 81.05pt;\" width=\"108\">45&#215;95<\/td>\n<\/tr>\n<tr style=\"height: 20.00pt;\">\n<td class=\"et2\" style=\"height: 20.00pt; width: 81.05pt;\" width=\"108\" height=\"26\">12uf<\/td>\n<td class=\"et2\" style=\"width: 83.90pt;\" width=\"111\">35&#215;65<\/td>\n<td class=\"et2\" style=\"width: 82.95pt;\" width=\"110\">35&#215;65<\/td>\n<td class=\"et2\" style=\"width: 82.95pt;\" width=\"110\">70uf<\/td>\n<td class=\"et2\" style=\"width: 82.95pt;\" width=\"110\">50&#215;116<\/td>\n<td class=\"et2\" style=\"width: 81.05pt;\" width=\"108\">50&#215;106<\/td>\n<\/tr>\n<tr style=\"height: 20.00pt;\">\n<td class=\"et2\" style=\"height: 20.00pt; width: 81.05pt;\" width=\"108\" height=\"26\">14-20uf<\/td>\n<td class=\"et2\" style=\"width: 83.90pt;\" width=\"111\">40&#215;70<\/td>\n<td class=\"et2\" style=\"width: 82.95pt;\" width=\"110\">35&#215;65<\/td>\n<td class=\"et2\" style=\"width: 82.95pt;\" width=\"110\">80-100uf<\/td>\n<td class=\"et2\" style=\"width: 82.95pt;\" width=\"110\">55&#215;120<\/td>\n<td class=\"et2\" style=\"width: 81.05pt;\" width=\"108\">50&#215;106<\/td>\n<\/tr>\n<tr style=\"height: 20.00pt;\">\n<td class=\"et2\" style=\"height: 20.00pt; width: 81.05pt;\" width=\"108\" height=\"26\">25-30uf<\/td>\n<td class=\"et2\" style=\"width: 83.90pt;\" width=\"111\">40&#215;95<\/td>\n<td class=\"et2\" style=\"width: 82.95pt;\" width=\"110\">40&#215;70<\/td>\n<td class=\"et2\" style=\"width: 82.95pt;\" width=\"110\">\u4e00<\/td>\n<td class=\"et2\" style=\"width: 82.95pt;\" width=\"110\">\u4e00<\/td>\n<td class=\"et2\" style=\"width: 81.05pt;\" width=\"108\">\u4e00<\/td>\n<\/tr>\n<\/tbody>\n<\/table>","protected":false},"parent":0,"template":"","product_category":[114],"class_list":["post-3485","product","type-product","status-publish","hentry","product_category-capacitor"],"yoast_head":"<!-- This site is optimized with the Yoast SEO plugin v27.5 - https:\/\/yoast.com\/product\/yoast-seo-wordpress\/ -->\n<title>WholesaleTCP Motor Run Capacitor - TOSUNlux Official Site - Electrical Circuit Breaker Manufacturer in China Low Voltage Electrical Supplier | TOSUNlux<\/title>\n<meta name=\"description\" content=\"TCP Motor Run Capacitor Supplier - Wholesale direct from TOSUNlux, a trusted manufacturer since 1994. Get your B2B factory quote on our certified Low Voltage electrical products.\" \/>\n<meta name=\"robots\" content=\"index, follow, max-snippet:-1, max-image-preview:large, max-video-preview:-1\" \/>\n<link rel=\"canonical\" href=\"https:\/\/www.tosunlux.eu\/fr\/products\/tcp-motor-run-capacitor\/\" \/>\n<meta property=\"og:locale\" content=\"fr_FR\" \/>\n<meta property=\"og:type\" content=\"article\" \/>\n<meta property=\"og:title\" content=\"WholesaleTCP Motor Run Capacitor - TOSUNlux Official Site - Electrical Circuit Breaker Manufacturer in China Low Voltage Electrical Supplier | TOSUNlux\" \/>\n<meta property=\"og:description\" content=\"TCP Motor Run Capacitor Supplier - Wholesale direct from TOSUNlux, a trusted manufacturer since 1994. Get your B2B factory quote on our certified Low Voltage electrical products.\" \/>\n<meta property=\"og:url\" content=\"https:\/\/www.tosunlux.eu\/fr\/products\/tcp-motor-run-capacitor\/\" \/>\n<meta property=\"og:site_name\" content=\"TOSUNlux Official Site - Electrical Circuit Breaker Manufacturer in China\" \/>\n<meta property=\"article:publisher\" content=\"https:\/\/www.facebook.com\/TOSUNelectric\/\" \/>\n<meta property=\"article:modified_time\" content=\"2022-07-11T03:09:54+00:00\" \/>\n<meta property=\"og:image\" content=\"https:\/\/www.tosunlux.eu\/wp-content\/uploads\/2023\/04\/DSC08160_\u526f\u672c.jpg\" \/>\n\t<meta property=\"og:image:width\" content=\"1500\" \/>\n\t<meta property=\"og:image:height\" content=\"940\" \/>\n\t<meta property=\"og:image:type\" content=\"image\/jpeg\" \/>\n<meta name=\"twitter:card\" content=\"summary_large_image\" \/>\n<meta name=\"twitter:label1\" content=\"Dur\u00e9e de lecture estim\u00e9e\" \/>\n\t<meta name=\"twitter:data1\" content=\"2 minutes\" \/>\n<script type=\"application\/ld+json\" class=\"yoast-schema-graph\">{\"@context\":\"https:\\\/\\\/schema.org\",\"@graph\":[{\"@type\":\"WebPage\",\"@id\":\"https:\\\/\\\/www.tosunlux.eu\\\/sq\\\/products\\\/tcp-motor-run-capacitor\\\/\",\"url\":\"https:\\\/\\\/www.tosunlux.eu\\\/sq\\\/products\\\/tcp-motor-run-capacitor\\\/\",\"name\":\"WholesaleTCP Motor Run Capacitor - TOSUNlux Official Site - Electrical Circuit Breaker Manufacturer in China Low Voltage Electrical Supplier | TOSUNlux\",\"isPartOf\":{\"@id\":\"https:\\\/\\\/www.tosunlux.eu\\\/ru\\\/#website\"},\"datePublished\":\"2022-06-08T01:46:27+00:00\",\"dateModified\":\"2022-07-11T03:09:54+00:00\",\"description\":\"TCP Motor Run Capacitor Supplier - Wholesale direct from TOSUNlux, a trusted manufacturer since 1994. Get your B2B factory quote on our certified Low Voltage electrical products.\",\"breadcrumb\":{\"@id\":\"https:\\\/\\\/www.tosunlux.eu\\\/sq\\\/products\\\/tcp-motor-run-capacitor\\\/#breadcrumb\"},\"inLanguage\":\"fr-FR\",\"potentialAction\":[{\"@type\":\"ReadAction\",\"target\":[\"https:\\\/\\\/www.tosunlux.eu\\\/sq\\\/products\\\/tcp-motor-run-capacitor\\\/\"]}]},{\"@type\":\"BreadcrumbList\",\"@id\":\"https:\\\/\\\/www.tosunlux.eu\\\/sq\\\/products\\\/tcp-motor-run-capacitor\\\/#breadcrumb\",\"itemListElement\":[{\"@type\":\"ListItem\",\"position\":1,\"name\":\"Home\",\"item\":\"https:\\\/\\\/www.tosunlux.eu\\\/ru\\\/\"},{\"@type\":\"ListItem\",\"position\":2,\"name\":\"Products\",\"item\":\"https:\\\/\\\/www.tosunlux.eu\\\/products\\\/\"},{\"@type\":\"ListItem\",\"position\":3,\"name\":\"TCP Motor Run Capacitor\"}]},{\"@type\":\"WebSite\",\"@id\":\"https:\\\/\\\/www.tosunlux.eu\\\/ru\\\/#website\",\"url\":\"https:\\\/\\\/www.tosunlux.eu\\\/ru\\\/\",\"name\":\"TOSUNlux Official Site - Electrical Circuit Breaker Manufacturer in China\",\"description\":\"Power Distribution System Supplier\",\"publisher\":{\"@id\":\"https:\\\/\\\/www.tosunlux.eu\\\/ru\\\/#organization\"},\"alternateName\":\"TOSUNlux\",\"potentialAction\":[{\"@type\":\"SearchAction\",\"target\":{\"@type\":\"EntryPoint\",\"urlTemplate\":\"https:\\\/\\\/www.tosunlux.eu\\\/ru\\\/?s={search_term_string}\"},\"query-input\":{\"@type\":\"PropertyValueSpecification\",\"valueRequired\":true,\"valueName\":\"search_term_string\"}}],\"inLanguage\":\"fr-FR\"},{\"@type\":\"Organization\",\"@id\":\"https:\\\/\\\/www.tosunlux.eu\\\/ru\\\/#organization\",\"name\":\"TOSUNlux\",\"url\":\"https:\\\/\\\/www.tosunlux.eu\\\/ru\\\/\",\"logo\":{\"@type\":\"ImageObject\",\"inLanguage\":\"fr-FR\",\"@id\":\"https:\\\/\\\/www.tosunlux.eu\\\/ru\\\/#\\\/schema\\\/logo\\\/image\\\/\",\"url\":\"https:\\\/\\\/www.tosunlux.eu\\\/wp-content\\\/uploads\\\/2022\\\/01\\\/LOGOSYSM.71762f1.png\",\"contentUrl\":\"https:\\\/\\\/www.tosunlux.eu\\\/wp-content\\\/uploads\\\/2022\\\/01\\\/LOGOSYSM.71762f1.png\",\"width\":153,\"height\":55,\"caption\":\"TOSUNlux\"},\"image\":{\"@id\":\"https:\\\/\\\/www.tosunlux.eu\\\/ru\\\/#\\\/schema\\\/logo\\\/image\\\/\"},\"sameAs\":[\"https:\\\/\\\/www.facebook.com\\\/TOSUNelectric\\\/\",\"https:\\\/\\\/www.linkedin.com\\\/company\\\/wenzhou-tosun-electric-co.-ltd\\\/\"]}]}<\/script>\n<!-- \/ Yoast SEO plugin. -->","yoast_head_json":{"title":"Condensateur de fonctionnement de moteur TCP en gros - Site officiel de TOSUNlux - Fabricant de disjoncteurs \u00e9lectriques en Chine Fournisseur d&#039;\u00e9lectricit\u00e9 basse tension | TOSUNlux","description":"Fournisseur de condensateurs de fonctionnement de moteur TCP - Vente en gros directement aupr\u00e8s de TOSUNlux, un fabricant de confiance depuis 1994. Obtenez votre devis d&#039;usine B2B sur nos produits \u00e9lectriques basse tension certifi\u00e9s.","robots":{"index":"index","follow":"follow","max-snippet":"max-snippet:-1","max-image-preview":"max-image-preview:large","max-video-preview":"max-video-preview:-1"},"canonical":"https:\/\/www.tosunlux.eu\/fr\/products\/tcp-motor-run-capacitor\/","og_locale":"fr_FR","og_type":"article","og_title":"WholesaleTCP Motor Run Capacitor - TOSUNlux Official Site - Electrical Circuit Breaker Manufacturer in China Low Voltage Electrical Supplier | TOSUNlux","og_description":"TCP Motor Run Capacitor Supplier - Wholesale direct from TOSUNlux, a trusted manufacturer since 1994. Get your B2B factory quote on our certified Low Voltage electrical products.","og_url":"https:\/\/www.tosunlux.eu\/fr\/products\/tcp-motor-run-capacitor\/","og_site_name":"TOSUNlux Official Site - Electrical Circuit Breaker Manufacturer in China","article_publisher":"https:\/\/www.facebook.com\/TOSUNelectric\/","article_modified_time":"2022-07-11T03:09:54+00:00","og_image":[{"width":1500,"height":940,"url":"https:\/\/www.tosunlux.eu\/wp-content\/uploads\/2023\/04\/DSC08160_\u526f\u672c.jpg","type":"image\/jpeg"}],"twitter_card":"summary_large_image","twitter_misc":{"Dur\u00e9e de lecture estim\u00e9e":"2 minutes"},"schema":{"@context":"https:\/\/schema.org","@graph":[{"@type":"WebPage","@id":"https:\/\/www.tosunlux.eu\/sq\/products\/tcp-motor-run-capacitor\/","url":"https:\/\/www.tosunlux.eu\/sq\/products\/tcp-motor-run-capacitor\/","name":"Condensateur de fonctionnement de moteur TCP en gros - Site officiel de TOSUNlux - Fabricant de disjoncteurs \u00e9lectriques en Chine Fournisseur d&#039;\u00e9lectricit\u00e9 basse tension | TOSUNlux","isPartOf":{"@id":"https:\/\/www.tosunlux.eu\/ru\/#website"},"datePublished":"2022-06-08T01:46:27+00:00","dateModified":"2022-07-11T03:09:54+00:00","description":"Fournisseur de condensateurs de fonctionnement de moteur TCP - Vente en gros directement aupr\u00e8s de TOSUNlux, un fabricant de confiance depuis 1994. Obtenez votre devis d&#039;usine B2B sur nos produits \u00e9lectriques basse tension certifi\u00e9s.","breadcrumb":{"@id":"https:\/\/www.tosunlux.eu\/sq\/products\/tcp-motor-run-capacitor\/#breadcrumb"},"inLanguage":"fr-FR","potentialAction":[{"@type":"ReadAction","target":["https:\/\/www.tosunlux.eu\/sq\/products\/tcp-motor-run-capacitor\/"]}]},{"@type":"BreadcrumbList","@id":"https:\/\/www.tosunlux.eu\/sq\/products\/tcp-motor-run-capacitor\/#breadcrumb","itemListElement":[{"@type":"ListItem","position":1,"name":"Home","item":"https:\/\/www.tosunlux.eu\/ru\/"},{"@type":"ListItem","position":2,"name":"Products","item":"https:\/\/www.tosunlux.eu\/products\/"},{"@type":"ListItem","position":3,"name":"TCP Motor Run Capacitor"}]},{"@type":"WebSite","@id":"https:\/\/www.tosunlux.eu\/ru\/#website","url":"https:\/\/www.tosunlux.eu\/ru\/","name":"Site officiel TOSUNlux - Fabricant de disjoncteurs \u00e9lectriques en Chine","description":"Fournisseur de syst\u00e8me de distribution d&#039;\u00e9nergie","publisher":{"@id":"https:\/\/www.tosunlux.eu\/ru\/#organization"},"alternateName":"TOSUNlux","potentialAction":[{"@type":"SearchAction","target":{"@type":"EntryPoint","urlTemplate":"https:\/\/www.tosunlux.eu\/ru\/?s={search_term_string}"},"query-input":{"@type":"PropertyValueSpecification","valueRequired":true,"valueName":"search_term_string"}}],"inLanguage":"fr-FR"},{"@type":"Organization","@id":"https:\/\/www.tosunlux.eu\/ru\/#organization","name":"TOSUNlux","url":"https:\/\/www.tosunlux.eu\/ru\/","logo":{"@type":"ImageObject","inLanguage":"fr-FR","@id":"https:\/\/www.tosunlux.eu\/ru\/#\/schema\/logo\/image\/","url":"https:\/\/www.tosunlux.eu\/wp-content\/uploads\/2022\/01\/LOGOSYSM.71762f1.png","contentUrl":"https:\/\/www.tosunlux.eu\/wp-content\/uploads\/2022\/01\/LOGOSYSM.71762f1.png","width":153,"height":55,"caption":"TOSUNlux"},"image":{"@id":"https:\/\/www.tosunlux.eu\/ru\/#\/schema\/logo\/image\/"},"sameAs":["https:\/\/www.facebook.com\/TOSUNelectric\/","https:\/\/www.linkedin.com\/company\/wenzhou-tosun-electric-co.-ltd\/"]}]}},"_links":{"self":[{"href":"https:\/\/www.tosunlux.eu\/fr\/wp-json\/wp\/v2\/product\/3485","targetHints":{"allow":["GET"]}}],"collection":[{"href":"https:\/\/www.tosunlux.eu\/fr\/wp-json\/wp\/v2\/product"}],"about":[{"href":"https:\/\/www.tosunlux.eu\/fr\/wp-json\/wp\/v2\/types\/product"}],"version-history":[{"count":0,"href":"https:\/\/www.tosunlux.eu\/fr\/wp-json\/wp\/v2\/product\/3485\/revisions"}],"wp:attachment":[{"href":"https:\/\/www.tosunlux.eu\/fr\/wp-json\/wp\/v2\/media?parent=3485"}],"wp:term":[{"taxonomy":"product_category","embeddable":true,"href":"https:\/\/www.tosunlux.eu\/fr\/wp-json\/wp\/v2\/product_category?post=3485"}],"curies":[{"name":"wp","href":"https:\/\/api.w.org\/{rel}","templated":true}]}}