{"id":3768,"date":"2022-06-13T13:08:30","date_gmt":"2022-06-13T05:08:30","guid":{"rendered":"https:\/\/www.tosunlux.eu\/?post_type=product&#038;p=3768"},"modified":"2023-03-16T13:15:03","modified_gmt":"2023-03-16T05:15:03","slug":"electrical-car-charger","status":"publish","type":"product","link":"https:\/\/www.tosunlux.eu\/fr\/products\/electrical-car-charger\/","title":{"rendered":"Chargeur de voiture \u00e9lectrique"},"content":{"rendered":"<figure class=\"wp-block-image size-large is-resized\"><img fetchpriority=\"high\" decoding=\"async\" src=\"https:\/\/www.tosunlux.eu\/wp-content\/uploads\/2022\/06\/\u5c01\u9762-1024x916.jpg\" alt=\"\" class=\"wp-image-3770\" width=\"734\" height=\"656\" srcset=\"https:\/\/www.tosunlux.eu\/wp-content\/uploads\/2022\/06\/\u5c01\u9762-1024x916.jpg 1024w, https:\/\/www.tosunlux.eu\/wp-content\/uploads\/2022\/06\/\u5c01\u9762-300x268.jpg 300w, https:\/\/www.tosunlux.eu\/wp-content\/uploads\/2022\/06\/\u5c01\u9762-768x687.jpg 768w, https:\/\/www.tosunlux.eu\/wp-content\/uploads\/2022\/06\/\u5c01\u9762-1536x1374.jpg 1536w, https:\/\/www.tosunlux.eu\/wp-content\/uploads\/2022\/06\/\u5c01\u9762-2048x1833.jpg 2048w\" sizes=\"(max-width: 734px) 100vw, 734px\" \/><\/figure>\n\n\n\n<p><\/p>\n\n\n\n<p><\/p>\n\n\n<p><strong>sp\u00e9cification<\/strong><\/p>\n<table width=\"744\">\n<tbody>\n<tr>\n<td style=\"text-align: center;\" width=\"210\">Taper&nbsp;<\/td>\n<td style=\"text-align: center;\" width=\"155\">E5T1132\/E5T2132<\/td>\n<td style=\"text-align: center;\" width=\"126\">E5T2332<\/td>\n<td style=\"text-align: center;\" width=\"127\">E5T2232<\/td>\n<td style=\"text-align: center;\" width=\"126\">E5T2432<\/td>\n<\/tr>\n<tr>\n<td style=\"text-align: center;\" width=\"210\">Alimentation CA<\/td>\n<td style=\"text-align: center;\" width=\"155\">1P+N+PE<\/td>\n<td style=\"text-align: center;\" width=\"126\">3P+N+PE<\/td>\n<td style=\"text-align: center;\" width=\"127\">1P+N+PE<\/td>\n<td style=\"text-align: center;\" width=\"126\">2P+N+PE<\/td>\n<\/tr>\n<tr>\n<td style=\"text-align: center;\" width=\"210\">Tension d&#039;alimentation<\/td>\n<td style=\"text-align: center;\" width=\"155\">AC230\uff5e\u00b110%<\/td>\n<td style=\"text-align: center;\" width=\"126\">AC400\uff5e\u00b110%<\/td>\n<td style=\"text-align: center;\" width=\"127\">AC230\uff5e\u00b110%<\/td>\n<td style=\"text-align: center;\" width=\"126\">AC400\uff5e\u00b110%<\/td>\n<\/tr>\n<tr>\n<td style=\"text-align: center;\" width=\"210\">Courant nominal<\/td>\n<td style=\"text-align: center;\" colspan=\"4\" width=\"534\">10-32A&nbsp;<\/td>\n<\/tr>\n<tr>\n<td style=\"text-align: center;\" width=\"210\">Puissance maximum<\/td>\n<td style=\"text-align: center;\" width=\"155\">7.4kW<\/td>\n<td style=\"text-align: center;\" width=\"126\">22kW<\/td>\n<td style=\"text-align: center;\" width=\"127\">7.4kW<\/td>\n<td style=\"text-align: center;\" width=\"126\">22kW<\/td>\n<\/tr>\n<tr>\n<td style=\"text-align: center;\" width=\"210\">Fr\u00e9quence<\/td>\n<td style=\"text-align: center;\" colspan=\"4\" width=\"534\">50-60Hz<\/td>\n<\/tr>\n<tr>\n<td style=\"text-align: center;\" width=\"210\">Longueur de c\u00e2ble<\/td>\n<td style=\"text-align: center;\" colspan=\"2\" width=\"281\">5m<\/td>\n<td style=\"text-align: center;\" colspan=\"2\" width=\"253\">Prise<\/td>\n<\/tr>\n<tr>\n<td style=\"text-align: center;\" width=\"210\">Prises\/fiches<\/td>\n<td style=\"text-align: center;\" width=\"155\">Type1\/Type2<\/td>\n<td style=\"text-align: center;\" colspan=\"3\" width=\"379\">Type 2<\/td>\n<\/tr>\n<tr>\n<td style=\"text-align: center;\" width=\"210\">Lester<\/td>\n<td style=\"text-align: center;\" width=\"155\">4,4 kg<\/td>\n<td style=\"text-align: center;\" width=\"126\">5,6\u00a0kg<\/td>\n<td style=\"text-align: center;\" width=\"127\">2,65 kg<\/td>\n<td style=\"text-align: center;\" width=\"126\">2,8 kg<\/td>\n<\/tr>\n<tr>\n<td style=\"text-align: center;\" width=\"210\">Classe IP<\/td>\n<td style=\"text-align: center;\" colspan=\"4\" width=\"534\">IP55<\/td>\n<\/tr>\n<tr>\n<td style=\"text-align: center;\" width=\"210\">Temp\u00e9rature de fonctionnement<\/td>\n<td style=\"text-align: center;\" colspan=\"4\" width=\"534\">-40\u2103-+45\u2103<\/td>\n<\/tr>\n<tr>\n<td style=\"text-align: center;\" width=\"210\">Mode de refroidissement<\/td>\n<td style=\"text-align: center;\" colspan=\"4\" width=\"534\">refroidissement naturel<\/td>\n<\/tr>\n<tr>\n<td style=\"text-align: center;\" width=\"210\">Couleur de la coque<\/td>\n<td style=\"text-align: center;\" colspan=\"4\" width=\"534\">blanc noir<\/td>\n<\/tr>\n<tr>\n<td style=\"text-align: center;\" width=\"210\">Retourner la coque<\/td>\n<td style=\"text-align: center;\" colspan=\"4\" width=\"534\">facultatif<\/td>\n<\/tr>\n<tr>\n<td style=\"text-align: center;\" width=\"210\">Fonction sp\u00e9ciale<\/td>\n<td style=\"text-align: center;\" colspan=\"4\" width=\"534\">RCMU\/DLB\/RFID en option&nbsp;<\/td>\n<\/tr>\n<tr>\n<td style=\"text-align: center;\" width=\"210\">Mode d&#039;installation<\/td>\n<td style=\"text-align: center;\" colspan=\"4\" width=\"534\">mur (par d\u00e9faut)\/colonne<\/td>\n<\/tr>\n<\/tbody>\n<\/table>\n\n\n<p><strong>Fonction sp\u00e9ciale<\/strong><\/p>\n\n\n\n<p>RCMU<\/p>\n\n\n\n<p>Si une fuite CC se produit pendant le processus de charge, la pile de charge sera d\u00e9connect\u00e9e, automatiquement r\u00e9cup\u00e9r\u00e9e apr\u00e8s avoir \u00e9limin\u00e9 le d\u00e9faut de fuite sans op\u00e9ration manuelle. Le contr\u00f4leur inspectera automatiquement le RCMU avant chaque processus de charge pour confirmer l&#039;\u00e9tat normal du RCMU.<\/p>\n\n\n\n<p>DLB<\/p>\n\n\n\n<p>Le type d&#039;\u00e9quilibrage de charge dynamique (DLB) est con\u00e7u pour une utilisation raisonnable de l&#039;\u00e9lectricit\u00e9 domestique en connectant un transformateur externe \u00e0 la pile de charge. Lorsque le volume de courant total d\u00e9tect\u00e9 par le transformateur d\u00e9passe le courant d\u00e9fini, la pile de charge diminue progressivement le courant de charge jusqu&#039;\u00e0 ce que la pile de charge cesse de se charger. Lorsque le courant total d\u00e9tect\u00e9 par le transformateur est inf\u00e9rieur au courant d\u00e9fini apr\u00e8s le pic de consommation d&#039;\u00e9lectricit\u00e9, la pile de charge commence automatiquement \u00e0 r\u00e9aliser un \u00e9quilibrage dynamique en s\u00e9lectionnant le courant appropri\u00e9 pour la charge. Le courant de charge de la pile de charge n&#039;est pas fixe, varie de 10A \u00e0 32A en fonction des besoins r\u00e9els, qui ne peuvent pas \u00eatre r\u00e9gl\u00e9s.<\/p>\n\n\n\n<p><strong>Dimensions<\/strong><\/p>\n\n\n\n<figure class=\"wp-block-image size-large\"><img decoding=\"async\" width=\"1024\" height=\"394\" src=\"https:\/\/www.tosunlux.eu\/wp-content\/uploads\/2022\/06\/\u65b0\u80fd\u6e90\u76ee\u5f55-2-1024x394.jpg\" alt=\"\" class=\"wp-image-3771\" srcset=\"https:\/\/www.tosunlux.eu\/wp-content\/uploads\/2022\/06\/\u65b0\u80fd\u6e90\u76ee\u5f55-2-1024x394.jpg 1024w, https:\/\/www.tosunlux.eu\/wp-content\/uploads\/2022\/06\/\u65b0\u80fd\u6e90\u76ee\u5f55-2-300x116.jpg 300w, https:\/\/www.tosunlux.eu\/wp-content\/uploads\/2022\/06\/\u65b0\u80fd\u6e90\u76ee\u5f55-2-768x296.jpg 768w, https:\/\/www.tosunlux.eu\/wp-content\/uploads\/2022\/06\/\u65b0\u80fd\u6e90\u76ee\u5f55-2-1536x592.jpg 1536w, https:\/\/www.tosunlux.eu\/wp-content\/uploads\/2022\/06\/\u65b0\u80fd\u6e90\u76ee\u5f55-2.jpg 1781w\" sizes=\"(max-width: 1024px) 100vw, 1024px\" \/><\/figure>","protected":false},"parent":0,"template":"","product_category":[157],"class_list":["post-3768","product","type-product","status-publish","hentry","product_category-electrical-car-charge"],"yoast_head":"<!-- This site is optimized with the Yoast SEO plugin v27.5 - https:\/\/yoast.com\/product\/yoast-seo-wordpress\/ -->\n<title>WholesaleElectrical Car Charger - TOSUNlux Official Site - Electrical Circuit Breaker Manufacturer in China Low Voltage Electrical Supplier | TOSUNlux<\/title>\n<meta name=\"description\" content=\"Electrical Car Charger Supplier - Wholesale direct from TOSUNlux, a trusted manufacturer since 1994. Get your B2B factory quote on our certified Low Voltage electrical products.\" \/>\n<meta name=\"robots\" content=\"index, follow, max-snippet:-1, max-image-preview:large, max-video-preview:-1\" \/>\n<link rel=\"canonical\" href=\"https:\/\/www.tosunlux.eu\/fr\/products\/electrical-car-charger\/\" \/>\n<meta property=\"og:locale\" content=\"fr_FR\" \/>\n<meta property=\"og:type\" content=\"article\" \/>\n<meta property=\"og:title\" content=\"WholesaleElectrical Car Charger - TOSUNlux Official Site - Electrical Circuit Breaker Manufacturer in China Low Voltage Electrical Supplier | TOSUNlux\" \/>\n<meta property=\"og:description\" content=\"Electrical Car Charger Supplier - Wholesale direct from TOSUNlux, a trusted manufacturer since 1994. Get your B2B factory quote on our certified Low Voltage electrical products.\" \/>\n<meta property=\"og:url\" content=\"https:\/\/www.tosunlux.eu\/fr\/products\/electrical-car-charger\/\" \/>\n<meta property=\"og:site_name\" content=\"TOSUNlux Official Site - Electrical Circuit Breaker Manufacturer in China\" \/>\n<meta property=\"article:publisher\" content=\"https:\/\/www.facebook.com\/TOSUNelectric\/\" \/>\n<meta property=\"article:modified_time\" content=\"2023-03-16T05:15:03+00:00\" \/>\n<meta property=\"og:image\" content=\"https:\/\/www.tosunlux.eu\/wp-content\/uploads\/2023\/04\/DSC08160_\u526f\u672c.jpg\" \/>\n\t<meta property=\"og:image:width\" content=\"1500\" \/>\n\t<meta property=\"og:image:height\" content=\"940\" \/>\n\t<meta property=\"og:image:type\" content=\"image\/jpeg\" \/>\n<meta name=\"twitter:card\" content=\"summary_large_image\" \/>\n<meta name=\"twitter:label1\" content=\"Dur\u00e9e de lecture estim\u00e9e\" \/>\n\t<meta name=\"twitter:data1\" content=\"2 minutes\" \/>\n<script type=\"application\/ld+json\" class=\"yoast-schema-graph\">{\"@context\":\"https:\\\/\\\/schema.org\",\"@graph\":[{\"@type\":\"WebPage\",\"@id\":\"https:\\\/\\\/www.tosunlux.eu\\\/id\\\/products\\\/electrical-car-charger\\\/\",\"url\":\"https:\\\/\\\/www.tosunlux.eu\\\/id\\\/products\\\/electrical-car-charger\\\/\",\"name\":\"WholesaleElectrical Car Charger - TOSUNlux Official Site - Electrical Circuit Breaker Manufacturer in China Low Voltage Electrical Supplier | TOSUNlux\",\"isPartOf\":{\"@id\":\"https:\\\/\\\/www.tosunlux.eu\\\/ru\\\/#website\"},\"datePublished\":\"2022-06-13T05:08:30+00:00\",\"dateModified\":\"2023-03-16T05:15:03+00:00\",\"description\":\"Electrical Car Charger Supplier - Wholesale direct from TOSUNlux, a trusted manufacturer since 1994. Get your B2B factory quote on our certified Low Voltage electrical products.\",\"breadcrumb\":{\"@id\":\"https:\\\/\\\/www.tosunlux.eu\\\/id\\\/products\\\/electrical-car-charger\\\/#breadcrumb\"},\"inLanguage\":\"fr-FR\",\"potentialAction\":[{\"@type\":\"ReadAction\",\"target\":[\"https:\\\/\\\/www.tosunlux.eu\\\/id\\\/products\\\/electrical-car-charger\\\/\"]}]},{\"@type\":\"BreadcrumbList\",\"@id\":\"https:\\\/\\\/www.tosunlux.eu\\\/id\\\/products\\\/electrical-car-charger\\\/#breadcrumb\",\"itemListElement\":[{\"@type\":\"ListItem\",\"position\":1,\"name\":\"Home\",\"item\":\"https:\\\/\\\/www.tosunlux.eu\\\/ru\\\/\"},{\"@type\":\"ListItem\",\"position\":2,\"name\":\"Products\",\"item\":\"https:\\\/\\\/www.tosunlux.eu\\\/products\\\/\"},{\"@type\":\"ListItem\",\"position\":3,\"name\":\"Electrical Car Charger\"}]},{\"@type\":\"WebSite\",\"@id\":\"https:\\\/\\\/www.tosunlux.eu\\\/ru\\\/#website\",\"url\":\"https:\\\/\\\/www.tosunlux.eu\\\/ru\\\/\",\"name\":\"TOSUNlux Official Site - Electrical Circuit Breaker Manufacturer in China\",\"description\":\"Power Distribution System Supplier\",\"publisher\":{\"@id\":\"https:\\\/\\\/www.tosunlux.eu\\\/ru\\\/#organization\"},\"alternateName\":\"TOSUNlux\",\"potentialAction\":[{\"@type\":\"SearchAction\",\"target\":{\"@type\":\"EntryPoint\",\"urlTemplate\":\"https:\\\/\\\/www.tosunlux.eu\\\/ru\\\/?s={search_term_string}\"},\"query-input\":{\"@type\":\"PropertyValueSpecification\",\"valueRequired\":true,\"valueName\":\"search_term_string\"}}],\"inLanguage\":\"fr-FR\"},{\"@type\":\"Organization\",\"@id\":\"https:\\\/\\\/www.tosunlux.eu\\\/ru\\\/#organization\",\"name\":\"TOSUNlux\",\"url\":\"https:\\\/\\\/www.tosunlux.eu\\\/ru\\\/\",\"logo\":{\"@type\":\"ImageObject\",\"inLanguage\":\"fr-FR\",\"@id\":\"https:\\\/\\\/www.tosunlux.eu\\\/ru\\\/#\\\/schema\\\/logo\\\/image\\\/\",\"url\":\"https:\\\/\\\/www.tosunlux.eu\\\/wp-content\\\/uploads\\\/2022\\\/01\\\/LOGOSYSM.71762f1.png\",\"contentUrl\":\"https:\\\/\\\/www.tosunlux.eu\\\/wp-content\\\/uploads\\\/2022\\\/01\\\/LOGOSYSM.71762f1.png\",\"width\":153,\"height\":55,\"caption\":\"TOSUNlux\"},\"image\":{\"@id\":\"https:\\\/\\\/www.tosunlux.eu\\\/ru\\\/#\\\/schema\\\/logo\\\/image\\\/\"},\"sameAs\":[\"https:\\\/\\\/www.facebook.com\\\/TOSUNelectric\\\/\",\"https:\\\/\\\/www.linkedin.com\\\/company\\\/wenzhou-tosun-electric-co.-ltd\\\/\"]}]}<\/script>\n<!-- \/ Yoast SEO plugin. -->","yoast_head_json":{"title":"Chargeurs de voiture \u00e9lectriques en gros - Site officiel de TOSUNlux - Fabricant de disjoncteurs \u00e9lectriques en Chine Fournisseur d&#039;\u00e9quipements \u00e9lectriques basse tension | TOSUNlux","description":"Fournisseur de chargeurs de voiture \u00e9lectriques - Vente en gros directement aupr\u00e8s de TOSUNlux, un fabricant de confiance depuis 1994. Obtenez votre devis d&#039;usine B2B sur nos produits \u00e9lectriques basse tension certifi\u00e9s.","robots":{"index":"index","follow":"follow","max-snippet":"max-snippet:-1","max-image-preview":"max-image-preview:large","max-video-preview":"max-video-preview:-1"},"canonical":"https:\/\/www.tosunlux.eu\/fr\/products\/electrical-car-charger\/","og_locale":"fr_FR","og_type":"article","og_title":"WholesaleElectrical Car Charger - TOSUNlux Official Site - Electrical Circuit Breaker Manufacturer in China Low Voltage Electrical Supplier | TOSUNlux","og_description":"Electrical Car Charger Supplier - Wholesale direct from TOSUNlux, a trusted manufacturer since 1994. Get your B2B factory quote on our certified Low Voltage electrical products.","og_url":"https:\/\/www.tosunlux.eu\/fr\/products\/electrical-car-charger\/","og_site_name":"TOSUNlux Official Site - Electrical Circuit Breaker Manufacturer in China","article_publisher":"https:\/\/www.facebook.com\/TOSUNelectric\/","article_modified_time":"2023-03-16T05:15:03+00:00","og_image":[{"width":1500,"height":940,"url":"https:\/\/www.tosunlux.eu\/wp-content\/uploads\/2023\/04\/DSC08160_\u526f\u672c.jpg","type":"image\/jpeg"}],"twitter_card":"summary_large_image","twitter_misc":{"Dur\u00e9e de lecture estim\u00e9e":"2 minutes"},"schema":{"@context":"https:\/\/schema.org","@graph":[{"@type":"WebPage","@id":"https:\/\/www.tosunlux.eu\/id\/products\/electrical-car-charger\/","url":"https:\/\/www.tosunlux.eu\/id\/products\/electrical-car-charger\/","name":"Chargeurs de voiture \u00e9lectriques en gros - Site officiel de TOSUNlux - Fabricant de disjoncteurs \u00e9lectriques en Chine Fournisseur d&#039;\u00e9quipements \u00e9lectriques basse tension | TOSUNlux","isPartOf":{"@id":"https:\/\/www.tosunlux.eu\/ru\/#website"},"datePublished":"2022-06-13T05:08:30+00:00","dateModified":"2023-03-16T05:15:03+00:00","description":"Fournisseur de chargeurs de voiture \u00e9lectriques - Vente en gros directement aupr\u00e8s de TOSUNlux, un fabricant de confiance depuis 1994. Obtenez votre devis d&#039;usine B2B sur nos produits \u00e9lectriques basse tension certifi\u00e9s.","breadcrumb":{"@id":"https:\/\/www.tosunlux.eu\/id\/products\/electrical-car-charger\/#breadcrumb"},"inLanguage":"fr-FR","potentialAction":[{"@type":"ReadAction","target":["https:\/\/www.tosunlux.eu\/id\/products\/electrical-car-charger\/"]}]},{"@type":"BreadcrumbList","@id":"https:\/\/www.tosunlux.eu\/id\/products\/electrical-car-charger\/#breadcrumb","itemListElement":[{"@type":"ListItem","position":1,"name":"Home","item":"https:\/\/www.tosunlux.eu\/ru\/"},{"@type":"ListItem","position":2,"name":"Products","item":"https:\/\/www.tosunlux.eu\/products\/"},{"@type":"ListItem","position":3,"name":"Electrical Car Charger"}]},{"@type":"WebSite","@id":"https:\/\/www.tosunlux.eu\/ru\/#website","url":"https:\/\/www.tosunlux.eu\/ru\/","name":"Site officiel TOSUNlux - Fabricant de disjoncteurs \u00e9lectriques en Chine","description":"Fournisseur de syst\u00e8me de distribution d&#039;\u00e9nergie","publisher":{"@id":"https:\/\/www.tosunlux.eu\/ru\/#organization"},"alternateName":"TOSUNlux","potentialAction":[{"@type":"SearchAction","target":{"@type":"EntryPoint","urlTemplate":"https:\/\/www.tosunlux.eu\/ru\/?s={search_term_string}"},"query-input":{"@type":"PropertyValueSpecification","valueRequired":true,"valueName":"search_term_string"}}],"inLanguage":"fr-FR"},{"@type":"Organization","@id":"https:\/\/www.tosunlux.eu\/ru\/#organization","name":"TOSUNlux","url":"https:\/\/www.tosunlux.eu\/ru\/","logo":{"@type":"ImageObject","inLanguage":"fr-FR","@id":"https:\/\/www.tosunlux.eu\/ru\/#\/schema\/logo\/image\/","url":"https:\/\/www.tosunlux.eu\/wp-content\/uploads\/2022\/01\/LOGOSYSM.71762f1.png","contentUrl":"https:\/\/www.tosunlux.eu\/wp-content\/uploads\/2022\/01\/LOGOSYSM.71762f1.png","width":153,"height":55,"caption":"TOSUNlux"},"image":{"@id":"https:\/\/www.tosunlux.eu\/ru\/#\/schema\/logo\/image\/"},"sameAs":["https:\/\/www.facebook.com\/TOSUNelectric\/","https:\/\/www.linkedin.com\/company\/wenzhou-tosun-electric-co.-ltd\/"]}]}},"_links":{"self":[{"href":"https:\/\/www.tosunlux.eu\/fr\/wp-json\/wp\/v2\/product\/3768","targetHints":{"allow":["GET"]}}],"collection":[{"href":"https:\/\/www.tosunlux.eu\/fr\/wp-json\/wp\/v2\/product"}],"about":[{"href":"https:\/\/www.tosunlux.eu\/fr\/wp-json\/wp\/v2\/types\/product"}],"version-history":[{"count":0,"href":"https:\/\/www.tosunlux.eu\/fr\/wp-json\/wp\/v2\/product\/3768\/revisions"}],"wp:attachment":[{"href":"https:\/\/www.tosunlux.eu\/fr\/wp-json\/wp\/v2\/media?parent=3768"}],"wp:term":[{"taxonomy":"product_category","embeddable":true,"href":"https:\/\/www.tosunlux.eu\/fr\/wp-json\/wp\/v2\/product_category?post=3768"}],"curies":[{"name":"wp","href":"https:\/\/api.w.org\/{rel}","templated":true}]}}