{"id":4016,"date":"2022-06-16T17:14:36","date_gmt":"2022-06-16T09:14:36","guid":{"rendered":"https:\/\/www.tosunlux.eu\/?post_type=product&#038;p=4016"},"modified":"2022-06-16T17:29:24","modified_gmt":"2022-06-16T09:29:24","slug":"led-solar-flood-light","status":"publish","type":"product","link":"https:\/\/www.tosunlux.eu\/fr\/products\/led-solar-flood-light\/","title":{"rendered":"Projecteur solaire \u00e0 LED"},"content":{"rendered":"<figure class=\"wp-block-image size-full is-resized\"><img fetchpriority=\"high\" decoding=\"async\" src=\"https:\/\/www.tosunlux.eu\/wp-content\/uploads\/2022\/06\/VMX0SZO0Q7EVFW32L4.png\" alt=\"\" class=\"wp-image-4020\" width=\"518\" height=\"492\" srcset=\"https:\/\/www.tosunlux.eu\/wp-content\/uploads\/2022\/06\/VMX0SZO0Q7EVFW32L4.png 475w, https:\/\/www.tosunlux.eu\/wp-content\/uploads\/2022\/06\/VMX0SZO0Q7EVFW32L4-300x285.png 300w\" sizes=\"(max-width: 518px) 100vw, 518px\" \/><\/figure>\n\n\n\n<p> <\/p>\n\n\n\n<p><\/p>\n\n\n<p><strong>sp\u00e9cification<\/strong><\/p>\n<table width=\"1140\">\n<tbody>\n<tr>\n<td style=\"text-align: center;\" width=\"125\">Mod\u00e8le<\/td>\n<td style=\"text-align: center;\" width=\"52\">Pouvoir<\/td>\n<td style=\"text-align: center;\" width=\"127\">Puce LED<\/td>\n<td style=\"text-align: center;\" width=\"165\">IRC<\/td>\n<td style=\"text-align: center;\" width=\"92\">Temp\u00e9rature de couleur<\/td>\n<td style=\"text-align: center;\" width=\"118\">Battaire<br \/>Capacit\u00e9<\/td>\n<td style=\"text-align: center;\" width=\"118\">Panneau solaire<br \/>Capacit\u00e9<\/td>\n<td style=\"text-align: center;\" width=\"120\">Panneau solaire<br \/>Taille(mm)<\/td>\n<td style=\"text-align: center;\" colspan=\"2\" width=\"94\">Temps de charge<\/td>\n<td style=\"text-align: center;\" width=\"76\">Temps de travail<\/td>\n<td style=\"text-align: center;\" width=\"48\">Classe IP<\/td>\n<\/tr>\n<tr>\n<td style=\"text-align: center;\" width=\"125\">TS-SFL-25W<\/td>\n<td style=\"text-align: center;\" width=\"52\">25W<\/td>\n<td style=\"text-align: center;\" rowspan=\"5\" width=\"127\">CMS2835<br \/>\/5730<\/td>\n<td style=\"text-align: center;\" rowspan=\"5\" width=\"165\">&gt;70Ra<\/td>\n<td style=\"text-align: center;\" rowspan=\"5\" width=\"92\">\u00c9PI<\/td>\n<td style=\"text-align: center;\" width=\"118\">3.2V\/5000mAH <br \/>32650 lithium\u00a0<\/td>\n<td style=\"text-align: center;\" width=\"118\">polycristallin <br \/>silicium 6V\/8W\u00a0<\/td>\n<td style=\"text-align: center;\" width=\"120\">350x190x17mm<\/td>\n<td style=\"text-align: center;\" colspan=\"2\" rowspan=\"5\" width=\"94\">3-4H<\/td>\n<td style=\"text-align: center;\" rowspan=\"5\" width=\"76\">12-18H<\/td>\n<td style=\"text-align: center;\" rowspan=\"5\" width=\"48\">IP65<\/td>\n<\/tr>\n<tr>\n<td style=\"text-align: center;\" width=\"125\">TS-SFL-40W<\/td>\n<td style=\"text-align: center;\" width=\"52\">40W<\/td>\n<td style=\"text-align: center;\" width=\"118\">3.2V\/10000mAH <br \/>32650 lithium\u00a0<\/td>\n<td style=\"text-align: center;\" width=\"118\">polycristallin <br \/>silicium 6V\/12W<\/td>\n<td style=\"text-align: center;\" width=\"120\">350x290x17mm<\/td>\n<\/tr>\n<tr>\n<td style=\"text-align: center;\" width=\"125\">TS-SFL-60W<\/td>\n<td style=\"text-align: center;\" width=\"52\">60W<\/td>\n<td style=\"text-align: center;\" width=\"118\">3.2V\/15000mAH <br \/>32650 lithium<\/td>\n<td style=\"text-align: center;\" width=\"118\">polycristallin <br \/>silicium 6V\/15W\u00a0<\/td>\n<td style=\"text-align: center;\" width=\"120\">350x350x17mm<\/td>\n<\/tr>\n<tr>\n<td style=\"text-align: center;\" width=\"125\">TS-SFL-100W<\/td>\n<td style=\"text-align: center;\" width=\"52\">100W<\/td>\n<td style=\"text-align: center;\" width=\"118\">3.2V\/25000mAH <br \/>32650 lithium<\/td>\n<td style=\"text-align: center;\" width=\"118\">polycristallin <br \/>silicium 6V\/25W\u00a0<\/td>\n<td style=\"text-align: center;\" width=\"120\">530x350x17mm<\/td>\n<\/tr>\n<tr>\n<td style=\"text-align: center;\" width=\"125\">TS-SFL-200W<\/td>\n<td style=\"text-align: center;\" width=\"52\">200W<\/td>\n<td style=\"text-align: center;\" width=\"118\">3.2V\/30000mAH <br \/>32650 lithium\u00a0<\/td>\n<td style=\"text-align: center;\" width=\"118\">polycristallin <br \/>silicium 6V\/30W<\/td>\n<td style=\"text-align: center;\">600x350x17mm<\/td>\n<\/tr>\n<\/tbody>\n<\/table>","protected":false},"parent":0,"template":"","product_category":[137],"class_list":["post-4016","product","type-product","status-publish","hentry","product_category-led-flood-light"],"yoast_head":"<!-- This site is optimized with the Yoast SEO plugin v27.5 - https:\/\/yoast.com\/product\/yoast-seo-wordpress\/ -->\n<title>WholesaleLED Solar Flood Light - TOSUNlux Official Site - Electrical Circuit Breaker Manufacturer in China Low Voltage Electrical Supplier | TOSUNlux<\/title>\n<meta name=\"description\" content=\"LED Solar Flood Light Supplier - Wholesale direct from TOSUNlux, a trusted manufacturer since 1994. Get your B2B factory quote on our certified Low Voltage electrical products.\" \/>\n<meta name=\"robots\" content=\"index, follow, max-snippet:-1, max-image-preview:large, max-video-preview:-1\" \/>\n<link rel=\"canonical\" href=\"https:\/\/www.tosunlux.eu\/fr\/products\/led-solar-flood-light\/\" \/>\n<meta property=\"og:locale\" content=\"fr_FR\" \/>\n<meta property=\"og:type\" content=\"article\" \/>\n<meta property=\"og:title\" content=\"WholesaleLED Solar Flood Light - TOSUNlux Official Site - Electrical Circuit Breaker Manufacturer in China Low Voltage Electrical Supplier | TOSUNlux\" \/>\n<meta property=\"og:description\" content=\"LED Solar Flood Light Supplier - Wholesale direct from TOSUNlux, a trusted manufacturer since 1994. Get your B2B factory quote on our certified Low Voltage electrical products.\" \/>\n<meta property=\"og:url\" content=\"https:\/\/www.tosunlux.eu\/fr\/products\/led-solar-flood-light\/\" \/>\n<meta property=\"og:site_name\" content=\"TOSUNlux Official Site - Electrical Circuit Breaker Manufacturer in China\" \/>\n<meta property=\"article:publisher\" content=\"https:\/\/www.facebook.com\/TOSUNelectric\/\" \/>\n<meta property=\"article:modified_time\" content=\"2022-06-16T09:29:24+00:00\" \/>\n<meta property=\"og:image\" content=\"https:\/\/www.tosunlux.eu\/wp-content\/uploads\/2022\/06\/VMX0SZO0Q7EVFW32L4.png\" \/>\n<meta name=\"twitter:card\" content=\"summary_large_image\" \/>\n<meta name=\"twitter:label1\" content=\"Dur\u00e9e de lecture estim\u00e9e\" \/>\n\t<meta name=\"twitter:data1\" content=\"1 minute\" \/>\n<script type=\"application\/ld+json\" class=\"yoast-schema-graph\">{\"@context\":\"https:\\\/\\\/schema.org\",\"@graph\":[{\"@type\":\"WebPage\",\"@id\":\"https:\\\/\\\/www.tosunlux.eu\\\/sq\\\/products\\\/led-solar-flood-light\\\/\",\"url\":\"https:\\\/\\\/www.tosunlux.eu\\\/sq\\\/products\\\/led-solar-flood-light\\\/\",\"name\":\"WholesaleLED Solar Flood Light - TOSUNlux Official Site - Electrical Circuit Breaker Manufacturer in China Low Voltage Electrical Supplier | TOSUNlux\",\"isPartOf\":{\"@id\":\"https:\\\/\\\/www.tosunlux.eu\\\/ru\\\/#website\"},\"primaryImageOfPage\":{\"@id\":\"https:\\\/\\\/www.tosunlux.eu\\\/sq\\\/products\\\/led-solar-flood-light\\\/#primaryimage\"},\"image\":{\"@id\":\"https:\\\/\\\/www.tosunlux.eu\\\/sq\\\/products\\\/led-solar-flood-light\\\/#primaryimage\"},\"thumbnailUrl\":\"https:\\\/\\\/www.tosunlux.eu\\\/wp-content\\\/uploads\\\/2022\\\/06\\\/VMX0SZO0Q7EVFW32L4.png\",\"datePublished\":\"2022-06-16T09:14:36+00:00\",\"dateModified\":\"2022-06-16T09:29:24+00:00\",\"description\":\"LED Solar Flood Light Supplier - Wholesale direct from TOSUNlux, a trusted manufacturer since 1994. Get your B2B factory quote on our certified Low Voltage electrical products.\",\"breadcrumb\":{\"@id\":\"https:\\\/\\\/www.tosunlux.eu\\\/sq\\\/products\\\/led-solar-flood-light\\\/#breadcrumb\"},\"inLanguage\":\"fr-FR\",\"potentialAction\":[{\"@type\":\"ReadAction\",\"target\":[\"https:\\\/\\\/www.tosunlux.eu\\\/sq\\\/products\\\/led-solar-flood-light\\\/\"]}]},{\"@type\":\"ImageObject\",\"inLanguage\":\"fr-FR\",\"@id\":\"https:\\\/\\\/www.tosunlux.eu\\\/sq\\\/products\\\/led-solar-flood-light\\\/#primaryimage\",\"url\":\"https:\\\/\\\/www.tosunlux.eu\\\/wp-content\\\/uploads\\\/2022\\\/06\\\/VMX0SZO0Q7EVFW32L4.png\",\"contentUrl\":\"https:\\\/\\\/www.tosunlux.eu\\\/wp-content\\\/uploads\\\/2022\\\/06\\\/VMX0SZO0Q7EVFW32L4.png\"},{\"@type\":\"BreadcrumbList\",\"@id\":\"https:\\\/\\\/www.tosunlux.eu\\\/sq\\\/products\\\/led-solar-flood-light\\\/#breadcrumb\",\"itemListElement\":[{\"@type\":\"ListItem\",\"position\":1,\"name\":\"Home\",\"item\":\"https:\\\/\\\/www.tosunlux.eu\\\/ru\\\/\"},{\"@type\":\"ListItem\",\"position\":2,\"name\":\"Products\",\"item\":\"https:\\\/\\\/www.tosunlux.eu\\\/products\\\/\"},{\"@type\":\"ListItem\",\"position\":3,\"name\":\"LED Solar Flood Light\"}]},{\"@type\":\"WebSite\",\"@id\":\"https:\\\/\\\/www.tosunlux.eu\\\/ru\\\/#website\",\"url\":\"https:\\\/\\\/www.tosunlux.eu\\\/ru\\\/\",\"name\":\"TOSUNlux Official Site - Electrical Circuit Breaker Manufacturer in China\",\"description\":\"Power Distribution System Supplier\",\"publisher\":{\"@id\":\"https:\\\/\\\/www.tosunlux.eu\\\/ru\\\/#organization\"},\"alternateName\":\"TOSUNlux\",\"potentialAction\":[{\"@type\":\"SearchAction\",\"target\":{\"@type\":\"EntryPoint\",\"urlTemplate\":\"https:\\\/\\\/www.tosunlux.eu\\\/ru\\\/?s={search_term_string}\"},\"query-input\":{\"@type\":\"PropertyValueSpecification\",\"valueRequired\":true,\"valueName\":\"search_term_string\"}}],\"inLanguage\":\"fr-FR\"},{\"@type\":\"Organization\",\"@id\":\"https:\\\/\\\/www.tosunlux.eu\\\/ru\\\/#organization\",\"name\":\"TOSUNlux\",\"url\":\"https:\\\/\\\/www.tosunlux.eu\\\/ru\\\/\",\"logo\":{\"@type\":\"ImageObject\",\"inLanguage\":\"fr-FR\",\"@id\":\"https:\\\/\\\/www.tosunlux.eu\\\/ru\\\/#\\\/schema\\\/logo\\\/image\\\/\",\"url\":\"https:\\\/\\\/www.tosunlux.eu\\\/wp-content\\\/uploads\\\/2022\\\/01\\\/LOGOSYSM.71762f1.png\",\"contentUrl\":\"https:\\\/\\\/www.tosunlux.eu\\\/wp-content\\\/uploads\\\/2022\\\/01\\\/LOGOSYSM.71762f1.png\",\"width\":153,\"height\":55,\"caption\":\"TOSUNlux\"},\"image\":{\"@id\":\"https:\\\/\\\/www.tosunlux.eu\\\/ru\\\/#\\\/schema\\\/logo\\\/image\\\/\"},\"sameAs\":[\"https:\\\/\\\/www.facebook.com\\\/TOSUNelectric\\\/\",\"https:\\\/\\\/www.linkedin.com\\\/company\\\/wenzhou-tosun-electric-co.-ltd\\\/\"]}]}<\/script>\n<!-- \/ Yoast SEO plugin. -->","yoast_head_json":{"title":"Projecteur solaire LED en gros - Site officiel TOSUNlux - Fabricant de disjoncteurs \u00e9lectriques en Chine Fournisseur d&#039;\u00e9quipements \u00e9lectriques basse tension | TOSUNlux","description":"Fournisseur de projecteurs solaires \u00e0 LED - Vente en gros directement aupr\u00e8s de TOSUNlux, un fabricant de confiance depuis 1994. Obtenez votre devis d&#039;usine B2B sur nos produits \u00e9lectriques basse tension certifi\u00e9s.","robots":{"index":"index","follow":"follow","max-snippet":"max-snippet:-1","max-image-preview":"max-image-preview:large","max-video-preview":"max-video-preview:-1"},"canonical":"https:\/\/www.tosunlux.eu\/fr\/products\/led-solar-flood-light\/","og_locale":"fr_FR","og_type":"article","og_title":"WholesaleLED Solar Flood Light - TOSUNlux Official Site - Electrical Circuit Breaker Manufacturer in China Low Voltage Electrical Supplier | TOSUNlux","og_description":"LED Solar Flood Light Supplier - Wholesale direct from TOSUNlux, a trusted manufacturer since 1994. Get your B2B factory quote on our certified Low Voltage electrical products.","og_url":"https:\/\/www.tosunlux.eu\/fr\/products\/led-solar-flood-light\/","og_site_name":"TOSUNlux Official Site - Electrical Circuit Breaker Manufacturer in China","article_publisher":"https:\/\/www.facebook.com\/TOSUNelectric\/","article_modified_time":"2022-06-16T09:29:24+00:00","og_image":[{"url":"https:\/\/www.tosunlux.eu\/wp-content\/uploads\/2022\/06\/VMX0SZO0Q7EVFW32L4.png","type":"","width":"","height":""}],"twitter_card":"summary_large_image","twitter_misc":{"Dur\u00e9e de lecture estim\u00e9e":"1 minute"},"schema":{"@context":"https:\/\/schema.org","@graph":[{"@type":"WebPage","@id":"https:\/\/www.tosunlux.eu\/sq\/products\/led-solar-flood-light\/","url":"https:\/\/www.tosunlux.eu\/sq\/products\/led-solar-flood-light\/","name":"Projecteur solaire LED en gros - Site officiel TOSUNlux - Fabricant de disjoncteurs \u00e9lectriques en Chine Fournisseur d&#039;\u00e9quipements \u00e9lectriques basse tension | TOSUNlux","isPartOf":{"@id":"https:\/\/www.tosunlux.eu\/ru\/#website"},"primaryImageOfPage":{"@id":"https:\/\/www.tosunlux.eu\/sq\/products\/led-solar-flood-light\/#primaryimage"},"image":{"@id":"https:\/\/www.tosunlux.eu\/sq\/products\/led-solar-flood-light\/#primaryimage"},"thumbnailUrl":"https:\/\/www.tosunlux.eu\/wp-content\/uploads\/2022\/06\/VMX0SZO0Q7EVFW32L4.png","datePublished":"2022-06-16T09:14:36+00:00","dateModified":"2022-06-16T09:29:24+00:00","description":"Fournisseur de projecteurs solaires \u00e0 LED - Vente en gros directement aupr\u00e8s de TOSUNlux, un fabricant de confiance depuis 1994. Obtenez votre devis d&#039;usine B2B sur nos produits \u00e9lectriques basse tension certifi\u00e9s.","breadcrumb":{"@id":"https:\/\/www.tosunlux.eu\/sq\/products\/led-solar-flood-light\/#breadcrumb"},"inLanguage":"fr-FR","potentialAction":[{"@type":"ReadAction","target":["https:\/\/www.tosunlux.eu\/sq\/products\/led-solar-flood-light\/"]}]},{"@type":"ImageObject","inLanguage":"fr-FR","@id":"https:\/\/www.tosunlux.eu\/sq\/products\/led-solar-flood-light\/#primaryimage","url":"https:\/\/www.tosunlux.eu\/wp-content\/uploads\/2022\/06\/VMX0SZO0Q7EVFW32L4.png","contentUrl":"https:\/\/www.tosunlux.eu\/wp-content\/uploads\/2022\/06\/VMX0SZO0Q7EVFW32L4.png"},{"@type":"BreadcrumbList","@id":"https:\/\/www.tosunlux.eu\/sq\/products\/led-solar-flood-light\/#breadcrumb","itemListElement":[{"@type":"ListItem","position":1,"name":"Home","item":"https:\/\/www.tosunlux.eu\/ru\/"},{"@type":"ListItem","position":2,"name":"Products","item":"https:\/\/www.tosunlux.eu\/products\/"},{"@type":"ListItem","position":3,"name":"LED Solar Flood Light"}]},{"@type":"WebSite","@id":"https:\/\/www.tosunlux.eu\/ru\/#website","url":"https:\/\/www.tosunlux.eu\/ru\/","name":"Site officiel TOSUNlux - Fabricant de disjoncteurs \u00e9lectriques en Chine","description":"Fournisseur de syst\u00e8me de distribution d&#039;\u00e9nergie","publisher":{"@id":"https:\/\/www.tosunlux.eu\/ru\/#organization"},"alternateName":"TOSUNlux","potentialAction":[{"@type":"SearchAction","target":{"@type":"EntryPoint","urlTemplate":"https:\/\/www.tosunlux.eu\/ru\/?s={search_term_string}"},"query-input":{"@type":"PropertyValueSpecification","valueRequired":true,"valueName":"search_term_string"}}],"inLanguage":"fr-FR"},{"@type":"Organization","@id":"https:\/\/www.tosunlux.eu\/ru\/#organization","name":"TOSUNlux","url":"https:\/\/www.tosunlux.eu\/ru\/","logo":{"@type":"ImageObject","inLanguage":"fr-FR","@id":"https:\/\/www.tosunlux.eu\/ru\/#\/schema\/logo\/image\/","url":"https:\/\/www.tosunlux.eu\/wp-content\/uploads\/2022\/01\/LOGOSYSM.71762f1.png","contentUrl":"https:\/\/www.tosunlux.eu\/wp-content\/uploads\/2022\/01\/LOGOSYSM.71762f1.png","width":153,"height":55,"caption":"TOSUNlux"},"image":{"@id":"https:\/\/www.tosunlux.eu\/ru\/#\/schema\/logo\/image\/"},"sameAs":["https:\/\/www.facebook.com\/TOSUNelectric\/","https:\/\/www.linkedin.com\/company\/wenzhou-tosun-electric-co.-ltd\/"]}]}},"_links":{"self":[{"href":"https:\/\/www.tosunlux.eu\/fr\/wp-json\/wp\/v2\/product\/4016","targetHints":{"allow":["GET"]}}],"collection":[{"href":"https:\/\/www.tosunlux.eu\/fr\/wp-json\/wp\/v2\/product"}],"about":[{"href":"https:\/\/www.tosunlux.eu\/fr\/wp-json\/wp\/v2\/types\/product"}],"version-history":[{"count":1,"href":"https:\/\/www.tosunlux.eu\/fr\/wp-json\/wp\/v2\/product\/4016\/revisions"}],"predecessor-version":[{"id":4022,"href":"https:\/\/www.tosunlux.eu\/fr\/wp-json\/wp\/v2\/product\/4016\/revisions\/4022"}],"wp:attachment":[{"href":"https:\/\/www.tosunlux.eu\/fr\/wp-json\/wp\/v2\/media?parent=4016"}],"wp:term":[{"taxonomy":"product_category","embeddable":true,"href":"https:\/\/www.tosunlux.eu\/fr\/wp-json\/wp\/v2\/product_category?post=4016"}],"curies":[{"name":"wp","href":"https:\/\/api.w.org\/{rel}","templated":true}]}}