{"id":4281,"date":"2022-07-07T16:18:20","date_gmt":"2022-07-07T08:18:20","guid":{"rendered":"https:\/\/www.tosunlux.eu\/?post_type=product&#038;p=4281"},"modified":"2022-07-07T16:18:21","modified_gmt":"2022-07-07T08:18:21","slug":"long-full-insulated-middle-terminal","status":"publish","type":"product","link":"https:\/\/www.tosunlux.eu\/fr\/products\/long-full-insulated-middle-terminal\/","title":{"rendered":"Terminal central long enti\u00e8rement isol\u00e9"},"content":{"rendered":"<p><strong>sp\u00e9cification<\/strong><\/p>\n<table style=\"border-collapse: collapse; width: 567.77pt;\" border=\"0\" width=\"757\" cellspacing=\"0\" cellpadding=\"0\">\n<tbody>\n<tr style=\"height: 13.50pt;\">\n<td class=\"et2\" style=\"height: 27pt; width: 96pt; text-align: center;\" rowspan=\"2\" width=\"128\" height=\"36\">Mod\u00e8le<\/td>\n<td class=\"et3\" style=\"width: 245.25pt; text-align: center;\" colspan=\"3\" width=\"327\">Dimensions<\/td>\n<td class=\"et3\" style=\"width: 159pt; text-align: center;\" rowspan=\"2\" width=\"212\">AWG<br \/>mm\u00b2<\/td>\n<td class=\"et5\" style=\"width: 67.5pt; text-align: center;\" rowspan=\"2\" width=\"90\">Couleur<\/td>\n<\/tr>\n<tr style=\"height: 13.50pt;\">\n<td class=\"et2\" style=\"width: 81.75pt; text-align: center;\" width=\"109\">L<\/td>\n<td class=\"et2\" style=\"width: 81.75pt; text-align: center;\" width=\"109\">D\u03c6<\/td>\n<td class=\"et2\" style=\"width: 81.75pt; text-align: center;\" width=\"109\">d\u03c6<\/td>\n<\/tr>\n<tr style=\"height: 13.50pt;\">\n<td class=\"et6\" style=\"height: 13.5pt; text-align: center;\" height=\"18\">BNFY-0.5<\/td>\n<td class=\"et6\" style=\"text-align: center;\" align=\"right\">20<\/td>\n<td class=\"et6\" style=\"text-align: center;\" align=\"right\">2<\/td>\n<td class=\"et6\" style=\"text-align: center;\" align=\"right\">1.3<\/td>\n<td class=\"et6\" style=\"text-align: center;\">26-22A.WG 0.2-0.5mm\u00b2 9A<\/td>\n<td class=\"et6\" style=\"text-align: center;\">Jaune<\/td>\n<\/tr>\n<tr style=\"height: 13.50pt;\">\n<td class=\"et6\" style=\"height: 13.5pt; text-align: center;\" height=\"18\">BNFY-1.25<\/td>\n<td class=\"et6\" style=\"text-align: center;\" align=\"right\">27.3<\/td>\n<td class=\"et6\" style=\"text-align: center;\" align=\"right\">3.2<\/td>\n<td class=\"et6\" style=\"text-align: center;\" align=\"right\">1.7<\/td>\n<td class=\"et6\" style=\"text-align: center;\">26-16A.WG 0.5-1.5mm\u00b2 19A<\/td>\n<td class=\"et6\" style=\"text-align: center;\">Rouge<\/td>\n<\/tr>\n<tr style=\"height: 13.50pt;\">\n<td class=\"et6\" style=\"height: 13.5pt; text-align: center;\" height=\"18\">BNFY-2<\/td>\n<td class=\"et6\" style=\"text-align: center;\" align=\"right\">27.3<\/td>\n<td class=\"et6\" style=\"text-align: center;\" align=\"right\">3.8<\/td>\n<td class=\"et6\" style=\"text-align: center;\" align=\"right\">2.3<\/td>\n<td class=\"et6\" style=\"text-align: center;\">16-14A.WG 1.5-2.5mm\u00b2 27A<\/td>\n<td class=\"et6\" style=\"text-align: center;\">Bleu<\/td>\n<\/tr>\n<tr style=\"height: 13.50pt;\">\n<td class=\"et6\" style=\"height: 13.5pt; text-align: center;\" height=\"18\">BNFY-5.5<\/td>\n<td class=\"et6\" style=\"text-align: center;\" align=\"right\">27.3<\/td>\n<td class=\"et6\" style=\"text-align: center;\" align=\"right\">5.3<\/td>\n<td class=\"et6\" style=\"text-align: center;\" align=\"right\">3.4<\/td>\n<td class=\"et6\" style=\"text-align: center;\">12-10A.WG 4-6mm\u00b2 48A<\/td>\n<td class=\"et6\" style=\"text-align: center;\">Jaune<\/td>\n<\/tr>\n<\/tbody>\n<\/table>\n\n\n<p><\/p>","protected":false},"parent":0,"template":"","product_category":[108],"class_list":["post-4281","product","type-product","status-publish","hentry","product_category-pre-insulated-terminal"],"yoast_head":"<!-- This site is optimized with the Yoast SEO plugin v27.3 - https:\/\/yoast.com\/product\/yoast-seo-wordpress\/ -->\n<title>WholesaleLong Full Insulated Middle Terminal - TOSUNlux Official Site - Electrical Circuit Breaker Manufacturer in China Low Voltage Electrical Supplier | TOSUNlux<\/title>\n<meta name=\"description\" content=\"Long Full Insulated Middle Terminal Supplier - Wholesale direct from TOSUNlux, a trusted manufacturer since 1994. Get your B2B factory quote on our certified Low Voltage electrical products.\" \/>\n<meta name=\"robots\" content=\"index, follow, max-snippet:-1, max-image-preview:large, max-video-preview:-1\" \/>\n<link rel=\"canonical\" href=\"https:\/\/www.tosunlux.eu\/fr\/products\/long-full-insulated-middle-terminal\/\" \/>\n<meta property=\"og:locale\" content=\"fr_FR\" \/>\n<meta property=\"og:type\" content=\"article\" \/>\n<meta property=\"og:title\" content=\"WholesaleLong Full Insulated Middle Terminal - TOSUNlux Official Site - Electrical Circuit Breaker Manufacturer in China Low Voltage Electrical Supplier | TOSUNlux\" \/>\n<meta property=\"og:description\" content=\"Long Full Insulated Middle Terminal Supplier - Wholesale direct from TOSUNlux, a trusted manufacturer since 1994. Get your B2B factory quote on our certified Low Voltage electrical products.\" \/>\n<meta property=\"og:url\" content=\"https:\/\/www.tosunlux.eu\/fr\/products\/long-full-insulated-middle-terminal\/\" \/>\n<meta property=\"og:site_name\" content=\"TOSUNlux Official Site - Electrical Circuit Breaker Manufacturer in China\" \/>\n<meta property=\"article:publisher\" content=\"https:\/\/www.facebook.com\/TOSUNelectric\/\" \/>\n<meta property=\"article:modified_time\" content=\"2022-07-07T08:18:21+00:00\" \/>\n<meta property=\"og:image\" content=\"https:\/\/www.tosunlux.eu\/wp-content\/uploads\/2023\/04\/DSC08160_\u526f\u672c.jpg\" \/>\n\t<meta property=\"og:image:width\" content=\"1500\" \/>\n\t<meta property=\"og:image:height\" content=\"940\" \/>\n\t<meta property=\"og:image:type\" content=\"image\/jpeg\" \/>\n<meta name=\"twitter:card\" content=\"summary_large_image\" \/>\n<meta name=\"twitter:label1\" content=\"Dur\u00e9e de lecture estim\u00e9e\" \/>\n\t<meta name=\"twitter:data1\" content=\"1 minute\" \/>\n<script type=\"application\/ld+json\" class=\"yoast-schema-graph\">{\"@context\":\"https:\\\/\\\/schema.org\",\"@graph\":[{\"@type\":\"WebPage\",\"@id\":\"https:\\\/\\\/www.tosunlux.eu\\\/tr\\\/products\\\/long-full-insulated-middle-terminal\\\/\",\"url\":\"https:\\\/\\\/www.tosunlux.eu\\\/tr\\\/products\\\/long-full-insulated-middle-terminal\\\/\",\"name\":\"WholesaleLong Full Insulated Middle Terminal - TOSUNlux Official Site - Electrical Circuit Breaker Manufacturer in China Low Voltage Electrical Supplier | TOSUNlux\",\"isPartOf\":{\"@id\":\"https:\\\/\\\/www.tosunlux.eu\\\/ru\\\/#website\"},\"datePublished\":\"2022-07-07T08:18:20+00:00\",\"dateModified\":\"2022-07-07T08:18:21+00:00\",\"description\":\"Long Full Insulated Middle Terminal Supplier - Wholesale direct from TOSUNlux, a trusted manufacturer since 1994. Get your B2B factory quote on our certified Low Voltage electrical products.\",\"breadcrumb\":{\"@id\":\"https:\\\/\\\/www.tosunlux.eu\\\/tr\\\/products\\\/long-full-insulated-middle-terminal\\\/#breadcrumb\"},\"inLanguage\":\"fr-FR\",\"potentialAction\":[{\"@type\":\"ReadAction\",\"target\":[\"https:\\\/\\\/www.tosunlux.eu\\\/tr\\\/products\\\/long-full-insulated-middle-terminal\\\/\"]}]},{\"@type\":\"BreadcrumbList\",\"@id\":\"https:\\\/\\\/www.tosunlux.eu\\\/tr\\\/products\\\/long-full-insulated-middle-terminal\\\/#breadcrumb\",\"itemListElement\":[{\"@type\":\"ListItem\",\"position\":1,\"name\":\"Home\",\"item\":\"https:\\\/\\\/www.tosunlux.eu\\\/ru\\\/\"},{\"@type\":\"ListItem\",\"position\":2,\"name\":\"Products\",\"item\":\"https:\\\/\\\/www.tosunlux.eu\\\/products\\\/\"},{\"@type\":\"ListItem\",\"position\":3,\"name\":\"Long Full Insulated Middle Terminal\"}]},{\"@type\":\"WebSite\",\"@id\":\"https:\\\/\\\/www.tosunlux.eu\\\/ru\\\/#website\",\"url\":\"https:\\\/\\\/www.tosunlux.eu\\\/ru\\\/\",\"name\":\"TOSUNlux Official Site - Electrical Circuit Breaker Manufacturer in China\",\"description\":\"Power Distribution System Supplier\",\"publisher\":{\"@id\":\"https:\\\/\\\/www.tosunlux.eu\\\/ru\\\/#organization\"},\"alternateName\":\"TOSUNlux\",\"potentialAction\":[{\"@type\":\"SearchAction\",\"target\":{\"@type\":\"EntryPoint\",\"urlTemplate\":\"https:\\\/\\\/www.tosunlux.eu\\\/ru\\\/?s={search_term_string}\"},\"query-input\":{\"@type\":\"PropertyValueSpecification\",\"valueRequired\":true,\"valueName\":\"search_term_string\"}}],\"inLanguage\":\"fr-FR\"},{\"@type\":\"Organization\",\"@id\":\"https:\\\/\\\/www.tosunlux.eu\\\/ru\\\/#organization\",\"name\":\"TOSUNlux\",\"url\":\"https:\\\/\\\/www.tosunlux.eu\\\/ru\\\/\",\"logo\":{\"@type\":\"ImageObject\",\"inLanguage\":\"fr-FR\",\"@id\":\"https:\\\/\\\/www.tosunlux.eu\\\/ru\\\/#\\\/schema\\\/logo\\\/image\\\/\",\"url\":\"https:\\\/\\\/www.tosunlux.eu\\\/wp-content\\\/uploads\\\/2022\\\/01\\\/LOGOSYSM.71762f1.png\",\"contentUrl\":\"https:\\\/\\\/www.tosunlux.eu\\\/wp-content\\\/uploads\\\/2022\\\/01\\\/LOGOSYSM.71762f1.png\",\"width\":153,\"height\":55,\"caption\":\"TOSUNlux\"},\"image\":{\"@id\":\"https:\\\/\\\/www.tosunlux.eu\\\/ru\\\/#\\\/schema\\\/logo\\\/image\\\/\"},\"sameAs\":[\"https:\\\/\\\/www.facebook.com\\\/TOSUNelectric\\\/\",\"https:\\\/\\\/www.linkedin.com\\\/company\\\/wenzhou-tosun-electric-co.-ltd\\\/\"]}]}<\/script>\n<!-- \/ Yoast SEO plugin. -->","yoast_head_json":{"title":"WholesaleLong Full Insulated Middle Terminal - TOSUNlux Official Site - Electrical Circuit Breaker Manufacturer in China Low Voltage Electrical Supplier | TOSUNlux","description":"Long Full Insulated Middle Terminal Supplier - Wholesale direct from TOSUNlux, a trusted manufacturer since 1994. Get your B2B factory quote on our certified Low Voltage electrical products.","robots":{"index":"index","follow":"follow","max-snippet":"max-snippet:-1","max-image-preview":"max-image-preview:large","max-video-preview":"max-video-preview:-1"},"canonical":"https:\/\/www.tosunlux.eu\/fr\/products\/long-full-insulated-middle-terminal\/","og_locale":"fr_FR","og_type":"article","og_title":"WholesaleLong Full Insulated Middle Terminal - TOSUNlux Official Site - Electrical Circuit Breaker Manufacturer in China Low Voltage Electrical Supplier | TOSUNlux","og_description":"Long Full Insulated Middle Terminal Supplier - Wholesale direct from TOSUNlux, a trusted manufacturer since 1994. Get your B2B factory quote on our certified Low Voltage electrical products.","og_url":"https:\/\/www.tosunlux.eu\/fr\/products\/long-full-insulated-middle-terminal\/","og_site_name":"TOSUNlux Official Site - Electrical Circuit Breaker Manufacturer in China","article_publisher":"https:\/\/www.facebook.com\/TOSUNelectric\/","article_modified_time":"2022-07-07T08:18:21+00:00","og_image":[{"width":1500,"height":940,"url":"https:\/\/www.tosunlux.eu\/wp-content\/uploads\/2023\/04\/DSC08160_\u526f\u672c.jpg","type":"image\/jpeg"}],"twitter_card":"summary_large_image","twitter_misc":{"Dur\u00e9e de lecture estim\u00e9e":"1 minute"},"schema":{"@context":"https:\/\/schema.org","@graph":[{"@type":"WebPage","@id":"https:\/\/www.tosunlux.eu\/tr\/products\/long-full-insulated-middle-terminal\/","url":"https:\/\/www.tosunlux.eu\/tr\/products\/long-full-insulated-middle-terminal\/","name":"WholesaleLong Full Insulated Middle Terminal - TOSUNlux Official Site - Electrical Circuit Breaker Manufacturer in China Low Voltage Electrical Supplier | TOSUNlux","isPartOf":{"@id":"https:\/\/www.tosunlux.eu\/ru\/#website"},"datePublished":"2022-07-07T08:18:20+00:00","dateModified":"2022-07-07T08:18:21+00:00","description":"Long Full Insulated Middle Terminal Supplier - Wholesale direct from TOSUNlux, a trusted manufacturer since 1994. Get your B2B factory quote on our certified Low Voltage electrical products.","breadcrumb":{"@id":"https:\/\/www.tosunlux.eu\/tr\/products\/long-full-insulated-middle-terminal\/#breadcrumb"},"inLanguage":"fr-FR","potentialAction":[{"@type":"ReadAction","target":["https:\/\/www.tosunlux.eu\/tr\/products\/long-full-insulated-middle-terminal\/"]}]},{"@type":"BreadcrumbList","@id":"https:\/\/www.tosunlux.eu\/tr\/products\/long-full-insulated-middle-terminal\/#breadcrumb","itemListElement":[{"@type":"ListItem","position":1,"name":"Home","item":"https:\/\/www.tosunlux.eu\/ru\/"},{"@type":"ListItem","position":2,"name":"Products","item":"https:\/\/www.tosunlux.eu\/products\/"},{"@type":"ListItem","position":3,"name":"Long Full Insulated Middle Terminal"}]},{"@type":"WebSite","@id":"https:\/\/www.tosunlux.eu\/ru\/#website","url":"https:\/\/www.tosunlux.eu\/ru\/","name":"Site officiel TOSUNlux - Fabricant de disjoncteurs \u00e9lectriques en Chine","description":"Fournisseur de syst\u00e8me de distribution d&#039;\u00e9nergie","publisher":{"@id":"https:\/\/www.tosunlux.eu\/ru\/#organization"},"alternateName":"TOSUNlux","potentialAction":[{"@type":"SearchAction","target":{"@type":"EntryPoint","urlTemplate":"https:\/\/www.tosunlux.eu\/ru\/?s={search_term_string}"},"query-input":{"@type":"PropertyValueSpecification","valueRequired":true,"valueName":"search_term_string"}}],"inLanguage":"fr-FR"},{"@type":"Organization","@id":"https:\/\/www.tosunlux.eu\/ru\/#organization","name":"TOSUNlux","url":"https:\/\/www.tosunlux.eu\/ru\/","logo":{"@type":"ImageObject","inLanguage":"fr-FR","@id":"https:\/\/www.tosunlux.eu\/ru\/#\/schema\/logo\/image\/","url":"https:\/\/www.tosunlux.eu\/wp-content\/uploads\/2022\/01\/LOGOSYSM.71762f1.png","contentUrl":"https:\/\/www.tosunlux.eu\/wp-content\/uploads\/2022\/01\/LOGOSYSM.71762f1.png","width":153,"height":55,"caption":"TOSUNlux"},"image":{"@id":"https:\/\/www.tosunlux.eu\/ru\/#\/schema\/logo\/image\/"},"sameAs":["https:\/\/www.facebook.com\/TOSUNelectric\/","https:\/\/www.linkedin.com\/company\/wenzhou-tosun-electric-co.-ltd\/"]}]}},"_links":{"self":[{"href":"https:\/\/www.tosunlux.eu\/fr\/wp-json\/wp\/v2\/product\/4281","targetHints":{"allow":["GET"]}}],"collection":[{"href":"https:\/\/www.tosunlux.eu\/fr\/wp-json\/wp\/v2\/product"}],"about":[{"href":"https:\/\/www.tosunlux.eu\/fr\/wp-json\/wp\/v2\/types\/product"}],"version-history":[{"count":1,"href":"https:\/\/www.tosunlux.eu\/fr\/wp-json\/wp\/v2\/product\/4281\/revisions"}],"predecessor-version":[{"id":4284,"href":"https:\/\/www.tosunlux.eu\/fr\/wp-json\/wp\/v2\/product\/4281\/revisions\/4284"}],"wp:attachment":[{"href":"https:\/\/www.tosunlux.eu\/fr\/wp-json\/wp\/v2\/media?parent=4281"}],"wp:term":[{"taxonomy":"product_category","embeddable":true,"href":"https:\/\/www.tosunlux.eu\/fr\/wp-json\/wp\/v2\/product_category?post=4281"}],"curies":[{"name":"wp","href":"https:\/\/api.w.org\/{rel}","templated":true}]}}