{"id":4315,"date":"2022-07-08T17:17:51","date_gmt":"2022-07-08T09:17:51","guid":{"rendered":"https:\/\/www.tosunlux.eu\/?post_type=product&#038;p=4315"},"modified":"2022-07-08T17:17:52","modified_gmt":"2022-07-08T09:17:52","slug":"bullet-shaped-male-and-female-full-insulate-termianal","status":"publish","type":"product","link":"https:\/\/www.tosunlux.eu\/fr\/products\/bullet-shaped-male-and-female-full-insulate-termianal\/","title":{"rendered":"Termianal enti\u00e8rement isol\u00e9 m\u00e2le et femelle en forme de balle"},"content":{"rendered":"<p><strong>sp\u00e9cification<\/strong><\/p>\n<table style=\"border-collapse: collapse; width: 874.52pt;\" border=\"0\" width=\"1166\" cellspacing=\"0\" cellpadding=\"0\">\n<tbody>\n<tr style=\"height: 13.50pt;\">\n<td class=\"et2\" style=\"height: 27pt; width: 96pt; text-align: center;\" rowspan=\"2\" width=\"128\" height=\"36\">Mod\u00e8le<\/td>\n<td class=\"et3\" style=\"width: 522.75pt; text-align: center;\" colspan=\"7\" width=\"697\">Dimensions<\/td>\n<td class=\"et3\" style=\"width: 67.5pt; text-align: center;\" rowspan=\"2\" width=\"90\">figue<\/td>\n<td class=\"et3\" style=\"width: 54.75pt; text-align: center;\" rowspan=\"2\" width=\"73\">AWG<\/td>\n<td class=\"et7\" style=\"width: 54pt; text-align: center;\" rowspan=\"2\" width=\"72\">(mm\u00b2\uff09<\/td>\n<td class=\"et7\" style=\"width: 79.5pt; text-align: center;\" rowspan=\"2\" width=\"106\">Couleur<\/td>\n<\/tr>\n<tr style=\"height: 13.50pt;\">\n<td class=\"et2\" style=\"width: 81.75pt; text-align: center;\" width=\"109\">B\u03c6<\/td>\n<td class=\"et2\" style=\"width: 81.75pt; text-align: center;\" width=\"109\">b\u03c6<\/td>\n<td class=\"et2\" style=\"width: 81.75pt; text-align: center;\" width=\"109\">D\u03c6<\/td>\n<td class=\"et4\" style=\"text-align: center;\">d\u03c6<\/td>\n<td class=\"et2\" style=\"width: 67.5pt; text-align: center;\" width=\"90\">L<\/td>\n<td class=\"et2\" style=\"width: 67.5pt; text-align: center;\" width=\"90\">F<\/td>\n<td class=\"et2\" style=\"width: 67.5pt; text-align: center;\" width=\"90\">H<\/td>\n<\/tr>\n<tr style=\"height: 13.50pt;\">\n<td class=\"et4\" style=\"height: 13.5pt; text-align: center;\" height=\"18\">FRFNY1.25-156<\/td>\n<td class=\"et4\" style=\"text-align: center;\" align=\"right\">6.9<\/td>\n<td class=\"et4\" style=\"text-align: center;\" align=\"right\">6.9<\/td>\n<td class=\"et4\" style=\"text-align: center;\" align=\"right\">3.2<\/td>\n<td class=\"et4\" style=\"text-align: center;\" align=\"right\">1.8<\/td>\n<td class=\"et4\" style=\"text-align: center;\" align=\"right\">26<\/td>\n<td class=\"et7\" style=\"text-align: center;\">15<\/td>\n<td class=\"et7\" style=\"text-align: center;\">11<\/td>\n<td class=\"et7\" style=\"text-align: center;\">1<\/td>\n<td class=\"et4\" style=\"text-align: center;\">22-16<\/td>\n<td class=\"et4\" style=\"text-align: center;\">0.5-1.5<\/td>\n<td class=\"et4\" style=\"text-align: center;\">Rouge<\/td>\n<\/tr>\n<tr style=\"height: 13.50pt;\">\n<td class=\"et4\" style=\"height: 13.5pt; text-align: center;\" height=\"18\">MPFNY1.25-156<\/td>\n<td class=\"et4\" style=\"text-align: center;\" align=\"right\">7.4<\/td>\n<td class=\"et4\" style=\"text-align: center;\" align=\"right\">3.9<\/td>\n<td class=\"et4\" style=\"text-align: center;\" align=\"right\">3.2<\/td>\n<td class=\"et4\" style=\"text-align: center;\" align=\"right\">1.8<\/td>\n<td class=\"et4\" style=\"text-align: center;\" align=\"right\">27.5<\/td>\n<td class=\"et7\" style=\"text-align: center;\">16.5<\/td>\n<td class=\"et7\" style=\"text-align: center;\">11<\/td>\n<td class=\"et7\" style=\"text-align: center;\">2<\/td>\n<td class=\"et4\" style=\"text-align: center;\">22-16<\/td>\n<td class=\"et4\" style=\"text-align: center;\">0.5-1.5<\/td>\n<td class=\"et4\" style=\"text-align: center;\">Rouge<\/td>\n<\/tr>\n<tr style=\"height: 13.50pt;\">\n<td class=\"et4\" style=\"height: 13.5pt; text-align: center;\" height=\"18\">FRFNY2-156<\/td>\n<td class=\"et4\" style=\"text-align: center;\" align=\"right\">6.9<\/td>\n<td class=\"et4\" style=\"text-align: center;\" align=\"right\">4<\/td>\n<td class=\"et4\" style=\"text-align: center;\" align=\"right\">3.9<\/td>\n<td class=\"et4\" style=\"text-align: center;\" align=\"right\">2.4<\/td>\n<td class=\"et4\" style=\"text-align: center;\" align=\"right\">26<\/td>\n<td class=\"et7\" style=\"text-align: center;\">15.5<\/td>\n<td class=\"et7\" style=\"text-align: center;\">11<\/td>\n<td class=\"et7\" style=\"text-align: center;\">1<\/td>\n<td class=\"et4\" style=\"text-align: center;\">16-14<\/td>\n<td class=\"et4\" style=\"text-align: center;\">1.5-2.5<\/td>\n<td class=\"et4\" style=\"text-align: center;\">Bleu<\/td>\n<\/tr>\n<tr style=\"height: 13.50pt;\">\n<td class=\"et4\" style=\"height: 13.5pt; text-align: center;\" height=\"18\">MPFNY2-156<\/td>\n<td class=\"et4\" style=\"text-align: center;\" align=\"right\">7.4<\/td>\n<td class=\"et4\" style=\"text-align: center;\" align=\"right\">4<\/td>\n<td class=\"et4\" style=\"text-align: center;\" align=\"right\">3.9<\/td>\n<td class=\"et4\" style=\"text-align: center;\" align=\"right\">2.4<\/td>\n<td class=\"et4\" style=\"text-align: center;\" align=\"right\">27.5<\/td>\n<td class=\"et4\" style=\"text-align: center;\" align=\"right\">16.5<\/td>\n<td class=\"et4\" style=\"text-align: center;\" align=\"right\">11<\/td>\n<td class=\"et4\" style=\"text-align: center;\" align=\"right\">2<\/td>\n<td class=\"et4\" style=\"text-align: center;\">16-14<\/td>\n<td class=\"et4\" style=\"text-align: center;\">1.5-2.5<\/td>\n<td class=\"et4\" style=\"text-align: center;\">Bleu<\/td>\n<\/tr>\n<\/tbody>\n<\/table>\n\n\n<p><\/p>","protected":false},"parent":0,"template":"","product_category":[108],"class_list":["post-4315","product","type-product","status-publish","hentry","product_category-pre-insulated-terminal"],"yoast_head":"<!-- This site is optimized with the Yoast SEO plugin v27.3 - https:\/\/yoast.com\/product\/yoast-seo-wordpress\/ -->\n<title>WholesaleBullet Shaped Male and Female Full-insulate Termianal - TOSUNlux Official Site - Electrical Circuit Breaker Manufacturer in China Low Voltage Electrical Supplier | TOSUNlux<\/title>\n<meta name=\"description\" content=\"Bullet Shaped Male and Female Full-insulate Termianal Supplier - Wholesale direct from TOSUNlux, a trusted manufacturer since 1994. Get your B2B factory quote on our certified Low Voltage electrical products.\" \/>\n<meta name=\"robots\" content=\"index, follow, max-snippet:-1, max-image-preview:large, max-video-preview:-1\" \/>\n<link rel=\"canonical\" href=\"https:\/\/www.tosunlux.eu\/fr\/products\/bullet-shaped-male-and-female-full-insulate-termianal\/\" \/>\n<meta property=\"og:locale\" content=\"fr_FR\" \/>\n<meta property=\"og:type\" content=\"article\" \/>\n<meta property=\"og:title\" content=\"WholesaleBullet Shaped Male and Female Full-insulate Termianal - TOSUNlux Official Site - Electrical Circuit Breaker Manufacturer in China Low Voltage Electrical Supplier | TOSUNlux\" \/>\n<meta property=\"og:description\" content=\"Bullet Shaped Male and Female Full-insulate Termianal Supplier - Wholesale direct from TOSUNlux, a trusted manufacturer since 1994. Get your B2B factory quote on our certified Low Voltage electrical products.\" \/>\n<meta property=\"og:url\" content=\"https:\/\/www.tosunlux.eu\/fr\/products\/bullet-shaped-male-and-female-full-insulate-termianal\/\" \/>\n<meta property=\"og:site_name\" content=\"TOSUNlux Official Site - Electrical Circuit Breaker Manufacturer in China\" \/>\n<meta property=\"article:publisher\" content=\"https:\/\/www.facebook.com\/TOSUNelectric\/\" \/>\n<meta property=\"article:modified_time\" content=\"2022-07-08T09:17:52+00:00\" \/>\n<meta property=\"og:image\" content=\"https:\/\/www.tosunlux.eu\/wp-content\/uploads\/2023\/04\/DSC08160_\u526f\u672c.jpg\" \/>\n\t<meta property=\"og:image:width\" content=\"1500\" \/>\n\t<meta property=\"og:image:height\" content=\"940\" \/>\n\t<meta property=\"og:image:type\" content=\"image\/jpeg\" \/>\n<meta name=\"twitter:card\" content=\"summary_large_image\" \/>\n<meta name=\"twitter:label1\" content=\"Dur\u00e9e de lecture estim\u00e9e\" \/>\n\t<meta name=\"twitter:data1\" content=\"1 minute\" \/>\n<script type=\"application\/ld+json\" class=\"yoast-schema-graph\">{\"@context\":\"https:\\\/\\\/schema.org\",\"@graph\":[{\"@type\":\"WebPage\",\"@id\":\"https:\\\/\\\/www.tosunlux.eu\\\/ru\\\/products\\\/bullet-shaped-male-and-female-full-insulate-termianal\\\/\",\"url\":\"https:\\\/\\\/www.tosunlux.eu\\\/ru\\\/products\\\/bullet-shaped-male-and-female-full-insulate-termianal\\\/\",\"name\":\"WholesaleBullet Shaped Male and Female Full-insulate Termianal - TOSUNlux Official Site - Electrical Circuit Breaker Manufacturer in China Low Voltage Electrical Supplier | TOSUNlux\",\"isPartOf\":{\"@id\":\"https:\\\/\\\/www.tosunlux.eu\\\/ru\\\/#website\"},\"datePublished\":\"2022-07-08T09:17:51+00:00\",\"dateModified\":\"2022-07-08T09:17:52+00:00\",\"description\":\"Bullet Shaped Male and Female Full-insulate Termianal Supplier - Wholesale direct from TOSUNlux, a trusted manufacturer since 1994. Get your B2B factory quote on our certified Low Voltage electrical products.\",\"breadcrumb\":{\"@id\":\"https:\\\/\\\/www.tosunlux.eu\\\/ru\\\/products\\\/bullet-shaped-male-and-female-full-insulate-termianal\\\/#breadcrumb\"},\"inLanguage\":\"fr-FR\",\"potentialAction\":[{\"@type\":\"ReadAction\",\"target\":[\"https:\\\/\\\/www.tosunlux.eu\\\/ru\\\/products\\\/bullet-shaped-male-and-female-full-insulate-termianal\\\/\"]}]},{\"@type\":\"BreadcrumbList\",\"@id\":\"https:\\\/\\\/www.tosunlux.eu\\\/ru\\\/products\\\/bullet-shaped-male-and-female-full-insulate-termianal\\\/#breadcrumb\",\"itemListElement\":[{\"@type\":\"ListItem\",\"position\":1,\"name\":\"Home\",\"item\":\"https:\\\/\\\/www.tosunlux.eu\\\/ru\\\/\"},{\"@type\":\"ListItem\",\"position\":2,\"name\":\"Products\",\"item\":\"https:\\\/\\\/www.tosunlux.eu\\\/products\\\/\"},{\"@type\":\"ListItem\",\"position\":3,\"name\":\"Bullet Shaped Male and Female Full-insulate Termianal\"}]},{\"@type\":\"WebSite\",\"@id\":\"https:\\\/\\\/www.tosunlux.eu\\\/ru\\\/#website\",\"url\":\"https:\\\/\\\/www.tosunlux.eu\\\/ru\\\/\",\"name\":\"TOSUNlux Official Site - Electrical Circuit Breaker Manufacturer in China\",\"description\":\"Power Distribution System Supplier\",\"publisher\":{\"@id\":\"https:\\\/\\\/www.tosunlux.eu\\\/ru\\\/#organization\"},\"alternateName\":\"TOSUNlux\",\"potentialAction\":[{\"@type\":\"SearchAction\",\"target\":{\"@type\":\"EntryPoint\",\"urlTemplate\":\"https:\\\/\\\/www.tosunlux.eu\\\/ru\\\/?s={search_term_string}\"},\"query-input\":{\"@type\":\"PropertyValueSpecification\",\"valueRequired\":true,\"valueName\":\"search_term_string\"}}],\"inLanguage\":\"fr-FR\"},{\"@type\":\"Organization\",\"@id\":\"https:\\\/\\\/www.tosunlux.eu\\\/ru\\\/#organization\",\"name\":\"TOSUNlux\",\"url\":\"https:\\\/\\\/www.tosunlux.eu\\\/ru\\\/\",\"logo\":{\"@type\":\"ImageObject\",\"inLanguage\":\"fr-FR\",\"@id\":\"https:\\\/\\\/www.tosunlux.eu\\\/ru\\\/#\\\/schema\\\/logo\\\/image\\\/\",\"url\":\"https:\\\/\\\/www.tosunlux.eu\\\/wp-content\\\/uploads\\\/2022\\\/01\\\/LOGOSYSM.71762f1.png\",\"contentUrl\":\"https:\\\/\\\/www.tosunlux.eu\\\/wp-content\\\/uploads\\\/2022\\\/01\\\/LOGOSYSM.71762f1.png\",\"width\":153,\"height\":55,\"caption\":\"TOSUNlux\"},\"image\":{\"@id\":\"https:\\\/\\\/www.tosunlux.eu\\\/ru\\\/#\\\/schema\\\/logo\\\/image\\\/\"},\"sameAs\":[\"https:\\\/\\\/www.facebook.com\\\/TOSUNelectric\\\/\",\"https:\\\/\\\/www.linkedin.com\\\/company\\\/wenzhou-tosun-electric-co.-ltd\\\/\"]}]}<\/script>\n<!-- \/ Yoast SEO plugin. -->","yoast_head_json":{"title":"Bornes m\u00e2les et femelles enti\u00e8rement isol\u00e9es en forme de balle en gros - Site officiel de TOSUNlux - Fabricant de disjoncteurs \u00e9lectriques en Chine Fournisseur d&#039;\u00e9quipements \u00e9lectriques basse tension | TOSUNlux","description":"Fournisseur de terminaux enti\u00e8rement isol\u00e9s m\u00e2les et femelles en forme de balle - Vente en gros directement aupr\u00e8s de TOSUNlux, un fabricant de confiance depuis 1994. Obtenez votre devis d&#039;usine B2B sur nos produits \u00e9lectriques basse tension certifi\u00e9s.","robots":{"index":"index","follow":"follow","max-snippet":"max-snippet:-1","max-image-preview":"max-image-preview:large","max-video-preview":"max-video-preview:-1"},"canonical":"https:\/\/www.tosunlux.eu\/fr\/products\/bullet-shaped-male-and-female-full-insulate-termianal\/","og_locale":"fr_FR","og_type":"article","og_title":"WholesaleBullet Shaped Male and Female Full-insulate Termianal - TOSUNlux Official Site - Electrical Circuit Breaker Manufacturer in China Low Voltage Electrical Supplier | TOSUNlux","og_description":"Bullet Shaped Male and Female Full-insulate Termianal Supplier - Wholesale direct from TOSUNlux, a trusted manufacturer since 1994. Get your B2B factory quote on our certified Low Voltage electrical products.","og_url":"https:\/\/www.tosunlux.eu\/fr\/products\/bullet-shaped-male-and-female-full-insulate-termianal\/","og_site_name":"TOSUNlux Official Site - Electrical Circuit Breaker Manufacturer in China","article_publisher":"https:\/\/www.facebook.com\/TOSUNelectric\/","article_modified_time":"2022-07-08T09:17:52+00:00","og_image":[{"width":1500,"height":940,"url":"https:\/\/www.tosunlux.eu\/wp-content\/uploads\/2023\/04\/DSC08160_\u526f\u672c.jpg","type":"image\/jpeg"}],"twitter_card":"summary_large_image","twitter_misc":{"Dur\u00e9e de lecture estim\u00e9e":"1 minute"},"schema":{"@context":"https:\/\/schema.org","@graph":[{"@type":"WebPage","@id":"https:\/\/www.tosunlux.eu\/ru\/products\/bullet-shaped-male-and-female-full-insulate-termianal\/","url":"https:\/\/www.tosunlux.eu\/ru\/products\/bullet-shaped-male-and-female-full-insulate-termianal\/","name":"Bornes m\u00e2les et femelles enti\u00e8rement isol\u00e9es en forme de balle en gros - Site officiel de TOSUNlux - Fabricant de disjoncteurs \u00e9lectriques en Chine Fournisseur d&#039;\u00e9quipements \u00e9lectriques basse tension | TOSUNlux","isPartOf":{"@id":"https:\/\/www.tosunlux.eu\/ru\/#website"},"datePublished":"2022-07-08T09:17:51+00:00","dateModified":"2022-07-08T09:17:52+00:00","description":"Fournisseur de terminaux enti\u00e8rement isol\u00e9s m\u00e2les et femelles en forme de balle - Vente en gros directement aupr\u00e8s de TOSUNlux, un fabricant de confiance depuis 1994. Obtenez votre devis d&#039;usine B2B sur nos produits \u00e9lectriques basse tension certifi\u00e9s.","breadcrumb":{"@id":"https:\/\/www.tosunlux.eu\/ru\/products\/bullet-shaped-male-and-female-full-insulate-termianal\/#breadcrumb"},"inLanguage":"fr-FR","potentialAction":[{"@type":"ReadAction","target":["https:\/\/www.tosunlux.eu\/ru\/products\/bullet-shaped-male-and-female-full-insulate-termianal\/"]}]},{"@type":"BreadcrumbList","@id":"https:\/\/www.tosunlux.eu\/ru\/products\/bullet-shaped-male-and-female-full-insulate-termianal\/#breadcrumb","itemListElement":[{"@type":"ListItem","position":1,"name":"Home","item":"https:\/\/www.tosunlux.eu\/ru\/"},{"@type":"ListItem","position":2,"name":"Products","item":"https:\/\/www.tosunlux.eu\/products\/"},{"@type":"ListItem","position":3,"name":"Bullet Shaped Male and Female Full-insulate Termianal"}]},{"@type":"WebSite","@id":"https:\/\/www.tosunlux.eu\/ru\/#website","url":"https:\/\/www.tosunlux.eu\/ru\/","name":"Site officiel TOSUNlux - Fabricant de disjoncteurs \u00e9lectriques en Chine","description":"Fournisseur de syst\u00e8me de distribution d&#039;\u00e9nergie","publisher":{"@id":"https:\/\/www.tosunlux.eu\/ru\/#organization"},"alternateName":"TOSUNlux","potentialAction":[{"@type":"SearchAction","target":{"@type":"EntryPoint","urlTemplate":"https:\/\/www.tosunlux.eu\/ru\/?s={search_term_string}"},"query-input":{"@type":"PropertyValueSpecification","valueRequired":true,"valueName":"search_term_string"}}],"inLanguage":"fr-FR"},{"@type":"Organization","@id":"https:\/\/www.tosunlux.eu\/ru\/#organization","name":"TOSUNlux","url":"https:\/\/www.tosunlux.eu\/ru\/","logo":{"@type":"ImageObject","inLanguage":"fr-FR","@id":"https:\/\/www.tosunlux.eu\/ru\/#\/schema\/logo\/image\/","url":"https:\/\/www.tosunlux.eu\/wp-content\/uploads\/2022\/01\/LOGOSYSM.71762f1.png","contentUrl":"https:\/\/www.tosunlux.eu\/wp-content\/uploads\/2022\/01\/LOGOSYSM.71762f1.png","width":153,"height":55,"caption":"TOSUNlux"},"image":{"@id":"https:\/\/www.tosunlux.eu\/ru\/#\/schema\/logo\/image\/"},"sameAs":["https:\/\/www.facebook.com\/TOSUNelectric\/","https:\/\/www.linkedin.com\/company\/wenzhou-tosun-electric-co.-ltd\/"]}]}},"_links":{"self":[{"href":"https:\/\/www.tosunlux.eu\/fr\/wp-json\/wp\/v2\/product\/4315","targetHints":{"allow":["GET"]}}],"collection":[{"href":"https:\/\/www.tosunlux.eu\/fr\/wp-json\/wp\/v2\/product"}],"about":[{"href":"https:\/\/www.tosunlux.eu\/fr\/wp-json\/wp\/v2\/types\/product"}],"version-history":[{"count":0,"href":"https:\/\/www.tosunlux.eu\/fr\/wp-json\/wp\/v2\/product\/4315\/revisions"}],"wp:attachment":[{"href":"https:\/\/www.tosunlux.eu\/fr\/wp-json\/wp\/v2\/media?parent=4315"}],"wp:term":[{"taxonomy":"product_category","embeddable":true,"href":"https:\/\/www.tosunlux.eu\/fr\/wp-json\/wp\/v2\/product_category?post=4315"}],"curies":[{"name":"wp","href":"https:\/\/api.w.org\/{rel}","templated":true}]}}