{"id":4480,"date":"2022-07-11T16:21:14","date_gmt":"2022-07-11T08:21:14","guid":{"rendered":"https:\/\/www.tosunlux.eu\/?post_type=product&#038;p=4480"},"modified":"2022-07-11T16:21:15","modified_gmt":"2022-07-11T08:21:15","slug":"ac-ventilating-fan%ef%bc%88172x163x51%ef%bc%89","status":"publish","type":"product","link":"https:\/\/www.tosunlux.eu\/fr\/products\/ac-ventilating-fan%ef%bc%88172x163x51%ef%bc%89\/","title":{"rendered":"Ventilateur de ventilation AC (172x163x51)"},"content":{"rendered":"<figure class=\"wp-block-image size-full\"><img fetchpriority=\"high\" decoding=\"async\" width=\"712\" height=\"442\" src=\"https:\/\/www.tosunlux.eu\/wp-content\/uploads\/2022\/07\/2-2.jpg\" alt=\"\" class=\"wp-image-4481\" srcset=\"https:\/\/www.tosunlux.eu\/wp-content\/uploads\/2022\/07\/2-2.jpg 712w, https:\/\/www.tosunlux.eu\/wp-content\/uploads\/2022\/07\/2-2-300x186.jpg 300w\" sizes=\"(max-width: 712px) 100vw, 712px\" \/><\/figure>\n\n\n<p><strong>sp\u00e9cification<\/strong><\/p>\n<table style=\"border-collapse: collapse; width: 722.27pt;\" border=\"0\" width=\"963\" cellspacing=\"0\" cellpadding=\"0\">\n<tbody>\n<tr style=\"height: 26.00pt;\">\n<td class=\"et2\" style=\"height: 46.00pt; width: 121.80pt;\" rowspan=\"2\" width=\"162\" height=\"61\">Mod\u00e8le<\/td>\n<td class=\"et2\" style=\"width: 79.15pt;\" width=\"105\">Tension<\/td>\n<td class=\"et2\" style=\"width: 87.70pt;\" width=\"116\">Actuel<\/td>\n<td class=\"et2\" style=\"width: 76.30pt;\" width=\"101\">Pouvoir<\/td>\n<td class=\"et2\" style=\"width: 88.65pt;\" width=\"118\">Volume d&#039;air<\/td>\n<td class=\"et2\" style=\"width: 87.70pt;\" width=\"116\">Vitesse<\/td>\n<td class=\"et2\" style=\"width: 94.35pt;\" width=\"125\">Bruit<\/td>\n<td class=\"et2\" style=\"width: 86.75pt;\" rowspan=\"2\" width=\"115\">Palier<\/td>\n<\/tr>\n<tr style=\"height: 20.00pt;\">\n<td class=\"et2\" style=\"width: 79.15pt;\" width=\"105\">(V)<\/td>\n<td class=\"et2\" style=\"width: 87.70pt;\" width=\"116\">(UN)<\/td>\n<td class=\"et2\" style=\"width: 76.30pt;\" width=\"101\">(W)<\/td>\n<td class=\"et2\" style=\"width: 88.65pt;\" width=\"118\">(PCM)<\/td>\n<td class=\"et2\" style=\"width: 87.70pt;\" width=\"116\">(PPM)<\/td>\n<td class=\"et2\" style=\"width: 94.35pt;\" width=\"125\">(dB(A))<\/td>\n<\/tr>\n<tr style=\"height: 20.00pt;\">\n<td class=\"et2\" style=\"height: 20.00pt; width: 121.80pt;\" width=\"162\" height=\"26\">172x163x51<\/td>\n<td class=\"et2\" style=\"width: 79.15pt;\" width=\"105\">220<\/td>\n<td class=\"et2\" style=\"width: 87.70pt;\" width=\"116\">0. 23\/0.22<\/td>\n<td class=\"et2\" style=\"width: 76.30pt;\" width=\"101\">37\/35<\/td>\n<td class=\"et2\" style=\"width: 88.65pt;\" width=\"118\">150\/170<\/td>\n<td class=\"et2\" style=\"width: 87.70pt;\" width=\"116\">2400<\/td>\n<td class=\"et2\" style=\"width: 94.35pt;\" width=\"125\">52\/53<\/td>\n<td class=\"et2\" style=\"width: 86.75pt;\" width=\"115\">Huile<\/td>\n<\/tr>\n<tr style=\"height: 20.00pt;\">\n<td class=\"et2\" style=\"height: 20.00pt; width: 121.80pt;\" width=\"162\" height=\"26\">172x163x51<\/td>\n<td class=\"et2\" style=\"width: 79.15pt;\" width=\"105\">220<\/td>\n<td class=\"et2\" style=\"width: 87.70pt;\" width=\"116\">0.23\/0.22<\/td>\n<td class=\"et2\" style=\"width: 76.30pt;\" width=\"101\">37\/35<\/td>\n<td class=\"et2\" style=\"width: 88.65pt;\" width=\"118\">150\/170<\/td>\n<td class=\"et2\" style=\"width: 87.70pt;\" width=\"116\">2400<\/td>\n<td class=\"et2\" style=\"width: 94.35pt;\" width=\"125\">52\/53<\/td>\n<td class=\"et2\" style=\"width: 86.75pt;\" width=\"115\">Balle<\/td>\n<\/tr>\n<\/tbody>\n<\/table>","protected":false},"parent":0,"template":"","product_category":[103],"class_list":["post-4480","product","type-product","status-publish","hentry","product_category-ventilation-heating"],"yoast_head":"<!-- This site is optimized with the Yoast SEO plugin v27.3 - https:\/\/yoast.com\/product\/yoast-seo-wordpress\/ -->\n<title>WholesaleAC Ventilating Fan\uff08172x163x51\uff09 - TOSUNlux Official Site - Electrical Circuit Breaker Manufacturer in China Low Voltage Electrical Supplier | TOSUNlux<\/title>\n<meta name=\"description\" content=\"AC Ventilating Fan\uff08172x163x51\uff09 Supplier - Wholesale direct from TOSUNlux, a trusted manufacturer since 1994. Get your B2B factory quote on our certified Low Voltage electrical products.\" \/>\n<meta name=\"robots\" content=\"index, follow, max-snippet:-1, max-image-preview:large, max-video-preview:-1\" \/>\n<link rel=\"canonical\" href=\"https:\/\/www.tosunlux.eu\/fr\/products\/ac-ventilating-fan\uff08172x163x51\uff09\/\" \/>\n<meta property=\"og:locale\" content=\"fr_FR\" \/>\n<meta property=\"og:type\" content=\"article\" \/>\n<meta property=\"og:title\" content=\"WholesaleAC Ventilating Fan\uff08172x163x51\uff09 - TOSUNlux Official Site - Electrical Circuit Breaker Manufacturer in China Low Voltage Electrical Supplier | TOSUNlux\" \/>\n<meta property=\"og:description\" content=\"AC Ventilating Fan\uff08172x163x51\uff09 Supplier - Wholesale direct from TOSUNlux, a trusted manufacturer since 1994. Get your B2B factory quote on our certified Low Voltage electrical products.\" \/>\n<meta property=\"og:url\" content=\"https:\/\/www.tosunlux.eu\/fr\/products\/ac-ventilating-fan\uff08172x163x51\uff09\/\" \/>\n<meta property=\"og:site_name\" content=\"TOSUNlux Official Site - Electrical Circuit Breaker Manufacturer in China\" \/>\n<meta property=\"article:publisher\" content=\"https:\/\/www.facebook.com\/TOSUNelectric\/\" \/>\n<meta property=\"article:modified_time\" content=\"2022-07-11T08:21:15+00:00\" \/>\n<meta property=\"og:image\" content=\"https:\/\/www.tosunlux.eu\/wp-content\/uploads\/2022\/07\/2-2.jpg\" \/>\n<meta name=\"twitter:card\" content=\"summary_large_image\" \/>\n<meta name=\"twitter:label1\" content=\"Dur\u00e9e de lecture estim\u00e9e\" \/>\n\t<meta name=\"twitter:data1\" content=\"1 minute\" \/>\n<script type=\"application\/ld+json\" class=\"yoast-schema-graph\">{\"@context\":\"https:\\\/\\\/schema.org\",\"@graph\":[{\"@type\":\"WebPage\",\"@id\":\"https:\\\/\\\/www.tosunlux.eu\\\/products\\\/ac-ventilating-fan%ef%bc%88172x163x51%ef%bc%89\\\/\",\"url\":\"https:\\\/\\\/www.tosunlux.eu\\\/products\\\/ac-ventilating-fan%ef%bc%88172x163x51%ef%bc%89\\\/\",\"name\":\"WholesaleAC Ventilating Fan\uff08172x163x51\uff09 - TOSUNlux Official Site - Electrical Circuit Breaker Manufacturer in China Low Voltage Electrical Supplier | TOSUNlux\",\"isPartOf\":{\"@id\":\"https:\\\/\\\/www.tosunlux.eu\\\/ru\\\/#website\"},\"primaryImageOfPage\":{\"@id\":\"https:\\\/\\\/www.tosunlux.eu\\\/products\\\/ac-ventilating-fan%ef%bc%88172x163x51%ef%bc%89\\\/#primaryimage\"},\"image\":{\"@id\":\"https:\\\/\\\/www.tosunlux.eu\\\/products\\\/ac-ventilating-fan%ef%bc%88172x163x51%ef%bc%89\\\/#primaryimage\"},\"thumbnailUrl\":\"https:\\\/\\\/www.tosunlux.eu\\\/wp-content\\\/uploads\\\/2022\\\/07\\\/2-2.jpg\",\"datePublished\":\"2022-07-11T08:21:14+00:00\",\"dateModified\":\"2022-07-11T08:21:15+00:00\",\"description\":\"AC Ventilating Fan\uff08172x163x51\uff09 Supplier - Wholesale direct from TOSUNlux, a trusted manufacturer since 1994. Get your B2B factory quote on our certified Low Voltage electrical products.\",\"breadcrumb\":{\"@id\":\"https:\\\/\\\/www.tosunlux.eu\\\/products\\\/ac-ventilating-fan%ef%bc%88172x163x51%ef%bc%89\\\/#breadcrumb\"},\"inLanguage\":\"fr-FR\",\"potentialAction\":[{\"@type\":\"ReadAction\",\"target\":[\"https:\\\/\\\/www.tosunlux.eu\\\/products\\\/ac-ventilating-fan%ef%bc%88172x163x51%ef%bc%89\\\/\"]}]},{\"@type\":\"ImageObject\",\"inLanguage\":\"fr-FR\",\"@id\":\"https:\\\/\\\/www.tosunlux.eu\\\/products\\\/ac-ventilating-fan%ef%bc%88172x163x51%ef%bc%89\\\/#primaryimage\",\"url\":\"https:\\\/\\\/www.tosunlux.eu\\\/wp-content\\\/uploads\\\/2022\\\/07\\\/2-2.jpg\",\"contentUrl\":\"https:\\\/\\\/www.tosunlux.eu\\\/wp-content\\\/uploads\\\/2022\\\/07\\\/2-2.jpg\"},{\"@type\":\"BreadcrumbList\",\"@id\":\"https:\\\/\\\/www.tosunlux.eu\\\/products\\\/ac-ventilating-fan%ef%bc%88172x163x51%ef%bc%89\\\/#breadcrumb\",\"itemListElement\":[{\"@type\":\"ListItem\",\"position\":1,\"name\":\"Home\",\"item\":\"https:\\\/\\\/www.tosunlux.eu\\\/ru\\\/\"},{\"@type\":\"ListItem\",\"position\":2,\"name\":\"Products\",\"item\":\"https:\\\/\\\/www.tosunlux.eu\\\/products\\\/\"},{\"@type\":\"ListItem\",\"position\":3,\"name\":\"AC Ventilating Fan\uff08172x163x51\uff09\"}]},{\"@type\":\"WebSite\",\"@id\":\"https:\\\/\\\/www.tosunlux.eu\\\/ru\\\/#website\",\"url\":\"https:\\\/\\\/www.tosunlux.eu\\\/ru\\\/\",\"name\":\"TOSUNlux Official Site - Electrical Circuit Breaker Manufacturer in China\",\"description\":\"Power Distribution System Supplier\",\"publisher\":{\"@id\":\"https:\\\/\\\/www.tosunlux.eu\\\/ru\\\/#organization\"},\"alternateName\":\"TOSUNlux\",\"potentialAction\":[{\"@type\":\"SearchAction\",\"target\":{\"@type\":\"EntryPoint\",\"urlTemplate\":\"https:\\\/\\\/www.tosunlux.eu\\\/ru\\\/?s={search_term_string}\"},\"query-input\":{\"@type\":\"PropertyValueSpecification\",\"valueRequired\":true,\"valueName\":\"search_term_string\"}}],\"inLanguage\":\"fr-FR\"},{\"@type\":\"Organization\",\"@id\":\"https:\\\/\\\/www.tosunlux.eu\\\/ru\\\/#organization\",\"name\":\"TOSUNlux\",\"url\":\"https:\\\/\\\/www.tosunlux.eu\\\/ru\\\/\",\"logo\":{\"@type\":\"ImageObject\",\"inLanguage\":\"fr-FR\",\"@id\":\"https:\\\/\\\/www.tosunlux.eu\\\/ru\\\/#\\\/schema\\\/logo\\\/image\\\/\",\"url\":\"https:\\\/\\\/www.tosunlux.eu\\\/wp-content\\\/uploads\\\/2022\\\/01\\\/LOGOSYSM.71762f1.png\",\"contentUrl\":\"https:\\\/\\\/www.tosunlux.eu\\\/wp-content\\\/uploads\\\/2022\\\/01\\\/LOGOSYSM.71762f1.png\",\"width\":153,\"height\":55,\"caption\":\"TOSUNlux\"},\"image\":{\"@id\":\"https:\\\/\\\/www.tosunlux.eu\\\/ru\\\/#\\\/schema\\\/logo\\\/image\\\/\"},\"sameAs\":[\"https:\\\/\\\/www.facebook.com\\\/TOSUNelectric\\\/\",\"https:\\\/\\\/www.linkedin.com\\\/company\\\/wenzhou-tosun-electric-co.-ltd\\\/\"]}]}<\/script>\n<!-- \/ Yoast SEO plugin. -->","yoast_head_json":{"title":"WholesaleAC Ventilating Fan\uff08172x163x51\uff09 - TOSUNlux Official Site - Electrical Circuit Breaker Manufacturer in China Low Voltage Electrical Supplier | TOSUNlux","description":"AC Ventilating Fan\uff08172x163x51\uff09 Supplier - Wholesale direct from TOSUNlux, a trusted manufacturer since 1994. Get your B2B factory quote on our certified Low Voltage electrical products.","robots":{"index":"index","follow":"follow","max-snippet":"max-snippet:-1","max-image-preview":"max-image-preview:large","max-video-preview":"max-video-preview:-1"},"canonical":"https:\/\/www.tosunlux.eu\/fr\/products\/ac-ventilating-fan\uff08172x163x51\uff09\/","og_locale":"fr_FR","og_type":"article","og_title":"WholesaleAC Ventilating Fan\uff08172x163x51\uff09 - TOSUNlux Official Site - Electrical Circuit Breaker Manufacturer in China Low Voltage Electrical Supplier | TOSUNlux","og_description":"AC Ventilating Fan\uff08172x163x51\uff09 Supplier - Wholesale direct from TOSUNlux, a trusted manufacturer since 1994. Get your B2B factory quote on our certified Low Voltage electrical products.","og_url":"https:\/\/www.tosunlux.eu\/fr\/products\/ac-ventilating-fan\uff08172x163x51\uff09\/","og_site_name":"TOSUNlux Official Site - Electrical Circuit Breaker Manufacturer in China","article_publisher":"https:\/\/www.facebook.com\/TOSUNelectric\/","article_modified_time":"2022-07-11T08:21:15+00:00","og_image":[{"url":"https:\/\/www.tosunlux.eu\/wp-content\/uploads\/2022\/07\/2-2.jpg","type":"","width":"","height":""}],"twitter_card":"summary_large_image","twitter_misc":{"Dur\u00e9e de lecture estim\u00e9e":"1 minute"},"schema":{"@context":"https:\/\/schema.org","@graph":[{"@type":"WebPage","@id":"https:\/\/www.tosunlux.eu\/products\/ac-ventilating-fan%ef%bc%88172x163x51%ef%bc%89\/","url":"https:\/\/www.tosunlux.eu\/products\/ac-ventilating-fan%ef%bc%88172x163x51%ef%bc%89\/","name":"WholesaleAC Ventilating Fan\uff08172x163x51\uff09 - TOSUNlux Official Site - Electrical Circuit Breaker Manufacturer in China Low Voltage Electrical Supplier | TOSUNlux","isPartOf":{"@id":"https:\/\/www.tosunlux.eu\/ru\/#website"},"primaryImageOfPage":{"@id":"https:\/\/www.tosunlux.eu\/products\/ac-ventilating-fan%ef%bc%88172x163x51%ef%bc%89\/#primaryimage"},"image":{"@id":"https:\/\/www.tosunlux.eu\/products\/ac-ventilating-fan%ef%bc%88172x163x51%ef%bc%89\/#primaryimage"},"thumbnailUrl":"https:\/\/www.tosunlux.eu\/wp-content\/uploads\/2022\/07\/2-2.jpg","datePublished":"2022-07-11T08:21:14+00:00","dateModified":"2022-07-11T08:21:15+00:00","description":"AC Ventilating Fan\uff08172x163x51\uff09 Supplier - Wholesale direct from TOSUNlux, a trusted manufacturer since 1994. Get your B2B factory quote on our certified Low Voltage electrical products.","breadcrumb":{"@id":"https:\/\/www.tosunlux.eu\/products\/ac-ventilating-fan%ef%bc%88172x163x51%ef%bc%89\/#breadcrumb"},"inLanguage":"fr-FR","potentialAction":[{"@type":"ReadAction","target":["https:\/\/www.tosunlux.eu\/products\/ac-ventilating-fan%ef%bc%88172x163x51%ef%bc%89\/"]}]},{"@type":"ImageObject","inLanguage":"fr-FR","@id":"https:\/\/www.tosunlux.eu\/products\/ac-ventilating-fan%ef%bc%88172x163x51%ef%bc%89\/#primaryimage","url":"https:\/\/www.tosunlux.eu\/wp-content\/uploads\/2022\/07\/2-2.jpg","contentUrl":"https:\/\/www.tosunlux.eu\/wp-content\/uploads\/2022\/07\/2-2.jpg"},{"@type":"BreadcrumbList","@id":"https:\/\/www.tosunlux.eu\/products\/ac-ventilating-fan%ef%bc%88172x163x51%ef%bc%89\/#breadcrumb","itemListElement":[{"@type":"ListItem","position":1,"name":"Home","item":"https:\/\/www.tosunlux.eu\/ru\/"},{"@type":"ListItem","position":2,"name":"Products","item":"https:\/\/www.tosunlux.eu\/products\/"},{"@type":"ListItem","position":3,"name":"AC Ventilating Fan\uff08172x163x51\uff09"}]},{"@type":"WebSite","@id":"https:\/\/www.tosunlux.eu\/ru\/#website","url":"https:\/\/www.tosunlux.eu\/ru\/","name":"Site officiel TOSUNlux - Fabricant de disjoncteurs \u00e9lectriques en Chine","description":"Fournisseur de syst\u00e8me de distribution d&#039;\u00e9nergie","publisher":{"@id":"https:\/\/www.tosunlux.eu\/ru\/#organization"},"alternateName":"TOSUNlux","potentialAction":[{"@type":"SearchAction","target":{"@type":"EntryPoint","urlTemplate":"https:\/\/www.tosunlux.eu\/ru\/?s={search_term_string}"},"query-input":{"@type":"PropertyValueSpecification","valueRequired":true,"valueName":"search_term_string"}}],"inLanguage":"fr-FR"},{"@type":"Organization","@id":"https:\/\/www.tosunlux.eu\/ru\/#organization","name":"TOSUNlux","url":"https:\/\/www.tosunlux.eu\/ru\/","logo":{"@type":"ImageObject","inLanguage":"fr-FR","@id":"https:\/\/www.tosunlux.eu\/ru\/#\/schema\/logo\/image\/","url":"https:\/\/www.tosunlux.eu\/wp-content\/uploads\/2022\/01\/LOGOSYSM.71762f1.png","contentUrl":"https:\/\/www.tosunlux.eu\/wp-content\/uploads\/2022\/01\/LOGOSYSM.71762f1.png","width":153,"height":55,"caption":"TOSUNlux"},"image":{"@id":"https:\/\/www.tosunlux.eu\/ru\/#\/schema\/logo\/image\/"},"sameAs":["https:\/\/www.facebook.com\/TOSUNelectric\/","https:\/\/www.linkedin.com\/company\/wenzhou-tosun-electric-co.-ltd\/"]}]}},"_links":{"self":[{"href":"https:\/\/www.tosunlux.eu\/fr\/wp-json\/wp\/v2\/product\/4480","targetHints":{"allow":["GET"]}}],"collection":[{"href":"https:\/\/www.tosunlux.eu\/fr\/wp-json\/wp\/v2\/product"}],"about":[{"href":"https:\/\/www.tosunlux.eu\/fr\/wp-json\/wp\/v2\/types\/product"}],"version-history":[{"count":0,"href":"https:\/\/www.tosunlux.eu\/fr\/wp-json\/wp\/v2\/product\/4480\/revisions"}],"wp:attachment":[{"href":"https:\/\/www.tosunlux.eu\/fr\/wp-json\/wp\/v2\/media?parent=4480"}],"wp:term":[{"taxonomy":"product_category","embeddable":true,"href":"https:\/\/www.tosunlux.eu\/fr\/wp-json\/wp\/v2\/product_category?post=4480"}],"curies":[{"name":"wp","href":"https:\/\/api.w.org\/{rel}","templated":true}]}}