{"id":4747,"date":"2022-07-20T11:08:59","date_gmt":"2022-07-20T03:08:59","guid":{"rendered":"https:\/\/www.tosunlux.eu\/?post_type=product&#038;p=4747"},"modified":"2024-12-18T12:44:54","modified_gmt":"2024-12-18T04:44:54","slug":"wiring-ductslotted-2","status":"publish","type":"product","link":"https:\/\/www.tosunlux.eu\/fr\/products\/wiring-ductslotted-2\/","title":{"rendered":"Conduit de c\u00e2blage (fente)"},"content":{"rendered":"<p> \u00b7Mat\u00e9riel\u00a0: PVC de haute qualit\u00e9<\/p>\n\n\n\n<p> \u00b7 Structure\u00a0: se compose d&#039;un couvercle et d&#039;un fond, avec des trous parall\u00e8les sur les deux parois lat\u00e9rales pour faciliter la coupe dans l&#039;application du fil.<\/p>\n\n\n\n<p> Avantage\u00a0: 1. Isolation jusqu&#039;\u00e0 2\u00a0500\u00a0V. Temp\u00e9rature de service maximale \u00e0 550\u00a0\u00b0C. Ind\u00e9formable UL-94-V0.<\/p>\n\n\n\n<p>2. Bonne conception et processus avanc\u00e9, fortement unis pour la couverture et le fond, couvre en douceur, pas de bords, tout ce qui prot\u00e8ge l&#039;efficacit\u00e9 des fils.<\/p>\n\n\n\n<p>3.Low fendu, combinaison facile, simple assembl\u00e9.<\/p>\n\n\n\n<p><\/p>\n\n\n<table width=\"552\">\n<tbody>\n<tr>\n<td style=\"text-align: center;\" width=\"139\">Mod\u00e8le<\/td>\n<td style=\"text-align: center;\" width=\"142\">HxL<\/td>\n<td style=\"text-align: center;\" width=\"182\">Fil contenu (1,5\u00a0mm\u00b2)<\/td>\n<td style=\"text-align: center;\" width=\"88\">Longueur<\/td>\n<\/tr>\n<tr>\n<td style=\"text-align: center;\" width=\"139\">PXC3-2015<\/td>\n<td style=\"text-align: center;\" width=\"142\">20&#215;15<\/td>\n<td style=\"text-align: center;\" width=\"182\">5-12 pi\u00e8ces<\/td>\n<td style=\"text-align: center;\" rowspan=\"45\">2 m\u00e8tres<\/td>\n<\/tr>\n<tr>\n<td style=\"text-align: center;\" width=\"139\">PXC3-2525<\/td>\n<td style=\"text-align: center;\" width=\"142\">25&#215;25<\/td>\n<td style=\"text-align: center;\" width=\"182\">10-25 pi\u00e8ces<\/td>\n<\/tr>\n<tr>\n<td style=\"text-align: center;\" width=\"139\">PXC3-3015<\/td>\n<td style=\"text-align: center;\" width=\"142\">30&#215;15<\/td>\n<td style=\"text-align: center;\" width=\"182\">5-15 pi\u00e8ces<\/td>\n<\/tr>\n<tr>\n<td style=\"text-align: center;\" width=\"139\">PXC3-3020<\/td>\n<td style=\"text-align: center;\" width=\"142\">30&#215;20<\/td>\n<td style=\"text-align: center;\" width=\"182\">10-20 pi\u00e8ces<\/td>\n<\/tr>\n<tr>\n<td style=\"text-align: center;\" width=\"139\">PXC3-3025<\/td>\n<td style=\"text-align: center;\" width=\"142\">30&#215;25<\/td>\n<td style=\"text-align: center;\" width=\"182\">15-25 pi\u00e8ces<\/td>\n<\/tr>\n<tr>\n<td style=\"text-align: center;\" width=\"139\">PXC3-3030<\/td>\n<td style=\"text-align: center;\" width=\"142\">30&#215;30<\/td>\n<td style=\"text-align: center;\" width=\"182\">20-30 pi\u00e8ces<\/td>\n<\/tr>\n<tr>\n<td style=\"text-align: center;\" width=\"139\">PXC3-3035<\/td>\n<td style=\"text-align: center;\" width=\"142\">30&#215;35<\/td>\n<td style=\"text-align: center;\" width=\"182\">25-40 pi\u00e8ces<\/td>\n<\/tr>\n<tr>\n<td style=\"text-align: center;\" width=\"139\">PXC3-3525<\/td>\n<td style=\"text-align: center;\" width=\"142\">35&#215;25<\/td>\n<td style=\"text-align: center;\" width=\"182\">15-25 pi\u00e8ces<\/td>\n<\/tr>\n<tr>\n<td style=\"text-align: center;\" width=\"139\">PXC3-3535<\/td>\n<td style=\"text-align: center;\" width=\"142\">35&#215;35<\/td>\n<td style=\"text-align: center;\" width=\"182\">20-25 pi\u00e8ces<\/td>\n<\/tr>\n<tr>\n<td style=\"text-align: center;\" width=\"139\">PXC3-4025<\/td>\n<td style=\"text-align: center;\" width=\"142\">40&#215;25<\/td>\n<td style=\"text-align: center;\" width=\"182\">20-25 pi\u00e8ces<\/td>\n<\/tr>\n<tr>\n<td style=\"text-align: center;\" width=\"139\">PXC3-4030<\/td>\n<td style=\"text-align: center;\" width=\"142\">40 30<\/td>\n<td style=\"text-align: center;\" width=\"182\">40-45pes<\/td>\n<\/tr>\n<tr>\n<td style=\"text-align: center;\" width=\"139\">PXC3-4035<\/td>\n<td style=\"text-align: center;\" width=\"142\">40&#215;35<\/td>\n<td style=\"text-align: center;\" width=\"182\">40-45 pi\u00e8ces<\/td>\n<\/tr>\n<tr>\n<td style=\"text-align: center;\" width=\"139\">PXC3-4040<\/td>\n<td style=\"text-align: center;\" width=\"142\">40&#215;40<\/td>\n<td style=\"text-align: center;\" width=\"182\">60-70 pi\u00e8ces<\/td>\n<\/tr>\n<tr>\n<td style=\"text-align: center;\" width=\"139\">PXC3-4545<\/td>\n<td style=\"text-align: center;\" width=\"142\">45&#215;45<\/td>\n<td style=\"text-align: center;\" width=\"182\">70-90 pi\u00e8ces<\/td>\n<\/tr>\n<tr>\n<td style=\"text-align: center;\" width=\"139\">PXC3-5020<\/td>\n<td style=\"text-align: center;\" width=\"142\">50&#215;20<\/td>\n<td style=\"text-align: center;\" width=\"182\">15-20 pi\u00e8ces<\/td>\n<\/tr>\n<tr>\n<td style=\"text-align: center;\" width=\"139\">PXC3-5025<\/td>\n<td style=\"text-align: center;\" width=\"142\">50&#215;25<\/td>\n<td style=\"text-align: center;\" width=\"182\">20-25 pi\u00e8ces<\/td>\n<\/tr>\n<tr>\n<td style=\"text-align: center;\" width=\"139\">PXC3-5030<\/td>\n<td style=\"text-align: center;\" width=\"142\">50&#215;30<\/td>\n<td style=\"text-align: center;\" width=\"182\">30-40 pi\u00e8ces<\/td>\n<\/tr>\n<tr>\n<td style=\"text-align: center;\" width=\"139\">PXC3-5035<\/td>\n<td style=\"text-align: center;\" width=\"142\">50&#215;35<\/td>\n<td style=\"text-align: center;\" width=\"182\">50-60 pi\u00e8ces<\/td>\n<\/tr>\n<tr>\n<td style=\"text-align: center;\" width=\"139\">PXC3-5040<\/td>\n<td style=\"text-align: center;\" width=\"142\">50&#215;40<\/td>\n<td style=\"text-align: center;\" width=\"182\">60-70 pi\u00e8ces<\/td>\n<\/tr>\n<tr>\n<td style=\"text-align: center;\" width=\"139\">PXC3-5045<\/td>\n<td style=\"text-align: center;\" width=\"142\">50&#215;45<\/td>\n<td style=\"text-align: center;\" width=\"182\">70-80 pi\u00e8ces<\/td>\n<\/tr>\n<tr>\n<td style=\"text-align: center;\" width=\"139\">PXC3-5050<\/td>\n<td style=\"text-align: center;\" width=\"142\">50x 50<\/td>\n<td style=\"text-align: center;\" width=\"182\">80-90 pi\u00e8ces<\/td>\n<\/tr>\n<tr>\n<td style=\"text-align: center;\" width=\"139\">PXC3-5055<\/td>\n<td style=\"text-align: center;\" width=\"142\">50&#215;55<\/td>\n<td style=\"text-align: center;\" width=\"182\">90-100 pi\u00e8ces<\/td>\n<\/tr>\n<tr>\n<td style=\"text-align: center;\" width=\"139\">PXC3-5060<\/td>\n<td style=\"text-align: center;\" width=\"142\">50&#215;60<\/td>\n<td style=\"text-align: center;\" width=\"182\">100-120 pi\u00e8ces<\/td>\n<\/tr>\n<tr>\n<td style=\"text-align: center;\" width=\"139\">PXC3-5080<\/td>\n<td style=\"text-align: center;\" width=\"142\">50&#215;80&nbsp;<\/td>\n<td style=\"text-align: center;\" width=\"182\">150-200 pi\u00e8ces<\/td>\n<\/tr>\n<tr>\n<td style=\"text-align: center;\" width=\"139\">PXC3-50100<\/td>\n<td style=\"text-align: center;\" width=\"142\">50&#215;100<\/td>\n<td style=\"text-align: center;\" width=\"182\">200-250 pi\u00e8ces<\/td>\n<\/tr>\n<tr>\n<td style=\"text-align: center;\" width=\"139\">PXC3-6025<\/td>\n<td style=\"text-align: center;\" width=\"142\">60&#215;25<\/td>\n<td style=\"text-align: center;\" width=\"182\">30-40 pi\u00e8ces<\/td>\n<\/tr>\n<tr>\n<td style=\"text-align: center;\" width=\"139\">PXC3-6030<\/td>\n<td style=\"text-align: center;\" width=\"142\">60&#215;30<\/td>\n<td style=\"text-align: center;\" width=\"182\">30-50 pi\u00e8ces<\/td>\n<\/tr>\n<tr>\n<td style=\"text-align: center;\" width=\"139\">PXC3-6035<\/td>\n<td style=\"text-align: center;\" width=\"142\">60&#215;35<\/td>\n<td style=\"text-align: center;\" width=\"182\">60-80 pi\u00e8ces<\/td>\n<\/tr>\n<tr>\n<td style=\"text-align: center;\" width=\"139\">PXC3-6040<\/td>\n<td style=\"text-align: center;\" width=\"142\">60&#215;40<\/td>\n<td style=\"text-align: center;\" width=\"182\">100-110 pi\u00e8ces<\/td>\n<\/tr>\n<tr>\n<td style=\"text-align: center;\" width=\"139\">PXC3-6045<\/td>\n<td style=\"text-align: center;\" width=\"142\">60&#215;45<\/td>\n<td style=\"text-align: center;\" width=\"182\">110-120 pi\u00e8ces<\/td>\n<\/tr>\n<tr>\n<td style=\"text-align: center;\" width=\"139\">PXC3-6050<\/td>\n<td style=\"text-align: center;\" width=\"142\">60&#215;50<\/td>\n<td style=\"text-align: center;\" width=\"182\">110-125 pi\u00e8ces<\/td>\n<\/tr>\n<tr>\n<td style=\"text-align: center;\" width=\"139\">PXC3-6060<\/td>\n<td style=\"text-align: center;\" width=\"142\">60&#215;60<\/td>\n<td style=\"text-align: center;\" width=\"182\">110-120 pi\u00e8ces<\/td>\n<\/tr>\n<tr>\n<td style=\"text-align: center;\" width=\"139\">PXC3-6545<\/td>\n<td style=\"text-align: center;\" width=\"142\">65&#215;45<\/td>\n<td style=\"text-align: center;\" width=\"182\">100-130 pi\u00e8ces<\/td>\n<\/tr>\n<tr>\n<td style=\"text-align: center;\" width=\"139\">PXC3-8025<\/td>\n<td style=\"text-align: center;\" width=\"142\">80&#215;25<\/td>\n<td style=\"text-align: center;\" width=\"182\">100-120 pi\u00e8ces<\/td>\n<\/tr>\n<tr>\n<td style=\"text-align: center;\" width=\"139\">PXC3-8040<\/td>\n<td style=\"text-align: center;\" width=\"142\">80&#215;40<\/td>\n<td style=\"text-align: center;\" width=\"182\">120-135 pi\u00e8ces<\/td>\n<\/tr>\n<tr>\n<td style=\"text-align: center;\" width=\"139\">PXC3-8045<\/td>\n<td style=\"text-align: center;\" width=\"142\">80&#215;45<\/td>\n<td style=\"text-align: center;\" width=\"182\">120-140 pi\u00e8ces<\/td>\n<\/tr>\n<tr>\n<td style=\"text-align: center;\" width=\"139\">PXC3-8050<\/td>\n<td style=\"text-align: center;\" width=\"142\">80\u00d750<\/td>\n<td style=\"text-align: center;\" width=\"182\">130-180 pi\u00e8ces<\/td>\n<\/tr>\n<tr>\n<td style=\"text-align: center;\" width=\"139\">PXC3-8055<\/td>\n<td style=\"text-align: center;\" width=\"142\">80&#215;55<\/td>\n<td style=\"text-align: center;\" width=\"182\">135-190 pi\u00e8ces<\/td>\n<\/tr>\n<tr>\n<td style=\"text-align: center;\" width=\"139\">PXC3-8060<\/td>\n<td style=\"text-align: center;\" width=\"142\">80&#215;60<\/td>\n<td style=\"text-align: center;\" width=\"182\">180-210 pi\u00e8ces<\/td>\n<\/tr>\n<tr>\n<td style=\"text-align: center;\" width=\"139\">PXC3-8080<\/td>\n<td style=\"text-align: center;\" width=\"142\">80&#215;80<\/td>\n<td style=\"text-align: center;\" width=\"182\">240-290 pi\u00e8ces<\/td>\n<\/tr>\n<tr>\n<td style=\"text-align: center;\" width=\"139\">PXC3-80100<\/td>\n<td style=\"text-align: center;\" width=\"142\">80&#215;100<\/td>\n<td style=\"text-align: center;\" width=\"182\">260-350 pi\u00e8ces<\/td>\n<\/tr>\n<tr>\n<td style=\"text-align: center;\" width=\"139\">PXC3-10050<\/td>\n<td style=\"text-align: center;\" width=\"142\">100&#215;50<\/td>\n<td style=\"text-align: center;\" width=\"182\">130-180 pi\u00e8ces<\/td>\n<\/tr>\n<tr>\n<td style=\"text-align: center;\" width=\"139\">PXC3-10060<\/td>\n<td style=\"text-align: center;\" width=\"142\">100&#215;60<\/td>\n<td style=\"text-align: center;\" width=\"182\">240-290 pi\u00e8ces<\/td>\n<\/tr>\n<tr>\n<td style=\"text-align: center;\" width=\"139\">PXC3-10080<\/td>\n<td style=\"text-align: center;\" width=\"142\">100&#215;80<\/td>\n<td style=\"text-align: center;\" width=\"182\">260-350 pi\u00e8ces<\/td>\n<\/tr>\n<tr>\n<td style=\"text-align: center;\" width=\"139\">PXC3-100100<\/td>\n<td style=\"text-align: center;\" width=\"142\">100&#215;100<\/td>\n<td style=\"text-align: center;\" width=\"182\">300-400 pi\u00e8ces<\/td>\n<\/tr>\n<\/tbody>\n<\/table>\n\n\n<figure class=\"wp-block-image size-full\"><img fetchpriority=\"high\" decoding=\"async\" width=\"568\" height=\"916\" src=\"https:\/\/www.tosunlux.eu\/wp-content\/uploads\/2022\/07\/\u7ebf-2.jpg\" alt=\"\" class=\"wp-image-4754\" srcset=\"https:\/\/www.tosunlux.eu\/wp-content\/uploads\/2022\/07\/\u7ebf-2.jpg 568w, https:\/\/www.tosunlux.eu\/wp-content\/uploads\/2022\/07\/\u7ebf-2-186x300.jpg 186w\" sizes=\"(max-width: 568px) 100vw, 568px\" \/><\/figure>\n\n\n\n<figure class=\"wp-block-image size-large is-resized\"><img decoding=\"async\" src=\"https:\/\/www.tosunlux.eu\/wp-content\/uploads\/2023\/06\/K-type-1024x795.jpg\" alt=\"\" class=\"wp-image-7074\" width=\"256\" height=\"199\" srcset=\"https:\/\/www.tosunlux.eu\/wp-content\/uploads\/2023\/06\/K-type-1024x795.jpg 1024w, https:\/\/www.tosunlux.eu\/wp-content\/uploads\/2023\/06\/K-type-300x233.jpg 300w, https:\/\/www.tosunlux.eu\/wp-content\/uploads\/2023\/06\/K-type-768x596.jpg 768w, https:\/\/www.tosunlux.eu\/wp-content\/uploads\/2023\/06\/K-type-1536x1192.jpg 1536w, https:\/\/www.tosunlux.eu\/wp-content\/uploads\/2023\/06\/K-type-15x12.jpg 15w, https:\/\/www.tosunlux.eu\/wp-content\/uploads\/2023\/06\/K-type.jpg 1600w\" sizes=\"(max-width: 256px) 100vw, 256px\" \/><\/figure>\n\n\n\n<figure class=\"wp-block-image size-large is-resized\"><img decoding=\"async\" src=\"https:\/\/www.tosunlux.eu\/wp-content\/uploads\/2023\/06\/H-type-1024x841.jpg\" alt=\"\" class=\"wp-image-7075\" width=\"256\" height=\"210\" srcset=\"https:\/\/www.tosunlux.eu\/wp-content\/uploads\/2023\/06\/H-type-1024x841.jpg 1024w, https:\/\/www.tosunlux.eu\/wp-content\/uploads\/2023\/06\/H-type-300x247.jpg 300w, https:\/\/www.tosunlux.eu\/wp-content\/uploads\/2023\/06\/H-type-768x631.jpg 768w, https:\/\/www.tosunlux.eu\/wp-content\/uploads\/2023\/06\/H-type-1536x1262.jpg 1536w, https:\/\/www.tosunlux.eu\/wp-content\/uploads\/2023\/06\/H-type-15x12.jpg 15w, https:\/\/www.tosunlux.eu\/wp-content\/uploads\/2023\/06\/H-type.jpg 1599w\" sizes=\"(max-width: 256px) 100vw, 256px\" \/><\/figure>","protected":false},"parent":0,"template":"","product_category":[36,214,106],"class_list":["post-4747","product","type-product","status-publish","hentry","product_category-electrical-accessories","product_category-plastic-items","product_category-wiring-accessory"],"yoast_head":"<!-- This site is optimized with the Yoast SEO plugin v27.4 - https:\/\/yoast.com\/product\/yoast-seo-wordpress\/ -->\n<title>WholesaleWiring Duct(Slotted) - TOSUNlux Official Site - Electrical Circuit Breaker Manufacturer in China Low Voltage Electrical Supplier | TOSUNlux<\/title>\n<meta name=\"description\" content=\"Wiring Duct(Slotted) Supplier - Wholesale direct from TOSUNlux, a trusted manufacturer since 1994. Get your B2B factory quote on our certified Low Voltage electrical products.\" \/>\n<meta name=\"robots\" content=\"index, follow, max-snippet:-1, max-image-preview:large, max-video-preview:-1\" \/>\n<link rel=\"canonical\" href=\"https:\/\/www.tosunlux.eu\/fr\/products\/wiring-ductslotted-2\/\" \/>\n<meta property=\"og:locale\" content=\"fr_FR\" \/>\n<meta property=\"og:type\" content=\"article\" \/>\n<meta property=\"og:title\" content=\"WholesaleWiring Duct(Slotted) - TOSUNlux Official Site - Electrical Circuit Breaker Manufacturer in China Low Voltage Electrical Supplier | TOSUNlux\" \/>\n<meta property=\"og:description\" content=\"Wiring Duct(Slotted) Supplier - Wholesale direct from TOSUNlux, a trusted manufacturer since 1994. Get your B2B factory quote on our certified Low Voltage electrical products.\" \/>\n<meta property=\"og:url\" content=\"https:\/\/www.tosunlux.eu\/fr\/products\/wiring-ductslotted-2\/\" \/>\n<meta property=\"og:site_name\" content=\"TOSUNlux Official Site - Electrical Circuit Breaker Manufacturer in China\" \/>\n<meta property=\"article:publisher\" content=\"https:\/\/www.facebook.com\/TOSUNelectric\/\" \/>\n<meta property=\"article:modified_time\" content=\"2024-12-18T04:44:54+00:00\" \/>\n<meta property=\"og:image\" content=\"https:\/\/www.tosunlux.eu\/wp-content\/uploads\/2023\/06\/K-type-1024x795.jpg\" \/>\n<meta name=\"twitter:card\" content=\"summary_large_image\" \/>\n<meta name=\"twitter:label1\" content=\"Dur\u00e9e de lecture estim\u00e9e\" \/>\n\t<meta name=\"twitter:data1\" content=\"2 minutes\" \/>\n<script type=\"application\/ld+json\" class=\"yoast-schema-graph\">{\"@context\":\"https:\\\/\\\/schema.org\",\"@graph\":[{\"@type\":\"WebPage\",\"@id\":\"https:\\\/\\\/www.tosunlux.eu\\\/fa\\\/products\\\/wiring-ductslotted-2\\\/\",\"url\":\"https:\\\/\\\/www.tosunlux.eu\\\/fa\\\/products\\\/wiring-ductslotted-2\\\/\",\"name\":\"WholesaleWiring Duct(Slotted) - TOSUNlux Official Site - Electrical Circuit Breaker Manufacturer in China Low Voltage Electrical Supplier | TOSUNlux\",\"isPartOf\":{\"@id\":\"https:\\\/\\\/www.tosunlux.eu\\\/ru\\\/#website\"},\"primaryImageOfPage\":{\"@id\":\"https:\\\/\\\/www.tosunlux.eu\\\/fa\\\/products\\\/wiring-ductslotted-2\\\/#primaryimage\"},\"image\":{\"@id\":\"https:\\\/\\\/www.tosunlux.eu\\\/fa\\\/products\\\/wiring-ductslotted-2\\\/#primaryimage\"},\"thumbnailUrl\":\"https:\\\/\\\/www.tosunlux.eu\\\/wp-content\\\/uploads\\\/2023\\\/06\\\/K-type-1024x795.jpg\",\"datePublished\":\"2022-07-20T03:08:59+00:00\",\"dateModified\":\"2024-12-18T04:44:54+00:00\",\"description\":\"Wiring Duct(Slotted) Supplier - Wholesale direct from TOSUNlux, a trusted manufacturer since 1994. Get your B2B factory quote on our certified Low Voltage electrical products.\",\"breadcrumb\":{\"@id\":\"https:\\\/\\\/www.tosunlux.eu\\\/fa\\\/products\\\/wiring-ductslotted-2\\\/#breadcrumb\"},\"inLanguage\":\"fr-FR\",\"potentialAction\":[{\"@type\":\"ReadAction\",\"target\":[\"https:\\\/\\\/www.tosunlux.eu\\\/fa\\\/products\\\/wiring-ductslotted-2\\\/\"]}]},{\"@type\":\"ImageObject\",\"inLanguage\":\"fr-FR\",\"@id\":\"https:\\\/\\\/www.tosunlux.eu\\\/fa\\\/products\\\/wiring-ductslotted-2\\\/#primaryimage\",\"url\":\"https:\\\/\\\/www.tosunlux.eu\\\/wp-content\\\/uploads\\\/2023\\\/06\\\/K-type-1024x795.jpg\",\"contentUrl\":\"https:\\\/\\\/www.tosunlux.eu\\\/wp-content\\\/uploads\\\/2023\\\/06\\\/K-type-1024x795.jpg\"},{\"@type\":\"BreadcrumbList\",\"@id\":\"https:\\\/\\\/www.tosunlux.eu\\\/fa\\\/products\\\/wiring-ductslotted-2\\\/#breadcrumb\",\"itemListElement\":[{\"@type\":\"ListItem\",\"position\":1,\"name\":\"Home\",\"item\":\"https:\\\/\\\/www.tosunlux.eu\\\/ru\\\/\"},{\"@type\":\"ListItem\",\"position\":2,\"name\":\"Products\",\"item\":\"https:\\\/\\\/www.tosunlux.eu\\\/products\\\/\"},{\"@type\":\"ListItem\",\"position\":3,\"name\":\"Wiring Duct(Slotted)\"}]},{\"@type\":\"WebSite\",\"@id\":\"https:\\\/\\\/www.tosunlux.eu\\\/ru\\\/#website\",\"url\":\"https:\\\/\\\/www.tosunlux.eu\\\/ru\\\/\",\"name\":\"TOSUNlux Official Site - Electrical Circuit Breaker Manufacturer in China\",\"description\":\"Power Distribution System Supplier\",\"publisher\":{\"@id\":\"https:\\\/\\\/www.tosunlux.eu\\\/ru\\\/#organization\"},\"alternateName\":\"TOSUNlux\",\"potentialAction\":[{\"@type\":\"SearchAction\",\"target\":{\"@type\":\"EntryPoint\",\"urlTemplate\":\"https:\\\/\\\/www.tosunlux.eu\\\/ru\\\/?s={search_term_string}\"},\"query-input\":{\"@type\":\"PropertyValueSpecification\",\"valueRequired\":true,\"valueName\":\"search_term_string\"}}],\"inLanguage\":\"fr-FR\"},{\"@type\":\"Organization\",\"@id\":\"https:\\\/\\\/www.tosunlux.eu\\\/ru\\\/#organization\",\"name\":\"TOSUNlux\",\"url\":\"https:\\\/\\\/www.tosunlux.eu\\\/ru\\\/\",\"logo\":{\"@type\":\"ImageObject\",\"inLanguage\":\"fr-FR\",\"@id\":\"https:\\\/\\\/www.tosunlux.eu\\\/ru\\\/#\\\/schema\\\/logo\\\/image\\\/\",\"url\":\"https:\\\/\\\/www.tosunlux.eu\\\/wp-content\\\/uploads\\\/2022\\\/01\\\/LOGOSYSM.71762f1.png\",\"contentUrl\":\"https:\\\/\\\/www.tosunlux.eu\\\/wp-content\\\/uploads\\\/2022\\\/01\\\/LOGOSYSM.71762f1.png\",\"width\":153,\"height\":55,\"caption\":\"TOSUNlux\"},\"image\":{\"@id\":\"https:\\\/\\\/www.tosunlux.eu\\\/ru\\\/#\\\/schema\\\/logo\\\/image\\\/\"},\"sameAs\":[\"https:\\\/\\\/www.facebook.com\\\/TOSUNelectric\\\/\",\"https:\\\/\\\/www.linkedin.com\\\/company\\\/wenzhou-tosun-electric-co.-ltd\\\/\"]}]}<\/script>\n<!-- \/ Yoast SEO plugin. -->","yoast_head_json":{"title":"WholesaleWiring Duct(Slotted) - TOSUNlux Official Site - Electrical Circuit Breaker Manufacturer in China Low Voltage Electrical Supplier | TOSUNlux","description":"Wiring Duct(Slotted) Supplier - Wholesale direct from TOSUNlux, a trusted manufacturer since 1994. Get your B2B factory quote on our certified Low Voltage electrical products.","robots":{"index":"index","follow":"follow","max-snippet":"max-snippet:-1","max-image-preview":"max-image-preview:large","max-video-preview":"max-video-preview:-1"},"canonical":"https:\/\/www.tosunlux.eu\/fr\/products\/wiring-ductslotted-2\/","og_locale":"fr_FR","og_type":"article","og_title":"WholesaleWiring Duct(Slotted) - TOSUNlux Official Site - Electrical Circuit Breaker Manufacturer in China Low Voltage Electrical Supplier | TOSUNlux","og_description":"Wiring Duct(Slotted) Supplier - Wholesale direct from TOSUNlux, a trusted manufacturer since 1994. Get your B2B factory quote on our certified Low Voltage electrical products.","og_url":"https:\/\/www.tosunlux.eu\/fr\/products\/wiring-ductslotted-2\/","og_site_name":"TOSUNlux Official Site - Electrical Circuit Breaker Manufacturer in China","article_publisher":"https:\/\/www.facebook.com\/TOSUNelectric\/","article_modified_time":"2024-12-18T04:44:54+00:00","og_image":[{"url":"https:\/\/www.tosunlux.eu\/wp-content\/uploads\/2023\/06\/K-type-1024x795.jpg","type":"","width":"","height":""}],"twitter_card":"summary_large_image","twitter_misc":{"Dur\u00e9e de lecture estim\u00e9e":"2 minutes"},"schema":{"@context":"https:\/\/schema.org","@graph":[{"@type":"WebPage","@id":"https:\/\/www.tosunlux.eu\/fa\/products\/wiring-ductslotted-2\/","url":"https:\/\/www.tosunlux.eu\/fa\/products\/wiring-ductslotted-2\/","name":"WholesaleWiring Duct(Slotted) - TOSUNlux Official Site - Electrical Circuit Breaker Manufacturer in China Low Voltage Electrical Supplier | TOSUNlux","isPartOf":{"@id":"https:\/\/www.tosunlux.eu\/ru\/#website"},"primaryImageOfPage":{"@id":"https:\/\/www.tosunlux.eu\/fa\/products\/wiring-ductslotted-2\/#primaryimage"},"image":{"@id":"https:\/\/www.tosunlux.eu\/fa\/products\/wiring-ductslotted-2\/#primaryimage"},"thumbnailUrl":"https:\/\/www.tosunlux.eu\/wp-content\/uploads\/2023\/06\/K-type-1024x795.jpg","datePublished":"2022-07-20T03:08:59+00:00","dateModified":"2024-12-18T04:44:54+00:00","description":"Wiring Duct(Slotted) Supplier - Wholesale direct from TOSUNlux, a trusted manufacturer since 1994. Get your B2B factory quote on our certified Low Voltage electrical products.","breadcrumb":{"@id":"https:\/\/www.tosunlux.eu\/fa\/products\/wiring-ductslotted-2\/#breadcrumb"},"inLanguage":"fr-FR","potentialAction":[{"@type":"ReadAction","target":["https:\/\/www.tosunlux.eu\/fa\/products\/wiring-ductslotted-2\/"]}]},{"@type":"ImageObject","inLanguage":"fr-FR","@id":"https:\/\/www.tosunlux.eu\/fa\/products\/wiring-ductslotted-2\/#primaryimage","url":"https:\/\/www.tosunlux.eu\/wp-content\/uploads\/2023\/06\/K-type-1024x795.jpg","contentUrl":"https:\/\/www.tosunlux.eu\/wp-content\/uploads\/2023\/06\/K-type-1024x795.jpg"},{"@type":"BreadcrumbList","@id":"https:\/\/www.tosunlux.eu\/fa\/products\/wiring-ductslotted-2\/#breadcrumb","itemListElement":[{"@type":"ListItem","position":1,"name":"Home","item":"https:\/\/www.tosunlux.eu\/ru\/"},{"@type":"ListItem","position":2,"name":"Products","item":"https:\/\/www.tosunlux.eu\/products\/"},{"@type":"ListItem","position":3,"name":"Wiring Duct(Slotted)"}]},{"@type":"WebSite","@id":"https:\/\/www.tosunlux.eu\/ru\/#website","url":"https:\/\/www.tosunlux.eu\/ru\/","name":"Site officiel TOSUNlux - Fabricant de disjoncteurs \u00e9lectriques en Chine","description":"Fournisseur de syst\u00e8me de distribution d&#039;\u00e9nergie","publisher":{"@id":"https:\/\/www.tosunlux.eu\/ru\/#organization"},"alternateName":"TOSUNlux","potentialAction":[{"@type":"SearchAction","target":{"@type":"EntryPoint","urlTemplate":"https:\/\/www.tosunlux.eu\/ru\/?s={search_term_string}"},"query-input":{"@type":"PropertyValueSpecification","valueRequired":true,"valueName":"search_term_string"}}],"inLanguage":"fr-FR"},{"@type":"Organization","@id":"https:\/\/www.tosunlux.eu\/ru\/#organization","name":"TOSUNlux","url":"https:\/\/www.tosunlux.eu\/ru\/","logo":{"@type":"ImageObject","inLanguage":"fr-FR","@id":"https:\/\/www.tosunlux.eu\/ru\/#\/schema\/logo\/image\/","url":"https:\/\/www.tosunlux.eu\/wp-content\/uploads\/2022\/01\/LOGOSYSM.71762f1.png","contentUrl":"https:\/\/www.tosunlux.eu\/wp-content\/uploads\/2022\/01\/LOGOSYSM.71762f1.png","width":153,"height":55,"caption":"TOSUNlux"},"image":{"@id":"https:\/\/www.tosunlux.eu\/ru\/#\/schema\/logo\/image\/"},"sameAs":["https:\/\/www.facebook.com\/TOSUNelectric\/","https:\/\/www.linkedin.com\/company\/wenzhou-tosun-electric-co.-ltd\/"]}]}},"_links":{"self":[{"href":"https:\/\/www.tosunlux.eu\/fr\/wp-json\/wp\/v2\/product\/4747","targetHints":{"allow":["GET"]}}],"collection":[{"href":"https:\/\/www.tosunlux.eu\/fr\/wp-json\/wp\/v2\/product"}],"about":[{"href":"https:\/\/www.tosunlux.eu\/fr\/wp-json\/wp\/v2\/types\/product"}],"version-history":[{"count":2,"href":"https:\/\/www.tosunlux.eu\/fr\/wp-json\/wp\/v2\/product\/4747\/revisions"}],"predecessor-version":[{"id":12045,"href":"https:\/\/www.tosunlux.eu\/fr\/wp-json\/wp\/v2\/product\/4747\/revisions\/12045"}],"wp:attachment":[{"href":"https:\/\/www.tosunlux.eu\/fr\/wp-json\/wp\/v2\/media?parent=4747"}],"wp:term":[{"taxonomy":"product_category","embeddable":true,"href":"https:\/\/www.tosunlux.eu\/fr\/wp-json\/wp\/v2\/product_category?post=4747"}],"curies":[{"name":"wp","href":"https:\/\/api.w.org\/{rel}","templated":true}]}}