{"id":5162,"date":"2022-09-23T09:32:39","date_gmt":"2022-09-23T01:32:39","guid":{"rendered":"https:\/\/www.tosunlux.eu\/?post_type=product&#038;p=5162"},"modified":"2022-09-23T09:34:55","modified_gmt":"2022-09-23T01:34:55","slug":"control-transformerjbk3","status":"publish","type":"product","link":"https:\/\/www.tosunlux.eu\/fr\/products\/control-transformerjbk3\/","title":{"rendered":"Transformateur de contr\u00f4le (JBK3)"},"content":{"rendered":"<p><strong>Application<\/strong><\/p>\n\n\n\n<p>Le transformateur JBK3 convient \u00e0 une utilisation dans le circuit AC 50\/60Hz, tension nominale de sortie jusqu&#039;\u00e0 220V et tension nominale d&#039;entr\u00e9e jusqu&#039;\u00e0 500V, comme alimentation des circuits de commande, des circuits d&#039;\u00e9clairage, des circuits de signal et des \u00e9quipements \u00e9lectroniques. Le produit est conforme \u00e0 la norme IEC60204-1.<\/p>\n\n\n\n<p><strong>Dimension<\/strong><\/p>\n\n\n<table style=\"border-collapse: collapse; width: 528.02pt;\" border=\"0\" width=\"704\" cellspacing=\"0\" cellpadding=\"0\">\n<tbody>\n<tr style=\"height: 43.00pt;\">\n<td class=\"et2\" style=\"height: 43pt; width: 113.3pt; text-align: center;\" width=\"151\" height=\"57\">Mod\u00e8le<\/td>\n<td class=\"et2\" style=\"width: 47.9pt; text-align: center;\" width=\"63\">L<\/td>\n<td class=\"et2\" style=\"width: 47.9pt; text-align: center;\" width=\"63\">w<\/td>\n<td class=\"et2\" style=\"width: 46.95pt; text-align: center;\" width=\"62\">H<\/td>\n<td class=\"et2\" style=\"width: 76.3pt; text-align: center;\" width=\"101\">L1<\/td>\n<td class=\"et2\" style=\"width: 76.3pt; text-align: center;\" width=\"101\">W1<\/td>\n<td class=\"et2\" style=\"width: 76.3pt; text-align: center;\" width=\"101\">Trou de montage<\/td>\n<td class=\"et2\" style=\"width: 43.15pt; text-align: center;\" width=\"57\">F<\/td>\n<\/tr>\n<tr style=\"height: 27.00pt;\">\n<td class=\"et2\" style=\"height: 27pt; width: 113.3pt; text-align: center;\" width=\"151\" height=\"36\">JBK3-40, 63VA<\/td>\n<td class=\"et2\" style=\"width: 47.9pt; text-align: center;\" width=\"63\">78<\/td>\n<td class=\"et2\" style=\"width: 47.9pt; text-align: center;\" width=\"63\">72<\/td>\n<td class=\"et2\" style=\"width: 46.95pt; text-align: center;\" width=\"62\">89<\/td>\n<td class=\"et2\" style=\"width: 76.3pt; text-align: center;\" width=\"101\">56\u00b10,4<\/td>\n<td class=\"et2\" style=\"width: 76.3pt; text-align: center;\" width=\"101\">51\u00b12<\/td>\n<td class=\"et2\" style=\"width: 76.3pt; text-align: center;\" width=\"101\">4,8&#215;8<\/td>\n<td class=\"et2\" style=\"width: 43.15pt; text-align: center;\" width=\"57\">2<\/td>\n<\/tr>\n<tr style=\"height: 27.00pt;\">\n<td class=\"et2\" style=\"height: 27pt; width: 113.3pt; text-align: center;\" width=\"151\" height=\"36\">JBK3-100VA<\/td>\n<td class=\"et2\" style=\"width: 47.9pt; text-align: center;\" width=\"63\">84<\/td>\n<td class=\"et2\" style=\"width: 47.9pt; text-align: center;\" width=\"63\">85<\/td>\n<td class=\"et2\" style=\"width: 46.95pt; text-align: center;\" width=\"62\">94<\/td>\n<td class=\"et2\" style=\"width: 76.3pt; text-align: center;\" width=\"101\">64\u00b10,4<\/td>\n<td class=\"et2\" style=\"width: 76.3pt; text-align: center;\" width=\"101\">66\u00b12<\/td>\n<td class=\"et2\" style=\"width: 76.3pt; text-align: center;\" width=\"101\">4,8&#215;8<\/td>\n<td class=\"et2\" style=\"width: 43.15pt; text-align: center;\" width=\"57\">2<\/td>\n<\/tr>\n<tr style=\"height: 27.00pt;\">\n<td class=\"et2\" style=\"height: 27pt; width: 113.3pt; text-align: center;\" width=\"151\" height=\"36\">JBK3-160VA<\/td>\n<td class=\"et2\" style=\"width: 47.9pt; text-align: center;\" width=\"63\">96<\/td>\n<td class=\"et2\" style=\"width: 47.9pt; text-align: center;\" width=\"63\">92<\/td>\n<td class=\"et2\" style=\"width: 46.95pt; text-align: center;\" width=\"62\">109<\/td>\n<td class=\"et2\" style=\"width: 76.3pt; text-align: center;\" width=\"101\">84\u00b10,4<\/td>\n<td class=\"et2\" style=\"width: 76.3pt; text-align: center;\" width=\"101\">73\u00b12<\/td>\n<td class=\"et2\" style=\"width: 76.3pt; text-align: center;\" width=\"101\">5,8&#215;8<\/td>\n<td class=\"et2\" style=\"width: 43.15pt; text-align: center;\" width=\"57\">2<\/td>\n<\/tr>\n<tr style=\"height: 26.00pt;\">\n<td class=\"et2\" style=\"height: 26pt; width: 113.3pt; text-align: center;\" width=\"151\" height=\"34\">JBK3-250VA<\/td>\n<td class=\"et2\" style=\"width: 47.9pt; text-align: center;\" width=\"63\">96<\/td>\n<td class=\"et2\" style=\"width: 47.9pt; text-align: center;\" width=\"63\">105<\/td>\n<td class=\"et2\" style=\"width: 46.95pt; text-align: center;\" width=\"62\">109<\/td>\n<td class=\"et2\" style=\"width: 76.3pt; text-align: center;\" width=\"101\">84\u00b10,4<\/td>\n<td class=\"et2\" style=\"width: 76.3pt; text-align: center;\" width=\"101\">87\u00b12<\/td>\n<td class=\"et2\" style=\"width: 76.3pt; text-align: center;\" width=\"101\">5.8&#215;11<\/td>\n<td class=\"et2\" style=\"width: 43.15pt; text-align: center;\" width=\"57\">2<\/td>\n<\/tr>\n<tr style=\"height: 27.00pt;\">\n<td class=\"et2\" style=\"height: 27pt; width: 113.3pt; text-align: center;\" width=\"151\" height=\"36\">JBK3-400VA<\/td>\n<td class=\"et2\" style=\"width: 47.9pt; text-align: center;\" width=\"63\">120<\/td>\n<td class=\"et2\" style=\"width: 47.9pt; text-align: center;\" width=\"63\">109<\/td>\n<td class=\"et2\" style=\"width: 46.95pt; text-align: center;\" width=\"62\">123<\/td>\n<td class=\"et2\" style=\"width: 76.3pt; text-align: center;\" width=\"101\">90\u00b10.4<\/td>\n<td class=\"et2\" style=\"width: 76.3pt; text-align: center;\" width=\"101\">90\u00b12<\/td>\n<td class=\"et2\" style=\"width: 76.3pt; text-align: center;\" width=\"101\">7&#215;13<\/td>\n<td class=\"et2\" style=\"width: 43.15pt; text-align: center;\" width=\"57\">2.5<\/td>\n<\/tr>\n<tr style=\"height: 27.00pt;\">\n<td class=\"et2\" style=\"height: 27pt; width: 113.3pt; text-align: center;\" width=\"151\" height=\"36\">JBK3-630VA<\/td>\n<td class=\"et2\" style=\"width: 47.9pt; text-align: center;\" width=\"63\">150<\/td>\n<td class=\"et2\" style=\"width: 47.9pt; text-align: center;\" width=\"63\">112<\/td>\n<td class=\"et2\" style=\"width: 46.95pt; text-align: center;\" width=\"62\">150<\/td>\n<td class=\"et2\" style=\"width: 76.3pt; text-align: center;\" width=\"101\">122\u00b10,5<\/td>\n<td class=\"et2\" style=\"width: 76.3pt; text-align: center;\" width=\"101\">90\u00b12<\/td>\n<td class=\"et2\" style=\"width: 76.3pt; text-align: center;\" width=\"101\">6&#215;13<\/td>\n<td class=\"et2\" style=\"width: 43.15pt; text-align: center;\" width=\"57\">2.5<\/td>\n<\/tr>\n<tr style=\"height: 27.00pt;\">\n<td class=\"et2\" style=\"height: 27pt; width: 113.3pt; text-align: center;\" width=\"151\" height=\"36\">JBK3-1000VA<\/td>\n<td class=\"et2\" style=\"width: 47.9pt; text-align: center;\" width=\"63\">1 60<\/td>\n<td class=\"et2\" style=\"width: 47.9pt; text-align: center;\" width=\"63\">195<\/td>\n<td class=\"et2\" style=\"width: 46.95pt; text-align: center;\" width=\"62\">151<\/td>\n<td class=\"et2\" style=\"width: 76.3pt; text-align: center;\" width=\"101\">126\u00b12<\/td>\n<td class=\"et2\" style=\"width: 76.3pt; text-align: center;\" width=\"101\">152\u00b12<\/td>\n<td class=\"et2\" style=\"width: 76.3pt; text-align: center;\" width=\"101\">7&#215;13<\/td>\n<td class=\"et2\" style=\"width: 43.15pt; text-align: center;\" width=\"57\">3<\/td>\n<\/tr>\n<tr style=\"height: 27.00pt;\">\n<td class=\"et2\" style=\"height: 27pt; width: 113.3pt; text-align: center;\" width=\"151\" height=\"36\">JBK3-1600VA<\/td>\n<td class=\"et2\" style=\"width: 47.9pt; text-align: center;\" width=\"63\">170<\/td>\n<td class=\"et2\" style=\"width: 47.9pt; text-align: center;\" width=\"63\">225<\/td>\n<td class=\"et2\" style=\"width: 46.95pt; text-align: center;\" width=\"62\">163<\/td>\n<td class=\"et2\" style=\"width: 76.3pt; text-align: center;\" width=\"101\">140\u00b12<\/td>\n<td class=\"et2\" style=\"width: 76.3pt; text-align: center;\" width=\"101\">176\u00b12<\/td>\n<td class=\"et2\" style=\"width: 76.3pt; text-align: center;\" width=\"101\">7&#215;17<\/td>\n<td class=\"et2\" style=\"width: 43.15pt; text-align: center;\" width=\"57\">3<\/td>\n<\/tr>\n<tr style=\"height: 27.00pt;\">\n<td class=\"et2\" style=\"height: 27pt; width: 113.3pt; text-align: center;\" width=\"151\" height=\"36\">JBK3-2500VA<\/td>\n<td class=\"et2\" style=\"width: 47.9pt; text-align: center;\" width=\"63\">200<\/td>\n<td class=\"et2\" style=\"width: 47.9pt; text-align: center;\" width=\"63\">250<\/td>\n<td class=\"et2\" style=\"width: 46.95pt; text-align: center;\" width=\"62\">171<\/td>\n<td class=\"et2\" style=\"width: 76.3pt; text-align: center;\" width=\"101\">172\u00b12<\/td>\n<td class=\"et2\" style=\"width: 76.3pt; text-align: center;\" width=\"101\">210\u00b12<\/td>\n<td class=\"et2\" style=\"width: 76.3pt; text-align: center;\" width=\"101\">7&#215;17<\/td>\n<td class=\"et2\" style=\"width: 43.15pt; text-align: center;\" width=\"57\">4<\/td>\n<\/tr>\n<\/tbody>\n<\/table>\n<p>\u00a0<\/p>\n<p>\u00a0<\/p>\n\n\n<figure class=\"wp-block-image size-large\"><img fetchpriority=\"high\" decoding=\"async\" width=\"1024\" height=\"984\" src=\"https:\/\/www.tosunlux.eu\/wp-content\/uploads\/2022\/09\/\u7ebf\u56fe-1-1024x984.jpg\" alt=\"\" class=\"wp-image-5163\" srcset=\"https:\/\/www.tosunlux.eu\/wp-content\/uploads\/2022\/09\/\u7ebf\u56fe-1-1024x984.jpg 1024w, https:\/\/www.tosunlux.eu\/wp-content\/uploads\/2022\/09\/\u7ebf\u56fe-1-300x288.jpg 300w, https:\/\/www.tosunlux.eu\/wp-content\/uploads\/2022\/09\/\u7ebf\u56fe-1-768x738.jpg 768w, https:\/\/www.tosunlux.eu\/wp-content\/uploads\/2022\/09\/\u7ebf\u56fe-1.jpg 1077w\" sizes=\"(max-width: 1024px) 100vw, 1024px\" \/><\/figure>","protected":false},"parent":0,"template":"","product_category":[75,182],"class_list":["post-5162","product","type-product","status-publish","hentry","product_category-instruments","product_category-control-transformer"],"yoast_head":"<!-- This site is optimized with the Yoast SEO plugin v27.3 - https:\/\/yoast.com\/product\/yoast-seo-wordpress\/ -->\n<title>WholesaleControl Transformer(JBK3) - TOSUNlux Official Site - Electrical Circuit Breaker Manufacturer in China Low Voltage Electrical Supplier | TOSUNlux<\/title>\n<meta name=\"description\" content=\"Control Transformer(JBK3) Supplier - Wholesale direct from TOSUNlux, a trusted manufacturer since 1994. Get your B2B factory quote on our certified Low Voltage electrical products.\" \/>\n<meta name=\"robots\" content=\"index, follow, max-snippet:-1, max-image-preview:large, max-video-preview:-1\" \/>\n<link rel=\"canonical\" href=\"https:\/\/www.tosunlux.eu\/fr\/products\/control-transformerjbk3\/\" \/>\n<meta property=\"og:locale\" content=\"fr_FR\" \/>\n<meta property=\"og:type\" content=\"article\" \/>\n<meta property=\"og:title\" content=\"WholesaleControl Transformer(JBK3) - TOSUNlux Official Site - Electrical Circuit Breaker Manufacturer in China Low Voltage Electrical Supplier | TOSUNlux\" \/>\n<meta property=\"og:description\" content=\"Control Transformer(JBK3) Supplier - Wholesale direct from TOSUNlux, a trusted manufacturer since 1994. Get your B2B factory quote on our certified Low Voltage electrical products.\" \/>\n<meta property=\"og:url\" content=\"https:\/\/www.tosunlux.eu\/fr\/products\/control-transformerjbk3\/\" \/>\n<meta property=\"og:site_name\" content=\"TOSUNlux Official Site - Electrical Circuit Breaker Manufacturer in China\" \/>\n<meta property=\"article:publisher\" content=\"https:\/\/www.facebook.com\/TOSUNelectric\/\" \/>\n<meta property=\"article:modified_time\" content=\"2022-09-23T01:34:55+00:00\" \/>\n<meta property=\"og:image\" content=\"https:\/\/www.tosunlux.eu\/wp-content\/uploads\/2023\/04\/DSC08160_\u526f\u672c.jpg\" \/>\n\t<meta property=\"og:image:width\" content=\"1500\" \/>\n\t<meta property=\"og:image:height\" content=\"940\" \/>\n\t<meta property=\"og:image:type\" content=\"image\/jpeg\" \/>\n<meta name=\"twitter:card\" content=\"summary_large_image\" \/>\n<meta name=\"twitter:label1\" content=\"Dur\u00e9e de lecture estim\u00e9e\" \/>\n\t<meta name=\"twitter:data1\" content=\"1 minute\" \/>\n<script type=\"application\/ld+json\" class=\"yoast-schema-graph\">{\"@context\":\"https:\\\/\\\/schema.org\",\"@graph\":[{\"@type\":\"WebPage\",\"@id\":\"https:\\\/\\\/www.tosunlux.eu\\\/es\\\/products\\\/control-transformerjbk3\\\/\",\"url\":\"https:\\\/\\\/www.tosunlux.eu\\\/es\\\/products\\\/control-transformerjbk3\\\/\",\"name\":\"WholesaleControl Transformer(JBK3) - TOSUNlux Official Site - Electrical Circuit Breaker Manufacturer in China Low Voltage Electrical Supplier | TOSUNlux\",\"isPartOf\":{\"@id\":\"https:\\\/\\\/www.tosunlux.eu\\\/ru\\\/#website\"},\"datePublished\":\"2022-09-23T01:32:39+00:00\",\"dateModified\":\"2022-09-23T01:34:55+00:00\",\"description\":\"Control Transformer(JBK3) Supplier - Wholesale direct from TOSUNlux, a trusted manufacturer since 1994. Get your B2B factory quote on our certified Low Voltage electrical products.\",\"breadcrumb\":{\"@id\":\"https:\\\/\\\/www.tosunlux.eu\\\/es\\\/products\\\/control-transformerjbk3\\\/#breadcrumb\"},\"inLanguage\":\"fr-FR\",\"potentialAction\":[{\"@type\":\"ReadAction\",\"target\":[\"https:\\\/\\\/www.tosunlux.eu\\\/es\\\/products\\\/control-transformerjbk3\\\/\"]}]},{\"@type\":\"BreadcrumbList\",\"@id\":\"https:\\\/\\\/www.tosunlux.eu\\\/es\\\/products\\\/control-transformerjbk3\\\/#breadcrumb\",\"itemListElement\":[{\"@type\":\"ListItem\",\"position\":1,\"name\":\"Home\",\"item\":\"https:\\\/\\\/www.tosunlux.eu\\\/ru\\\/\"},{\"@type\":\"ListItem\",\"position\":2,\"name\":\"Products\",\"item\":\"https:\\\/\\\/www.tosunlux.eu\\\/products\\\/\"},{\"@type\":\"ListItem\",\"position\":3,\"name\":\"Control Transformer(JBK3)\"}]},{\"@type\":\"WebSite\",\"@id\":\"https:\\\/\\\/www.tosunlux.eu\\\/ru\\\/#website\",\"url\":\"https:\\\/\\\/www.tosunlux.eu\\\/ru\\\/\",\"name\":\"TOSUNlux Official Site - Electrical Circuit Breaker Manufacturer in China\",\"description\":\"Power Distribution System Supplier\",\"publisher\":{\"@id\":\"https:\\\/\\\/www.tosunlux.eu\\\/ru\\\/#organization\"},\"alternateName\":\"TOSUNlux\",\"potentialAction\":[{\"@type\":\"SearchAction\",\"target\":{\"@type\":\"EntryPoint\",\"urlTemplate\":\"https:\\\/\\\/www.tosunlux.eu\\\/ru\\\/?s={search_term_string}\"},\"query-input\":{\"@type\":\"PropertyValueSpecification\",\"valueRequired\":true,\"valueName\":\"search_term_string\"}}],\"inLanguage\":\"fr-FR\"},{\"@type\":\"Organization\",\"@id\":\"https:\\\/\\\/www.tosunlux.eu\\\/ru\\\/#organization\",\"name\":\"TOSUNlux\",\"url\":\"https:\\\/\\\/www.tosunlux.eu\\\/ru\\\/\",\"logo\":{\"@type\":\"ImageObject\",\"inLanguage\":\"fr-FR\",\"@id\":\"https:\\\/\\\/www.tosunlux.eu\\\/ru\\\/#\\\/schema\\\/logo\\\/image\\\/\",\"url\":\"https:\\\/\\\/www.tosunlux.eu\\\/wp-content\\\/uploads\\\/2022\\\/01\\\/LOGOSYSM.71762f1.png\",\"contentUrl\":\"https:\\\/\\\/www.tosunlux.eu\\\/wp-content\\\/uploads\\\/2022\\\/01\\\/LOGOSYSM.71762f1.png\",\"width\":153,\"height\":55,\"caption\":\"TOSUNlux\"},\"image\":{\"@id\":\"https:\\\/\\\/www.tosunlux.eu\\\/ru\\\/#\\\/schema\\\/logo\\\/image\\\/\"},\"sameAs\":[\"https:\\\/\\\/www.facebook.com\\\/TOSUNelectric\\\/\",\"https:\\\/\\\/www.linkedin.com\\\/company\\\/wenzhou-tosun-electric-co.-ltd\\\/\"]}]}<\/script>\n<!-- \/ Yoast SEO plugin. -->","yoast_head_json":{"title":"Transformateur de commande en gros (JBK3) - Site officiel de TOSUNlux - Fabricant de disjoncteurs \u00e9lectriques en Chine | Fournisseur d&#039;\u00e9quipements \u00e9lectriques basse tension | TOSUNlux","description":"Fournisseur de transformateur de contr\u00f4le (JBK3) - Vente en gros directement aupr\u00e8s de TOSUNlux, un fabricant de confiance depuis 1994. Obtenez votre devis d&#039;usine B2B sur nos produits \u00e9lectriques basse tension certifi\u00e9s.","robots":{"index":"index","follow":"follow","max-snippet":"max-snippet:-1","max-image-preview":"max-image-preview:large","max-video-preview":"max-video-preview:-1"},"canonical":"https:\/\/www.tosunlux.eu\/fr\/products\/control-transformerjbk3\/","og_locale":"fr_FR","og_type":"article","og_title":"WholesaleControl Transformer(JBK3) - TOSUNlux Official Site - Electrical Circuit Breaker Manufacturer in China Low Voltage Electrical Supplier | TOSUNlux","og_description":"Control Transformer(JBK3) Supplier - Wholesale direct from TOSUNlux, a trusted manufacturer since 1994. Get your B2B factory quote on our certified Low Voltage electrical products.","og_url":"https:\/\/www.tosunlux.eu\/fr\/products\/control-transformerjbk3\/","og_site_name":"TOSUNlux Official Site - Electrical Circuit Breaker Manufacturer in China","article_publisher":"https:\/\/www.facebook.com\/TOSUNelectric\/","article_modified_time":"2022-09-23T01:34:55+00:00","og_image":[{"width":1500,"height":940,"url":"https:\/\/www.tosunlux.eu\/wp-content\/uploads\/2023\/04\/DSC08160_\u526f\u672c.jpg","type":"image\/jpeg"}],"twitter_card":"summary_large_image","twitter_misc":{"Dur\u00e9e de lecture estim\u00e9e":"1 minute"},"schema":{"@context":"https:\/\/schema.org","@graph":[{"@type":"WebPage","@id":"https:\/\/www.tosunlux.eu\/es\/products\/control-transformerjbk3\/","url":"https:\/\/www.tosunlux.eu\/es\/products\/control-transformerjbk3\/","name":"Transformateur de commande en gros (JBK3) - Site officiel de TOSUNlux - Fabricant de disjoncteurs \u00e9lectriques en Chine | Fournisseur d&#039;\u00e9quipements \u00e9lectriques basse tension | TOSUNlux","isPartOf":{"@id":"https:\/\/www.tosunlux.eu\/ru\/#website"},"datePublished":"2022-09-23T01:32:39+00:00","dateModified":"2022-09-23T01:34:55+00:00","description":"Fournisseur de transformateur de contr\u00f4le (JBK3) - Vente en gros directement aupr\u00e8s de TOSUNlux, un fabricant de confiance depuis 1994. Obtenez votre devis d&#039;usine B2B sur nos produits \u00e9lectriques basse tension certifi\u00e9s.","breadcrumb":{"@id":"https:\/\/www.tosunlux.eu\/es\/products\/control-transformerjbk3\/#breadcrumb"},"inLanguage":"fr-FR","potentialAction":[{"@type":"ReadAction","target":["https:\/\/www.tosunlux.eu\/es\/products\/control-transformerjbk3\/"]}]},{"@type":"BreadcrumbList","@id":"https:\/\/www.tosunlux.eu\/es\/products\/control-transformerjbk3\/#breadcrumb","itemListElement":[{"@type":"ListItem","position":1,"name":"Home","item":"https:\/\/www.tosunlux.eu\/ru\/"},{"@type":"ListItem","position":2,"name":"Products","item":"https:\/\/www.tosunlux.eu\/products\/"},{"@type":"ListItem","position":3,"name":"Control Transformer(JBK3)"}]},{"@type":"WebSite","@id":"https:\/\/www.tosunlux.eu\/ru\/#website","url":"https:\/\/www.tosunlux.eu\/ru\/","name":"Site officiel TOSUNlux - Fabricant de disjoncteurs \u00e9lectriques en Chine","description":"Fournisseur de syst\u00e8me de distribution d&#039;\u00e9nergie","publisher":{"@id":"https:\/\/www.tosunlux.eu\/ru\/#organization"},"alternateName":"TOSUNlux","potentialAction":[{"@type":"SearchAction","target":{"@type":"EntryPoint","urlTemplate":"https:\/\/www.tosunlux.eu\/ru\/?s={search_term_string}"},"query-input":{"@type":"PropertyValueSpecification","valueRequired":true,"valueName":"search_term_string"}}],"inLanguage":"fr-FR"},{"@type":"Organization","@id":"https:\/\/www.tosunlux.eu\/ru\/#organization","name":"TOSUNlux","url":"https:\/\/www.tosunlux.eu\/ru\/","logo":{"@type":"ImageObject","inLanguage":"fr-FR","@id":"https:\/\/www.tosunlux.eu\/ru\/#\/schema\/logo\/image\/","url":"https:\/\/www.tosunlux.eu\/wp-content\/uploads\/2022\/01\/LOGOSYSM.71762f1.png","contentUrl":"https:\/\/www.tosunlux.eu\/wp-content\/uploads\/2022\/01\/LOGOSYSM.71762f1.png","width":153,"height":55,"caption":"TOSUNlux"},"image":{"@id":"https:\/\/www.tosunlux.eu\/ru\/#\/schema\/logo\/image\/"},"sameAs":["https:\/\/www.facebook.com\/TOSUNelectric\/","https:\/\/www.linkedin.com\/company\/wenzhou-tosun-electric-co.-ltd\/"]}]}},"_links":{"self":[{"href":"https:\/\/www.tosunlux.eu\/fr\/wp-json\/wp\/v2\/product\/5162","targetHints":{"allow":["GET"]}}],"collection":[{"href":"https:\/\/www.tosunlux.eu\/fr\/wp-json\/wp\/v2\/product"}],"about":[{"href":"https:\/\/www.tosunlux.eu\/fr\/wp-json\/wp\/v2\/types\/product"}],"version-history":[{"count":1,"href":"https:\/\/www.tosunlux.eu\/fr\/wp-json\/wp\/v2\/product\/5162\/revisions"}],"predecessor-version":[{"id":5167,"href":"https:\/\/www.tosunlux.eu\/fr\/wp-json\/wp\/v2\/product\/5162\/revisions\/5167"}],"wp:attachment":[{"href":"https:\/\/www.tosunlux.eu\/fr\/wp-json\/wp\/v2\/media?parent=5162"}],"wp:term":[{"taxonomy":"product_category","embeddable":true,"href":"https:\/\/www.tosunlux.eu\/fr\/wp-json\/wp\/v2\/product_category?post=5162"}],"curies":[{"name":"wp","href":"https:\/\/api.w.org\/{rel}","templated":true}]}}