{"id":5178,"date":"2022-09-23T14:27:15","date_gmt":"2022-09-23T06:27:15","guid":{"rendered":"https:\/\/www.tosunlux.eu\/?post_type=product&#038;p=5178"},"modified":"2022-09-23T14:27:15","modified_gmt":"2022-09-23T06:27:15","slug":"single-phase-wall-mounted-voltage-stabilizer","status":"publish","type":"product","link":"https:\/\/www.tosunlux.eu\/fr\/products\/single-phase-wall-mounted-voltage-stabilizer\/","title":{"rendered":"Stabilisateur de tension mural monophas\u00e9"},"content":{"rendered":"<p><strong>Application<\/strong><\/p>\n\n\n\n<p>Le stabilisateur de tension mural monophas\u00e9 WMV se compose d&#039;un auto-transformateur, d&#039;un processeur, d&#039;un circuit de commande intelligent, d&#039;un circuit de protection contre les surcharges, d&#039;un circuit de protection contre les sous-tensions et les surtensions, d&#039;un circuit de sortie temporis\u00e9, d&#039;un affichage LED et d&#039;un servomoteur. Lorsque la tension d&#039;entr\u00e9e ou la charge change, le circuit de commande intelligent entra\u00eene le servomoteur pour ajuster la brosse afin de r\u00e9guler la tension de sortie \u00e0 la valeur nominale. L&#039;affichage LED indique la tension du r\u00e9seau ext\u00e9rieur, la tension de l&#039;appareil \u00e9lectrique et l&#039;utilisation de la charge en temps r\u00e9el. Ainsi, les appareils \u00e9lectriques peuvent \u00eatre utilis\u00e9s de mani\u00e8re plus s\u00fbre.<br>Le produit se caract\u00e9rise par son installation \u00e9l\u00e9gante et facile avec deux types muraux et verticaux, aucune distorsion de la forme d&#039;onde de sortie, des protections compl\u00e8tes et des performances fiables. C&#039;est un \u00e9quipement id\u00e9al pour l&#039;alimentation \u00e0 tension constante utilis\u00e9e dans les appareils \u00e9lectrom\u00e9nagers, la production industrielle, le laboratoire et l&#039;hygi\u00e8ne m\u00e9dicale.<\/p>\n\n\n\n<p><\/p>\n\n\n\n<figure class=\"wp-block-image size-large\"><img fetchpriority=\"high\" decoding=\"async\" width=\"1024\" height=\"135\" src=\"https:\/\/www.tosunlux.eu\/wp-content\/uploads\/2022\/09\/\u4f18\u52bf-1024x135.jpg\" alt=\"\" class=\"wp-image-5179\" srcset=\"https:\/\/www.tosunlux.eu\/wp-content\/uploads\/2022\/09\/\u4f18\u52bf-1024x135.jpg 1024w, https:\/\/www.tosunlux.eu\/wp-content\/uploads\/2022\/09\/\u4f18\u52bf-300x39.jpg 300w, https:\/\/www.tosunlux.eu\/wp-content\/uploads\/2022\/09\/\u4f18\u52bf-768x101.jpg 768w, https:\/\/www.tosunlux.eu\/wp-content\/uploads\/2022\/09\/\u4f18\u52bf-1536x202.jpg 1536w, https:\/\/www.tosunlux.eu\/wp-content\/uploads\/2022\/09\/\u4f18\u52bf-2048x270.jpg 2048w\" sizes=\"(max-width: 1024px) 100vw, 1024px\" \/><\/figure>\n\n\n\n<p><\/p>\n\n\n\n<figure class=\"wp-block-image size-large\"><img decoding=\"async\" width=\"1024\" height=\"469\" src=\"https:\/\/www.tosunlux.eu\/wp-content\/uploads\/2022\/09\/2-1024x469.jpg\" alt=\"\" class=\"wp-image-5180\" srcset=\"https:\/\/www.tosunlux.eu\/wp-content\/uploads\/2022\/09\/2-1024x469.jpg 1024w, https:\/\/www.tosunlux.eu\/wp-content\/uploads\/2022\/09\/2-300x137.jpg 300w, https:\/\/www.tosunlux.eu\/wp-content\/uploads\/2022\/09\/2-768x352.jpg 768w, https:\/\/www.tosunlux.eu\/wp-content\/uploads\/2022\/09\/2-1536x704.jpg 1536w, https:\/\/www.tosunlux.eu\/wp-content\/uploads\/2022\/09\/2.jpg 1906w\" sizes=\"(max-width: 1024px) 100vw, 1024px\" \/><\/figure>\n\n\n\n<p><\/p>\n\n\n\n<figure class=\"wp-block-image size-large\"><img decoding=\"async\" width=\"1024\" height=\"285\" src=\"https:\/\/www.tosunlux.eu\/wp-content\/uploads\/2022\/09\/3-1024x285.jpg\" alt=\"\" class=\"wp-image-5181\" srcset=\"https:\/\/www.tosunlux.eu\/wp-content\/uploads\/2022\/09\/3-1024x285.jpg 1024w, https:\/\/www.tosunlux.eu\/wp-content\/uploads\/2022\/09\/3-300x83.jpg 300w, https:\/\/www.tosunlux.eu\/wp-content\/uploads\/2022\/09\/3-768x213.jpg 768w, https:\/\/www.tosunlux.eu\/wp-content\/uploads\/2022\/09\/3-1536x427.jpg 1536w, https:\/\/www.tosunlux.eu\/wp-content\/uploads\/2022\/09\/3-2048x569.jpg 2048w\" sizes=\"(max-width: 1024px) 100vw, 1024px\" \/><\/figure>\n\n\n\n<p><\/p>\n\n\n<p><strong>sp\u00e9cification<\/strong><\/p>\n<table width=\"1048\">\n<tbody>\n<tr>\n<td style=\"text-align: center;\" width=\"249\">\u00a0Tension d&#039;entr\u00e9e<\/td>\n<td style=\"text-align: center;\" colspan=\"2\" width=\"799\">130V~250V 160V~250V<\/td>\n<\/tr>\n<tr>\n<td style=\"text-align: center;\" width=\"249\">Tension de sortie<\/td>\n<td style=\"text-align: center;\" colspan=\"2\" width=\"799\">220\u00b13% avec 110V+\u00b13%<\/td>\n<\/tr>\n<tr>\n<td style=\"text-align: center;\" width=\"249\">Phase<\/td>\n<td style=\"text-align: center;\" colspan=\"2\" width=\"799\">Monophas\u00e9<\/td>\n<\/tr>\n<tr>\n<td style=\"text-align: center;\" width=\"249\">Fr\u00e9quence<\/td>\n<td style=\"text-align: center;\" colspan=\"2\" width=\"799\">\u00a050\/60Hz<\/td>\n<\/tr>\n<tr>\n<td style=\"text-align: center;\" width=\"249\">Temps de r\u00e9ponse<\/td>\n<td style=\"text-align: center;\" colspan=\"2\" width=\"799\">4 options<\/td>\n<\/tr>\n<tr>\n<td style=\"text-align: center;\" width=\"249\">Efficacit\u00e9<\/td>\n<td style=\"text-align: center;\" colspan=\"2\" width=\"799\">&gt;95%<\/td>\n<\/tr>\n<tr>\n<td style=\"text-align: center;\" width=\"249\">Temp\u00e9rature ambiante<\/td>\n<td style=\"text-align: center;\" colspan=\"2\" width=\"799\">-5\u00b0c~+40\u00b0c<\/td>\n<\/tr>\n<tr>\n<td style=\"text-align: center;\" width=\"249\">Humidit\u00e9 relative<\/td>\n<td style=\"text-align: center;\" colspan=\"2\" width=\"799\">&lt; 95%<\/td>\n<\/tr>\n<tr>\n<td style=\"text-align: center;\" width=\"249\">Distorsion de la forme d&#039;onde<\/td>\n<td style=\"text-align: center;\" colspan=\"2\" width=\"799\">Non-manque de fid\u00e9lit\u00e9 dans la forme d&#039;onde<\/td>\n<\/tr>\n<\/tbody>\n<\/table>\n\n\n<p> <\/p>\n\n\n\n<p><\/p>\n\n\n<table style=\"border-collapse: collapse; width: 786.02pt;\" border=\"0\" width=\"1048\" cellspacing=\"0\" cellpadding=\"0\">\n<tbody>\n<tr style=\"height: 22.50pt;\">\n<td class=\"et2\" style=\"height: 22.5pt; width: 187.7pt; text-align: center;\" width=\"250\" height=\"30\">Mod\u00e8le<\/td>\n<td class=\"et2\" style=\"width: 599pt; text-align: center;\" colspan=\"2\" width=\"798\">Puissance de sortie<\/td>\n<\/tr>\n<tr style=\"height: 22.50pt;\">\n<td class=\"et2\" style=\"height: 22.5pt; width: 187.7pt; text-align: center;\" width=\"250\" height=\"30\">WMV-500VA<\/td>\n<td class=\"et2\" style=\"width: 599pt; text-align: center;\" colspan=\"2\" width=\"798\">500VA<\/td>\n<\/tr>\n<tr style=\"height: 22.50pt;\">\n<td class=\"et2\" style=\"height: 22.5pt; width: 187.7pt; text-align: center;\" width=\"250\" height=\"30\">WMV-1000VA<\/td>\n<td class=\"et2\" style=\"width: 599pt; text-align: center;\" colspan=\"2\" width=\"798\">1000VA<\/td>\n<\/tr>\n<tr style=\"height: 22.50pt;\">\n<td class=\"et2\" style=\"height: 22.5pt; width: 187.7pt; text-align: center;\" width=\"250\" height=\"30\">WMV-1500VA<\/td>\n<td class=\"et2\" style=\"width: 599pt; text-align: center;\" colspan=\"2\" width=\"798\">1500VA<\/td>\n<\/tr>\n<tr style=\"height: 22.50pt;\">\n<td class=\"et2\" style=\"height: 22.5pt; width: 187.7pt; text-align: center;\" width=\"250\" height=\"30\">WMV-2000VA<\/td>\n<td class=\"et2\" style=\"width: 599pt; text-align: center;\" colspan=\"2\" width=\"798\">2000VA<\/td>\n<\/tr>\n<tr style=\"height: 22.50pt;\">\n<td class=\"et2\" style=\"height: 22.5pt; width: 187.7pt; text-align: center;\" width=\"250\" height=\"30\">WMV-3000VA<\/td>\n<td class=\"et2\" style=\"width: 599pt; text-align: center;\" colspan=\"2\" width=\"798\">3000VA<\/td>\n<\/tr>\n<tr style=\"height: 22.50pt;\">\n<td class=\"et2\" style=\"height: 22.5pt; width: 187.7pt; text-align: center;\" width=\"250\" height=\"30\">WMV-5000VA<\/td>\n<td class=\"et2\" style=\"width: 599pt; text-align: center;\" colspan=\"2\" width=\"798\">5000VA<\/td>\n<\/tr>\n<tr style=\"height: 22.50pt;\">\n<td class=\"et2\" style=\"height: 22.5pt; width: 187.7pt; text-align: center;\" width=\"250\" height=\"30\">WMV-8000VA<\/td>\n<td class=\"et2\" style=\"width: 599pt; text-align: center;\" colspan=\"2\" width=\"798\">8000VA<\/td>\n<\/tr>\n<tr style=\"height: 22.50pt;\">\n<td class=\"et2\" style=\"height: 22.5pt; width: 187.7pt; text-align: center;\" width=\"250\" height=\"30\">WMV-10000VA<\/td>\n<td class=\"et2\" style=\"width: 599pt; text-align: center;\" colspan=\"2\" width=\"798\">10000VA<\/td>\n<\/tr>\n<\/tbody>\n<\/table>","protected":false},"parent":0,"template":"","product_category":[75,122],"class_list":["post-5178","product","type-product","status-publish","hentry","product_category-instruments","product_category-voltage-stabilizer-regulator"],"yoast_head":"<!-- This site is optimized with the Yoast SEO plugin v27.5 - https:\/\/yoast.com\/product\/yoast-seo-wordpress\/ -->\n<title>WholesaleSingle Phase Wall Mounted Voltage Stabilizer - TOSUNlux Official Site - Electrical Circuit Breaker Manufacturer in China Low Voltage Electrical Supplier | TOSUNlux<\/title>\n<meta name=\"description\" content=\"Single Phase Wall Mounted Voltage Stabilizer Supplier - Wholesale direct from TOSUNlux, a trusted manufacturer since 1994. Get your B2B factory quote on our certified Low Voltage electrical products.\" \/>\n<meta name=\"robots\" content=\"index, follow, max-snippet:-1, max-image-preview:large, max-video-preview:-1\" \/>\n<link rel=\"canonical\" href=\"https:\/\/www.tosunlux.eu\/fr\/products\/single-phase-wall-mounted-voltage-stabilizer\/\" \/>\n<meta property=\"og:locale\" content=\"fr_FR\" \/>\n<meta property=\"og:type\" content=\"article\" \/>\n<meta property=\"og:title\" content=\"WholesaleSingle Phase Wall Mounted Voltage Stabilizer - TOSUNlux Official Site - Electrical Circuit Breaker Manufacturer in China Low Voltage Electrical Supplier | TOSUNlux\" \/>\n<meta property=\"og:description\" content=\"Single Phase Wall Mounted Voltage Stabilizer Supplier - Wholesale direct from TOSUNlux, a trusted manufacturer since 1994. Get your B2B factory quote on our certified Low Voltage electrical products.\" \/>\n<meta property=\"og:url\" content=\"https:\/\/www.tosunlux.eu\/fr\/products\/single-phase-wall-mounted-voltage-stabilizer\/\" \/>\n<meta property=\"og:site_name\" content=\"TOSUNlux Official Site - Electrical Circuit Breaker Manufacturer in China\" \/>\n<meta property=\"article:publisher\" content=\"https:\/\/www.facebook.com\/TOSUNelectric\/\" \/>\n<meta property=\"og:image\" content=\"https:\/\/www.tosunlux.eu\/wp-content\/uploads\/2022\/09\/2-1024x469.jpg\" \/>\n<meta name=\"twitter:card\" content=\"summary_large_image\" \/>\n<meta name=\"twitter:label1\" content=\"Dur\u00e9e de lecture estim\u00e9e\" \/>\n\t<meta name=\"twitter:data1\" content=\"2 minutes\" \/>\n<script type=\"application\/ld+json\" class=\"yoast-schema-graph\">{\"@context\":\"https:\\\/\\\/schema.org\",\"@graph\":[{\"@type\":\"WebPage\",\"@id\":\"https:\\\/\\\/www.tosunlux.eu\\\/fr\\\/products\\\/single-phase-wall-mounted-voltage-stabilizer\\\/\",\"url\":\"https:\\\/\\\/www.tosunlux.eu\\\/fr\\\/products\\\/single-phase-wall-mounted-voltage-stabilizer\\\/\",\"name\":\"WholesaleSingle Phase Wall Mounted Voltage Stabilizer - TOSUNlux Official Site - Electrical Circuit Breaker Manufacturer in China Low Voltage Electrical Supplier | TOSUNlux\",\"isPartOf\":{\"@id\":\"https:\\\/\\\/www.tosunlux.eu\\\/ru\\\/#website\"},\"primaryImageOfPage\":{\"@id\":\"https:\\\/\\\/www.tosunlux.eu\\\/fr\\\/products\\\/single-phase-wall-mounted-voltage-stabilizer\\\/#primaryimage\"},\"image\":{\"@id\":\"https:\\\/\\\/www.tosunlux.eu\\\/fr\\\/products\\\/single-phase-wall-mounted-voltage-stabilizer\\\/#primaryimage\"},\"thumbnailUrl\":\"https:\\\/\\\/www.tosunlux.eu\\\/wp-content\\\/uploads\\\/2022\\\/09\\\/2-1024x469.jpg\",\"datePublished\":\"2022-09-23T06:27:15+00:00\",\"description\":\"Single Phase Wall Mounted Voltage Stabilizer Supplier - Wholesale direct from TOSUNlux, a trusted manufacturer since 1994. Get your B2B factory quote on our certified Low Voltage electrical products.\",\"breadcrumb\":{\"@id\":\"https:\\\/\\\/www.tosunlux.eu\\\/fr\\\/products\\\/single-phase-wall-mounted-voltage-stabilizer\\\/#breadcrumb\"},\"inLanguage\":\"fr-FR\",\"potentialAction\":[{\"@type\":\"ReadAction\",\"target\":[\"https:\\\/\\\/www.tosunlux.eu\\\/fr\\\/products\\\/single-phase-wall-mounted-voltage-stabilizer\\\/\"]}]},{\"@type\":\"ImageObject\",\"inLanguage\":\"fr-FR\",\"@id\":\"https:\\\/\\\/www.tosunlux.eu\\\/fr\\\/products\\\/single-phase-wall-mounted-voltage-stabilizer\\\/#primaryimage\",\"url\":\"https:\\\/\\\/www.tosunlux.eu\\\/wp-content\\\/uploads\\\/2022\\\/09\\\/2-1024x469.jpg\",\"contentUrl\":\"https:\\\/\\\/www.tosunlux.eu\\\/wp-content\\\/uploads\\\/2022\\\/09\\\/2-1024x469.jpg\"},{\"@type\":\"BreadcrumbList\",\"@id\":\"https:\\\/\\\/www.tosunlux.eu\\\/fr\\\/products\\\/single-phase-wall-mounted-voltage-stabilizer\\\/#breadcrumb\",\"itemListElement\":[{\"@type\":\"ListItem\",\"position\":1,\"name\":\"Home\",\"item\":\"https:\\\/\\\/www.tosunlux.eu\\\/ru\\\/\"},{\"@type\":\"ListItem\",\"position\":2,\"name\":\"Products\",\"item\":\"https:\\\/\\\/www.tosunlux.eu\\\/products\\\/\"},{\"@type\":\"ListItem\",\"position\":3,\"name\":\"Single Phase Wall Mounted Voltage Stabilizer\"}]},{\"@type\":\"WebSite\",\"@id\":\"https:\\\/\\\/www.tosunlux.eu\\\/ru\\\/#website\",\"url\":\"https:\\\/\\\/www.tosunlux.eu\\\/ru\\\/\",\"name\":\"TOSUNlux Official Site - Electrical Circuit Breaker Manufacturer in China\",\"description\":\"Power Distribution System Supplier\",\"publisher\":{\"@id\":\"https:\\\/\\\/www.tosunlux.eu\\\/ru\\\/#organization\"},\"alternateName\":\"TOSUNlux\",\"potentialAction\":[{\"@type\":\"SearchAction\",\"target\":{\"@type\":\"EntryPoint\",\"urlTemplate\":\"https:\\\/\\\/www.tosunlux.eu\\\/ru\\\/?s={search_term_string}\"},\"query-input\":{\"@type\":\"PropertyValueSpecification\",\"valueRequired\":true,\"valueName\":\"search_term_string\"}}],\"inLanguage\":\"fr-FR\"},{\"@type\":\"Organization\",\"@id\":\"https:\\\/\\\/www.tosunlux.eu\\\/ru\\\/#organization\",\"name\":\"TOSUNlux\",\"url\":\"https:\\\/\\\/www.tosunlux.eu\\\/ru\\\/\",\"logo\":{\"@type\":\"ImageObject\",\"inLanguage\":\"fr-FR\",\"@id\":\"https:\\\/\\\/www.tosunlux.eu\\\/ru\\\/#\\\/schema\\\/logo\\\/image\\\/\",\"url\":\"https:\\\/\\\/www.tosunlux.eu\\\/wp-content\\\/uploads\\\/2022\\\/01\\\/LOGOSYSM.71762f1.png\",\"contentUrl\":\"https:\\\/\\\/www.tosunlux.eu\\\/wp-content\\\/uploads\\\/2022\\\/01\\\/LOGOSYSM.71762f1.png\",\"width\":153,\"height\":55,\"caption\":\"TOSUNlux\"},\"image\":{\"@id\":\"https:\\\/\\\/www.tosunlux.eu\\\/ru\\\/#\\\/schema\\\/logo\\\/image\\\/\"},\"sameAs\":[\"https:\\\/\\\/www.facebook.com\\\/TOSUNelectric\\\/\",\"https:\\\/\\\/www.linkedin.com\\\/company\\\/wenzhou-tosun-electric-co.-ltd\\\/\"]}]}<\/script>\n<!-- \/ Yoast SEO plugin. -->","yoast_head_json":{"title":"WholesaleSingle Phase Wall Mounted Voltage Stabilizer - TOSUNlux Official Site - Electrical Circuit Breaker Manufacturer in China Low Voltage Electrical Supplier | TOSUNlux","description":"Single Phase Wall Mounted Voltage Stabilizer Supplier - Wholesale direct from TOSUNlux, a trusted manufacturer since 1994. Get your B2B factory quote on our certified Low Voltage electrical products.","robots":{"index":"index","follow":"follow","max-snippet":"max-snippet:-1","max-image-preview":"max-image-preview:large","max-video-preview":"max-video-preview:-1"},"canonical":"https:\/\/www.tosunlux.eu\/fr\/products\/single-phase-wall-mounted-voltage-stabilizer\/","og_locale":"fr_FR","og_type":"article","og_title":"WholesaleSingle Phase Wall Mounted Voltage Stabilizer - TOSUNlux Official Site - Electrical Circuit Breaker Manufacturer in China Low Voltage Electrical Supplier | TOSUNlux","og_description":"Single Phase Wall Mounted Voltage Stabilizer Supplier - Wholesale direct from TOSUNlux, a trusted manufacturer since 1994. Get your B2B factory quote on our certified Low Voltage electrical products.","og_url":"https:\/\/www.tosunlux.eu\/fr\/products\/single-phase-wall-mounted-voltage-stabilizer\/","og_site_name":"TOSUNlux Official Site - Electrical Circuit Breaker Manufacturer in China","article_publisher":"https:\/\/www.facebook.com\/TOSUNelectric\/","og_image":[{"url":"https:\/\/www.tosunlux.eu\/wp-content\/uploads\/2022\/09\/2-1024x469.jpg","type":"","width":"","height":""}],"twitter_card":"summary_large_image","twitter_misc":{"Dur\u00e9e de lecture estim\u00e9e":"2 minutes"},"schema":{"@context":"https:\/\/schema.org","@graph":[{"@type":"WebPage","@id":"https:\/\/www.tosunlux.eu\/fr\/products\/single-phase-wall-mounted-voltage-stabilizer\/","url":"https:\/\/www.tosunlux.eu\/fr\/products\/single-phase-wall-mounted-voltage-stabilizer\/","name":"WholesaleSingle Phase Wall Mounted Voltage Stabilizer - TOSUNlux Official Site - Electrical Circuit Breaker Manufacturer in China Low Voltage Electrical Supplier | TOSUNlux","isPartOf":{"@id":"https:\/\/www.tosunlux.eu\/ru\/#website"},"primaryImageOfPage":{"@id":"https:\/\/www.tosunlux.eu\/fr\/products\/single-phase-wall-mounted-voltage-stabilizer\/#primaryimage"},"image":{"@id":"https:\/\/www.tosunlux.eu\/fr\/products\/single-phase-wall-mounted-voltage-stabilizer\/#primaryimage"},"thumbnailUrl":"https:\/\/www.tosunlux.eu\/wp-content\/uploads\/2022\/09\/2-1024x469.jpg","datePublished":"2022-09-23T06:27:15+00:00","description":"Single Phase Wall Mounted Voltage Stabilizer Supplier - Wholesale direct from TOSUNlux, a trusted manufacturer since 1994. Get your B2B factory quote on our certified Low Voltage electrical products.","breadcrumb":{"@id":"https:\/\/www.tosunlux.eu\/fr\/products\/single-phase-wall-mounted-voltage-stabilizer\/#breadcrumb"},"inLanguage":"fr-FR","potentialAction":[{"@type":"ReadAction","target":["https:\/\/www.tosunlux.eu\/fr\/products\/single-phase-wall-mounted-voltage-stabilizer\/"]}]},{"@type":"ImageObject","inLanguage":"fr-FR","@id":"https:\/\/www.tosunlux.eu\/fr\/products\/single-phase-wall-mounted-voltage-stabilizer\/#primaryimage","url":"https:\/\/www.tosunlux.eu\/wp-content\/uploads\/2022\/09\/2-1024x469.jpg","contentUrl":"https:\/\/www.tosunlux.eu\/wp-content\/uploads\/2022\/09\/2-1024x469.jpg"},{"@type":"BreadcrumbList","@id":"https:\/\/www.tosunlux.eu\/fr\/products\/single-phase-wall-mounted-voltage-stabilizer\/#breadcrumb","itemListElement":[{"@type":"ListItem","position":1,"name":"Home","item":"https:\/\/www.tosunlux.eu\/ru\/"},{"@type":"ListItem","position":2,"name":"Products","item":"https:\/\/www.tosunlux.eu\/products\/"},{"@type":"ListItem","position":3,"name":"Single Phase Wall Mounted Voltage Stabilizer"}]},{"@type":"WebSite","@id":"https:\/\/www.tosunlux.eu\/ru\/#website","url":"https:\/\/www.tosunlux.eu\/ru\/","name":"Site officiel TOSUNlux - Fabricant de disjoncteurs \u00e9lectriques en Chine","description":"Fournisseur de syst\u00e8me de distribution d&#039;\u00e9nergie","publisher":{"@id":"https:\/\/www.tosunlux.eu\/ru\/#organization"},"alternateName":"TOSUNlux","potentialAction":[{"@type":"SearchAction","target":{"@type":"EntryPoint","urlTemplate":"https:\/\/www.tosunlux.eu\/ru\/?s={search_term_string}"},"query-input":{"@type":"PropertyValueSpecification","valueRequired":true,"valueName":"search_term_string"}}],"inLanguage":"fr-FR"},{"@type":"Organization","@id":"https:\/\/www.tosunlux.eu\/ru\/#organization","name":"TOSUNlux","url":"https:\/\/www.tosunlux.eu\/ru\/","logo":{"@type":"ImageObject","inLanguage":"fr-FR","@id":"https:\/\/www.tosunlux.eu\/ru\/#\/schema\/logo\/image\/","url":"https:\/\/www.tosunlux.eu\/wp-content\/uploads\/2022\/01\/LOGOSYSM.71762f1.png","contentUrl":"https:\/\/www.tosunlux.eu\/wp-content\/uploads\/2022\/01\/LOGOSYSM.71762f1.png","width":153,"height":55,"caption":"TOSUNlux"},"image":{"@id":"https:\/\/www.tosunlux.eu\/ru\/#\/schema\/logo\/image\/"},"sameAs":["https:\/\/www.facebook.com\/TOSUNelectric\/","https:\/\/www.linkedin.com\/company\/wenzhou-tosun-electric-co.-ltd\/"]}]}},"_links":{"self":[{"href":"https:\/\/www.tosunlux.eu\/fr\/wp-json\/wp\/v2\/product\/5178","targetHints":{"allow":["GET"]}}],"collection":[{"href":"https:\/\/www.tosunlux.eu\/fr\/wp-json\/wp\/v2\/product"}],"about":[{"href":"https:\/\/www.tosunlux.eu\/fr\/wp-json\/wp\/v2\/types\/product"}],"version-history":[{"count":0,"href":"https:\/\/www.tosunlux.eu\/fr\/wp-json\/wp\/v2\/product\/5178\/revisions"}],"wp:attachment":[{"href":"https:\/\/www.tosunlux.eu\/fr\/wp-json\/wp\/v2\/media?parent=5178"}],"wp:term":[{"taxonomy":"product_category","embeddable":true,"href":"https:\/\/www.tosunlux.eu\/fr\/wp-json\/wp\/v2\/product_category?post=5178"}],"curies":[{"name":"wp","href":"https:\/\/api.w.org\/{rel}","templated":true}]}}