{"id":5448,"date":"2023-03-14T13:32:23","date_gmt":"2023-03-14T05:32:23","guid":{"rendered":"https:\/\/www.tosunlux.eu\/?post_type=product&#038;p=5448"},"modified":"2023-03-17T14:44:08","modified_gmt":"2023-03-17T06:44:08","slug":"dc-isolating-switch-3","status":"publish","type":"product","link":"https:\/\/www.tosunlux.eu\/fr\/products\/dc-isolating-switch-3\/","title":{"rendered":"Commutateur d&#039;isolement CC"},"content":{"rendered":"<p><strong>Application<\/strong><\/p>\n\n\n\n<p>L&#039;interrupteur d&#039;isolement CC de la s\u00e9rie S32D est appliqu\u00e9 au syst\u00e8me photovolta\u00efque r\u00e9sidentiel ou commercial de 1 ~ 20KW, plac\u00e9 entre les modules photovolta\u00efques et les onduleurs. Le temps d&#039;arc est inf\u00e9rieur \u00e0 8 ms, ce qui maintient le syst\u00e8me solaire plus s\u00fbr. La tension maximale est jusqu&#039;\u00e0 1200V DC. Il d\u00e9tient une avance s\u00fbre parmi les produits similaires.<\/p>\n\n\n\n<p><strong>sp\u00e9cification<\/strong><\/p>\n\n\n<table style=\"border-collapse: collapse; width: 901px; height: 642px;\" border=\"0\" width=\"1560\" cellspacing=\"0\" cellpadding=\"0\">\n<tbody>\n<tr style=\"height: 25.70pt;\">\n<td class=\"et2\" style=\"height: 25.70pt; width: 491.15pt;\" width=\"948\" height=\"49\">Courant nominal (A)<\/td>\n<td class=\"et2\" style=\"width: 317.35pt; text-align: center;\" width=\"612\">16, 25, 32<\/td>\n<\/tr>\n<tr style=\"height: 26.25pt;\">\n<td class=\"et2\" style=\"height: 26.25pt; width: 491.15pt;\" width=\"948\" height=\"50\">Standard<\/td>\n<td class=\"et2\" style=\"width: 317.35pt; text-align: center;\" width=\"612\">CEI60947-3<\/td>\n<\/tr>\n<tr style=\"height: 27.80pt;\">\n<td class=\"et2\" style=\"height: 27.80pt; width: 491.15pt;\" width=\"948\" height=\"53\">Cat\u00e9gorie d&#039;utilisation<\/td>\n<td class=\"et2\" style=\"width: 317.35pt; text-align: center;\" width=\"612\">DC-PV2\/ DC-PV1\/ DC-21B<\/td>\n<\/tr>\n<tr style=\"height: 26.75pt;\">\n<td class=\"et2\" style=\"height: 26.75pt; width: 491.15pt;\" width=\"948\" height=\"51\">P\u00f4le<\/td>\n<td class=\"et2\" style=\"width: 317.35pt; text-align: center;\" width=\"612\">4P<\/td>\n<\/tr>\n<tr style=\"height: 27.25pt;\">\n<td class=\"et2\" style=\"height: 27.25pt; width: 491.15pt;\" width=\"948\" height=\"52\">Fr\u00e9quence nominale<\/td>\n<td class=\"et2\" style=\"width: 317.35pt; text-align: center;\" width=\"612\">CC<\/td>\n<\/tr>\n<tr style=\"height: 28.30pt;\">\n<td class=\"et2\" style=\"height: 28.30pt; width: 491.15pt;\" width=\"948\" height=\"54\">Tension assign\u00e9e d&#039;emploi (Ue)<\/td>\n<td class=\"et2\" style=\"width: 317.35pt; text-align: center;\" width=\"612\">300V, 600V, 800V, 1000V, 1200V<\/td>\n<\/tr>\n<tr style=\"height: 26.25pt;\">\n<td class=\"et2\" style=\"height: 26.25pt; width: 491.15pt;\" width=\"948\" height=\"50\">Tension d&#039;isolation nominale (Ui)<\/td>\n<td class=\"et2\" style=\"width: 317.35pt; text-align: center;\" width=\"612\">1200V<\/td>\n<\/tr>\n<tr style=\"height: 27.25pt;\">\n<td class=\"et2\" style=\"height: 27.25pt; width: 491.15pt;\" width=\"948\" height=\"52\">Courant nominal de tenue de courte dur\u00e9e (lew)<\/td>\n<td class=\"et2\" style=\"width: 317.35pt; text-align: center;\" width=\"612\">1kA, 1s<\/td>\n<\/tr>\n<tr style=\"height: 26.25pt;\">\n<td class=\"et2\" style=\"height: 26.25pt; width: 491.15pt;\" width=\"948\" height=\"50\">Tension de tenue impulsionnelle nominale(Uimp)<\/td>\n<td class=\"et2\" style=\"width: 317.35pt; text-align: center;\" width=\"612\">8. 0kV<\/td>\n<\/tr>\n<tr style=\"height: 29.85pt;\">\n<td class=\"et2\" style=\"height: 29.85pt; width: 491.15pt;\" width=\"948\" height=\"57\">Cat\u00e9gorie de surtension<\/td>\n<td class=\"et2\" style=\"width: 317.35pt; text-align: center;\" width=\"612\">II<\/td>\n<\/tr>\n<tr style=\"height: 28.30pt;\">\n<td class=\"et2\" style=\"height: 28.30pt; width: 491.15pt;\" width=\"948\" height=\"54\">Aptitude \u00e0 l&#039;isolement<\/td>\n<td class=\"et2\" style=\"width: 317.35pt; text-align: center;\" width=\"612\">Oui<\/td>\n<\/tr>\n<tr style=\"height: 22.65pt;\">\n<td class=\"et2\" style=\"height: 22.65pt; width: 491.15pt;\" width=\"948\" height=\"43\">Polarit\u00e9<\/td>\n<td class=\"et2\" style=\"width: 317.35pt; text-align: center;\" width=\"612\">Aucune polarit\u00e9 &quot;+&quot; et &quot;-&quot; les polarit\u00e9s ne peuvent \u00eatre interverties<\/td>\n<\/tr>\n<tr style=\"height: 26.75pt;\">\n<td class=\"et2\" style=\"height: 26.75pt; width: 491.15pt;\" width=\"948\" height=\"51\">Dur\u00e9e de vie m\u00e9canique<\/td>\n<td class=\"et2\" style=\"width: 317.35pt; text-align: center;\" width=\"612\">18000 fois<\/td>\n<\/tr>\n<tr style=\"height: 27.25pt;\">\n<td class=\"et2\" style=\"height: 27.25pt; width: 491.15pt;\" width=\"948\" height=\"52\">Dur\u00e9e de vie \u00e9lectrique<\/td>\n<td class=\"et2\" style=\"width: 317.35pt; text-align: center;\" width=\"612\">2000 fois<\/td>\n<\/tr>\n<tr style=\"height: 27.25pt;\">\n<td class=\"et2\" style=\"height: 27.25pt; width: 491.15pt;\" width=\"948\" height=\"52\">Temp\u00e9rature de stockage<\/td>\n<td class=\"et2\" style=\"width: 317.35pt; text-align: center;\" width=\"612\">-10\u00b0C-+85\u00b0C<\/td>\n<\/tr>\n<tr style=\"height: 27.80pt;\">\n<td class=\"et2\" style=\"height: 27.80pt; width: 491.15pt;\" width=\"948\" height=\"53\">Type de montage<\/td>\n<td class=\"et2\" style=\"width: 317.35pt; text-align: center;\" width=\"612\">Verticalement ou horizontalement<\/td>\n<\/tr>\n<tr style=\"height: 27.25pt;\">\n<td class=\"et2\" style=\"height: 27.25pt; width: 491.15pt;\" width=\"948\" height=\"52\">Degr\u00e9 de pollution<\/td>\n<td class=\"et2\" style=\"width: 317.35pt; text-align: center;\" width=\"612\">IIl<\/td>\n<\/tr>\n<\/tbody>\n<\/table>\n\n\n<p><strong>Commutation des configurations<\/strong><\/p>\n\n\n\n<figure class=\"wp-block-image size-large\"><img fetchpriority=\"high\" decoding=\"async\" width=\"1024\" height=\"357\" src=\"https:\/\/www.tosunlux.eu\/wp-content\/uploads\/2023\/03\/2023\u65b0\u80fd\u6e90\u76ee\u5f55-2-1024x357.jpg\" alt=\"\" class=\"wp-image-5449\" srcset=\"https:\/\/www.tosunlux.eu\/wp-content\/uploads\/2023\/03\/2023\u65b0\u80fd\u6e90\u76ee\u5f55-2-1024x357.jpg 1024w, https:\/\/www.tosunlux.eu\/wp-content\/uploads\/2023\/03\/2023\u65b0\u80fd\u6e90\u76ee\u5f55-2-300x105.jpg 300w, https:\/\/www.tosunlux.eu\/wp-content\/uploads\/2023\/03\/2023\u65b0\u80fd\u6e90\u76ee\u5f55-2-768x268.jpg 768w, https:\/\/www.tosunlux.eu\/wp-content\/uploads\/2023\/03\/2023\u65b0\u80fd\u6e90\u76ee\u5f55-2-1536x535.jpg 1536w, https:\/\/www.tosunlux.eu\/wp-content\/uploads\/2023\/03\/2023\u65b0\u80fd\u6e90\u76ee\u5f55-2.jpg 1604w\" sizes=\"(max-width: 1024px) 100vw, 1024px\" \/><\/figure>\n\n\n\n<p><strong>Dimensions<\/strong><\/p>\n\n\n\n<figure class=\"wp-block-image size-large\"><img decoding=\"async\" width=\"1024\" height=\"255\" src=\"https:\/\/www.tosunlux.eu\/wp-content\/uploads\/2023\/03\/2023\u65b0\u80fd\u6e90\u76ee\u5f552-1024x255.jpg\" alt=\"\" class=\"wp-image-5450\" srcset=\"https:\/\/www.tosunlux.eu\/wp-content\/uploads\/2023\/03\/2023\u65b0\u80fd\u6e90\u76ee\u5f552-1024x255.jpg 1024w, https:\/\/www.tosunlux.eu\/wp-content\/uploads\/2023\/03\/2023\u65b0\u80fd\u6e90\u76ee\u5f552-300x75.jpg 300w, https:\/\/www.tosunlux.eu\/wp-content\/uploads\/2023\/03\/2023\u65b0\u80fd\u6e90\u76ee\u5f552-768x191.jpg 768w, https:\/\/www.tosunlux.eu\/wp-content\/uploads\/2023\/03\/2023\u65b0\u80fd\u6e90\u76ee\u5f552-1536x382.jpg 1536w, https:\/\/www.tosunlux.eu\/wp-content\/uploads\/2023\/03\/2023\u65b0\u80fd\u6e90\u76ee\u5f552.jpg 1599w\" sizes=\"(max-width: 1024px) 100vw, 1024px\" \/><\/figure>\n\n\n\n<p><strong>Fonctionnalit\u00e9<\/strong><\/p>\n\n\n\n<p>IP66 et r\u00e9sistance aux UV<br>La poign\u00e9e peut \u00eatre cadenass\u00e9e en position &quot;OFF&quot;<br>Les fiches MC4 avec adaptateur ou presse-\u00e9toupes peuvent \u00eatre s\u00e9lectionn\u00e9es pour<br>connexion pratique et gain de place<br>La vanne d&#039;air IP66 aide l&#039;air \u00e0 circuler et \u00e0 r\u00e9duire les temp\u00e9ratures<br>2 p\u00f4les, 4 p\u00f4les sont disponibles (cha\u00eene simple l Double)<br>Norme\u00a0: CEI60947-3, AS60947.3<br>DC-PV2, DC-PV1,DC-21B<br>16A, 25A, 32A, 1200V CC<\/p>\n\n\n\n<figure class=\"wp-block-image size-large is-resized\"><img decoding=\"async\" src=\"https:\/\/www.tosunlux.eu\/wp-content\/uploads\/2023\/03\/2023\u65b0\u80fd\u6e90\u76ee\u5f553-1024x380.jpg\" alt=\"\" class=\"wp-image-5451\" width=\"612\" height=\"226\" srcset=\"https:\/\/www.tosunlux.eu\/wp-content\/uploads\/2023\/03\/2023\u65b0\u80fd\u6e90\u76ee\u5f553-1024x380.jpg 1024w, https:\/\/www.tosunlux.eu\/wp-content\/uploads\/2023\/03\/2023\u65b0\u80fd\u6e90\u76ee\u5f553-300x111.jpg 300w, https:\/\/www.tosunlux.eu\/wp-content\/uploads\/2023\/03\/2023\u65b0\u80fd\u6e90\u76ee\u5f553-768x285.jpg 768w, https:\/\/www.tosunlux.eu\/wp-content\/uploads\/2023\/03\/2023\u65b0\u80fd\u6e90\u76ee\u5f553-1536x570.jpg 1536w, https:\/\/www.tosunlux.eu\/wp-content\/uploads\/2023\/03\/2023\u65b0\u80fd\u6e90\u76ee\u5f553.jpg 1599w\" sizes=\"(max-width: 612px) 100vw, 612px\" \/><\/figure>\n\n\n\n<p><strong>Dimensions<\/strong><\/p>\n\n\n\n<figure class=\"wp-block-image size-large\"><img loading=\"lazy\" decoding=\"async\" width=\"1024\" height=\"657\" src=\"https:\/\/www.tosunlux.eu\/wp-content\/uploads\/2023\/03\/2023\u65b0\u80fd\u6e90\u76ee\u5f554-1024x657.jpg\" alt=\"\" class=\"wp-image-5452\" srcset=\"https:\/\/www.tosunlux.eu\/wp-content\/uploads\/2023\/03\/2023\u65b0\u80fd\u6e90\u76ee\u5f554-1024x657.jpg 1024w, https:\/\/www.tosunlux.eu\/wp-content\/uploads\/2023\/03\/2023\u65b0\u80fd\u6e90\u76ee\u5f554-300x192.jpg 300w, https:\/\/www.tosunlux.eu\/wp-content\/uploads\/2023\/03\/2023\u65b0\u80fd\u6e90\u76ee\u5f554-768x493.jpg 768w, https:\/\/www.tosunlux.eu\/wp-content\/uploads\/2023\/03\/2023\u65b0\u80fd\u6e90\u76ee\u5f554-1536x986.jpg 1536w, https:\/\/www.tosunlux.eu\/wp-content\/uploads\/2023\/03\/2023\u65b0\u80fd\u6e90\u76ee\u5f554.jpg 1599w\" sizes=\"(max-width: 1024px) 100vw, 1024px\" \/><\/figure>","protected":false},"parent":0,"template":"","product_category":[37,153],"class_list":["post-5448","product","type-product","status-publish","hentry","product_category-new-energy-instruments","product_category-dc-fuse-and-isolating-switch"],"yoast_head":"<!-- This site is optimized with the Yoast SEO plugin v27.5 - https:\/\/yoast.com\/product\/yoast-seo-wordpress\/ -->\n<title>WholesaleDC Isolating Switch - TOSUNlux Official Site - Electrical Circuit Breaker Manufacturer in China Low Voltage Electrical Supplier | TOSUNlux<\/title>\n<meta name=\"description\" content=\"DC Isolating Switch Supplier - Wholesale direct from TOSUNlux, a trusted manufacturer since 1994. Get your B2B factory quote on our certified Low Voltage electrical products.\" \/>\n<meta name=\"robots\" content=\"index, follow, max-snippet:-1, max-image-preview:large, max-video-preview:-1\" \/>\n<link rel=\"canonical\" href=\"https:\/\/www.tosunlux.eu\/fr\/products\/dc-isolating-switch-3\/\" \/>\n<meta property=\"og:locale\" content=\"fr_FR\" \/>\n<meta property=\"og:type\" content=\"article\" \/>\n<meta property=\"og:title\" content=\"WholesaleDC Isolating Switch - TOSUNlux Official Site - Electrical Circuit Breaker Manufacturer in China Low Voltage Electrical Supplier | TOSUNlux\" \/>\n<meta property=\"og:description\" content=\"DC Isolating Switch Supplier - Wholesale direct from TOSUNlux, a trusted manufacturer since 1994. Get your B2B factory quote on our certified Low Voltage electrical products.\" \/>\n<meta property=\"og:url\" content=\"https:\/\/www.tosunlux.eu\/fr\/products\/dc-isolating-switch-3\/\" \/>\n<meta property=\"og:site_name\" content=\"TOSUNlux Official Site - Electrical Circuit Breaker Manufacturer in China\" \/>\n<meta property=\"article:publisher\" content=\"https:\/\/www.facebook.com\/TOSUNelectric\/\" \/>\n<meta property=\"article:modified_time\" content=\"2023-03-17T06:44:08+00:00\" \/>\n<meta property=\"og:image\" content=\"https:\/\/www.tosunlux.eu\/wp-content\/uploads\/2023\/04\/DSC08160_\u526f\u672c.jpg\" \/>\n\t<meta property=\"og:image:width\" content=\"1500\" \/>\n\t<meta property=\"og:image:height\" content=\"940\" \/>\n\t<meta property=\"og:image:type\" content=\"image\/jpeg\" \/>\n<meta name=\"twitter:card\" content=\"summary_large_image\" \/>\n<meta name=\"twitter:label1\" content=\"Dur\u00e9e de lecture estim\u00e9e\" \/>\n\t<meta name=\"twitter:data1\" content=\"2 minutes\" \/>\n<script type=\"application\/ld+json\" class=\"yoast-schema-graph\">{\"@context\":\"https:\\\/\\\/schema.org\",\"@graph\":[{\"@type\":\"WebPage\",\"@id\":\"https:\\\/\\\/www.tosunlux.eu\\\/products\\\/dc-isolating-switch-3\\\/\",\"url\":\"https:\\\/\\\/www.tosunlux.eu\\\/products\\\/dc-isolating-switch-3\\\/\",\"name\":\"WholesaleDC Isolating Switch - TOSUNlux Official Site - Electrical Circuit Breaker Manufacturer in China Low Voltage Electrical Supplier | TOSUNlux\",\"isPartOf\":{\"@id\":\"https:\\\/\\\/www.tosunlux.eu\\\/ru\\\/#website\"},\"datePublished\":\"2023-03-14T05:32:23+00:00\",\"dateModified\":\"2023-03-17T06:44:08+00:00\",\"description\":\"DC Isolating Switch Supplier - Wholesale direct from TOSUNlux, a trusted manufacturer since 1994. Get your B2B factory quote on our certified Low Voltage electrical products.\",\"breadcrumb\":{\"@id\":\"https:\\\/\\\/www.tosunlux.eu\\\/products\\\/dc-isolating-switch-3\\\/#breadcrumb\"},\"inLanguage\":\"fr-FR\",\"potentialAction\":[{\"@type\":\"ReadAction\",\"target\":[\"https:\\\/\\\/www.tosunlux.eu\\\/products\\\/dc-isolating-switch-3\\\/\"]}]},{\"@type\":\"BreadcrumbList\",\"@id\":\"https:\\\/\\\/www.tosunlux.eu\\\/products\\\/dc-isolating-switch-3\\\/#breadcrumb\",\"itemListElement\":[{\"@type\":\"ListItem\",\"position\":1,\"name\":\"Home\",\"item\":\"https:\\\/\\\/www.tosunlux.eu\\\/ru\\\/\"},{\"@type\":\"ListItem\",\"position\":2,\"name\":\"Products\",\"item\":\"https:\\\/\\\/www.tosunlux.eu\\\/products\\\/\"},{\"@type\":\"ListItem\",\"position\":3,\"name\":\"DC Isolating Switch\"}]},{\"@type\":\"WebSite\",\"@id\":\"https:\\\/\\\/www.tosunlux.eu\\\/ru\\\/#website\",\"url\":\"https:\\\/\\\/www.tosunlux.eu\\\/ru\\\/\",\"name\":\"TOSUNlux Official Site - Electrical Circuit Breaker Manufacturer in China\",\"description\":\"Power Distribution System Supplier\",\"publisher\":{\"@id\":\"https:\\\/\\\/www.tosunlux.eu\\\/ru\\\/#organization\"},\"alternateName\":\"TOSUNlux\",\"potentialAction\":[{\"@type\":\"SearchAction\",\"target\":{\"@type\":\"EntryPoint\",\"urlTemplate\":\"https:\\\/\\\/www.tosunlux.eu\\\/ru\\\/?s={search_term_string}\"},\"query-input\":{\"@type\":\"PropertyValueSpecification\",\"valueRequired\":true,\"valueName\":\"search_term_string\"}}],\"inLanguage\":\"fr-FR\"},{\"@type\":\"Organization\",\"@id\":\"https:\\\/\\\/www.tosunlux.eu\\\/ru\\\/#organization\",\"name\":\"TOSUNlux\",\"url\":\"https:\\\/\\\/www.tosunlux.eu\\\/ru\\\/\",\"logo\":{\"@type\":\"ImageObject\",\"inLanguage\":\"fr-FR\",\"@id\":\"https:\\\/\\\/www.tosunlux.eu\\\/ru\\\/#\\\/schema\\\/logo\\\/image\\\/\",\"url\":\"https:\\\/\\\/www.tosunlux.eu\\\/wp-content\\\/uploads\\\/2022\\\/01\\\/LOGOSYSM.71762f1.png\",\"contentUrl\":\"https:\\\/\\\/www.tosunlux.eu\\\/wp-content\\\/uploads\\\/2022\\\/01\\\/LOGOSYSM.71762f1.png\",\"width\":153,\"height\":55,\"caption\":\"TOSUNlux\"},\"image\":{\"@id\":\"https:\\\/\\\/www.tosunlux.eu\\\/ru\\\/#\\\/schema\\\/logo\\\/image\\\/\"},\"sameAs\":[\"https:\\\/\\\/www.facebook.com\\\/TOSUNelectric\\\/\",\"https:\\\/\\\/www.linkedin.com\\\/company\\\/wenzhou-tosun-electric-co.-ltd\\\/\"]}]}<\/script>\n<!-- \/ Yoast SEO plugin. -->","yoast_head_json":{"title":"Interrupteurs sectionneurs CC en gros - Site officiel de TOSUNlux - Fabricant de disjoncteurs \u00e9lectriques en Chine Fournisseur d&#039;\u00e9quipements \u00e9lectriques basse tension | TOSUNlux","description":"Fournisseur d&#039;interrupteurs d&#039;isolement CC - Vente en gros directement aupr\u00e8s de TOSUNlux, un fabricant de confiance depuis 1994. Obtenez votre devis d&#039;usine B2B sur nos produits \u00e9lectriques basse tension certifi\u00e9s.","robots":{"index":"index","follow":"follow","max-snippet":"max-snippet:-1","max-image-preview":"max-image-preview:large","max-video-preview":"max-video-preview:-1"},"canonical":"https:\/\/www.tosunlux.eu\/fr\/products\/dc-isolating-switch-3\/","og_locale":"fr_FR","og_type":"article","og_title":"WholesaleDC Isolating Switch - TOSUNlux Official Site - Electrical Circuit Breaker Manufacturer in China Low Voltage Electrical Supplier | TOSUNlux","og_description":"DC Isolating Switch Supplier - Wholesale direct from TOSUNlux, a trusted manufacturer since 1994. Get your B2B factory quote on our certified Low Voltage electrical products.","og_url":"https:\/\/www.tosunlux.eu\/fr\/products\/dc-isolating-switch-3\/","og_site_name":"TOSUNlux Official Site - Electrical Circuit Breaker Manufacturer in China","article_publisher":"https:\/\/www.facebook.com\/TOSUNelectric\/","article_modified_time":"2023-03-17T06:44:08+00:00","og_image":[{"width":1500,"height":940,"url":"https:\/\/www.tosunlux.eu\/wp-content\/uploads\/2023\/04\/DSC08160_\u526f\u672c.jpg","type":"image\/jpeg"}],"twitter_card":"summary_large_image","twitter_misc":{"Dur\u00e9e de lecture estim\u00e9e":"2 minutes"},"schema":{"@context":"https:\/\/schema.org","@graph":[{"@type":"WebPage","@id":"https:\/\/www.tosunlux.eu\/products\/dc-isolating-switch-3\/","url":"https:\/\/www.tosunlux.eu\/products\/dc-isolating-switch-3\/","name":"Interrupteurs sectionneurs CC en gros - Site officiel de TOSUNlux - Fabricant de disjoncteurs \u00e9lectriques en Chine Fournisseur d&#039;\u00e9quipements \u00e9lectriques basse tension | TOSUNlux","isPartOf":{"@id":"https:\/\/www.tosunlux.eu\/ru\/#website"},"datePublished":"2023-03-14T05:32:23+00:00","dateModified":"2023-03-17T06:44:08+00:00","description":"Fournisseur d&#039;interrupteurs d&#039;isolement CC - Vente en gros directement aupr\u00e8s de TOSUNlux, un fabricant de confiance depuis 1994. Obtenez votre devis d&#039;usine B2B sur nos produits \u00e9lectriques basse tension certifi\u00e9s.","breadcrumb":{"@id":"https:\/\/www.tosunlux.eu\/products\/dc-isolating-switch-3\/#breadcrumb"},"inLanguage":"fr-FR","potentialAction":[{"@type":"ReadAction","target":["https:\/\/www.tosunlux.eu\/products\/dc-isolating-switch-3\/"]}]},{"@type":"BreadcrumbList","@id":"https:\/\/www.tosunlux.eu\/products\/dc-isolating-switch-3\/#breadcrumb","itemListElement":[{"@type":"ListItem","position":1,"name":"Home","item":"https:\/\/www.tosunlux.eu\/ru\/"},{"@type":"ListItem","position":2,"name":"Products","item":"https:\/\/www.tosunlux.eu\/products\/"},{"@type":"ListItem","position":3,"name":"DC Isolating Switch"}]},{"@type":"WebSite","@id":"https:\/\/www.tosunlux.eu\/ru\/#website","url":"https:\/\/www.tosunlux.eu\/ru\/","name":"Site officiel TOSUNlux - Fabricant de disjoncteurs \u00e9lectriques en Chine","description":"Fournisseur de syst\u00e8me de distribution d&#039;\u00e9nergie","publisher":{"@id":"https:\/\/www.tosunlux.eu\/ru\/#organization"},"alternateName":"TOSUNlux","potentialAction":[{"@type":"SearchAction","target":{"@type":"EntryPoint","urlTemplate":"https:\/\/www.tosunlux.eu\/ru\/?s={search_term_string}"},"query-input":{"@type":"PropertyValueSpecification","valueRequired":true,"valueName":"search_term_string"}}],"inLanguage":"fr-FR"},{"@type":"Organization","@id":"https:\/\/www.tosunlux.eu\/ru\/#organization","name":"TOSUNlux","url":"https:\/\/www.tosunlux.eu\/ru\/","logo":{"@type":"ImageObject","inLanguage":"fr-FR","@id":"https:\/\/www.tosunlux.eu\/ru\/#\/schema\/logo\/image\/","url":"https:\/\/www.tosunlux.eu\/wp-content\/uploads\/2022\/01\/LOGOSYSM.71762f1.png","contentUrl":"https:\/\/www.tosunlux.eu\/wp-content\/uploads\/2022\/01\/LOGOSYSM.71762f1.png","width":153,"height":55,"caption":"TOSUNlux"},"image":{"@id":"https:\/\/www.tosunlux.eu\/ru\/#\/schema\/logo\/image\/"},"sameAs":["https:\/\/www.facebook.com\/TOSUNelectric\/","https:\/\/www.linkedin.com\/company\/wenzhou-tosun-electric-co.-ltd\/"]}]}},"_links":{"self":[{"href":"https:\/\/www.tosunlux.eu\/fr\/wp-json\/wp\/v2\/product\/5448","targetHints":{"allow":["GET"]}}],"collection":[{"href":"https:\/\/www.tosunlux.eu\/fr\/wp-json\/wp\/v2\/product"}],"about":[{"href":"https:\/\/www.tosunlux.eu\/fr\/wp-json\/wp\/v2\/types\/product"}],"version-history":[{"count":0,"href":"https:\/\/www.tosunlux.eu\/fr\/wp-json\/wp\/v2\/product\/5448\/revisions"}],"wp:attachment":[{"href":"https:\/\/www.tosunlux.eu\/fr\/wp-json\/wp\/v2\/media?parent=5448"}],"wp:term":[{"taxonomy":"product_category","embeddable":true,"href":"https:\/\/www.tosunlux.eu\/fr\/wp-json\/wp\/v2\/product_category?post=5448"}],"curies":[{"name":"wp","href":"https:\/\/api.w.org\/{rel}","templated":true}]}}