{"id":7263,"date":"2023-06-12T15:57:20","date_gmt":"2023-06-12T07:57:20","guid":{"rendered":"https:\/\/www.tosunlux.eu\/?post_type=product&#038;p=7263"},"modified":"2025-02-10T13:25:55","modified_gmt":"2025-02-10T05:25:55","slug":"tsmq2-125-double-power-automatic-changeover-switch","status":"publish","type":"product","link":"https:\/\/www.tosunlux.eu\/fr\/products\/tsmq2-125-double-power-automatic-changeover-switch\/","title":{"rendered":"Commutateur de commutation automatique \u00e0 double alimentation TSMQ1-100"},"content":{"rendered":"<p><strong>Application<\/strong><\/p>\n\n\n\n<p>Le commutateur de commutation automatique modulaire \u00e0 double alimentation TSM12-100 est utilis\u00e9 pour fournir l&#039;alimentation \u00e9lectrique du circuit en permanence lorsque l&#039;alimentation principale n&#039;est pas disponible soudainement. Le commutateur est adapt\u00e9 aux syst\u00e8mes d&#039;alimentation avec 50\/60 Hz, tension nominale jusqu&#039;\u00e0 415 V et nominale jusqu&#039;\u00e0 125 A.<br>Lorsque le produit fonctionne en mode automatique, le commutateur inverse automatiquement le circuit de l&#039;alimentation principale (\u2160) \u00e0 l&#039;alimentation de secours (\u2161) en cas de coupure de l&#039;alimentation principale (ou de panne de phase). Lorsque l&#039;alimentation principale (\u2160) redevient disponible, le commutateur inverse automatiquement le circuit vers l&#039;alimentation principale (\u2160) \u00e0 partir de l&#039;alimentation de secours (\u2161).<br>Lorsque le produit fonctionne en mode manuel, le changement de circuit entre l&#039;alimentation principale (\u2160) et l&#039;alimentation de secours (\u2161) doit \u00eatre r\u00e9alis\u00e9 manuellement.<br>Le commutateur est caract\u00e9ristique d&#039;un petit volume, d&#039;une r\u00e9action rapide, d&#039;une conversion fiable, d&#039;une installation pratique et d&#039;une longue dur\u00e9e de vie en service.<\/p>\n\n\n\n<p><strong>sp\u00e9cification<\/strong><\/p>\n\n\n<table style=\"height: 506px;\" width=\"840\">\n<tbody>\n<tr>\n<td style=\"text-align: center;\" width=\"314\">Nombre de p\u00f4les&nbsp;<\/td>\n<td style=\"text-align: center;\" width=\"332\">2P, 4P<\/td>\n<\/tr>\n<tr>\n<td style=\"text-align: center;\" width=\"314\">Courant nominal<\/td>\n<td style=\"text-align: center;\" width=\"332\">20A, 32A, 40A, 50A, 63A, 80A, 100A, 125A<\/td>\n<\/tr>\n<tr>\n<td style=\"text-align: center;\" width=\"314\">Cat\u00e9gorie d&#039;utilisation<\/td>\n<td style=\"text-align: center;\" width=\"332\">AC-33iB<\/td>\n<\/tr>\n<tr>\n<td style=\"text-align: center;\" width=\"314\">Tension nominale de fonctionnement (Ue)<\/td>\n<td style=\"text-align: center;\" width=\"332\">2P 230\/240V\/50Hz; 4P 400\/415V\/50Hz<\/td>\n<\/tr>\n<tr>\n<td style=\"text-align: center;\" width=\"314\">Tension d&#039;isolation nominale (Ui)<\/td>\n<td style=\"text-align: center;\" width=\"332\">AC690V\/50Hz<\/td>\n<\/tr>\n<tr>\n<td style=\"text-align: center;\" width=\"314\">Tension nominale de tenue aux impulsions<\/td>\n<td style=\"text-align: center;\" width=\"332\">8kV<\/td>\n<\/tr>\n<tr>\n<td style=\"text-align: center;\" width=\"314\">Limitation nominale du courant de court-circuit<\/td>\n<td style=\"text-align: center;\" width=\"332\">50kA<\/td>\n<\/tr>\n<tr>\n<td style=\"text-align: center;\" width=\"314\">Dur\u00e9e de vie m\u00e9canique<\/td>\n<td style=\"text-align: center;\" width=\"332\">5000 fois<\/td>\n<\/tr>\n<tr>\n<td style=\"text-align: center;\" width=\"314\">Dur\u00e9e de vie \u00e9lectrique<\/td>\n<td style=\"text-align: center;\" width=\"332\">2000 fois<\/td>\n<\/tr>\n<tr>\n<td style=\"text-align: center;\" width=\"314\">Classification<\/td>\n<td style=\"text-align: center;\" width=\"332\">Classe PC : peut \u00eatre fabriqu\u00e9 et support\u00e9 sans courant de court-circuit<\/td>\n<\/tr>\n<tr>\n<td style=\"text-align: center;\" width=\"314\">Circuit de contr\u00f4le<\/td>\n<td style=\"text-align: center;\" width=\"332\">Tension de commande nominale Us : AC220V, 50Hz Conditions de travail Narmal : 85%Us-110%Us<\/td>\n<\/tr>\n<tr>\n<td style=\"text-align: center;\" width=\"314\">Auxiliaire<\/td>\n<td style=\"text-align: center;\" width=\"332\">Capacit\u00e9 de contact du contact:AC220V 50Hz le=5y<\/td>\n<\/tr>\n<tr>\n<td style=\"text-align: center;\" width=\"314\">Temps de conversion des op\u00e9rations<\/td>\n<td style=\"text-align: center;\" rowspan=\"3\" width=\"332\">&lt;30ms<\/td>\n<\/tr>\n<tr>\n<td style=\"text-align: center;\" width=\"314\">Temps de conversion de retour<\/td>\n<\/tr>\n<tr>\n<td style=\"text-align: center;\" width=\"314\">Temps de mise hors tension<\/td>\n<\/tr>\n<\/tbody>\n<\/table>\n\n\n<p><strong>Dimensions<\/strong><\/p>\n\n\n\n<figure class=\"wp-block-image size-large is-resized\"><img fetchpriority=\"high\" decoding=\"async\" src=\"https:\/\/www.tosunlux.eu\/wp-content\/uploads\/2023\/06\/TSMQ-1024x268.jpg\" alt=\"\" class=\"wp-image-7269\" width=\"768\" height=\"201\" srcset=\"https:\/\/www.tosunlux.eu\/wp-content\/uploads\/2023\/06\/TSMQ-1024x268.jpg 1024w, https:\/\/www.tosunlux.eu\/wp-content\/uploads\/2023\/06\/TSMQ-300x78.jpg 300w, https:\/\/www.tosunlux.eu\/wp-content\/uploads\/2023\/06\/TSMQ-768x201.jpg 768w, https:\/\/www.tosunlux.eu\/wp-content\/uploads\/2023\/06\/TSMQ-1536x401.jpg 1536w, https:\/\/www.tosunlux.eu\/wp-content\/uploads\/2023\/06\/TSMQ-18x5.jpg 18w, https:\/\/www.tosunlux.eu\/wp-content\/uploads\/2023\/06\/TSMQ.jpg 1600w\" sizes=\"(max-width: 768px) 100vw, 768px\" \/><\/figure>","protected":false},"parent":0,"template":"","product_category":[24,86],"class_list":["post-7263","product","type-product","status-publish","hentry","product_category-power-distribution-system","product_category-automatic-changeover-switch"],"yoast_head":"<!-- This site is optimized with the Yoast SEO plugin v27.5 - https:\/\/yoast.com\/product\/yoast-seo-wordpress\/ -->\n<title>WholesaleTSMQ1-100 Dual Power Automatic Changeover Switch - TOSUNlux Official Site - Electrical Circuit Breaker Manufacturer in China Low Voltage Electrical Supplier | TOSUNlux<\/title>\n<meta name=\"description\" content=\"TSMQ1-100 Dual Power Automatic Changeover Switch Supplier - Wholesale direct from TOSUNlux, a trusted manufacturer since 1994. Get your B2B factory quote on our certified Low Voltage electrical products.\" \/>\n<meta name=\"robots\" content=\"index, follow, max-snippet:-1, max-image-preview:large, max-video-preview:-1\" \/>\n<link rel=\"canonical\" href=\"https:\/\/www.tosunlux.eu\/fr\/products\/tsmq2-125-double-power-automatic-changeover-switch\/\" \/>\n<meta property=\"og:locale\" content=\"fr_FR\" \/>\n<meta property=\"og:type\" content=\"article\" \/>\n<meta property=\"og:title\" content=\"WholesaleTSMQ1-100 Dual Power Automatic Changeover Switch - TOSUNlux Official Site - Electrical Circuit Breaker Manufacturer in China Low Voltage Electrical Supplier | TOSUNlux\" \/>\n<meta property=\"og:description\" content=\"TSMQ1-100 Dual Power Automatic Changeover Switch Supplier - Wholesale direct from TOSUNlux, a trusted manufacturer since 1994. Get your B2B factory quote on our certified Low Voltage electrical products.\" \/>\n<meta property=\"og:url\" content=\"https:\/\/www.tosunlux.eu\/fr\/products\/tsmq2-125-double-power-automatic-changeover-switch\/\" \/>\n<meta property=\"og:site_name\" content=\"TOSUNlux Official Site - Electrical Circuit Breaker Manufacturer in China\" \/>\n<meta property=\"article:publisher\" content=\"https:\/\/www.facebook.com\/TOSUNelectric\/\" \/>\n<meta property=\"article:modified_time\" content=\"2025-02-10T05:25:55+00:00\" \/>\n<meta property=\"og:image\" content=\"https:\/\/www.tosunlux.eu\/wp-content\/uploads\/2023\/06\/TSMQ-1024x268.jpg\" \/>\n<meta name=\"twitter:card\" content=\"summary_large_image\" \/>\n<meta name=\"twitter:label1\" content=\"Dur\u00e9e de lecture estim\u00e9e\" \/>\n\t<meta name=\"twitter:data1\" content=\"2 minutes\" \/>\n<script type=\"application\/ld+json\" class=\"yoast-schema-graph\">{\"@context\":\"https:\\\/\\\/schema.org\",\"@graph\":[{\"@type\":\"WebPage\",\"@id\":\"https:\\\/\\\/www.tosunlux.eu\\\/products\\\/tsmq2-125-double-power-automatic-changeover-switch\\\/\",\"url\":\"https:\\\/\\\/www.tosunlux.eu\\\/products\\\/tsmq2-125-double-power-automatic-changeover-switch\\\/\",\"name\":\"WholesaleTSMQ1-100 Dual Power Automatic Changeover Switch - TOSUNlux Official Site - Electrical Circuit Breaker Manufacturer in China Low Voltage Electrical Supplier | TOSUNlux\",\"isPartOf\":{\"@id\":\"https:\\\/\\\/www.tosunlux.eu\\\/ru\\\/#website\"},\"primaryImageOfPage\":{\"@id\":\"https:\\\/\\\/www.tosunlux.eu\\\/products\\\/tsmq2-125-double-power-automatic-changeover-switch\\\/#primaryimage\"},\"image\":{\"@id\":\"https:\\\/\\\/www.tosunlux.eu\\\/products\\\/tsmq2-125-double-power-automatic-changeover-switch\\\/#primaryimage\"},\"thumbnailUrl\":\"https:\\\/\\\/www.tosunlux.eu\\\/wp-content\\\/uploads\\\/2023\\\/06\\\/TSMQ-1024x268.jpg\",\"datePublished\":\"2023-06-12T07:57:20+00:00\",\"dateModified\":\"2025-02-10T05:25:55+00:00\",\"description\":\"TSMQ1-100 Dual Power Automatic Changeover Switch Supplier - Wholesale direct from TOSUNlux, a trusted manufacturer since 1994. Get your B2B factory quote on our certified Low Voltage electrical products.\",\"breadcrumb\":{\"@id\":\"https:\\\/\\\/www.tosunlux.eu\\\/products\\\/tsmq2-125-double-power-automatic-changeover-switch\\\/#breadcrumb\"},\"inLanguage\":\"fr-FR\",\"potentialAction\":[{\"@type\":\"ReadAction\",\"target\":[\"https:\\\/\\\/www.tosunlux.eu\\\/products\\\/tsmq2-125-double-power-automatic-changeover-switch\\\/\"]}]},{\"@type\":\"ImageObject\",\"inLanguage\":\"fr-FR\",\"@id\":\"https:\\\/\\\/www.tosunlux.eu\\\/products\\\/tsmq2-125-double-power-automatic-changeover-switch\\\/#primaryimage\",\"url\":\"https:\\\/\\\/www.tosunlux.eu\\\/wp-content\\\/uploads\\\/2023\\\/06\\\/TSMQ-1024x268.jpg\",\"contentUrl\":\"https:\\\/\\\/www.tosunlux.eu\\\/wp-content\\\/uploads\\\/2023\\\/06\\\/TSMQ-1024x268.jpg\"},{\"@type\":\"BreadcrumbList\",\"@id\":\"https:\\\/\\\/www.tosunlux.eu\\\/products\\\/tsmq2-125-double-power-automatic-changeover-switch\\\/#breadcrumb\",\"itemListElement\":[{\"@type\":\"ListItem\",\"position\":1,\"name\":\"Home\",\"item\":\"https:\\\/\\\/www.tosunlux.eu\\\/ru\\\/\"},{\"@type\":\"ListItem\",\"position\":2,\"name\":\"Products\",\"item\":\"https:\\\/\\\/www.tosunlux.eu\\\/products\\\/\"},{\"@type\":\"ListItem\",\"position\":3,\"name\":\"TSMQ1-100 Dual Power Automatic Changeover Switch\"}]},{\"@type\":\"WebSite\",\"@id\":\"https:\\\/\\\/www.tosunlux.eu\\\/ru\\\/#website\",\"url\":\"https:\\\/\\\/www.tosunlux.eu\\\/ru\\\/\",\"name\":\"TOSUNlux Official Site - Electrical Circuit Breaker Manufacturer in China\",\"description\":\"Power Distribution System Supplier\",\"publisher\":{\"@id\":\"https:\\\/\\\/www.tosunlux.eu\\\/ru\\\/#organization\"},\"alternateName\":\"TOSUNlux\",\"potentialAction\":[{\"@type\":\"SearchAction\",\"target\":{\"@type\":\"EntryPoint\",\"urlTemplate\":\"https:\\\/\\\/www.tosunlux.eu\\\/ru\\\/?s={search_term_string}\"},\"query-input\":{\"@type\":\"PropertyValueSpecification\",\"valueRequired\":true,\"valueName\":\"search_term_string\"}}],\"inLanguage\":\"fr-FR\"},{\"@type\":\"Organization\",\"@id\":\"https:\\\/\\\/www.tosunlux.eu\\\/ru\\\/#organization\",\"name\":\"TOSUNlux\",\"url\":\"https:\\\/\\\/www.tosunlux.eu\\\/ru\\\/\",\"logo\":{\"@type\":\"ImageObject\",\"inLanguage\":\"fr-FR\",\"@id\":\"https:\\\/\\\/www.tosunlux.eu\\\/ru\\\/#\\\/schema\\\/logo\\\/image\\\/\",\"url\":\"https:\\\/\\\/www.tosunlux.eu\\\/wp-content\\\/uploads\\\/2022\\\/01\\\/LOGOSYSM.71762f1.png\",\"contentUrl\":\"https:\\\/\\\/www.tosunlux.eu\\\/wp-content\\\/uploads\\\/2022\\\/01\\\/LOGOSYSM.71762f1.png\",\"width\":153,\"height\":55,\"caption\":\"TOSUNlux\"},\"image\":{\"@id\":\"https:\\\/\\\/www.tosunlux.eu\\\/ru\\\/#\\\/schema\\\/logo\\\/image\\\/\"},\"sameAs\":[\"https:\\\/\\\/www.facebook.com\\\/TOSUNelectric\\\/\",\"https:\\\/\\\/www.linkedin.com\\\/company\\\/wenzhou-tosun-electric-co.-ltd\\\/\"]}]}<\/script>\n<!-- \/ Yoast SEO plugin. -->","yoast_head_json":{"title":"WholesaleTSMQ1-100 Dual Power Automatic Changeover Switch - TOSUNlux Official Site - Electrical Circuit Breaker Manufacturer in China Low Voltage Electrical Supplier | TOSUNlux","description":"TSMQ1-100 Dual Power Automatic Changeover Switch Supplier - Wholesale direct from TOSUNlux, a trusted manufacturer since 1994. Get your B2B factory quote on our certified Low Voltage electrical products.","robots":{"index":"index","follow":"follow","max-snippet":"max-snippet:-1","max-image-preview":"max-image-preview:large","max-video-preview":"max-video-preview:-1"},"canonical":"https:\/\/www.tosunlux.eu\/fr\/products\/tsmq2-125-double-power-automatic-changeover-switch\/","og_locale":"fr_FR","og_type":"article","og_title":"WholesaleTSMQ1-100 Dual Power Automatic Changeover Switch - TOSUNlux Official Site - Electrical Circuit Breaker Manufacturer in China Low Voltage Electrical Supplier | TOSUNlux","og_description":"TSMQ1-100 Dual Power Automatic Changeover Switch Supplier - Wholesale direct from TOSUNlux, a trusted manufacturer since 1994. Get your B2B factory quote on our certified Low Voltage electrical products.","og_url":"https:\/\/www.tosunlux.eu\/fr\/products\/tsmq2-125-double-power-automatic-changeover-switch\/","og_site_name":"TOSUNlux Official Site - Electrical Circuit Breaker Manufacturer in China","article_publisher":"https:\/\/www.facebook.com\/TOSUNelectric\/","article_modified_time":"2025-02-10T05:25:55+00:00","og_image":[{"url":"https:\/\/www.tosunlux.eu\/wp-content\/uploads\/2023\/06\/TSMQ-1024x268.jpg","type":"","width":"","height":""}],"twitter_card":"summary_large_image","twitter_misc":{"Dur\u00e9e de lecture estim\u00e9e":"2 minutes"},"schema":{"@context":"https:\/\/schema.org","@graph":[{"@type":"WebPage","@id":"https:\/\/www.tosunlux.eu\/products\/tsmq2-125-double-power-automatic-changeover-switch\/","url":"https:\/\/www.tosunlux.eu\/products\/tsmq2-125-double-power-automatic-changeover-switch\/","name":"WholesaleTSMQ1-100 Dual Power Automatic Changeover Switch - TOSUNlux Official Site - Electrical Circuit Breaker Manufacturer in China Low Voltage Electrical Supplier | TOSUNlux","isPartOf":{"@id":"https:\/\/www.tosunlux.eu\/ru\/#website"},"primaryImageOfPage":{"@id":"https:\/\/www.tosunlux.eu\/products\/tsmq2-125-double-power-automatic-changeover-switch\/#primaryimage"},"image":{"@id":"https:\/\/www.tosunlux.eu\/products\/tsmq2-125-double-power-automatic-changeover-switch\/#primaryimage"},"thumbnailUrl":"https:\/\/www.tosunlux.eu\/wp-content\/uploads\/2023\/06\/TSMQ-1024x268.jpg","datePublished":"2023-06-12T07:57:20+00:00","dateModified":"2025-02-10T05:25:55+00:00","description":"TSMQ1-100 Dual Power Automatic Changeover Switch Supplier - Wholesale direct from TOSUNlux, a trusted manufacturer since 1994. Get your B2B factory quote on our certified Low Voltage electrical products.","breadcrumb":{"@id":"https:\/\/www.tosunlux.eu\/products\/tsmq2-125-double-power-automatic-changeover-switch\/#breadcrumb"},"inLanguage":"fr-FR","potentialAction":[{"@type":"ReadAction","target":["https:\/\/www.tosunlux.eu\/products\/tsmq2-125-double-power-automatic-changeover-switch\/"]}]},{"@type":"ImageObject","inLanguage":"fr-FR","@id":"https:\/\/www.tosunlux.eu\/products\/tsmq2-125-double-power-automatic-changeover-switch\/#primaryimage","url":"https:\/\/www.tosunlux.eu\/wp-content\/uploads\/2023\/06\/TSMQ-1024x268.jpg","contentUrl":"https:\/\/www.tosunlux.eu\/wp-content\/uploads\/2023\/06\/TSMQ-1024x268.jpg"},{"@type":"BreadcrumbList","@id":"https:\/\/www.tosunlux.eu\/products\/tsmq2-125-double-power-automatic-changeover-switch\/#breadcrumb","itemListElement":[{"@type":"ListItem","position":1,"name":"Home","item":"https:\/\/www.tosunlux.eu\/ru\/"},{"@type":"ListItem","position":2,"name":"Products","item":"https:\/\/www.tosunlux.eu\/products\/"},{"@type":"ListItem","position":3,"name":"TSMQ1-100 Dual Power Automatic Changeover Switch"}]},{"@type":"WebSite","@id":"https:\/\/www.tosunlux.eu\/ru\/#website","url":"https:\/\/www.tosunlux.eu\/ru\/","name":"Site officiel TOSUNlux - Fabricant de disjoncteurs \u00e9lectriques en Chine","description":"Fournisseur de syst\u00e8me de distribution d&#039;\u00e9nergie","publisher":{"@id":"https:\/\/www.tosunlux.eu\/ru\/#organization"},"alternateName":"TOSUNlux","potentialAction":[{"@type":"SearchAction","target":{"@type":"EntryPoint","urlTemplate":"https:\/\/www.tosunlux.eu\/ru\/?s={search_term_string}"},"query-input":{"@type":"PropertyValueSpecification","valueRequired":true,"valueName":"search_term_string"}}],"inLanguage":"fr-FR"},{"@type":"Organization","@id":"https:\/\/www.tosunlux.eu\/ru\/#organization","name":"TOSUNlux","url":"https:\/\/www.tosunlux.eu\/ru\/","logo":{"@type":"ImageObject","inLanguage":"fr-FR","@id":"https:\/\/www.tosunlux.eu\/ru\/#\/schema\/logo\/image\/","url":"https:\/\/www.tosunlux.eu\/wp-content\/uploads\/2022\/01\/LOGOSYSM.71762f1.png","contentUrl":"https:\/\/www.tosunlux.eu\/wp-content\/uploads\/2022\/01\/LOGOSYSM.71762f1.png","width":153,"height":55,"caption":"TOSUNlux"},"image":{"@id":"https:\/\/www.tosunlux.eu\/ru\/#\/schema\/logo\/image\/"},"sameAs":["https:\/\/www.facebook.com\/TOSUNelectric\/","https:\/\/www.linkedin.com\/company\/wenzhou-tosun-electric-co.-ltd\/"]}]}},"_links":{"self":[{"href":"https:\/\/www.tosunlux.eu\/fr\/wp-json\/wp\/v2\/product\/7263","targetHints":{"allow":["GET"]}}],"collection":[{"href":"https:\/\/www.tosunlux.eu\/fr\/wp-json\/wp\/v2\/product"}],"about":[{"href":"https:\/\/www.tosunlux.eu\/fr\/wp-json\/wp\/v2\/types\/product"}],"version-history":[{"count":6,"href":"https:\/\/www.tosunlux.eu\/fr\/wp-json\/wp\/v2\/product\/7263\/revisions"}],"predecessor-version":[{"id":12508,"href":"https:\/\/www.tosunlux.eu\/fr\/wp-json\/wp\/v2\/product\/7263\/revisions\/12508"}],"wp:attachment":[{"href":"https:\/\/www.tosunlux.eu\/fr\/wp-json\/wp\/v2\/media?parent=7263"}],"wp:term":[{"taxonomy":"product_category","embeddable":true,"href":"https:\/\/www.tosunlux.eu\/fr\/wp-json\/wp\/v2\/product_category?post=7263"}],"curies":[{"name":"wp","href":"https:\/\/api.w.org\/{rel}","templated":true}]}}