{"id":7817,"date":"2023-08-22T14:34:06","date_gmt":"2023-08-22T06:34:06","guid":{"rendered":"https:\/\/www.tosunlux.eu\/?post_type=product&#038;p=7817"},"modified":"2025-01-02T11:12:14","modified_gmt":"2025-01-02T03:12:14","slug":"tsn3-40l-residual-current-operated-circuitbreaker-rcbo","status":"publish","type":"product","link":"https:\/\/www.tosunlux.eu\/fr\/products\/tsn3-40l-residual-current-operated-circuitbreaker-rcbo\/","title":{"rendered":"Disjoncteur \u00e0 courant r\u00e9siduel TSN3-32L (RCBO)"},"content":{"rendered":"<figure class=\"wp-block-image size-large is-resized\"><img decoding=\"async\" src=\"https:\/\/www.tosunlux.eu\/wp-content\/uploads\/2023\/06\/logo-1-1024x348.jpg\" alt=\"\" class=\"wp-image-7244\" width=\"215\" height=\"73\" srcset=\"https:\/\/www.tosunlux.eu\/wp-content\/uploads\/2023\/06\/logo-1-1024x348.jpg 1024w, https:\/\/www.tosunlux.eu\/wp-content\/uploads\/2023\/06\/logo-1-300x102.jpg 300w, https:\/\/www.tosunlux.eu\/wp-content\/uploads\/2023\/06\/logo-1-768x261.jpg 768w, https:\/\/www.tosunlux.eu\/wp-content\/uploads\/2023\/06\/logo-1-1536x521.jpg 1536w, https:\/\/www.tosunlux.eu\/wp-content\/uploads\/2023\/06\/logo-1-18x6.jpg 18w, https:\/\/www.tosunlux.eu\/wp-content\/uploads\/2023\/06\/logo-1.jpg 1600w\" sizes=\"(max-width: 215px) 100vw, 215px\" \/><\/figure>\n\n\n\n<p><strong>Application<\/strong><\/p>\n\n\n\n<p>Le RCBO mont\u00e9 sur DIN mince est disponible en tant que dispositifs \u00e0 module unique pour \u00e9conomiser de l&#039;espace pr\u00e9cieux dans le tableau de distribution.<\/p>\n\n\n\n<p><strong>sp\u00e9cification<\/strong><\/p>\n\n\n<table width=\"852\">\n<tbody>\n<tr>\n<td width=\"333\">Nombre de p\u00f4les<\/td>\n<td style=\"text-align: center;\" width=\"518\">1P+N<\/td>\n<\/tr>\n<tr>\n<td width=\"333\">Courant nominal<\/td>\n<td style=\"text-align: center;\" width=\"518\">6A, 10A, 16A, 20A, 25A, 32A<\/td>\n<\/tr>\n<tr>\n<td width=\"333\">Tension op\u00e9rationnelle nominale<\/td>\n<td style=\"text-align: center;\" width=\"518\">230V\/240\uff5e<\/td>\n<\/tr>\n<tr>\n<td width=\"333\">Sensibilit\u00e9 aux fuites \u00e0 la terre<\/td>\n<td style=\"text-align: center;\" width=\"518\">10 mA, 30 mA, 100 mA<\/td>\n<\/tr>\n<tr>\n<td width=\"333\">Technologie d&#039;unit\u00e9 de d\u00e9clenchement<\/td>\n<td style=\"text-align: center;\" width=\"518\">\u00c9lectronique<\/td>\n<\/tr>\n<tr>\n<td width=\"333\">Type de r\u00e9seau<\/td>\n<td style=\"text-align: center;\" width=\"518\">CA\/A<\/td>\n<\/tr>\n<tr>\n<td width=\"333\">Normes<\/td>\n<td style=\"text-align: center;\" width=\"518\">CEI\/EN 61009-1<\/td>\n<\/tr>\n<tr>\n<td width=\"333\">\n<p>Capacit\u00e9 de rupture<\/p>\n<\/td>\n<td style=\"text-align: center;\" width=\"518\">Icn =Ics=6000 A<\/td>\n<\/tr>\n<tr>\n<td width=\"333\">\u3010U i\u3011Tension d&#039;isolation nominale<\/td>\n<td style=\"text-align: center;\" width=\"518\">415 V CA<\/td>\n<\/tr>\n<tr>\n<td width=\"333\">\u3010Uimp\u3011 Tension de tenue aux impulsions nominale<\/td>\n<td style=\"text-align: center;\" width=\"518\">4000V<\/td>\n<\/tr>\n<tr>\n<td width=\"333\">Durabilit\u00e9 m\u00e9canique<\/td>\n<td style=\"text-align: center;\" width=\"518\">10000 cycles<\/td>\n<\/tr>\n<tr>\n<td width=\"333\">Durabilit\u00e9 \u00e9lectrique<\/td>\n<td style=\"text-align: center;\" width=\"518\">4000 cycles<\/td>\n<\/tr>\n<tr>\n<td width=\"333\">Couple de serrage<\/td>\n<td style=\"text-align: center;\" width=\"518\">M42N. mIl<\/td>\n<\/tr>\n<tr>\n<td width=\"333\">Degr\u00e9 de protection IP<\/td>\n<td width=\"518\">IP20 se conformer \u00e0 IEC 60529<br \/>IP40 (bo\u00eetier modulaire) conforme \u00e0 la norme IEC 60529<\/td>\n<\/tr>\n<tr>\n<td width=\"333\">Code de courbe<\/td>\n<td style=\"text-align: center;\" width=\"518\">AVANT JC<\/td>\n<\/tr>\n<tr>\n<td width=\"333\">Temp\u00e9rature de l&#039;air ambiant pour le fonctionnement<\/td>\n<td style=\"text-align: center;\" width=\"518\">-5\uff5e40\u2103<\/td>\n<\/tr>\n<tr>\n<td width=\"333\">Directive RoHS de l&#039;UE<\/td>\n<td style=\"text-align: center;\" width=\"518\">Conforme \u00e0 la d\u00e9claration RoHS de l&#039;UE<\/td>\n<\/tr>\n<tr>\n<td width=\"333\">Degr\u00e9 de pollution<\/td>\n<td style=\"text-align: center;\" width=\"518\">2 selon IEC\/EN 60898-1<\/td>\n<\/tr>\n<tr>\n<td width=\"333\">\n<p>C\u00e2blage sup\u00e9rieur<\/p>\n<p>C\u00e2blage inf\u00e9rieur<\/p>\n<\/td>\n<td style=\"text-align: center;\" width=\"518\">1-16mm2\u00a0\u00a0\u00a0\u00a0\u00a0<\/td>\n<\/tr>\n<\/tbody>\n<\/table>\n\n\n<p><strong>Dimension<\/strong><\/p>\n\n\n\n<figure class=\"wp-block-image size-large is-resized\"><img fetchpriority=\"high\" decoding=\"async\" src=\"https:\/\/www.tosunlux.eu\/wp-content\/uploads\/2023\/08\/TSL3-40-1024x502.jpg\" alt=\"\" class=\"wp-image-7825\" width=\"451\" height=\"220\" srcset=\"https:\/\/www.tosunlux.eu\/wp-content\/uploads\/2023\/08\/TSL3-40-1024x502.jpg 1024w, https:\/\/www.tosunlux.eu\/wp-content\/uploads\/2023\/08\/TSL3-40-300x147.jpg 300w, https:\/\/www.tosunlux.eu\/wp-content\/uploads\/2023\/08\/TSL3-40-768x376.jpg 768w, https:\/\/www.tosunlux.eu\/wp-content\/uploads\/2023\/08\/TSL3-40-1536x753.jpg 1536w, https:\/\/www.tosunlux.eu\/wp-content\/uploads\/2023\/08\/TSL3-40-18x9.jpg 18w, https:\/\/www.tosunlux.eu\/wp-content\/uploads\/2023\/08\/TSL3-40.jpg 1600w\" sizes=\"(max-width: 451px) 100vw, 451px\" \/><\/figure>","protected":false},"parent":0,"template":"","product_category":[78],"class_list":["post-7817","product","type-product","status-publish","hentry","product_category-rcbo"],"yoast_head":"<!-- This site is optimized with the Yoast SEO plugin v27.4 - https:\/\/yoast.com\/product\/yoast-seo-wordpress\/ -->\n<title>WholesaleTSN3-32L Residual Current Operated Circuit Breaker (RCBO) - TOSUNlux Official Site - Electrical Circuit Breaker Manufacturer in China Low Voltage Electrical Supplier | TOSUNlux<\/title>\n<meta name=\"description\" content=\"TSN3-32L Residual Current Operated Circuit Breaker (RCBO) Supplier - Wholesale direct from TOSUNlux, a trusted manufacturer since 1994. Get your B2B factory quote on our certified Low Voltage electrical products.\" \/>\n<meta name=\"robots\" content=\"index, follow, max-snippet:-1, max-image-preview:large, max-video-preview:-1\" \/>\n<link rel=\"canonical\" href=\"https:\/\/www.tosunlux.eu\/fr\/products\/tsn3-40l-residual-current-operated-circuitbreaker-rcbo\/\" \/>\n<meta property=\"og:locale\" content=\"fr_FR\" \/>\n<meta property=\"og:type\" content=\"article\" \/>\n<meta property=\"og:title\" content=\"WholesaleTSN3-32L Residual Current Operated Circuit Breaker (RCBO) - TOSUNlux Official Site - Electrical Circuit Breaker Manufacturer in China Low Voltage Electrical Supplier | TOSUNlux\" \/>\n<meta property=\"og:description\" content=\"TSN3-32L Residual Current Operated Circuit Breaker (RCBO) Supplier - Wholesale direct from TOSUNlux, a trusted manufacturer since 1994. Get your B2B factory quote on our certified Low Voltage electrical products.\" \/>\n<meta property=\"og:url\" content=\"https:\/\/www.tosunlux.eu\/fr\/products\/tsn3-40l-residual-current-operated-circuitbreaker-rcbo\/\" \/>\n<meta property=\"og:site_name\" content=\"TOSUNlux Official Site - Electrical Circuit Breaker Manufacturer in China\" \/>\n<meta property=\"article:publisher\" content=\"https:\/\/www.facebook.com\/TOSUNelectric\/\" \/>\n<meta property=\"article:modified_time\" content=\"2025-01-02T03:12:14+00:00\" \/>\n<meta property=\"og:image\" content=\"https:\/\/www.tosunlux.eu\/wp-content\/uploads\/2023\/06\/logo-1-1024x348.jpg\" \/>\n<meta name=\"twitter:card\" content=\"summary_large_image\" \/>\n<meta name=\"twitter:label1\" content=\"Dur\u00e9e de lecture estim\u00e9e\" \/>\n\t<meta name=\"twitter:data1\" content=\"1 minute\" \/>\n<script type=\"application\/ld+json\" class=\"yoast-schema-graph\">{\"@context\":\"https:\\\/\\\/schema.org\",\"@graph\":[{\"@type\":\"WebPage\",\"@id\":\"https:\\\/\\\/www.tosunlux.eu\\\/products\\\/tsn3-40l-residual-current-operated-circuitbreaker-rcbo\\\/\",\"url\":\"https:\\\/\\\/www.tosunlux.eu\\\/products\\\/tsn3-40l-residual-current-operated-circuitbreaker-rcbo\\\/\",\"name\":\"WholesaleTSN3-32L Residual Current Operated Circuit Breaker (RCBO) - TOSUNlux Official Site - Electrical Circuit Breaker Manufacturer in China Low Voltage Electrical Supplier | TOSUNlux\",\"isPartOf\":{\"@id\":\"https:\\\/\\\/www.tosunlux.eu\\\/ru\\\/#website\"},\"primaryImageOfPage\":{\"@id\":\"https:\\\/\\\/www.tosunlux.eu\\\/products\\\/tsn3-40l-residual-current-operated-circuitbreaker-rcbo\\\/#primaryimage\"},\"image\":{\"@id\":\"https:\\\/\\\/www.tosunlux.eu\\\/products\\\/tsn3-40l-residual-current-operated-circuitbreaker-rcbo\\\/#primaryimage\"},\"thumbnailUrl\":\"https:\\\/\\\/www.tosunlux.eu\\\/wp-content\\\/uploads\\\/2023\\\/06\\\/logo-1-1024x348.jpg\",\"datePublished\":\"2023-08-22T06:34:06+00:00\",\"dateModified\":\"2025-01-02T03:12:14+00:00\",\"description\":\"TSN3-32L Residual Current Operated Circuit Breaker (RCBO) Supplier - Wholesale direct from TOSUNlux, a trusted manufacturer since 1994. Get your B2B factory quote on our certified Low Voltage electrical products.\",\"breadcrumb\":{\"@id\":\"https:\\\/\\\/www.tosunlux.eu\\\/products\\\/tsn3-40l-residual-current-operated-circuitbreaker-rcbo\\\/#breadcrumb\"},\"inLanguage\":\"fr-FR\",\"potentialAction\":[{\"@type\":\"ReadAction\",\"target\":[\"https:\\\/\\\/www.tosunlux.eu\\\/products\\\/tsn3-40l-residual-current-operated-circuitbreaker-rcbo\\\/\"]}]},{\"@type\":\"ImageObject\",\"inLanguage\":\"fr-FR\",\"@id\":\"https:\\\/\\\/www.tosunlux.eu\\\/products\\\/tsn3-40l-residual-current-operated-circuitbreaker-rcbo\\\/#primaryimage\",\"url\":\"https:\\\/\\\/www.tosunlux.eu\\\/wp-content\\\/uploads\\\/2023\\\/06\\\/logo-1-1024x348.jpg\",\"contentUrl\":\"https:\\\/\\\/www.tosunlux.eu\\\/wp-content\\\/uploads\\\/2023\\\/06\\\/logo-1-1024x348.jpg\"},{\"@type\":\"BreadcrumbList\",\"@id\":\"https:\\\/\\\/www.tosunlux.eu\\\/products\\\/tsn3-40l-residual-current-operated-circuitbreaker-rcbo\\\/#breadcrumb\",\"itemListElement\":[{\"@type\":\"ListItem\",\"position\":1,\"name\":\"Home\",\"item\":\"https:\\\/\\\/www.tosunlux.eu\\\/ru\\\/\"},{\"@type\":\"ListItem\",\"position\":2,\"name\":\"Products\",\"item\":\"https:\\\/\\\/www.tosunlux.eu\\\/products\\\/\"},{\"@type\":\"ListItem\",\"position\":3,\"name\":\"TSN3-32L Residual Current Operated Circuit Breaker (RCBO)\"}]},{\"@type\":\"WebSite\",\"@id\":\"https:\\\/\\\/www.tosunlux.eu\\\/ru\\\/#website\",\"url\":\"https:\\\/\\\/www.tosunlux.eu\\\/ru\\\/\",\"name\":\"TOSUNlux Official Site - Electrical Circuit Breaker Manufacturer in China\",\"description\":\"Power Distribution System Supplier\",\"publisher\":{\"@id\":\"https:\\\/\\\/www.tosunlux.eu\\\/ru\\\/#organization\"},\"alternateName\":\"TOSUNlux\",\"potentialAction\":[{\"@type\":\"SearchAction\",\"target\":{\"@type\":\"EntryPoint\",\"urlTemplate\":\"https:\\\/\\\/www.tosunlux.eu\\\/ru\\\/?s={search_term_string}\"},\"query-input\":{\"@type\":\"PropertyValueSpecification\",\"valueRequired\":true,\"valueName\":\"search_term_string\"}}],\"inLanguage\":\"fr-FR\"},{\"@type\":\"Organization\",\"@id\":\"https:\\\/\\\/www.tosunlux.eu\\\/ru\\\/#organization\",\"name\":\"TOSUNlux\",\"url\":\"https:\\\/\\\/www.tosunlux.eu\\\/ru\\\/\",\"logo\":{\"@type\":\"ImageObject\",\"inLanguage\":\"fr-FR\",\"@id\":\"https:\\\/\\\/www.tosunlux.eu\\\/ru\\\/#\\\/schema\\\/logo\\\/image\\\/\",\"url\":\"https:\\\/\\\/www.tosunlux.eu\\\/wp-content\\\/uploads\\\/2022\\\/01\\\/LOGOSYSM.71762f1.png\",\"contentUrl\":\"https:\\\/\\\/www.tosunlux.eu\\\/wp-content\\\/uploads\\\/2022\\\/01\\\/LOGOSYSM.71762f1.png\",\"width\":153,\"height\":55,\"caption\":\"TOSUNlux\"},\"image\":{\"@id\":\"https:\\\/\\\/www.tosunlux.eu\\\/ru\\\/#\\\/schema\\\/logo\\\/image\\\/\"},\"sameAs\":[\"https:\\\/\\\/www.facebook.com\\\/TOSUNelectric\\\/\",\"https:\\\/\\\/www.linkedin.com\\\/company\\\/wenzhou-tosun-electric-co.-ltd\\\/\"]}]}<\/script>\n<!-- \/ Yoast SEO plugin. -->","yoast_head_json":{"title":"WholesaleTSN3-32L Residual Current Operated Circuit Breaker (RCBO) - TOSUNlux Official Site - Electrical Circuit Breaker Manufacturer in China Low Voltage Electrical Supplier | TOSUNlux","description":"TSN3-32L Residual Current Operated Circuit Breaker (RCBO) Supplier - Wholesale direct from TOSUNlux, a trusted manufacturer since 1994. Get your B2B factory quote on our certified Low Voltage electrical products.","robots":{"index":"index","follow":"follow","max-snippet":"max-snippet:-1","max-image-preview":"max-image-preview:large","max-video-preview":"max-video-preview:-1"},"canonical":"https:\/\/www.tosunlux.eu\/fr\/products\/tsn3-40l-residual-current-operated-circuitbreaker-rcbo\/","og_locale":"fr_FR","og_type":"article","og_title":"WholesaleTSN3-32L Residual Current Operated Circuit Breaker (RCBO) - TOSUNlux Official Site - Electrical Circuit Breaker Manufacturer in China Low Voltage Electrical Supplier | TOSUNlux","og_description":"TSN3-32L Residual Current Operated Circuit Breaker (RCBO) Supplier - Wholesale direct from TOSUNlux, a trusted manufacturer since 1994. Get your B2B factory quote on our certified Low Voltage electrical products.","og_url":"https:\/\/www.tosunlux.eu\/fr\/products\/tsn3-40l-residual-current-operated-circuitbreaker-rcbo\/","og_site_name":"TOSUNlux Official Site - Electrical Circuit Breaker Manufacturer in China","article_publisher":"https:\/\/www.facebook.com\/TOSUNelectric\/","article_modified_time":"2025-01-02T03:12:14+00:00","og_image":[{"url":"https:\/\/www.tosunlux.eu\/wp-content\/uploads\/2023\/06\/logo-1-1024x348.jpg","type":"","width":"","height":""}],"twitter_card":"summary_large_image","twitter_misc":{"Dur\u00e9e de lecture estim\u00e9e":"1 minute"},"schema":{"@context":"https:\/\/schema.org","@graph":[{"@type":"WebPage","@id":"https:\/\/www.tosunlux.eu\/products\/tsn3-40l-residual-current-operated-circuitbreaker-rcbo\/","url":"https:\/\/www.tosunlux.eu\/products\/tsn3-40l-residual-current-operated-circuitbreaker-rcbo\/","name":"WholesaleTSN3-32L Residual Current Operated Circuit Breaker (RCBO) - TOSUNlux Official Site - Electrical Circuit Breaker Manufacturer in China Low Voltage Electrical Supplier | TOSUNlux","isPartOf":{"@id":"https:\/\/www.tosunlux.eu\/ru\/#website"},"primaryImageOfPage":{"@id":"https:\/\/www.tosunlux.eu\/products\/tsn3-40l-residual-current-operated-circuitbreaker-rcbo\/#primaryimage"},"image":{"@id":"https:\/\/www.tosunlux.eu\/products\/tsn3-40l-residual-current-operated-circuitbreaker-rcbo\/#primaryimage"},"thumbnailUrl":"https:\/\/www.tosunlux.eu\/wp-content\/uploads\/2023\/06\/logo-1-1024x348.jpg","datePublished":"2023-08-22T06:34:06+00:00","dateModified":"2025-01-02T03:12:14+00:00","description":"TSN3-32L Residual Current Operated Circuit Breaker (RCBO) Supplier - Wholesale direct from TOSUNlux, a trusted manufacturer since 1994. Get your B2B factory quote on our certified Low Voltage electrical products.","breadcrumb":{"@id":"https:\/\/www.tosunlux.eu\/products\/tsn3-40l-residual-current-operated-circuitbreaker-rcbo\/#breadcrumb"},"inLanguage":"fr-FR","potentialAction":[{"@type":"ReadAction","target":["https:\/\/www.tosunlux.eu\/products\/tsn3-40l-residual-current-operated-circuitbreaker-rcbo\/"]}]},{"@type":"ImageObject","inLanguage":"fr-FR","@id":"https:\/\/www.tosunlux.eu\/products\/tsn3-40l-residual-current-operated-circuitbreaker-rcbo\/#primaryimage","url":"https:\/\/www.tosunlux.eu\/wp-content\/uploads\/2023\/06\/logo-1-1024x348.jpg","contentUrl":"https:\/\/www.tosunlux.eu\/wp-content\/uploads\/2023\/06\/logo-1-1024x348.jpg"},{"@type":"BreadcrumbList","@id":"https:\/\/www.tosunlux.eu\/products\/tsn3-40l-residual-current-operated-circuitbreaker-rcbo\/#breadcrumb","itemListElement":[{"@type":"ListItem","position":1,"name":"Home","item":"https:\/\/www.tosunlux.eu\/ru\/"},{"@type":"ListItem","position":2,"name":"Products","item":"https:\/\/www.tosunlux.eu\/products\/"},{"@type":"ListItem","position":3,"name":"TSN3-32L Residual Current Operated Circuit Breaker (RCBO)"}]},{"@type":"WebSite","@id":"https:\/\/www.tosunlux.eu\/ru\/#website","url":"https:\/\/www.tosunlux.eu\/ru\/","name":"Site officiel TOSUNlux - Fabricant de disjoncteurs \u00e9lectriques en Chine","description":"Fournisseur de syst\u00e8me de distribution d&#039;\u00e9nergie","publisher":{"@id":"https:\/\/www.tosunlux.eu\/ru\/#organization"},"alternateName":"TOSUNlux","potentialAction":[{"@type":"SearchAction","target":{"@type":"EntryPoint","urlTemplate":"https:\/\/www.tosunlux.eu\/ru\/?s={search_term_string}"},"query-input":{"@type":"PropertyValueSpecification","valueRequired":true,"valueName":"search_term_string"}}],"inLanguage":"fr-FR"},{"@type":"Organization","@id":"https:\/\/www.tosunlux.eu\/ru\/#organization","name":"TOSUNlux","url":"https:\/\/www.tosunlux.eu\/ru\/","logo":{"@type":"ImageObject","inLanguage":"fr-FR","@id":"https:\/\/www.tosunlux.eu\/ru\/#\/schema\/logo\/image\/","url":"https:\/\/www.tosunlux.eu\/wp-content\/uploads\/2022\/01\/LOGOSYSM.71762f1.png","contentUrl":"https:\/\/www.tosunlux.eu\/wp-content\/uploads\/2022\/01\/LOGOSYSM.71762f1.png","width":153,"height":55,"caption":"TOSUNlux"},"image":{"@id":"https:\/\/www.tosunlux.eu\/ru\/#\/schema\/logo\/image\/"},"sameAs":["https:\/\/www.facebook.com\/TOSUNelectric\/","https:\/\/www.linkedin.com\/company\/wenzhou-tosun-electric-co.-ltd\/"]}]}},"_links":{"self":[{"href":"https:\/\/www.tosunlux.eu\/fr\/wp-json\/wp\/v2\/product\/7817","targetHints":{"allow":["GET"]}}],"collection":[{"href":"https:\/\/www.tosunlux.eu\/fr\/wp-json\/wp\/v2\/product"}],"about":[{"href":"https:\/\/www.tosunlux.eu\/fr\/wp-json\/wp\/v2\/types\/product"}],"version-history":[{"count":2,"href":"https:\/\/www.tosunlux.eu\/fr\/wp-json\/wp\/v2\/product\/7817\/revisions"}],"predecessor-version":[{"id":12157,"href":"https:\/\/www.tosunlux.eu\/fr\/wp-json\/wp\/v2\/product\/7817\/revisions\/12157"}],"wp:attachment":[{"href":"https:\/\/www.tosunlux.eu\/fr\/wp-json\/wp\/v2\/media?parent=7817"}],"wp:term":[{"taxonomy":"product_category","embeddable":true,"href":"https:\/\/www.tosunlux.eu\/fr\/wp-json\/wp\/v2\/product_category?post=7817"}],"curies":[{"name":"wp","href":"https:\/\/api.w.org\/{rel}","templated":true}]}}