{"id":7965,"date":"2023-09-12T10:48:58","date_gmt":"2023-09-12T02:48:58","guid":{"rendered":"https:\/\/www.tosunlux.eu\/?post_type=product&#038;p=7965"},"modified":"2023-09-12T10:48:59","modified_gmt":"2023-09-12T02:48:59","slug":"tsn3-63l-residual-current-operated-circuitbreaker-rcbo-2","status":"publish","type":"product","link":"https:\/\/www.tosunlux.eu\/fr\/products\/tsn3-63l-residual-current-operated-circuitbreaker-rcbo-2\/","title":{"rendered":"Circuit \u00e0 courant r\u00e9siduel TSN3-63L<br>Disjoncteur (RCBO)"},"content":{"rendered":"<p><strong>Application<\/strong><\/p>\n\n\n\n<p>TSN3-63L RCBO est utilis\u00e9 dans le circuit monophas\u00e9 de AC 50\/60 Hz, tension nominale 240 V, comme protection contre les chocs \u00e9lectroniques. Il peut prot\u00e9ger le circuit contre les surcharges et les courts-circuits. Ce produit pr\u00e9sente les avantages d&#039;un petit volume et d&#039;une capacit\u00e9 de rupture \u00e9lev\u00e9e. Il coupe le fil sous tension et le fil z\u00e9ro en m\u00eame temps. Il prot\u00e8ge \u00e9galement la personne contre les chocs \u00e9lectriques lorsque le fil sous tension est connect\u00e9 en face. Les produits sont conformes aux normes IEC61009.<\/p>\n\n\n\n<p><strong>sp\u00e9cification<\/strong><\/p>\n\n\n<table style=\"height: 425px;\" width=\"839\">\n<tbody>\n<tr>\n<td style=\"text-align: center;\" width=\"249\">Nombre de p\u00f4les<\/td>\n<td style=\"text-align: center;\" width=\"225\">1P+N<\/td>\n<\/tr>\n<tr>\n<td style=\"text-align: center;\" width=\"249\">Courant nominal<\/td>\n<td style=\"text-align: center;\" width=\"225\">6A, 10A, 16A, 20A, 25A, 32A, 40A, 50A, 63A<\/td>\n<\/tr>\n<tr>\n<td style=\"text-align: center;\" width=\"249\">Sensibilit\u00e9 de fuite \u00e0 la terre<\/td>\n<td style=\"text-align: center;\" width=\"225\">30mA, 100mA, 300mA<\/td>\n<\/tr>\n<tr>\n<td style=\"text-align: center;\" width=\"249\">Technologie d&#039;unit\u00e9 de d\u00e9clenchement<\/td>\n<td style=\"text-align: center;\" width=\"225\">\u00c9lectronique<\/td>\n<\/tr>\n<tr>\n<td style=\"text-align: center;\" width=\"249\">Type de r\u00e9seau<\/td>\n<td style=\"text-align: center;\" width=\"225\">AC ~ \/A ~<\/td>\n<\/tr>\n<tr>\n<td style=\"text-align: center;\" width=\"249\">Tension nominale<\/td>\n<td style=\"text-align: center;\" width=\"225\">230V~ 240V~<\/td>\n<\/tr>\n<tr>\n<td style=\"text-align: center;\" width=\"249\">Temps d&#039;arr\u00eat du courant r\u00e9siduel<\/td>\n<td style=\"text-align: center;\" width=\"225\">0.1s<\/td>\n<\/tr>\n<tr>\n<td style=\"text-align: center;\" width=\"249\">Capacit\u00e9 de court-circuit (Icu)<\/td>\n<td style=\"text-align: center;\" width=\"225\">4500A<\/td>\n<\/tr>\n<tr>\n<td style=\"text-align: center;\" width=\"249\">Caract\u00e9ristique<\/td>\n<td style=\"text-align: center;\" width=\"225\">AVANT JC<\/td>\n<\/tr>\n<tr>\n<td style=\"text-align: center;\" width=\"249\">Durabilit\u00e9 m\u00e9canique<\/td>\n<td style=\"text-align: center;\" width=\"225\">10000 cycles<\/td>\n<\/tr>\n<tr>\n<td style=\"text-align: center;\" width=\"249\">Durabilit\u00e9 \u00e9lectrique<\/td>\n<td style=\"text-align: center;\" width=\"225\">3000 cycles<\/td>\n<\/tr>\n<tr>\n<td style=\"text-align: center;\" width=\"249\">Degr\u00e9 de protection<\/td>\n<td style=\"text-align: center;\" width=\"225\">IP20<\/td>\n<\/tr>\n<tr>\n<td style=\"text-align: center;\" width=\"249\">C\u00e2blage sup\u00e9rieur<br \/>C\u00e2blage inf\u00e9rieur<\/td>\n<td style=\"text-align: center;\" width=\"225\">1-25mm\u00b2\u00a0\u00a0\u00a0\u00a0<\/td>\n<\/tr>\n<\/tbody>\n<\/table>\n\n\n<p><strong>Dimensions<\/strong><\/p>\n\n\n\n<figure class=\"wp-block-image size-large is-resized\"><img fetchpriority=\"high\" decoding=\"async\" src=\"https:\/\/www.tosunlux.eu\/wp-content\/uploads\/2023\/09\/power-distribution-1-1024x571.jpg\" alt=\"\" class=\"wp-image-7967\" width=\"512\" height=\"286\" srcset=\"https:\/\/www.tosunlux.eu\/wp-content\/uploads\/2023\/09\/power-distribution-1-1024x571.jpg 1024w, https:\/\/www.tosunlux.eu\/wp-content\/uploads\/2023\/09\/power-distribution-1-300x167.jpg 300w, https:\/\/www.tosunlux.eu\/wp-content\/uploads\/2023\/09\/power-distribution-1-768x428.jpg 768w, https:\/\/www.tosunlux.eu\/wp-content\/uploads\/2023\/09\/power-distribution-1-1536x856.jpg 1536w, https:\/\/www.tosunlux.eu\/wp-content\/uploads\/2023\/09\/power-distribution-1-18x10.jpg 18w, https:\/\/www.tosunlux.eu\/wp-content\/uploads\/2023\/09\/power-distribution-1.jpg 1600w\" sizes=\"(max-width: 512px) 100vw, 512px\" \/><\/figure>","protected":false},"parent":0,"template":"","product_category":[24,78],"class_list":["post-7965","product","type-product","status-publish","hentry","product_category-power-distribution-system","product_category-rcbo"],"yoast_head":"<!-- This site is optimized with the Yoast SEO plugin v27.5 - https:\/\/yoast.com\/product\/yoast-seo-wordpress\/ -->\n<title>WholesaleTSN3-63L Residual Current Operated CircuitBreaker (RCBO) - TOSUNlux Official Site - Electrical Circuit Breaker Manufacturer in China Low Voltage Electrical Supplier | TOSUNlux<\/title>\n<meta name=\"description\" content=\"TSN3-63L Residual Current Operated CircuitBreaker (RCBO) Supplier - Wholesale direct from TOSUNlux, a trusted manufacturer since 1994. Get your B2B factory quote on our certified Low Voltage electrical products.\" \/>\n<meta name=\"robots\" content=\"index, follow, max-snippet:-1, max-image-preview:large, max-video-preview:-1\" \/>\n<link rel=\"canonical\" href=\"https:\/\/www.tosunlux.eu\/fr\/products\/tsn3-63l-residual-current-operated-circuitbreaker-rcbo-2\/\" \/>\n<meta property=\"og:locale\" content=\"fr_FR\" \/>\n<meta property=\"og:type\" content=\"article\" \/>\n<meta property=\"og:title\" content=\"WholesaleTSN3-63L Residual Current Operated CircuitBreaker (RCBO) - TOSUNlux Official Site - Electrical Circuit Breaker Manufacturer in China Low Voltage Electrical Supplier | TOSUNlux\" \/>\n<meta property=\"og:description\" content=\"TSN3-63L Residual Current Operated CircuitBreaker (RCBO) Supplier - Wholesale direct from TOSUNlux, a trusted manufacturer since 1994. Get your B2B factory quote on our certified Low Voltage electrical products.\" \/>\n<meta property=\"og:url\" content=\"https:\/\/www.tosunlux.eu\/fr\/products\/tsn3-63l-residual-current-operated-circuitbreaker-rcbo-2\/\" \/>\n<meta property=\"og:site_name\" content=\"TOSUNlux Official Site - Electrical Circuit Breaker Manufacturer in China\" \/>\n<meta property=\"article:publisher\" content=\"https:\/\/www.facebook.com\/TOSUNelectric\/\" \/>\n<meta property=\"article:modified_time\" content=\"2023-09-12T02:48:59+00:00\" \/>\n<meta property=\"og:image\" content=\"https:\/\/www.tosunlux.eu\/wp-content\/uploads\/2023\/09\/power-distribution-1-1024x571.jpg\" \/>\n<meta name=\"twitter:card\" content=\"summary_large_image\" \/>\n<meta name=\"twitter:label1\" content=\"Dur\u00e9e de lecture estim\u00e9e\" \/>\n\t<meta name=\"twitter:data1\" content=\"1 minute\" \/>\n<script type=\"application\/ld+json\" class=\"yoast-schema-graph\">{\"@context\":\"https:\\\/\\\/schema.org\",\"@graph\":[{\"@type\":\"WebPage\",\"@id\":\"https:\\\/\\\/www.tosunlux.eu\\\/products\\\/tsn3-63l-residual-current-operated-circuitbreaker-rcbo-2\\\/\",\"url\":\"https:\\\/\\\/www.tosunlux.eu\\\/products\\\/tsn3-63l-residual-current-operated-circuitbreaker-rcbo-2\\\/\",\"name\":\"WholesaleTSN3-63L Residual Current Operated Circuit Breaker (RCBO) - TOSUNlux Official Site - Electrical Circuit Breaker Manufacturer in China Low Voltage Electrical Supplier | TOSUNlux\",\"isPartOf\":{\"@id\":\"https:\\\/\\\/www.tosunlux.eu\\\/ru\\\/#website\"},\"primaryImageOfPage\":{\"@id\":\"https:\\\/\\\/www.tosunlux.eu\\\/products\\\/tsn3-63l-residual-current-operated-circuitbreaker-rcbo-2\\\/#primaryimage\"},\"image\":{\"@id\":\"https:\\\/\\\/www.tosunlux.eu\\\/products\\\/tsn3-63l-residual-current-operated-circuitbreaker-rcbo-2\\\/#primaryimage\"},\"thumbnailUrl\":\"https:\\\/\\\/www.tosunlux.eu\\\/wp-content\\\/uploads\\\/2023\\\/09\\\/power-distribution-1-1024x571.jpg\",\"datePublished\":\"2023-09-12T02:48:58+00:00\",\"dateModified\":\"2023-09-12T02:48:59+00:00\",\"description\":\"TSN3-63L Residual Current Operated Circuit Breaker (RCBO) Supplier - Wholesale direct from TOSUNlux, a trusted manufacturer since 1994. Get your B2B factory quote on our certified Low Voltage electrical products.\",\"breadcrumb\":{\"@id\":\"https:\\\/\\\/www.tosunlux.eu\\\/products\\\/tsn3-63l-residual-current-operated-circuitbreaker-rcbo-2\\\/#breadcrumb\"},\"inLanguage\":\"fr-FR\",\"potentialAction\":[{\"@type\":\"ReadAction\",\"target\":[\"https:\\\/\\\/www.tosunlux.eu\\\/products\\\/tsn3-63l-residual-current-operated-circuitbreaker-rcbo-2\\\/\"]}]},{\"@type\":\"ImageObject\",\"inLanguage\":\"fr-FR\",\"@id\":\"https:\\\/\\\/www.tosunlux.eu\\\/products\\\/tsn3-63l-residual-current-operated-circuitbreaker-rcbo-2\\\/#primaryimage\",\"url\":\"https:\\\/\\\/www.tosunlux.eu\\\/wp-content\\\/uploads\\\/2023\\\/09\\\/power-distribution-1-1024x571.jpg\",\"contentUrl\":\"https:\\\/\\\/www.tosunlux.eu\\\/wp-content\\\/uploads\\\/2023\\\/09\\\/power-distribution-1-1024x571.jpg\"},{\"@type\":\"BreadcrumbList\",\"@id\":\"https:\\\/\\\/www.tosunlux.eu\\\/products\\\/tsn3-63l-residual-current-operated-circuitbreaker-rcbo-2\\\/#breadcrumb\",\"itemListElement\":[{\"@type\":\"ListItem\",\"position\":1,\"name\":\"Home\",\"item\":\"https:\\\/\\\/www.tosunlux.eu\\\/ru\\\/\"},{\"@type\":\"ListItem\",\"position\":2,\"name\":\"Products\",\"item\":\"https:\\\/\\\/www.tosunlux.eu\\\/products\\\/\"},{\"@type\":\"ListItem\",\"position\":3,\"name\":\"TSN3-63L Residual Current Operated CircuitBreaker (RCBO)\"}]},{\"@type\":\"WebSite\",\"@id\":\"https:\\\/\\\/www.tosunlux.eu\\\/ru\\\/#website\",\"url\":\"https:\\\/\\\/www.tosunlux.eu\\\/ru\\\/\",\"name\":\"TOSUNlux Official Site - Electrical Circuit Breaker Manufacturer in China\",\"description\":\"Power Distribution System Supplier\",\"publisher\":{\"@id\":\"https:\\\/\\\/www.tosunlux.eu\\\/ru\\\/#organization\"},\"alternateName\":\"TOSUNlux\",\"potentialAction\":[{\"@type\":\"SearchAction\",\"target\":{\"@type\":\"EntryPoint\",\"urlTemplate\":\"https:\\\/\\\/www.tosunlux.eu\\\/ru\\\/?s={search_term_string}\"},\"query-input\":{\"@type\":\"PropertyValueSpecification\",\"valueRequired\":true,\"valueName\":\"search_term_string\"}}],\"inLanguage\":\"fr-FR\"},{\"@type\":\"Organization\",\"@id\":\"https:\\\/\\\/www.tosunlux.eu\\\/ru\\\/#organization\",\"name\":\"TOSUNlux\",\"url\":\"https:\\\/\\\/www.tosunlux.eu\\\/ru\\\/\",\"logo\":{\"@type\":\"ImageObject\",\"inLanguage\":\"fr-FR\",\"@id\":\"https:\\\/\\\/www.tosunlux.eu\\\/ru\\\/#\\\/schema\\\/logo\\\/image\\\/\",\"url\":\"https:\\\/\\\/www.tosunlux.eu\\\/wp-content\\\/uploads\\\/2022\\\/01\\\/LOGOSYSM.71762f1.png\",\"contentUrl\":\"https:\\\/\\\/www.tosunlux.eu\\\/wp-content\\\/uploads\\\/2022\\\/01\\\/LOGOSYSM.71762f1.png\",\"width\":153,\"height\":55,\"caption\":\"TOSUNlux\"},\"image\":{\"@id\":\"https:\\\/\\\/www.tosunlux.eu\\\/ru\\\/#\\\/schema\\\/logo\\\/image\\\/\"},\"sameAs\":[\"https:\\\/\\\/www.facebook.com\\\/TOSUNelectric\\\/\",\"https:\\\/\\\/www.linkedin.com\\\/company\\\/wenzhou-tosun-electric-co.-ltd\\\/\"]}]}<\/script>\n<!-- \/ Yoast SEO plugin. -->","yoast_head_json":{"title":"WholesaleTSN3-63L Residual Current Operated CircuitBreaker (RCBO) - TOSUNlux Official Site - Electrical Circuit Breaker Manufacturer in China Low Voltage Electrical Supplier | TOSUNlux","description":"TSN3-63L Residual Current Operated CircuitBreaker (RCBO) Supplier - Wholesale direct from TOSUNlux, a trusted manufacturer since 1994. Get your B2B factory quote on our certified Low Voltage electrical products.","robots":{"index":"index","follow":"follow","max-snippet":"max-snippet:-1","max-image-preview":"max-image-preview:large","max-video-preview":"max-video-preview:-1"},"canonical":"https:\/\/www.tosunlux.eu\/fr\/products\/tsn3-63l-residual-current-operated-circuitbreaker-rcbo-2\/","og_locale":"fr_FR","og_type":"article","og_title":"WholesaleTSN3-63L Residual Current Operated CircuitBreaker (RCBO) - TOSUNlux Official Site - Electrical Circuit Breaker Manufacturer in China Low Voltage Electrical Supplier | TOSUNlux","og_description":"TSN3-63L Residual Current Operated CircuitBreaker (RCBO) Supplier - Wholesale direct from TOSUNlux, a trusted manufacturer since 1994. Get your B2B factory quote on our certified Low Voltage electrical products.","og_url":"https:\/\/www.tosunlux.eu\/fr\/products\/tsn3-63l-residual-current-operated-circuitbreaker-rcbo-2\/","og_site_name":"TOSUNlux Official Site - Electrical Circuit Breaker Manufacturer in China","article_publisher":"https:\/\/www.facebook.com\/TOSUNelectric\/","article_modified_time":"2023-09-12T02:48:59+00:00","og_image":[{"url":"https:\/\/www.tosunlux.eu\/wp-content\/uploads\/2023\/09\/power-distribution-1-1024x571.jpg","type":"","width":"","height":""}],"twitter_card":"summary_large_image","twitter_misc":{"Dur\u00e9e de lecture estim\u00e9e":"1 minute"},"schema":{"@context":"https:\/\/schema.org","@graph":[{"@type":"WebPage","@id":"https:\/\/www.tosunlux.eu\/products\/tsn3-63l-residual-current-operated-circuitbreaker-rcbo-2\/","url":"https:\/\/www.tosunlux.eu\/products\/tsn3-63l-residual-current-operated-circuitbreaker-rcbo-2\/","name":"WholesaleTSN3-63L Residual Current Operated Circuit Breaker (RCBO) - TOSUNlux Official Site - Electrical Circuit Breaker Manufacturer in China Low Voltage Electrical Supplier | TOSUNlux","isPartOf":{"@id":"https:\/\/www.tosunlux.eu\/ru\/#website"},"primaryImageOfPage":{"@id":"https:\/\/www.tosunlux.eu\/products\/tsn3-63l-residual-current-operated-circuitbreaker-rcbo-2\/#primaryimage"},"image":{"@id":"https:\/\/www.tosunlux.eu\/products\/tsn3-63l-residual-current-operated-circuitbreaker-rcbo-2\/#primaryimage"},"thumbnailUrl":"https:\/\/www.tosunlux.eu\/wp-content\/uploads\/2023\/09\/power-distribution-1-1024x571.jpg","datePublished":"2023-09-12T02:48:58+00:00","dateModified":"2023-09-12T02:48:59+00:00","description":"TSN3-63L Residual Current Operated Circuit Breaker (RCBO) Supplier - Wholesale direct from TOSUNlux, a trusted manufacturer since 1994. Get your B2B factory quote on our certified Low Voltage electrical products.","breadcrumb":{"@id":"https:\/\/www.tosunlux.eu\/products\/tsn3-63l-residual-current-operated-circuitbreaker-rcbo-2\/#breadcrumb"},"inLanguage":"fr-FR","potentialAction":[{"@type":"ReadAction","target":["https:\/\/www.tosunlux.eu\/products\/tsn3-63l-residual-current-operated-circuitbreaker-rcbo-2\/"]}]},{"@type":"ImageObject","inLanguage":"fr-FR","@id":"https:\/\/www.tosunlux.eu\/products\/tsn3-63l-residual-current-operated-circuitbreaker-rcbo-2\/#primaryimage","url":"https:\/\/www.tosunlux.eu\/wp-content\/uploads\/2023\/09\/power-distribution-1-1024x571.jpg","contentUrl":"https:\/\/www.tosunlux.eu\/wp-content\/uploads\/2023\/09\/power-distribution-1-1024x571.jpg"},{"@type":"BreadcrumbList","@id":"https:\/\/www.tosunlux.eu\/products\/tsn3-63l-residual-current-operated-circuitbreaker-rcbo-2\/#breadcrumb","itemListElement":[{"@type":"ListItem","position":1,"name":"Home","item":"https:\/\/www.tosunlux.eu\/ru\/"},{"@type":"ListItem","position":2,"name":"Products","item":"https:\/\/www.tosunlux.eu\/products\/"},{"@type":"ListItem","position":3,"name":"TSN3-63L Residual Current Operated CircuitBreaker (RCBO)"}]},{"@type":"WebSite","@id":"https:\/\/www.tosunlux.eu\/ru\/#website","url":"https:\/\/www.tosunlux.eu\/ru\/","name":"Site officiel TOSUNlux - Fabricant de disjoncteurs \u00e9lectriques en Chine","description":"Fournisseur de syst\u00e8me de distribution d&#039;\u00e9nergie","publisher":{"@id":"https:\/\/www.tosunlux.eu\/ru\/#organization"},"alternateName":"TOSUNlux","potentialAction":[{"@type":"SearchAction","target":{"@type":"EntryPoint","urlTemplate":"https:\/\/www.tosunlux.eu\/ru\/?s={search_term_string}"},"query-input":{"@type":"PropertyValueSpecification","valueRequired":true,"valueName":"search_term_string"}}],"inLanguage":"fr-FR"},{"@type":"Organization","@id":"https:\/\/www.tosunlux.eu\/ru\/#organization","name":"TOSUNlux","url":"https:\/\/www.tosunlux.eu\/ru\/","logo":{"@type":"ImageObject","inLanguage":"fr-FR","@id":"https:\/\/www.tosunlux.eu\/ru\/#\/schema\/logo\/image\/","url":"https:\/\/www.tosunlux.eu\/wp-content\/uploads\/2022\/01\/LOGOSYSM.71762f1.png","contentUrl":"https:\/\/www.tosunlux.eu\/wp-content\/uploads\/2022\/01\/LOGOSYSM.71762f1.png","width":153,"height":55,"caption":"TOSUNlux"},"image":{"@id":"https:\/\/www.tosunlux.eu\/ru\/#\/schema\/logo\/image\/"},"sameAs":["https:\/\/www.facebook.com\/TOSUNelectric\/","https:\/\/www.linkedin.com\/company\/wenzhou-tosun-electric-co.-ltd\/"]}]}},"_links":{"self":[{"href":"https:\/\/www.tosunlux.eu\/fr\/wp-json\/wp\/v2\/product\/7965","targetHints":{"allow":["GET"]}}],"collection":[{"href":"https:\/\/www.tosunlux.eu\/fr\/wp-json\/wp\/v2\/product"}],"about":[{"href":"https:\/\/www.tosunlux.eu\/fr\/wp-json\/wp\/v2\/types\/product"}],"version-history":[{"count":2,"href":"https:\/\/www.tosunlux.eu\/fr\/wp-json\/wp\/v2\/product\/7965\/revisions"}],"predecessor-version":[{"id":7970,"href":"https:\/\/www.tosunlux.eu\/fr\/wp-json\/wp\/v2\/product\/7965\/revisions\/7970"}],"wp:attachment":[{"href":"https:\/\/www.tosunlux.eu\/fr\/wp-json\/wp\/v2\/media?parent=7965"}],"wp:term":[{"taxonomy":"product_category","embeddable":true,"href":"https:\/\/www.tosunlux.eu\/fr\/wp-json\/wp\/v2\/product_category?post=7965"}],"curies":[{"name":"wp","href":"https:\/\/api.w.org\/{rel}","templated":true}]}}