{"id":941,"date":"2022-04-11T16:15:41","date_gmt":"2022-04-11T08:15:41","guid":{"rendered":"https:\/\/www.tosunlux.eu\/?post_type=product&#038;p=941"},"modified":"2022-05-23T14:59:03","modified_gmt":"2022-05-23T06:59:03","slug":"led-filament-lamp","status":"publish","type":"product","link":"https:\/\/www.tosunlux.eu\/fr\/products\/led-filament-lamp\/","title":{"rendered":"Lampe \u00e0 incandescence LED"},"content":{"rendered":"<table class=\"aligncenter\" style=\"border-collapse: collapse; width: 837.02pt;\" border=\"0\" width=\"1116\" cellspacing=\"0\" cellpadding=\"0\">\n<tbody>\n<tr style=\"height: 35.00pt;\">\n<td class=\"et3\" style=\"height: 35.00pt; width: 64.50pt;\" width=\"86\" height=\"46\">Mod\u00e8le<\/td>\n<td class=\"et3\" style=\"width: 54.00pt;\" width=\"72\">Pouvoir<\/td>\n<td class=\"et4\" style=\"width: 72.75pt;\" width=\"97\">Forme des filaments<\/td>\n<td class=\"et3\" style=\"width: 67.50pt;\" width=\"90\">Base<\/td>\n<td class=\"et3\" style=\"width: 86.25pt;\" width=\"115\">Tension<\/td>\n<td class=\"et3\" style=\"width: 58.50pt;\" width=\"78\">IRC<\/td>\n<td class=\"et3\" style=\"width: 48.00pt;\" width=\"64\">Lumen<\/td>\n<td class=\"et3\" style=\"width: 66.75pt;\" width=\"89\">Faisceau Ange<\/td>\n<td class=\"et3\" style=\"width: 54.00pt;\" width=\"72\">LED<\/td>\n<td class=\"et4\" style=\"width: 78.00pt;\" width=\"104\">Temp\u00e9rature de couleur<\/td>\n<td class=\"et3\" style=\"width: 110.25pt;\" width=\"147\">Verre<\/td>\n<td class=\"et3\" style=\"width: 76.50pt;\" width=\"102\">Taille<\/td>\n<\/tr>\n<tr style=\"height: 22.00pt;\">\n<td class=\"et5\" style=\"height: 22.00pt;\" height=\"29\">C35-2W&nbsp; &nbsp; &nbsp;<\/td>\n<td class=\"et6\" style=\"border-bottom: .5pt solid #000000;\" rowspan=\"2\">2W<\/td>\n<td class=\"et6\" style=\"border-bottom: .5pt solid #000000;\" rowspan=\"2\">Courbe<\/td>\n<td class=\"et6\" style=\"border-bottom: .5pt solid #000000;\" rowspan=\"2\">E14\/BA15<\/td>\n<td class=\"et7\" style=\"width: 86.25pt; border-bottom: .5pt solid #000000;\" rowspan=\"2\" width=\"115\">AC110-130V\/ AC220-240V<\/td>\n<td class=\"et7\" style=\"width: 58.50pt; border-bottom: .5pt solid #000000;\" rowspan=\"7\" width=\"78\">80Ra\/90Ra<\/td>\n<td class=\"et6\" style=\"border-bottom: .5pt solid #000000;\" rowspan=\"7\">100LM<\/td>\n<td class=\"et6\" style=\"border-bottom: .5pt solid #000000;\" rowspan=\"7\">360\u00b0<\/td>\n<td class=\"et6\" style=\"border-bottom: .5pt solid #000000;\" rowspan=\"2\">1<\/td>\n<td class=\"et6\" style=\"border-bottom: .5pt solid #000000;\" rowspan=\"7\">2200K<\/td>\n<td class=\"et5\">Clair\/Ambre\/Gris<\/td>\n<td class=\"et5\">\u00d835x100mm<\/td>\n<\/tr>\n<tr style=\"height: 22.00pt;\">\n<td class=\"et5\" style=\"height: 22.00pt;\" height=\"29\">C35T-2W<\/td>\n<td class=\"et5\">Clair\/ambre<\/td>\n<td class=\"et5\">\u00d835x125mm<\/td>\n<\/tr>\n<tr style=\"height: 22.00pt;\">\n<td class=\"et5\" style=\"height: 22.00pt;\" height=\"29\">ST64-3W<\/td>\n<td class=\"et5\">3W<\/td>\n<td class=\"et5\">Boucle simple<\/td>\n<td class=\"et6\" style=\"border-bottom: .5pt solid #000000;\" rowspan=\"5\">E27\/B22<\/td>\n<td class=\"et7\" style=\"width: 86.25pt; border-bottom: .5pt solid #000000;\" rowspan=\"5\" width=\"115\">AC100-265V\/ AC220-240V<\/td>\n<td class=\"et6\" style=\"border-bottom: .5pt solid #000000;\" rowspan=\"5\">2<\/td>\n<td class=\"et6\" style=\"border-bottom: .5pt solid #000000;\" rowspan=\"5\">Clair\/Ambre\/Gris<\/td>\n<td class=\"et6\" style=\"border-bottom: .5pt solid #000000;\" rowspan=\"3\">\u00d864x146mm<\/td>\n<\/tr>\n<tr style=\"height: 22.00pt;\">\n<td class=\"et5\" style=\"height: 22.00pt;\" height=\"29\">ST64-5W<\/td>\n<td class=\"et5\">5W<\/td>\n<td class=\"et5\">Spirale<\/td>\n<\/tr>\n<tr style=\"height: 22.00pt;\">\n<td class=\"et5\" style=\"height: 22.00pt;\" height=\"29\">ST64-5W<\/td>\n<td class=\"et5\">5W<\/td>\n<td class=\"et5\">Double boucle<\/td>\n<\/tr>\n<tr style=\"height: 22.00pt;\">\n<td class=\"et5\" style=\"height: 22.00pt;\" height=\"29\">T45-5W<\/td>\n<td class=\"et5\">5W<\/td>\n<td class=\"et5\">Spirale<\/td>\n<td class=\"et5\">\u00d845x110mm<\/td>\n<\/tr>\n<tr style=\"height: 22.00pt;\">\n<td class=\"et5\" style=\"height: 22.00pt;\" height=\"29\">T30-5W<\/td>\n<td class=\"et5\">5W<\/td>\n<td class=\"et5\">Spirale<\/td>\n<td class=\"et5\">\u00d830x150mm<\/td>\n<\/tr>\n<\/tbody>\n<\/table>\n\n\n<p><\/p>\n\n\n\n<p><\/p>\n\n\n\n<figure class=\"wp-block-image size-large\"><img fetchpriority=\"high\" decoding=\"async\" width=\"1024\" height=\"143\" src=\"https:\/\/www.tosunlux.eu\/wp-content\/uploads\/2022\/04\/ct-1-1024x143.jpg\" alt=\"\" class=\"wp-image-962\" srcset=\"https:\/\/www.tosunlux.eu\/wp-content\/uploads\/2022\/04\/ct-1-1024x143.jpg 1024w, https:\/\/www.tosunlux.eu\/wp-content\/uploads\/2022\/04\/ct-1-300x42.jpg 300w, https:\/\/www.tosunlux.eu\/wp-content\/uploads\/2022\/04\/ct-1-768x107.jpg 768w, https:\/\/www.tosunlux.eu\/wp-content\/uploads\/2022\/04\/ct-1-1536x215.jpg 1536w, https:\/\/www.tosunlux.eu\/wp-content\/uploads\/2022\/04\/ct-1.jpg 1879w\" sizes=\"(max-width: 1024px) 100vw, 1024px\" \/><\/figure>","protected":false},"parent":0,"template":"","product_category":[38,141],"class_list":["post-941","product","type-product","status-publish","hentry","product_category-lighting","product_category-led-filament-lamp"],"yoast_head":"<!-- This site is optimized with the Yoast SEO plugin v27.5 - https:\/\/yoast.com\/product\/yoast-seo-wordpress\/ -->\n<title>WholesaleLED Filament Lamp - TOSUNlux Official Site - Electrical Circuit Breaker Manufacturer in China Low Voltage Electrical Supplier | TOSUNlux<\/title>\n<meta name=\"description\" content=\"LED Filament Lamp Supplier - Wholesale direct from TOSUNlux, a trusted manufacturer since 1994. Get your B2B factory quote on our certified Low Voltage electrical products.\" \/>\n<meta name=\"robots\" content=\"index, follow, max-snippet:-1, max-image-preview:large, max-video-preview:-1\" \/>\n<link rel=\"canonical\" href=\"https:\/\/www.tosunlux.eu\/fr\/products\/led-filament-lamp\/\" \/>\n<meta property=\"og:locale\" content=\"fr_FR\" \/>\n<meta property=\"og:type\" content=\"article\" \/>\n<meta property=\"og:title\" content=\"WholesaleLED Filament Lamp - TOSUNlux Official Site - Electrical Circuit Breaker Manufacturer in China Low Voltage Electrical Supplier | TOSUNlux\" \/>\n<meta property=\"og:description\" content=\"LED Filament Lamp Supplier - Wholesale direct from TOSUNlux, a trusted manufacturer since 1994. Get your B2B factory quote on our certified Low Voltage electrical products.\" \/>\n<meta property=\"og:url\" content=\"https:\/\/www.tosunlux.eu\/fr\/products\/led-filament-lamp\/\" \/>\n<meta property=\"og:site_name\" content=\"TOSUNlux Official Site - Electrical Circuit Breaker Manufacturer in China\" \/>\n<meta property=\"article:publisher\" content=\"https:\/\/www.facebook.com\/TOSUNelectric\/\" \/>\n<meta property=\"article:modified_time\" content=\"2022-05-23T06:59:03+00:00\" \/>\n<meta property=\"og:image\" content=\"https:\/\/www.tosunlux.eu\/wp-content\/uploads\/2022\/04\/ct-1-1024x143.jpg\" \/>\n<meta name=\"twitter:card\" content=\"summary_large_image\" \/>\n<meta name=\"twitter:label1\" content=\"Dur\u00e9e de lecture estim\u00e9e\" \/>\n\t<meta name=\"twitter:data1\" content=\"1 minute\" \/>\n<script type=\"application\/ld+json\" class=\"yoast-schema-graph\">{\"@context\":\"https:\\\/\\\/schema.org\",\"@graph\":[{\"@type\":\"WebPage\",\"@id\":\"https:\\\/\\\/www.tosunlux.eu\\\/nl\\\/products\\\/led-filament-lamp\\\/\",\"url\":\"https:\\\/\\\/www.tosunlux.eu\\\/nl\\\/products\\\/led-filament-lamp\\\/\",\"name\":\"WholesaleLED Filament Lamp - TOSUNlux Official Site - Electrical Circuit Breaker Manufacturer in China Low Voltage Electrical Supplier | TOSUNlux\",\"isPartOf\":{\"@id\":\"https:\\\/\\\/www.tosunlux.eu\\\/ru\\\/#website\"},\"primaryImageOfPage\":{\"@id\":\"https:\\\/\\\/www.tosunlux.eu\\\/nl\\\/products\\\/led-filament-lamp\\\/#primaryimage\"},\"image\":{\"@id\":\"https:\\\/\\\/www.tosunlux.eu\\\/nl\\\/products\\\/led-filament-lamp\\\/#primaryimage\"},\"thumbnailUrl\":\"https:\\\/\\\/www.tosunlux.eu\\\/wp-content\\\/uploads\\\/2022\\\/04\\\/ct-1-1024x143.jpg\",\"datePublished\":\"2022-04-11T08:15:41+00:00\",\"dateModified\":\"2022-05-23T06:59:03+00:00\",\"description\":\"LED Filament Lamp Supplier - Wholesale direct from TOSUNlux, a trusted manufacturer since 1994. Get your B2B factory quote on our certified Low Voltage electrical products.\",\"breadcrumb\":{\"@id\":\"https:\\\/\\\/www.tosunlux.eu\\\/nl\\\/products\\\/led-filament-lamp\\\/#breadcrumb\"},\"inLanguage\":\"fr-FR\",\"potentialAction\":[{\"@type\":\"ReadAction\",\"target\":[\"https:\\\/\\\/www.tosunlux.eu\\\/nl\\\/products\\\/led-filament-lamp\\\/\"]}]},{\"@type\":\"ImageObject\",\"inLanguage\":\"fr-FR\",\"@id\":\"https:\\\/\\\/www.tosunlux.eu\\\/nl\\\/products\\\/led-filament-lamp\\\/#primaryimage\",\"url\":\"https:\\\/\\\/www.tosunlux.eu\\\/wp-content\\\/uploads\\\/2022\\\/04\\\/ct-1-1024x143.jpg\",\"contentUrl\":\"https:\\\/\\\/www.tosunlux.eu\\\/wp-content\\\/uploads\\\/2022\\\/04\\\/ct-1-1024x143.jpg\"},{\"@type\":\"BreadcrumbList\",\"@id\":\"https:\\\/\\\/www.tosunlux.eu\\\/nl\\\/products\\\/led-filament-lamp\\\/#breadcrumb\",\"itemListElement\":[{\"@type\":\"ListItem\",\"position\":1,\"name\":\"Home\",\"item\":\"https:\\\/\\\/www.tosunlux.eu\\\/ru\\\/\"},{\"@type\":\"ListItem\",\"position\":2,\"name\":\"Products\",\"item\":\"https:\\\/\\\/www.tosunlux.eu\\\/products\\\/\"},{\"@type\":\"ListItem\",\"position\":3,\"name\":\"LED Filament Lamp\"}]},{\"@type\":\"WebSite\",\"@id\":\"https:\\\/\\\/www.tosunlux.eu\\\/ru\\\/#website\",\"url\":\"https:\\\/\\\/www.tosunlux.eu\\\/ru\\\/\",\"name\":\"TOSUNlux Official Site - Electrical Circuit Breaker Manufacturer in China\",\"description\":\"Power Distribution System Supplier\",\"publisher\":{\"@id\":\"https:\\\/\\\/www.tosunlux.eu\\\/ru\\\/#organization\"},\"alternateName\":\"TOSUNlux\",\"potentialAction\":[{\"@type\":\"SearchAction\",\"target\":{\"@type\":\"EntryPoint\",\"urlTemplate\":\"https:\\\/\\\/www.tosunlux.eu\\\/ru\\\/?s={search_term_string}\"},\"query-input\":{\"@type\":\"PropertyValueSpecification\",\"valueRequired\":true,\"valueName\":\"search_term_string\"}}],\"inLanguage\":\"fr-FR\"},{\"@type\":\"Organization\",\"@id\":\"https:\\\/\\\/www.tosunlux.eu\\\/ru\\\/#organization\",\"name\":\"TOSUNlux\",\"url\":\"https:\\\/\\\/www.tosunlux.eu\\\/ru\\\/\",\"logo\":{\"@type\":\"ImageObject\",\"inLanguage\":\"fr-FR\",\"@id\":\"https:\\\/\\\/www.tosunlux.eu\\\/ru\\\/#\\\/schema\\\/logo\\\/image\\\/\",\"url\":\"https:\\\/\\\/www.tosunlux.eu\\\/wp-content\\\/uploads\\\/2022\\\/01\\\/LOGOSYSM.71762f1.png\",\"contentUrl\":\"https:\\\/\\\/www.tosunlux.eu\\\/wp-content\\\/uploads\\\/2022\\\/01\\\/LOGOSYSM.71762f1.png\",\"width\":153,\"height\":55,\"caption\":\"TOSUNlux\"},\"image\":{\"@id\":\"https:\\\/\\\/www.tosunlux.eu\\\/ru\\\/#\\\/schema\\\/logo\\\/image\\\/\"},\"sameAs\":[\"https:\\\/\\\/www.facebook.com\\\/TOSUNelectric\\\/\",\"https:\\\/\\\/www.linkedin.com\\\/company\\\/wenzhou-tosun-electric-co.-ltd\\\/\"]}]}<\/script>\n<!-- \/ Yoast SEO plugin. -->","yoast_head_json":{"title":"Lampes \u00e0 filament LED en gros - Site officiel TOSUNlux - Fabricant de disjoncteurs \u00e9lectriques en Chine. Fournisseur d&#039;\u00e9lectricit\u00e9 basse tension | TOSUNlux","description":"Fournisseur de lampes \u00e0 filament LED - Vente en gros directement de TOSUNlux, un fabricant de confiance depuis 1994. Obtenez votre devis d&#039;usine B2B sur nos produits \u00e9lectriques basse tension certifi\u00e9s.","robots":{"index":"index","follow":"follow","max-snippet":"max-snippet:-1","max-image-preview":"max-image-preview:large","max-video-preview":"max-video-preview:-1"},"canonical":"https:\/\/www.tosunlux.eu\/fr\/products\/led-filament-lamp\/","og_locale":"fr_FR","og_type":"article","og_title":"WholesaleLED Filament Lamp - TOSUNlux Official Site - Electrical Circuit Breaker Manufacturer in China Low Voltage Electrical Supplier | TOSUNlux","og_description":"LED Filament Lamp Supplier - Wholesale direct from TOSUNlux, a trusted manufacturer since 1994. Get your B2B factory quote on our certified Low Voltage electrical products.","og_url":"https:\/\/www.tosunlux.eu\/fr\/products\/led-filament-lamp\/","og_site_name":"TOSUNlux Official Site - Electrical Circuit Breaker Manufacturer in China","article_publisher":"https:\/\/www.facebook.com\/TOSUNelectric\/","article_modified_time":"2022-05-23T06:59:03+00:00","og_image":[{"url":"https:\/\/www.tosunlux.eu\/wp-content\/uploads\/2022\/04\/ct-1-1024x143.jpg","type":"","width":"","height":""}],"twitter_card":"summary_large_image","twitter_misc":{"Dur\u00e9e de lecture estim\u00e9e":"1 minute"},"schema":{"@context":"https:\/\/schema.org","@graph":[{"@type":"WebPage","@id":"https:\/\/www.tosunlux.eu\/nl\/products\/led-filament-lamp\/","url":"https:\/\/www.tosunlux.eu\/nl\/products\/led-filament-lamp\/","name":"Lampes \u00e0 filament LED en gros - Site officiel TOSUNlux - Fabricant de disjoncteurs \u00e9lectriques en Chine. Fournisseur d&#039;\u00e9lectricit\u00e9 basse tension | TOSUNlux","isPartOf":{"@id":"https:\/\/www.tosunlux.eu\/ru\/#website"},"primaryImageOfPage":{"@id":"https:\/\/www.tosunlux.eu\/nl\/products\/led-filament-lamp\/#primaryimage"},"image":{"@id":"https:\/\/www.tosunlux.eu\/nl\/products\/led-filament-lamp\/#primaryimage"},"thumbnailUrl":"https:\/\/www.tosunlux.eu\/wp-content\/uploads\/2022\/04\/ct-1-1024x143.jpg","datePublished":"2022-04-11T08:15:41+00:00","dateModified":"2022-05-23T06:59:03+00:00","description":"Fournisseur de lampes \u00e0 filament LED - Vente en gros directement de TOSUNlux, un fabricant de confiance depuis 1994. Obtenez votre devis d&#039;usine B2B sur nos produits \u00e9lectriques basse tension certifi\u00e9s.","breadcrumb":{"@id":"https:\/\/www.tosunlux.eu\/nl\/products\/led-filament-lamp\/#breadcrumb"},"inLanguage":"fr-FR","potentialAction":[{"@type":"ReadAction","target":["https:\/\/www.tosunlux.eu\/nl\/products\/led-filament-lamp\/"]}]},{"@type":"ImageObject","inLanguage":"fr-FR","@id":"https:\/\/www.tosunlux.eu\/nl\/products\/led-filament-lamp\/#primaryimage","url":"https:\/\/www.tosunlux.eu\/wp-content\/uploads\/2022\/04\/ct-1-1024x143.jpg","contentUrl":"https:\/\/www.tosunlux.eu\/wp-content\/uploads\/2022\/04\/ct-1-1024x143.jpg"},{"@type":"BreadcrumbList","@id":"https:\/\/www.tosunlux.eu\/nl\/products\/led-filament-lamp\/#breadcrumb","itemListElement":[{"@type":"ListItem","position":1,"name":"Home","item":"https:\/\/www.tosunlux.eu\/ru\/"},{"@type":"ListItem","position":2,"name":"Products","item":"https:\/\/www.tosunlux.eu\/products\/"},{"@type":"ListItem","position":3,"name":"LED Filament Lamp"}]},{"@type":"WebSite","@id":"https:\/\/www.tosunlux.eu\/ru\/#website","url":"https:\/\/www.tosunlux.eu\/ru\/","name":"Site officiel TOSUNlux - Fabricant de disjoncteurs \u00e9lectriques en Chine","description":"Fournisseur de syst\u00e8me de distribution d&#039;\u00e9nergie","publisher":{"@id":"https:\/\/www.tosunlux.eu\/ru\/#organization"},"alternateName":"TOSUNlux","potentialAction":[{"@type":"SearchAction","target":{"@type":"EntryPoint","urlTemplate":"https:\/\/www.tosunlux.eu\/ru\/?s={search_term_string}"},"query-input":{"@type":"PropertyValueSpecification","valueRequired":true,"valueName":"search_term_string"}}],"inLanguage":"fr-FR"},{"@type":"Organization","@id":"https:\/\/www.tosunlux.eu\/ru\/#organization","name":"TOSUNlux","url":"https:\/\/www.tosunlux.eu\/ru\/","logo":{"@type":"ImageObject","inLanguage":"fr-FR","@id":"https:\/\/www.tosunlux.eu\/ru\/#\/schema\/logo\/image\/","url":"https:\/\/www.tosunlux.eu\/wp-content\/uploads\/2022\/01\/LOGOSYSM.71762f1.png","contentUrl":"https:\/\/www.tosunlux.eu\/wp-content\/uploads\/2022\/01\/LOGOSYSM.71762f1.png","width":153,"height":55,"caption":"TOSUNlux"},"image":{"@id":"https:\/\/www.tosunlux.eu\/ru\/#\/schema\/logo\/image\/"},"sameAs":["https:\/\/www.facebook.com\/TOSUNelectric\/","https:\/\/www.linkedin.com\/company\/wenzhou-tosun-electric-co.-ltd\/"]}]}},"_links":{"self":[{"href":"https:\/\/www.tosunlux.eu\/fr\/wp-json\/wp\/v2\/product\/941","targetHints":{"allow":["GET"]}}],"collection":[{"href":"https:\/\/www.tosunlux.eu\/fr\/wp-json\/wp\/v2\/product"}],"about":[{"href":"https:\/\/www.tosunlux.eu\/fr\/wp-json\/wp\/v2\/types\/product"}],"version-history":[{"count":2,"href":"https:\/\/www.tosunlux.eu\/fr\/wp-json\/wp\/v2\/product\/941\/revisions"}],"predecessor-version":[{"id":5489,"href":"https:\/\/www.tosunlux.eu\/fr\/wp-json\/wp\/v2\/product\/941\/revisions\/5489"}],"wp:attachment":[{"href":"https:\/\/www.tosunlux.eu\/fr\/wp-json\/wp\/v2\/media?parent=941"}],"wp:term":[{"taxonomy":"product_category","embeddable":true,"href":"https:\/\/www.tosunlux.eu\/fr\/wp-json\/wp\/v2\/product_category?post=941"}],"curies":[{"name":"wp","href":"https:\/\/api.w.org\/{rel}","templated":true}]}}