{"id":979,"date":"2022-04-12T16:04:39","date_gmt":"2022-04-12T08:04:39","guid":{"rendered":"https:\/\/www.tosunlux.eu\/?post_type=product&#038;p=979"},"modified":"2023-03-17T14:45:23","modified_gmt":"2023-03-17T06:45:23","slug":"single-phase-servo-voltage-stabilizer-svc","status":"publish","type":"product","link":"https:\/\/www.tosunlux.eu\/fr\/products\/single-phase-servo-voltage-stabilizer-svc\/","title":{"rendered":"Stabilisateur de tension servo monophas\u00e9 SVC"},"content":{"rendered":"<p>Application<\/p>\n\n\n\n<p>Le stabilisateur de tension servo enti\u00e8rement automatique SVC se compose d&#039;un r\u00e9gulateur de tension de contact, d&#039;un circuit de contr\u00f4le d&#039;\u00e9chantillonnage et d&#039;un servomoteur. Lorsque la tension d&#039;entr\u00e9e ou la charge change, le circuit de contr\u00f4le d&#039;\u00e9chantillonnage \u00e9chantillonne et amplifie la tension, et le servomoteur tourne dans la direction souhait\u00e9e, ce qui fait tourner le bras, en ajustant la tension jusqu&#039;\u00e0 ce que la tension de sortie soit r\u00e9gul\u00e9e dans la tension de sortie nominale.<\/p>\n\n\n\n<p>Le produit est de petite taille, l\u00e9ger, moins de distorsion de forme d&#039;onde de sortie et des performances fiables. Pour garantir sa qualit\u00e9, une technologie de pointe \u00e9trang\u00e8re et des pi\u00e8ces principales sont introduites et import\u00e9es. Il est largement utilis\u00e9 dans les appareils \u00e9lectriques n\u00e9cessitant une alimentation \u00e0 tension constante, ainsi que dans les domaines de la production industrielle, de la recherche scientifique et de l&#039;hygi\u00e8ne m\u00e9dicale.<\/p>\n\n\n\n<p>Le produit lui-m\u00eame consomme peu et peut \u00eatre utilis\u00e9 en continu pendant longtemps.<\/p>\n\n\n\n<p><\/p>\n\n\n\n<p>sp\u00e9cification<\/p>\n\n\n<table style=\"height: 265px;\" width=\"469\">\n<tbody>\n<tr>\n<td width=\"171\">Puissance nominale (VA)<\/td>\n<td width=\"560\">500, 1000, 1500, 2000, 3000, 5000, 8000, 10000, 15000, 20000, 30000<\/td>\n<\/tr>\n<tr>\n<td>Tension d&#039;entr\u00e9e<\/td>\n<td>130V~250V 160V~250V<\/td>\n<\/tr>\n<tr>\n<td>Tension de sortie<\/td>\n<td>220\u00b13% avec 110V\u00b13%<\/td>\n<\/tr>\n<tr>\n<td>Phase<\/td>\n<td>Monophas\u00e9<\/td>\n<\/tr>\n<tr>\n<td>Fr\u00e9quence<\/td>\n<td>50\/60Hz<\/td>\n<\/tr>\n<tr>\n<td>Temps de r\u00e9ponse<\/td>\n<td>en 1 s. contre l&#039;\u00e9cart de tension d&#039;entr\u00e9e 10%<\/td>\n<\/tr>\n<tr>\n<td>Efficacit\u00e9<\/td>\n<td>&gt; 90%<\/td>\n<\/tr>\n<tr>\n<td>Temp\u00e9rature ambiante<\/td>\n<td>-5\u2103~+40\u2103<\/td>\n<\/tr>\n<tr>\n<td>Humidit\u00e9 relative<\/td>\n<td>&lt; 95%<\/td>\n<\/tr>\n<tr>\n<td>Distorsion de la forme d&#039;onde<\/td>\n<td>Non-manque de fid\u00e9lit\u00e9 dans la forme d&#039;onde<\/td>\n<\/tr>\n<\/tbody>\n<\/table>","protected":false},"parent":0,"template":"","product_category":[75,122],"class_list":["post-979","product","type-product","status-publish","hentry","product_category-instruments","product_category-voltage-stabilizer-regulator"],"yoast_head":"<!-- This site is optimized with the Yoast SEO plugin v27.6 - https:\/\/yoast.com\/product\/yoast-seo-wordpress\/ -->\n<title>123123123<\/title>\n<meta name=\"description\" content=\"Single Phase Servo Voltage Stabilizer SVC\" \/>\n<meta name=\"robots\" content=\"index, follow, max-snippet:-1, max-image-preview:large, max-video-preview:-1\" \/>\n<link rel=\"canonical\" href=\"https:\/\/www.tosunlux.eu\/fr\/products\/single-phase-servo-voltage-stabilizer-svc\/\" \/>\n<meta property=\"og:locale\" content=\"fr_FR\" \/>\n<meta property=\"og:type\" content=\"article\" \/>\n<meta property=\"og:title\" content=\"123123123\" \/>\n<meta property=\"og:description\" content=\"Single Phase Servo Voltage Stabilizer SVC\" \/>\n<meta property=\"og:url\" content=\"https:\/\/www.tosunlux.eu\/fr\/products\/single-phase-servo-voltage-stabilizer-svc\/\" \/>\n<meta property=\"og:site_name\" content=\"TOSUNlux Official Site - Electrical Circuit Breaker Manufacturer in China\" \/>\n<meta property=\"article:publisher\" content=\"https:\/\/www.facebook.com\/TOSUNelectric\/\" \/>\n<meta property=\"article:modified_time\" content=\"2023-03-17T06:45:23+00:00\" \/>\n<meta property=\"og:image\" content=\"https:\/\/www.tosunlux.eu\/wp-content\/uploads\/2023\/04\/DSC08160_\u526f\u672c.jpg\" \/>\n\t<meta property=\"og:image:width\" content=\"1500\" \/>\n\t<meta property=\"og:image:height\" content=\"940\" \/>\n\t<meta property=\"og:image:type\" content=\"image\/jpeg\" \/>\n<meta name=\"twitter:card\" content=\"summary_large_image\" \/>\n<meta name=\"twitter:label1\" content=\"Dur\u00e9e de lecture estim\u00e9e\" \/>\n\t<meta name=\"twitter:data1\" content=\"1 minute\" \/>\n<script type=\"application\/ld+json\" class=\"yoast-schema-graph\">{\"@context\":\"https:\\\/\\\/schema.org\",\"@graph\":[{\"@type\":\"WebPage\",\"@id\":\"https:\\\/\\\/www.tosunlux.eu\\\/es\\\/products\\\/single-phase-servo-voltage-stabilizer-svc\\\/\",\"url\":\"https:\\\/\\\/www.tosunlux.eu\\\/es\\\/products\\\/single-phase-servo-voltage-stabilizer-svc\\\/\",\"name\":\"123123123\",\"isPartOf\":{\"@id\":\"https:\\\/\\\/www.tosunlux.eu\\\/ru\\\/#website\"},\"datePublished\":\"2022-04-12T08:04:39+00:00\",\"dateModified\":\"2023-03-17T06:45:23+00:00\",\"description\":\"Single Phase Servo Voltage Stabilizer SVC\",\"breadcrumb\":{\"@id\":\"https:\\\/\\\/www.tosunlux.eu\\\/es\\\/products\\\/single-phase-servo-voltage-stabilizer-svc\\\/#breadcrumb\"},\"inLanguage\":\"fr-FR\",\"potentialAction\":[{\"@type\":\"ReadAction\",\"target\":[\"https:\\\/\\\/www.tosunlux.eu\\\/es\\\/products\\\/single-phase-servo-voltage-stabilizer-svc\\\/\"]}]},{\"@type\":\"BreadcrumbList\",\"@id\":\"https:\\\/\\\/www.tosunlux.eu\\\/es\\\/products\\\/single-phase-servo-voltage-stabilizer-svc\\\/#breadcrumb\",\"itemListElement\":[{\"@type\":\"ListItem\",\"position\":1,\"name\":\"Home\",\"item\":\"https:\\\/\\\/www.tosunlux.eu\\\/ru\\\/\"},{\"@type\":\"ListItem\",\"position\":2,\"name\":\"Products\",\"item\":\"https:\\\/\\\/www.tosunlux.eu\\\/products\\\/\"},{\"@type\":\"ListItem\",\"position\":3,\"name\":\"Single Phase Servo Voltage Stabilizer SVC\"}]},{\"@type\":\"WebSite\",\"@id\":\"https:\\\/\\\/www.tosunlux.eu\\\/ru\\\/#website\",\"url\":\"https:\\\/\\\/www.tosunlux.eu\\\/ru\\\/\",\"name\":\"TOSUNlux Official Site - Electrical Circuit Breaker Manufacturer in China\",\"description\":\"Power Distribution System Supplier\",\"publisher\":{\"@id\":\"https:\\\/\\\/www.tosunlux.eu\\\/ru\\\/#organization\"},\"alternateName\":\"TOSUNlux\",\"potentialAction\":[{\"@type\":\"SearchAction\",\"target\":{\"@type\":\"EntryPoint\",\"urlTemplate\":\"https:\\\/\\\/www.tosunlux.eu\\\/ru\\\/?s={search_term_string}\"},\"query-input\":{\"@type\":\"PropertyValueSpecification\",\"valueRequired\":true,\"valueName\":\"search_term_string\"}}],\"inLanguage\":\"fr-FR\"},{\"@type\":\"Organization\",\"@id\":\"https:\\\/\\\/www.tosunlux.eu\\\/ru\\\/#organization\",\"name\":\"TOSUNlux\",\"url\":\"https:\\\/\\\/www.tosunlux.eu\\\/ru\\\/\",\"logo\":{\"@type\":\"ImageObject\",\"inLanguage\":\"fr-FR\",\"@id\":\"https:\\\/\\\/www.tosunlux.eu\\\/ru\\\/#\\\/schema\\\/logo\\\/image\\\/\",\"url\":\"https:\\\/\\\/www.tosunlux.eu\\\/wp-content\\\/uploads\\\/2022\\\/01\\\/LOGOSYSM.71762f1.png\",\"contentUrl\":\"https:\\\/\\\/www.tosunlux.eu\\\/wp-content\\\/uploads\\\/2022\\\/01\\\/LOGOSYSM.71762f1.png\",\"width\":153,\"height\":55,\"caption\":\"TOSUNlux\"},\"image\":{\"@id\":\"https:\\\/\\\/www.tosunlux.eu\\\/ru\\\/#\\\/schema\\\/logo\\\/image\\\/\"},\"sameAs\":[\"https:\\\/\\\/www.facebook.com\\\/TOSUNelectric\\\/\",\"https:\\\/\\\/www.linkedin.com\\\/company\\\/wenzhou-tosun-electric-co.-ltd\\\/\"]}]}<\/script>\n<!-- \/ Yoast SEO plugin. -->","yoast_head_json":{"title":"123123123","description":"Stabilisateur de tension servo monophas\u00e9 SVC","robots":{"index":"index","follow":"follow","max-snippet":"max-snippet:-1","max-image-preview":"max-image-preview:large","max-video-preview":"max-video-preview:-1"},"canonical":"https:\/\/www.tosunlux.eu\/fr\/products\/single-phase-servo-voltage-stabilizer-svc\/","og_locale":"fr_FR","og_type":"article","og_title":"123123123","og_description":"Single Phase Servo Voltage Stabilizer SVC","og_url":"https:\/\/www.tosunlux.eu\/fr\/products\/single-phase-servo-voltage-stabilizer-svc\/","og_site_name":"TOSUNlux Official Site - Electrical Circuit Breaker Manufacturer in China","article_publisher":"https:\/\/www.facebook.com\/TOSUNelectric\/","article_modified_time":"2023-03-17T06:45:23+00:00","og_image":[{"width":1500,"height":940,"url":"https:\/\/www.tosunlux.eu\/wp-content\/uploads\/2023\/04\/DSC08160_\u526f\u672c.jpg","type":"image\/jpeg"}],"twitter_card":"summary_large_image","twitter_misc":{"Dur\u00e9e de lecture estim\u00e9e":"1 minute"},"schema":{"@context":"https:\/\/schema.org","@graph":[{"@type":"WebPage","@id":"https:\/\/www.tosunlux.eu\/es\/products\/single-phase-servo-voltage-stabilizer-svc\/","url":"https:\/\/www.tosunlux.eu\/es\/products\/single-phase-servo-voltage-stabilizer-svc\/","name":"123123123","isPartOf":{"@id":"https:\/\/www.tosunlux.eu\/ru\/#website"},"datePublished":"2022-04-12T08:04:39+00:00","dateModified":"2023-03-17T06:45:23+00:00","description":"Stabilisateur de tension servo monophas\u00e9 SVC","breadcrumb":{"@id":"https:\/\/www.tosunlux.eu\/es\/products\/single-phase-servo-voltage-stabilizer-svc\/#breadcrumb"},"inLanguage":"fr-FR","potentialAction":[{"@type":"ReadAction","target":["https:\/\/www.tosunlux.eu\/es\/products\/single-phase-servo-voltage-stabilizer-svc\/"]}]},{"@type":"BreadcrumbList","@id":"https:\/\/www.tosunlux.eu\/es\/products\/single-phase-servo-voltage-stabilizer-svc\/#breadcrumb","itemListElement":[{"@type":"ListItem","position":1,"name":"Home","item":"https:\/\/www.tosunlux.eu\/ru\/"},{"@type":"ListItem","position":2,"name":"Products","item":"https:\/\/www.tosunlux.eu\/products\/"},{"@type":"ListItem","position":3,"name":"Single Phase Servo Voltage Stabilizer SVC"}]},{"@type":"WebSite","@id":"https:\/\/www.tosunlux.eu\/ru\/#website","url":"https:\/\/www.tosunlux.eu\/ru\/","name":"Site officiel TOSUNlux - Fabricant de disjoncteurs \u00e9lectriques en Chine","description":"Fournisseur de syst\u00e8me de distribution d&#039;\u00e9nergie","publisher":{"@id":"https:\/\/www.tosunlux.eu\/ru\/#organization"},"alternateName":"TOSUNlux","potentialAction":[{"@type":"SearchAction","target":{"@type":"EntryPoint","urlTemplate":"https:\/\/www.tosunlux.eu\/ru\/?s={search_term_string}"},"query-input":{"@type":"PropertyValueSpecification","valueRequired":true,"valueName":"search_term_string"}}],"inLanguage":"fr-FR"},{"@type":"Organization","@id":"https:\/\/www.tosunlux.eu\/ru\/#organization","name":"TOSUNlux","url":"https:\/\/www.tosunlux.eu\/ru\/","logo":{"@type":"ImageObject","inLanguage":"fr-FR","@id":"https:\/\/www.tosunlux.eu\/ru\/#\/schema\/logo\/image\/","url":"https:\/\/www.tosunlux.eu\/wp-content\/uploads\/2022\/01\/LOGOSYSM.71762f1.png","contentUrl":"https:\/\/www.tosunlux.eu\/wp-content\/uploads\/2022\/01\/LOGOSYSM.71762f1.png","width":153,"height":55,"caption":"TOSUNlux"},"image":{"@id":"https:\/\/www.tosunlux.eu\/ru\/#\/schema\/logo\/image\/"},"sameAs":["https:\/\/www.facebook.com\/TOSUNelectric\/","https:\/\/www.linkedin.com\/company\/wenzhou-tosun-electric-co.-ltd\/"]}]}},"_links":{"self":[{"href":"https:\/\/www.tosunlux.eu\/fr\/wp-json\/wp\/v2\/product\/979","targetHints":{"allow":["GET"]}}],"collection":[{"href":"https:\/\/www.tosunlux.eu\/fr\/wp-json\/wp\/v2\/product"}],"about":[{"href":"https:\/\/www.tosunlux.eu\/fr\/wp-json\/wp\/v2\/types\/product"}],"version-history":[{"count":0,"href":"https:\/\/www.tosunlux.eu\/fr\/wp-json\/wp\/v2\/product\/979\/revisions"}],"wp:attachment":[{"href":"https:\/\/www.tosunlux.eu\/fr\/wp-json\/wp\/v2\/media?parent=979"}],"wp:term":[{"taxonomy":"product_category","embeddable":true,"href":"https:\/\/www.tosunlux.eu\/fr\/wp-json\/wp\/v2\/product_category?post=979"}],"curies":[{"name":"wp","href":"https:\/\/api.w.org\/{rel}","templated":true}]}}