{"id":5042,"date":"2022-09-12T15:19:28","date_gmt":"2022-09-12T07:19:28","guid":{"rendered":"https:\/\/www.tosunlux.eu\/?post_type=product&#038;p=5042"},"modified":"2022-09-12T15:26:52","modified_gmt":"2022-09-12T07:26:52","slug":"modular-energy-meter-2","status":"publish","type":"product","link":"https:\/\/www.tosunlux.eu\/hi\/products\/modular-energy-meter-2\/","title":{"rendered":"DM100SC\/DM100TC \u092e\u0949\u0921\u094d\u092f\u0942\u0932\u0930 \u090a\u0930\u094d\u091c\u093e \u092e\u0940\u091f\u0930"},"content":{"rendered":"<p><strong>\u0906\u0935\u0947\u0926\u0928<\/strong><\/p>\n\n\n\n<p>DM100SC DM100TC \u092e\u0949\u0921\u094d\u092f\u0942\u0932\u0930 \u090a\u0930\u094d\u091c\u093e \u092e\u0940\u091f\u0930 \u0915\u094b \u0935\u093f\u0936\u094d\u0935\u0938\u0928\u0940\u092f \u0914\u0930 \u0938\u091f\u0940\u0915 \u092e\u093e\u092a \u0938\u0941\u0928\u093f\u0936\u094d\u091a\u093f\u0924 \u0915\u0930\u0928\u0947 \u0915\u0947 \u0932\u093f\u090f \u092e\u093e\u0907\u0915\u094d\u0930\u094b\u0907\u0932\u0947\u0915\u094d\u091f\u094d\u0930\u0949\u0928\u093f\u0915\u094d\u0938 \u0914\u0930 \u0921\u093f\u091c\u093f\u091f\u0932 \u092a\u094d\u0930\u0938\u0902\u0938\u094d\u0915\u0930\u0923 \u0915\u0947 \u0938\u093e\u0925 \u0921\u093f\u091c\u093c\u093e\u0907\u0928 \u0915\u093f\u092f\u093e \u0917\u092f\u093e \u0939\u0948\u0964 \u0909\u0924\u094d\u092a\u093e\u0926 \u0905\u091a\u094d\u091b\u0940 \u0935\u093f\u0926\u094d\u092f\u0941\u0924 \u091a\u0941\u092e\u094d\u092c\u0915\u0940\u092f \u0939\u0938\u094d\u0924\u0915\u094d\u0937\u0947\u092a \u092a\u094d\u0930\u0924\u093f\u0930\u094b\u0927 \u0914\u0930 \u0938\u094d\u0925\u093f\u0930 \u092a\u094d\u0930\u0926\u0930\u094d\u0936\u0928 \u092c\u0928\u093e\u0928\u0947 \u0915\u0947 \u0932\u093f\u090f \u0938\u091f\u0940\u0915\u0924\u093e \u090f\u0938\u090f\u092e\u091f\u0940 \u0924\u0915\u0928\u0940\u0915 \u0915\u094b \u0905\u092a\u0928\u093e\u0924\u093e \u0939\u0948\u0964 \u0909\u0924\u094d\u092a\u093e\u0926 \u0935\u093f\u0926\u094d\u092f\u0941\u0924 \u090a\u0930\u094d\u091c\u093e \u092e\u093e\u092a \u092e\u0947\u0902 \u0938\u0915\u093e\u0930\u093e\u0924\u094d\u092e\u0915 \u0938\u0915\u094d\u0930\u093f\u092f \u090a\u0930\u094d\u091c\u093e \u0915\u094b \u092e\u093e\u092a\u0924\u093e \u0939\u0948 \u0914\u0930 \u090f\u0932\u0938\u0940\u0921\u0940 \u092c\u0948\u0915\u0932\u093e\u0907\u091f \u0938\u094d\u0915\u094d\u0930\u0940\u0928 \u0926\u094d\u0935\u093e\u0930\u093e \u0938\u094d\u092a\u0937\u094d\u091f \u0930\u0942\u092a \u0938\u0947 \u092a\u094d\u0930\u0926\u0930\u094d\u0936\u093f\u0924 \u0939\u094b\u0924\u093e \u0939\u0948\u0964 \u0909\u0924\u094d\u092a\u093e\u0926 IEC62053-21 \u0915\u093e \u0905\u0928\u0941\u092a\u093e\u0932\u0928 \u0915\u0930\u0924\u093e \u0939\u0948\u0964<\/p>\n\n\n\n<p><strong>\u0935\u093f\u0928\u093f\u0930\u094d\u0926\u0947\u0936<\/strong><\/p>\n\n\n<table width=\"973\">\n<tbody>\n<tr>\n<td style=\"text-align: center;\" colspan=\"2\" width=\"413\">\u0928\u092e\u0942\u0928\u093e<\/td>\n<td style=\"text-align: center;\" width=\"258\">\u00a0\u0921\u0940\u090f\u092e100\u090f\u0938\u0938\u0940\u00a0<\/td>\n<td style=\"text-align: center;\" width=\"301\">\u0921\u0940\u090f\u092e100\u091f\u0940\u0938\u0940<\/td>\n<\/tr>\n<tr>\n<td rowspan=\"3\" width=\"171\">\u0935\u094b\u0932\u094d\u091f\u0947\u091c<\/td>\n<td width=\"242\">\u0930\u0947\u091f\u0947\u0921<\/td>\n<td width=\"258\">110\/120\/220\/230\/240V 50\/60\u0939\u0930\u094d\u091f\u094d\u091c<\/td>\n<td width=\"301\">3\u00d757.7\/100V, 3\u00d7220\/380V 3x230V\/400V, 3\u00d7240\/415V<\/td>\n<\/tr>\n<tr>\n<td width=\"242\">\u0936\u094d\u0930\u0947\u0923\u0940<\/td>\n<td colspan=\"2\" width=\"559\">0.9\u0905\u0928~1.1\u0905\u0928<\/td>\n<\/tr>\n<tr>\n<td width=\"242\">\u0906\u092a LIMIT<\/td>\n<td colspan=\"2\" width=\"559\">0.8\u0905\u0928~1.2\u0905\u0928<\/td>\n<\/tr>\n<tr>\n<td width=\"171\">\u092e\u094c\u091c\u0942\u0926\u093e<\/td>\n<td width=\"242\">\u0936\u094d\u0930\u0947\u0923\u0940<\/td>\n<td width=\"258\">1.5(6), 5(30),10(50), 15(90),20(100),5(40), 5(100)\u090f<\/td>\n<td width=\"301\">3\u00d71.5(6), 3\u00d75(30), 3\u00d710(50), 3\u00d715(90), 3\u00d720(100), 3\u00d75(40), 3\u00d75(100)\u090f<\/td>\n<\/tr>\n<tr>\n<td width=\"171\">\u0938\u0915\u094d\u0930\u093f\u092f \u0938\u094d\u0925\u093f\u0930\u093e\u0902\u0915<\/td>\n<td width=\"242\">\u0938\u0915\u094d\u0930\u093f\u092f<\/td>\n<td width=\"258\">800 \u0907\u0902\u092a\/\u0915\u093f\u0932\u094b\u0935\u093e\u091f \u0918\u0902\u091f\u093e 1600 \u0907\u0902\u092a\/\u0915\u093f\u0932\u094b\u0935\u093e\u091f \u0918\u0902\u091f\u093e<\/td>\n<td width=\"301\">400 \u0907\u0902\u092a\/\u0915\u093f\u0932\u094b\u0935\u093e\u091f \u0918\u0902\u091f\u093e, 800 \u0907\u0902\u092a\/\u0915\u093f\u0932\u094b\u0935\u093e\u091f \u0918\u0902\u091f\u093e, 1600 \u0907\u0902\u092a\/\u0915\u093f\u0932\u094b\u0935\u093e\u091f \u0918\u0902\u091f\u093e<\/td>\n<\/tr>\n<tr>\n<td width=\"171\">\u092a\u094d\u0930\u0926\u0930\u094d\u0936\u0928<\/td>\n<td width=\"242\">\u092a\u094d\u0930\u0915\u093e\u0930<\/td>\n<td colspan=\"2\" width=\"559\">\u0930\u091c\u093f\u0938\u094d\u091f\u0930 6+1\/LCD6+1<\/td>\n<\/tr>\n<tr>\n<td rowspan=\"2\" width=\"171\">\u092c\u093f\u091c\u0932\u0940 \u0915\u0940 \u0916\u092a\u0924<\/td>\n<td width=\"242\">\u0935\u094b\u0932\u094d\u091f\u0947\u091c \u0938\u0930\u094d\u0915\u093f\u091f<\/td>\n<td colspan=\"2\" width=\"559\">\u22640.8\u0921\u092c\u094d\u0932\u094d\u092f\u0942.10\u0935\u0940\u090f<\/td>\n<\/tr>\n<tr>\n<td width=\"242\">\u0935\u0930\u094d\u0924\u092e\u093e\u0928 \u0938\u0930\u094d\u0915\u093f\u091f<\/td>\n<td colspan=\"2\" width=\"559\">\u22644\u0935\u0940\u090f<\/td>\n<\/tr>\n<tr>\n<td rowspan=\"2\" width=\"171\">\u0938\u0902\u091a\u093e\u0930 &quot;<\/td>\n<td width=\"242\">\u0907\u0902\u091f\u0930\u092b\u093c\u0947\u0938<\/td>\n<td colspan=\"2\" width=\"559\">\u0911\u092a\u094d\u091f\u093f\u0915\u0932 \/ \u0907\u0928\u094d\u092b\u094d\u0930\u093e\u0930\u0947\u0921 \/ RS8485 (\u0935\u0948\u0915\u0932\u094d\u092a\u093f\u0915)<\/td>\n<\/tr>\n<tr>\n<td width=\"242\">\u0936\u093f\u0937\u094d\u091f\u093e\u091a\u093e\u0930<\/td>\n<td colspan=\"2\" width=\"559\">MODBUS, DLT\/645, IEC1107<\/td>\n<\/tr>\n<tr>\n<td rowspan=\"2\" width=\"171\">\u0924\u093e\u092a\u092e\u093e\u0928<\/td>\n<td width=\"242\">\u0915\u093e\u0930\u094d\u092f \u0924\u093e\u092a\u092e\u093e\u0928<\/td>\n<td colspan=\"2\" width=\"559\">-45\u00b0 \u0938\u0947\u0932\u094d\u0938\u093f\u092f\u0938~+55\u00b0 \u0938\u0947\u0932\u094d\u0938\u093f\u092f\u0938<\/td>\n<\/tr>\n<tr>\n<td width=\"242\">\u092d\u0902\u0921\u093e\u0930\u0923 \u0924\u093e\u092a\u092e\u093e\u0928<\/td>\n<td colspan=\"2\" width=\"559\">-40\u00b0 \u0938\u0947\u0932\u094d\u0938\u093f\u092f\u0938~+70\u00b0 \u0938\u0947\u0932\u094d\u0938\u093f\u092f\u0938<\/td>\n<\/tr>\n<\/tbody>\n<\/table>\n\n\n<p><strong>DIMENSIONS<\/strong><\/p>\n\n\n\n<figure class=\"wp-block-image size-large\"><img fetchpriority=\"high\" decoding=\"async\" width=\"1024\" height=\"874\" src=\"https:\/\/www.tosunlux.eu\/wp-content\/uploads\/2022\/09\/\u5c3a\u5bf8-2-1024x874.jpg\" alt=\"\" class=\"wp-image-5043\" srcset=\"https:\/\/www.tosunlux.eu\/wp-content\/uploads\/2022\/09\/\u5c3a\u5bf8-2-1024x874.jpg 1024w, https:\/\/www.tosunlux.eu\/wp-content\/uploads\/2022\/09\/\u5c3a\u5bf8-2-300x256.jpg 300w, https:\/\/www.tosunlux.eu\/wp-content\/uploads\/2022\/09\/\u5c3a\u5bf8-2-768x656.jpg 768w, https:\/\/www.tosunlux.eu\/wp-content\/uploads\/2022\/09\/\u5c3a\u5bf8-2.jpg 1026w\" sizes=\"(max-width: 1024px) 100vw, 1024px\" \/><\/figure>","protected":false},"parent":0,"template":"","product_category":[75,125],"class_list":["post-5042","product","type-product","status-publish","hentry","product_category-instruments","product_category-energy-meter"],"yoast_head":"<!-- This site is optimized with the Yoast SEO plugin v27.5 - https:\/\/yoast.com\/product\/yoast-seo-wordpress\/ -->\n<title>WholesaleDM100SC\/DM100TC Modular Energy Meter - TOSUNlux Official Site - Electrical Circuit Breaker Manufacturer in China Low Voltage Electrical Supplier | TOSUNlux<\/title>\n<meta name=\"description\" content=\"DM100SC\/DM100TC Modular Energy Meter Supplier - Wholesale direct from TOSUNlux, a trusted manufacturer since 1994. Get your B2B factory quote on our certified Low Voltage electrical products.\" \/>\n<meta name=\"robots\" content=\"index, follow, max-snippet:-1, max-image-preview:large, max-video-preview:-1\" \/>\n<link rel=\"canonical\" href=\"https:\/\/www.tosunlux.eu\/hi\/products\/modular-energy-meter-2\/\" \/>\n<meta property=\"og:locale\" content=\"hi_IN\" \/>\n<meta property=\"og:type\" content=\"article\" \/>\n<meta property=\"og:title\" content=\"WholesaleDM100SC\/DM100TC Modular Energy Meter - TOSUNlux Official Site - Electrical Circuit Breaker Manufacturer in China Low Voltage Electrical Supplier | TOSUNlux\" \/>\n<meta property=\"og:description\" content=\"DM100SC\/DM100TC Modular Energy Meter Supplier - Wholesale direct from TOSUNlux, a trusted manufacturer since 1994. Get your B2B factory quote on our certified Low Voltage electrical products.\" \/>\n<meta property=\"og:url\" content=\"https:\/\/www.tosunlux.eu\/hi\/products\/modular-energy-meter-2\/\" \/>\n<meta property=\"og:site_name\" content=\"TOSUNlux Official Site - Electrical Circuit Breaker Manufacturer in China\" \/>\n<meta property=\"article:publisher\" content=\"https:\/\/www.facebook.com\/TOSUNelectric\/\" \/>\n<meta property=\"article:modified_time\" content=\"2022-09-12T07:26:52+00:00\" \/>\n<meta property=\"og:image\" content=\"https:\/\/www.tosunlux.eu\/wp-content\/uploads\/2023\/04\/DSC08160_\u526f\u672c.jpg\" \/>\n\t<meta property=\"og:image:width\" content=\"1500\" \/>\n\t<meta property=\"og:image:height\" content=\"940\" \/>\n\t<meta property=\"og:image:type\" content=\"image\/jpeg\" \/>\n<meta name=\"twitter:card\" content=\"summary_large_image\" \/>\n<meta name=\"twitter:label1\" content=\"\u0905\u0928\u0941\u092e\u093e\u0928\u093f\u0924 \u092a\u0922\u093c\u0928\u0947 \u0915\u093e \u0938\u092e\u092f\" \/>\n\t<meta name=\"twitter:data1\" content=\"1 \u092e\u093f\u0928\u091f\" \/>\n<script type=\"application\/ld+json\" class=\"yoast-schema-graph\">{\"@context\":\"https:\\\/\\\/schema.org\",\"@graph\":[{\"@type\":\"WebPage\",\"@id\":\"https:\\\/\\\/www.tosunlux.eu\\\/ar\\\/products\\\/modular-energy-meter-2\\\/\",\"url\":\"https:\\\/\\\/www.tosunlux.eu\\\/ar\\\/products\\\/modular-energy-meter-2\\\/\",\"name\":\"WholesaleDM100SC\\\/DM100TC Modular Energy Meter - TOSUNlux Official Site - Electrical Circuit Breaker Manufacturer in China Low Voltage Electrical Supplier | TOSUNlux\",\"isPartOf\":{\"@id\":\"https:\\\/\\\/www.tosunlux.eu\\\/ru\\\/#website\"},\"datePublished\":\"2022-09-12T07:19:28+00:00\",\"dateModified\":\"2022-09-12T07:26:52+00:00\",\"description\":\"DM100SC\\\/DM100TC Modular Energy Meter Supplier - Wholesale direct from TOSUNlux, a trusted manufacturer since 1994. Get your B2B factory quote on our certified Low Voltage electrical products.\",\"breadcrumb\":{\"@id\":\"https:\\\/\\\/www.tosunlux.eu\\\/ar\\\/products\\\/modular-energy-meter-2\\\/#breadcrumb\"},\"inLanguage\":\"hi-IN\",\"potentialAction\":[{\"@type\":\"ReadAction\",\"target\":[\"https:\\\/\\\/www.tosunlux.eu\\\/ar\\\/products\\\/modular-energy-meter-2\\\/\"]}]},{\"@type\":\"BreadcrumbList\",\"@id\":\"https:\\\/\\\/www.tosunlux.eu\\\/ar\\\/products\\\/modular-energy-meter-2\\\/#breadcrumb\",\"itemListElement\":[{\"@type\":\"ListItem\",\"position\":1,\"name\":\"Home\",\"item\":\"https:\\\/\\\/www.tosunlux.eu\\\/ru\\\/\"},{\"@type\":\"ListItem\",\"position\":2,\"name\":\"Products\",\"item\":\"https:\\\/\\\/www.tosunlux.eu\\\/products\\\/\"},{\"@type\":\"ListItem\",\"position\":3,\"name\":\"DM100SC\\\/DM100TC Modular Energy Meter\"}]},{\"@type\":\"WebSite\",\"@id\":\"https:\\\/\\\/www.tosunlux.eu\\\/ru\\\/#website\",\"url\":\"https:\\\/\\\/www.tosunlux.eu\\\/ru\\\/\",\"name\":\"TOSUNlux Official Site - Electrical Circuit Breaker Manufacturer in China\",\"description\":\"Power Distribution System Supplier\",\"publisher\":{\"@id\":\"https:\\\/\\\/www.tosunlux.eu\\\/ru\\\/#organization\"},\"alternateName\":\"TOSUNlux\",\"potentialAction\":[{\"@type\":\"SearchAction\",\"target\":{\"@type\":\"EntryPoint\",\"urlTemplate\":\"https:\\\/\\\/www.tosunlux.eu\\\/ru\\\/?s={search_term_string}\"},\"query-input\":{\"@type\":\"PropertyValueSpecification\",\"valueRequired\":true,\"valueName\":\"search_term_string\"}}],\"inLanguage\":\"hi-IN\"},{\"@type\":\"Organization\",\"@id\":\"https:\\\/\\\/www.tosunlux.eu\\\/ru\\\/#organization\",\"name\":\"TOSUNlux\",\"url\":\"https:\\\/\\\/www.tosunlux.eu\\\/ru\\\/\",\"logo\":{\"@type\":\"ImageObject\",\"inLanguage\":\"hi-IN\",\"@id\":\"https:\\\/\\\/www.tosunlux.eu\\\/ru\\\/#\\\/schema\\\/logo\\\/image\\\/\",\"url\":\"https:\\\/\\\/www.tosunlux.eu\\\/wp-content\\\/uploads\\\/2022\\\/01\\\/LOGOSYSM.71762f1.png\",\"contentUrl\":\"https:\\\/\\\/www.tosunlux.eu\\\/wp-content\\\/uploads\\\/2022\\\/01\\\/LOGOSYSM.71762f1.png\",\"width\":153,\"height\":55,\"caption\":\"TOSUNlux\"},\"image\":{\"@id\":\"https:\\\/\\\/www.tosunlux.eu\\\/ru\\\/#\\\/schema\\\/logo\\\/image\\\/\"},\"sameAs\":[\"https:\\\/\\\/www.facebook.com\\\/TOSUNelectric\\\/\",\"https:\\\/\\\/www.linkedin.com\\\/company\\\/wenzhou-tosun-electric-co.-ltd\\\/\"]}]}<\/script>\n<!-- \/ Yoast SEO plugin. -->","yoast_head_json":{"title":"\u0925\u094b\u0915 DM100SC\/DM100TC \u092e\u0949\u0921\u094d\u092f\u0942\u0932\u0930 \u090a\u0930\u094d\u091c\u093e \u092e\u0940\u091f\u0930 - TOSUNlux \u0906\u0927\u093f\u0915\u093e\u0930\u093f\u0915 \u0938\u093e\u0907\u091f - \u091a\u0940\u0928 \u092e\u0947\u0902 \u0935\u093f\u0926\u094d\u092f\u0941\u0924 \u0938\u0930\u094d\u0915\u093f\u091f \u092c\u094d\u0930\u0947\u0915\u0930 \u0928\u093f\u0930\u094d\u092e\u093e\u0924\u093e \u0915\u092e \u0935\u094b\u0932\u094d\u091f\u0947\u091c \u0935\u093f\u0926\u094d\u092f\u0941\u0924 \u0906\u092a\u0942\u0930\u094d\u0924\u093f\u0915\u0930\u094d\u0924\u093e | TOSUNlux","description":"DM100SC\/DM100TC \u092e\u0949\u0921\u094d\u092f\u0942\u0932\u0930 \u090a\u0930\u094d\u091c\u093e \u092e\u0940\u091f\u0930 \u0906\u092a\u0942\u0930\u094d\u0924\u093f\u0915\u0930\u094d\u0924\u093e - TOSUNlux \u0938\u0947 \u0938\u0940\u0927\u0947 \u0925\u094b\u0915 \u092c\u093f\u0915\u094d\u0930\u0940, \u091c\u094b 1994 \u0938\u0947 \u090f\u0915 \u0935\u093f\u0936\u094d\u0935\u0938\u0928\u0940\u092f \u0928\u093f\u0930\u094d\u092e\u093e\u0924\u093e \u0939\u0948\u0964 \u0939\u092e\u093e\u0930\u0947 \u092a\u094d\u0930\u092e\u093e\u0923\u093f\u0924 \u0915\u092e \u0935\u094b\u0932\u094d\u091f\u0947\u091c \u0935\u093f\u0926\u094d\u092f\u0941\u0924 \u0909\u0924\u094d\u092a\u093e\u0926\u094b\u0902 \u092a\u0930 \u0905\u092a\u0928\u093e B2B \u0915\u093e\u0930\u0916\u093e\u0928\u093e \u0909\u0926\u094d\u0927\u0930\u0923 \u092a\u094d\u0930\u093e\u092a\u094d\u0924 \u0915\u0930\u0947\u0902\u0964","robots":{"index":"index","follow":"follow","max-snippet":"max-snippet:-1","max-image-preview":"max-image-preview:large","max-video-preview":"max-video-preview:-1"},"canonical":"https:\/\/www.tosunlux.eu\/hi\/products\/modular-energy-meter-2\/","og_locale":"hi_IN","og_type":"article","og_title":"WholesaleDM100SC\/DM100TC Modular Energy Meter - TOSUNlux Official Site - Electrical Circuit Breaker Manufacturer in China Low Voltage Electrical Supplier | TOSUNlux","og_description":"DM100SC\/DM100TC Modular Energy Meter Supplier - Wholesale direct from TOSUNlux, a trusted manufacturer since 1994. Get your B2B factory quote on our certified Low Voltage electrical products.","og_url":"https:\/\/www.tosunlux.eu\/hi\/products\/modular-energy-meter-2\/","og_site_name":"TOSUNlux Official Site - Electrical Circuit Breaker Manufacturer in China","article_publisher":"https:\/\/www.facebook.com\/TOSUNelectric\/","article_modified_time":"2022-09-12T07:26:52+00:00","og_image":[{"width":1500,"height":940,"url":"https:\/\/www.tosunlux.eu\/wp-content\/uploads\/2023\/04\/DSC08160_\u526f\u672c.jpg","type":"image\/jpeg"}],"twitter_card":"summary_large_image","twitter_misc":{"\u0905\u0928\u0941\u092e\u093e\u0928\u093f\u0924 \u092a\u0922\u093c\u0928\u0947 \u0915\u093e \u0938\u092e\u092f":"1 \u092e\u093f\u0928\u091f"},"schema":{"@context":"https:\/\/schema.org","@graph":[{"@type":"WebPage","@id":"https:\/\/www.tosunlux.eu\/ar\/products\/modular-energy-meter-2\/","url":"https:\/\/www.tosunlux.eu\/ar\/products\/modular-energy-meter-2\/","name":"\u0925\u094b\u0915 DM100SC\/DM100TC \u092e\u0949\u0921\u094d\u092f\u0942\u0932\u0930 \u090a\u0930\u094d\u091c\u093e \u092e\u0940\u091f\u0930 - TOSUNlux \u0906\u0927\u093f\u0915\u093e\u0930\u093f\u0915 \u0938\u093e\u0907\u091f - \u091a\u0940\u0928 \u092e\u0947\u0902 \u0935\u093f\u0926\u094d\u092f\u0941\u0924 \u0938\u0930\u094d\u0915\u093f\u091f \u092c\u094d\u0930\u0947\u0915\u0930 \u0928\u093f\u0930\u094d\u092e\u093e\u0924\u093e \u0915\u092e \u0935\u094b\u0932\u094d\u091f\u0947\u091c \u0935\u093f\u0926\u094d\u092f\u0941\u0924 \u0906\u092a\u0942\u0930\u094d\u0924\u093f\u0915\u0930\u094d\u0924\u093e | TOSUNlux","isPartOf":{"@id":"https:\/\/www.tosunlux.eu\/ru\/#website"},"datePublished":"2022-09-12T07:19:28+00:00","dateModified":"2022-09-12T07:26:52+00:00","description":"DM100SC\/DM100TC \u092e\u0949\u0921\u094d\u092f\u0942\u0932\u0930 \u090a\u0930\u094d\u091c\u093e \u092e\u0940\u091f\u0930 \u0906\u092a\u0942\u0930\u094d\u0924\u093f\u0915\u0930\u094d\u0924\u093e - TOSUNlux \u0938\u0947 \u0938\u0940\u0927\u0947 \u0925\u094b\u0915 \u092c\u093f\u0915\u094d\u0930\u0940, \u091c\u094b 1994 \u0938\u0947 \u090f\u0915 \u0935\u093f\u0936\u094d\u0935\u0938\u0928\u0940\u092f \u0928\u093f\u0930\u094d\u092e\u093e\u0924\u093e \u0939\u0948\u0964 \u0939\u092e\u093e\u0930\u0947 \u092a\u094d\u0930\u092e\u093e\u0923\u093f\u0924 \u0915\u092e \u0935\u094b\u0932\u094d\u091f\u0947\u091c \u0935\u093f\u0926\u094d\u092f\u0941\u0924 \u0909\u0924\u094d\u092a\u093e\u0926\u094b\u0902 \u092a\u0930 \u0905\u092a\u0928\u093e B2B \u0915\u093e\u0930\u0916\u093e\u0928\u093e \u0909\u0926\u094d\u0927\u0930\u0923 \u092a\u094d\u0930\u093e\u092a\u094d\u0924 \u0915\u0930\u0947\u0902\u0964","breadcrumb":{"@id":"https:\/\/www.tosunlux.eu\/ar\/products\/modular-energy-meter-2\/#breadcrumb"},"inLanguage":"hi-IN","potentialAction":[{"@type":"ReadAction","target":["https:\/\/www.tosunlux.eu\/ar\/products\/modular-energy-meter-2\/"]}]},{"@type":"BreadcrumbList","@id":"https:\/\/www.tosunlux.eu\/ar\/products\/modular-energy-meter-2\/#breadcrumb","itemListElement":[{"@type":"ListItem","position":1,"name":"Home","item":"https:\/\/www.tosunlux.eu\/ru\/"},{"@type":"ListItem","position":2,"name":"Products","item":"https:\/\/www.tosunlux.eu\/products\/"},{"@type":"ListItem","position":3,"name":"DM100SC\/DM100TC Modular Energy Meter"}]},{"@type":"WebSite","@id":"https:\/\/www.tosunlux.eu\/ru\/#website","url":"https:\/\/www.tosunlux.eu\/ru\/","name":"TOSUNlux \u0906\u0927\u093f\u0915\u093e\u0930\u093f\u0915 \u0938\u093e\u0907\u091f - \u091a\u0940\u0928 \u092e\u0947\u0902 \u0935\u093f\u0926\u094d\u092f\u0941\u0924 \u0938\u0930\u094d\u0915\u093f\u091f \u092c\u094d\u0930\u0947\u0915\u0930 \u0928\u093f\u0930\u094d\u092e\u093e\u0924\u093e","description":"\u0935\u093f\u0926\u094d\u092f\u0941\u0924 \u0935\u093f\u0924\u0930\u0923 \u092a\u094d\u0930\u0923\u093e\u0932\u0940 \u0906\u092a\u0942\u0930\u094d\u0924\u093f\u0915\u0930\u094d\u0924\u093e","publisher":{"@id":"https:\/\/www.tosunlux.eu\/ru\/#organization"},"alternateName":"TOSUNlux","potentialAction":[{"@type":"SearchAction","target":{"@type":"EntryPoint","urlTemplate":"https:\/\/www.tosunlux.eu\/ru\/?s={search_term_string}"},"query-input":{"@type":"PropertyValueSpecification","valueRequired":true,"valueName":"search_term_string"}}],"inLanguage":"hi-IN"},{"@type":"Organization","@id":"https:\/\/www.tosunlux.eu\/ru\/#organization","name":"TOSUN\u0932\u0915\u094d\u0938","url":"https:\/\/www.tosunlux.eu\/ru\/","logo":{"@type":"ImageObject","inLanguage":"hi-IN","@id":"https:\/\/www.tosunlux.eu\/ru\/#\/schema\/logo\/image\/","url":"https:\/\/www.tosunlux.eu\/wp-content\/uploads\/2022\/01\/LOGOSYSM.71762f1.png","contentUrl":"https:\/\/www.tosunlux.eu\/wp-content\/uploads\/2022\/01\/LOGOSYSM.71762f1.png","width":153,"height":55,"caption":"TOSUNlux"},"image":{"@id":"https:\/\/www.tosunlux.eu\/ru\/#\/schema\/logo\/image\/"},"sameAs":["https:\/\/www.facebook.com\/TOSUNelectric\/","https:\/\/www.linkedin.com\/company\/wenzhou-tosun-electric-co.-ltd\/"]}]}},"_links":{"self":[{"href":"https:\/\/www.tosunlux.eu\/hi\/wp-json\/wp\/v2\/product\/5042","targetHints":{"allow":["GET"]}}],"collection":[{"href":"https:\/\/www.tosunlux.eu\/hi\/wp-json\/wp\/v2\/product"}],"about":[{"href":"https:\/\/www.tosunlux.eu\/hi\/wp-json\/wp\/v2\/types\/product"}],"version-history":[{"count":0,"href":"https:\/\/www.tosunlux.eu\/hi\/wp-json\/wp\/v2\/product\/5042\/revisions"}],"wp:attachment":[{"href":"https:\/\/www.tosunlux.eu\/hi\/wp-json\/wp\/v2\/media?parent=5042"}],"wp:term":[{"taxonomy":"product_category","embeddable":true,"href":"https:\/\/www.tosunlux.eu\/hi\/wp-json\/wp\/v2\/product_category?post=5042"}],"curies":[{"name":"\u0921\u092c\u094d\u0932\u094d\u092f\u0942\u092a\u0940","href":"https:\/\/api.w.org\/{rel}","templated":true}]}}