{"id":5042,"date":"2022-09-12T15:19:28","date_gmt":"2022-09-12T07:19:28","guid":{"rendered":"https:\/\/www.tosunlux.eu\/?post_type=product&#038;p=5042"},"modified":"2022-09-12T15:26:52","modified_gmt":"2022-09-12T07:26:52","slug":"modular-energy-meter-2","status":"publish","type":"product","link":"https:\/\/www.tosunlux.eu\/hy\/products\/modular-energy-meter-2\/","title":{"rendered":"DM100SC\/DM100TC \u0574\u0578\u0564\u0578\u0582\u056c\u0561\u0575\u056b\u0576 \u0567\u0576\u0565\u0580\u0563\u056b\u0561\u0575\u056b \u0570\u0561\u0577\u057e\u056b\u0579"},"content":{"rendered":"<p><strong>\u0534\u056b\u0574\u0578\u0582\u0574<\/strong><\/p>\n\n\n\n<p>DM100SC DM100TC \u0574\u0578\u0564\u0578\u0582\u056c\u0561\u0575\u056b\u0576 \u0567\u0576\u0565\u0580\u0563\u056b\u0561\u0575\u056b \u0570\u0561\u0577\u057e\u056b\u0579\u0568 \u0576\u0561\u056d\u0561\u0563\u056e\u057e\u0561\u056e \u0567 \u0574\u056b\u056f\u0580\u0578\u0567\u056c\u0565\u056f\u057f\u0580\u0578\u0576\u056b\u056f\u0561\u0575\u056b \u0587 \u0569\u057e\u0561\u0575\u056b\u0576 \u0574\u0577\u0561\u056f\u0574\u0561\u0576 \u0574\u056b\u057b\u0578\u0581\u0578\u057e\u055d \u0561\u057a\u0561\u0570\u0578\u057e\u0565\u056c\u0578\u0582 \u0570\u0578\u0582\u057d\u0561\u056c\u056b \u0587 \u0573\u0577\u0563\u0580\u056b\u057f \u0579\u0561\u0583\u0578\u0582\u0574\u0576\u0565\u0580: \u0531\u0580\u057f\u0561\u0564\u0580\u0561\u0576\u0584\u0576 \u0568\u0576\u0564\u0578\u0582\u0576\u0578\u0582\u0574 \u0567 \u0573\u0577\u0563\u0580\u056b\u057f SMT \u057f\u0565\u056d\u0576\u0578\u056c\u0578\u0563\u056b\u0561\u055d \u0567\u056c\u0565\u056f\u057f\u0580\u0561\u0574\u0561\u0563\u0576\u056b\u057d\u0561\u056f\u0561\u0576 \u0574\u056b\u057b\u0561\u0574\u057f\u0578\u0582\u0569\u0575\u0561\u0576 \u056c\u0561\u057e \u0564\u056b\u0574\u0561\u0564\u0580\u0578\u0582\u0569\u0575\u0578\u0582\u0576 \u0587 \u056f\u0561\u0575\u0578\u0582\u0576 \u056f\u0561\u057f\u0561\u0580\u0578\u0582\u0574 \u0561\u057a\u0561\u0570\u0578\u057e\u0565\u056c\u0578\u0582 \u0570\u0561\u0574\u0561\u0580: \u0531\u057a\u0580\u0561\u0576\u0584\u0568 \u0579\u0561\u0583\u0578\u0582\u0574 \u0567 \u0564\u0580\u0561\u056f\u0561\u0576 \u0561\u056f\u057f\u056b\u057e \u0567\u0576\u0565\u0580\u0563\u056b\u0561\u0576 \u0567\u056c\u0565\u056f\u057f\u0580\u0561\u056f\u0561\u0576 \u0567\u0576\u0565\u0580\u0563\u056b\u0561\u0575\u056b \u0579\u0561\u0583\u0574\u0561\u0576 \u0574\u0565\u057b \u0587 \u0570\u057d\u057f\u0561\u056f \u0581\u0578\u0582\u0581\u0561\u0564\u0580\u057e\u0578\u0582\u0574 \u0567 LCD \u056c\u0578\u0582\u057d\u0561\u0575\u056b\u0576 \u0567\u056f\u0580\u0561\u0576\u0578\u057e: \u0531\u057a\u0580\u0561\u0576\u0584\u0568 \u0570\u0561\u0574\u0561\u057a\u0561\u057f\u0561\u057d\u056d\u0561\u0576\u0578\u0582\u0574 \u0567 IEC62053-21-\u056b\u0576:<\/p>\n\n\n\n<p><strong>\u0540\u057d\u057f\u0561\u056f\u0565\u0581\u0578\u0582\u0574<\/strong><\/p>\n\n\n<table width=\"973\">\n<tbody>\n<tr>\n<td style=\"text-align: center;\" colspan=\"2\" width=\"413\">\u0544\u0578\u0564\u0565\u056c<\/td>\n<td style=\"text-align: center;\" width=\"258\">\u00a0DM100SC\u00a0<\/td>\n<td style=\"text-align: center;\" width=\"301\">DM100TC<\/td>\n<\/tr>\n<tr>\n<td rowspan=\"3\" width=\"171\">\u053c\u0561\u0580\u0574\u0561\u0576<\/td>\n<td width=\"242\">\u0533\u0576\u0561\u0570\u0561\u057f\u057e\u0561\u056e<\/td>\n<td width=\"258\">110\/120\/220\/230\/240V 50\/60 \u0540\u0581<\/td>\n<td width=\"301\">3\u00d757.7\/100V, 3\u00d7220\/380V 3x230V\/400V, 3\u00d7240\/415V<\/td>\n<\/tr>\n<tr>\n<td width=\"242\">\u0547\u0580\u057b\u0561\u0576\u0561\u056f<\/td>\n<td colspan=\"2\" width=\"559\">0.9 Un~1.1 Un<\/td>\n<\/tr>\n<tr>\n<td width=\"242\">\u054d\u0561\u0570\u0574\u0561\u0576\u0561\u0583\u0561\u056f\u0578\u0582\u0574<\/td>\n<td colspan=\"2\" width=\"559\">0.8 Un~1.2 Un<\/td>\n<\/tr>\n<tr>\n<td width=\"171\">\u0538\u0576\u0569\u0561\u0581\u056b\u056f<\/td>\n<td width=\"242\">\u0547\u0580\u057b\u0561\u0576\u0561\u056f<\/td>\n<td width=\"258\">1.5(6), 5(30),10(50), 15(90),20(100),5(40), 5(100)A<\/td>\n<td width=\"301\">3\u00d71,5(6), 3\u00d75(30), 3\u00d710(50), 3\u00d715(90), 3\u00d720(100), 3\u00d75(40), 3\u00d75(100)A<\/td>\n<\/tr>\n<tr>\n<td width=\"171\">\u0531\u056f\u057f\u056b\u057e \u0570\u0561\u057d\u057f\u0561\u057f\u0578\u0582\u0576<\/td>\n<td width=\"242\">\u0531\u056f\u057f\u056b\u057e<\/td>\n<td width=\"258\">800 imp\/kWh 1600 imp\/kWh<\/td>\n<td width=\"301\">400 imp\/kWh, 800 imp\/kWh, 1600 imp\/kWh<\/td>\n<\/tr>\n<tr>\n<td width=\"171\">\u0551\u0578\u0582\u0581\u0561\u0564\u0580\u0565\u056c<\/td>\n<td width=\"242\">\u054f\u0565\u057d\u0561\u056f<\/td>\n<td colspan=\"2\" width=\"559\">\u0533\u0580\u0561\u0576\u0581\u057e\u0565\u056c 6+1\/LCD6+1<\/td>\n<\/tr>\n<tr>\n<td rowspan=\"2\" width=\"171\">\u0537\u056c\u0565\u056f\u057f\u0580\u0561\u0567\u0576\u0565\u0580\u0563\u056b\u0561\u0575\u056b \u057d\u057a\u0561\u057c\u0578\u0582\u0574<\/td>\n<td width=\"242\">\u053c\u0561\u0580\u0574\u0561\u0576 \u0574\u056b\u0561\u0581\u0578\u0582\u0574<\/td>\n<td colspan=\"2\" width=\"559\">\u22640.8W.10VA<\/td>\n<\/tr>\n<tr>\n<td width=\"242\">\u0538\u0576\u0569\u0561\u0581\u056b\u056f \u0574\u056b\u0561\u0581\u0578\u0582\u0574<\/td>\n<td colspan=\"2\" width=\"559\">\u22644VA<\/td>\n<\/tr>\n<tr>\n<td rowspan=\"2\" width=\"171\">\u0540\u0561\u0572\u0578\u0580\u0564\u0561\u056f\u0581\u0578\u0582\u0569\u0575\u0578\u0582\u0576\u00bb<\/td>\n<td width=\"242\">\u053b\u0576\u057f\u0565\u0580\u0586\u0565\u0575\u057d<\/td>\n<td colspan=\"2\" width=\"559\">\u0555\u057a\u057f\u056b\u056f\u0561\u056f\u0561\u0576 \/ \u053b\u0576\u0586\u0580\u0561\u056f\u0561\u0580\u0574\u056b\u0580 \/ RS8485 (\u0568\u057d\u057f \u0581\u0561\u0576\u056f\u0578\u0582\u0569\u0575\u0561\u0576)<\/td>\n<\/tr>\n<tr>\n<td width=\"242\">\u0531\u0580\u0571\u0561\u0576\u0561\u0563\u0580\u0578\u0582\u0569\u0575\u0578\u0582\u0576<\/td>\n<td colspan=\"2\" width=\"559\">MODBUS, DLT\/645, IEC1107<\/td>\n<\/tr>\n<tr>\n<td rowspan=\"2\" width=\"171\">\u054b\u0565\u0580\u0574\u0561\u057d\u057f\u056b\u0573\u0561\u0576\u0568<\/td>\n<td width=\"242\">\u0531\u0577\u056d\u0561\u057f\u0561\u0576\u0584\u0561\u0575\u056b\u0576 \u057b\u0565\u0580\u0574\u0561\u057d\u057f\u056b\u0573\u0561\u0576<\/td>\n<td colspan=\"2\" width=\"559\">-45\u00b0C~+55\u00b0C<\/td>\n<\/tr>\n<tr>\n<td width=\"242\">\u054a\u0561\u0570\u057a\u0561\u0576\u0574\u0561\u0576 \u057b\u0565\u0580\u0574\u0561\u057d\u057f\u056b\u0573\u0561\u0576\u0568<\/td>\n<td colspan=\"2\" width=\"559\">-40\u00b0C~+70\u00b0C<\/td>\n<\/tr>\n<\/tbody>\n<\/table>\n\n\n<p><strong>\u0549\u0561\u0583\u0565\u0580\u0568<\/strong><\/p>\n\n\n\n<figure class=\"wp-block-image size-large\"><img fetchpriority=\"high\" decoding=\"async\" width=\"1024\" height=\"874\" src=\"https:\/\/www.tosunlux.eu\/wp-content\/uploads\/2022\/09\/\u5c3a\u5bf8-2-1024x874.jpg\" alt=\"\" class=\"wp-image-5043\" srcset=\"https:\/\/www.tosunlux.eu\/wp-content\/uploads\/2022\/09\/\u5c3a\u5bf8-2-1024x874.jpg 1024w, https:\/\/www.tosunlux.eu\/wp-content\/uploads\/2022\/09\/\u5c3a\u5bf8-2-300x256.jpg 300w, https:\/\/www.tosunlux.eu\/wp-content\/uploads\/2022\/09\/\u5c3a\u5bf8-2-768x656.jpg 768w, https:\/\/www.tosunlux.eu\/wp-content\/uploads\/2022\/09\/\u5c3a\u5bf8-2.jpg 1026w\" sizes=\"(max-width: 1024px) 100vw, 1024px\" \/><\/figure>","protected":false},"parent":0,"template":"","product_category":[75,125],"class_list":["post-5042","product","type-product","status-publish","hentry","product_category-instruments","product_category-energy-meter"],"yoast_head":"<!-- This site is optimized with the Yoast SEO plugin v27.4 - https:\/\/yoast.com\/product\/yoast-seo-wordpress\/ -->\n<title>WholesaleDM100SC\/DM100TC Modular Energy Meter - TOSUNlux Official Site - Electrical Circuit Breaker Manufacturer in China Low Voltage Electrical Supplier | TOSUNlux<\/title>\n<meta name=\"description\" content=\"DM100SC\/DM100TC Modular Energy Meter Supplier - Wholesale direct from TOSUNlux, a trusted manufacturer since 1994. Get your B2B factory quote on our certified Low Voltage electrical products.\" \/>\n<meta name=\"robots\" content=\"index, follow, max-snippet:-1, max-image-preview:large, max-video-preview:-1\" \/>\n<link rel=\"canonical\" href=\"https:\/\/www.tosunlux.eu\/hy\/products\/modular-energy-meter-2\/\" \/>\n<meta property=\"og:locale\" content=\"en_US\" \/>\n<meta property=\"og:type\" content=\"article\" \/>\n<meta property=\"og:title\" content=\"WholesaleDM100SC\/DM100TC Modular Energy Meter - TOSUNlux Official Site - Electrical Circuit Breaker Manufacturer in China Low Voltage Electrical Supplier | TOSUNlux\" \/>\n<meta property=\"og:description\" content=\"DM100SC\/DM100TC Modular Energy Meter Supplier - Wholesale direct from TOSUNlux, a trusted manufacturer since 1994. Get your B2B factory quote on our certified Low Voltage electrical products.\" \/>\n<meta property=\"og:url\" content=\"https:\/\/www.tosunlux.eu\/hy\/products\/modular-energy-meter-2\/\" \/>\n<meta property=\"og:site_name\" content=\"TOSUNlux Official Site - Electrical Circuit Breaker Manufacturer in China\" \/>\n<meta property=\"article:publisher\" content=\"https:\/\/www.facebook.com\/TOSUNelectric\/\" \/>\n<meta property=\"article:modified_time\" content=\"2022-09-12T07:26:52+00:00\" \/>\n<meta property=\"og:image\" content=\"https:\/\/www.tosunlux.eu\/wp-content\/uploads\/2023\/04\/DSC08160_\u526f\u672c.jpg\" \/>\n\t<meta property=\"og:image:width\" content=\"1500\" \/>\n\t<meta property=\"og:image:height\" content=\"940\" \/>\n\t<meta property=\"og:image:type\" content=\"image\/jpeg\" \/>\n<meta name=\"twitter:card\" content=\"summary_large_image\" \/>\n<meta name=\"twitter:label1\" content=\"Est. reading time\" \/>\n\t<meta name=\"twitter:data1\" content=\"1 minute\" \/>\n<script type=\"application\/ld+json\" class=\"yoast-schema-graph\">{\"@context\":\"https:\\\/\\\/schema.org\",\"@graph\":[{\"@type\":\"WebPage\",\"@id\":\"https:\\\/\\\/www.tosunlux.eu\\\/ar\\\/products\\\/modular-energy-meter-2\\\/\",\"url\":\"https:\\\/\\\/www.tosunlux.eu\\\/ar\\\/products\\\/modular-energy-meter-2\\\/\",\"name\":\"WholesaleDM100SC\\\/DM100TC Modular Energy Meter - TOSUNlux Official Site - Electrical Circuit Breaker Manufacturer in China Low Voltage Electrical Supplier | TOSUNlux\",\"isPartOf\":{\"@id\":\"https:\\\/\\\/www.tosunlux.eu\\\/ru\\\/#website\"},\"datePublished\":\"2022-09-12T07:19:28+00:00\",\"dateModified\":\"2022-09-12T07:26:52+00:00\",\"description\":\"DM100SC\\\/DM100TC Modular Energy Meter Supplier - Wholesale direct from TOSUNlux, a trusted manufacturer since 1994. Get your B2B factory quote on our certified Low Voltage electrical products.\",\"breadcrumb\":{\"@id\":\"https:\\\/\\\/www.tosunlux.eu\\\/ar\\\/products\\\/modular-energy-meter-2\\\/#breadcrumb\"},\"inLanguage\":\"hy-AM\",\"potentialAction\":[{\"@type\":\"ReadAction\",\"target\":[\"https:\\\/\\\/www.tosunlux.eu\\\/ar\\\/products\\\/modular-energy-meter-2\\\/\"]}]},{\"@type\":\"BreadcrumbList\",\"@id\":\"https:\\\/\\\/www.tosunlux.eu\\\/ar\\\/products\\\/modular-energy-meter-2\\\/#breadcrumb\",\"itemListElement\":[{\"@type\":\"ListItem\",\"position\":1,\"name\":\"Home\",\"item\":\"https:\\\/\\\/www.tosunlux.eu\\\/ru\\\/\"},{\"@type\":\"ListItem\",\"position\":2,\"name\":\"Products\",\"item\":\"https:\\\/\\\/www.tosunlux.eu\\\/products\\\/\"},{\"@type\":\"ListItem\",\"position\":3,\"name\":\"DM100SC\\\/DM100TC Modular Energy Meter\"}]},{\"@type\":\"WebSite\",\"@id\":\"https:\\\/\\\/www.tosunlux.eu\\\/ru\\\/#website\",\"url\":\"https:\\\/\\\/www.tosunlux.eu\\\/ru\\\/\",\"name\":\"TOSUNlux Official Site - Electrical Circuit Breaker Manufacturer in China\",\"description\":\"Power Distribution System Supplier\",\"publisher\":{\"@id\":\"https:\\\/\\\/www.tosunlux.eu\\\/ru\\\/#organization\"},\"alternateName\":\"TOSUNlux\",\"potentialAction\":[{\"@type\":\"SearchAction\",\"target\":{\"@type\":\"EntryPoint\",\"urlTemplate\":\"https:\\\/\\\/www.tosunlux.eu\\\/ru\\\/?s={search_term_string}\"},\"query-input\":{\"@type\":\"PropertyValueSpecification\",\"valueRequired\":true,\"valueName\":\"search_term_string\"}}],\"inLanguage\":\"hy-AM\"},{\"@type\":\"Organization\",\"@id\":\"https:\\\/\\\/www.tosunlux.eu\\\/ru\\\/#organization\",\"name\":\"TOSUNlux\",\"url\":\"https:\\\/\\\/www.tosunlux.eu\\\/ru\\\/\",\"logo\":{\"@type\":\"ImageObject\",\"inLanguage\":\"hy-AM\",\"@id\":\"https:\\\/\\\/www.tosunlux.eu\\\/ru\\\/#\\\/schema\\\/logo\\\/image\\\/\",\"url\":\"https:\\\/\\\/www.tosunlux.eu\\\/wp-content\\\/uploads\\\/2022\\\/01\\\/LOGOSYSM.71762f1.png\",\"contentUrl\":\"https:\\\/\\\/www.tosunlux.eu\\\/wp-content\\\/uploads\\\/2022\\\/01\\\/LOGOSYSM.71762f1.png\",\"width\":153,\"height\":55,\"caption\":\"TOSUNlux\"},\"image\":{\"@id\":\"https:\\\/\\\/www.tosunlux.eu\\\/ru\\\/#\\\/schema\\\/logo\\\/image\\\/\"},\"sameAs\":[\"https:\\\/\\\/www.facebook.com\\\/TOSUNelectric\\\/\",\"https:\\\/\\\/www.linkedin.com\\\/company\\\/wenzhou-tosun-electric-co.-ltd\\\/\"]}]}<\/script>\n<!-- \/ Yoast SEO plugin. -->","yoast_head_json":{"title":"WholesaleDM100SC\/DM100TC Modular Energy Meter - TOSUNlux Official Site - Electrical Circuit Breaker Manufacturer in China Low Voltage Electrical Supplier | TOSUNlux","description":"DM100SC\/DM100TC Modular Energy Meter Supplier - Wholesale direct from TOSUNlux, a trusted manufacturer since 1994. Get your B2B factory quote on our certified Low Voltage electrical products.","robots":{"index":"index","follow":"follow","max-snippet":"max-snippet:-1","max-image-preview":"max-image-preview:large","max-video-preview":"max-video-preview:-1"},"canonical":"https:\/\/www.tosunlux.eu\/hy\/products\/modular-energy-meter-2\/","og_locale":"en_US","og_type":"article","og_title":"WholesaleDM100SC\/DM100TC Modular Energy Meter - TOSUNlux Official Site - Electrical Circuit Breaker Manufacturer in China Low Voltage Electrical Supplier | TOSUNlux","og_description":"DM100SC\/DM100TC Modular Energy Meter Supplier - Wholesale direct from TOSUNlux, a trusted manufacturer since 1994. Get your B2B factory quote on our certified Low Voltage electrical products.","og_url":"https:\/\/www.tosunlux.eu\/hy\/products\/modular-energy-meter-2\/","og_site_name":"TOSUNlux Official Site - Electrical Circuit Breaker Manufacturer in China","article_publisher":"https:\/\/www.facebook.com\/TOSUNelectric\/","article_modified_time":"2022-09-12T07:26:52+00:00","og_image":[{"width":1500,"height":940,"url":"https:\/\/www.tosunlux.eu\/wp-content\/uploads\/2023\/04\/DSC08160_\u526f\u672c.jpg","type":"image\/jpeg"}],"twitter_card":"summary_large_image","twitter_misc":{"Est. reading time":"1 minute"},"schema":{"@context":"https:\/\/schema.org","@graph":[{"@type":"WebPage","@id":"https:\/\/www.tosunlux.eu\/ar\/products\/modular-energy-meter-2\/","url":"https:\/\/www.tosunlux.eu\/ar\/products\/modular-energy-meter-2\/","name":"WholesaleDM100SC\/DM100TC Modular Energy Meter - TOSUNlux Official Site - Electrical Circuit Breaker Manufacturer in China Low Voltage Electrical Supplier | TOSUNlux","isPartOf":{"@id":"https:\/\/www.tosunlux.eu\/ru\/#website"},"datePublished":"2022-09-12T07:19:28+00:00","dateModified":"2022-09-12T07:26:52+00:00","description":"DM100SC\/DM100TC Modular Energy Meter Supplier - Wholesale direct from TOSUNlux, a trusted manufacturer since 1994. Get your B2B factory quote on our certified Low Voltage electrical products.","breadcrumb":{"@id":"https:\/\/www.tosunlux.eu\/ar\/products\/modular-energy-meter-2\/#breadcrumb"},"inLanguage":"hy-AM","potentialAction":[{"@type":"ReadAction","target":["https:\/\/www.tosunlux.eu\/ar\/products\/modular-energy-meter-2\/"]}]},{"@type":"BreadcrumbList","@id":"https:\/\/www.tosunlux.eu\/ar\/products\/modular-energy-meter-2\/#breadcrumb","itemListElement":[{"@type":"ListItem","position":1,"name":"Home","item":"https:\/\/www.tosunlux.eu\/ru\/"},{"@type":"ListItem","position":2,"name":"Products","item":"https:\/\/www.tosunlux.eu\/products\/"},{"@type":"ListItem","position":3,"name":"DM100SC\/DM100TC Modular Energy Meter"}]},{"@type":"WebSite","@id":"https:\/\/www.tosunlux.eu\/ru\/#website","url":"https:\/\/www.tosunlux.eu\/ru\/","name":"TOSUNlux \u054a\u0561\u0577\u057f\u0578\u0576\u0561\u056f\u0561\u0576 \u053f\u0561\u0575\u0584 - Electrical Circuit Breaker \u0561\u0580\u057f\u0561\u0564\u0580\u0578\u0572 \u0549\u056b\u0576\u0561\u057d\u057f\u0561\u0576\u0578\u0582\u0574","description":"\u0537\u056c\u0565\u056f\u057f\u0580\u0561\u0567\u0576\u0565\u0580\u0563\u056b\u0561\u0575\u056b \u0562\u0561\u0577\u056d\u0574\u0561\u0576 \u0570\u0561\u0574\u0561\u056f\u0561\u0580\u0563\u056b \u0574\u0561\u057f\u0561\u056f\u0561\u0580\u0561\u0580","publisher":{"@id":"https:\/\/www.tosunlux.eu\/ru\/#organization"},"alternateName":"TOSUNlux","potentialAction":[{"@type":"SearchAction","target":{"@type":"EntryPoint","urlTemplate":"https:\/\/www.tosunlux.eu\/ru\/?s={search_term_string}"},"query-input":{"@type":"PropertyValueSpecification","valueRequired":true,"valueName":"search_term_string"}}],"inLanguage":"hy-AM"},{"@type":"Organization","@id":"https:\/\/www.tosunlux.eu\/ru\/#organization","name":"TOSUNlux","url":"https:\/\/www.tosunlux.eu\/ru\/","logo":{"@type":"ImageObject","inLanguage":"hy-AM","@id":"https:\/\/www.tosunlux.eu\/ru\/#\/schema\/logo\/image\/","url":"https:\/\/www.tosunlux.eu\/wp-content\/uploads\/2022\/01\/LOGOSYSM.71762f1.png","contentUrl":"https:\/\/www.tosunlux.eu\/wp-content\/uploads\/2022\/01\/LOGOSYSM.71762f1.png","width":153,"height":55,"caption":"TOSUNlux"},"image":{"@id":"https:\/\/www.tosunlux.eu\/ru\/#\/schema\/logo\/image\/"},"sameAs":["https:\/\/www.facebook.com\/TOSUNelectric\/","https:\/\/www.linkedin.com\/company\/wenzhou-tosun-electric-co.-ltd\/"]}]}},"_links":{"self":[{"href":"https:\/\/www.tosunlux.eu\/hy\/wp-json\/wp\/v2\/product\/5042","targetHints":{"allow":["GET"]}}],"collection":[{"href":"https:\/\/www.tosunlux.eu\/hy\/wp-json\/wp\/v2\/product"}],"about":[{"href":"https:\/\/www.tosunlux.eu\/hy\/wp-json\/wp\/v2\/types\/product"}],"version-history":[{"count":0,"href":"https:\/\/www.tosunlux.eu\/hy\/wp-json\/wp\/v2\/product\/5042\/revisions"}],"wp:attachment":[{"href":"https:\/\/www.tosunlux.eu\/hy\/wp-json\/wp\/v2\/media?parent=5042"}],"wp:term":[{"taxonomy":"product_category","embeddable":true,"href":"https:\/\/www.tosunlux.eu\/hy\/wp-json\/wp\/v2\/product_category?post=5042"}],"curies":[{"name":"wp","href":"https:\/\/api.w.org\/{rel}","templated":true}]}}