{"id":1680,"date":"2022-04-23T10:06:01","date_gmt":"2022-04-23T02:06:01","guid":{"rendered":"https:\/\/www.tosunlux.eu\/?post_type=product&#038;p=1680"},"modified":"2022-04-23T10:14:47","modified_gmt":"2022-04-23T02:14:47","slug":"insulated-screw-driver-2","status":"publish","type":"product","link":"https:\/\/www.tosunlux.eu\/id\/products\/insulated-screw-driver-2\/","title":{"rendered":"Obeng Berinsulasi"},"content":{"rendered":"<figure class=\"wp-block-image size-large\"><img fetchpriority=\"high\" decoding=\"async\" width=\"1024\" height=\"794\" src=\"https:\/\/www.tosunlux.eu\/wp-content\/uploads\/2022\/04\/1-2-1024x794.jpg\" alt=\"\" class=\"wp-image-1684\" srcset=\"https:\/\/www.tosunlux.eu\/wp-content\/uploads\/2022\/04\/1-2-1024x794.jpg 1024w, https:\/\/www.tosunlux.eu\/wp-content\/uploads\/2022\/04\/1-2-300x233.jpg 300w, https:\/\/www.tosunlux.eu\/wp-content\/uploads\/2022\/04\/1-2-768x596.jpg 768w, https:\/\/www.tosunlux.eu\/wp-content\/uploads\/2022\/04\/1-2.jpg 1333w\" sizes=\"(max-width: 1024px) 100vw, 1024px\" \/><\/figure>\n\n\n\n<p><strong>8500-8A<\/strong><\/p>\n\n\n\n<p>Nominasi: Set Obeng Terisolasi 8PCS Komponen:<br>4 buah Beralur: 0,5\u00d73,0x75mm 0,8\u00d74,0x100mm 1,0\u00d75,5x125mm 1,2\u00d76,5x150mm<br>3 buah Philips: PH0x3.0x75mm PH1x4.5x100mm PH2x6.0x100mm<br>1PC Penguji listrik: \u04443x140mm<br>Paket: Kotak cetakan tiup jendela + kotak jendela kertas warna + selongsong dengan susut<\/p>\n\n\n\n<p><strong>8500-11A<\/strong><\/p>\n\n\n\n<p>Nominasi: Set Obeng Terisolasi 11PCS Komponen:<br>4 buah Beralur: 0,5\u00d73,0x75mm 0,8\u00d74,0x100mm 1,0\u00d75,5x125mm 1,2\u00d76,5x150mm<br>3 buah Philips: PH0x3.0x75mm PH1x4.5x100mm PH2x6.0x100mm<br>1PC CE\/GS Penguji listrik 3x140mm<br>1PC Tang kombinasi<br>1PC Tang pemotong diagonal<br>1PC Tang hidung panjang<br>Paket: Kotak cetakan tiup + stiker warna + selongsong dengan susut<\/p>\n\n\n\n<p><strong>8500-12A<\/strong><\/p>\n\n\n\n<p>Nominasi: Set Obeng Terisolasi 12PCS Komponen:<br>4 buah Beralur: 0,5\u00d73,0x75mm 0,8\u00d74,0x100mm 1,0\u00d75,5x125mm 1,2\u00d76,5x150mm<br>3 buah Philips: PH0x3.0x75mm PH1x4.5x100mm PH2x6.0x100mm<br>1PC CE\/GS Penguji listrik 3x140mm<br>1PC Tang kombinasi<br>1PC Tang pemotong diagonal<br>1PC Tang hidung panjang<br>1PC Tang pompa air<br>Paket: Kotak cetakan tiup + stiker warna + selongsong dengan susut<\/p>\n\n\n\n<p><\/p>","protected":false},"parent":0,"template":"","product_category":[36,115],"class_list":["post-1680","product","type-product","status-publish","hentry","product_category-electrical-accessories","product_category-voltage-tester-tool"],"yoast_head":"<!-- This site is optimized with the Yoast SEO plugin v27.3 - https:\/\/yoast.com\/product\/yoast-seo-wordpress\/ -->\n<title>WholesaleInsulated Screw Driver - TOSUNlux Official Site - Electrical Circuit Breaker Manufacturer in China Low Voltage Electrical Supplier | TOSUNlux<\/title>\n<meta name=\"description\" content=\"Insulated Screw Driver Supplier - Wholesale direct from TOSUNlux, a trusted manufacturer since 1994. Get your B2B factory quote on our certified Low Voltage electrical products.\" \/>\n<meta name=\"robots\" content=\"index, follow, max-snippet:-1, max-image-preview:large, max-video-preview:-1\" \/>\n<link rel=\"canonical\" href=\"https:\/\/www.tosunlux.eu\/id\/products\/insulated-screw-driver-2\/\" \/>\n<meta property=\"og:locale\" content=\"id_ID\" \/>\n<meta property=\"og:type\" content=\"article\" \/>\n<meta property=\"og:title\" content=\"WholesaleInsulated Screw Driver - TOSUNlux Official Site - Electrical Circuit Breaker Manufacturer in China Low Voltage Electrical Supplier | TOSUNlux\" \/>\n<meta property=\"og:description\" content=\"Insulated Screw Driver Supplier - Wholesale direct from TOSUNlux, a trusted manufacturer since 1994. Get your B2B factory quote on our certified Low Voltage electrical products.\" \/>\n<meta property=\"og:url\" content=\"https:\/\/www.tosunlux.eu\/id\/products\/insulated-screw-driver-2\/\" \/>\n<meta property=\"og:site_name\" content=\"TOSUNlux Official Site - Electrical Circuit Breaker Manufacturer in China\" \/>\n<meta property=\"article:publisher\" content=\"https:\/\/www.facebook.com\/TOSUNelectric\/\" \/>\n<meta property=\"article:modified_time\" content=\"2022-04-23T02:14:47+00:00\" \/>\n<meta property=\"og:image\" content=\"https:\/\/www.tosunlux.eu\/wp-content\/uploads\/2022\/04\/1-2-1024x794.jpg\" \/>\n<meta name=\"twitter:card\" content=\"summary_large_image\" \/>\n<meta name=\"twitter:label1\" content=\"Estimasi waktu membaca\" \/>\n\t<meta name=\"twitter:data1\" content=\"1 menit\" \/>\n<script type=\"application\/ld+json\" class=\"yoast-schema-graph\">{\"@context\":\"https:\\\/\\\/schema.org\",\"@graph\":[{\"@type\":\"WebPage\",\"@id\":\"https:\\\/\\\/www.tosunlux.eu\\\/pt\\\/products\\\/insulated-screw-driver-2\\\/\",\"url\":\"https:\\\/\\\/www.tosunlux.eu\\\/pt\\\/products\\\/insulated-screw-driver-2\\\/\",\"name\":\"WholesaleInsulated Screw Driver - TOSUNlux Official Site - Electrical Circuit Breaker Manufacturer in China Low Voltage Electrical Supplier | TOSUNlux\",\"isPartOf\":{\"@id\":\"https:\\\/\\\/www.tosunlux.eu\\\/ru\\\/#website\"},\"primaryImageOfPage\":{\"@id\":\"https:\\\/\\\/www.tosunlux.eu\\\/pt\\\/products\\\/insulated-screw-driver-2\\\/#primaryimage\"},\"image\":{\"@id\":\"https:\\\/\\\/www.tosunlux.eu\\\/pt\\\/products\\\/insulated-screw-driver-2\\\/#primaryimage\"},\"thumbnailUrl\":\"https:\\\/\\\/www.tosunlux.eu\\\/wp-content\\\/uploads\\\/2022\\\/04\\\/1-2-1024x794.jpg\",\"datePublished\":\"2022-04-23T02:06:01+00:00\",\"dateModified\":\"2022-04-23T02:14:47+00:00\",\"description\":\"Insulated Screw Driver Supplier - Wholesale direct from TOSUNlux, a trusted manufacturer since 1994. Get your B2B factory quote on our certified Low Voltage electrical products.\",\"breadcrumb\":{\"@id\":\"https:\\\/\\\/www.tosunlux.eu\\\/pt\\\/products\\\/insulated-screw-driver-2\\\/#breadcrumb\"},\"inLanguage\":\"id\",\"potentialAction\":[{\"@type\":\"ReadAction\",\"target\":[\"https:\\\/\\\/www.tosunlux.eu\\\/pt\\\/products\\\/insulated-screw-driver-2\\\/\"]}]},{\"@type\":\"ImageObject\",\"inLanguage\":\"id\",\"@id\":\"https:\\\/\\\/www.tosunlux.eu\\\/pt\\\/products\\\/insulated-screw-driver-2\\\/#primaryimage\",\"url\":\"https:\\\/\\\/www.tosunlux.eu\\\/wp-content\\\/uploads\\\/2022\\\/04\\\/1-2-1024x794.jpg\",\"contentUrl\":\"https:\\\/\\\/www.tosunlux.eu\\\/wp-content\\\/uploads\\\/2022\\\/04\\\/1-2-1024x794.jpg\"},{\"@type\":\"BreadcrumbList\",\"@id\":\"https:\\\/\\\/www.tosunlux.eu\\\/pt\\\/products\\\/insulated-screw-driver-2\\\/#breadcrumb\",\"itemListElement\":[{\"@type\":\"ListItem\",\"position\":1,\"name\":\"Home\",\"item\":\"https:\\\/\\\/www.tosunlux.eu\\\/ru\\\/\"},{\"@type\":\"ListItem\",\"position\":2,\"name\":\"Products\",\"item\":\"https:\\\/\\\/www.tosunlux.eu\\\/products\\\/\"},{\"@type\":\"ListItem\",\"position\":3,\"name\":\"Insulated Screw Driver\"}]},{\"@type\":\"WebSite\",\"@id\":\"https:\\\/\\\/www.tosunlux.eu\\\/ru\\\/#website\",\"url\":\"https:\\\/\\\/www.tosunlux.eu\\\/ru\\\/\",\"name\":\"TOSUNlux Official Site - Electrical Circuit Breaker Manufacturer in China\",\"description\":\"Power Distribution System Supplier\",\"publisher\":{\"@id\":\"https:\\\/\\\/www.tosunlux.eu\\\/ru\\\/#organization\"},\"alternateName\":\"TOSUNlux\",\"potentialAction\":[{\"@type\":\"SearchAction\",\"target\":{\"@type\":\"EntryPoint\",\"urlTemplate\":\"https:\\\/\\\/www.tosunlux.eu\\\/ru\\\/?s={search_term_string}\"},\"query-input\":{\"@type\":\"PropertyValueSpecification\",\"valueRequired\":true,\"valueName\":\"search_term_string\"}}],\"inLanguage\":\"id\"},{\"@type\":\"Organization\",\"@id\":\"https:\\\/\\\/www.tosunlux.eu\\\/ru\\\/#organization\",\"name\":\"TOSUNlux\",\"url\":\"https:\\\/\\\/www.tosunlux.eu\\\/ru\\\/\",\"logo\":{\"@type\":\"ImageObject\",\"inLanguage\":\"id\",\"@id\":\"https:\\\/\\\/www.tosunlux.eu\\\/ru\\\/#\\\/schema\\\/logo\\\/image\\\/\",\"url\":\"https:\\\/\\\/www.tosunlux.eu\\\/wp-content\\\/uploads\\\/2022\\\/01\\\/LOGOSYSM.71762f1.png\",\"contentUrl\":\"https:\\\/\\\/www.tosunlux.eu\\\/wp-content\\\/uploads\\\/2022\\\/01\\\/LOGOSYSM.71762f1.png\",\"width\":153,\"height\":55,\"caption\":\"TOSUNlux\"},\"image\":{\"@id\":\"https:\\\/\\\/www.tosunlux.eu\\\/ru\\\/#\\\/schema\\\/logo\\\/image\\\/\"},\"sameAs\":[\"https:\\\/\\\/www.facebook.com\\\/TOSUNelectric\\\/\",\"https:\\\/\\\/www.linkedin.com\\\/company\\\/wenzhou-tosun-electric-co.-ltd\\\/\"]}]}<\/script>\n<!-- \/ Yoast SEO plugin. -->","yoast_head_json":{"title":"Obeng Berinsulasi Grosir - Situs Resmi TOSUNlux - Produsen Pemutus Sirkuit Listrik di Tiongkok, Pemasok Listrik Tegangan Rendah | TOSUNlux","description":"Pemasok Obeng Berinsulasi - Grosir langsung dari TOSUNlux, produsen tepercaya sejak 1994. Dapatkan penawaran pabrik B2B untuk produk listrik Tegangan Rendah bersertifikat kami.","robots":{"index":"index","follow":"follow","max-snippet":"max-snippet:-1","max-image-preview":"max-image-preview:large","max-video-preview":"max-video-preview:-1"},"canonical":"https:\/\/www.tosunlux.eu\/id\/products\/insulated-screw-driver-2\/","og_locale":"id_ID","og_type":"article","og_title":"WholesaleInsulated Screw Driver - TOSUNlux Official Site - Electrical Circuit Breaker Manufacturer in China Low Voltage Electrical Supplier | TOSUNlux","og_description":"Insulated Screw Driver Supplier - Wholesale direct from TOSUNlux, a trusted manufacturer since 1994. Get your B2B factory quote on our certified Low Voltage electrical products.","og_url":"https:\/\/www.tosunlux.eu\/id\/products\/insulated-screw-driver-2\/","og_site_name":"TOSUNlux Official Site - Electrical Circuit Breaker Manufacturer in China","article_publisher":"https:\/\/www.facebook.com\/TOSUNelectric\/","article_modified_time":"2022-04-23T02:14:47+00:00","og_image":[{"url":"https:\/\/www.tosunlux.eu\/wp-content\/uploads\/2022\/04\/1-2-1024x794.jpg","type":"","width":"","height":""}],"twitter_card":"summary_large_image","twitter_misc":{"Estimasi waktu membaca":"1 menit"},"schema":{"@context":"https:\/\/schema.org","@graph":[{"@type":"WebPage","@id":"https:\/\/www.tosunlux.eu\/pt\/products\/insulated-screw-driver-2\/","url":"https:\/\/www.tosunlux.eu\/pt\/products\/insulated-screw-driver-2\/","name":"Obeng Berinsulasi Grosir - Situs Resmi TOSUNlux - Produsen Pemutus Sirkuit Listrik di Tiongkok, Pemasok Listrik Tegangan Rendah | TOSUNlux","isPartOf":{"@id":"https:\/\/www.tosunlux.eu\/ru\/#website"},"primaryImageOfPage":{"@id":"https:\/\/www.tosunlux.eu\/pt\/products\/insulated-screw-driver-2\/#primaryimage"},"image":{"@id":"https:\/\/www.tosunlux.eu\/pt\/products\/insulated-screw-driver-2\/#primaryimage"},"thumbnailUrl":"https:\/\/www.tosunlux.eu\/wp-content\/uploads\/2022\/04\/1-2-1024x794.jpg","datePublished":"2022-04-23T02:06:01+00:00","dateModified":"2022-04-23T02:14:47+00:00","description":"Pemasok Obeng Berinsulasi - Grosir langsung dari TOSUNlux, produsen tepercaya sejak 1994. Dapatkan penawaran pabrik B2B untuk produk listrik Tegangan Rendah bersertifikat kami.","breadcrumb":{"@id":"https:\/\/www.tosunlux.eu\/pt\/products\/insulated-screw-driver-2\/#breadcrumb"},"inLanguage":"id","potentialAction":[{"@type":"ReadAction","target":["https:\/\/www.tosunlux.eu\/pt\/products\/insulated-screw-driver-2\/"]}]},{"@type":"ImageObject","inLanguage":"id","@id":"https:\/\/www.tosunlux.eu\/pt\/products\/insulated-screw-driver-2\/#primaryimage","url":"https:\/\/www.tosunlux.eu\/wp-content\/uploads\/2022\/04\/1-2-1024x794.jpg","contentUrl":"https:\/\/www.tosunlux.eu\/wp-content\/uploads\/2022\/04\/1-2-1024x794.jpg"},{"@type":"BreadcrumbList","@id":"https:\/\/www.tosunlux.eu\/pt\/products\/insulated-screw-driver-2\/#breadcrumb","itemListElement":[{"@type":"ListItem","position":1,"name":"Home","item":"https:\/\/www.tosunlux.eu\/ru\/"},{"@type":"ListItem","position":2,"name":"Products","item":"https:\/\/www.tosunlux.eu\/products\/"},{"@type":"ListItem","position":3,"name":"Insulated Screw Driver"}]},{"@type":"WebSite","@id":"https:\/\/www.tosunlux.eu\/ru\/#website","url":"https:\/\/www.tosunlux.eu\/ru\/","name":"Situs Resmi TOSUNlux - Produsen Pemutus Sirkuit Listrik di Tiongkok","description":"Pemasok Sistem Distribusi Daya","publisher":{"@id":"https:\/\/www.tosunlux.eu\/ru\/#organization"},"alternateName":"TOSUNlux","potentialAction":[{"@type":"SearchAction","target":{"@type":"EntryPoint","urlTemplate":"https:\/\/www.tosunlux.eu\/ru\/?s={search_term_string}"},"query-input":{"@type":"PropertyValueSpecification","valueRequired":true,"valueName":"search_term_string"}}],"inLanguage":"id"},{"@type":"Organization","@id":"https:\/\/www.tosunlux.eu\/ru\/#organization","name":"TOSUNlux","url":"https:\/\/www.tosunlux.eu\/ru\/","logo":{"@type":"ImageObject","inLanguage":"id","@id":"https:\/\/www.tosunlux.eu\/ru\/#\/schema\/logo\/image\/","url":"https:\/\/www.tosunlux.eu\/wp-content\/uploads\/2022\/01\/LOGOSYSM.71762f1.png","contentUrl":"https:\/\/www.tosunlux.eu\/wp-content\/uploads\/2022\/01\/LOGOSYSM.71762f1.png","width":153,"height":55,"caption":"TOSUNlux"},"image":{"@id":"https:\/\/www.tosunlux.eu\/ru\/#\/schema\/logo\/image\/"},"sameAs":["https:\/\/www.facebook.com\/TOSUNelectric\/","https:\/\/www.linkedin.com\/company\/wenzhou-tosun-electric-co.-ltd\/"]}]}},"_links":{"self":[{"href":"https:\/\/www.tosunlux.eu\/id\/wp-json\/wp\/v2\/product\/1680","targetHints":{"allow":["GET"]}}],"collection":[{"href":"https:\/\/www.tosunlux.eu\/id\/wp-json\/wp\/v2\/product"}],"about":[{"href":"https:\/\/www.tosunlux.eu\/id\/wp-json\/wp\/v2\/types\/product"}],"version-history":[{"count":0,"href":"https:\/\/www.tosunlux.eu\/id\/wp-json\/wp\/v2\/product\/1680\/revisions"}],"wp:attachment":[{"href":"https:\/\/www.tosunlux.eu\/id\/wp-json\/wp\/v2\/media?parent=1680"}],"wp:term":[{"taxonomy":"product_category","embeddable":true,"href":"https:\/\/www.tosunlux.eu\/id\/wp-json\/wp\/v2\/product_category?post=1680"}],"curies":[{"name":"wp","href":"https:\/\/api.w.org\/{rel}","templated":true}]}}