{"id":2496,"date":"2022-05-11T11:06:03","date_gmt":"2022-05-11T03:06:03","guid":{"rendered":"https:\/\/www.tosunlux.eu\/?post_type=product&#038;p=2496"},"modified":"2022-05-11T11:08:09","modified_gmt":"2022-05-11T03:08:09","slug":"nt-low-voltage-fuse-nt0","status":"publish","type":"product","link":"https:\/\/www.tosunlux.eu\/it\/products\/nt-low-voltage-fuse-nt0\/","title":{"rendered":"Fusibile a bassa tensione NT NT0"},"content":{"rendered":"<pre class=\"wp-block-verse\"><strong>Applicazione<\/strong>\n\nIl fusibile a bassa tensione NT \u00e8 leggero, di piccole dimensioni, con bassa perdita di potenza e alta capacit\u00e0 di interruzione. Questo prodotto \u00e8 stato ampiamente utilizzato nella protezione da sovraccarico e cortocircuito di installazioni elettriche. Questo prodotto \u00e8 conforme a IEC-60269.\n\n\n<strong>Specificazione<\/strong>\n\n<\/pre>\n\n\n<table style=\"border-collapse: collapse; width: 492.02pt;\" border=\"0\" width=\"656\" cellspacing=\"0\" cellpadding=\"0\">\n<tbody>\n<tr style=\"height: 21.00pt;\">\n<td class=\"et3\" style=\"height: 90.75pt; width: 111.75pt;\" rowspan=\"2\" width=\"149\" height=\"121\">Modello<\/td>\n<td class=\"et3\" style=\"width: 255.75pt;\" colspan=\"3\" width=\"341\">Collegamento fusibile<\/td>\n<td class=\"et4\" style=\"width: 124.50pt;\" colspan=\"2\" width=\"166\">Base fusibile<\/td>\n<\/tr>\n<tr style=\"height: 69.75pt;\">\n<td class=\"et4\" style=\"width: 77.25pt;\" width=\"103\">Corrente nominale (A)<\/td>\n<td class=\"et4\" style=\"width: 66.00pt;\" width=\"88\">Tensione nominale)<\/td>\n<td class=\"et4\" style=\"width: 112.50pt;\" width=\"150\">Perdita di potenza nominale (w)<\/td>\n<td class=\"et4\" style=\"width: 51.75pt;\" width=\"69\">Modello<\/td>\n<td class=\"et4\" style=\"width: 72.75pt;\" width=\"97\">Corrente nominale (A)<\/td>\n<\/tr>\n<tr style=\"height: 23.25pt;\">\n<td class=\"et4\" style=\"height: 292.50pt; width: 111.75pt;\" rowspan=\"13\" width=\"149\" height=\"390\">NTO<\/td>\n<td class=\"et4\" style=\"width: 77.25pt;\" width=\"103\">6<\/td>\n<td class=\"et4\" style=\"width: 66.00pt;\" rowspan=\"11\" width=\"88\">500\/660<\/td>\n<td class=\"et4\" style=\"width: 112.50pt;\" width=\"150\">1.03<\/td>\n<td class=\"et4\" style=\"width: 51.75pt;\" rowspan=\"13\" width=\"69\">Sorella 160<\/td>\n<td class=\"et4\" style=\"width: 72.75pt;\" rowspan=\"13\" width=\"97\">160<\/td>\n<\/tr>\n<tr style=\"height: 23.25pt;\">\n<td class=\"et4\" style=\"width: 77.25pt;\" width=\"103\">10<\/td>\n<td class=\"et4\" style=\"width: 112.50pt;\" width=\"150\">1.42<\/td>\n<\/tr>\n<tr style=\"height: 23.25pt;\">\n<td class=\"et4\" style=\"width: 77.25pt;\" width=\"103\">16<\/td>\n<td class=\"et4\" style=\"width: 112.50pt;\" width=\"150\">2.45<\/td>\n<\/tr>\n<tr style=\"height: 23.25pt;\">\n<td class=\"et4\" style=\"width: 77.25pt;\" width=\"103\">20<\/td>\n<td class=\"et4\" style=\"width: 112.50pt;\" width=\"150\">2.36<\/td>\n<\/tr>\n<tr style=\"height: 23.25pt;\">\n<td class=\"et4\" style=\"width: 77.25pt;\" width=\"103\">25<\/td>\n<td class=\"et4\" style=\"width: 112.50pt;\" width=\"150\">2.7<\/td>\n<\/tr>\n<tr style=\"height: 23.25pt;\">\n<td class=\"et4\" style=\"width: 77.25pt;\" width=\"103\">32<\/td>\n<td class=\"et4\" style=\"width: 112.50pt;\" width=\"150\">3.74<\/td>\n<\/tr>\n<tr style=\"height: 23.25pt;\">\n<td class=\"et4\" style=\"width: 77.25pt;\" width=\"103\">40<\/td>\n<td class=\"et4\" style=\"width: 112.50pt;\" width=\"150\">4.7<\/td>\n<\/tr>\n<tr style=\"height: 21.00pt;\">\n<td class=\"et4\" style=\"width: 77.25pt;\" width=\"103\">50<\/td>\n<td class=\"et4\" style=\"width: 112.50pt;\" width=\"150\">5.5<\/td>\n<\/tr>\n<tr style=\"height: 23.25pt;\">\n<td class=\"et4\" style=\"width: 77.25pt;\" width=\"103\">63<\/td>\n<td class=\"et4\" style=\"width: 112.50pt;\" width=\"150\">6.9<\/td>\n<\/tr>\n<tr style=\"height: 23.25pt;\">\n<td class=\"et4\" style=\"width: 77.25pt;\" width=\"103\">80<\/td>\n<td class=\"et4\" style=\"width: 112.50pt;\" width=\"150\">7.6<\/td>\n<\/tr>\n<tr style=\"height: 23.25pt;\">\n<td class=\"et4\" style=\"width: 77.25pt;\" width=\"103\">100<\/td>\n<td class=\"et4\" style=\"width: 112.50pt;\" width=\"150\">8.9<\/td>\n<\/tr>\n<tr style=\"height: 23.25pt;\">\n<td class=\"et4\" style=\"width: 77.25pt;\" width=\"103\">125<\/td>\n<td class=\"et4\" style=\"width: 66.00pt;\" rowspan=\"2\" width=\"88\">500<\/td>\n<td class=\"et4\" style=\"width: 112.50pt;\" width=\"150\">10.1<\/td>\n<\/tr>\n<tr style=\"height: 15.75pt;\">\n<td class=\"et4\" style=\"width: 77.25pt;\" width=\"103\">160<\/td>\n<td class=\"et4\" style=\"width: 112.50pt;\" width=\"150\">15.2<\/td>\n<\/tr>\n<\/tbody>\n<\/table>\n\n\n<p><\/p>","protected":false},"parent":0,"template":"","product_category":[24,88],"class_list":["post-2496","product","type-product","status-publish","hentry","product_category-power-distribution-system","product_category-fuse"],"yoast_head":"<!-- This site is optimized with the Yoast SEO plugin v27.5 - https:\/\/yoast.com\/product\/yoast-seo-wordpress\/ -->\n<title>WholesaleNT Low Voltage Fuse NT0 - TOSUNlux Official Site - Electrical Circuit Breaker Manufacturer in China Low Voltage Electrical Supplier | TOSUNlux<\/title>\n<meta name=\"description\" content=\"NT Low Voltage Fuse NT0 Supplier - Wholesale direct from TOSUNlux, a trusted manufacturer since 1994. Get your B2B factory quote on our certified Low Voltage electrical products.\" \/>\n<meta name=\"robots\" content=\"index, follow, max-snippet:-1, max-image-preview:large, max-video-preview:-1\" \/>\n<link rel=\"canonical\" href=\"https:\/\/www.tosunlux.eu\/it\/products\/nt-low-voltage-fuse-nt0\/\" \/>\n<meta property=\"og:locale\" content=\"it_IT\" \/>\n<meta property=\"og:type\" content=\"article\" \/>\n<meta property=\"og:title\" content=\"WholesaleNT Low Voltage Fuse NT0 - TOSUNlux Official Site - Electrical Circuit Breaker Manufacturer in China Low Voltage Electrical Supplier | TOSUNlux\" \/>\n<meta property=\"og:description\" content=\"NT Low Voltage Fuse NT0 Supplier - Wholesale direct from TOSUNlux, a trusted manufacturer since 1994. Get your B2B factory quote on our certified Low Voltage electrical products.\" \/>\n<meta property=\"og:url\" content=\"https:\/\/www.tosunlux.eu\/it\/products\/nt-low-voltage-fuse-nt0\/\" \/>\n<meta property=\"og:site_name\" content=\"TOSUNlux Official Site - Electrical Circuit Breaker Manufacturer in China\" \/>\n<meta property=\"article:publisher\" content=\"https:\/\/www.facebook.com\/TOSUNelectric\/\" \/>\n<meta property=\"article:modified_time\" content=\"2022-05-11T03:08:09+00:00\" \/>\n<meta property=\"og:image\" content=\"https:\/\/www.tosunlux.eu\/wp-content\/uploads\/2023\/04\/DSC08160_\u526f\u672c.jpg\" \/>\n\t<meta property=\"og:image:width\" content=\"1500\" \/>\n\t<meta property=\"og:image:height\" content=\"940\" \/>\n\t<meta property=\"og:image:type\" content=\"image\/jpeg\" \/>\n<meta name=\"twitter:card\" content=\"summary_large_image\" \/>\n<meta name=\"twitter:label1\" content=\"Tempo di lettura stimato\" \/>\n\t<meta name=\"twitter:data1\" content=\"1 minuto\" \/>\n<script type=\"application\/ld+json\" class=\"yoast-schema-graph\">{\"@context\":\"https:\\\/\\\/schema.org\",\"@graph\":[{\"@type\":\"WebPage\",\"@id\":\"https:\\\/\\\/www.tosunlux.eu\\\/es\\\/products\\\/nt-low-voltage-fuse-nt0\\\/\",\"url\":\"https:\\\/\\\/www.tosunlux.eu\\\/es\\\/products\\\/nt-low-voltage-fuse-nt0\\\/\",\"name\":\"WholesaleNT Low Voltage Fuse NT0 - TOSUNlux Official Site - Electrical Circuit Breaker Manufacturer in China Low Voltage Electrical Supplier | TOSUNlux\",\"isPartOf\":{\"@id\":\"https:\\\/\\\/www.tosunlux.eu\\\/ru\\\/#website\"},\"datePublished\":\"2022-05-11T03:06:03+00:00\",\"dateModified\":\"2022-05-11T03:08:09+00:00\",\"description\":\"NT Low Voltage Fuse NT0 Supplier - Wholesale direct from TOSUNlux, a trusted manufacturer since 1994. Get your B2B factory quote on our certified Low Voltage electrical products.\",\"breadcrumb\":{\"@id\":\"https:\\\/\\\/www.tosunlux.eu\\\/es\\\/products\\\/nt-low-voltage-fuse-nt0\\\/#breadcrumb\"},\"inLanguage\":\"it-IT\",\"potentialAction\":[{\"@type\":\"ReadAction\",\"target\":[\"https:\\\/\\\/www.tosunlux.eu\\\/es\\\/products\\\/nt-low-voltage-fuse-nt0\\\/\"]}]},{\"@type\":\"BreadcrumbList\",\"@id\":\"https:\\\/\\\/www.tosunlux.eu\\\/es\\\/products\\\/nt-low-voltage-fuse-nt0\\\/#breadcrumb\",\"itemListElement\":[{\"@type\":\"ListItem\",\"position\":1,\"name\":\"Home\",\"item\":\"https:\\\/\\\/www.tosunlux.eu\\\/ru\\\/\"},{\"@type\":\"ListItem\",\"position\":2,\"name\":\"Products\",\"item\":\"https:\\\/\\\/www.tosunlux.eu\\\/products\\\/\"},{\"@type\":\"ListItem\",\"position\":3,\"name\":\"NT Low Voltage Fuse NT0\"}]},{\"@type\":\"WebSite\",\"@id\":\"https:\\\/\\\/www.tosunlux.eu\\\/ru\\\/#website\",\"url\":\"https:\\\/\\\/www.tosunlux.eu\\\/ru\\\/\",\"name\":\"TOSUNlux Official Site - Electrical Circuit Breaker Manufacturer in China\",\"description\":\"Power Distribution System Supplier\",\"publisher\":{\"@id\":\"https:\\\/\\\/www.tosunlux.eu\\\/ru\\\/#organization\"},\"alternateName\":\"TOSUNlux\",\"potentialAction\":[{\"@type\":\"SearchAction\",\"target\":{\"@type\":\"EntryPoint\",\"urlTemplate\":\"https:\\\/\\\/www.tosunlux.eu\\\/ru\\\/?s={search_term_string}\"},\"query-input\":{\"@type\":\"PropertyValueSpecification\",\"valueRequired\":true,\"valueName\":\"search_term_string\"}}],\"inLanguage\":\"it-IT\"},{\"@type\":\"Organization\",\"@id\":\"https:\\\/\\\/www.tosunlux.eu\\\/ru\\\/#organization\",\"name\":\"TOSUNlux\",\"url\":\"https:\\\/\\\/www.tosunlux.eu\\\/ru\\\/\",\"logo\":{\"@type\":\"ImageObject\",\"inLanguage\":\"it-IT\",\"@id\":\"https:\\\/\\\/www.tosunlux.eu\\\/ru\\\/#\\\/schema\\\/logo\\\/image\\\/\",\"url\":\"https:\\\/\\\/www.tosunlux.eu\\\/wp-content\\\/uploads\\\/2022\\\/01\\\/LOGOSYSM.71762f1.png\",\"contentUrl\":\"https:\\\/\\\/www.tosunlux.eu\\\/wp-content\\\/uploads\\\/2022\\\/01\\\/LOGOSYSM.71762f1.png\",\"width\":153,\"height\":55,\"caption\":\"TOSUNlux\"},\"image\":{\"@id\":\"https:\\\/\\\/www.tosunlux.eu\\\/ru\\\/#\\\/schema\\\/logo\\\/image\\\/\"},\"sameAs\":[\"https:\\\/\\\/www.facebook.com\\\/TOSUNelectric\\\/\",\"https:\\\/\\\/www.linkedin.com\\\/company\\\/wenzhou-tosun-electric-co.-ltd\\\/\"]}]}<\/script>\n<!-- \/ Yoast SEO plugin. -->","yoast_head_json":{"title":"WholesaleNT Fusibile a bassa tensione NT0 - Sito ufficiale TOSUNlux - Produttore di interruttori automatici elettrici in Cina Fornitore di apparecchiature elettriche a bassa tensione | TOSUNlux","description":"Fornitore di fusibili a bassa tensione NT NT0 - Vendita all&#039;ingrosso diretta da TOSUNlux, un produttore affidabile dal 1994. Ottieni un preventivo di fabbrica B2B sui nostri prodotti elettrici a bassa tensione certificati.","robots":{"index":"index","follow":"follow","max-snippet":"max-snippet:-1","max-image-preview":"max-image-preview:large","max-video-preview":"max-video-preview:-1"},"canonical":"https:\/\/www.tosunlux.eu\/it\/products\/nt-low-voltage-fuse-nt0\/","og_locale":"it_IT","og_type":"article","og_title":"WholesaleNT Low Voltage Fuse NT0 - TOSUNlux Official Site - Electrical Circuit Breaker Manufacturer in China Low Voltage Electrical Supplier | TOSUNlux","og_description":"NT Low Voltage Fuse NT0 Supplier - Wholesale direct from TOSUNlux, a trusted manufacturer since 1994. Get your B2B factory quote on our certified Low Voltage electrical products.","og_url":"https:\/\/www.tosunlux.eu\/it\/products\/nt-low-voltage-fuse-nt0\/","og_site_name":"TOSUNlux Official Site - Electrical Circuit Breaker Manufacturer in China","article_publisher":"https:\/\/www.facebook.com\/TOSUNelectric\/","article_modified_time":"2022-05-11T03:08:09+00:00","og_image":[{"width":1500,"height":940,"url":"https:\/\/www.tosunlux.eu\/wp-content\/uploads\/2023\/04\/DSC08160_\u526f\u672c.jpg","type":"image\/jpeg"}],"twitter_card":"summary_large_image","twitter_misc":{"Tempo di lettura stimato":"1 minuto"},"schema":{"@context":"https:\/\/schema.org","@graph":[{"@type":"WebPage","@id":"https:\/\/www.tosunlux.eu\/es\/products\/nt-low-voltage-fuse-nt0\/","url":"https:\/\/www.tosunlux.eu\/es\/products\/nt-low-voltage-fuse-nt0\/","name":"WholesaleNT Fusibile a bassa tensione NT0 - Sito ufficiale TOSUNlux - Produttore di interruttori automatici elettrici in Cina Fornitore di apparecchiature elettriche a bassa tensione | TOSUNlux","isPartOf":{"@id":"https:\/\/www.tosunlux.eu\/ru\/#website"},"datePublished":"2022-05-11T03:06:03+00:00","dateModified":"2022-05-11T03:08:09+00:00","description":"Fornitore di fusibili a bassa tensione NT NT0 - Vendita all&#039;ingrosso diretta da TOSUNlux, un produttore affidabile dal 1994. Ottieni un preventivo di fabbrica B2B sui nostri prodotti elettrici a bassa tensione certificati.","breadcrumb":{"@id":"https:\/\/www.tosunlux.eu\/es\/products\/nt-low-voltage-fuse-nt0\/#breadcrumb"},"inLanguage":"it-IT","potentialAction":[{"@type":"ReadAction","target":["https:\/\/www.tosunlux.eu\/es\/products\/nt-low-voltage-fuse-nt0\/"]}]},{"@type":"BreadcrumbList","@id":"https:\/\/www.tosunlux.eu\/es\/products\/nt-low-voltage-fuse-nt0\/#breadcrumb","itemListElement":[{"@type":"ListItem","position":1,"name":"Home","item":"https:\/\/www.tosunlux.eu\/ru\/"},{"@type":"ListItem","position":2,"name":"Products","item":"https:\/\/www.tosunlux.eu\/products\/"},{"@type":"ListItem","position":3,"name":"NT Low Voltage Fuse NT0"}]},{"@type":"WebSite","@id":"https:\/\/www.tosunlux.eu\/ru\/#website","url":"https:\/\/www.tosunlux.eu\/ru\/","name":"Sito ufficiale TOSUNlux - Produttore di interruttori elettrici in Cina","description":"Fornitore di sistemi di distribuzione di energia","publisher":{"@id":"https:\/\/www.tosunlux.eu\/ru\/#organization"},"alternateName":"TOSUNlux","potentialAction":[{"@type":"SearchAction","target":{"@type":"EntryPoint","urlTemplate":"https:\/\/www.tosunlux.eu\/ru\/?s={search_term_string}"},"query-input":{"@type":"PropertyValueSpecification","valueRequired":true,"valueName":"search_term_string"}}],"inLanguage":"it-IT"},{"@type":"Organization","@id":"https:\/\/www.tosunlux.eu\/ru\/#organization","name":"TOSUNlux","url":"https:\/\/www.tosunlux.eu\/ru\/","logo":{"@type":"ImageObject","inLanguage":"it-IT","@id":"https:\/\/www.tosunlux.eu\/ru\/#\/schema\/logo\/image\/","url":"https:\/\/www.tosunlux.eu\/wp-content\/uploads\/2022\/01\/LOGOSYSM.71762f1.png","contentUrl":"https:\/\/www.tosunlux.eu\/wp-content\/uploads\/2022\/01\/LOGOSYSM.71762f1.png","width":153,"height":55,"caption":"TOSUNlux"},"image":{"@id":"https:\/\/www.tosunlux.eu\/ru\/#\/schema\/logo\/image\/"},"sameAs":["https:\/\/www.facebook.com\/TOSUNelectric\/","https:\/\/www.linkedin.com\/company\/wenzhou-tosun-electric-co.-ltd\/"]}]}},"_links":{"self":[{"href":"https:\/\/www.tosunlux.eu\/it\/wp-json\/wp\/v2\/product\/2496","targetHints":{"allow":["GET"]}}],"collection":[{"href":"https:\/\/www.tosunlux.eu\/it\/wp-json\/wp\/v2\/product"}],"about":[{"href":"https:\/\/www.tosunlux.eu\/it\/wp-json\/wp\/v2\/types\/product"}],"version-history":[{"count":0,"href":"https:\/\/www.tosunlux.eu\/it\/wp-json\/wp\/v2\/product\/2496\/revisions"}],"wp:attachment":[{"href":"https:\/\/www.tosunlux.eu\/it\/wp-json\/wp\/v2\/media?parent=2496"}],"wp:term":[{"taxonomy":"product_category","embeddable":true,"href":"https:\/\/www.tosunlux.eu\/it\/wp-json\/wp\/v2\/product_category?post=2496"}],"curies":[{"name":"wp","href":"https:\/\/api.w.org\/{rel}","templated":true}]}}