{"id":2846,"date":"2022-05-14T16:02:45","date_gmt":"2022-05-14T08:02:45","guid":{"rendered":"https:\/\/www.tosunlux.eu\/?post_type=product&#038;p=2846"},"modified":"2022-05-14T16:03:41","modified_gmt":"2022-05-14T08:03:41","slug":"tsu1-surge-protector","status":"publish","type":"product","link":"https:\/\/www.tosunlux.eu\/it\/products\/tsu1-surge-protector\/","title":{"rendered":"Protezione da sovratensione TSU1"},"content":{"rendered":"<p><strong>Applicazione<\/strong><\/p>\n\n\n\n<p>Il limitatore di sovratensione TSU1 \u00e8 principalmente applicato per limitare il valore di ampiezza della sovratensione transitoria, assorbendo, consumando, scaricando l&#039;energia della corrente di picco nel cablaggio elettrico di CA 50\/60 Hz, tensione di lavoro nominale 230 V, capacit\u00e0 di flusso di picco non superiore a 50 A. \u00c8 utilizzato in caso di sovratensione di tipo pi\u00f9 elevato che pu\u00f2 far s\u00ec che il componente elettrico protetto passi da un tipo di sovratensione a un altro tipo di sovratensione inferiore. \u00c8 adattato per comporre apparecchiature elettriche combinate con altre apparecchiature elettriche terminali del modulo in modo che possa aumentare i tipi di installazione ed espandere la gamma di utilizzo o ridurre ulteriormente la sovratensione sui terminali di utilizzo per proteggere TV, audio hi-fi e tali tipi di elettrodomestici o strutture come computer, microcomputer. Il protettore si applica all&#039;utilizzo di energia per uso domestico e luoghi simili, strutture per l&#039;immissione di circuiti nel colpo diretto del tuono o per la protezione dai danni della corrente di picco causata da un parafulmine esterno. I prodotti sono conformi a IEC61643.<\/p>\n\n\n\n<p><\/p>\n\n\n\n<p><strong>Specificazione<\/strong><\/p>\n\n\n<table style=\"border-collapse: collapse; width: 390.77pt;\" border=\"0\" width=\"521\" cellspacing=\"0\" cellpadding=\"0\">\n<tbody>\n<tr style=\"height: 12.75pt;\">\n<td style=\"height: 12.75pt; width: 222.00pt;\" width=\"296\" height=\"17\">Numero di poli<\/td>\n<td class=\"et2\" style=\"width: 168.75pt; text-align: center;\" width=\"225\">1P, 1P+N, 3P, 3P+N<\/td>\n<\/tr>\n<tr style=\"height: 12.75pt;\">\n<td style=\"height: 12.75pt;\" height=\"17\">Impostazione termica in (A)<\/td>\n<td class=\"et2\" style=\"text-align: center;\">6,10,16,20,25,32,40<\/td>\n<\/tr>\n<tr style=\"height: 12.75pt;\">\n<td style=\"height: 12.75pt;\" height=\"17\">Caratteristica di sgancio<\/td>\n<td class=\"et2\" style=\"text-align: center;\">B,S<\/td>\n<\/tr>\n<tr style=\"height: 12.75pt;\">\n<td style=\"height: 12.75pt; text-align: left;\" height=\"17\">Tensione nominale AC Un(V)<\/td>\n<td class=\"et2\" style=\"text-align: center;\">240<\/td>\n<\/tr>\n<tr style=\"height: 12.75pt;\">\n<td style=\"height: 12.75pt;\" height=\"17\">Tensione minima di esercizio UBmin(V)<\/td>\n<td class=\"et2\" style=\"text-align: center;\">100<\/td>\n<\/tr>\n<tr style=\"height: 12.75pt;\">\n<td style=\"height: 12.75pt;\" height=\"17\">Resistenza meccanica elettrica<\/td>\n<td class=\"et2\" style=\"text-align: center;\">20000\/10000<\/td>\n<\/tr>\n<tr style=\"height: 12.75pt;\">\n<td style=\"height: 12.75pt;\" height=\"17\">Capacit\u00e0 terminale Cavo flessibile\/rigido (mm2)<\/td>\n<td class=\"et2\" style=\"text-align: center;\">Terminale inferiore: 16-25<\/td>\n<\/tr>\n<tr style=\"height: 12.75pt;\">\n<td style=\"height: 12.75pt;\" height=\"17\">Resistenza agli inciampi indesiderati<\/td>\n<td class=\"et2\" style=\"text-align: center;\">250A8\/20\u03bcs<\/td>\n<\/tr>\n<tr style=\"height: 12.75pt;\">\n<td style=\"height: 12.75pt;\" height=\"17\">Temperatura ambiente (\u00baC).<\/td>\n<td class=\"et2\" style=\"text-align: center;\">-5~+55<\/td>\n<\/tr>\n<\/tbody>\n<\/table>\n<p>\u00a0<\/p>\n<p><strong>Parametro tecnico<\/strong><\/p>\n<table style=\"border-collapse: collapse; width: 567.77pt;\" border=\"0\" width=\"757\" cellspacing=\"0\" cellpadding=\"0\">\n<tbody>\n<tr style=\"height: 12.75pt;\">\n<td style=\"height: 12.75pt; width: 205.50pt;\" width=\"274\" height=\"17\">Classe di protezione<\/td>\n<td class=\"et2\" style=\"width: 123.75pt; text-align: center;\" width=\"165\">classe B<\/td>\n<td class=\"et2\" style=\"width: 132pt; text-align: center;\" width=\"176\">classe C<\/td>\n<td class=\"et2\" style=\"width: 106.5pt; text-align: center;\" width=\"142\">classe D<\/td>\n<\/tr>\n<tr style=\"height: 12.75pt;\">\n<td style=\"height: 12.75pt; text-align: left;\" height=\"17\">Corrente nominale (kA)<\/td>\n<td class=\"et2\" style=\"text-align: center;\">40-65<\/td>\n<td class=\"et2\" style=\"text-align: center;\">15-40<\/td>\n<td class=\"et2\" style=\"text-align: center;\">8-15<\/td>\n<\/tr>\n<tr style=\"height: 12.75pt;\">\n<td style=\"height: 12.75pt;\" height=\"17\">Tempo di reazione (tr)<\/td>\n<td class=\"et2\" style=\"text-align: center;\">&lt;25 ns<\/td>\n<td class=\"et2\" style=\"text-align: center;\">&lt;25 ns<\/td>\n<td class=\"et2\" style=\"text-align: center;\">&lt;25 ns<\/td>\n<\/tr>\n<tr style=\"height: 12.75pt;\">\n<td style=\"height: 12.75pt;\" height=\"17\">Livello di tensione di protezione (Su)<\/td>\n<td class=\"et2\" style=\"text-align: center;\">&lt;2,0 kV<\/td>\n<td class=\"et2\" style=\"text-align: center;\">&lt;1,8 kV<\/td>\n<td class=\"et2\" style=\"text-align: center;\">&lt;1,5 kV<\/td>\n<\/tr>\n<tr style=\"height: 12.75pt;\">\n<td style=\"height: 12.75pt;\" height=\"17\">Tensione massima di lavoro persistente (Ue)<\/td>\n<td class=\"et2\" style=\"text-align: center;\">275\/440 V CA<\/td>\n<td class=\"et2\" style=\"text-align: center;\">275\/440 V CA<\/td>\n<td class=\"et2\" style=\"text-align: center;\">275\/440 V CA<\/td>\n<\/tr>\n<tr style=\"height: 12.75pt;\">\n<td style=\"height: 12.75pt;\" height=\"17\">Corrente di scarica nominale (In)<\/td>\n<td class=\"et2\" style=\"text-align: center;\">25 kA (10\/350) \u03bcs<\/td>\n<td class=\"et2\" style=\"text-align: center;\">10kA, 15kA (8\/20)\u03bcs<\/td>\n<td class=\"et2\" style=\"text-align: center;\">2,5 kA, 5 kA (8\/20) \u03bcs<\/td>\n<\/tr>\n<tr style=\"height: 12.75pt;\">\n<td style=\"height: 12.75pt; text-align: left;\" height=\"17\">Corrente di scarica massima (lmax)<\/td>\n<td class=\"et2\" style=\"text-align: center;\">50 kA (8\/80) \u03bcs<\/td>\n<td class=\"et2\" style=\"text-align: center;\">30kA.40kA (8\/20)\u03bcs<\/td>\n<td class=\"et2\" style=\"text-align: center;\">5kA, 10kA (8\/20)\u03bcs<\/td>\n<\/tr>\n<tr style=\"height: 12.75pt;\">\n<td style=\"height: 12.75pt;\" height=\"17\">Fusibile di protezione di riserva massima<\/td>\n<td class=\"et2\" style=\"text-align: center;\">250A gl<\/td>\n<td class=\"et2\" style=\"text-align: center;\">125A gl<\/td>\n<td class=\"et2\" style=\"text-align: center;\">63A gl<\/td>\n<\/tr>\n<tr style=\"height: 12.75pt;\">\n<td style=\"height: 12.75pt;\" height=\"17\">Tolleranza al cortocircuito<\/td>\n<td class=\"et2\" style=\"text-align: center;\">10kA<\/td>\n<td class=\"et2\" style=\"text-align: center;\">10kA<\/td>\n<td class=\"et2\" style=\"text-align: center;\">10kA<\/td>\n<\/tr>\n<tr style=\"height: 12.75pt;\">\n<td style=\"height: 12.75pt;\" height=\"17\">Intervallo di temperatura ambiente di lavoro<\/td>\n<td class=\"et2\" style=\"text-align: center;\" colspan=\"3\">-40\u00b0C~70\u00b0C<\/td>\n<\/tr>\n<tr style=\"height: 12.75pt;\">\n<td style=\"height: 12.75pt;\" height=\"17\">Tensione di esercizio nominale (V)<\/td>\n<td class=\"et2\" style=\"text-align: center;\" colspan=\"3\">230,400<\/td>\n<\/tr>\n<\/tbody>\n<\/table>","protected":false},"parent":0,"template":"","product_category":[84],"class_list":["post-2846","product","type-product","status-publish","hentry","product_category-surge-protector"],"yoast_head":"<!-- This site is optimized with the Yoast SEO plugin v27.4 - https:\/\/yoast.com\/product\/yoast-seo-wordpress\/ -->\n<title>WholesaleTSU1 Surge Protector - TOSUNlux Official Site - Electrical Circuit Breaker Manufacturer in China Low Voltage Electrical Supplier | TOSUNlux<\/title>\n<meta name=\"description\" content=\"TSU1 Surge Protector Supplier - Wholesale direct from TOSUNlux, a trusted manufacturer since 1994. Get your B2B factory quote on our certified Low Voltage electrical products.\" \/>\n<meta name=\"robots\" content=\"index, follow, max-snippet:-1, max-image-preview:large, max-video-preview:-1\" \/>\n<link rel=\"canonical\" href=\"https:\/\/www.tosunlux.eu\/it\/products\/tsu1-surge-protector\/\" \/>\n<meta property=\"og:locale\" content=\"it_IT\" \/>\n<meta property=\"og:type\" content=\"article\" \/>\n<meta property=\"og:title\" content=\"WholesaleTSU1 Surge Protector - TOSUNlux Official Site - Electrical Circuit Breaker Manufacturer in China Low Voltage Electrical Supplier | TOSUNlux\" \/>\n<meta property=\"og:description\" content=\"TSU1 Surge Protector Supplier - Wholesale direct from TOSUNlux, a trusted manufacturer since 1994. Get your B2B factory quote on our certified Low Voltage electrical products.\" \/>\n<meta property=\"og:url\" content=\"https:\/\/www.tosunlux.eu\/it\/products\/tsu1-surge-protector\/\" \/>\n<meta property=\"og:site_name\" content=\"TOSUNlux Official Site - Electrical Circuit Breaker Manufacturer in China\" \/>\n<meta property=\"article:publisher\" content=\"https:\/\/www.facebook.com\/TOSUNelectric\/\" \/>\n<meta property=\"article:modified_time\" content=\"2022-05-14T08:03:41+00:00\" \/>\n<meta property=\"og:image\" content=\"https:\/\/www.tosunlux.eu\/wp-content\/uploads\/2023\/04\/DSC08160_\u526f\u672c.jpg\" \/>\n\t<meta property=\"og:image:width\" content=\"1500\" \/>\n\t<meta property=\"og:image:height\" content=\"940\" \/>\n\t<meta property=\"og:image:type\" content=\"image\/jpeg\" \/>\n<meta name=\"twitter:card\" content=\"summary_large_image\" \/>\n<meta name=\"twitter:label1\" content=\"Tempo di lettura stimato\" \/>\n\t<meta name=\"twitter:data1\" content=\"2 minuti\" \/>\n<script type=\"application\/ld+json\" class=\"yoast-schema-graph\">{\"@context\":\"https:\\\/\\\/schema.org\",\"@graph\":[{\"@type\":\"WebPage\",\"@id\":\"https:\\\/\\\/www.tosunlux.eu\\\/pt\\\/products\\\/tsu1-surge-protector\\\/\",\"url\":\"https:\\\/\\\/www.tosunlux.eu\\\/pt\\\/products\\\/tsu1-surge-protector\\\/\",\"name\":\"WholesaleTSU1 Surge Protector - TOSUNlux Official Site - Electrical Circuit Breaker Manufacturer in China Low Voltage Electrical Supplier | TOSUNlux\",\"isPartOf\":{\"@id\":\"https:\\\/\\\/www.tosunlux.eu\\\/ru\\\/#website\"},\"datePublished\":\"2022-05-14T08:02:45+00:00\",\"dateModified\":\"2022-05-14T08:03:41+00:00\",\"description\":\"TSU1 Surge Protector Supplier - Wholesale direct from TOSUNlux, a trusted manufacturer since 1994. Get your B2B factory quote on our certified Low Voltage electrical products.\",\"breadcrumb\":{\"@id\":\"https:\\\/\\\/www.tosunlux.eu\\\/pt\\\/products\\\/tsu1-surge-protector\\\/#breadcrumb\"},\"inLanguage\":\"it-IT\",\"potentialAction\":[{\"@type\":\"ReadAction\",\"target\":[\"https:\\\/\\\/www.tosunlux.eu\\\/pt\\\/products\\\/tsu1-surge-protector\\\/\"]}]},{\"@type\":\"BreadcrumbList\",\"@id\":\"https:\\\/\\\/www.tosunlux.eu\\\/pt\\\/products\\\/tsu1-surge-protector\\\/#breadcrumb\",\"itemListElement\":[{\"@type\":\"ListItem\",\"position\":1,\"name\":\"Home\",\"item\":\"https:\\\/\\\/www.tosunlux.eu\\\/ru\\\/\"},{\"@type\":\"ListItem\",\"position\":2,\"name\":\"Products\",\"item\":\"https:\\\/\\\/www.tosunlux.eu\\\/products\\\/\"},{\"@type\":\"ListItem\",\"position\":3,\"name\":\"TSU1 Surge Protector\"}]},{\"@type\":\"WebSite\",\"@id\":\"https:\\\/\\\/www.tosunlux.eu\\\/ru\\\/#website\",\"url\":\"https:\\\/\\\/www.tosunlux.eu\\\/ru\\\/\",\"name\":\"TOSUNlux Official Site - Electrical Circuit Breaker Manufacturer in China\",\"description\":\"Power Distribution System Supplier\",\"publisher\":{\"@id\":\"https:\\\/\\\/www.tosunlux.eu\\\/ru\\\/#organization\"},\"alternateName\":\"TOSUNlux\",\"potentialAction\":[{\"@type\":\"SearchAction\",\"target\":{\"@type\":\"EntryPoint\",\"urlTemplate\":\"https:\\\/\\\/www.tosunlux.eu\\\/ru\\\/?s={search_term_string}\"},\"query-input\":{\"@type\":\"PropertyValueSpecification\",\"valueRequired\":true,\"valueName\":\"search_term_string\"}}],\"inLanguage\":\"it-IT\"},{\"@type\":\"Organization\",\"@id\":\"https:\\\/\\\/www.tosunlux.eu\\\/ru\\\/#organization\",\"name\":\"TOSUNlux\",\"url\":\"https:\\\/\\\/www.tosunlux.eu\\\/ru\\\/\",\"logo\":{\"@type\":\"ImageObject\",\"inLanguage\":\"it-IT\",\"@id\":\"https:\\\/\\\/www.tosunlux.eu\\\/ru\\\/#\\\/schema\\\/logo\\\/image\\\/\",\"url\":\"https:\\\/\\\/www.tosunlux.eu\\\/wp-content\\\/uploads\\\/2022\\\/01\\\/LOGOSYSM.71762f1.png\",\"contentUrl\":\"https:\\\/\\\/www.tosunlux.eu\\\/wp-content\\\/uploads\\\/2022\\\/01\\\/LOGOSYSM.71762f1.png\",\"width\":153,\"height\":55,\"caption\":\"TOSUNlux\"},\"image\":{\"@id\":\"https:\\\/\\\/www.tosunlux.eu\\\/ru\\\/#\\\/schema\\\/logo\\\/image\\\/\"},\"sameAs\":[\"https:\\\/\\\/www.facebook.com\\\/TOSUNelectric\\\/\",\"https:\\\/\\\/www.linkedin.com\\\/company\\\/wenzhou-tosun-electric-co.-ltd\\\/\"]}]}<\/script>\n<!-- \/ Yoast SEO plugin. -->","yoast_head_json":{"title":"Protezione da sovratensioni WholesaleTSU1 - Sito ufficiale TOSUNlux - Produttore di interruttori automatici elettrici in Cina Fornitore di apparecchiature elettriche a bassa tensione | TOSUNlux","description":"Fornitore di protezioni contro le sovratensioni TSU1 - Vendita all&#039;ingrosso diretta da TOSUNlux, produttore affidabile dal 1994. Richiedi un preventivo B2B per i nostri prodotti elettrici a bassa tensione certificati.","robots":{"index":"index","follow":"follow","max-snippet":"max-snippet:-1","max-image-preview":"max-image-preview:large","max-video-preview":"max-video-preview:-1"},"canonical":"https:\/\/www.tosunlux.eu\/it\/products\/tsu1-surge-protector\/","og_locale":"it_IT","og_type":"article","og_title":"WholesaleTSU1 Surge Protector - TOSUNlux Official Site - Electrical Circuit Breaker Manufacturer in China Low Voltage Electrical Supplier | TOSUNlux","og_description":"TSU1 Surge Protector Supplier - Wholesale direct from TOSUNlux, a trusted manufacturer since 1994. Get your B2B factory quote on our certified Low Voltage electrical products.","og_url":"https:\/\/www.tosunlux.eu\/it\/products\/tsu1-surge-protector\/","og_site_name":"TOSUNlux Official Site - Electrical Circuit Breaker Manufacturer in China","article_publisher":"https:\/\/www.facebook.com\/TOSUNelectric\/","article_modified_time":"2022-05-14T08:03:41+00:00","og_image":[{"width":1500,"height":940,"url":"https:\/\/www.tosunlux.eu\/wp-content\/uploads\/2023\/04\/DSC08160_\u526f\u672c.jpg","type":"image\/jpeg"}],"twitter_card":"summary_large_image","twitter_misc":{"Tempo di lettura stimato":"2 minuti"},"schema":{"@context":"https:\/\/schema.org","@graph":[{"@type":"WebPage","@id":"https:\/\/www.tosunlux.eu\/pt\/products\/tsu1-surge-protector\/","url":"https:\/\/www.tosunlux.eu\/pt\/products\/tsu1-surge-protector\/","name":"Protezione da sovratensioni WholesaleTSU1 - Sito ufficiale TOSUNlux - Produttore di interruttori automatici elettrici in Cina Fornitore di apparecchiature elettriche a bassa tensione | TOSUNlux","isPartOf":{"@id":"https:\/\/www.tosunlux.eu\/ru\/#website"},"datePublished":"2022-05-14T08:02:45+00:00","dateModified":"2022-05-14T08:03:41+00:00","description":"Fornitore di protezioni contro le sovratensioni TSU1 - Vendita all&#039;ingrosso diretta da TOSUNlux, produttore affidabile dal 1994. Richiedi un preventivo B2B per i nostri prodotti elettrici a bassa tensione certificati.","breadcrumb":{"@id":"https:\/\/www.tosunlux.eu\/pt\/products\/tsu1-surge-protector\/#breadcrumb"},"inLanguage":"it-IT","potentialAction":[{"@type":"ReadAction","target":["https:\/\/www.tosunlux.eu\/pt\/products\/tsu1-surge-protector\/"]}]},{"@type":"BreadcrumbList","@id":"https:\/\/www.tosunlux.eu\/pt\/products\/tsu1-surge-protector\/#breadcrumb","itemListElement":[{"@type":"ListItem","position":1,"name":"Home","item":"https:\/\/www.tosunlux.eu\/ru\/"},{"@type":"ListItem","position":2,"name":"Products","item":"https:\/\/www.tosunlux.eu\/products\/"},{"@type":"ListItem","position":3,"name":"TSU1 Surge Protector"}]},{"@type":"WebSite","@id":"https:\/\/www.tosunlux.eu\/ru\/#website","url":"https:\/\/www.tosunlux.eu\/ru\/","name":"Sito ufficiale TOSUNlux - Produttore di interruttori elettrici in Cina","description":"Fornitore di sistemi di distribuzione di energia","publisher":{"@id":"https:\/\/www.tosunlux.eu\/ru\/#organization"},"alternateName":"TOSUNlux","potentialAction":[{"@type":"SearchAction","target":{"@type":"EntryPoint","urlTemplate":"https:\/\/www.tosunlux.eu\/ru\/?s={search_term_string}"},"query-input":{"@type":"PropertyValueSpecification","valueRequired":true,"valueName":"search_term_string"}}],"inLanguage":"it-IT"},{"@type":"Organization","@id":"https:\/\/www.tosunlux.eu\/ru\/#organization","name":"TOSUNlux","url":"https:\/\/www.tosunlux.eu\/ru\/","logo":{"@type":"ImageObject","inLanguage":"it-IT","@id":"https:\/\/www.tosunlux.eu\/ru\/#\/schema\/logo\/image\/","url":"https:\/\/www.tosunlux.eu\/wp-content\/uploads\/2022\/01\/LOGOSYSM.71762f1.png","contentUrl":"https:\/\/www.tosunlux.eu\/wp-content\/uploads\/2022\/01\/LOGOSYSM.71762f1.png","width":153,"height":55,"caption":"TOSUNlux"},"image":{"@id":"https:\/\/www.tosunlux.eu\/ru\/#\/schema\/logo\/image\/"},"sameAs":["https:\/\/www.facebook.com\/TOSUNelectric\/","https:\/\/www.linkedin.com\/company\/wenzhou-tosun-electric-co.-ltd\/"]}]}},"_links":{"self":[{"href":"https:\/\/www.tosunlux.eu\/it\/wp-json\/wp\/v2\/product\/2846","targetHints":{"allow":["GET"]}}],"collection":[{"href":"https:\/\/www.tosunlux.eu\/it\/wp-json\/wp\/v2\/product"}],"about":[{"href":"https:\/\/www.tosunlux.eu\/it\/wp-json\/wp\/v2\/types\/product"}],"version-history":[{"count":0,"href":"https:\/\/www.tosunlux.eu\/it\/wp-json\/wp\/v2\/product\/2846\/revisions"}],"wp:attachment":[{"href":"https:\/\/www.tosunlux.eu\/it\/wp-json\/wp\/v2\/media?parent=2846"}],"wp:term":[{"taxonomy":"product_category","embeddable":true,"href":"https:\/\/www.tosunlux.eu\/it\/wp-json\/wp\/v2\/product_category?post=2846"}],"curies":[{"name":"wp","href":"https:\/\/api.w.org\/{rel}","templated":true}]}}