{"id":2955,"date":"2022-05-16T14:02:58","date_gmt":"2022-05-16T06:02:58","guid":{"rendered":"https:\/\/www.tosunlux.eu\/?post_type=product&#038;p=2955"},"modified":"2022-05-16T14:02:58","modified_gmt":"2022-05-16T06:02:58","slug":"intelligent-digital-temperature-controller-ts-c","status":"publish","type":"product","link":"https:\/\/www.tosunlux.eu\/it\/products\/intelligent-digital-temperature-controller-ts-c\/","title":{"rendered":"Regolatore di temperatura digitale intelligente TS-C"},"content":{"rendered":"<p>Applicazione<\/p>\n\n\n\n<p>Il regolatore di temperatura digitale intelligente adotta la tecnologia avanzata del chip ASIC, che \u00e8 prodotto in piccole dimensioni e potentemente internazionale. Il prodotto \u00e8 prodotto secondo lo standard internazionale e utilizza un alimentatore switching ad ampio raggio 85-265VAC, con pi\u00f9 dimensioni di installazione. \u00c8 compatibile con la maggior parte degli strumenti di controllo\/regolazione industriali automatici nel mondo per quanto riguarda le specifiche delle prestazioni, le modalit\u00e0 di input, le funzioni di output e le dimensioni di installazione, quindi \u00e8 il livello avanzato internazionale.<\/p>\n\n\n\n<p>Funzione:<\/p>\n\n\n\n<p>\u00b7Imitare le onde del filtro digitale.<br>\u00b7I tubi numerici rossi e verdi visualizzano simultaneamente pv e sv.<br>\u00b7Regolazione PID digitale, tutti i dati vengono immessi tramite procedura del pannello.<br>\u00b7Funzione di revisione del sensore.<br>\u00b7Controllo software su gamma completa da 0, senza potenziometro.<br>\u00b7Controllo della commutazione manuale\/automatica senza interferenze.<br>\u00b7Funzione di protezione del blocco dati di seconda classe.<br>\u00b7Autoadattamento, autoregolazione.<\/p>\n\n\n<p>Specificazione<\/p>\n<table style=\"border-collapse: collapse; width: 288.02pt;\" border=\"0\" width=\"384\" cellspacing=\"0\" cellpadding=\"0\">\n<tbody>\n<tr style=\"height: 15.00pt;\">\n<td class=\"et2\" style=\"height: 15.00pt; width: 79.50pt;\" width=\"106\" height=\"20\">Modello<\/td>\n<td class=\"et2\" style=\"width: 104.25pt;\" width=\"139\">Dimensione<\/td>\n<td class=\"et2\" style=\"width: 104.25pt;\" width=\"139\">Dimensione del ritaglio<\/td>\n<\/tr>\n<tr style=\"height: 15.00pt;\">\n<td class=\"et2\" style=\"height: 15.00pt;\" height=\"20\">TS-C100<\/td>\n<td class=\"et2\">Dimensioni: 48x48x108<\/td>\n<td class=\"et2\">45\u00d745<\/td>\n<\/tr>\n<tr style=\"height: 15.00pt;\">\n<td class=\"et2\" style=\"height: 15.00pt;\" height=\"20\">TS-C400<\/td>\n<td class=\"et2\">Dimensioni: 48x96x113<\/td>\n<td class=\"et2\">45\u00d791<\/td>\n<\/tr>\n<tr style=\"height: 15.00pt;\">\n<td class=\"et2\" style=\"height: 15.00pt;\" height=\"20\">Modello TS-C700<\/td>\n<td class=\"et2\">Dimensioni: 72x72x113<\/td>\n<td class=\"et2\">68\u00d768<\/td>\n<\/tr>\n<tr style=\"height: 15.00pt;\">\n<td class=\"et2\" style=\"height: 15.00pt;\" height=\"20\">TS-C900<\/td>\n<td class=\"et2\">Dimensioni: 96x96x113<\/td>\n<td class=\"et2\">91\u00d791<\/td>\n<\/tr>\n<\/tbody>\n<\/table>\n<p>\u00a0<\/p>\n\n<table width=\"245\">\n<tbody>\n<tr>\n<td rowspan=\"7\" width=\"106\">Modalit\u00e0 di uscita<\/td>\n<td width=\"139\">0. Senza uscita<\/td>\n<\/tr>\n<tr>\n<td>1. Uscita contatto rel\u00e8<\/td>\n<\/tr>\n<tr>\n<td>2. Uscita di tensione di pilotaggio del rel\u00e8 a stato solido<\/td>\n<\/tr>\n<tr>\n<td>3. Uscita di corrente 0~10ma<\/td>\n<\/tr>\n<tr>\n<td>4. Uscita di corrente 4~20ma<\/td>\n<\/tr>\n<tr>\n<td>5. Segnale di uscita trigger Scr zero<\/td>\n<\/tr>\n<tr>\n<td>6. Uscita a tre posizioni<\/td>\n<\/tr>\n<tr>\n<td rowspan=\"5\">Modalit\u00e0 di immissione<\/td>\n<td>0. Termocoppia: jke s<\/td>\n<\/tr>\n<tr>\n<td>1. Resistenza termica: PT100, CU50<\/td>\n<\/tr>\n<tr>\n<td>2. Tensione standard: 0~5v<\/td>\n<\/tr>\n<tr>\n<td>3. Corrente standard: 0~10ma<\/td>\n<\/tr>\n<tr>\n<td>4. Corrente standard: 4~20ma<\/td>\n<\/tr>\n<tr>\n<td rowspan=\"7\">Modalit\u00e0 allarme<\/td>\n<td>1. Senza funzione di allarme<\/td>\n<\/tr>\n<tr>\n<td>2. Allarme valore assoluto superiore<\/td>\n<\/tr>\n<tr>\n<td>3. Allarme valore assoluto inferiore<\/td>\n<\/tr>\n<tr>\n<td>4. Allarme valore deviazione superiore<\/td>\n<\/tr>\n<tr>\n<td>5. Allarme valore di deviazione inferiore<\/td>\n<\/tr>\n<tr>\n<td>6. Allarme valore deviazione superiore e inferiore<\/td>\n<\/tr>\n<tr>\n<td>7. Allarme valore assoluto superiore e inferiore<\/td>\n<\/tr>\n<\/tbody>\n<\/table>\n\n\n<p><\/p>","protected":false},"parent":0,"template":"","product_category":[75,127],"class_list":["post-2955","product","type-product","status-publish","hentry","product_category-instruments","product_category-temperature-controller"],"yoast_head":"<!-- This site is optimized with the Yoast SEO plugin v27.5 - https:\/\/yoast.com\/product\/yoast-seo-wordpress\/ -->\n<title>WholesaleIntelligent Digital Temperature Controller TS-C - TOSUNlux Official Site - Electrical Circuit Breaker Manufacturer in China Low Voltage Electrical Supplier | TOSUNlux<\/title>\n<meta name=\"description\" content=\"Intelligent Digital Temperature Controller TS-C Supplier - Wholesale direct from TOSUNlux, a trusted manufacturer since 1994. Get your B2B factory quote on our certified Low Voltage electrical products.\" \/>\n<meta name=\"robots\" content=\"index, follow, max-snippet:-1, max-image-preview:large, max-video-preview:-1\" \/>\n<link rel=\"canonical\" href=\"https:\/\/www.tosunlux.eu\/it\/products\/intelligent-digital-temperature-controller-ts-c\/\" \/>\n<meta property=\"og:locale\" content=\"it_IT\" \/>\n<meta property=\"og:type\" content=\"article\" \/>\n<meta property=\"og:title\" content=\"WholesaleIntelligent Digital Temperature Controller TS-C - TOSUNlux Official Site - Electrical Circuit Breaker Manufacturer in China Low Voltage Electrical Supplier | TOSUNlux\" \/>\n<meta property=\"og:description\" content=\"Intelligent Digital Temperature Controller TS-C Supplier - Wholesale direct from TOSUNlux, a trusted manufacturer since 1994. Get your B2B factory quote on our certified Low Voltage electrical products.\" \/>\n<meta property=\"og:url\" content=\"https:\/\/www.tosunlux.eu\/it\/products\/intelligent-digital-temperature-controller-ts-c\/\" \/>\n<meta property=\"og:site_name\" content=\"TOSUNlux Official Site - Electrical Circuit Breaker Manufacturer in China\" \/>\n<meta property=\"article:publisher\" content=\"https:\/\/www.facebook.com\/TOSUNelectric\/\" \/>\n<meta property=\"og:image\" content=\"https:\/\/www.tosunlux.eu\/wp-content\/uploads\/2023\/04\/DSC08160_\u526f\u672c.jpg\" \/>\n\t<meta property=\"og:image:width\" content=\"1500\" \/>\n\t<meta property=\"og:image:height\" content=\"940\" \/>\n\t<meta property=\"og:image:type\" content=\"image\/jpeg\" \/>\n<meta name=\"twitter:card\" content=\"summary_large_image\" \/>\n<meta name=\"twitter:label1\" content=\"Tempo di lettura stimato\" \/>\n\t<meta name=\"twitter:data1\" content=\"2 minuti\" \/>\n<script type=\"application\/ld+json\" class=\"yoast-schema-graph\">{\"@context\":\"https:\\\/\\\/schema.org\",\"@graph\":[{\"@type\":\"WebPage\",\"@id\":\"https:\\\/\\\/www.tosunlux.eu\\\/el\\\/products\\\/intelligent-digital-temperature-controller-ts-c\\\/\",\"url\":\"https:\\\/\\\/www.tosunlux.eu\\\/el\\\/products\\\/intelligent-digital-temperature-controller-ts-c\\\/\",\"name\":\"WholesaleIntelligent Digital Temperature Controller TS-C - TOSUNlux Official Site - Electrical Circuit Breaker Manufacturer in China Low Voltage Electrical Supplier | TOSUNlux\",\"isPartOf\":{\"@id\":\"https:\\\/\\\/www.tosunlux.eu\\\/ru\\\/#website\"},\"datePublished\":\"2022-05-16T06:02:58+00:00\",\"description\":\"Intelligent Digital Temperature Controller TS-C Supplier - Wholesale direct from TOSUNlux, a trusted manufacturer since 1994. Get your B2B factory quote on our certified Low Voltage electrical products.\",\"breadcrumb\":{\"@id\":\"https:\\\/\\\/www.tosunlux.eu\\\/el\\\/products\\\/intelligent-digital-temperature-controller-ts-c\\\/#breadcrumb\"},\"inLanguage\":\"it-IT\",\"potentialAction\":[{\"@type\":\"ReadAction\",\"target\":[\"https:\\\/\\\/www.tosunlux.eu\\\/el\\\/products\\\/intelligent-digital-temperature-controller-ts-c\\\/\"]}]},{\"@type\":\"BreadcrumbList\",\"@id\":\"https:\\\/\\\/www.tosunlux.eu\\\/el\\\/products\\\/intelligent-digital-temperature-controller-ts-c\\\/#breadcrumb\",\"itemListElement\":[{\"@type\":\"ListItem\",\"position\":1,\"name\":\"Home\",\"item\":\"https:\\\/\\\/www.tosunlux.eu\\\/ru\\\/\"},{\"@type\":\"ListItem\",\"position\":2,\"name\":\"Products\",\"item\":\"https:\\\/\\\/www.tosunlux.eu\\\/products\\\/\"},{\"@type\":\"ListItem\",\"position\":3,\"name\":\"Intelligent Digital Temperature Controller TS-C\"}]},{\"@type\":\"WebSite\",\"@id\":\"https:\\\/\\\/www.tosunlux.eu\\\/ru\\\/#website\",\"url\":\"https:\\\/\\\/www.tosunlux.eu\\\/ru\\\/\",\"name\":\"TOSUNlux Official Site - Electrical Circuit Breaker Manufacturer in China\",\"description\":\"Power Distribution System Supplier\",\"publisher\":{\"@id\":\"https:\\\/\\\/www.tosunlux.eu\\\/ru\\\/#organization\"},\"alternateName\":\"TOSUNlux\",\"potentialAction\":[{\"@type\":\"SearchAction\",\"target\":{\"@type\":\"EntryPoint\",\"urlTemplate\":\"https:\\\/\\\/www.tosunlux.eu\\\/ru\\\/?s={search_term_string}\"},\"query-input\":{\"@type\":\"PropertyValueSpecification\",\"valueRequired\":true,\"valueName\":\"search_term_string\"}}],\"inLanguage\":\"it-IT\"},{\"@type\":\"Organization\",\"@id\":\"https:\\\/\\\/www.tosunlux.eu\\\/ru\\\/#organization\",\"name\":\"TOSUNlux\",\"url\":\"https:\\\/\\\/www.tosunlux.eu\\\/ru\\\/\",\"logo\":{\"@type\":\"ImageObject\",\"inLanguage\":\"it-IT\",\"@id\":\"https:\\\/\\\/www.tosunlux.eu\\\/ru\\\/#\\\/schema\\\/logo\\\/image\\\/\",\"url\":\"https:\\\/\\\/www.tosunlux.eu\\\/wp-content\\\/uploads\\\/2022\\\/01\\\/LOGOSYSM.71762f1.png\",\"contentUrl\":\"https:\\\/\\\/www.tosunlux.eu\\\/wp-content\\\/uploads\\\/2022\\\/01\\\/LOGOSYSM.71762f1.png\",\"width\":153,\"height\":55,\"caption\":\"TOSUNlux\"},\"image\":{\"@id\":\"https:\\\/\\\/www.tosunlux.eu\\\/ru\\\/#\\\/schema\\\/logo\\\/image\\\/\"},\"sameAs\":[\"https:\\\/\\\/www.facebook.com\\\/TOSUNelectric\\\/\",\"https:\\\/\\\/www.linkedin.com\\\/company\\\/wenzhou-tosun-electric-co.-ltd\\\/\"]}]}<\/script>\n<!-- \/ Yoast SEO plugin. -->","yoast_head_json":{"title":"WholesaleIntelligent Digital Temperature Controller TS-C - Sito ufficiale TOSUNlux - Produttore di interruttori automatici elettrici in Cina Fornitore di apparecchiature elettriche a bassa tensione | TOSUNlux","description":"Fornitore di regolatori di temperatura digitali intelligenti TS-C - Vendita all&#039;ingrosso diretta da TOSUNlux, produttore affidabile dal 1994. Richiedi un preventivo B2B per i nostri prodotti elettrici a bassa tensione certificati.","robots":{"index":"index","follow":"follow","max-snippet":"max-snippet:-1","max-image-preview":"max-image-preview:large","max-video-preview":"max-video-preview:-1"},"canonical":"https:\/\/www.tosunlux.eu\/it\/products\/intelligent-digital-temperature-controller-ts-c\/","og_locale":"it_IT","og_type":"article","og_title":"WholesaleIntelligent Digital Temperature Controller TS-C - TOSUNlux Official Site - Electrical Circuit Breaker Manufacturer in China Low Voltage Electrical Supplier | TOSUNlux","og_description":"Intelligent Digital Temperature Controller TS-C Supplier - Wholesale direct from TOSUNlux, a trusted manufacturer since 1994. Get your B2B factory quote on our certified Low Voltage electrical products.","og_url":"https:\/\/www.tosunlux.eu\/it\/products\/intelligent-digital-temperature-controller-ts-c\/","og_site_name":"TOSUNlux Official Site - Electrical Circuit Breaker Manufacturer in China","article_publisher":"https:\/\/www.facebook.com\/TOSUNelectric\/","og_image":[{"width":1500,"height":940,"url":"https:\/\/www.tosunlux.eu\/wp-content\/uploads\/2023\/04\/DSC08160_\u526f\u672c.jpg","type":"image\/jpeg"}],"twitter_card":"summary_large_image","twitter_misc":{"Tempo di lettura stimato":"2 minuti"},"schema":{"@context":"https:\/\/schema.org","@graph":[{"@type":"WebPage","@id":"https:\/\/www.tosunlux.eu\/el\/products\/intelligent-digital-temperature-controller-ts-c\/","url":"https:\/\/www.tosunlux.eu\/el\/products\/intelligent-digital-temperature-controller-ts-c\/","name":"WholesaleIntelligent Digital Temperature Controller TS-C - Sito ufficiale TOSUNlux - Produttore di interruttori automatici elettrici in Cina Fornitore di apparecchiature elettriche a bassa tensione | TOSUNlux","isPartOf":{"@id":"https:\/\/www.tosunlux.eu\/ru\/#website"},"datePublished":"2022-05-16T06:02:58+00:00","description":"Fornitore di regolatori di temperatura digitali intelligenti TS-C - Vendita all&#039;ingrosso diretta da TOSUNlux, produttore affidabile dal 1994. Richiedi un preventivo B2B per i nostri prodotti elettrici a bassa tensione certificati.","breadcrumb":{"@id":"https:\/\/www.tosunlux.eu\/el\/products\/intelligent-digital-temperature-controller-ts-c\/#breadcrumb"},"inLanguage":"it-IT","potentialAction":[{"@type":"ReadAction","target":["https:\/\/www.tosunlux.eu\/el\/products\/intelligent-digital-temperature-controller-ts-c\/"]}]},{"@type":"BreadcrumbList","@id":"https:\/\/www.tosunlux.eu\/el\/products\/intelligent-digital-temperature-controller-ts-c\/#breadcrumb","itemListElement":[{"@type":"ListItem","position":1,"name":"Home","item":"https:\/\/www.tosunlux.eu\/ru\/"},{"@type":"ListItem","position":2,"name":"Products","item":"https:\/\/www.tosunlux.eu\/products\/"},{"@type":"ListItem","position":3,"name":"Intelligent Digital Temperature Controller TS-C"}]},{"@type":"WebSite","@id":"https:\/\/www.tosunlux.eu\/ru\/#website","url":"https:\/\/www.tosunlux.eu\/ru\/","name":"Sito ufficiale TOSUNlux - Produttore di interruttori elettrici in Cina","description":"Fornitore di sistemi di distribuzione di energia","publisher":{"@id":"https:\/\/www.tosunlux.eu\/ru\/#organization"},"alternateName":"TOSUNlux","potentialAction":[{"@type":"SearchAction","target":{"@type":"EntryPoint","urlTemplate":"https:\/\/www.tosunlux.eu\/ru\/?s={search_term_string}"},"query-input":{"@type":"PropertyValueSpecification","valueRequired":true,"valueName":"search_term_string"}}],"inLanguage":"it-IT"},{"@type":"Organization","@id":"https:\/\/www.tosunlux.eu\/ru\/#organization","name":"TOSUNlux","url":"https:\/\/www.tosunlux.eu\/ru\/","logo":{"@type":"ImageObject","inLanguage":"it-IT","@id":"https:\/\/www.tosunlux.eu\/ru\/#\/schema\/logo\/image\/","url":"https:\/\/www.tosunlux.eu\/wp-content\/uploads\/2022\/01\/LOGOSYSM.71762f1.png","contentUrl":"https:\/\/www.tosunlux.eu\/wp-content\/uploads\/2022\/01\/LOGOSYSM.71762f1.png","width":153,"height":55,"caption":"TOSUNlux"},"image":{"@id":"https:\/\/www.tosunlux.eu\/ru\/#\/schema\/logo\/image\/"},"sameAs":["https:\/\/www.facebook.com\/TOSUNelectric\/","https:\/\/www.linkedin.com\/company\/wenzhou-tosun-electric-co.-ltd\/"]}]}},"_links":{"self":[{"href":"https:\/\/www.tosunlux.eu\/it\/wp-json\/wp\/v2\/product\/2955","targetHints":{"allow":["GET"]}}],"collection":[{"href":"https:\/\/www.tosunlux.eu\/it\/wp-json\/wp\/v2\/product"}],"about":[{"href":"https:\/\/www.tosunlux.eu\/it\/wp-json\/wp\/v2\/types\/product"}],"version-history":[{"count":0,"href":"https:\/\/www.tosunlux.eu\/it\/wp-json\/wp\/v2\/product\/2955\/revisions"}],"wp:attachment":[{"href":"https:\/\/www.tosunlux.eu\/it\/wp-json\/wp\/v2\/media?parent=2955"}],"wp:term":[{"taxonomy":"product_category","embeddable":true,"href":"https:\/\/www.tosunlux.eu\/it\/wp-json\/wp\/v2\/product_category?post=2955"}],"curies":[{"name":"wp","href":"https:\/\/api.w.org\/{rel}","templated":true}]}}