{"id":3518,"date":"2022-06-09T13:06:15","date_gmt":"2022-06-09T05:06:15","guid":{"rendered":"https:\/\/www.tosunlux.eu\/?post_type=product&#038;p=3518"},"modified":"2025-04-09T09:24:49","modified_gmt":"2025-04-09T01:24:49","slug":"dc-miniature-circuit-breaker","status":"publish","type":"product","link":"https:\/\/www.tosunlux.eu\/it\/products\/dc-miniature-circuit-breaker\/","title":{"rendered":"Interruttore automatico CC TSB5-63DC"},"content":{"rendered":"<p><strong>Applicazione<\/strong><\/p>\n\n\n\n<p>L&#039;interruttore automatico TSB5-63DC \u00e8 progettato per fornire protezione da sovracorrente all&#039;interno di elettrodomestici o apparecchiature elettriche, la protezione del circuito derivato \u00e8 gi\u00e0 fornita o non richiesta. Il dispositivo \u00e8 progettato per applicazioni di circuiti di controllo a corrente continua (CC).<\/p>\n\n\n<p><strong>Specificazione<\/strong><\/p>\n<table style=\"border-collapse: collapse; width: 467.27pt;\" border=\"0\" width=\"623\" cellspacing=\"0\" cellpadding=\"0\">\n<tbody>\n<tr style=\"height: 22.00pt;\">\n<td class=\"et2\" style=\"height: 22pt; width: 240.8pt; text-align: center;\" colspan=\"2\" width=\"321\" height=\"29\">Numero di poli<\/td>\n<td class=\"et2\" style=\"width: 227.05pt; text-align: center;\" width=\"302\">1P, 2P, 3P, 4P<\/td>\n<\/tr>\n<tr style=\"height: 21.00pt;\">\n<td class=\"et4\" style=\"height: 21pt; width: 240.8pt; border-right: 0.5pt solid #000000; text-align: center;\" colspan=\"2\" width=\"321\" height=\"28\">Corrente nominale (A)<\/td>\n<td class=\"et2\" style=\"width: 227.05pt; text-align: center;\" width=\"302\">6,10,16,20,25,32,40,50,63,80<\/td>\n<\/tr>\n<tr style=\"height: 22.00pt;\">\n<td class=\"et2\" style=\"height: 22pt; width: 240.8pt; text-align: center;\" colspan=\"2\" width=\"321\" height=\"29\">Capacit\u00e0 di interruzione<\/td>\n<td class=\"et2\" style=\"width: 227.05pt; text-align: center;\" width=\"302\">6000A<\/td>\n<\/tr>\n<tr style=\"height: 22.00pt;\">\n<td class=\"et4\" style=\"height: 22pt; width: 240.8pt; border-right: 0.5pt solid #000000; text-align: center;\" colspan=\"2\" width=\"321\" height=\"29\">Tensione nominale di esercizio<\/td>\n<td class=\"et2\" style=\"width: 227.05pt; text-align: center;\" width=\"302\">1P\/250V 2P\/500V 3P\/750V 4P\/1000V<\/td>\n<\/tr>\n<tr style=\"height: 21.00pt;\">\n<td class=\"et4\" style=\"height: 21pt; width: 240.8pt; border-right: 0.5pt solid #000000; text-align: center;\" colspan=\"2\" width=\"321\" height=\"28\">Tensione nominale di isolamento<\/td>\n<td class=\"et2\" style=\"width: 227.05pt; text-align: center;\" width=\"302\">800V<\/td>\n<\/tr>\n<tr style=\"height: 22.00pt;\">\n<td class=\"et2\" style=\"height: 22pt; width: 240.8pt; text-align: center;\" colspan=\"2\" width=\"321\" height=\"29\">Vita elettrica<\/td>\n<td class=\"et2\" style=\"width: 227.05pt; text-align: center;\" width=\"302\">\u2265 2500 operazioni<\/td>\n<\/tr>\n<tr style=\"height: 21.00pt;\">\n<td class=\"et4\" style=\"height: 21pt; width: 240.8pt; border-right: 0.5pt solid #000000; text-align: center;\" colspan=\"2\" width=\"321\" height=\"28\">Vita meccanica<\/td>\n<td class=\"et2\" style=\"width: 227.05pt; text-align: center;\" width=\"302\">\u2265 20000 operazioni<\/td>\n<\/tr>\n<tr style=\"height: 22.00pt;\">\n<td class=\"et2\" style=\"height: 22pt; width: 240.8pt; text-align: center;\" colspan=\"2\" width=\"321\" height=\"29\">Tipo di viaggio<\/td>\n<td class=\"et2\" style=\"width: 227.05pt; text-align: center;\" width=\"302\">Termomagnetico<\/td>\n<\/tr>\n<tr style=\"height: 21.00pt;\">\n<td class=\"et4\" style=\"height: 21pt; width: 240.8pt; border-right: 0.5pt solid #000000; text-align: center;\" colspan=\"2\" width=\"321\" height=\"28\">Temperatura ambiente<\/td>\n<td class=\"et2\" style=\"width: 227.05pt; text-align: center;\" width=\"302\">-20\u2103~+70\u2103<\/td>\n<\/tr>\n<tr style=\"height: 22.00pt;\">\n<td class=\"et2\" style=\"height: 22pt; width: 240.8pt; text-align: center;\" colspan=\"2\" width=\"321\" height=\"29\">Installazione<\/td>\n<td class=\"et2\" style=\"width: 227.05pt; text-align: center;\" width=\"302\">Guida DIN<\/td>\n<\/tr>\n<\/tbody>\n<\/table>\n\n\n<p><strong>Dimensioni<\/strong><\/p>\n\n\n\n<figure class=\"wp-block-image size-large\"><img fetchpriority=\"high\" decoding=\"async\" width=\"1024\" height=\"452\" src=\"https:\/\/www.tosunlux.eu\/wp-content\/uploads\/2022\/06\/dimensions-1024x452.jpg\" alt=\"\" class=\"wp-image-3534\" srcset=\"https:\/\/www.tosunlux.eu\/wp-content\/uploads\/2022\/06\/dimensions-1024x452.jpg 1024w, https:\/\/www.tosunlux.eu\/wp-content\/uploads\/2022\/06\/dimensions-300x132.jpg 300w, https:\/\/www.tosunlux.eu\/wp-content\/uploads\/2022\/06\/dimensions-768x339.jpg 768w, https:\/\/www.tosunlux.eu\/wp-content\/uploads\/2022\/06\/dimensions.jpg 1369w\" sizes=\"(max-width: 1024px) 100vw, 1024px\" \/><\/figure>\n\n\n\n<p><\/p>","protected":false},"parent":0,"template":"","product_category":[37,118],"class_list":["post-3518","product","type-product","status-publish","hentry","product_category-new-energy-instruments","product_category-dc-circuit-breaker"],"yoast_head":"<!-- This site is optimized with the Yoast SEO plugin v27.5 - https:\/\/yoast.com\/product\/yoast-seo-wordpress\/ -->\n<title>WholesaleDC Miniature Circuit Breaker TSB5-63DC - TOSUNlux Official Site - Electrical Circuit Breaker Manufacturer in China Low Voltage Electrical Supplier | TOSUNlux<\/title>\n<meta name=\"description\" content=\"DC Miniature Circuit Breaker TSB5-63DC Supplier - Wholesale direct from TOSUNlux, a trusted manufacturer since 1994. Get your B2B factory quote on our certified Low Voltage electrical products.\" \/>\n<meta name=\"robots\" content=\"index, follow, max-snippet:-1, max-image-preview:large, max-video-preview:-1\" \/>\n<link rel=\"canonical\" href=\"https:\/\/www.tosunlux.eu\/it\/products\/dc-miniature-circuit-breaker\/\" \/>\n<meta property=\"og:locale\" content=\"it_IT\" \/>\n<meta property=\"og:type\" content=\"article\" \/>\n<meta property=\"og:title\" content=\"WholesaleDC Miniature Circuit Breaker TSB5-63DC - TOSUNlux Official Site - Electrical Circuit Breaker Manufacturer in China Low Voltage Electrical Supplier | TOSUNlux\" \/>\n<meta property=\"og:description\" content=\"DC Miniature Circuit Breaker TSB5-63DC Supplier - Wholesale direct from TOSUNlux, a trusted manufacturer since 1994. Get your B2B factory quote on our certified Low Voltage electrical products.\" \/>\n<meta property=\"og:url\" content=\"https:\/\/www.tosunlux.eu\/it\/products\/dc-miniature-circuit-breaker\/\" \/>\n<meta property=\"og:site_name\" content=\"TOSUNlux Official Site - Electrical Circuit Breaker Manufacturer in China\" \/>\n<meta property=\"article:publisher\" content=\"https:\/\/www.facebook.com\/TOSUNelectric\/\" \/>\n<meta property=\"article:modified_time\" content=\"2025-04-09T01:24:49+00:00\" \/>\n<meta property=\"og:image\" content=\"https:\/\/www.tosunlux.eu\/wp-content\/uploads\/2022\/06\/dimensions-1024x452.jpg\" \/>\n<meta name=\"twitter:card\" content=\"summary_large_image\" \/>\n<meta name=\"twitter:label1\" content=\"Tempo di lettura stimato\" \/>\n\t<meta name=\"twitter:data1\" content=\"1 minuto\" \/>\n<script type=\"application\/ld+json\" class=\"yoast-schema-graph\">{\"@context\":\"https:\\\/\\\/schema.org\",\"@graph\":[{\"@type\":\"WebPage\",\"@id\":\"https:\\\/\\\/www.tosunlux.eu\\\/pt\\\/products\\\/dc-miniature-circuit-breaker\\\/\",\"url\":\"https:\\\/\\\/www.tosunlux.eu\\\/pt\\\/products\\\/dc-miniature-circuit-breaker\\\/\",\"name\":\"WholesaleDC Miniature Circuit Breaker TSB5-63DC - TOSUNlux Official Site - Electrical Circuit Breaker Manufacturer in China Low Voltage Electrical Supplier | TOSUNlux\",\"isPartOf\":{\"@id\":\"https:\\\/\\\/www.tosunlux.eu\\\/ru\\\/#website\"},\"primaryImageOfPage\":{\"@id\":\"https:\\\/\\\/www.tosunlux.eu\\\/pt\\\/products\\\/dc-miniature-circuit-breaker\\\/#primaryimage\"},\"image\":{\"@id\":\"https:\\\/\\\/www.tosunlux.eu\\\/pt\\\/products\\\/dc-miniature-circuit-breaker\\\/#primaryimage\"},\"thumbnailUrl\":\"https:\\\/\\\/www.tosunlux.eu\\\/wp-content\\\/uploads\\\/2022\\\/06\\\/dimensions-1024x452.jpg\",\"datePublished\":\"2022-06-09T05:06:15+00:00\",\"dateModified\":\"2025-04-09T01:24:49+00:00\",\"description\":\"DC Miniature Circuit Breaker TSB5-63DC Supplier - Wholesale direct from TOSUNlux, a trusted manufacturer since 1994. Get your B2B factory quote on our certified Low Voltage electrical products.\",\"breadcrumb\":{\"@id\":\"https:\\\/\\\/www.tosunlux.eu\\\/pt\\\/products\\\/dc-miniature-circuit-breaker\\\/#breadcrumb\"},\"inLanguage\":\"it-IT\",\"potentialAction\":[{\"@type\":\"ReadAction\",\"target\":[\"https:\\\/\\\/www.tosunlux.eu\\\/pt\\\/products\\\/dc-miniature-circuit-breaker\\\/\"]}]},{\"@type\":\"ImageObject\",\"inLanguage\":\"it-IT\",\"@id\":\"https:\\\/\\\/www.tosunlux.eu\\\/pt\\\/products\\\/dc-miniature-circuit-breaker\\\/#primaryimage\",\"url\":\"https:\\\/\\\/www.tosunlux.eu\\\/wp-content\\\/uploads\\\/2022\\\/06\\\/dimensions-1024x452.jpg\",\"contentUrl\":\"https:\\\/\\\/www.tosunlux.eu\\\/wp-content\\\/uploads\\\/2022\\\/06\\\/dimensions-1024x452.jpg\"},{\"@type\":\"BreadcrumbList\",\"@id\":\"https:\\\/\\\/www.tosunlux.eu\\\/pt\\\/products\\\/dc-miniature-circuit-breaker\\\/#breadcrumb\",\"itemListElement\":[{\"@type\":\"ListItem\",\"position\":1,\"name\":\"Home\",\"item\":\"https:\\\/\\\/www.tosunlux.eu\\\/ru\\\/\"},{\"@type\":\"ListItem\",\"position\":2,\"name\":\"Products\",\"item\":\"https:\\\/\\\/www.tosunlux.eu\\\/products\\\/\"},{\"@type\":\"ListItem\",\"position\":3,\"name\":\"DC Miniature Circuit Breaker TSB5-63DC\"}]},{\"@type\":\"WebSite\",\"@id\":\"https:\\\/\\\/www.tosunlux.eu\\\/ru\\\/#website\",\"url\":\"https:\\\/\\\/www.tosunlux.eu\\\/ru\\\/\",\"name\":\"TOSUNlux Official Site - Electrical Circuit Breaker Manufacturer in China\",\"description\":\"Power Distribution System Supplier\",\"publisher\":{\"@id\":\"https:\\\/\\\/www.tosunlux.eu\\\/ru\\\/#organization\"},\"alternateName\":\"TOSUNlux\",\"potentialAction\":[{\"@type\":\"SearchAction\",\"target\":{\"@type\":\"EntryPoint\",\"urlTemplate\":\"https:\\\/\\\/www.tosunlux.eu\\\/ru\\\/?s={search_term_string}\"},\"query-input\":{\"@type\":\"PropertyValueSpecification\",\"valueRequired\":true,\"valueName\":\"search_term_string\"}}],\"inLanguage\":\"it-IT\"},{\"@type\":\"Organization\",\"@id\":\"https:\\\/\\\/www.tosunlux.eu\\\/ru\\\/#organization\",\"name\":\"TOSUNlux\",\"url\":\"https:\\\/\\\/www.tosunlux.eu\\\/ru\\\/\",\"logo\":{\"@type\":\"ImageObject\",\"inLanguage\":\"it-IT\",\"@id\":\"https:\\\/\\\/www.tosunlux.eu\\\/ru\\\/#\\\/schema\\\/logo\\\/image\\\/\",\"url\":\"https:\\\/\\\/www.tosunlux.eu\\\/wp-content\\\/uploads\\\/2022\\\/01\\\/LOGOSYSM.71762f1.png\",\"contentUrl\":\"https:\\\/\\\/www.tosunlux.eu\\\/wp-content\\\/uploads\\\/2022\\\/01\\\/LOGOSYSM.71762f1.png\",\"width\":153,\"height\":55,\"caption\":\"TOSUNlux\"},\"image\":{\"@id\":\"https:\\\/\\\/www.tosunlux.eu\\\/ru\\\/#\\\/schema\\\/logo\\\/image\\\/\"},\"sameAs\":[\"https:\\\/\\\/www.facebook.com\\\/TOSUNelectric\\\/\",\"https:\\\/\\\/www.linkedin.com\\\/company\\\/wenzhou-tosun-electric-co.-ltd\\\/\"]}]}<\/script>\n<!-- \/ Yoast SEO plugin. -->","yoast_head_json":{"title":"Interruttore automatico in miniatura DC all&#039;ingrosso TSB5-63DC - Sito ufficiale TOSUNlux - Produttore di interruttori automatici elettrici in Cina Fornitore di apparecchiature elettriche a bassa tensione | TOSUNlux","description":"Fornitore di interruttori automatici miniaturizzati CC TSB5-63DC - Vendita all&#039;ingrosso diretta da TOSUNlux, produttore affidabile dal 1994. Richiedi un preventivo B2B per i nostri prodotti elettrici a bassa tensione certificati.","robots":{"index":"index","follow":"follow","max-snippet":"max-snippet:-1","max-image-preview":"max-image-preview:large","max-video-preview":"max-video-preview:-1"},"canonical":"https:\/\/www.tosunlux.eu\/it\/products\/dc-miniature-circuit-breaker\/","og_locale":"it_IT","og_type":"article","og_title":"WholesaleDC Miniature Circuit Breaker TSB5-63DC - TOSUNlux Official Site - Electrical Circuit Breaker Manufacturer in China Low Voltage Electrical Supplier | TOSUNlux","og_description":"DC Miniature Circuit Breaker TSB5-63DC Supplier - Wholesale direct from TOSUNlux, a trusted manufacturer since 1994. Get your B2B factory quote on our certified Low Voltage electrical products.","og_url":"https:\/\/www.tosunlux.eu\/it\/products\/dc-miniature-circuit-breaker\/","og_site_name":"TOSUNlux Official Site - Electrical Circuit Breaker Manufacturer in China","article_publisher":"https:\/\/www.facebook.com\/TOSUNelectric\/","article_modified_time":"2025-04-09T01:24:49+00:00","og_image":[{"url":"https:\/\/www.tosunlux.eu\/wp-content\/uploads\/2022\/06\/dimensions-1024x452.jpg","type":"","width":"","height":""}],"twitter_card":"summary_large_image","twitter_misc":{"Tempo di lettura stimato":"1 minuto"},"schema":{"@context":"https:\/\/schema.org","@graph":[{"@type":"WebPage","@id":"https:\/\/www.tosunlux.eu\/pt\/products\/dc-miniature-circuit-breaker\/","url":"https:\/\/www.tosunlux.eu\/pt\/products\/dc-miniature-circuit-breaker\/","name":"Interruttore automatico in miniatura DC all&#039;ingrosso TSB5-63DC - Sito ufficiale TOSUNlux - Produttore di interruttori automatici elettrici in Cina Fornitore di apparecchiature elettriche a bassa tensione | TOSUNlux","isPartOf":{"@id":"https:\/\/www.tosunlux.eu\/ru\/#website"},"primaryImageOfPage":{"@id":"https:\/\/www.tosunlux.eu\/pt\/products\/dc-miniature-circuit-breaker\/#primaryimage"},"image":{"@id":"https:\/\/www.tosunlux.eu\/pt\/products\/dc-miniature-circuit-breaker\/#primaryimage"},"thumbnailUrl":"https:\/\/www.tosunlux.eu\/wp-content\/uploads\/2022\/06\/dimensions-1024x452.jpg","datePublished":"2022-06-09T05:06:15+00:00","dateModified":"2025-04-09T01:24:49+00:00","description":"Fornitore di interruttori automatici miniaturizzati CC TSB5-63DC - Vendita all&#039;ingrosso diretta da TOSUNlux, produttore affidabile dal 1994. Richiedi un preventivo B2B per i nostri prodotti elettrici a bassa tensione certificati.","breadcrumb":{"@id":"https:\/\/www.tosunlux.eu\/pt\/products\/dc-miniature-circuit-breaker\/#breadcrumb"},"inLanguage":"it-IT","potentialAction":[{"@type":"ReadAction","target":["https:\/\/www.tosunlux.eu\/pt\/products\/dc-miniature-circuit-breaker\/"]}]},{"@type":"ImageObject","inLanguage":"it-IT","@id":"https:\/\/www.tosunlux.eu\/pt\/products\/dc-miniature-circuit-breaker\/#primaryimage","url":"https:\/\/www.tosunlux.eu\/wp-content\/uploads\/2022\/06\/dimensions-1024x452.jpg","contentUrl":"https:\/\/www.tosunlux.eu\/wp-content\/uploads\/2022\/06\/dimensions-1024x452.jpg"},{"@type":"BreadcrumbList","@id":"https:\/\/www.tosunlux.eu\/pt\/products\/dc-miniature-circuit-breaker\/#breadcrumb","itemListElement":[{"@type":"ListItem","position":1,"name":"Home","item":"https:\/\/www.tosunlux.eu\/ru\/"},{"@type":"ListItem","position":2,"name":"Products","item":"https:\/\/www.tosunlux.eu\/products\/"},{"@type":"ListItem","position":3,"name":"DC Miniature Circuit Breaker TSB5-63DC"}]},{"@type":"WebSite","@id":"https:\/\/www.tosunlux.eu\/ru\/#website","url":"https:\/\/www.tosunlux.eu\/ru\/","name":"Sito ufficiale TOSUNlux - Produttore di interruttori elettrici in Cina","description":"Fornitore di sistemi di distribuzione di energia","publisher":{"@id":"https:\/\/www.tosunlux.eu\/ru\/#organization"},"alternateName":"TOSUNlux","potentialAction":[{"@type":"SearchAction","target":{"@type":"EntryPoint","urlTemplate":"https:\/\/www.tosunlux.eu\/ru\/?s={search_term_string}"},"query-input":{"@type":"PropertyValueSpecification","valueRequired":true,"valueName":"search_term_string"}}],"inLanguage":"it-IT"},{"@type":"Organization","@id":"https:\/\/www.tosunlux.eu\/ru\/#organization","name":"TOSUNlux","url":"https:\/\/www.tosunlux.eu\/ru\/","logo":{"@type":"ImageObject","inLanguage":"it-IT","@id":"https:\/\/www.tosunlux.eu\/ru\/#\/schema\/logo\/image\/","url":"https:\/\/www.tosunlux.eu\/wp-content\/uploads\/2022\/01\/LOGOSYSM.71762f1.png","contentUrl":"https:\/\/www.tosunlux.eu\/wp-content\/uploads\/2022\/01\/LOGOSYSM.71762f1.png","width":153,"height":55,"caption":"TOSUNlux"},"image":{"@id":"https:\/\/www.tosunlux.eu\/ru\/#\/schema\/logo\/image\/"},"sameAs":["https:\/\/www.facebook.com\/TOSUNelectric\/","https:\/\/www.linkedin.com\/company\/wenzhou-tosun-electric-co.-ltd\/"]}]}},"_links":{"self":[{"href":"https:\/\/www.tosunlux.eu\/it\/wp-json\/wp\/v2\/product\/3518","targetHints":{"allow":["GET"]}}],"collection":[{"href":"https:\/\/www.tosunlux.eu\/it\/wp-json\/wp\/v2\/product"}],"about":[{"href":"https:\/\/www.tosunlux.eu\/it\/wp-json\/wp\/v2\/types\/product"}],"version-history":[{"count":2,"href":"https:\/\/www.tosunlux.eu\/it\/wp-json\/wp\/v2\/product\/3518\/revisions"}],"predecessor-version":[{"id":13193,"href":"https:\/\/www.tosunlux.eu\/it\/wp-json\/wp\/v2\/product\/3518\/revisions\/13193"}],"wp:attachment":[{"href":"https:\/\/www.tosunlux.eu\/it\/wp-json\/wp\/v2\/media?parent=3518"}],"wp:term":[{"taxonomy":"product_category","embeddable":true,"href":"https:\/\/www.tosunlux.eu\/it\/wp-json\/wp\/v2\/product_category?post=3518"}],"curies":[{"name":"wp","href":"https:\/\/api.w.org\/{rel}","templated":true}]}}