{"id":10210,"date":"2024-05-27T16:18:26","date_gmt":"2024-05-27T08:18:26","guid":{"rendered":"https:\/\/www.tosunlux.eu\/?post_type=product&#038;p=10210"},"modified":"2024-11-11T10:24:19","modified_gmt":"2024-11-11T02:24:19","slug":"modular-smart-energy-meter","status":"publish","type":"product","link":"https:\/\/www.tosunlux.eu\/pl\/products\/modular-smart-energy-meter\/","title":{"rendered":"Modu\u0142owy inteligentny licznik energii"},"content":{"rendered":"<p><strong>Aplikacja<\/strong><\/p>\n\n\n\n<p>Modu\u0142owy inteligentny licznik energii TDP8-63 to rodzaj najnowszego domowego licznika energii i zabezpieczenia. Produkt jest zwykle instalowany w domach wynajmowanych w celu pomiaru zu\u017cycia energii. Administratorzy mog\u0105 monitorowa\u0107 zu\u017cycie energii w aplikacji i zdalnie sterowa\u0107 obwodem tych dom\u00f3w, gdy jest to konieczne. Jednocze\u015bnie produkt ma wiele rodzaj\u00f3w funkcji zabezpieczaj\u0105cych. Mo\u017ce roz\u0142\u0105czy\u0107 obw\u00f3d na czas, aby chroni\u0107 urz\u0105dzenia elektryczne, gdy w obwodzie wyst\u0105pi przet\u0119\u017cenie, przepi\u0119cie, niedob\u00f3r napi\u0119cia lub pr\u0105d resztkowy. U\u017cytkownicy mog\u0105 dostosowa\u0107 parametry, aby sami je kontrolowa\u0107. Produkt mo\u017cna r\u00f3wnie\u017c ustawi\u0107 jako timer harmonogramu lub timer p\u0119tli.<\/p>\n\n\n\n<p><strong>Specyfikacja<\/strong><\/p>\n\n\n\n<figure class=\"wp-block-table\"><table><tbody><tr><td>Napi\u0119cie znamionowe<\/td><td>220 V AC<\/td><\/tr><tr><td>Zakres napi\u0119cia roboczego<\/td><td>85-300 V AC<\/td><\/tr><tr><td>Zakres pomiaru energii<\/td><td>0-99999,9 kWh<\/td><\/tr><tr><td>Warto\u015b\u0107 odci\u0119cia pr\u0105du<\/td><td>1-63A<\/td><\/tr><tr><td>Warto\u015b\u0107 odci\u0119cia przepi\u0119cia<\/td><td>110-300V (regulowane)<\/td><\/tr><tr><td>Warto\u015b\u0107 odci\u0119cia podnapi\u0119ciowego<\/td><td>85-220V (regulowane)<\/td><\/tr><tr><td>Wra\u017cliwo\u015b\u0107 na up\u0142yw pr\u0105du<\/td><td>10mA-300mA (T\u0119 funkcj\u0119 mo\u017cna wy\u0142\u0105czy\u0107)<\/td><\/tr><tr><td>B\u0142\u0105d czu\u0142o\u015bci up\u0142ywu uziemienia<\/td><td>2%<\/td><\/tr><tr><td>\uff1eU i \uff1cU Op\u00f3\u017anienie czasu zadzia\u0142ania<\/td><td>1-30s<\/td><\/tr><tr><td>Op\u00f3\u017anienie resetowania\/rozpocz\u0119cia<\/td><td>1s-500s (regulowane) (Warto\u015b\u0107 domy\u015blna: 5s)<\/td><\/tr><tr><td>B\u0142\u0105d pomiaru napi\u0119cia<\/td><td>1%<\/td><\/tr><tr><td>Napi\u0119cie znamionowe izolacji<\/td><td>400 V AC<\/td><\/tr><tr><td>Wysoko\u015b\u0107<\/td><td>\u22642000m<\/td><\/tr><tr><td>Temperatura otoczenia<\/td><td>-30\u00b0C -70\u00b0C<\/td><\/tr><\/tbody><\/table><\/figure>\n\n\n\n<p><strong>Wymiary<\/strong><\/p>\n\n\n\n<figure class=\"wp-block-image size-full\"><img fetchpriority=\"high\" decoding=\"async\" width=\"874\" height=\"363\" src=\"https:\/\/www.tosunlux.eu\/wp-content\/uploads\/2024\/05\/1-2.jpg\" alt=\"\" class=\"wp-image-10211\" srcset=\"https:\/\/www.tosunlux.eu\/wp-content\/uploads\/2024\/05\/1-2.jpg 874w, https:\/\/www.tosunlux.eu\/wp-content\/uploads\/2024\/05\/1-2-300x125.jpg 300w, https:\/\/www.tosunlux.eu\/wp-content\/uploads\/2024\/05\/1-2-768x319.jpg 768w, https:\/\/www.tosunlux.eu\/wp-content\/uploads\/2024\/05\/1-2-18x7.jpg 18w\" sizes=\"(max-width: 874px) 100vw, 874px\" \/><\/figure>","protected":false},"parent":0,"template":"","product_category":[75,207],"class_list":["post-10210","product","type-product","status-publish","hentry","product_category-instruments","product_category-modular-smart-energy-meter"],"yoast_head":"<!-- This site is optimized with the Yoast SEO plugin v27.4 - https:\/\/yoast.com\/product\/yoast-seo-wordpress\/ -->\n<title>WholesaleModular Smart Energy Meter - TOSUNlux Official Site - Electrical Circuit Breaker Manufacturer in China Low Voltage Electrical Supplier | TOSUNlux<\/title>\n<meta name=\"description\" content=\"Modular Smart Energy Meter Supplier - Wholesale direct from TOSUNlux, a trusted manufacturer since 1994. Get your B2B factory quote on our certified Low Voltage electrical products.\" \/>\n<meta name=\"robots\" content=\"index, follow, max-snippet:-1, max-image-preview:large, max-video-preview:-1\" \/>\n<link rel=\"canonical\" href=\"https:\/\/www.tosunlux.eu\/pl\/products\/modular-smart-energy-meter\/\" \/>\n<meta property=\"og:locale\" content=\"pl_PL\" \/>\n<meta property=\"og:type\" content=\"article\" \/>\n<meta property=\"og:title\" content=\"WholesaleModular Smart Energy Meter - TOSUNlux Official Site - Electrical Circuit Breaker Manufacturer in China Low Voltage Electrical Supplier | TOSUNlux\" \/>\n<meta property=\"og:description\" content=\"Modular Smart Energy Meter Supplier - Wholesale direct from TOSUNlux, a trusted manufacturer since 1994. Get your B2B factory quote on our certified Low Voltage electrical products.\" \/>\n<meta property=\"og:url\" content=\"https:\/\/www.tosunlux.eu\/pl\/products\/modular-smart-energy-meter\/\" \/>\n<meta property=\"og:site_name\" content=\"TOSUNlux Official Site - Electrical Circuit Breaker Manufacturer in China\" \/>\n<meta property=\"article:publisher\" content=\"https:\/\/www.facebook.com\/TOSUNelectric\/\" \/>\n<meta property=\"article:modified_time\" content=\"2024-11-11T02:24:19+00:00\" \/>\n<meta property=\"og:image\" content=\"https:\/\/www.tosunlux.eu\/wp-content\/uploads\/2024\/05\/1-2.jpg\" \/>\n<meta name=\"twitter:card\" content=\"summary_large_image\" \/>\n<meta name=\"twitter:label1\" content=\"Szacowany czas czytania\" \/>\n\t<meta name=\"twitter:data1\" content=\"2 minuty\" \/>\n<script type=\"application\/ld+json\" class=\"yoast-schema-graph\">{\"@context\":\"https:\\\/\\\/schema.org\",\"@graph\":[{\"@type\":\"WebPage\",\"@id\":\"https:\\\/\\\/www.tosunlux.eu\\\/hi\\\/products\\\/modular-smart-energy-meter\\\/\",\"url\":\"https:\\\/\\\/www.tosunlux.eu\\\/hi\\\/products\\\/modular-smart-energy-meter\\\/\",\"name\":\"WholesaleModular Smart Energy Meter - TOSUNlux Official Site - Electrical Circuit Breaker Manufacturer in China Low Voltage Electrical Supplier | TOSUNlux\",\"isPartOf\":{\"@id\":\"https:\\\/\\\/www.tosunlux.eu\\\/ru\\\/#website\"},\"primaryImageOfPage\":{\"@id\":\"https:\\\/\\\/www.tosunlux.eu\\\/hi\\\/products\\\/modular-smart-energy-meter\\\/#primaryimage\"},\"image\":{\"@id\":\"https:\\\/\\\/www.tosunlux.eu\\\/hi\\\/products\\\/modular-smart-energy-meter\\\/#primaryimage\"},\"thumbnailUrl\":\"https:\\\/\\\/www.tosunlux.eu\\\/wp-content\\\/uploads\\\/2024\\\/05\\\/1-2.jpg\",\"datePublished\":\"2024-05-27T08:18:26+00:00\",\"dateModified\":\"2024-11-11T02:24:19+00:00\",\"description\":\"Modular Smart Energy Meter Supplier - Wholesale direct from TOSUNlux, a trusted manufacturer since 1994. Get your B2B factory quote on our certified Low Voltage electrical products.\",\"breadcrumb\":{\"@id\":\"https:\\\/\\\/www.tosunlux.eu\\\/hi\\\/products\\\/modular-smart-energy-meter\\\/#breadcrumb\"},\"inLanguage\":\"pl-PL\",\"potentialAction\":[{\"@type\":\"ReadAction\",\"target\":[\"https:\\\/\\\/www.tosunlux.eu\\\/hi\\\/products\\\/modular-smart-energy-meter\\\/\"]}]},{\"@type\":\"ImageObject\",\"inLanguage\":\"pl-PL\",\"@id\":\"https:\\\/\\\/www.tosunlux.eu\\\/hi\\\/products\\\/modular-smart-energy-meter\\\/#primaryimage\",\"url\":\"https:\\\/\\\/www.tosunlux.eu\\\/wp-content\\\/uploads\\\/2024\\\/05\\\/1-2.jpg\",\"contentUrl\":\"https:\\\/\\\/www.tosunlux.eu\\\/wp-content\\\/uploads\\\/2024\\\/05\\\/1-2.jpg\"},{\"@type\":\"BreadcrumbList\",\"@id\":\"https:\\\/\\\/www.tosunlux.eu\\\/hi\\\/products\\\/modular-smart-energy-meter\\\/#breadcrumb\",\"itemListElement\":[{\"@type\":\"ListItem\",\"position\":1,\"name\":\"Home\",\"item\":\"https:\\\/\\\/www.tosunlux.eu\\\/ru\\\/\"},{\"@type\":\"ListItem\",\"position\":2,\"name\":\"Products\",\"item\":\"https:\\\/\\\/www.tosunlux.eu\\\/products\\\/\"},{\"@type\":\"ListItem\",\"position\":3,\"name\":\"Modular Smart Energy Meter\"}]},{\"@type\":\"WebSite\",\"@id\":\"https:\\\/\\\/www.tosunlux.eu\\\/ru\\\/#website\",\"url\":\"https:\\\/\\\/www.tosunlux.eu\\\/ru\\\/\",\"name\":\"TOSUNlux Official Site - Electrical Circuit Breaker Manufacturer in China\",\"description\":\"Power Distribution System Supplier\",\"publisher\":{\"@id\":\"https:\\\/\\\/www.tosunlux.eu\\\/ru\\\/#organization\"},\"alternateName\":\"TOSUNlux\",\"potentialAction\":[{\"@type\":\"SearchAction\",\"target\":{\"@type\":\"EntryPoint\",\"urlTemplate\":\"https:\\\/\\\/www.tosunlux.eu\\\/ru\\\/?s={search_term_string}\"},\"query-input\":{\"@type\":\"PropertyValueSpecification\",\"valueRequired\":true,\"valueName\":\"search_term_string\"}}],\"inLanguage\":\"pl-PL\"},{\"@type\":\"Organization\",\"@id\":\"https:\\\/\\\/www.tosunlux.eu\\\/ru\\\/#organization\",\"name\":\"TOSUNlux\",\"url\":\"https:\\\/\\\/www.tosunlux.eu\\\/ru\\\/\",\"logo\":{\"@type\":\"ImageObject\",\"inLanguage\":\"pl-PL\",\"@id\":\"https:\\\/\\\/www.tosunlux.eu\\\/ru\\\/#\\\/schema\\\/logo\\\/image\\\/\",\"url\":\"https:\\\/\\\/www.tosunlux.eu\\\/wp-content\\\/uploads\\\/2022\\\/01\\\/LOGOSYSM.71762f1.png\",\"contentUrl\":\"https:\\\/\\\/www.tosunlux.eu\\\/wp-content\\\/uploads\\\/2022\\\/01\\\/LOGOSYSM.71762f1.png\",\"width\":153,\"height\":55,\"caption\":\"TOSUNlux\"},\"image\":{\"@id\":\"https:\\\/\\\/www.tosunlux.eu\\\/ru\\\/#\\\/schema\\\/logo\\\/image\\\/\"},\"sameAs\":[\"https:\\\/\\\/www.facebook.com\\\/TOSUNelectric\\\/\",\"https:\\\/\\\/www.linkedin.com\\\/company\\\/wenzhou-tosun-electric-co.-ltd\\\/\"]}]}<\/script>\n<!-- \/ Yoast SEO plugin. -->","yoast_head_json":{"title":"WholesaleModular Smart Energy Meter - TOSUNlux Official Site - Electrical Circuit Breaker Manufacturer in China Low Voltage Electrical Supplier | TOSUNlux","description":"Modular Smart Energy Meter Supplier - Wholesale direct from TOSUNlux, a trusted manufacturer since 1994. Get your B2B factory quote on our certified Low Voltage electrical products.","robots":{"index":"index","follow":"follow","max-snippet":"max-snippet:-1","max-image-preview":"max-image-preview:large","max-video-preview":"max-video-preview:-1"},"canonical":"https:\/\/www.tosunlux.eu\/pl\/products\/modular-smart-energy-meter\/","og_locale":"pl_PL","og_type":"article","og_title":"WholesaleModular Smart Energy Meter - TOSUNlux Official Site - Electrical Circuit Breaker Manufacturer in China Low Voltage Electrical Supplier | TOSUNlux","og_description":"Modular Smart Energy Meter Supplier - Wholesale direct from TOSUNlux, a trusted manufacturer since 1994. Get your B2B factory quote on our certified Low Voltage electrical products.","og_url":"https:\/\/www.tosunlux.eu\/pl\/products\/modular-smart-energy-meter\/","og_site_name":"TOSUNlux Official Site - Electrical Circuit Breaker Manufacturer in China","article_publisher":"https:\/\/www.facebook.com\/TOSUNelectric\/","article_modified_time":"2024-11-11T02:24:19+00:00","og_image":[{"url":"https:\/\/www.tosunlux.eu\/wp-content\/uploads\/2024\/05\/1-2.jpg","type":"","width":"","height":""}],"twitter_card":"summary_large_image","twitter_misc":{"Szacowany czas czytania":"2 minuty"},"schema":{"@context":"https:\/\/schema.org","@graph":[{"@type":"WebPage","@id":"https:\/\/www.tosunlux.eu\/hi\/products\/modular-smart-energy-meter\/","url":"https:\/\/www.tosunlux.eu\/hi\/products\/modular-smart-energy-meter\/","name":"WholesaleModular Smart Energy Meter - TOSUNlux Official Site - Electrical Circuit Breaker Manufacturer in China Low Voltage Electrical Supplier | TOSUNlux","isPartOf":{"@id":"https:\/\/www.tosunlux.eu\/ru\/#website"},"primaryImageOfPage":{"@id":"https:\/\/www.tosunlux.eu\/hi\/products\/modular-smart-energy-meter\/#primaryimage"},"image":{"@id":"https:\/\/www.tosunlux.eu\/hi\/products\/modular-smart-energy-meter\/#primaryimage"},"thumbnailUrl":"https:\/\/www.tosunlux.eu\/wp-content\/uploads\/2024\/05\/1-2.jpg","datePublished":"2024-05-27T08:18:26+00:00","dateModified":"2024-11-11T02:24:19+00:00","description":"Modular Smart Energy Meter Supplier - Wholesale direct from TOSUNlux, a trusted manufacturer since 1994. Get your B2B factory quote on our certified Low Voltage electrical products.","breadcrumb":{"@id":"https:\/\/www.tosunlux.eu\/hi\/products\/modular-smart-energy-meter\/#breadcrumb"},"inLanguage":"pl-PL","potentialAction":[{"@type":"ReadAction","target":["https:\/\/www.tosunlux.eu\/hi\/products\/modular-smart-energy-meter\/"]}]},{"@type":"ImageObject","inLanguage":"pl-PL","@id":"https:\/\/www.tosunlux.eu\/hi\/products\/modular-smart-energy-meter\/#primaryimage","url":"https:\/\/www.tosunlux.eu\/wp-content\/uploads\/2024\/05\/1-2.jpg","contentUrl":"https:\/\/www.tosunlux.eu\/wp-content\/uploads\/2024\/05\/1-2.jpg"},{"@type":"BreadcrumbList","@id":"https:\/\/www.tosunlux.eu\/hi\/products\/modular-smart-energy-meter\/#breadcrumb","itemListElement":[{"@type":"ListItem","position":1,"name":"Home","item":"https:\/\/www.tosunlux.eu\/ru\/"},{"@type":"ListItem","position":2,"name":"Products","item":"https:\/\/www.tosunlux.eu\/products\/"},{"@type":"ListItem","position":3,"name":"Modular Smart Energy Meter"}]},{"@type":"WebSite","@id":"https:\/\/www.tosunlux.eu\/ru\/#website","url":"https:\/\/www.tosunlux.eu\/ru\/","name":"Oficjalna strona TOSUNlux - Producent wy\u0142\u0105cznik\u00f3w elektrycznych w Chinach","description":"Dostawca system\u00f3w dystrybucji energii","publisher":{"@id":"https:\/\/www.tosunlux.eu\/ru\/#organization"},"alternateName":"TOSUNlux","potentialAction":[{"@type":"SearchAction","target":{"@type":"EntryPoint","urlTemplate":"https:\/\/www.tosunlux.eu\/ru\/?s={search_term_string}"},"query-input":{"@type":"PropertyValueSpecification","valueRequired":true,"valueName":"search_term_string"}}],"inLanguage":"pl-PL"},{"@type":"Organization","@id":"https:\/\/www.tosunlux.eu\/ru\/#organization","name":"TOSUNlux","url":"https:\/\/www.tosunlux.eu\/ru\/","logo":{"@type":"ImageObject","inLanguage":"pl-PL","@id":"https:\/\/www.tosunlux.eu\/ru\/#\/schema\/logo\/image\/","url":"https:\/\/www.tosunlux.eu\/wp-content\/uploads\/2022\/01\/LOGOSYSM.71762f1.png","contentUrl":"https:\/\/www.tosunlux.eu\/wp-content\/uploads\/2022\/01\/LOGOSYSM.71762f1.png","width":153,"height":55,"caption":"TOSUNlux"},"image":{"@id":"https:\/\/www.tosunlux.eu\/ru\/#\/schema\/logo\/image\/"},"sameAs":["https:\/\/www.facebook.com\/TOSUNelectric\/","https:\/\/www.linkedin.com\/company\/wenzhou-tosun-electric-co.-ltd\/"]}]}},"_links":{"self":[{"href":"https:\/\/www.tosunlux.eu\/pl\/wp-json\/wp\/v2\/product\/10210","targetHints":{"allow":["GET"]}}],"collection":[{"href":"https:\/\/www.tosunlux.eu\/pl\/wp-json\/wp\/v2\/product"}],"about":[{"href":"https:\/\/www.tosunlux.eu\/pl\/wp-json\/wp\/v2\/types\/product"}],"version-history":[{"count":1,"href":"https:\/\/www.tosunlux.eu\/pl\/wp-json\/wp\/v2\/product\/10210\/revisions"}],"predecessor-version":[{"id":10215,"href":"https:\/\/www.tosunlux.eu\/pl\/wp-json\/wp\/v2\/product\/10210\/revisions\/10215"}],"wp:attachment":[{"href":"https:\/\/www.tosunlux.eu\/pl\/wp-json\/wp\/v2\/media?parent=10210"}],"wp:term":[{"taxonomy":"product_category","embeddable":true,"href":"https:\/\/www.tosunlux.eu\/pl\/wp-json\/wp\/v2\/product_category?post=10210"}],"curies":[{"name":"wp","href":"https:\/\/api.w.org\/{rel}","templated":true}]}}