{"id":10216,"date":"2024-05-27T17:41:00","date_gmt":"2024-05-27T09:41:00","guid":{"rendered":"https:\/\/www.tosunlux.eu\/?post_type=product&#038;p=10216"},"modified":"2024-05-27T17:41:02","modified_gmt":"2024-05-27T09:41:02","slug":"temperature-controller","status":"publish","type":"product","link":"https:\/\/www.tosunlux.eu\/pl\/products\/temperature-controller\/","title":{"rendered":"Kontroler temperatury"},"content":{"rendered":"<p><strong>Specyfikacja<\/strong><\/p>\n\n\n<table width=\"712\">\n<tbody>\n<tr>\n<td style=\"text-align: center;\" colspan=\"2\" width=\"225\">Napi\u0119cie znamionowe<\/td>\n<td style=\"text-align: center;\" width=\"486\">100-240 V AC\/DC, 24 V AC\/DC<\/td>\n<\/tr>\n<tr>\n<td style=\"text-align: center;\" colspan=\"2\" width=\"225\">Dopuszczalny zakres napi\u0119cia<\/td>\n<td style=\"text-align: center;\" width=\"486\">90-110% napi\u0119cia znamionowego<\/td>\n<\/tr>\n<tr>\n<td style=\"text-align: center;\" colspan=\"2\" width=\"225\">Pob\u00f3r mocy<\/td>\n<td style=\"text-align: center;\" width=\"486\">\u22648VA<\/td>\n<\/tr>\n<tr>\n<td style=\"text-align: center;\" rowspan=\"2\" width=\"153\">Typ wej\u015bcia<\/td>\n<td style=\"text-align: center;\" width=\"72\">TC<\/td>\n<td style=\"text-align: center;\" width=\"486\">KEJNTSRB<\/td>\n<\/tr>\n<tr>\n<td style=\"text-align: center;\" width=\"72\">BRT<\/td>\n<td style=\"text-align: center;\" width=\"486\">Pt100 Cu50<\/td>\n<\/tr>\n<tr>\n<td style=\"text-align: center;\" colspan=\"2\" width=\"225\">Dok\u0142adno\u015b\u0107 wy\u015bwietlania<\/td>\n<td style=\"text-align: center;\" width=\"486\">\u00b10,5%<\/td>\n<\/tr>\n<tr>\n<td style=\"text-align: center;\" rowspan=\"2\" width=\"153\">Typ wyj\u015bcia<\/td>\n<td style=\"text-align: center;\" width=\"72\">Przeka\u017anik<\/td>\n<td style=\"text-align: center;\" width=\"486\">250 V AC~3 A 30 V DC 3 A 1 NO 1 NZ<\/td>\n<\/tr>\n<tr>\n<td style=\"text-align: center;\" width=\"72\">SSR<\/td>\n<td style=\"text-align: center;\" width=\"486\">12 V pr\u0105du sta\u0142ego \u00b12 V, \u226420 mA<\/td>\n<\/tr>\n<tr>\n<td style=\"text-align: center;\" width=\"153\">Wyj\u015bcie alarmowe<\/td>\n<td style=\"text-align: center;\" width=\"72\">Przeka\u017anik<\/td>\n<td style=\"text-align: center;\" width=\"486\">\u00a0\u00a0\u00a0\u00a0\u00a0\u00a0\u00a0\u00a0\u00a0\u00a0\u00a0\u00a0\u00a0\u00a0\u00a0\u00a0\u00a0\u00a0\u00a0\u00a0\u00a0\u00a0\u00a0\u00a0\u00a0\u00a0\u00a0\u00a0\u00a0\u00a0\u00a0\u00a0\u00a0\u00a0\u00a0\u00a0\u00a0\u00a0\u00a0\u00a0\u00a0\u00a0\u00a0\u00a0\u00a0\u00a0\u00a0\u00a0\u00a0\u00a0Alarm l: 250VAC~3A 1NO\u00a0\u00a0\u00a0\u00a0\u00a0\u00a0\u00a0\u00a0\u00a0\u00a0\u00a0\u00a0\u00a0\u00a0\u00a0\u00a0\u00a0\u00a0\u00a0\u00a0\u00a0\u00a0\u00a0\u00a0\u00a0\u00a0\u00a0\u00a0\u00a0\u00a0\u00a0\u00a0\u00a0\u00a0\u00a0\u00a0\u00a0\u00a0\u00a0\u00a0\u00a0\u00a0\u00a0\u00a0\u00a0\u00a0\u00a0\u00a0\u00a0\u00a0\u00a0<br \/>2Alarm 1 \/ 2: 250VAC~3A 2NO<\/td>\n<\/tr>\n<tr>\n<td style=\"text-align: center;\" colspan=\"2\" width=\"225\">Typ sterowania<\/td>\n<td style=\"text-align: center;\" width=\"486\">W\u0141.\/WY\u0141., sterowanie PID<\/td>\n<\/tr>\n<tr>\n<td style=\"text-align: center;\" colspan=\"2\" width=\"225\">Okres pobierania pr\u00f3bek<\/td>\n<td style=\"text-align: center;\" width=\"486\">100ms<\/td>\n<\/tr>\n<tr>\n<td style=\"text-align: center;\" rowspan=\"2\" width=\"153\">Cykl \u017cycia przeka\u017anika<\/td>\n<td style=\"text-align: center;\" width=\"72\">Mechaniczny<\/td>\n<td style=\"text-align: center;\" width=\"486\">\u22652 500 000 operacji<\/td>\n<\/tr>\n<tr>\n<td style=\"text-align: center;\" width=\"72\">Elektryczny<\/td>\n<td style=\"text-align: center;\" width=\"486\">\u2265100 000 operacji (obci\u0105\u017cenie rezystancyjne: 250VAC~3A)<\/td>\n<\/tr>\n<tr>\n<td style=\"text-align: center;\" colspan=\"2\" width=\"225\">Wytrzyma\u0142o\u015b\u0107 dielektryczna<\/td>\n<td style=\"text-align: center;\" width=\"486\">Mi\u0119dzy wszystkimi zaciskami i obudow\u0105: 3000VAC ~ 50\/60Hz przez 1 min<\/td>\n<\/tr>\n<tr>\n<td style=\"text-align: center;\" colspan=\"2\" width=\"225\">Wibracja<\/td>\n<td style=\"text-align: center;\" width=\"486\">Amplituda 0,75 mm przy cz\u0119stotliwo\u015bci 5 do 55 Hz (przez 1 minut\u0119) w ka\u017cdym kierunku X, Y, Z przez 2 godziny<\/td>\n<\/tr>\n<tr>\n<td style=\"text-align: center;\" colspan=\"2\" width=\"225\">Rezystancja izolacji<\/td>\n<td style=\"text-align: center;\" width=\"486\">\u2265100M (megametr 500VDC)<\/td>\n<\/tr>\n<tr>\n<td style=\"text-align: center;\" colspan=\"2\" width=\"225\">Odporno\u015b\u0107 na ha\u0142as<\/td>\n<td style=\"text-align: center;\" width=\"486\">\u00b12kv szum kwadratowy (szeroko\u015b\u0107 impulsu lus) przez symulator szumu R-faza, S-faza<\/td>\n<\/tr>\n<tr>\n<td style=\"text-align: center;\" colspan=\"2\" width=\"225\">Przechowywanie w pami\u0119ci<\/td>\n<td style=\"text-align: center;\" width=\"486\">10 lat (pami\u0119\u0107 p\u00f3\u0142przewodnikowa nieulotna)<\/td>\n<\/tr>\n<tr>\n<td style=\"text-align: center;\" colspan=\"2\" width=\"225\">Temperatura otoczenia<\/td>\n<td style=\"text-align: center;\" width=\"486\">-10 ~50 \u00b0C, przechowywanie: -20~ 60 \u00b0C (bez zamarzania i kondensacji)<\/td>\n<\/tr>\n<tr>\n<td style=\"text-align: center;\" colspan=\"2\" width=\"225\">Wilgotno\u015b\u0107 otoczenia<\/td>\n<td style=\"text-align: center;\" width=\"486\">35%~85%RH, przechowywanie: 35%~85%RH (bez zamarzania i kondensacji)<\/td>\n<\/tr>\n<\/tbody>\n<\/table>\n\n\n<p><strong>Wymiar<\/strong><\/p>\n\n\n\n<figure class=\"wp-block-image size-full\"><img fetchpriority=\"high\" decoding=\"async\" width=\"518\" height=\"529\" src=\"https:\/\/www.tosunlux.eu\/wp-content\/uploads\/2024\/05\/2.jpg\" alt=\"\" class=\"wp-image-10217\" srcset=\"https:\/\/www.tosunlux.eu\/wp-content\/uploads\/2024\/05\/2.jpg 518w, https:\/\/www.tosunlux.eu\/wp-content\/uploads\/2024\/05\/2-294x300.jpg 294w, https:\/\/www.tosunlux.eu\/wp-content\/uploads\/2024\/05\/2-12x12.jpg 12w\" sizes=\"(max-width: 518px) 100vw, 518px\" \/><\/figure>\n\n\n<table style=\"border-collapse: collapse; width: 842px; height: 210px;\" border=\"0\" width=\"504\" cellspacing=\"0\" cellpadding=\"0\">\n<tbody>\n<tr style=\"height: 17.25pt;\">\n<td class=\"et2\" style=\"height: 17.25pt; width: 56.00pt;\" width=\"74\" height=\"23\">\u00a0<\/td>\n<td class=\"et3\" style=\"width: 179pt; border-right: 0.5pt solid #231916; text-align: center;\" colspan=\"5\" width=\"238\"><span class=\"font2\">Cia\u0142o<\/span><\/td>\n<td class=\"et6\" style=\"width: 143pt; border-right: 0.5pt solid #231916; text-align: center;\" colspan=\"4\" width=\"190\"><span class=\"font2\">Wyci\u0119cie panelu<\/span><\/td>\n<\/tr>\n<tr style=\"height: 17.25pt;\">\n<td class=\"et2\" style=\"height: 17.25pt; width: 56pt; text-align: center;\" width=\"74\" height=\"23\">\u00a0<\/td>\n<td class=\"et8\" style=\"width: 36pt; text-align: center;\" width=\"48\"><span class=\"font2\">A<\/span><\/td>\n<td class=\"et8\" style=\"width: 36pt; text-align: center;\" width=\"48\"><span class=\"font2\">B<\/span><\/td>\n<td class=\"et8\" style=\"width: 35pt; text-align: center;\" width=\"46\"><span class=\"font2\">C<\/span><\/td>\n<td class=\"et8\" style=\"width: 36pt; text-align: center;\" width=\"48\"><span class=\"font2\">D<\/span><\/td>\n<td class=\"et8\" style=\"width: 36pt; text-align: center;\" width=\"48\"><span class=\"font2\">mi<\/span><\/td>\n<td class=\"et9\" style=\"width: 36pt; text-align: center;\" width=\"48\"><span class=\"font2\">F<\/span><\/td>\n<td class=\"et8\" style=\"width: 35pt; text-align: center;\" width=\"46\"><span class=\"font2\">G<\/span><\/td>\n<td class=\"et8\" style=\"width: 36pt; text-align: center;\" width=\"48\"><span class=\"font2\">H<\/span><\/td>\n<td class=\"et8\" style=\"width: 36pt; text-align: center;\" width=\"48\"><span class=\"font2\">I<\/span><\/td>\n<\/tr>\n<tr style=\"height: 17.25pt;\">\n<td class=\"et10\" style=\"height: 17.25pt; width: 56.00pt;\" width=\"74\" height=\"23\"><span class=\"font2\">TX4-S<\/span><\/td>\n<td class=\"et11\" style=\"text-align: center;\">48<\/td>\n<td class=\"et11\" style=\"text-align: center;\">48<\/td>\n<td class=\"et11\" style=\"text-align: center;\">3<\/td>\n<td class=\"et11\" style=\"text-align: center;\">50<\/td>\n<td class=\"et12\" style=\"text-align: center;\">44.5<\/td>\n<td class=\"et13\" style=\"text-align: center;\">\u226570<\/td>\n<td class=\"et11\" style=\"text-align: center;\">\u00a0\u226570<\/td>\n<td class=\"et11\" style=\"text-align: center;\">45<\/td>\n<td class=\"et11\" style=\"text-align: center;\">45<\/td>\n<\/tr>\n<tr style=\"height: 17.25pt;\">\n<td class=\"et10\" style=\"height: 17.25pt; width: 56.00pt;\" width=\"74\" height=\"23\"><span class=\"font2\">TX4-H<\/span><\/td>\n<td class=\"et11\" style=\"text-align: center;\">48<\/td>\n<td class=\"et11\" style=\"text-align: center;\">96<\/td>\n<td class=\"et11\" style=\"text-align: center;\">3<\/td>\n<td class=\"et11\" style=\"text-align: center;\">50<\/td>\n<td class=\"et11\" style=\"text-align: center;\">91<\/td>\n<td class=\"et13\" style=\"text-align: center;\">\u00a0\u226570<\/td>\n<td class=\"et11\" style=\"text-align: center;\">\u00a0\u2265120<\/td>\n<td class=\"et11\" style=\"text-align: center;\">45<\/td>\n<td class=\"et11\" style=\"text-align: center;\">92<\/td>\n<\/tr>\n<tr style=\"height: 17.25pt;\">\n<td class=\"et10\" style=\"height: 17.25pt; width: 56pt; text-align: left;\" width=\"74\" height=\"23\"><span class=\"font2\">TX4-W<\/span><\/td>\n<td class=\"et11\" style=\"text-align: center;\">96<\/td>\n<td class=\"et11\" style=\"text-align: center;\">48<\/td>\n<td class=\"et11\" style=\"text-align: center;\">3<\/td>\n<td class=\"et11\" style=\"text-align: center;\">50<\/td>\n<td class=\"et12\" style=\"text-align: center;\">44.5<\/td>\n<td class=\"et14\" style=\"text-align: center;\">\u00a0\u2265120<\/td>\n<td class=\"et11\" style=\"text-align: center;\">\u00a0\u226570<\/td>\n<td class=\"et11\" style=\"text-align: center;\">92<\/td>\n<td class=\"et11\" style=\"text-align: center;\">45<\/td>\n<\/tr>\n<tr style=\"height: 17.25pt;\">\n<td class=\"et10\" style=\"height: 17.25pt; width: 56.00pt;\" width=\"74\" height=\"23\"><span class=\"font2\">TX4-M<\/span><\/td>\n<td class=\"et11\" style=\"text-align: center;\">72<\/td>\n<td class=\"et11\" style=\"text-align: center;\">72<\/td>\n<td class=\"et11\" style=\"text-align: center;\">3<\/td>\n<td class=\"et11\" style=\"text-align: center;\">50<\/td>\n<td class=\"et11\" style=\"text-align: center;\">67<\/td>\n<td class=\"et13\" style=\"text-align: center;\">\u00a0\u226595<\/td>\n<td class=\"et11\" style=\"text-align: center;\">\u00a0\u226595<\/td>\n<td class=\"et11\" style=\"text-align: center;\">68<\/td>\n<td class=\"et11\" style=\"text-align: center;\">68<\/td>\n<\/tr>\n<tr style=\"height: 17.25pt;\">\n<td class=\"et10\" style=\"height: 17.25pt; width: 56pt; text-align: left;\" width=\"74\" height=\"23\"><span class=\"font2\">TX4-L<\/span><\/td>\n<td class=\"et11\" style=\"text-align: center;\">96<\/td>\n<td class=\"et11\" style=\"text-align: center;\">96<\/td>\n<td class=\"et11\" style=\"text-align: center;\">3<\/td>\n<td class=\"et11\" style=\"text-align: center;\">50<\/td>\n<td class=\"et11\" style=\"text-align: center;\">91<\/td>\n<td class=\"et14\" style=\"text-align: center;\">\u00a0\u2265120<\/td>\n<td class=\"et11\" style=\"text-align: center;\">\u00a0\u2265120<\/td>\n<td class=\"et11\" style=\"text-align: center;\">92<\/td>\n<td class=\"et11\" style=\"text-align: center;\">92<\/td>\n<\/tr>\n<\/tbody>\n<\/table>","protected":false},"parent":0,"template":"","product_category":[75,127],"class_list":["post-10216","product","type-product","status-publish","hentry","product_category-instruments","product_category-temperature-controller"],"yoast_head":"<!-- This site is optimized with the Yoast SEO plugin v27.5 - https:\/\/yoast.com\/product\/yoast-seo-wordpress\/ -->\n<title>WholesaleTemperature Controller - TOSUNlux Official Site - Electrical Circuit Breaker Manufacturer in China Low Voltage Electrical Supplier | TOSUNlux<\/title>\n<meta name=\"description\" content=\"Temperature Controller Supplier - Wholesale direct from TOSUNlux, a trusted manufacturer since 1994. Get your B2B factory quote on our certified Low Voltage electrical products.\" \/>\n<meta name=\"robots\" content=\"index, follow, max-snippet:-1, max-image-preview:large, max-video-preview:-1\" \/>\n<link rel=\"canonical\" href=\"https:\/\/www.tosunlux.eu\/pl\/products\/temperature-controller\/\" \/>\n<meta property=\"og:locale\" content=\"pl_PL\" \/>\n<meta property=\"og:type\" content=\"article\" \/>\n<meta property=\"og:title\" content=\"WholesaleTemperature Controller - TOSUNlux Official Site - Electrical Circuit Breaker Manufacturer in China Low Voltage Electrical Supplier | TOSUNlux\" \/>\n<meta property=\"og:description\" content=\"Temperature Controller Supplier - Wholesale direct from TOSUNlux, a trusted manufacturer since 1994. Get your B2B factory quote on our certified Low Voltage electrical products.\" \/>\n<meta property=\"og:url\" content=\"https:\/\/www.tosunlux.eu\/pl\/products\/temperature-controller\/\" \/>\n<meta property=\"og:site_name\" content=\"TOSUNlux Official Site - Electrical Circuit Breaker Manufacturer in China\" \/>\n<meta property=\"article:publisher\" content=\"https:\/\/www.facebook.com\/TOSUNelectric\/\" \/>\n<meta property=\"article:modified_time\" content=\"2024-05-27T09:41:02+00:00\" \/>\n<meta property=\"og:image\" content=\"https:\/\/www.tosunlux.eu\/wp-content\/uploads\/2024\/05\/2.jpg\" \/>\n<meta name=\"twitter:card\" content=\"summary_large_image\" \/>\n<meta name=\"twitter:label1\" content=\"Szacowany czas czytania\" \/>\n\t<meta name=\"twitter:data1\" content=\"2 minuty\" \/>\n<script type=\"application\/ld+json\" class=\"yoast-schema-graph\">{\"@context\":\"https:\\\/\\\/schema.org\",\"@graph\":[{\"@type\":\"WebPage\",\"@id\":\"https:\\\/\\\/www.tosunlux.eu\\\/products\\\/temperature-controller\\\/\",\"url\":\"https:\\\/\\\/www.tosunlux.eu\\\/products\\\/temperature-controller\\\/\",\"name\":\"WholesaleTemperature Controller - TOSUNlux Official Site - Electrical Circuit Breaker Manufacturer in China Low Voltage Electrical Supplier | TOSUNlux\",\"isPartOf\":{\"@id\":\"https:\\\/\\\/www.tosunlux.eu\\\/ru\\\/#website\"},\"primaryImageOfPage\":{\"@id\":\"https:\\\/\\\/www.tosunlux.eu\\\/products\\\/temperature-controller\\\/#primaryimage\"},\"image\":{\"@id\":\"https:\\\/\\\/www.tosunlux.eu\\\/products\\\/temperature-controller\\\/#primaryimage\"},\"thumbnailUrl\":\"https:\\\/\\\/www.tosunlux.eu\\\/wp-content\\\/uploads\\\/2024\\\/05\\\/2.jpg\",\"datePublished\":\"2024-05-27T09:41:00+00:00\",\"dateModified\":\"2024-05-27T09:41:02+00:00\",\"description\":\"Temperature Controller Supplier - Wholesale direct from TOSUNlux, a trusted manufacturer since 1994. Get your B2B factory quote on our certified Low Voltage electrical products.\",\"breadcrumb\":{\"@id\":\"https:\\\/\\\/www.tosunlux.eu\\\/products\\\/temperature-controller\\\/#breadcrumb\"},\"inLanguage\":\"pl-PL\",\"potentialAction\":[{\"@type\":\"ReadAction\",\"target\":[\"https:\\\/\\\/www.tosunlux.eu\\\/products\\\/temperature-controller\\\/\"]}]},{\"@type\":\"ImageObject\",\"inLanguage\":\"pl-PL\",\"@id\":\"https:\\\/\\\/www.tosunlux.eu\\\/products\\\/temperature-controller\\\/#primaryimage\",\"url\":\"https:\\\/\\\/www.tosunlux.eu\\\/wp-content\\\/uploads\\\/2024\\\/05\\\/2.jpg\",\"contentUrl\":\"https:\\\/\\\/www.tosunlux.eu\\\/wp-content\\\/uploads\\\/2024\\\/05\\\/2.jpg\"},{\"@type\":\"BreadcrumbList\",\"@id\":\"https:\\\/\\\/www.tosunlux.eu\\\/products\\\/temperature-controller\\\/#breadcrumb\",\"itemListElement\":[{\"@type\":\"ListItem\",\"position\":1,\"name\":\"Home\",\"item\":\"https:\\\/\\\/www.tosunlux.eu\\\/ru\\\/\"},{\"@type\":\"ListItem\",\"position\":2,\"name\":\"Products\",\"item\":\"https:\\\/\\\/www.tosunlux.eu\\\/products\\\/\"},{\"@type\":\"ListItem\",\"position\":3,\"name\":\"Temperature Controller\"}]},{\"@type\":\"WebSite\",\"@id\":\"https:\\\/\\\/www.tosunlux.eu\\\/ru\\\/#website\",\"url\":\"https:\\\/\\\/www.tosunlux.eu\\\/ru\\\/\",\"name\":\"TOSUNlux Official Site - Electrical Circuit Breaker Manufacturer in China\",\"description\":\"Power Distribution System Supplier\",\"publisher\":{\"@id\":\"https:\\\/\\\/www.tosunlux.eu\\\/ru\\\/#organization\"},\"alternateName\":\"TOSUNlux\",\"potentialAction\":[{\"@type\":\"SearchAction\",\"target\":{\"@type\":\"EntryPoint\",\"urlTemplate\":\"https:\\\/\\\/www.tosunlux.eu\\\/ru\\\/?s={search_term_string}\"},\"query-input\":{\"@type\":\"PropertyValueSpecification\",\"valueRequired\":true,\"valueName\":\"search_term_string\"}}],\"inLanguage\":\"pl-PL\"},{\"@type\":\"Organization\",\"@id\":\"https:\\\/\\\/www.tosunlux.eu\\\/ru\\\/#organization\",\"name\":\"TOSUNlux\",\"url\":\"https:\\\/\\\/www.tosunlux.eu\\\/ru\\\/\",\"logo\":{\"@type\":\"ImageObject\",\"inLanguage\":\"pl-PL\",\"@id\":\"https:\\\/\\\/www.tosunlux.eu\\\/ru\\\/#\\\/schema\\\/logo\\\/image\\\/\",\"url\":\"https:\\\/\\\/www.tosunlux.eu\\\/wp-content\\\/uploads\\\/2022\\\/01\\\/LOGOSYSM.71762f1.png\",\"contentUrl\":\"https:\\\/\\\/www.tosunlux.eu\\\/wp-content\\\/uploads\\\/2022\\\/01\\\/LOGOSYSM.71762f1.png\",\"width\":153,\"height\":55,\"caption\":\"TOSUNlux\"},\"image\":{\"@id\":\"https:\\\/\\\/www.tosunlux.eu\\\/ru\\\/#\\\/schema\\\/logo\\\/image\\\/\"},\"sameAs\":[\"https:\\\/\\\/www.facebook.com\\\/TOSUNelectric\\\/\",\"https:\\\/\\\/www.linkedin.com\\\/company\\\/wenzhou-tosun-electric-co.-ltd\\\/\"]}]}<\/script>\n<!-- \/ Yoast SEO plugin. -->","yoast_head_json":{"title":"Hurtowy regulator temperatury - Oficjalna strona TOSUNlux - Producent wy\u0142\u0105cznik\u00f3w obwodowych w Chinach Dostawca urz\u0105dze\u0144 elektrycznych niskiego napi\u0119cia | TOSUNlux","description":"Dostawca regulator\u00f3w temperatury - sprzeda\u017c hurtowa bezpo\u015brednio od TOSUNlux, zaufanego producenta od 1994 r. Uzyskaj wycen\u0119 fabryczn\u0105 B2B na nasze certyfikowane produkty elektryczne niskiego napi\u0119cia.","robots":{"index":"index","follow":"follow","max-snippet":"max-snippet:-1","max-image-preview":"max-image-preview:large","max-video-preview":"max-video-preview:-1"},"canonical":"https:\/\/www.tosunlux.eu\/pl\/products\/temperature-controller\/","og_locale":"pl_PL","og_type":"article","og_title":"WholesaleTemperature Controller - TOSUNlux Official Site - Electrical Circuit Breaker Manufacturer in China Low Voltage Electrical Supplier | TOSUNlux","og_description":"Temperature Controller Supplier - Wholesale direct from TOSUNlux, a trusted manufacturer since 1994. Get your B2B factory quote on our certified Low Voltage electrical products.","og_url":"https:\/\/www.tosunlux.eu\/pl\/products\/temperature-controller\/","og_site_name":"TOSUNlux Official Site - Electrical Circuit Breaker Manufacturer in China","article_publisher":"https:\/\/www.facebook.com\/TOSUNelectric\/","article_modified_time":"2024-05-27T09:41:02+00:00","og_image":[{"url":"https:\/\/www.tosunlux.eu\/wp-content\/uploads\/2024\/05\/2.jpg","type":"","width":"","height":""}],"twitter_card":"summary_large_image","twitter_misc":{"Szacowany czas czytania":"2 minuty"},"schema":{"@context":"https:\/\/schema.org","@graph":[{"@type":"WebPage","@id":"https:\/\/www.tosunlux.eu\/products\/temperature-controller\/","url":"https:\/\/www.tosunlux.eu\/products\/temperature-controller\/","name":"Hurtowy regulator temperatury - Oficjalna strona TOSUNlux - Producent wy\u0142\u0105cznik\u00f3w obwodowych w Chinach Dostawca urz\u0105dze\u0144 elektrycznych niskiego napi\u0119cia | TOSUNlux","isPartOf":{"@id":"https:\/\/www.tosunlux.eu\/ru\/#website"},"primaryImageOfPage":{"@id":"https:\/\/www.tosunlux.eu\/products\/temperature-controller\/#primaryimage"},"image":{"@id":"https:\/\/www.tosunlux.eu\/products\/temperature-controller\/#primaryimage"},"thumbnailUrl":"https:\/\/www.tosunlux.eu\/wp-content\/uploads\/2024\/05\/2.jpg","datePublished":"2024-05-27T09:41:00+00:00","dateModified":"2024-05-27T09:41:02+00:00","description":"Dostawca regulator\u00f3w temperatury - sprzeda\u017c hurtowa bezpo\u015brednio od TOSUNlux, zaufanego producenta od 1994 r. Uzyskaj wycen\u0119 fabryczn\u0105 B2B na nasze certyfikowane produkty elektryczne niskiego napi\u0119cia.","breadcrumb":{"@id":"https:\/\/www.tosunlux.eu\/products\/temperature-controller\/#breadcrumb"},"inLanguage":"pl-PL","potentialAction":[{"@type":"ReadAction","target":["https:\/\/www.tosunlux.eu\/products\/temperature-controller\/"]}]},{"@type":"ImageObject","inLanguage":"pl-PL","@id":"https:\/\/www.tosunlux.eu\/products\/temperature-controller\/#primaryimage","url":"https:\/\/www.tosunlux.eu\/wp-content\/uploads\/2024\/05\/2.jpg","contentUrl":"https:\/\/www.tosunlux.eu\/wp-content\/uploads\/2024\/05\/2.jpg"},{"@type":"BreadcrumbList","@id":"https:\/\/www.tosunlux.eu\/products\/temperature-controller\/#breadcrumb","itemListElement":[{"@type":"ListItem","position":1,"name":"Home","item":"https:\/\/www.tosunlux.eu\/ru\/"},{"@type":"ListItem","position":2,"name":"Products","item":"https:\/\/www.tosunlux.eu\/products\/"},{"@type":"ListItem","position":3,"name":"Temperature Controller"}]},{"@type":"WebSite","@id":"https:\/\/www.tosunlux.eu\/ru\/#website","url":"https:\/\/www.tosunlux.eu\/ru\/","name":"Oficjalna strona TOSUNlux - Producent wy\u0142\u0105cznik\u00f3w elektrycznych w Chinach","description":"Dostawca system\u00f3w dystrybucji energii","publisher":{"@id":"https:\/\/www.tosunlux.eu\/ru\/#organization"},"alternateName":"TOSUNlux","potentialAction":[{"@type":"SearchAction","target":{"@type":"EntryPoint","urlTemplate":"https:\/\/www.tosunlux.eu\/ru\/?s={search_term_string}"},"query-input":{"@type":"PropertyValueSpecification","valueRequired":true,"valueName":"search_term_string"}}],"inLanguage":"pl-PL"},{"@type":"Organization","@id":"https:\/\/www.tosunlux.eu\/ru\/#organization","name":"TOSUNlux","url":"https:\/\/www.tosunlux.eu\/ru\/","logo":{"@type":"ImageObject","inLanguage":"pl-PL","@id":"https:\/\/www.tosunlux.eu\/ru\/#\/schema\/logo\/image\/","url":"https:\/\/www.tosunlux.eu\/wp-content\/uploads\/2022\/01\/LOGOSYSM.71762f1.png","contentUrl":"https:\/\/www.tosunlux.eu\/wp-content\/uploads\/2022\/01\/LOGOSYSM.71762f1.png","width":153,"height":55,"caption":"TOSUNlux"},"image":{"@id":"https:\/\/www.tosunlux.eu\/ru\/#\/schema\/logo\/image\/"},"sameAs":["https:\/\/www.facebook.com\/TOSUNelectric\/","https:\/\/www.linkedin.com\/company\/wenzhou-tosun-electric-co.-ltd\/"]}]}},"_links":{"self":[{"href":"https:\/\/www.tosunlux.eu\/pl\/wp-json\/wp\/v2\/product\/10216","targetHints":{"allow":["GET"]}}],"collection":[{"href":"https:\/\/www.tosunlux.eu\/pl\/wp-json\/wp\/v2\/product"}],"about":[{"href":"https:\/\/www.tosunlux.eu\/pl\/wp-json\/wp\/v2\/types\/product"}],"version-history":[{"count":1,"href":"https:\/\/www.tosunlux.eu\/pl\/wp-json\/wp\/v2\/product\/10216\/revisions"}],"predecessor-version":[{"id":10223,"href":"https:\/\/www.tosunlux.eu\/pl\/wp-json\/wp\/v2\/product\/10216\/revisions\/10223"}],"wp:attachment":[{"href":"https:\/\/www.tosunlux.eu\/pl\/wp-json\/wp\/v2\/media?parent=10216"}],"wp:term":[{"taxonomy":"product_category","embeddable":true,"href":"https:\/\/www.tosunlux.eu\/pl\/wp-json\/wp\/v2\/product_category?post=10216"}],"curies":[{"name":"wp","href":"https:\/\/api.w.org\/{rel}","templated":true}]}}