{"id":1061,"date":"2022-04-13T17:43:29","date_gmt":"2022-04-13T09:43:29","guid":{"rendered":"https:\/\/www.tosunlux.eu\/?post_type=product&#038;p=1061"},"modified":"2022-04-13T17:46:57","modified_gmt":"2022-04-13T09:46:57","slug":"jsh-externally-plastic-coated-flexible-metal-conduit","status":"publish","type":"product","link":"https:\/\/www.tosunlux.eu\/pl\/products\/jsh-externally-plastic-coated-flexible-metal-conduit\/","title":{"rendered":"JSH Elastyczny przew\u00f3d metalowy powlekany zewn\u0119trznie plastikiem"},"content":{"rendered":"<table width=\"773\">\n<tbody>\n<tr>\n<td colspan=\"2\" width=\"133\">Model<\/td>\n<td colspan=\"2\" width=\"174\">\u015arednica wewn\u0119trzna<\/td>\n<td colspan=\"2\" width=\"175\">\u015arednica zewn\u0119trzna<\/td>\n<td width=\"128\">Promie\u0144 gi\u0119cia<\/td>\n<td rowspan=\"2\" width=\"163\">D\u0142ugo\u015b\u0107 na rolk\u0119<br \/>\n(M)<\/td>\n<\/tr>\n<tr>\n<td>Metryczny<\/td>\n<td>ANSI<\/td>\n<td>Min.<\/td>\n<td>Maks.<\/td>\n<td>Min.<\/td>\n<td>Maks.<\/td>\n<td>Min.<\/td>\n<\/tr>\n<tr>\n<td>\u042410<\/td>\n<td>1\/4&#8243;<\/td>\n<td>9.7<\/td>\n<td>10.2<\/td>\n<td>14.4<\/td>\n<td>14.7<\/td>\n<td>45<\/td>\n<td>100<\/td>\n<\/tr>\n<tr>\n<td>F13<\/td>\n<td>3\/8&#8243;<\/td>\n<td>12.3<\/td>\n<td>12.8<\/td>\n<td>16.7<\/td>\n<td>17.2<\/td>\n<td>50<\/td>\n<td>100<\/td>\n<\/tr>\n<tr>\n<td>F16<\/td>\n<td>1\/2&#8243;<\/td>\n<td>15.8<\/td>\n<td>16.3<\/td>\n<td>20.2<\/td>\n<td>20.7<\/td>\n<td>65<\/td>\n<td>100<\/td>\n<\/tr>\n<tr>\n<td>F21<\/td>\n<td>3\/4&#8243;<\/td>\n<td>20.7<\/td>\n<td>21.2<\/td>\n<td>25.5<\/td>\n<td>26.1<\/td>\n<td>75<\/td>\n<td>50<\/td>\n<\/tr>\n<tr>\n<td>\u042426<\/td>\n<td>1&#8243;<\/td>\n<td>26<\/td>\n<td>26.6<\/td>\n<td>31.6<\/td>\n<td>32.2<\/td>\n<td>100<\/td>\n<td>50<\/td>\n<\/tr>\n<tr>\n<td>\u042434<\/td>\n<td>1-1\/4&#8243;<\/td>\n<td>34.7<\/td>\n<td>35.4<\/td>\n<td>40.8<\/td>\n<td>41.5<\/td>\n<td>125<\/td>\n<td>30<\/td>\n<\/tr>\n<tr>\n<td>\u042440<\/td>\n<td>1-1\/2&#8243;<\/td>\n<td>40<\/td>\n<td>40.6<\/td>\n<td>46.6<\/td>\n<td>47.2<\/td>\n<td>150<\/td>\n<td>30<\/td>\n<\/tr>\n<tr>\n<td>\u042451<\/td>\n<td>2&#8243;<\/td>\n<td>51.3<\/td>\n<td>51.9<\/td>\n<td>58.1<\/td>\n<td>58.7<\/td>\n<td>175<\/td>\n<td>20<\/td>\n<\/tr>\n<tr>\n<td>\u042463<\/td>\n<td>2-1\/2&#8243;<\/td>\n<td>63<\/td>\n<td>63.6<\/td>\n<td>71.8<\/td>\n<td>72.4<\/td>\n<td>200<\/td>\n<td>10<\/td>\n<\/tr>\n<tr>\n<td>F78<\/td>\n<td>3&#8243;<\/td>\n<td>78<\/td>\n<td>78.7<\/td>\n<td>87.2<\/td>\n<td>87.9<\/td>\n<td>225<\/td>\n<td>10<\/td>\n<\/tr>\n<tr>\n<td>\u0424101<\/td>\n<td>4&#8243;<\/td>\n<td>101.6<\/td>\n<td>102.6<\/td>\n<td>111.2<\/td>\n<td>112.3<\/td>\n<td>275<\/td>\n<td>10<\/td>\n<\/tr>\n<tr>\n<td>\u0424125<\/td>\n<td>5&#8243;<\/td>\n<td>125<\/td>\n<td>127<\/td>\n<td>137<\/td>\n<td>139.5<\/td>\n<td>300<\/td>\n<td>5<\/td>\n<\/tr>\n<tr>\n<td>\u0424150<\/td>\n<td>6&#8243;<\/td>\n<td>150<\/td>\n<td>153<\/td>\n<td>162<\/td>\n<td>165<\/td>\n<td>400<\/td>\n<td>5<\/td>\n<\/tr>\n<\/tbody>\n<\/table>","protected":false},"parent":0,"template":"","product_category":[142],"class_list":["post-1061","product","type-product","status-publish","hentry","product_category-flexible-metal-conduit-and-connector"],"yoast_head":"<!-- This site is optimized with the Yoast SEO plugin v27.3 - https:\/\/yoast.com\/product\/yoast-seo-wordpress\/ -->\n<title>WholesaleJSH Externally Plastic Coated Flexible Metal Conduit - TOSUNlux Official Site - Electrical Circuit Breaker Manufacturer in China Low Voltage Electrical Supplier | TOSUNlux<\/title>\n<meta name=\"description\" content=\"JSH Externally Plastic Coated Flexible Metal Conduit Supplier - Wholesale direct from TOSUNlux, a trusted manufacturer since 1994. Get your B2B factory quote on our certified Low Voltage electrical products.\" \/>\n<meta name=\"robots\" content=\"index, follow, max-snippet:-1, max-image-preview:large, max-video-preview:-1\" \/>\n<link rel=\"canonical\" href=\"https:\/\/www.tosunlux.eu\/pl\/products\/jsh-externally-plastic-coated-flexible-metal-conduit\/\" \/>\n<meta property=\"og:locale\" content=\"pl_PL\" \/>\n<meta property=\"og:type\" content=\"article\" \/>\n<meta property=\"og:title\" content=\"WholesaleJSH Externally Plastic Coated Flexible Metal Conduit - TOSUNlux Official Site - Electrical Circuit Breaker Manufacturer in China Low Voltage Electrical Supplier | TOSUNlux\" \/>\n<meta property=\"og:description\" content=\"JSH Externally Plastic Coated Flexible Metal Conduit Supplier - Wholesale direct from TOSUNlux, a trusted manufacturer since 1994. Get your B2B factory quote on our certified Low Voltage electrical products.\" \/>\n<meta property=\"og:url\" content=\"https:\/\/www.tosunlux.eu\/pl\/products\/jsh-externally-plastic-coated-flexible-metal-conduit\/\" \/>\n<meta property=\"og:site_name\" content=\"TOSUNlux Official Site - Electrical Circuit Breaker Manufacturer in China\" \/>\n<meta property=\"article:publisher\" content=\"https:\/\/www.facebook.com\/TOSUNelectric\/\" \/>\n<meta property=\"article:modified_time\" content=\"2022-04-13T09:46:57+00:00\" \/>\n<meta property=\"og:image\" content=\"https:\/\/www.tosunlux.eu\/wp-content\/uploads\/2023\/04\/DSC08160_\u526f\u672c.jpg\" \/>\n\t<meta property=\"og:image:width\" content=\"1500\" \/>\n\t<meta property=\"og:image:height\" content=\"940\" \/>\n\t<meta property=\"og:image:type\" content=\"image\/jpeg\" \/>\n<meta name=\"twitter:card\" content=\"summary_large_image\" \/>\n<script type=\"application\/ld+json\" class=\"yoast-schema-graph\">{\"@context\":\"https:\\\/\\\/schema.org\",\"@graph\":[{\"@type\":\"WebPage\",\"@id\":\"https:\\\/\\\/www.tosunlux.eu\\\/tr\\\/products\\\/jsh-externally-plastic-coated-flexible-metal-conduit\\\/\",\"url\":\"https:\\\/\\\/www.tosunlux.eu\\\/tr\\\/products\\\/jsh-externally-plastic-coated-flexible-metal-conduit\\\/\",\"name\":\"WholesaleJSH Externally Plastic Coated Flexible Metal Conduit - TOSUNlux Official Site - Electrical Circuit Breaker Manufacturer in China Low Voltage Electrical Supplier | TOSUNlux\",\"isPartOf\":{\"@id\":\"https:\\\/\\\/www.tosunlux.eu\\\/ru\\\/#website\"},\"datePublished\":\"2022-04-13T09:43:29+00:00\",\"dateModified\":\"2022-04-13T09:46:57+00:00\",\"description\":\"JSH Externally Plastic Coated Flexible Metal Conduit Supplier - Wholesale direct from TOSUNlux, a trusted manufacturer since 1994. Get your B2B factory quote on our certified Low Voltage electrical products.\",\"breadcrumb\":{\"@id\":\"https:\\\/\\\/www.tosunlux.eu\\\/tr\\\/products\\\/jsh-externally-plastic-coated-flexible-metal-conduit\\\/#breadcrumb\"},\"inLanguage\":\"pl-PL\",\"potentialAction\":[{\"@type\":\"ReadAction\",\"target\":[\"https:\\\/\\\/www.tosunlux.eu\\\/tr\\\/products\\\/jsh-externally-plastic-coated-flexible-metal-conduit\\\/\"]}]},{\"@type\":\"BreadcrumbList\",\"@id\":\"https:\\\/\\\/www.tosunlux.eu\\\/tr\\\/products\\\/jsh-externally-plastic-coated-flexible-metal-conduit\\\/#breadcrumb\",\"itemListElement\":[{\"@type\":\"ListItem\",\"position\":1,\"name\":\"Home\",\"item\":\"https:\\\/\\\/www.tosunlux.eu\\\/ru\\\/\"},{\"@type\":\"ListItem\",\"position\":2,\"name\":\"Products\",\"item\":\"https:\\\/\\\/www.tosunlux.eu\\\/products\\\/\"},{\"@type\":\"ListItem\",\"position\":3,\"name\":\"JSH Externally Plastic Coated Flexible Metal Conduit\"}]},{\"@type\":\"WebSite\",\"@id\":\"https:\\\/\\\/www.tosunlux.eu\\\/ru\\\/#website\",\"url\":\"https:\\\/\\\/www.tosunlux.eu\\\/ru\\\/\",\"name\":\"TOSUNlux Official Site - Electrical Circuit Breaker Manufacturer in China\",\"description\":\"Power Distribution System Supplier\",\"publisher\":{\"@id\":\"https:\\\/\\\/www.tosunlux.eu\\\/ru\\\/#organization\"},\"alternateName\":\"TOSUNlux\",\"potentialAction\":[{\"@type\":\"SearchAction\",\"target\":{\"@type\":\"EntryPoint\",\"urlTemplate\":\"https:\\\/\\\/www.tosunlux.eu\\\/ru\\\/?s={search_term_string}\"},\"query-input\":{\"@type\":\"PropertyValueSpecification\",\"valueRequired\":true,\"valueName\":\"search_term_string\"}}],\"inLanguage\":\"pl-PL\"},{\"@type\":\"Organization\",\"@id\":\"https:\\\/\\\/www.tosunlux.eu\\\/ru\\\/#organization\",\"name\":\"TOSUNlux\",\"url\":\"https:\\\/\\\/www.tosunlux.eu\\\/ru\\\/\",\"logo\":{\"@type\":\"ImageObject\",\"inLanguage\":\"pl-PL\",\"@id\":\"https:\\\/\\\/www.tosunlux.eu\\\/ru\\\/#\\\/schema\\\/logo\\\/image\\\/\",\"url\":\"https:\\\/\\\/www.tosunlux.eu\\\/wp-content\\\/uploads\\\/2022\\\/01\\\/LOGOSYSM.71762f1.png\",\"contentUrl\":\"https:\\\/\\\/www.tosunlux.eu\\\/wp-content\\\/uploads\\\/2022\\\/01\\\/LOGOSYSM.71762f1.png\",\"width\":153,\"height\":55,\"caption\":\"TOSUNlux\"},\"image\":{\"@id\":\"https:\\\/\\\/www.tosunlux.eu\\\/ru\\\/#\\\/schema\\\/logo\\\/image\\\/\"},\"sameAs\":[\"https:\\\/\\\/www.facebook.com\\\/TOSUNelectric\\\/\",\"https:\\\/\\\/www.linkedin.com\\\/company\\\/wenzhou-tosun-electric-co.-ltd\\\/\"]}]}<\/script>\n<!-- \/ Yoast SEO plugin. -->","yoast_head_json":{"title":"Hurtowa sprzeda\u017c elastycznych metalowych przewod\u00f3w rurowych JSH z pow\u0142ok\u0105 zewn\u0119trzn\u0105 z tworzywa sztucznego - Oficjalna strona internetowa TOSUNlux - Producent wy\u0142\u0105cznik\u00f3w elektrycznych w Chinach Dostawca urz\u0105dze\u0144 elektrycznych niskiego napi\u0119cia | TOSUNlux","description":"Dostawca elastycznych metalowych przewod\u00f3w rurowych JSH z pow\u0142ok\u0105 zewn\u0119trzn\u0105 z tworzywa sztucznego \u2014 sprzeda\u017c hurtowa bezpo\u015brednio od TOSUNlux, zaufanego producenta od 1994 r. Uzyskaj wycen\u0119 fabryczn\u0105 B2B na nasze certyfikowane produkty elektryczne niskiego napi\u0119cia.","robots":{"index":"index","follow":"follow","max-snippet":"max-snippet:-1","max-image-preview":"max-image-preview:large","max-video-preview":"max-video-preview:-1"},"canonical":"https:\/\/www.tosunlux.eu\/pl\/products\/jsh-externally-plastic-coated-flexible-metal-conduit\/","og_locale":"pl_PL","og_type":"article","og_title":"WholesaleJSH Externally Plastic Coated Flexible Metal Conduit - TOSUNlux Official Site - Electrical Circuit Breaker Manufacturer in China Low Voltage Electrical Supplier | TOSUNlux","og_description":"JSH Externally Plastic Coated Flexible Metal Conduit Supplier - Wholesale direct from TOSUNlux, a trusted manufacturer since 1994. Get your B2B factory quote on our certified Low Voltage electrical products.","og_url":"https:\/\/www.tosunlux.eu\/pl\/products\/jsh-externally-plastic-coated-flexible-metal-conduit\/","og_site_name":"TOSUNlux Official Site - Electrical Circuit Breaker Manufacturer in China","article_publisher":"https:\/\/www.facebook.com\/TOSUNelectric\/","article_modified_time":"2022-04-13T09:46:57+00:00","og_image":[{"width":1500,"height":940,"url":"https:\/\/www.tosunlux.eu\/wp-content\/uploads\/2023\/04\/DSC08160_\u526f\u672c.jpg","type":"image\/jpeg"}],"twitter_card":"summary_large_image","schema":{"@context":"https:\/\/schema.org","@graph":[{"@type":"WebPage","@id":"https:\/\/www.tosunlux.eu\/tr\/products\/jsh-externally-plastic-coated-flexible-metal-conduit\/","url":"https:\/\/www.tosunlux.eu\/tr\/products\/jsh-externally-plastic-coated-flexible-metal-conduit\/","name":"Hurtowa sprzeda\u017c elastycznych metalowych przewod\u00f3w rurowych JSH z pow\u0142ok\u0105 zewn\u0119trzn\u0105 z tworzywa sztucznego - Oficjalna strona internetowa TOSUNlux - Producent wy\u0142\u0105cznik\u00f3w elektrycznych w Chinach Dostawca urz\u0105dze\u0144 elektrycznych niskiego napi\u0119cia | TOSUNlux","isPartOf":{"@id":"https:\/\/www.tosunlux.eu\/ru\/#website"},"datePublished":"2022-04-13T09:43:29+00:00","dateModified":"2022-04-13T09:46:57+00:00","description":"Dostawca elastycznych metalowych przewod\u00f3w rurowych JSH z pow\u0142ok\u0105 zewn\u0119trzn\u0105 z tworzywa sztucznego \u2014 sprzeda\u017c hurtowa bezpo\u015brednio od TOSUNlux, zaufanego producenta od 1994 r. Uzyskaj wycen\u0119 fabryczn\u0105 B2B na nasze certyfikowane produkty elektryczne niskiego napi\u0119cia.","breadcrumb":{"@id":"https:\/\/www.tosunlux.eu\/tr\/products\/jsh-externally-plastic-coated-flexible-metal-conduit\/#breadcrumb"},"inLanguage":"pl-PL","potentialAction":[{"@type":"ReadAction","target":["https:\/\/www.tosunlux.eu\/tr\/products\/jsh-externally-plastic-coated-flexible-metal-conduit\/"]}]},{"@type":"BreadcrumbList","@id":"https:\/\/www.tosunlux.eu\/tr\/products\/jsh-externally-plastic-coated-flexible-metal-conduit\/#breadcrumb","itemListElement":[{"@type":"ListItem","position":1,"name":"Home","item":"https:\/\/www.tosunlux.eu\/ru\/"},{"@type":"ListItem","position":2,"name":"Products","item":"https:\/\/www.tosunlux.eu\/products\/"},{"@type":"ListItem","position":3,"name":"JSH Externally Plastic Coated Flexible Metal Conduit"}]},{"@type":"WebSite","@id":"https:\/\/www.tosunlux.eu\/ru\/#website","url":"https:\/\/www.tosunlux.eu\/ru\/","name":"Oficjalna strona TOSUNlux - Producent wy\u0142\u0105cznik\u00f3w elektrycznych w Chinach","description":"Dostawca system\u00f3w dystrybucji energii","publisher":{"@id":"https:\/\/www.tosunlux.eu\/ru\/#organization"},"alternateName":"TOSUNlux","potentialAction":[{"@type":"SearchAction","target":{"@type":"EntryPoint","urlTemplate":"https:\/\/www.tosunlux.eu\/ru\/?s={search_term_string}"},"query-input":{"@type":"PropertyValueSpecification","valueRequired":true,"valueName":"search_term_string"}}],"inLanguage":"pl-PL"},{"@type":"Organization","@id":"https:\/\/www.tosunlux.eu\/ru\/#organization","name":"TOSUNlux","url":"https:\/\/www.tosunlux.eu\/ru\/","logo":{"@type":"ImageObject","inLanguage":"pl-PL","@id":"https:\/\/www.tosunlux.eu\/ru\/#\/schema\/logo\/image\/","url":"https:\/\/www.tosunlux.eu\/wp-content\/uploads\/2022\/01\/LOGOSYSM.71762f1.png","contentUrl":"https:\/\/www.tosunlux.eu\/wp-content\/uploads\/2022\/01\/LOGOSYSM.71762f1.png","width":153,"height":55,"caption":"TOSUNlux"},"image":{"@id":"https:\/\/www.tosunlux.eu\/ru\/#\/schema\/logo\/image\/"},"sameAs":["https:\/\/www.facebook.com\/TOSUNelectric\/","https:\/\/www.linkedin.com\/company\/wenzhou-tosun-electric-co.-ltd\/"]}]}},"_links":{"self":[{"href":"https:\/\/www.tosunlux.eu\/pl\/wp-json\/wp\/v2\/product\/1061","targetHints":{"allow":["GET"]}}],"collection":[{"href":"https:\/\/www.tosunlux.eu\/pl\/wp-json\/wp\/v2\/product"}],"about":[{"href":"https:\/\/www.tosunlux.eu\/pl\/wp-json\/wp\/v2\/types\/product"}],"version-history":[{"count":0,"href":"https:\/\/www.tosunlux.eu\/pl\/wp-json\/wp\/v2\/product\/1061\/revisions"}],"wp:attachment":[{"href":"https:\/\/www.tosunlux.eu\/pl\/wp-json\/wp\/v2\/media?parent=1061"}],"wp:term":[{"taxonomy":"product_category","embeddable":true,"href":"https:\/\/www.tosunlux.eu\/pl\/wp-json\/wp\/v2\/product_category?post=1061"}],"curies":[{"name":"wp","href":"https:\/\/api.w.org\/{rel}","templated":true}]}}