{"id":11076,"date":"2024-07-17T16:03:47","date_gmt":"2024-07-17T08:03:47","guid":{"rendered":"https:\/\/www.tosunlux.eu\/?post_type=product&#038;p=11076"},"modified":"2024-07-17T16:03:49","modified_gmt":"2024-07-17T08:03:49","slug":"pushbutton-switch-pa3-bg25","status":"publish","type":"product","link":"https:\/\/www.tosunlux.eu\/pl\/products\/pushbutton-switch-pa3-bg25\/","title":{"rendered":"Prze\u0142\u0105cznik przyciskowy PA3-BG25"},"content":{"rendered":"<p>Dost\u0119pna struktura kontakt\u00f3w: 11 (mo\u017cna poda\u0107 20, 02, 22, 40, 04 lub 33)<br>na specjalne \u017cyczenie).<br>Dost\u0119pne napi\u0119cie dla wska\u017anika: AC220V (AC\/DC6V, 12V, 24V, 36V, 48V, 110V i 220V<br>jak r\u00f3wnie\u017c AC110V i AC380V mog\u0105 by\u0107 dostarczone na specjalne \u017cyczenie).<\/p>\n\n\n<table style=\"height: 274px;\" width=\"1124\">\n<tbody>\n<tr>\n<td width=\"54\">Opis<\/td>\n<td width=\"54\">Kontakt<\/td>\n<td width=\"54\">Okr\u0105\u017cenie<\/td>\n<td width=\"54\">Kolor<\/td>\n<td width=\"54\">Model<\/td>\n<\/tr>\n<tr>\n<td rowspan=\"2\" width=\"54\">Prze\u0142\u0105cznik kluczykowy 2-pozycyjny, powr\u00f3t spr\u0119\u017cynowy<\/td>\n<td rowspan=\"2\" width=\"54\">N\/O+N\/C<\/td>\n<td rowspan=\"2\" width=\"54\"><img decoding=\"async\" class=\"alignnone size-full wp-image-11077\" src=\"https:\/\/www.tosunlux.eu\/wp-content\/uploads\/2024\/07\/Y-3.jpg\" alt=\"\" width=\"198\" height=\"103\" srcset=\"https:\/\/www.tosunlux.eu\/wp-content\/uploads\/2024\/07\/Y-3.jpg 198w, https:\/\/www.tosunlux.eu\/wp-content\/uploads\/2024\/07\/Y-3-18x9.jpg 18w\" sizes=\"(max-width: 198px) 100vw, 198px\" \/><\/td>\n<td rowspan=\"2\" width=\"54\">\u2013<\/td>\n<td rowspan=\"2\" width=\"54\">PA3-BG24<\/td>\n<\/tr>\n<tr>\n<td width=\"54\">Prze\u0142\u0105cznik kluczykowy 3-pozycyjny, spr\u0119\u017cynowy<\/td>\n<td width=\"54\">N\/O+N\/C<\/td>\n<td width=\"54\"><img decoding=\"async\" class=\"alignnone size-full wp-image-11078\" src=\"https:\/\/www.tosunlux.eu\/wp-content\/uploads\/2024\/07\/Z-1.jpg\" alt=\"\" width=\"198\" height=\"102\" srcset=\"https:\/\/www.tosunlux.eu\/wp-content\/uploads\/2024\/07\/Z-1.jpg 198w, https:\/\/www.tosunlux.eu\/wp-content\/uploads\/2024\/07\/Z-1-18x9.jpg 18w\" sizes=\"(max-width: 198px) 100vw, 198px\" \/><\/td>\n<td width=\"54\">\u2013<\/td>\n<td width=\"54\">PA3-BG34<\/td>\n<\/tr>\n<tr>\n<td rowspan=\"2\" width=\"54\">Prze\u0142\u0105cznik kluczykowy 2-pozycyjny Pozosta\u0144 na miejscu<\/td>\n<td rowspan=\"2\" width=\"54\">N\/O+N\/C<\/td>\n<td rowspan=\"2\" width=\"54\"><img decoding=\"async\" class=\"alignnone size-full wp-image-11082\" src=\"https:\/\/www.tosunlux.eu\/wp-content\/uploads\/2024\/07\/Z-2.jpg\" alt=\"\" width=\"198\" height=\"102\" srcset=\"https:\/\/www.tosunlux.eu\/wp-content\/uploads\/2024\/07\/Z-2.jpg 198w, https:\/\/www.tosunlux.eu\/wp-content\/uploads\/2024\/07\/Z-2-18x9.jpg 18w\" sizes=\"(max-width: 198px) 100vw, 198px\" \/><\/td>\n<td rowspan=\"2\" width=\"54\">\u2013<\/td>\n<td rowspan=\"2\" width=\"54\">PA3-BG25<\/td>\n<\/tr>\n<tr>\n<td width=\"54\">Prze\u0142\u0105cznik kluczykowy 3-pozycyjny Pozosta\u0144 na miejscu<\/td>\n<td width=\"54\">N\/O+N\/C<\/td>\n<td width=\"54\"><img loading=\"lazy\" decoding=\"async\" class=\"alignnone size-full wp-image-11080\" src=\"https:\/\/www.tosunlux.eu\/wp-content\/uploads\/2024\/07\/2-1.jpg\" alt=\"\" width=\"198\" height=\"103\" srcset=\"https:\/\/www.tosunlux.eu\/wp-content\/uploads\/2024\/07\/2-1.jpg 198w, https:\/\/www.tosunlux.eu\/wp-content\/uploads\/2024\/07\/2-1-18x9.jpg 18w\" sizes=\"(max-width: 198px) 100vw, 198px\" \/><\/td>\n<td width=\"54\">\u2013<\/td>\n<td width=\"54\">PA3-BG35<\/td>\n<\/tr>\n<\/tbody>\n<\/table>","protected":false},"parent":0,"template":"","product_category":[35,94],"class_list":["post-11076","product","type-product","status-publish","hentry","product_category-industrial-control-devices","product_category-pushbutton-switch"],"yoast_head":"<!-- This site is optimized with the Yoast SEO plugin v27.3 - https:\/\/yoast.com\/product\/yoast-seo-wordpress\/ -->\n<title>WholesalePushbutton Switch PA3-BG25 - TOSUNlux Official Site - Electrical Circuit Breaker Manufacturer in China Low Voltage Electrical Supplier | TOSUNlux<\/title>\n<meta name=\"description\" content=\"Pushbutton Switch PA3-BG25 Supplier - Wholesale direct from TOSUNlux, a trusted manufacturer since 1994. Get your B2B factory quote on our certified Low Voltage electrical products.\" \/>\n<meta name=\"robots\" content=\"index, follow, max-snippet:-1, max-image-preview:large, max-video-preview:-1\" \/>\n<link rel=\"canonical\" href=\"https:\/\/www.tosunlux.eu\/pl\/products\/pushbutton-switch-pa3-bg25\/\" \/>\n<meta property=\"og:locale\" content=\"pl_PL\" \/>\n<meta property=\"og:type\" content=\"article\" \/>\n<meta property=\"og:title\" content=\"WholesalePushbutton Switch PA3-BG25 - TOSUNlux Official Site - Electrical Circuit Breaker Manufacturer in China Low Voltage Electrical Supplier | TOSUNlux\" \/>\n<meta property=\"og:description\" content=\"Pushbutton Switch PA3-BG25 Supplier - Wholesale direct from TOSUNlux, a trusted manufacturer since 1994. Get your B2B factory quote on our certified Low Voltage electrical products.\" \/>\n<meta property=\"og:url\" content=\"https:\/\/www.tosunlux.eu\/pl\/products\/pushbutton-switch-pa3-bg25\/\" \/>\n<meta property=\"og:site_name\" content=\"TOSUNlux Official Site - Electrical Circuit Breaker Manufacturer in China\" \/>\n<meta property=\"article:publisher\" content=\"https:\/\/www.facebook.com\/TOSUNelectric\/\" \/>\n<meta property=\"article:modified_time\" content=\"2024-07-17T08:03:49+00:00\" \/>\n<meta property=\"og:image\" content=\"https:\/\/www.tosunlux.eu\/wp-content\/uploads\/2024\/07\/Y-3.jpg\" \/>\n<meta name=\"twitter:card\" content=\"summary_large_image\" \/>\n<meta name=\"twitter:label1\" content=\"Szacowany czas czytania\" \/>\n\t<meta name=\"twitter:data1\" content=\"2 minuty\" \/>\n<script type=\"application\/ld+json\" class=\"yoast-schema-graph\">{\"@context\":\"https:\\\/\\\/schema.org\",\"@graph\":[{\"@type\":\"WebPage\",\"@id\":\"https:\\\/\\\/www.tosunlux.eu\\\/es\\\/products\\\/pushbutton-switch-pa3-bg25\\\/\",\"url\":\"https:\\\/\\\/www.tosunlux.eu\\\/es\\\/products\\\/pushbutton-switch-pa3-bg25\\\/\",\"name\":\"WholesalePushbutton Switch PA3-BG25 - TOSUNlux Official Site - Electrical Circuit Breaker Manufacturer in China Low Voltage Electrical Supplier | TOSUNlux\",\"isPartOf\":{\"@id\":\"https:\\\/\\\/www.tosunlux.eu\\\/ru\\\/#website\"},\"primaryImageOfPage\":{\"@id\":\"https:\\\/\\\/www.tosunlux.eu\\\/es\\\/products\\\/pushbutton-switch-pa3-bg25\\\/#primaryimage\"},\"image\":{\"@id\":\"https:\\\/\\\/www.tosunlux.eu\\\/es\\\/products\\\/pushbutton-switch-pa3-bg25\\\/#primaryimage\"},\"thumbnailUrl\":\"https:\\\/\\\/www.tosunlux.eu\\\/wp-content\\\/uploads\\\/2024\\\/07\\\/Y-3.jpg\",\"datePublished\":\"2024-07-17T08:03:47+00:00\",\"dateModified\":\"2024-07-17T08:03:49+00:00\",\"description\":\"Pushbutton Switch PA3-BG25 Supplier - Wholesale direct from TOSUNlux, a trusted manufacturer since 1994. Get your B2B factory quote on our certified Low Voltage electrical products.\",\"breadcrumb\":{\"@id\":\"https:\\\/\\\/www.tosunlux.eu\\\/es\\\/products\\\/pushbutton-switch-pa3-bg25\\\/#breadcrumb\"},\"inLanguage\":\"pl-PL\",\"potentialAction\":[{\"@type\":\"ReadAction\",\"target\":[\"https:\\\/\\\/www.tosunlux.eu\\\/es\\\/products\\\/pushbutton-switch-pa3-bg25\\\/\"]}]},{\"@type\":\"ImageObject\",\"inLanguage\":\"pl-PL\",\"@id\":\"https:\\\/\\\/www.tosunlux.eu\\\/es\\\/products\\\/pushbutton-switch-pa3-bg25\\\/#primaryimage\",\"url\":\"https:\\\/\\\/www.tosunlux.eu\\\/wp-content\\\/uploads\\\/2024\\\/07\\\/Y-3.jpg\",\"contentUrl\":\"https:\\\/\\\/www.tosunlux.eu\\\/wp-content\\\/uploads\\\/2024\\\/07\\\/Y-3.jpg\"},{\"@type\":\"BreadcrumbList\",\"@id\":\"https:\\\/\\\/www.tosunlux.eu\\\/es\\\/products\\\/pushbutton-switch-pa3-bg25\\\/#breadcrumb\",\"itemListElement\":[{\"@type\":\"ListItem\",\"position\":1,\"name\":\"Home\",\"item\":\"https:\\\/\\\/www.tosunlux.eu\\\/ru\\\/\"},{\"@type\":\"ListItem\",\"position\":2,\"name\":\"Products\",\"item\":\"https:\\\/\\\/www.tosunlux.eu\\\/products\\\/\"},{\"@type\":\"ListItem\",\"position\":3,\"name\":\"Pushbutton Switch PA3-BG25\"}]},{\"@type\":\"WebSite\",\"@id\":\"https:\\\/\\\/www.tosunlux.eu\\\/ru\\\/#website\",\"url\":\"https:\\\/\\\/www.tosunlux.eu\\\/ru\\\/\",\"name\":\"TOSUNlux Official Site - Electrical Circuit Breaker Manufacturer in China\",\"description\":\"Power Distribution System Supplier\",\"publisher\":{\"@id\":\"https:\\\/\\\/www.tosunlux.eu\\\/ru\\\/#organization\"},\"alternateName\":\"TOSUNlux\",\"potentialAction\":[{\"@type\":\"SearchAction\",\"target\":{\"@type\":\"EntryPoint\",\"urlTemplate\":\"https:\\\/\\\/www.tosunlux.eu\\\/ru\\\/?s={search_term_string}\"},\"query-input\":{\"@type\":\"PropertyValueSpecification\",\"valueRequired\":true,\"valueName\":\"search_term_string\"}}],\"inLanguage\":\"pl-PL\"},{\"@type\":\"Organization\",\"@id\":\"https:\\\/\\\/www.tosunlux.eu\\\/ru\\\/#organization\",\"name\":\"TOSUNlux\",\"url\":\"https:\\\/\\\/www.tosunlux.eu\\\/ru\\\/\",\"logo\":{\"@type\":\"ImageObject\",\"inLanguage\":\"pl-PL\",\"@id\":\"https:\\\/\\\/www.tosunlux.eu\\\/ru\\\/#\\\/schema\\\/logo\\\/image\\\/\",\"url\":\"https:\\\/\\\/www.tosunlux.eu\\\/wp-content\\\/uploads\\\/2022\\\/01\\\/LOGOSYSM.71762f1.png\",\"contentUrl\":\"https:\\\/\\\/www.tosunlux.eu\\\/wp-content\\\/uploads\\\/2022\\\/01\\\/LOGOSYSM.71762f1.png\",\"width\":153,\"height\":55,\"caption\":\"TOSUNlux\"},\"image\":{\"@id\":\"https:\\\/\\\/www.tosunlux.eu\\\/ru\\\/#\\\/schema\\\/logo\\\/image\\\/\"},\"sameAs\":[\"https:\\\/\\\/www.facebook.com\\\/TOSUNelectric\\\/\",\"https:\\\/\\\/www.linkedin.com\\\/company\\\/wenzhou-tosun-electric-co.-ltd\\\/\"]}]}<\/script>\n<!-- \/ Yoast SEO plugin. -->","yoast_head_json":{"title":"Hurtowy prze\u0142\u0105cznik przyciskowy PA3-BG25 - Oficjalna strona TOSUNlux - Producent wy\u0142\u0105cznik\u00f3w elektrycznych w Chinach Dostawca urz\u0105dze\u0144 niskonapi\u0119ciowych | TOSUNlux","description":"Dostawca prze\u0142\u0105cznik\u00f3w przyciskowych PA3-BG25 - Sprzeda\u017c hurtowa bezpo\u015brednio od TOSUNlux, zaufanego producenta od 1994 r. Uzyskaj wycen\u0119 fabryczn\u0105 B2B na nasze certyfikowane produkty elektryczne niskiego napi\u0119cia.","robots":{"index":"index","follow":"follow","max-snippet":"max-snippet:-1","max-image-preview":"max-image-preview:large","max-video-preview":"max-video-preview:-1"},"canonical":"https:\/\/www.tosunlux.eu\/pl\/products\/pushbutton-switch-pa3-bg25\/","og_locale":"pl_PL","og_type":"article","og_title":"WholesalePushbutton Switch PA3-BG25 - TOSUNlux Official Site - Electrical Circuit Breaker Manufacturer in China Low Voltage Electrical Supplier | TOSUNlux","og_description":"Pushbutton Switch PA3-BG25 Supplier - Wholesale direct from TOSUNlux, a trusted manufacturer since 1994. Get your B2B factory quote on our certified Low Voltage electrical products.","og_url":"https:\/\/www.tosunlux.eu\/pl\/products\/pushbutton-switch-pa3-bg25\/","og_site_name":"TOSUNlux Official Site - Electrical Circuit Breaker Manufacturer in China","article_publisher":"https:\/\/www.facebook.com\/TOSUNelectric\/","article_modified_time":"2024-07-17T08:03:49+00:00","og_image":[{"url":"https:\/\/www.tosunlux.eu\/wp-content\/uploads\/2024\/07\/Y-3.jpg","type":"","width":"","height":""}],"twitter_card":"summary_large_image","twitter_misc":{"Szacowany czas czytania":"2 minuty"},"schema":{"@context":"https:\/\/schema.org","@graph":[{"@type":"WebPage","@id":"https:\/\/www.tosunlux.eu\/es\/products\/pushbutton-switch-pa3-bg25\/","url":"https:\/\/www.tosunlux.eu\/es\/products\/pushbutton-switch-pa3-bg25\/","name":"Hurtowy prze\u0142\u0105cznik przyciskowy PA3-BG25 - Oficjalna strona TOSUNlux - Producent wy\u0142\u0105cznik\u00f3w elektrycznych w Chinach Dostawca urz\u0105dze\u0144 niskonapi\u0119ciowych | TOSUNlux","isPartOf":{"@id":"https:\/\/www.tosunlux.eu\/ru\/#website"},"primaryImageOfPage":{"@id":"https:\/\/www.tosunlux.eu\/es\/products\/pushbutton-switch-pa3-bg25\/#primaryimage"},"image":{"@id":"https:\/\/www.tosunlux.eu\/es\/products\/pushbutton-switch-pa3-bg25\/#primaryimage"},"thumbnailUrl":"https:\/\/www.tosunlux.eu\/wp-content\/uploads\/2024\/07\/Y-3.jpg","datePublished":"2024-07-17T08:03:47+00:00","dateModified":"2024-07-17T08:03:49+00:00","description":"Dostawca prze\u0142\u0105cznik\u00f3w przyciskowych PA3-BG25 - Sprzeda\u017c hurtowa bezpo\u015brednio od TOSUNlux, zaufanego producenta od 1994 r. Uzyskaj wycen\u0119 fabryczn\u0105 B2B na nasze certyfikowane produkty elektryczne niskiego napi\u0119cia.","breadcrumb":{"@id":"https:\/\/www.tosunlux.eu\/es\/products\/pushbutton-switch-pa3-bg25\/#breadcrumb"},"inLanguage":"pl-PL","potentialAction":[{"@type":"ReadAction","target":["https:\/\/www.tosunlux.eu\/es\/products\/pushbutton-switch-pa3-bg25\/"]}]},{"@type":"ImageObject","inLanguage":"pl-PL","@id":"https:\/\/www.tosunlux.eu\/es\/products\/pushbutton-switch-pa3-bg25\/#primaryimage","url":"https:\/\/www.tosunlux.eu\/wp-content\/uploads\/2024\/07\/Y-3.jpg","contentUrl":"https:\/\/www.tosunlux.eu\/wp-content\/uploads\/2024\/07\/Y-3.jpg"},{"@type":"BreadcrumbList","@id":"https:\/\/www.tosunlux.eu\/es\/products\/pushbutton-switch-pa3-bg25\/#breadcrumb","itemListElement":[{"@type":"ListItem","position":1,"name":"Home","item":"https:\/\/www.tosunlux.eu\/ru\/"},{"@type":"ListItem","position":2,"name":"Products","item":"https:\/\/www.tosunlux.eu\/products\/"},{"@type":"ListItem","position":3,"name":"Pushbutton Switch PA3-BG25"}]},{"@type":"WebSite","@id":"https:\/\/www.tosunlux.eu\/ru\/#website","url":"https:\/\/www.tosunlux.eu\/ru\/","name":"Oficjalna strona TOSUNlux - Producent wy\u0142\u0105cznik\u00f3w elektrycznych w Chinach","description":"Dostawca system\u00f3w dystrybucji energii","publisher":{"@id":"https:\/\/www.tosunlux.eu\/ru\/#organization"},"alternateName":"TOSUNlux","potentialAction":[{"@type":"SearchAction","target":{"@type":"EntryPoint","urlTemplate":"https:\/\/www.tosunlux.eu\/ru\/?s={search_term_string}"},"query-input":{"@type":"PropertyValueSpecification","valueRequired":true,"valueName":"search_term_string"}}],"inLanguage":"pl-PL"},{"@type":"Organization","@id":"https:\/\/www.tosunlux.eu\/ru\/#organization","name":"TOSUNlux","url":"https:\/\/www.tosunlux.eu\/ru\/","logo":{"@type":"ImageObject","inLanguage":"pl-PL","@id":"https:\/\/www.tosunlux.eu\/ru\/#\/schema\/logo\/image\/","url":"https:\/\/www.tosunlux.eu\/wp-content\/uploads\/2022\/01\/LOGOSYSM.71762f1.png","contentUrl":"https:\/\/www.tosunlux.eu\/wp-content\/uploads\/2022\/01\/LOGOSYSM.71762f1.png","width":153,"height":55,"caption":"TOSUNlux"},"image":{"@id":"https:\/\/www.tosunlux.eu\/ru\/#\/schema\/logo\/image\/"},"sameAs":["https:\/\/www.facebook.com\/TOSUNelectric\/","https:\/\/www.linkedin.com\/company\/wenzhou-tosun-electric-co.-ltd\/"]}]}},"_links":{"self":[{"href":"https:\/\/www.tosunlux.eu\/pl\/wp-json\/wp\/v2\/product\/11076","targetHints":{"allow":["GET"]}}],"collection":[{"href":"https:\/\/www.tosunlux.eu\/pl\/wp-json\/wp\/v2\/product"}],"about":[{"href":"https:\/\/www.tosunlux.eu\/pl\/wp-json\/wp\/v2\/types\/product"}],"version-history":[{"count":1,"href":"https:\/\/www.tosunlux.eu\/pl\/wp-json\/wp\/v2\/product\/11076\/revisions"}],"predecessor-version":[{"id":11083,"href":"https:\/\/www.tosunlux.eu\/pl\/wp-json\/wp\/v2\/product\/11076\/revisions\/11083"}],"wp:attachment":[{"href":"https:\/\/www.tosunlux.eu\/pl\/wp-json\/wp\/v2\/media?parent=11076"}],"wp:term":[{"taxonomy":"product_category","embeddable":true,"href":"https:\/\/www.tosunlux.eu\/pl\/wp-json\/wp\/v2\/product_category?post=11076"}],"curies":[{"name":"wp","href":"https:\/\/api.w.org\/{rel}","templated":true}]}}