{"id":1108,"date":"2022-04-14T14:05:32","date_gmt":"2022-04-14T06:05:32","guid":{"rendered":"https:\/\/www.tosunlux.eu\/?post_type=product&#038;p=1108"},"modified":"2023-09-13T10:58:16","modified_gmt":"2023-09-13T02:58:16","slug":"single-function-time-relay-trt8","status":"publish","type":"product","link":"https:\/\/www.tosunlux.eu\/pl\/products\/single-function-time-relay-trt8\/","title":{"rendered":"Przeka\u017anik czasowy jednofunkcyjny TRT8"},"content":{"rendered":"<pre class=\"wp-block-verse\"><strong>Funkcja<\/strong>\n\nPrzeka\u017anik jednofunkcyjny z mo\u017cliwo\u015bci\u0105 ustawienia czasu za pomoc\u0105 potencjometru. Wyb\u00f3r 2 funkcji: A: Op\u00f3\u017anienie ON OB: Op\u00f3\u017anienie FF Skala czasowa 0,1 s-10 dni podzielona na 10 zakres\u00f3w. Stan przeka\u017anika jest wskazywany przez diod\u0119 LED. 1-MODU\u0141, monta\u017c na szynie DIN.\n\n\n<strong>Parametry techniczne<\/strong><\/pre>\n\n\n<table style=\"height: 913px;\" width=\"649\">\n<tbody>\n<tr>\n<td style=\"text-align: center;\" colspan=\"2\" width=\"144\">Model<\/td>\n<td style=\"text-align: center;\" width=\"141\">TRT8-A1\/B1<\/td>\n<td style=\"text-align: center;\" width=\"168\">TRT8-A2\/B2<\/td>\n<\/tr>\n<tr>\n<td style=\"text-align: center;\" colspan=\"2\" width=\"144\">Funkcjonowa\u0107<\/td>\n<td style=\"text-align: center;\" colspan=\"2\" width=\"309\">A:op\u00f3\u017anienie w\u0142\u0105czone;B:op\u00f3\u017anienie wy\u0142\u0105czone<\/td>\n<\/tr>\n<tr>\n<td style=\"text-align: center;\" colspan=\"2\" width=\"144\">Zaciski zasilaj\u0105ce<\/td>\n<td style=\"text-align: center;\" colspan=\"2\" width=\"309\">A1-A2<\/td>\n<\/tr>\n<tr>\n<td style=\"text-align: center;\" width=\"72\">Zakres napi\u0119cia<\/td>\n<td style=\"text-align: center;\" rowspan=\"2\" width=\"72\">W240<\/td>\n<td style=\"text-align: center;\" colspan=\"2\" width=\"309\">Pr\u0105d zmienny\/sta\u0142y 12-240 V (50-60 Hz)<\/td>\n<\/tr>\n<tr>\n<td style=\"text-align: center;\" width=\"72\">Ci\u0119\u017car<\/td>\n<td style=\"text-align: center;\" colspan=\"2\" width=\"309\">Pr\u0105d zmienny 0,09-3 VA\/pr\u0105d sta\u0142y 0,05-1,7 W<\/td>\n<\/tr>\n<tr>\n<td style=\"text-align: center;\" width=\"72\">Zakres napi\u0119cia<\/td>\n<td style=\"text-align: center;\" rowspan=\"2\" width=\"72\">A230<\/td>\n<td style=\"text-align: center;\" colspan=\"2\" width=\"309\">Pr\u0105d zmienny 230 V (50-60 Hz)<\/td>\n<\/tr>\n<tr>\n<td style=\"text-align: center;\" width=\"72\">Wej\u015bcie zasilania<\/td>\n<td style=\"text-align: center;\">Maksymalne nat\u0119\u017cenie pr\u0105du zmiennego 6VA\/1,3W<\/td>\n<td style=\"text-align: center;\">Maksymalne nat\u0119\u017cenie pr\u0105du zmiennego 6VA\/1,9W<\/td>\n<\/tr>\n<tr>\n<td style=\"text-align: center;\" colspan=\"2\" width=\"144\">Tolerancja napi\u0119cia zasilania<\/td>\n<td style=\"text-align: center;\" colspan=\"2\" width=\"309\">-15%;+10%<\/td>\n<\/tr>\n<tr>\n<td style=\"text-align: center;\" colspan=\"2\" width=\"144\">Wskazanie dostawy<\/td>\n<td style=\"text-align: center;\" colspan=\"2\" width=\"309\">Zielona dioda LED<\/td>\n<\/tr>\n<tr>\n<td style=\"text-align: center;\" colspan=\"2\" width=\"144\">Zakresy czasu<\/td>\n<td style=\"text-align: center;\" colspan=\"2\" width=\"309\">0,1 s\u201310 dni, W\u0141., WY\u0141.<\/td>\n<\/tr>\n<tr>\n<td style=\"text-align: center;\" colspan=\"2\" width=\"144\">Ustawienie czasu<\/td>\n<td style=\"text-align: center;\" colspan=\"2\" width=\"309\">Miernik potencjometru<\/td>\n<\/tr>\n<tr>\n<td style=\"text-align: center;\" colspan=\"2\" width=\"144\">Odchylenie czasu<\/td>\n<td style=\"text-align: center;\" colspan=\"2\" width=\"309\">10%-ustawienie mechaniczne<\/td>\n<\/tr>\n<tr>\n<td style=\"text-align: center;\" colspan=\"2\" width=\"144\">Powtarzalna dok\u0142adno\u015b\u0107<\/td>\n<td style=\"text-align: center;\" colspan=\"2\" width=\"309\">0,2%-stabilno\u015b\u0107 warto\u015bci zadanej<\/td>\n<\/tr>\n<tr>\n<td style=\"text-align: center;\" colspan=\"2\" width=\"144\">Wsp\u00f3\u0142czynnik temperaturowy<\/td>\n<td style=\"text-align: center;\" colspan=\"2\" width=\"309\">0,05%\/\u00b0C, przy=20\u2103(0,05%\u00b0F, przy=68\u00b0F)<\/td>\n<\/tr>\n<tr>\n<td style=\"text-align: center;\" colspan=\"2\" width=\"144\">Wyj\u015bcie<\/td>\n<td style=\"text-align: center;\" width=\"141\">1xSPDT<\/td>\n<td style=\"text-align: center;\" width=\"168\">2xSPDT<\/td>\n<\/tr>\n<tr>\n<td style=\"text-align: center;\" colspan=\"2\" width=\"144\">Obecna ocena<\/td>\n<td style=\"text-align: center;\" width=\"141\">1x16A(AC1)<\/td>\n<td style=\"text-align: center;\" width=\"168\">2x16A(AC1)<\/td>\n<\/tr>\n<tr>\n<td style=\"text-align: center;\" colspan=\"2\" width=\"144\">Napi\u0119cie prze\u0142\u0105czaj\u0105ce<\/td>\n<td style=\"text-align: center;\" colspan=\"2\" width=\"309\">250 V AC\/24 V DC<\/td>\n<\/tr>\n<tr>\n<td style=\"text-align: center;\" colspan=\"2\" width=\"144\">Min. zdolno\u015b\u0107 wy\u0142\u0105czania DC<\/td>\n<td style=\"text-align: center;\" colspan=\"2\" width=\"309\">500mW<\/td>\n<\/tr>\n<tr>\n<td style=\"text-align: center;\" colspan=\"2\" width=\"144\">Wska\u017anik wyj\u015bcia<\/td>\n<td style=\"text-align: center;\" colspan=\"2\" width=\"309\">Czerwona dioda LED<\/td>\n<\/tr>\n<tr>\n<td style=\"text-align: center;\" colspan=\"2\" width=\"144\">\u017bywotno\u015b\u0107 mechaniczna<\/td>\n<td style=\"text-align: center;\" colspan=\"2\" width=\"309\">1&#215;10000000<\/td>\n<\/tr>\n<tr>\n<td style=\"text-align: center;\" colspan=\"2\" width=\"144\">\u017bywotno\u015b\u0107 elektryczna (AC1)<\/td>\n<td style=\"text-align: center;\" colspan=\"2\" width=\"309\">1&#215;100000<\/td>\n<\/tr>\n<tr>\n<td style=\"text-align: center;\" colspan=\"2\" width=\"144\">Zresetuj czas<\/td>\n<td style=\"text-align: center;\" colspan=\"2\" width=\"309\">maks. 200 ms<\/td>\n<\/tr>\n<tr>\n<td style=\"text-align: center;\" colspan=\"2\" width=\"144\">Temperatura pracy<\/td>\n<td style=\"text-align: center;\" colspan=\"2\" width=\"309\">-20\u2103 do +55\u2103 (-4F do 131\u00b0F)<\/td>\n<\/tr>\n<tr>\n<td style=\"text-align: center;\" colspan=\"2\" width=\"144\">Temperatura przechowywania<\/td>\n<td style=\"text-align: center;\" colspan=\"2\" width=\"309\">\u00a0-35\u00b0C do +75\u2103 (-22\u00b0\u2109 do 158\u00b0\u2109)<\/td>\n<\/tr>\n<tr>\n<td style=\"text-align: center;\" colspan=\"2\" width=\"144\">Normy<\/td>\n<td style=\"text-align: center;\" colspan=\"2\" width=\"309\">PN-EN 61812-1,IEC6947-5-1<\/td>\n<\/tr>\n<\/tbody>\n<\/table>\n<p><strong>Wymiar<\/strong><\/p>\n<p>\u00a0<\/p>\n\n\n<figure class=\"wp-block-image size-large is-resized\"><img fetchpriority=\"high\" decoding=\"async\" src=\"https:\/\/www.tosunlux.eu\/wp-content\/uploads\/2022\/04\/TRT8-1024x493.jpg\" alt=\"\" class=\"wp-image-1109\" width=\"606\" height=\"292\" srcset=\"https:\/\/www.tosunlux.eu\/wp-content\/uploads\/2022\/04\/TRT8-1024x493.jpg 1024w, https:\/\/www.tosunlux.eu\/wp-content\/uploads\/2022\/04\/TRT8-300x144.jpg 300w, https:\/\/www.tosunlux.eu\/wp-content\/uploads\/2022\/04\/TRT8-768x370.jpg 768w, https:\/\/www.tosunlux.eu\/wp-content\/uploads\/2022\/04\/TRT8-1536x740.jpg 1536w, https:\/\/www.tosunlux.eu\/wp-content\/uploads\/2022\/04\/TRT8.jpg 1599w\" sizes=\"(max-width: 606px) 100vw, 606px\" \/><\/figure>","protected":false},"parent":0,"template":"","product_category":[35,92],"class_list":["post-1108","product","type-product","status-publish","hentry","product_category-industrial-control-devices","product_category-timer-relay"],"yoast_head":"<!-- This site is optimized with the Yoast SEO plugin v27.3 - https:\/\/yoast.com\/product\/yoast-seo-wordpress\/ -->\n<title>WholesaleSingle-Function Time Relay TRT8 - TOSUNlux Official Site - Electrical Circuit Breaker Manufacturer in China Low Voltage Electrical Supplier | TOSUNlux<\/title>\n<meta name=\"description\" content=\"Single-Function Time Relay TRT8 Supplier - Wholesale direct from TOSUNlux, a trusted manufacturer since 1994. Get your B2B factory quote on our certified Low Voltage electrical products.\" \/>\n<meta name=\"robots\" content=\"index, follow, max-snippet:-1, max-image-preview:large, max-video-preview:-1\" \/>\n<link rel=\"canonical\" href=\"https:\/\/www.tosunlux.eu\/pl\/products\/single-function-time-relay-trt8\/\" \/>\n<meta property=\"og:locale\" content=\"pl_PL\" \/>\n<meta property=\"og:type\" content=\"article\" \/>\n<meta property=\"og:title\" content=\"WholesaleSingle-Function Time Relay TRT8 - TOSUNlux Official Site - Electrical Circuit Breaker Manufacturer in China Low Voltage Electrical Supplier | TOSUNlux\" \/>\n<meta property=\"og:description\" content=\"Single-Function Time Relay TRT8 Supplier - Wholesale direct from TOSUNlux, a trusted manufacturer since 1994. Get your B2B factory quote on our certified Low Voltage electrical products.\" \/>\n<meta property=\"og:url\" content=\"https:\/\/www.tosunlux.eu\/pl\/products\/single-function-time-relay-trt8\/\" \/>\n<meta property=\"og:site_name\" content=\"TOSUNlux Official Site - Electrical Circuit Breaker Manufacturer in China\" \/>\n<meta property=\"article:publisher\" content=\"https:\/\/www.facebook.com\/TOSUNelectric\/\" \/>\n<meta property=\"article:modified_time\" content=\"2023-09-13T02:58:16+00:00\" \/>\n<meta property=\"og:image\" content=\"https:\/\/www.tosunlux.eu\/wp-content\/uploads\/2022\/04\/TRT8-1024x493.jpg\" \/>\n<meta name=\"twitter:card\" content=\"summary_large_image\" \/>\n<meta name=\"twitter:label1\" content=\"Szacowany czas czytania\" \/>\n\t<meta name=\"twitter:data1\" content=\"1 minuta\" \/>\n<script type=\"application\/ld+json\" class=\"yoast-schema-graph\">{\"@context\":\"https:\\\/\\\/schema.org\",\"@graph\":[{\"@type\":\"WebPage\",\"@id\":\"https:\\\/\\\/www.tosunlux.eu\\\/products\\\/single-function-time-relay-trt8\\\/\",\"url\":\"https:\\\/\\\/www.tosunlux.eu\\\/products\\\/single-function-time-relay-trt8\\\/\",\"name\":\"WholesaleSingle-Function Time Relay TRT8 - TOSUNlux Official Site - Electrical Circuit Breaker Manufacturer in China Low Voltage Electrical Supplier | TOSUNlux\",\"isPartOf\":{\"@id\":\"https:\\\/\\\/www.tosunlux.eu\\\/ru\\\/#website\"},\"primaryImageOfPage\":{\"@id\":\"https:\\\/\\\/www.tosunlux.eu\\\/products\\\/single-function-time-relay-trt8\\\/#primaryimage\"},\"image\":{\"@id\":\"https:\\\/\\\/www.tosunlux.eu\\\/products\\\/single-function-time-relay-trt8\\\/#primaryimage\"},\"thumbnailUrl\":\"https:\\\/\\\/www.tosunlux.eu\\\/wp-content\\\/uploads\\\/2022\\\/04\\\/TRT8-1024x493.jpg\",\"datePublished\":\"2022-04-14T06:05:32+00:00\",\"dateModified\":\"2023-09-13T02:58:16+00:00\",\"description\":\"Single-Function Time Relay TRT8 Supplier - Wholesale direct from TOSUNlux, a trusted manufacturer since 1994. Get your B2B factory quote on our certified Low Voltage electrical products.\",\"breadcrumb\":{\"@id\":\"https:\\\/\\\/www.tosunlux.eu\\\/products\\\/single-function-time-relay-trt8\\\/#breadcrumb\"},\"inLanguage\":\"pl-PL\",\"potentialAction\":[{\"@type\":\"ReadAction\",\"target\":[\"https:\\\/\\\/www.tosunlux.eu\\\/products\\\/single-function-time-relay-trt8\\\/\"]}]},{\"@type\":\"ImageObject\",\"inLanguage\":\"pl-PL\",\"@id\":\"https:\\\/\\\/www.tosunlux.eu\\\/products\\\/single-function-time-relay-trt8\\\/#primaryimage\",\"url\":\"https:\\\/\\\/www.tosunlux.eu\\\/wp-content\\\/uploads\\\/2022\\\/04\\\/TRT8-1024x493.jpg\",\"contentUrl\":\"https:\\\/\\\/www.tosunlux.eu\\\/wp-content\\\/uploads\\\/2022\\\/04\\\/TRT8-1024x493.jpg\"},{\"@type\":\"BreadcrumbList\",\"@id\":\"https:\\\/\\\/www.tosunlux.eu\\\/products\\\/single-function-time-relay-trt8\\\/#breadcrumb\",\"itemListElement\":[{\"@type\":\"ListItem\",\"position\":1,\"name\":\"Home\",\"item\":\"https:\\\/\\\/www.tosunlux.eu\\\/ru\\\/\"},{\"@type\":\"ListItem\",\"position\":2,\"name\":\"Products\",\"item\":\"https:\\\/\\\/www.tosunlux.eu\\\/products\\\/\"},{\"@type\":\"ListItem\",\"position\":3,\"name\":\"Single-Function Time Relay TRT8\"}]},{\"@type\":\"WebSite\",\"@id\":\"https:\\\/\\\/www.tosunlux.eu\\\/ru\\\/#website\",\"url\":\"https:\\\/\\\/www.tosunlux.eu\\\/ru\\\/\",\"name\":\"TOSUNlux Official Site - Electrical Circuit Breaker Manufacturer in China\",\"description\":\"Power Distribution System Supplier\",\"publisher\":{\"@id\":\"https:\\\/\\\/www.tosunlux.eu\\\/ru\\\/#organization\"},\"alternateName\":\"TOSUNlux\",\"potentialAction\":[{\"@type\":\"SearchAction\",\"target\":{\"@type\":\"EntryPoint\",\"urlTemplate\":\"https:\\\/\\\/www.tosunlux.eu\\\/ru\\\/?s={search_term_string}\"},\"query-input\":{\"@type\":\"PropertyValueSpecification\",\"valueRequired\":true,\"valueName\":\"search_term_string\"}}],\"inLanguage\":\"pl-PL\"},{\"@type\":\"Organization\",\"@id\":\"https:\\\/\\\/www.tosunlux.eu\\\/ru\\\/#organization\",\"name\":\"TOSUNlux\",\"url\":\"https:\\\/\\\/www.tosunlux.eu\\\/ru\\\/\",\"logo\":{\"@type\":\"ImageObject\",\"inLanguage\":\"pl-PL\",\"@id\":\"https:\\\/\\\/www.tosunlux.eu\\\/ru\\\/#\\\/schema\\\/logo\\\/image\\\/\",\"url\":\"https:\\\/\\\/www.tosunlux.eu\\\/wp-content\\\/uploads\\\/2022\\\/01\\\/LOGOSYSM.71762f1.png\",\"contentUrl\":\"https:\\\/\\\/www.tosunlux.eu\\\/wp-content\\\/uploads\\\/2022\\\/01\\\/LOGOSYSM.71762f1.png\",\"width\":153,\"height\":55,\"caption\":\"TOSUNlux\"},\"image\":{\"@id\":\"https:\\\/\\\/www.tosunlux.eu\\\/ru\\\/#\\\/schema\\\/logo\\\/image\\\/\"},\"sameAs\":[\"https:\\\/\\\/www.facebook.com\\\/TOSUNelectric\\\/\",\"https:\\\/\\\/www.linkedin.com\\\/company\\\/wenzhou-tosun-electric-co.-ltd\\\/\"]}]}<\/script>\n<!-- \/ Yoast SEO plugin. -->","yoast_head_json":{"title":"Hurtowy przeka\u017anik czasowy jednofunkcyjny TRT8 - Oficjalna strona TOSUNlux - Producent wy\u0142\u0105cznik\u00f3w elektrycznych w Chinach Dostawca urz\u0105dze\u0144 elektrycznych niskiego napi\u0119cia | TOSUNlux","description":"Dostawca przeka\u017anik\u00f3w czasowych jednofunkcyjnych TRT8 \u2014 sprzeda\u017c hurtowa bezpo\u015brednio od TOSUNlux, zaufanego producenta od 1994 roku. Uzyskaj wycen\u0119 fabryczn\u0105 B2B na nasze certyfikowane produkty elektryczne niskiego napi\u0119cia.","robots":{"index":"index","follow":"follow","max-snippet":"max-snippet:-1","max-image-preview":"max-image-preview:large","max-video-preview":"max-video-preview:-1"},"canonical":"https:\/\/www.tosunlux.eu\/pl\/products\/single-function-time-relay-trt8\/","og_locale":"pl_PL","og_type":"article","og_title":"WholesaleSingle-Function Time Relay TRT8 - TOSUNlux Official Site - Electrical Circuit Breaker Manufacturer in China Low Voltage Electrical Supplier | TOSUNlux","og_description":"Single-Function Time Relay TRT8 Supplier - Wholesale direct from TOSUNlux, a trusted manufacturer since 1994. Get your B2B factory quote on our certified Low Voltage electrical products.","og_url":"https:\/\/www.tosunlux.eu\/pl\/products\/single-function-time-relay-trt8\/","og_site_name":"TOSUNlux Official Site - Electrical Circuit Breaker Manufacturer in China","article_publisher":"https:\/\/www.facebook.com\/TOSUNelectric\/","article_modified_time":"2023-09-13T02:58:16+00:00","og_image":[{"url":"https:\/\/www.tosunlux.eu\/wp-content\/uploads\/2022\/04\/TRT8-1024x493.jpg","type":"","width":"","height":""}],"twitter_card":"summary_large_image","twitter_misc":{"Szacowany czas czytania":"1 minuta"},"schema":{"@context":"https:\/\/schema.org","@graph":[{"@type":"WebPage","@id":"https:\/\/www.tosunlux.eu\/products\/single-function-time-relay-trt8\/","url":"https:\/\/www.tosunlux.eu\/products\/single-function-time-relay-trt8\/","name":"Hurtowy przeka\u017anik czasowy jednofunkcyjny TRT8 - Oficjalna strona TOSUNlux - Producent wy\u0142\u0105cznik\u00f3w elektrycznych w Chinach Dostawca urz\u0105dze\u0144 elektrycznych niskiego napi\u0119cia | TOSUNlux","isPartOf":{"@id":"https:\/\/www.tosunlux.eu\/ru\/#website"},"primaryImageOfPage":{"@id":"https:\/\/www.tosunlux.eu\/products\/single-function-time-relay-trt8\/#primaryimage"},"image":{"@id":"https:\/\/www.tosunlux.eu\/products\/single-function-time-relay-trt8\/#primaryimage"},"thumbnailUrl":"https:\/\/www.tosunlux.eu\/wp-content\/uploads\/2022\/04\/TRT8-1024x493.jpg","datePublished":"2022-04-14T06:05:32+00:00","dateModified":"2023-09-13T02:58:16+00:00","description":"Dostawca przeka\u017anik\u00f3w czasowych jednofunkcyjnych TRT8 \u2014 sprzeda\u017c hurtowa bezpo\u015brednio od TOSUNlux, zaufanego producenta od 1994 roku. Uzyskaj wycen\u0119 fabryczn\u0105 B2B na nasze certyfikowane produkty elektryczne niskiego napi\u0119cia.","breadcrumb":{"@id":"https:\/\/www.tosunlux.eu\/products\/single-function-time-relay-trt8\/#breadcrumb"},"inLanguage":"pl-PL","potentialAction":[{"@type":"ReadAction","target":["https:\/\/www.tosunlux.eu\/products\/single-function-time-relay-trt8\/"]}]},{"@type":"ImageObject","inLanguage":"pl-PL","@id":"https:\/\/www.tosunlux.eu\/products\/single-function-time-relay-trt8\/#primaryimage","url":"https:\/\/www.tosunlux.eu\/wp-content\/uploads\/2022\/04\/TRT8-1024x493.jpg","contentUrl":"https:\/\/www.tosunlux.eu\/wp-content\/uploads\/2022\/04\/TRT8-1024x493.jpg"},{"@type":"BreadcrumbList","@id":"https:\/\/www.tosunlux.eu\/products\/single-function-time-relay-trt8\/#breadcrumb","itemListElement":[{"@type":"ListItem","position":1,"name":"Home","item":"https:\/\/www.tosunlux.eu\/ru\/"},{"@type":"ListItem","position":2,"name":"Products","item":"https:\/\/www.tosunlux.eu\/products\/"},{"@type":"ListItem","position":3,"name":"Single-Function Time Relay TRT8"}]},{"@type":"WebSite","@id":"https:\/\/www.tosunlux.eu\/ru\/#website","url":"https:\/\/www.tosunlux.eu\/ru\/","name":"Oficjalna strona TOSUNlux - Producent wy\u0142\u0105cznik\u00f3w elektrycznych w Chinach","description":"Dostawca system\u00f3w dystrybucji energii","publisher":{"@id":"https:\/\/www.tosunlux.eu\/ru\/#organization"},"alternateName":"TOSUNlux","potentialAction":[{"@type":"SearchAction","target":{"@type":"EntryPoint","urlTemplate":"https:\/\/www.tosunlux.eu\/ru\/?s={search_term_string}"},"query-input":{"@type":"PropertyValueSpecification","valueRequired":true,"valueName":"search_term_string"}}],"inLanguage":"pl-PL"},{"@type":"Organization","@id":"https:\/\/www.tosunlux.eu\/ru\/#organization","name":"TOSUNlux","url":"https:\/\/www.tosunlux.eu\/ru\/","logo":{"@type":"ImageObject","inLanguage":"pl-PL","@id":"https:\/\/www.tosunlux.eu\/ru\/#\/schema\/logo\/image\/","url":"https:\/\/www.tosunlux.eu\/wp-content\/uploads\/2022\/01\/LOGOSYSM.71762f1.png","contentUrl":"https:\/\/www.tosunlux.eu\/wp-content\/uploads\/2022\/01\/LOGOSYSM.71762f1.png","width":153,"height":55,"caption":"TOSUNlux"},"image":{"@id":"https:\/\/www.tosunlux.eu\/ru\/#\/schema\/logo\/image\/"},"sameAs":["https:\/\/www.facebook.com\/TOSUNelectric\/","https:\/\/www.linkedin.com\/company\/wenzhou-tosun-electric-co.-ltd\/"]}]}},"_links":{"self":[{"href":"https:\/\/www.tosunlux.eu\/pl\/wp-json\/wp\/v2\/product\/1108","targetHints":{"allow":["GET"]}}],"collection":[{"href":"https:\/\/www.tosunlux.eu\/pl\/wp-json\/wp\/v2\/product"}],"about":[{"href":"https:\/\/www.tosunlux.eu\/pl\/wp-json\/wp\/v2\/types\/product"}],"version-history":[{"count":1,"href":"https:\/\/www.tosunlux.eu\/pl\/wp-json\/wp\/v2\/product\/1108\/revisions"}],"predecessor-version":[{"id":8034,"href":"https:\/\/www.tosunlux.eu\/pl\/wp-json\/wp\/v2\/product\/1108\/revisions\/8034"}],"wp:attachment":[{"href":"https:\/\/www.tosunlux.eu\/pl\/wp-json\/wp\/v2\/media?parent=1108"}],"wp:term":[{"taxonomy":"product_category","embeddable":true,"href":"https:\/\/www.tosunlux.eu\/pl\/wp-json\/wp\/v2\/product_category?post=1108"}],"curies":[{"name":"wp","href":"https:\/\/api.w.org\/{rel}","templated":true}]}}