{"id":1113,"date":"2022-04-14T15:19:47","date_gmt":"2022-04-14T07:19:47","guid":{"rendered":"https:\/\/www.tosunlux.eu\/?post_type=product&#038;p=1113"},"modified":"2024-07-23T09:06:45","modified_gmt":"2024-07-23T01:06:45","slug":"multifunction-time-relay-trt8","status":"publish","type":"product","link":"https:\/\/www.tosunlux.eu\/pl\/products\/multifunction-time-relay-trt8\/","title":{"rendered":"Wielofunkcyjny przeka\u017anik czasowy TRT8"},"content":{"rendered":"<meta charset=\"utf-8\">\n\t\t\t<title><\/title>\n\t\t\t<style type=\"text\/css\">\n\t\t\t\t.wzf-icon2 {\n\t\t\t\t\tmargin-left: auto;\n\t\t\t\t}\n\n\t\t\t\t.wzf-catalogueName {\n\t\t\t\t\tmargin-left: 5%;\n\t\t\t\t}\n\n\t\t\t\t.wzf-catalogueName:hover {\n\t\t\t\t\tcolor: #1fc2db;\n\t\t\t\t}\n\n\t\t\t\t.wzf-catalogueTime {\n\t\t\t\t\tmargin-left: 20%;\n\t\t\t\t}\n\n\t\t\t\t.wzf-catalogueDownload {\n\t\t\t\t\tdisplay: flex;\n\t\t\t\t\talign-items: center;\n\t\t\t\t\twidth: 100%;\n\t\t\t\t\t\/* Adjust width if needed *\/\n\t\t\t\t\tpadding: 5px;\n\t\t\t\t\tborder: 0.5px solid gray;\n                                        margin-top:1%;\n                                        margin-botton:100%;\n\t\t\t\t}\n\t\t\t<\/style>\n\t\t\n\t\t\n\t\t\t<div class=\"wzf-catalogueDownload\">\n\t\t\t\t<div class=\"wzf-icon1\">\n\t\t\t\t\t<svg t=\"1712644465367\" viewbox=\"0 0 1024 1024\" version=\"1.1\" xmlns=\"http:\/\/www.w3.org\/2000\/svg\" p-id=\"4313\" width=\"25\" height=\"25\">\n\t\t\t\t\t\t<path d=\"M679.814 62.381H128.692v897.177h768.434V255.079L679.814 62.381zM203.758 890.606V131.333h414.026v188.205H822.06v571.068H203.758z\" fill=\"#1fc2db\" p-id=\"4314\"><\/path>\n\t\t\t\t\t\t<path d=\"M293.825 417.364H746.64v67.229H293.825zM293.825 577.709H746.64v67.229H293.825zM293.825 738.054H746.64v67.229H293.825z\" fill=\"#1fc2db\" p-id=\"4315\"><\/path>\n\t\t\t\t\t<\/svg>\n\t\t\t\t<\/div>\n\t\t\t\t<div class=\"wzf-catalogueName\">\n\t\t\t\t\t<a target=\"_blank\" href=\"https:\/\/www.tosunlux.eu\/wp-content\/uploads\/2022\/05\/230200374SHA-V1.pdf\" rel=\"noopener\">Nazwa<\/a>\n\t\t\t\t<\/div>\n\t\t\t\t<div class=\"wzf-catalogueTime\">\n\t\t\t\t\tCzas\n\t\t\t\t<\/div>\n\t\t\t\t<div class=\"wzf-icon2\">\n\t\t\t\t\t<a target=\"_blank\" href=\"https:\/\/www.tosunlux.eu\/wp-content\/uploads\/2022\/05\/230200374SHA-V1.pdf\" rel=\"noopener\"><svg t=\"1712644684655\" viewbox=\"0 0 1024 1024\" version=\"1.1\" xmlns=\"http:\/\/www.w3.org\/2000\/svg\" p-id=\"6258\" width=\"25\" height=\"25\">\n\t\t\t\t\t\t\t<path d=\"M512 32C246.4 32 32 246.4 32 512s214.4 480 480 480 480-214.4 480-480S777.6 32 512 32z m-134.4 390.4c12.8-12.8 32-12.8 44.8 0l54.4 54.4V224c0-19.2 12.8-32 32-32s32 12.8 32 32v249.6l54.4-54.4c12.8-12.8 32-12.8 44.8 0 12.8 12.8 12.8 32 0 44.8L531.2 576c-6.4 6.4-16 9.6-22.4 9.6-9.6 0-16-3.2-22.4-9.6l-108.8-108.8c-9.6-12.8-9.6-32 0-44.8zM800 697.6c0 38.4-32 70.4-67.2 70.4H291.2C256 768 224 736 224 697.6V544c0-19.2 12.8-32 32-32s32 12.8 32 32v153.6c0 3.2 3.2 6.4 3.2 6.4h438.4c3.2 0 3.2-3.2 3.2-6.4V544c0-19.2 12.8-32 32-32s32 12.8 32 32v153.6z\" p-id=\"6259\" fill=\"#1fc2db\"><\/path>\n\t\t\t\t\t\t<\/svg><\/a>\n\t\t\t\t<\/div>\n\t\t\t<\/div>\n\n\n\n<pre class=\"wp-block-verse\"><strong>Aplikacje<\/strong>\nWielofunkcyjny przeka\u017anik czasowy mo\u017ce by\u0107 u\u017cywany do sterowania urz\u0105dzeniami elektrycznymi, o\u015bwietleniem, ogrzewaniem, silnikami, pompami i wentylatorami (10 funkcji, 10 zakres\u00f3w czasowych, wielonapi\u0119ciowe).\n<strong>Cechy<\/strong>\n10 funkcji: - 5 funkcji czasowych sterowanych napi\u0119ciem zasilania - 4 funkcje czasowe sterowane wej\u015bciem steruj\u0105cym - 1 funkcja przeka\u017anika zatrzaskowego Wygodne i przejrzyste ustawianie funkcji i zakresu czasowego za pomoc\u0105 prze\u0142\u0105cznik\u00f3w obrotowych. Skala czasowa 0,1 s-10 dni podzielona na 10 zakres\u00f3w. Stan przeka\u017anika jest wskazywany przez diod\u0119 LED. 1-MODU\u0141, monta\u017c na szynie DIN.\n<strong>Parametry techniczne<\/strong>\n<\/pre>\n\n\n<table style=\"height: 823px;\" width=\"588\">\n<tbody>\n<tr>\n<td style=\"text-align: center;\" colspan=\"2\" width=\"175\"><span style=\"vertical-align: inherit;\"><span style=\"vertical-align: inherit;\">Model<\/span><\/span><\/td>\n<td style=\"text-align: center;\" colspan=\"2\" width=\"159\"><span style=\"vertical-align: inherit;\"><span style=\"vertical-align: inherit;\">TRT8-M1<\/span><\/span><\/td>\n<td style=\"text-align: center;\" colspan=\"2\" width=\"200\"><span style=\"vertical-align: inherit;\"><span style=\"vertical-align: inherit;\">TRT8-M2<\/span><\/span><\/td>\n<\/tr>\n<tr>\n<td style=\"text-align: center;\" colspan=\"2\" width=\"175\"><span style=\"vertical-align: inherit;\"><span style=\"vertical-align: inherit;\">Funkcjonowa\u0107<\/span><\/span><\/td>\n<td style=\"text-align: center;\" colspan=\"4\" width=\"359\"><span style=\"vertical-align: inherit;\"><span style=\"vertical-align: inherit;\">A, B, C, D, E, F, G, H, I, J<\/span><\/span><\/td>\n<\/tr>\n<tr>\n<td style=\"text-align: center;\" colspan=\"2\" width=\"175\">Terminale zasilaj\u0105ce<\/td>\n<td style=\"text-align: center;\" colspan=\"4\" width=\"359\"><span style=\"vertical-align: inherit;\"><span style=\"vertical-align: inherit;\">A1-A2<\/span><\/span><\/td>\n<\/tr>\n<tr>\n<td style=\"text-align: center;\">Zakres napi\u0119cia<\/td>\n<td style=\"text-align: center;\" rowspan=\"2\" width=\"72\"><span style=\"vertical-align: inherit;\"><span style=\"vertical-align: inherit;\">W240<\/span><\/span><\/td>\n<td style=\"text-align: center;\" colspan=\"4\" width=\"359\"><span style=\"vertical-align: inherit;\"><span style=\"vertical-align: inherit;\">Pr\u0105d zmienny\/sta\u0142y 12-240 V (50-60 Hz)<\/span><\/span><\/td>\n<\/tr>\n<tr>\n<td style=\"text-align: center;\" width=\"103\">Ci\u0119\u017car&nbsp;<\/td>\n<td style=\"text-align: center;\" colspan=\"4\" width=\"359\"><span style=\"vertical-align: inherit;\"><span style=\"vertical-align: inherit;\">Pr\u0105d zmienny 0,09-3 VA\/pr\u0105d sta\u0142y 0,05-1,7 W<\/span><\/span><\/td>\n<\/tr>\n<tr>\n<td style=\"text-align: center;\">Moc wej\u015bciowa<\/td>\n<td style=\"text-align: center;\" rowspan=\"2\" width=\"72\"><span style=\"vertical-align: inherit;\"><span style=\"vertical-align: inherit;\">A230<\/span><\/span><\/td>\n<td style=\"text-align: center;\" colspan=\"4\" width=\"359\"><span style=\"vertical-align: inherit;\"><span style=\"vertical-align: inherit;\">Pr\u0105d zmienny 230 V (50-60 Hz)<\/span><\/span><\/td>\n<\/tr>\n<tr>\n<td style=\"text-align: center;\">Zakres napi\u0119cia<\/td>\n<td style=\"text-align: center;\" colspan=\"3\" width=\"231\"><span style=\"vertical-align: inherit;\"><span style=\"vertical-align: inherit;\">Maksymalne nat\u0119\u017cenie pr\u0105du zmiennego 6VA\/1,3W<\/span><\/span><\/td>\n<td style=\"text-align: center;\"><span style=\"vertical-align: inherit;\"><span style=\"vertical-align: inherit;\">Maksymalne nat\u0119\u017cenie pr\u0105du zmiennego 6VA\/1,9W<\/span><\/span><\/td>\n<\/tr>\n<tr>\n<td style=\"text-align: center;\" colspan=\"2\" width=\"175\">Tolerancja napi\u0119cia zasilania<\/td>\n<td style=\"text-align: center;\" colspan=\"4\" width=\"359\"><span style=\"vertical-align: inherit;\"><span style=\"vertical-align: inherit;\">-15%;+10%<\/span><\/span><\/td>\n<\/tr>\n<tr>\n<td style=\"text-align: center;\" colspan=\"2\" width=\"175\">Wskazanie dostawy<\/td>\n<td style=\"text-align: center;\" colspan=\"4\" width=\"359\"><span style=\"vertical-align: inherit;\"><span style=\"vertical-align: inherit;\">&nbsp;Zielona dioda LED<\/span><\/span><\/td>\n<\/tr>\n<tr>\n<td style=\"text-align: center;\" colspan=\"2\" width=\"175\">Zakresy czasu<\/td>\n<td style=\"text-align: center;\" colspan=\"4\" width=\"359\">0,1 s\u201310 dni, W\u0141., WY\u0141.<\/td>\n<\/tr>\n<tr>\n<td style=\"text-align: center;\" colspan=\"2\" width=\"175\">Ustawienie czasu<\/td>\n<td style=\"text-align: center;\" colspan=\"4\" width=\"359\">Miernik potencjometru<\/td>\n<\/tr>\n<tr>\n<td style=\"text-align: center;\" colspan=\"2\" width=\"175\">Odchylenie czasu<\/td>\n<td style=\"text-align: center;\" colspan=\"4\" width=\"359\"><span style=\"vertical-align: inherit;\"><span style=\"vertical-align: inherit;\">10%-ustawienie mechaniczne<\/span><\/span><\/td>\n<\/tr>\n<tr>\n<td style=\"text-align: center;\" colspan=\"2\" width=\"175\">Powtarzalna dok\u0142adno\u015b\u0107<\/td>\n<td style=\"text-align: center;\" colspan=\"4\" width=\"359\"><span style=\"vertical-align: inherit;\"><span style=\"vertical-align: inherit;\">0,2%-stabilno\u015b\u0107 warto\u015bci zadanej<\/span><\/span><\/td>\n<\/tr>\n<tr>\n<td style=\"text-align: center;\" colspan=\"2\" width=\"175\">Wsp\u00f3\u0142czynnik temperaturowy<\/td>\n<td style=\"text-align: center;\" colspan=\"4\" width=\"359\"><span style=\"vertical-align: inherit;\"><span style=\"vertical-align: inherit;\">&nbsp;0,05%\/\u2103, przy=20\u00b0C(0,05%\u00b0F, przy=68\u00b0F)<\/span><\/span><\/td>\n<\/tr>\n<tr>\n<td style=\"text-align: center;\" colspan=\"2\" width=\"175\">Wyj\u015bcie<\/td>\n<td style=\"text-align: center;\" width=\"87\">1xSPDT<\/td>\n<td style=\"text-align: center;\" colspan=\"3\" width=\"272\">2xSPDT<\/td>\n<\/tr>\n<tr>\n<td style=\"text-align: center;\" colspan=\"2\" width=\"175\">Obecna ocena<\/td>\n<td style=\"text-align: center;\"><span style=\"vertical-align: inherit;\"><span style=\"vertical-align: inherit;\">1x16A(AC1)<\/span><\/span><\/td>\n<td style=\"text-align: center;\" colspan=\"3\" width=\"272\"><span style=\"vertical-align: inherit;\"><span style=\"vertical-align: inherit;\">2x16A(AC1)<\/span><\/span><\/td>\n<\/tr>\n<tr>\n<td style=\"text-align: center;\" colspan=\"2\" width=\"175\">Napi\u0119cie prze\u0142\u0105czaj\u0105ce<\/td>\n<td style=\"text-align: center;\" colspan=\"4\" width=\"359\"><span style=\"vertical-align: inherit;\"><span style=\"vertical-align: inherit;\">250 V AC\/24 V DC<\/span><\/span><\/td>\n<\/tr>\n<tr>\n<td style=\"text-align: center;\" colspan=\"2\" width=\"175\">Min. zdolno\u015b\u0107 wy\u0142\u0105czania DC<\/td>\n<td style=\"text-align: center;\" colspan=\"4\" width=\"359\"><span style=\"vertical-align: inherit;\"><span style=\"vertical-align: inherit;\">500mW<\/span><\/span><\/td>\n<\/tr>\n<tr>\n<td style=\"text-align: center;\" colspan=\"2\" width=\"175\">Wska\u017anik wyj\u015bcia<\/td>\n<td style=\"text-align: center;\" colspan=\"4\" width=\"359\"><span style=\"vertical-align: inherit;\"><span style=\"vertical-align: inherit;\">Czerwona dioda LED<\/span><\/span><\/td>\n<\/tr>\n<tr>\n<td style=\"text-align: center;\" colspan=\"2\" width=\"175\">\u017bywotno\u015b\u0107 mechaniczna<\/td>\n<td style=\"text-align: center;\" colspan=\"4\" width=\"359\"><span style=\"vertical-align: inherit;\"><span style=\"vertical-align: inherit;\">1\u00d710000000 razy<\/span><\/span><\/td>\n<\/tr>\n<tr>\n<td style=\"text-align: center;\" colspan=\"2\" width=\"175\">\u017bycie elektryczne (AC1)<\/td>\n<td style=\"text-align: center;\" colspan=\"4\" width=\"359\"><span style=\"vertical-align: inherit;\"><span style=\"vertical-align: inherit;\">1\u00d7100000 razy<\/span><\/span><\/td>\n<\/tr>\n<tr>\n<td style=\"text-align: center;\" colspan=\"2\" width=\"175\">Resetuj czas<\/td>\n<td style=\"text-align: center;\" colspan=\"4\" width=\"359\"><span style=\"vertical-align: inherit;\"><span style=\"vertical-align: inherit;\">maks. 200ms<\/span><\/span><\/td>\n<\/tr>\n<tr>\n<td style=\"text-align: center;\" colspan=\"2\" width=\"175\">Temperatura pracy<\/td>\n<td style=\"text-align: center;\" colspan=\"4\" width=\"359\"><span style=\"vertical-align: inherit;\"><span style=\"vertical-align: inherit;\">&nbsp;-20\u2103 do + 55\u2103\uff08-4\u00b0F do 131\u00b0F\uff09<\/span><\/span><\/td>\n<\/tr>\n<tr>\n<td style=\"text-align: center;\" colspan=\"2\" width=\"175\">Temperatura przechowywania<\/td>\n<td style=\"text-align: center;\" colspan=\"4\" width=\"359\"><span style=\"vertical-align: inherit;\"><span style=\"vertical-align: inherit;\">&nbsp;-35\u00b0C do + 75\u00b0C\uff08-22\u00b0C do 158\u00b0C\uff09<\/span><\/span><\/td>\n<\/tr>\n<tr>\n<td style=\"text-align: center;\" colspan=\"2\" width=\"175\">Normy<\/td>\n<td style=\"text-align: center;\" colspan=\"4\" width=\"359\"><span style=\"vertical-align: inherit;\"><span style=\"vertical-align: inherit;\">EN 61812-1, IEC6947-5-1<\/span><\/span><\/td>\n<\/tr>\n<\/tbody>\n<\/table>\n\n\n<figure><img fetchpriority=\"high\" decoding=\"async\" src=\"https:\/\/www.tosunlux.eu\/wp-content\/uploads\/2022\/04\/TRT8-1-1024x493.jpg\" alt=\"\" width=\"549\" height=\"264\"\/><\/figure>","protected":false},"parent":0,"template":"","product_category":[35,92],"class_list":["post-1113","product","type-product","status-publish","hentry","product_category-industrial-control-devices","product_category-timer-relay"],"yoast_head":"<!-- This site is optimized with the Yoast SEO plugin v27.5 - https:\/\/yoast.com\/product\/yoast-seo-wordpress\/ -->\n<title>WholesaleMultifunction Time Relay TRT8 - TOSUNlux Official Site - Electrical Circuit Breaker Manufacturer in China Low Voltage Electrical Supplier | TOSUNlux<\/title>\n<meta name=\"description\" content=\"Multifunction Time Relay TRT8 Supplier - Wholesale direct from TOSUNlux, a trusted manufacturer since 1994. Get your B2B factory quote on our certified Low Voltage electrical products.\" \/>\n<meta name=\"robots\" content=\"index, follow, max-snippet:-1, max-image-preview:large, max-video-preview:-1\" \/>\n<link rel=\"canonical\" href=\"https:\/\/www.tosunlux.eu\/pl\/products\/multifunction-time-relay-trt8\/\" \/>\n<meta property=\"og:locale\" content=\"pl_PL\" \/>\n<meta property=\"og:type\" content=\"article\" \/>\n<meta property=\"og:title\" content=\"WholesaleMultifunction Time Relay TRT8 - TOSUNlux Official Site - Electrical Circuit Breaker Manufacturer in China Low Voltage Electrical Supplier | TOSUNlux\" \/>\n<meta property=\"og:description\" content=\"Multifunction Time Relay TRT8 Supplier - Wholesale direct from TOSUNlux, a trusted manufacturer since 1994. Get your B2B factory quote on our certified Low Voltage electrical products.\" \/>\n<meta property=\"og:url\" content=\"https:\/\/www.tosunlux.eu\/pl\/products\/multifunction-time-relay-trt8\/\" \/>\n<meta property=\"og:site_name\" content=\"TOSUNlux Official Site - Electrical Circuit Breaker Manufacturer in China\" \/>\n<meta property=\"article:publisher\" content=\"https:\/\/www.facebook.com\/TOSUNelectric\/\" \/>\n<meta property=\"article:modified_time\" content=\"2024-07-23T01:06:45+00:00\" \/>\n<meta property=\"og:image\" content=\"https:\/\/www.tosunlux.eu\/wp-content\/uploads\/2022\/04\/TRT8-1-1024x493.jpg\" \/>\n<meta name=\"twitter:card\" content=\"summary_large_image\" \/>\n<meta name=\"twitter:label1\" content=\"Szacowany czas czytania\" \/>\n\t<meta name=\"twitter:data1\" content=\"2 minuty\" \/>\n<script type=\"application\/ld+json\" class=\"yoast-schema-graph\">{\"@context\":\"https:\\\/\\\/schema.org\",\"@graph\":[{\"@type\":\"WebPage\",\"@id\":\"https:\\\/\\\/www.tosunlux.eu\\\/tr\\\/products\\\/multifunction-time-relay-trt8\\\/\",\"url\":\"https:\\\/\\\/www.tosunlux.eu\\\/tr\\\/products\\\/multifunction-time-relay-trt8\\\/\",\"name\":\"WholesaleMultifunction Time Relay TRT8 - TOSUNlux Official Site - Electrical Circuit Breaker Manufacturer in China Low Voltage Electrical Supplier | TOSUNlux\",\"isPartOf\":{\"@id\":\"https:\\\/\\\/www.tosunlux.eu\\\/ru\\\/#website\"},\"primaryImageOfPage\":{\"@id\":\"https:\\\/\\\/www.tosunlux.eu\\\/tr\\\/products\\\/multifunction-time-relay-trt8\\\/#primaryimage\"},\"image\":{\"@id\":\"https:\\\/\\\/www.tosunlux.eu\\\/tr\\\/products\\\/multifunction-time-relay-trt8\\\/#primaryimage\"},\"thumbnailUrl\":\"https:\\\/\\\/www.tosunlux.eu\\\/wp-content\\\/uploads\\\/2022\\\/04\\\/TRT8-1-1024x493.jpg\",\"datePublished\":\"2022-04-14T07:19:47+00:00\",\"dateModified\":\"2024-07-23T01:06:45+00:00\",\"description\":\"Multifunction Time Relay TRT8 Supplier - Wholesale direct from TOSUNlux, a trusted manufacturer since 1994. Get your B2B factory quote on our certified Low Voltage electrical products.\",\"breadcrumb\":{\"@id\":\"https:\\\/\\\/www.tosunlux.eu\\\/tr\\\/products\\\/multifunction-time-relay-trt8\\\/#breadcrumb\"},\"inLanguage\":\"pl-PL\",\"potentialAction\":[{\"@type\":\"ReadAction\",\"target\":[\"https:\\\/\\\/www.tosunlux.eu\\\/tr\\\/products\\\/multifunction-time-relay-trt8\\\/\"]}]},{\"@type\":\"ImageObject\",\"inLanguage\":\"pl-PL\",\"@id\":\"https:\\\/\\\/www.tosunlux.eu\\\/tr\\\/products\\\/multifunction-time-relay-trt8\\\/#primaryimage\",\"url\":\"https:\\\/\\\/www.tosunlux.eu\\\/wp-content\\\/uploads\\\/2022\\\/04\\\/TRT8-1-1024x493.jpg\",\"contentUrl\":\"https:\\\/\\\/www.tosunlux.eu\\\/wp-content\\\/uploads\\\/2022\\\/04\\\/TRT8-1-1024x493.jpg\"},{\"@type\":\"BreadcrumbList\",\"@id\":\"https:\\\/\\\/www.tosunlux.eu\\\/tr\\\/products\\\/multifunction-time-relay-trt8\\\/#breadcrumb\",\"itemListElement\":[{\"@type\":\"ListItem\",\"position\":1,\"name\":\"Home\",\"item\":\"https:\\\/\\\/www.tosunlux.eu\\\/ru\\\/\"},{\"@type\":\"ListItem\",\"position\":2,\"name\":\"Products\",\"item\":\"https:\\\/\\\/www.tosunlux.eu\\\/products\\\/\"},{\"@type\":\"ListItem\",\"position\":3,\"name\":\"Multifunction Time Relay TRT8\"}]},{\"@type\":\"WebSite\",\"@id\":\"https:\\\/\\\/www.tosunlux.eu\\\/ru\\\/#website\",\"url\":\"https:\\\/\\\/www.tosunlux.eu\\\/ru\\\/\",\"name\":\"TOSUNlux Official Site - Electrical Circuit Breaker Manufacturer in China\",\"description\":\"Power Distribution System Supplier\",\"publisher\":{\"@id\":\"https:\\\/\\\/www.tosunlux.eu\\\/ru\\\/#organization\"},\"alternateName\":\"TOSUNlux\",\"potentialAction\":[{\"@type\":\"SearchAction\",\"target\":{\"@type\":\"EntryPoint\",\"urlTemplate\":\"https:\\\/\\\/www.tosunlux.eu\\\/ru\\\/?s={search_term_string}\"},\"query-input\":{\"@type\":\"PropertyValueSpecification\",\"valueRequired\":true,\"valueName\":\"search_term_string\"}}],\"inLanguage\":\"pl-PL\"},{\"@type\":\"Organization\",\"@id\":\"https:\\\/\\\/www.tosunlux.eu\\\/ru\\\/#organization\",\"name\":\"TOSUNlux\",\"url\":\"https:\\\/\\\/www.tosunlux.eu\\\/ru\\\/\",\"logo\":{\"@type\":\"ImageObject\",\"inLanguage\":\"pl-PL\",\"@id\":\"https:\\\/\\\/www.tosunlux.eu\\\/ru\\\/#\\\/schema\\\/logo\\\/image\\\/\",\"url\":\"https:\\\/\\\/www.tosunlux.eu\\\/wp-content\\\/uploads\\\/2022\\\/01\\\/LOGOSYSM.71762f1.png\",\"contentUrl\":\"https:\\\/\\\/www.tosunlux.eu\\\/wp-content\\\/uploads\\\/2022\\\/01\\\/LOGOSYSM.71762f1.png\",\"width\":153,\"height\":55,\"caption\":\"TOSUNlux\"},\"image\":{\"@id\":\"https:\\\/\\\/www.tosunlux.eu\\\/ru\\\/#\\\/schema\\\/logo\\\/image\\\/\"},\"sameAs\":[\"https:\\\/\\\/www.facebook.com\\\/TOSUNelectric\\\/\",\"https:\\\/\\\/www.linkedin.com\\\/company\\\/wenzhou-tosun-electric-co.-ltd\\\/\"]}]}<\/script>\n<!-- \/ Yoast SEO plugin. -->","yoast_head_json":{"title":"WholesaleMultifunction Time Relay TRT8 - TOSUNlux Official Site - Electrical Circuit Breaker Manufacturer in China Low Voltage Electrical Supplier | TOSUNlux","description":"Multifunction Time Relay TRT8 Supplier - Wholesale direct from TOSUNlux, a trusted manufacturer since 1994. Get your B2B factory quote on our certified Low Voltage electrical products.","robots":{"index":"index","follow":"follow","max-snippet":"max-snippet:-1","max-image-preview":"max-image-preview:large","max-video-preview":"max-video-preview:-1"},"canonical":"https:\/\/www.tosunlux.eu\/pl\/products\/multifunction-time-relay-trt8\/","og_locale":"pl_PL","og_type":"article","og_title":"WholesaleMultifunction Time Relay TRT8 - TOSUNlux Official Site - Electrical Circuit Breaker Manufacturer in China Low Voltage Electrical Supplier | TOSUNlux","og_description":"Multifunction Time Relay TRT8 Supplier - Wholesale direct from TOSUNlux, a trusted manufacturer since 1994. Get your B2B factory quote on our certified Low Voltage electrical products.","og_url":"https:\/\/www.tosunlux.eu\/pl\/products\/multifunction-time-relay-trt8\/","og_site_name":"TOSUNlux Official Site - Electrical Circuit Breaker Manufacturer in China","article_publisher":"https:\/\/www.facebook.com\/TOSUNelectric\/","article_modified_time":"2024-07-23T01:06:45+00:00","og_image":[{"url":"https:\/\/www.tosunlux.eu\/wp-content\/uploads\/2022\/04\/TRT8-1-1024x493.jpg","type":"","width":"","height":""}],"twitter_card":"summary_large_image","twitter_misc":{"Szacowany czas czytania":"2 minuty"},"schema":{"@context":"https:\/\/schema.org","@graph":[{"@type":"WebPage","@id":"https:\/\/www.tosunlux.eu\/tr\/products\/multifunction-time-relay-trt8\/","url":"https:\/\/www.tosunlux.eu\/tr\/products\/multifunction-time-relay-trt8\/","name":"WholesaleMultifunction Time Relay TRT8 - TOSUNlux Official Site - Electrical Circuit Breaker Manufacturer in China Low Voltage Electrical Supplier | TOSUNlux","isPartOf":{"@id":"https:\/\/www.tosunlux.eu\/ru\/#website"},"primaryImageOfPage":{"@id":"https:\/\/www.tosunlux.eu\/tr\/products\/multifunction-time-relay-trt8\/#primaryimage"},"image":{"@id":"https:\/\/www.tosunlux.eu\/tr\/products\/multifunction-time-relay-trt8\/#primaryimage"},"thumbnailUrl":"https:\/\/www.tosunlux.eu\/wp-content\/uploads\/2022\/04\/TRT8-1-1024x493.jpg","datePublished":"2022-04-14T07:19:47+00:00","dateModified":"2024-07-23T01:06:45+00:00","description":"Multifunction Time Relay TRT8 Supplier - Wholesale direct from TOSUNlux, a trusted manufacturer since 1994. Get your B2B factory quote on our certified Low Voltage electrical products.","breadcrumb":{"@id":"https:\/\/www.tosunlux.eu\/tr\/products\/multifunction-time-relay-trt8\/#breadcrumb"},"inLanguage":"pl-PL","potentialAction":[{"@type":"ReadAction","target":["https:\/\/www.tosunlux.eu\/tr\/products\/multifunction-time-relay-trt8\/"]}]},{"@type":"ImageObject","inLanguage":"pl-PL","@id":"https:\/\/www.tosunlux.eu\/tr\/products\/multifunction-time-relay-trt8\/#primaryimage","url":"https:\/\/www.tosunlux.eu\/wp-content\/uploads\/2022\/04\/TRT8-1-1024x493.jpg","contentUrl":"https:\/\/www.tosunlux.eu\/wp-content\/uploads\/2022\/04\/TRT8-1-1024x493.jpg"},{"@type":"BreadcrumbList","@id":"https:\/\/www.tosunlux.eu\/tr\/products\/multifunction-time-relay-trt8\/#breadcrumb","itemListElement":[{"@type":"ListItem","position":1,"name":"Home","item":"https:\/\/www.tosunlux.eu\/ru\/"},{"@type":"ListItem","position":2,"name":"Products","item":"https:\/\/www.tosunlux.eu\/products\/"},{"@type":"ListItem","position":3,"name":"Multifunction Time Relay TRT8"}]},{"@type":"WebSite","@id":"https:\/\/www.tosunlux.eu\/ru\/#website","url":"https:\/\/www.tosunlux.eu\/ru\/","name":"Oficjalna strona TOSUNlux - Producent wy\u0142\u0105cznik\u00f3w elektrycznych w Chinach","description":"Dostawca system\u00f3w dystrybucji energii","publisher":{"@id":"https:\/\/www.tosunlux.eu\/ru\/#organization"},"alternateName":"TOSUNlux","potentialAction":[{"@type":"SearchAction","target":{"@type":"EntryPoint","urlTemplate":"https:\/\/www.tosunlux.eu\/ru\/?s={search_term_string}"},"query-input":{"@type":"PropertyValueSpecification","valueRequired":true,"valueName":"search_term_string"}}],"inLanguage":"pl-PL"},{"@type":"Organization","@id":"https:\/\/www.tosunlux.eu\/ru\/#organization","name":"TOSUNlux","url":"https:\/\/www.tosunlux.eu\/ru\/","logo":{"@type":"ImageObject","inLanguage":"pl-PL","@id":"https:\/\/www.tosunlux.eu\/ru\/#\/schema\/logo\/image\/","url":"https:\/\/www.tosunlux.eu\/wp-content\/uploads\/2022\/01\/LOGOSYSM.71762f1.png","contentUrl":"https:\/\/www.tosunlux.eu\/wp-content\/uploads\/2022\/01\/LOGOSYSM.71762f1.png","width":153,"height":55,"caption":"TOSUNlux"},"image":{"@id":"https:\/\/www.tosunlux.eu\/ru\/#\/schema\/logo\/image\/"},"sameAs":["https:\/\/www.facebook.com\/TOSUNelectric\/","https:\/\/www.linkedin.com\/company\/wenzhou-tosun-electric-co.-ltd\/"]}]}},"_links":{"self":[{"href":"https:\/\/www.tosunlux.eu\/pl\/wp-json\/wp\/v2\/product\/1113","targetHints":{"allow":["GET"]}}],"collection":[{"href":"https:\/\/www.tosunlux.eu\/pl\/wp-json\/wp\/v2\/product"}],"about":[{"href":"https:\/\/www.tosunlux.eu\/pl\/wp-json\/wp\/v2\/types\/product"}],"version-history":[{"count":32,"href":"https:\/\/www.tosunlux.eu\/pl\/wp-json\/wp\/v2\/product\/1113\/revisions"}],"predecessor-version":[{"id":13038,"href":"https:\/\/www.tosunlux.eu\/pl\/wp-json\/wp\/v2\/product\/1113\/revisions\/13038"}],"wp:attachment":[{"href":"https:\/\/www.tosunlux.eu\/pl\/wp-json\/wp\/v2\/media?parent=1113"}],"wp:term":[{"taxonomy":"product_category","embeddable":true,"href":"https:\/\/www.tosunlux.eu\/pl\/wp-json\/wp\/v2\/product_category?post=1113"}],"curies":[{"name":"wp","href":"https:\/\/api.w.org\/{rel}","templated":true}]}}